{"id":487704,"date":"2022-06-15T02:00:00","date_gmt":"2021-09-21T00:00:00","guid":{"rendered":"https:\/\/b2b.calibereurope.com\/product\/mhd107-fr_fr\/"},"modified":"2022-07-11T09:40:50","modified_gmt":"2022-07-11T07:40:50","slug":"mhd107-fr_fr","status":"publish","type":"product","link":"https:\/\/b2b.calibereurope.com\/fr\/produit\/mhd107-fr_fr\/","title":{"rendered":"Lecteur DVD portable 7 pouces &#8211; Noir (MHD107)"},"content":{"rendered":"<p>Caract\u00e9ristiques : &#8211; \u00c9cran TFT LED de 7 pouces (16:9) avec lecteur DVD int\u00e9gr\u00e9 &#8211; R\u00e9solution : 800 (L) x 480 (H)- Lecture USB et SD (jusqu&rsquo;\u00e0 16 Go) &#8211; DVD, VCD, CD, MP3, MPEG4 et lecture JPEG couleur : PAL \/ NTSC- Emetteur IR int\u00e9gr\u00e9 (pour casque sans fil)- Haut-parleurs int\u00e9gr\u00e9s- Prise casque jack 3,5 mm- Sortie AV- T\u00e9l\u00e9commande AV et contr\u00f4leur de jeux (y compris CD avec 300 jeux)- Couleur : noir- 12V DC IN- Inclus : Support d&rsquo;appui-t\u00eate avec jeu de c\u00e2blage pour connecteur int\u00e9gr\u00e9 et jeu de c\u00e2blage pour connectivit\u00e9 externe (prise allume-cigare 12V)<\/p>\n","protected":false},"excerpt":{"rendered":"<p>Caract\u00e9ristiques : &#8211; \u00c9cran TFT LED de 7 pouces (16:9) avec lecteur DVD int\u00e9gr\u00e9 &#8211; R\u00e9solution : 800 (L) x 480 (H)- Lecture USB et SD (jusqu&rsquo;\u00e0 16 Go) &#8211; DVD, VCD, CD, MP3, MPEG4 et lecture JPEG couleur : PAL \/ NTSC- Emetteur IR int\u00e9gr\u00e9 (pour casque sans fil)- Haut-parleurs int\u00e9gr\u00e9s- Prise casque jack [&hellip;]<\/p>\n","protected":false},"featured_media":689180,"template":"","meta":{"_acf_changed":false,"site-sidebar-layout":"default","site-content-layout":"","ast-site-content-layout":"default","site-content-style":"default","site-sidebar-style":"default","ast-global-header-display":"","ast-banner-title-visibility":"","ast-main-header-display":"","ast-hfb-above-header-display":"","ast-hfb-below-header-display":"","ast-hfb-mobile-header-display":"","site-post-title":"","ast-breadcrumbs-content":"","ast-featured-img":"","footer-sml-layout":"","theme-transparent-header-meta":"","adv-header-id-meta":"","stick-header-meta":"","header-above-stick-meta":"","header-main-stick-meta":"","header-below-stick-meta":"","astra-migrate-meta-layouts":"default","ast-page-background-enabled":"default","ast-page-background-meta":{"desktop":{"background-color":"","background-image":"","background-repeat":"repeat","background-position":"center center","background-size":"auto","background-attachment":"scroll","background-type":"","background-media":"","overlay-type":"","overlay-color":"","overlay-opacity":"","overlay-gradient":""},"tablet":{"background-color":"","background-image":"","background-repeat":"repeat","background-position":"center center","background-size":"auto","background-attachment":"scroll","background-type":"","background-media":"","overlay-type":"","overlay-color":"","overlay-opacity":"","overlay-gradient":""},"mobile":{"background-color":"","background-image":"","background-repeat":"repeat","background-position":"center center","background-size":"auto","background-attachment":"scroll","background-type":"","background-media":"","overlay-type":"","overlay-color":"","overlay-opacity":"","overlay-gradient":""}},"ast-content-background-meta":{"desktop":{"background-color":"var(--ast-global-color-5)","background-image":"","background-repeat":"repeat","background-position":"center center","background-size":"auto","background-attachment":"scroll","background-type":"","background-media":"","overlay-type":"","overlay-color":"","overlay-opacity":"","overlay-gradient":""},"tablet":{"background-color":"var(--ast-global-color-5)","background-image":"","background-repeat":"repeat","background-position":"center center","background-size":"auto","background-attachment":"scroll","background-type":"","background-media":"","overlay-type":"","overlay-color":"","overlay-opacity":"","overlay-gradient":""},"mobile":{"background-color":"var(--ast-global-color-5)","background-image":"","background-repeat":"repeat","background-position":"center center","background-size":"auto","background-attachment":"scroll","background-type":"","background-media":"","overlay-type":"","overlay-color":"","overlay-opacity":"","overlay-gradient":""}}},"product_brand":[],"product_cat":[12186,12182],"product_tag":[],"class_list":{"0":"post-487704","1":"product","2":"type-product","3":"status-publish","4":"has-post-thumbnail","6":"product_cat-dvd_en_dvb_t_fr_fr","7":"product_cat-beeld_fr_fr","8":"desktop-align-center","9":"tablet-align-center","10":"mobile-align-center","11":"ast-product-gallery-layout-horizontal","12":"ast-product-tabs-layout-horizontal","14":"first","15":"outofstock","16":"taxable","17":"shipping-taxable","18":"purchasable","19":"product-type-simple"},"acf":[],"yoast_head":"<!-- This site is optimized with the Yoast SEO plugin v26.5 - https:\/\/yoast.com\/wordpress\/plugins\/seo\/ -->\n<title>Lecteur DVD portable 7 pouces - Noir (MHD107) - Caliber Europe B.V.<\/title>\n<meta name=\"robots\" content=\"noindex, follow, max-snippet:-1, max-image-preview:large, max-video-preview:-1\" \/>\n<meta property=\"og:locale\" content=\"fr_FR\" \/>\n<meta property=\"og:type\" content=\"article\" \/>\n<meta property=\"og:title\" content=\"Lecteur DVD portable 7 pouces - Noir (MHD107) - Caliber Europe B.V.\" \/>\n<meta property=\"og:description\" content=\"Caract\u00e9ristiques : &#8211; \u00c9cran TFT LED de 7 pouces (16:9) avec lecteur DVD int\u00e9gr\u00e9 &#8211; R\u00e9solution : 800 (L) x 480 (H)- Lecture USB et SD (jusqu&rsquo;\u00e0 16 Go) &#8211; DVD, VCD, CD, MP3, MPEG4 et lecture JPEG couleur : PAL \/ NTSC- Emetteur IR int\u00e9gr\u00e9 (pour casque sans fil)- Haut-parleurs int\u00e9gr\u00e9s- Prise casque jack [&hellip;]\" \/>\n<meta property=\"og:url\" content=\"https:\/\/b2b.calibereurope.com\/fr\/produit\/mhd107-fr_fr\/\" \/>\n<meta property=\"og:site_name\" content=\"Caliber Europe B.V.\" \/>\n<meta property=\"article:modified_time\" content=\"2022-07-11T07:40:50+00:00\" \/>\n<meta property=\"og:image\" content=\"https:\/\/b2b.calibereurope.com\/wp-content\/uploads\/2021\/09\/f90bdc63a24e3f5880dd0c6838678d1a28edacf8_MHD107_front.jpg\" \/>\n\t<meta property=\"og:image:width\" content=\"768\" \/>\n\t<meta property=\"og:image:height\" content=\"512\" \/>\n\t<meta property=\"og:image:type\" content=\"image\/jpeg\" \/>\n<meta name=\"twitter:card\" content=\"summary_large_image\" \/>\n<meta name=\"twitter:label1\" content=\"Dur\u00e9e de lecture estim\u00e9e\" \/>\n\t<meta name=\"twitter:data1\" content=\"1 minute\" \/>\n<script type=\"application\/ld+json\" class=\"yoast-schema-graph\">{\"@context\":\"https:\/\/schema.org\",\"@graph\":[{\"@type\":\"WebPage\",\"@id\":\"https:\/\/b2b.calibereurope.com\/fr\/produit\/mhd107-fr_fr\/\",\"url\":\"https:\/\/b2b.calibereurope.com\/fr\/produit\/mhd107-fr_fr\/\",\"name\":\"Lecteur DVD portable 7 pouces - Noir (MHD107) - Caliber Europe B.V.\",\"isPartOf\":{\"@id\":\"https:\/\/b2b.calibereurope.com\/#website\"},\"primaryImageOfPage\":{\"@id\":\"https:\/\/b2b.calibereurope.com\/fr\/produit\/mhd107-fr_fr\/#primaryimage\"},\"image\":{\"@id\":\"https:\/\/b2b.calibereurope.com\/fr\/produit\/mhd107-fr_fr\/#primaryimage\"},\"thumbnailUrl\":\"https:\/\/b2b.calibereurope.com\/wp-content\/uploads\/2022\/06\/f90bdc63a24e3f5880dd0c6838678d1a28edacf8_MHD107_front.jpg\",\"datePublished\":\"2021-09-21T00:00:00+00:00\",\"dateModified\":\"2022-07-11T07:40:50+00:00\",\"breadcrumb\":{\"@id\":\"https:\/\/b2b.calibereurope.com\/fr\/produit\/mhd107-fr_fr\/#breadcrumb\"},\"inLanguage\":\"fr-FR\",\"potentialAction\":[{\"@type\":\"ReadAction\",\"target\":[\"https:\/\/b2b.calibereurope.com\/fr\/produit\/mhd107-fr_fr\/\"]}]},{\"@type\":\"ImageObject\",\"inLanguage\":\"fr-FR\",\"@id\":\"https:\/\/b2b.calibereurope.com\/fr\/produit\/mhd107-fr_fr\/#primaryimage\",\"url\":\"https:\/\/b2b.calibereurope.com\/wp-content\/uploads\/2022\/06\/f90bdc63a24e3f5880dd0c6838678d1a28edacf8_MHD107_front.jpg\",\"contentUrl\":\"https:\/\/b2b.calibereurope.com\/wp-content\/uploads\/2022\/06\/f90bdc63a24e3f5880dd0c6838678d1a28edacf8_MHD107_front.jpg\",\"width\":768,\"height\":512},{\"@type\":\"BreadcrumbList\",\"@id\":\"https:\/\/b2b.calibereurope.com\/fr\/produit\/mhd107-fr_fr\/#breadcrumb\",\"itemListElement\":[{\"@type\":\"ListItem\",\"position\":1,\"name\":\"Home\",\"item\":\"https:\/\/b2b.calibereurope.com\/fr\/home\/\"},{\"@type\":\"ListItem\",\"position\":2,\"name\":\"Boutique\",\"item\":\"https:\/\/b2b.calibereurope.com\/fr\/boutique\/\"},{\"@type\":\"ListItem\",\"position\":3,\"name\":\"Lecteur DVD portable 7 pouces &#8211; Noir (MHD107)\"}]},{\"@type\":\"WebSite\",\"@id\":\"https:\/\/b2b.calibereurope.com\/#website\",\"url\":\"https:\/\/b2b.calibereurope.com\/\",\"name\":\"Caliber Europe B.V.\",\"description\":\"B2B Webshop\",\"publisher\":{\"@id\":\"https:\/\/b2b.calibereurope.com\/#organization\"},\"potentialAction\":[{\"@type\":\"SearchAction\",\"target\":{\"@type\":\"EntryPoint\",\"urlTemplate\":\"https:\/\/b2b.calibereurope.com\/?s={search_term_string}\"},\"query-input\":{\"@type\":\"PropertyValueSpecification\",\"valueRequired\":true,\"valueName\":\"search_term_string\"}}],\"inLanguage\":\"fr-FR\"},{\"@type\":\"Organization\",\"@id\":\"https:\/\/b2b.calibereurope.com\/#organization\",\"name\":\"Caliber Europe B.V.\",\"url\":\"https:\/\/b2b.calibereurope.com\/\",\"logo\":{\"@type\":\"ImageObject\",\"inLanguage\":\"fr-FR\",\"@id\":\"https:\/\/b2b.calibereurope.com\/#\/schema\/logo\/image\/\",\"url\":\"https:\/\/b2b.calibereurope.com\/wp-content\/uploads\/2020\/12\/Caliber_Logo-Black.png\",\"contentUrl\":\"https:\/\/b2b.calibereurope.com\/wp-content\/uploads\/2020\/12\/Caliber_Logo-Black.png\",\"width\":3157,\"height\":356,\"caption\":\"Caliber Europe B.V.\"},\"image\":{\"@id\":\"https:\/\/b2b.calibereurope.com\/#\/schema\/logo\/image\/\"}}]}<\/script>\n<!-- \/ Yoast SEO plugin. -->","yoast_head_json":{"title":"Lecteur DVD portable 7 pouces - Noir (MHD107) - Caliber Europe B.V.","robots":{"index":"noindex","follow":"follow","max-snippet":"max-snippet:-1","max-image-preview":"max-image-preview:large","max-video-preview":"max-video-preview:-1"},"og_locale":"fr_FR","og_type":"article","og_title":"Lecteur DVD portable 7 pouces - Noir (MHD107) - Caliber Europe B.V.","og_description":"Caract\u00e9ristiques : &#8211; \u00c9cran TFT LED de 7 pouces (16:9) avec lecteur DVD int\u00e9gr\u00e9 &#8211; R\u00e9solution : 800 (L) x 480 (H)- Lecture USB et SD (jusqu&rsquo;\u00e0 16 Go) &#8211; DVD, VCD, CD, MP3, MPEG4 et lecture JPEG couleur : PAL \/ NTSC- Emetteur IR int\u00e9gr\u00e9 (pour casque sans fil)- Haut-parleurs int\u00e9gr\u00e9s- Prise casque jack [&hellip;]","og_url":"https:\/\/b2b.calibereurope.com\/fr\/produit\/mhd107-fr_fr\/","og_site_name":"Caliber Europe B.V.","article_modified_time":"2022-07-11T07:40:50+00:00","og_image":[{"width":768,"height":512,"url":"https:\/\/b2b.calibereurope.com\/wp-content\/uploads\/2021\/09\/f90bdc63a24e3f5880dd0c6838678d1a28edacf8_MHD107_front.jpg","type":"image\/jpeg"}],"twitter_card":"summary_large_image","twitter_misc":{"Dur\u00e9e de lecture estim\u00e9e":"1 minute"},"schema":{"@context":"https:\/\/schema.org","@graph":[{"@type":"WebPage","@id":"https:\/\/b2b.calibereurope.com\/fr\/produit\/mhd107-fr_fr\/","url":"https:\/\/b2b.calibereurope.com\/fr\/produit\/mhd107-fr_fr\/","name":"Lecteur DVD portable 7 pouces - Noir (MHD107) - Caliber Europe B.V.","isPartOf":{"@id":"https:\/\/b2b.calibereurope.com\/#website"},"primaryImageOfPage":{"@id":"https:\/\/b2b.calibereurope.com\/fr\/produit\/mhd107-fr_fr\/#primaryimage"},"image":{"@id":"https:\/\/b2b.calibereurope.com\/fr\/produit\/mhd107-fr_fr\/#primaryimage"},"thumbnailUrl":"https:\/\/b2b.calibereurope.com\/wp-content\/uploads\/2022\/06\/f90bdc63a24e3f5880dd0c6838678d1a28edacf8_MHD107_front.jpg","datePublished":"2021-09-21T00:00:00+00:00","dateModified":"2022-07-11T07:40:50+00:00","breadcrumb":{"@id":"https:\/\/b2b.calibereurope.com\/fr\/produit\/mhd107-fr_fr\/#breadcrumb"},"inLanguage":"fr-FR","potentialAction":[{"@type":"ReadAction","target":["https:\/\/b2b.calibereurope.com\/fr\/produit\/mhd107-fr_fr\/"]}]},{"@type":"ImageObject","inLanguage":"fr-FR","@id":"https:\/\/b2b.calibereurope.com\/fr\/produit\/mhd107-fr_fr\/#primaryimage","url":"https:\/\/b2b.calibereurope.com\/wp-content\/uploads\/2022\/06\/f90bdc63a24e3f5880dd0c6838678d1a28edacf8_MHD107_front.jpg","contentUrl":"https:\/\/b2b.calibereurope.com\/wp-content\/uploads\/2022\/06\/f90bdc63a24e3f5880dd0c6838678d1a28edacf8_MHD107_front.jpg","width":768,"height":512},{"@type":"BreadcrumbList","@id":"https:\/\/b2b.calibereurope.com\/fr\/produit\/mhd107-fr_fr\/#breadcrumb","itemListElement":[{"@type":"ListItem","position":1,"name":"Home","item":"https:\/\/b2b.calibereurope.com\/fr\/home\/"},{"@type":"ListItem","position":2,"name":"Boutique","item":"https:\/\/b2b.calibereurope.com\/fr\/boutique\/"},{"@type":"ListItem","position":3,"name":"Lecteur DVD portable 7 pouces &#8211; Noir (MHD107)"}]},{"@type":"WebSite","@id":"https:\/\/b2b.calibereurope.com\/#website","url":"https:\/\/b2b.calibereurope.com\/","name":"Caliber Europe B.V.","description":"B2B Webshop","publisher":{"@id":"https:\/\/b2b.calibereurope.com\/#organization"},"potentialAction":[{"@type":"SearchAction","target":{"@type":"EntryPoint","urlTemplate":"https:\/\/b2b.calibereurope.com\/?s={search_term_string}"},"query-input":{"@type":"PropertyValueSpecification","valueRequired":true,"valueName":"search_term_string"}}],"inLanguage":"fr-FR"},{"@type":"Organization","@id":"https:\/\/b2b.calibereurope.com\/#organization","name":"Caliber Europe B.V.","url":"https:\/\/b2b.calibereurope.com\/","logo":{"@type":"ImageObject","inLanguage":"fr-FR","@id":"https:\/\/b2b.calibereurope.com\/#\/schema\/logo\/image\/","url":"https:\/\/b2b.calibereurope.com\/wp-content\/uploads\/2020\/12\/Caliber_Logo-Black.png","contentUrl":"https:\/\/b2b.calibereurope.com\/wp-content\/uploads\/2020\/12\/Caliber_Logo-Black.png","width":3157,"height":356,"caption":"Caliber Europe B.V."},"image":{"@id":"https:\/\/b2b.calibereurope.com\/#\/schema\/logo\/image\/"}}]}},"_links":{"self":[{"href":"https:\/\/b2b.calibereurope.com\/fr\/wp-json\/wp\/v2\/product\/487704","targetHints":{"allow":["GET"]}}],"collection":[{"href":"https:\/\/b2b.calibereurope.com\/fr\/wp-json\/wp\/v2\/product"}],"about":[{"href":"https:\/\/b2b.calibereurope.com\/fr\/wp-json\/wp\/v2\/types\/product"}],"version-history":[{"count":0,"href":"https:\/\/b2b.calibereurope.com\/fr\/wp-json\/wp\/v2\/product\/487704\/revisions"}],"wp:featuredmedia":[{"embeddable":true,"href":"https:\/\/b2b.calibereurope.com\/fr\/wp-json\/wp\/v2\/media\/689180"}],"wp:attachment":[{"href":"https:\/\/b2b.calibereurope.com\/fr\/wp-json\/wp\/v2\/media?parent=487704"}],"wp:term":[{"taxonomy":"product_brand","embeddable":true,"href":"https:\/\/b2b.calibereurope.com\/fr\/wp-json\/wp\/v2\/product_brand?post=487704"},{"taxonomy":"product_cat","embeddable":true,"href":"https:\/\/b2b.calibereurope.com\/fr\/wp-json\/wp\/v2\/product_cat?post=487704"},{"taxonomy":"product_tag","embeddable":true,"href":"https:\/\/b2b.calibereurope.com\/fr\/wp-json\/wp\/v2\/product_tag?post=487704"}],"curies":[{"name":"wp","href":"https:\/\/api.w.org\/{rel}","templated":true}]}}