{"id":488348,"date":"2025-01-15T01:00:00","date_gmt":"2025-01-15T00:00:00","guid":{"rendered":""},"modified":"2025-01-15T08:55:48","modified_gmt":"2025-01-15T07:55:48","slug":"HCG011DAB-fr_FR","status":"publish","type":"product","link":"https:\/\/b2b.calibereurope.com\/fr\/produit\/HCG011DAB-fr_FR\/","title":{"rendered":"R\u00e9veil &#8211; Dab Plus et Radio FM &#8211; Double Alarme avec Snooze \u2013 Sur Secteur et Batterie &#8211; Noir (HCG011DAB)"},"content":{"rendered":"<p> Commencez votre journ\u00e9e du bon pied avec le radio-r\u00e9veil HCG011DAB de Caliber ! Ce radio-r\u00e9veil est \u00e9quip\u00e9 d&#39;une <strong> radio FM et d&#39;une radio DAB plus <\/strong>, ce qui vous permet de profiter du meilleur son. Vous pouvez programmer <strong> jusqu&#39;\u00e0 10 stations pr\u00e9r\u00e9gl\u00e9es,<\/strong> fonction de double alarme.  Gr\u00e2ce \u00e0 la <strong> fonction \u00ab\u00a0snooze\u00a0\u00bb<\/strong> vous pouvez toujours vous r\u00e9veiller tranquillement. Le radio-r\u00e9veil peut accueillir <strong> 2 piles AAA de 1,5 V,<\/strong> gr\u00e2ce auxquelles votre alarme se d\u00e9clenchera m\u00eame en cas de panne de courant.<\/p>\n<p><\/p>\n<\/p>\n<p> <strong> Caract\u00e9ristiques :   <\/strong> <\/p>\n<ul>\n<li> Radio-r\u00e9veil DAB+ et FM <\/li>\n<li>10 stations pr\u00e9r\u00e9gl\u00e9es <\/li>\n<li> Fonction Bluetooth <\/li>\n<li> Double alarme <\/li>\n<li> Fonction Snooze <\/li>\n<li> Affichage LED bleu r\u00e9glable en 4 modes <\/li>\n<li> Fonctionne sur secteur 230V <\/li>\n<li> Alimentation de secours en cas de panne de courant par piles AAA <\/li>\n<\/ul>\n<h3> Ce r\u00e9veil vous permet de vous r\u00e9veiller comme vous le souhaitez <\/h3>\n<p> Ce radio-r\u00e9veil peut \u00eatre enti\u00e8rement configur\u00e9 \u00e0 votre convenance. Vous pouvez choisir parmi diff\u00e9rents param\u00e8tres sonores et r\u00e9gler la luminosit\u00e9 de l&#39;\u00e9cran LED comme vous le souhaitez. Comme ce radio-r\u00e9veil est \u00e9quip\u00e9 de la radio dab plus, vous avez la garantie d&#39;un meilleur son que les radios-r\u00e9veils qui ne disposent que d&#39;une radio FM. Choisissez l&#39;une de vos 10 stations pr\u00e9f\u00e9r\u00e9es ou diffusez la musique de votre t\u00e9l\u00e9phone via Bluetooth. <\/p>\n<h3> Ce r\u00e9veil privil\u00e9gie la commodit\u00e9 <\/h3>\n<p> Vous dormez avec un partenaire ? Alors avec ce radio-r\u00e9veil avec DAB plus, vous pouvez d\u00e9sormais utiliser tous les deux le m\u00eame r\u00e9veil gr\u00e2ce \u00e0 la fonction double alarme. Le son est juste assez fort pour vous r\u00e9veiller, mais pas trop fort afin d\u2019\u00e9viter que tout le monde dans la maison soit r\u00e9veill\u00e9. S&#39;endormir en musique est \u00e9galement possible, car vous pouvez facilement programmer un minuteur. Apr\u00e8s l&#39;heure programm\u00e9e, le radio-r\u00e9veil coupe le son. <\/p>\n<h3> Ce r\u00e9veil vous r\u00e9veille toujours \u00e0 l&#39;heure <\/h3>\n<p> Comme le radio-r\u00e9veil fonctionne sur le secteur et avec 2 piles AAA de 1,5 V, vous vous r\u00e9veillerez toujours \u00e0 l&#39;heure, m\u00eame en cas de coupure de courant \u00e0 la maison, par exemple. Voulez-vous faire la grasse matin\u00e9e ? Appuyez alors sur le bouton \u00ab\u00a0snooze\u00a0\u00bb et vous serez \u00e0 nouveau r\u00e9veill\u00e9 quelques minutes plus tard. <\/p>\n","protected":false},"excerpt":{"rendered":"<ul>\n<li>Radio-r\u00e9veil DAB+ et FM<\/li>\n<li>10 stations pr\u00e9r\u00e9gl\u00e9es<\/li>\n<li>Fonction Bluetooth<\/li>\n<li>Double alarme<\/li>\n<li>Fonction Snooze<\/li>\n<li>Affichage LED bleu r\u00e9glable en 4 modes<\/li>\n<li>Fonctionne sur secteur 230V<\/li>\n<li>Alimentation de secours en cas de panne de courant par piles AAA<\/li>\n<\/ul>\n","protected":false},"featured_media":855137,"template":"","meta":{"_acf_changed":false,"site-sidebar-layout":"default","site-content-layout":"","ast-site-content-layout":"default","site-content-style":"default","site-sidebar-style":"default","ast-global-header-display":"","ast-banner-title-visibility":"","ast-main-header-display":"","ast-hfb-above-header-display":"","ast-hfb-below-header-display":"","ast-hfb-mobile-header-display":"","site-post-title":"","ast-breadcrumbs-content":"","ast-featured-img":"","footer-sml-layout":"","theme-transparent-header-meta":"","adv-header-id-meta":"","stick-header-meta":"","header-above-stick-meta":"","header-main-stick-meta":"","header-below-stick-meta":"","astra-migrate-meta-layouts":"default","ast-page-background-enabled":"default","ast-page-background-meta":{"desktop":{"background-color":"","background-image":"","background-repeat":"repeat","background-position":"center center","background-size":"auto","background-attachment":"scroll","background-type":"","background-media":"","overlay-type":"","overlay-color":"","overlay-opacity":"","overlay-gradient":""},"tablet":{"background-color":"","background-image":"","background-repeat":"repeat","background-position":"center center","background-size":"auto","background-attachment":"scroll","background-type":"","background-media":"","overlay-type":"","overlay-color":"","overlay-opacity":"","overlay-gradient":""},"mobile":{"background-color":"","background-image":"","background-repeat":"repeat","background-position":"center center","background-size":"auto","background-attachment":"scroll","background-type":"","background-media":"","overlay-type":"","overlay-color":"","overlay-opacity":"","overlay-gradient":""}},"ast-content-background-meta":{"desktop":{"background-color":"var(--ast-global-color-5)","background-image":"","background-repeat":"repeat","background-position":"center center","background-size":"auto","background-attachment":"scroll","background-type":"","background-media":"","overlay-type":"","overlay-color":"","overlay-opacity":"","overlay-gradient":""},"tablet":{"background-color":"var(--ast-global-color-5)","background-image":"","background-repeat":"repeat","background-position":"center center","background-size":"auto","background-attachment":"scroll","background-type":"","background-media":"","overlay-type":"","overlay-color":"","overlay-opacity":"","overlay-gradient":""},"mobile":{"background-color":"var(--ast-global-color-5)","background-image":"","background-repeat":"repeat","background-position":"center center","background-size":"auto","background-attachment":"scroll","background-type":"","background-media":"","overlay-type":"","overlay-color":"","overlay-opacity":"","overlay-gradient":""}}},"product_brand":[],"product_cat":[22955],"product_tag":[],"class_list":{"0":"post-488348","1":"product","2":"type-product","3":"status-publish","4":"has-post-thumbnail","6":"product_cat-pas-de-categorie","7":"desktop-align-center","8":"tablet-align-center","9":"mobile-align-center","10":"ast-product-gallery-layout-horizontal","11":"ast-product-tabs-layout-horizontal","13":"first","14":"instock","15":"taxable","16":"shipping-taxable","17":"purchasable","18":"product-type-simple"},"acf":[],"yoast_head":"<!-- This site is optimized with the Yoast SEO plugin v26.5 - https:\/\/yoast.com\/wordpress\/plugins\/seo\/ -->\n<title>R\u00e9veil - Dab Plus et Radio FM - Double Alarme avec Snooze \u2013 Sur Secteur et Batterie - Noir (HCG011DAB) - Caliber Europe B.V.<\/title>\n<meta name=\"robots\" content=\"noindex, follow, max-snippet:-1, max-image-preview:large, max-video-preview:-1\" \/>\n<meta property=\"og:locale\" content=\"fr_FR\" \/>\n<meta property=\"og:type\" content=\"article\" \/>\n<meta property=\"og:title\" content=\"R\u00e9veil - Dab Plus et Radio FM - Double Alarme avec Snooze \u2013 Sur Secteur et Batterie - Noir (HCG011DAB) - Caliber Europe B.V.\" \/>\n<meta property=\"og:description\" content=\"Radio-r\u00e9veil DAB+ et FM10 stations pr\u00e9r\u00e9gl\u00e9esFonction BluetoothDouble alarmeFonction SnoozeAffichage LED bleu r\u00e9glable en 4 modesFonctionne sur secteur 230VAlimentation de secours en cas de panne de courant par piles AAA\" \/>\n<meta property=\"og:url\" content=\"https:\/\/b2b.calibereurope.com\/fr\/produit\/hcg011dab-fr_fr\/\" \/>\n<meta property=\"og:site_name\" content=\"Caliber Europe B.V.\" \/>\n<meta property=\"article:modified_time\" content=\"2025-01-15T07:55:48+00:00\" \/>\n<meta property=\"og:image\" content=\"https:\/\/b2b.calibereurope.com\/wp-content\/uploads\/2021\/09\/295eb45eed4bd3e4a5bf7d0d21722a0fc02e34b1_HCG011DAB_2.jpg\" \/>\n\t<meta property=\"og:image:width\" content=\"1024\" \/>\n\t<meta property=\"og:image:height\" content=\"768\" \/>\n\t<meta property=\"og:image:type\" content=\"image\/jpeg\" \/>\n<meta name=\"twitter:card\" content=\"summary_large_image\" \/>\n<meta name=\"twitter:label1\" content=\"Dur\u00e9e de lecture estim\u00e9e\" \/>\n\t<meta name=\"twitter:data1\" content=\"2 minutes\" \/>\n<script type=\"application\/ld+json\" class=\"yoast-schema-graph\">{\"@context\":\"https:\/\/schema.org\",\"@graph\":[{\"@type\":\"WebPage\",\"@id\":\"https:\/\/b2b.calibereurope.com\/fr\/produit\/hcg011dab-fr_fr\/\",\"url\":\"https:\/\/b2b.calibereurope.com\/fr\/produit\/hcg011dab-fr_fr\/\",\"name\":\"R\u00e9veil - Dab Plus et Radio FM - Double Alarme avec Snooze \u2013 Sur Secteur et Batterie - Noir (HCG011DAB) - Caliber Europe B.V.\",\"isPartOf\":{\"@id\":\"https:\/\/b2b.calibereurope.com\/#website\"},\"primaryImageOfPage\":{\"@id\":\"https:\/\/b2b.calibereurope.com\/fr\/produit\/hcg011dab-fr_fr\/#primaryimage\"},\"image\":{\"@id\":\"https:\/\/b2b.calibereurope.com\/fr\/produit\/hcg011dab-fr_fr\/#primaryimage\"},\"thumbnailUrl\":\"https:\/\/b2b.calibereurope.com\/wp-content\/uploads\/2025\/01\/295eb45eed4bd3e4a5bf7d0d21722a0fc02e34b1_HCG011DAB_2.jpg\",\"datePublished\":\"2025-01-15T00:00:00+00:00\",\"dateModified\":\"2025-01-15T07:55:48+00:00\",\"breadcrumb\":{\"@id\":\"https:\/\/b2b.calibereurope.com\/fr\/produit\/hcg011dab-fr_fr\/#breadcrumb\"},\"inLanguage\":\"fr-FR\",\"potentialAction\":[{\"@type\":\"ReadAction\",\"target\":[\"https:\/\/b2b.calibereurope.com\/fr\/produit\/hcg011dab-fr_fr\/\"]}]},{\"@type\":\"ImageObject\",\"inLanguage\":\"fr-FR\",\"@id\":\"https:\/\/b2b.calibereurope.com\/fr\/produit\/hcg011dab-fr_fr\/#primaryimage\",\"url\":\"https:\/\/b2b.calibereurope.com\/wp-content\/uploads\/2025\/01\/295eb45eed4bd3e4a5bf7d0d21722a0fc02e34b1_HCG011DAB_2.jpg\",\"contentUrl\":\"https:\/\/b2b.calibereurope.com\/wp-content\/uploads\/2025\/01\/295eb45eed4bd3e4a5bf7d0d21722a0fc02e34b1_HCG011DAB_2.jpg\",\"width\":1024,\"height\":768},{\"@type\":\"BreadcrumbList\",\"@id\":\"https:\/\/b2b.calibereurope.com\/fr\/produit\/hcg011dab-fr_fr\/#breadcrumb\",\"itemListElement\":[{\"@type\":\"ListItem\",\"position\":1,\"name\":\"Home\",\"item\":\"https:\/\/b2b.calibereurope.com\/fr\/home\/\"},{\"@type\":\"ListItem\",\"position\":2,\"name\":\"Boutique\",\"item\":\"https:\/\/b2b.calibereurope.com\/fr\/boutique\/\"},{\"@type\":\"ListItem\",\"position\":3,\"name\":\"Radio-r\u00e9veil avec radio FM et DAB+ &#8211; Noir (HCG011DAB)\"}]},{\"@type\":\"WebSite\",\"@id\":\"https:\/\/b2b.calibereurope.com\/#website\",\"url\":\"https:\/\/b2b.calibereurope.com\/\",\"name\":\"Caliber Europe B.V.\",\"description\":\"B2B Webshop\",\"publisher\":{\"@id\":\"https:\/\/b2b.calibereurope.com\/#organization\"},\"potentialAction\":[{\"@type\":\"SearchAction\",\"target\":{\"@type\":\"EntryPoint\",\"urlTemplate\":\"https:\/\/b2b.calibereurope.com\/?s={search_term_string}\"},\"query-input\":{\"@type\":\"PropertyValueSpecification\",\"valueRequired\":true,\"valueName\":\"search_term_string\"}}],\"inLanguage\":\"fr-FR\"},{\"@type\":\"Organization\",\"@id\":\"https:\/\/b2b.calibereurope.com\/#organization\",\"name\":\"Caliber Europe B.V.\",\"url\":\"https:\/\/b2b.calibereurope.com\/\",\"logo\":{\"@type\":\"ImageObject\",\"inLanguage\":\"fr-FR\",\"@id\":\"https:\/\/b2b.calibereurope.com\/#\/schema\/logo\/image\/\",\"url\":\"https:\/\/b2b.calibereurope.com\/wp-content\/uploads\/2020\/12\/Caliber_Logo-Black.png\",\"contentUrl\":\"https:\/\/b2b.calibereurope.com\/wp-content\/uploads\/2020\/12\/Caliber_Logo-Black.png\",\"width\":3157,\"height\":356,\"caption\":\"Caliber Europe B.V.\"},\"image\":{\"@id\":\"https:\/\/b2b.calibereurope.com\/#\/schema\/logo\/image\/\"}}]}<\/script>\n<!-- \/ Yoast SEO plugin. -->","yoast_head_json":{"title":"R\u00e9veil - Dab Plus et Radio FM - Double Alarme avec Snooze \u2013 Sur Secteur et Batterie - Noir (HCG011DAB) - Caliber Europe B.V.","robots":{"index":"noindex","follow":"follow","max-snippet":"max-snippet:-1","max-image-preview":"max-image-preview:large","max-video-preview":"max-video-preview:-1"},"og_locale":"fr_FR","og_type":"article","og_title":"R\u00e9veil - Dab Plus et Radio FM - Double Alarme avec Snooze \u2013 Sur Secteur et Batterie - Noir (HCG011DAB) - Caliber Europe B.V.","og_description":"Radio-r\u00e9veil DAB+ et FM10 stations pr\u00e9r\u00e9gl\u00e9esFonction BluetoothDouble alarmeFonction SnoozeAffichage LED bleu r\u00e9glable en 4 modesFonctionne sur secteur 230VAlimentation de secours en cas de panne de courant par piles AAA","og_url":"https:\/\/b2b.calibereurope.com\/fr\/produit\/hcg011dab-fr_fr\/","og_site_name":"Caliber Europe B.V.","article_modified_time":"2025-01-15T07:55:48+00:00","og_image":[{"width":1024,"height":768,"url":"https:\/\/b2b.calibereurope.com\/wp-content\/uploads\/2021\/09\/295eb45eed4bd3e4a5bf7d0d21722a0fc02e34b1_HCG011DAB_2.jpg","type":"image\/jpeg"}],"twitter_card":"summary_large_image","twitter_misc":{"Dur\u00e9e de lecture estim\u00e9e":"2 minutes"},"schema":{"@context":"https:\/\/schema.org","@graph":[{"@type":"WebPage","@id":"https:\/\/b2b.calibereurope.com\/fr\/produit\/hcg011dab-fr_fr\/","url":"https:\/\/b2b.calibereurope.com\/fr\/produit\/hcg011dab-fr_fr\/","name":"R\u00e9veil - Dab Plus et Radio FM - Double Alarme avec Snooze \u2013 Sur Secteur et Batterie - Noir (HCG011DAB) - Caliber Europe B.V.","isPartOf":{"@id":"https:\/\/b2b.calibereurope.com\/#website"},"primaryImageOfPage":{"@id":"https:\/\/b2b.calibereurope.com\/fr\/produit\/hcg011dab-fr_fr\/#primaryimage"},"image":{"@id":"https:\/\/b2b.calibereurope.com\/fr\/produit\/hcg011dab-fr_fr\/#primaryimage"},"thumbnailUrl":"https:\/\/b2b.calibereurope.com\/wp-content\/uploads\/2025\/01\/295eb45eed4bd3e4a5bf7d0d21722a0fc02e34b1_HCG011DAB_2.jpg","datePublished":"2025-01-15T00:00:00+00:00","dateModified":"2025-01-15T07:55:48+00:00","breadcrumb":{"@id":"https:\/\/b2b.calibereurope.com\/fr\/produit\/hcg011dab-fr_fr\/#breadcrumb"},"inLanguage":"fr-FR","potentialAction":[{"@type":"ReadAction","target":["https:\/\/b2b.calibereurope.com\/fr\/produit\/hcg011dab-fr_fr\/"]}]},{"@type":"ImageObject","inLanguage":"fr-FR","@id":"https:\/\/b2b.calibereurope.com\/fr\/produit\/hcg011dab-fr_fr\/#primaryimage","url":"https:\/\/b2b.calibereurope.com\/wp-content\/uploads\/2025\/01\/295eb45eed4bd3e4a5bf7d0d21722a0fc02e34b1_HCG011DAB_2.jpg","contentUrl":"https:\/\/b2b.calibereurope.com\/wp-content\/uploads\/2025\/01\/295eb45eed4bd3e4a5bf7d0d21722a0fc02e34b1_HCG011DAB_2.jpg","width":1024,"height":768},{"@type":"BreadcrumbList","@id":"https:\/\/b2b.calibereurope.com\/fr\/produit\/hcg011dab-fr_fr\/#breadcrumb","itemListElement":[{"@type":"ListItem","position":1,"name":"Home","item":"https:\/\/b2b.calibereurope.com\/fr\/home\/"},{"@type":"ListItem","position":2,"name":"Boutique","item":"https:\/\/b2b.calibereurope.com\/fr\/boutique\/"},{"@type":"ListItem","position":3,"name":"Radio-r\u00e9veil avec radio FM et DAB+ &#8211; Noir (HCG011DAB)"}]},{"@type":"WebSite","@id":"https:\/\/b2b.calibereurope.com\/#website","url":"https:\/\/b2b.calibereurope.com\/","name":"Caliber Europe B.V.","description":"B2B Webshop","publisher":{"@id":"https:\/\/b2b.calibereurope.com\/#organization"},"potentialAction":[{"@type":"SearchAction","target":{"@type":"EntryPoint","urlTemplate":"https:\/\/b2b.calibereurope.com\/?s={search_term_string}"},"query-input":{"@type":"PropertyValueSpecification","valueRequired":true,"valueName":"search_term_string"}}],"inLanguage":"fr-FR"},{"@type":"Organization","@id":"https:\/\/b2b.calibereurope.com\/#organization","name":"Caliber Europe B.V.","url":"https:\/\/b2b.calibereurope.com\/","logo":{"@type":"ImageObject","inLanguage":"fr-FR","@id":"https:\/\/b2b.calibereurope.com\/#\/schema\/logo\/image\/","url":"https:\/\/b2b.calibereurope.com\/wp-content\/uploads\/2020\/12\/Caliber_Logo-Black.png","contentUrl":"https:\/\/b2b.calibereurope.com\/wp-content\/uploads\/2020\/12\/Caliber_Logo-Black.png","width":3157,"height":356,"caption":"Caliber Europe B.V."},"image":{"@id":"https:\/\/b2b.calibereurope.com\/#\/schema\/logo\/image\/"}}]}},"_links":{"self":[{"href":"https:\/\/b2b.calibereurope.com\/fr\/wp-json\/wp\/v2\/product\/488348","targetHints":{"allow":["GET"]}}],"collection":[{"href":"https:\/\/b2b.calibereurope.com\/fr\/wp-json\/wp\/v2\/product"}],"about":[{"href":"https:\/\/b2b.calibereurope.com\/fr\/wp-json\/wp\/v2\/types\/product"}],"version-history":[{"count":0,"href":"https:\/\/b2b.calibereurope.com\/fr\/wp-json\/wp\/v2\/product\/488348\/revisions"}],"wp:featuredmedia":[{"embeddable":true,"href":"https:\/\/b2b.calibereurope.com\/fr\/wp-json\/wp\/v2\/media\/855137"}],"wp:attachment":[{"href":"https:\/\/b2b.calibereurope.com\/fr\/wp-json\/wp\/v2\/media?parent=488348"}],"wp:term":[{"taxonomy":"product_brand","embeddable":true,"href":"https:\/\/b2b.calibereurope.com\/fr\/wp-json\/wp\/v2\/product_brand?post=488348"},{"taxonomy":"product_cat","embeddable":true,"href":"https:\/\/b2b.calibereurope.com\/fr\/wp-json\/wp\/v2\/product_cat?post=488348"},{"taxonomy":"product_tag","embeddable":true,"href":"https:\/\/b2b.calibereurope.com\/fr\/wp-json\/wp\/v2\/product_tag?post=488348"}],"curies":[{"name":"wp","href":"https:\/\/api.w.org\/{rel}","templated":true}]}}