{"id":488928,"date":"2024-07-17T02:00:00","date_gmt":"2024-07-17T00:00:00","guid":{"rendered":""},"modified":"2024-07-17T08:03:06","modified_gmt":"2024-07-17T06:03:06","slug":"HWC502-fr_FR","status":"publish","type":"product","link":"https:\/\/b2b.calibereurope.com\/fr\/produit\/HWC502-fr_FR\/","title":{"rendered":"Sonnette Connect\u00e9e avec Cam\u00e9ra et Wifi &#8211; Cam\u00e9ra Connect\u00e9e avec Interphone &#8211; 1080p Full HD &#8211; Angle de Vue de 120 Degr\u00e9s (HWC502)"},"content":{"rendered":"<p> Am\u00e9liorez votre maison avec l&#39;aide de la sonnette connect\u00e9e Caliber HWC502 avec cam\u00e9ra et wifi. La sonnette est tr\u00e8s <strong> facile \u00e0 coupler <\/strong> <strong> avec l&#39;application Caliber Smart Home, <\/strong> <strong> ce qui permet de la contr\u00f4ler \u00e0 distance <\/strong>. Lorsque vous associez la sonnette connect\u00e9e <strong> avec cam\u00e9ra <\/strong> et <strong>wifi<\/strong> avec <strong> <\/strong> l&#39;application, vous pouvez toujours voir qui est derri\u00e8re la porte. La cam\u00e9ra de la sonnette a un <strong> angle de vue de 120 degr\u00e9s <\/strong> et dispose d&#39;une <strong> fonction de d\u00e9tection de mouvement <\/strong>. La sonnette connect\u00e9e dispose \u00e9galement d&#39;une <strong> fonction interphone, <\/strong> qui vous permet de communiquer avec la personne de l&#39;autre c\u00f4t\u00e9 de la porte. <\/p>\n<p> <strong>Caract\u00e9ristiques :<\/strong> <\/p>\n<ul>\n<li> Connexion sans fil\n<li> Avec capteurs de mouvement\n<li> R\u00e9sistant \u00e0 l&#39;eau\n<li> Vision nocturne\n<li> Contr\u00f4lable via l&#39;appli\n<li> Dot\u00e9e des certifications appropri\u00e9es\n<li> Cam\u00e9ra Full HD 1080p\n<li> Fonction interphone\n<li> Angle de vue de 120 degr\u00e9s <\/li>\n<\/ul>\n<h3> Sonnette connect\u00e9e contr\u00f4l\u00e9e t\u00e9l\u00e9commandable <\/h3>\n<p> La sonnette connect\u00e9e avec cam\u00e9ra et wifi peut \u00eatre contr\u00f4l\u00e9e \u00e0 distance \u00e0 l&#39;aide de l&#39;appli Caliber Smart Home. La sonnette fonctionne en wifi, ce qui facilite la connexion \u00e0 l&#39;application. Lorsque quelqu&#39;un se trouve devant votre maison, la cam\u00e9ra de la sonnette le voit gr\u00e2ce aux capteurs de mouvement. Vous recevez alors une notification dans l&#39;application et pouvez voir qui est \u00e0 votre porte. En utilisant la fonction interphone, vous pouvez communiquer avec la personne. <\/p>\n<h3> Sonnette connect\u00e9e avec cam\u00e9ra <\/h3>\n<p> La sonnette connect\u00e9e avec cam\u00e9ra est tr\u00e8s facile \u00e0 utiliser. En connectant la sonnette \u00e0 l&#39;application, vous pouvez \u00e9galement voir \u00e0 distance qui se trouve \u00e0 votre porte. La sonnette est \u00e9quip\u00e9e d&#39;une cam\u00e9ra Full HD 1080p et d&#39;un angle de vue de 120 degr\u00e9s, ce qui vous permet de tout voir parfaitement. Il est \u00e9galement possible d&#39;ins\u00e9rer une carte micro SD dans la sonnette, ce qui permet d&#39;effectuer des enregistrements, de les sauvegarder et de les visionner ult\u00e9rieurement. <\/p>\n<h3> La sonnette connect\u00e9e offre de nombreuses fonctions pratiques <\/h3>\n<p> Outre la t\u00e9l\u00e9commande, la sonnette poss\u00e8de de nombreuses autres fonctions pratiques. Par exemple, vous voyez \u00e9galement bien la nuit gr\u00e2ce \u00e0 la fonction de vision nocturne. La sonnette est compacte et facile \u00e0 installer. La sonnette connect\u00e9e est aliment\u00e9e par un adaptateur. Il peut \u00e9galement s&#39;agir de l&#39;adaptateur de votre sonnette actuelle. En outre, cette cam\u00e9ra de sonnette est \u00e9galement r\u00e9sistante \u00e0 l&#39;eau, ce qui lui permettra de durer de nombreuses ann\u00e9es. <\/p>\n<p> <strong> Inclus :<\/strong> <\/p>\n<ul>\n<li> Sonnette intelligente Caliber HWC502\n<li> Plaque d&#39;adaptateur<\/li>\n<\/ul>\n","protected":false},"excerpt":{"rendered":"<p>Am\u00e9liorez votre maison avec l&#39;aide de la sonnette connect\u00e9e Caliber HWC502 avec cam\u00e9ra et wifi. La sonnette est tr\u00e8s facile \u00e0 coupler avec l&#39;application Caliber Smart Home, ce qui permet de la contr\u00f4ler \u00e0 distance . Lorsque vous associez la sonnette connect\u00e9e avec cam\u00e9ra et wifi avec l&#39;application, vous pouvez toujours voir qui est derri\u00e8re [&hellip;]<\/p>\n","protected":false},"featured_media":849788,"template":"","meta":{"_acf_changed":false,"site-sidebar-layout":"default","site-content-layout":"","ast-site-content-layout":"default","site-content-style":"default","site-sidebar-style":"default","ast-global-header-display":"","ast-banner-title-visibility":"","ast-main-header-display":"","ast-hfb-above-header-display":"","ast-hfb-below-header-display":"","ast-hfb-mobile-header-display":"","site-post-title":"","ast-breadcrumbs-content":"","ast-featured-img":"","footer-sml-layout":"","theme-transparent-header-meta":"","adv-header-id-meta":"","stick-header-meta":"","header-above-stick-meta":"","header-main-stick-meta":"","header-below-stick-meta":"","astra-migrate-meta-layouts":"default","ast-page-background-enabled":"default","ast-page-background-meta":{"desktop":{"background-color":"","background-image":"","background-repeat":"repeat","background-position":"center center","background-size":"auto","background-attachment":"scroll","background-type":"","background-media":"","overlay-type":"","overlay-color":"","overlay-opacity":"","overlay-gradient":""},"tablet":{"background-color":"","background-image":"","background-repeat":"repeat","background-position":"center center","background-size":"auto","background-attachment":"scroll","background-type":"","background-media":"","overlay-type":"","overlay-color":"","overlay-opacity":"","overlay-gradient":""},"mobile":{"background-color":"","background-image":"","background-repeat":"repeat","background-position":"center center","background-size":"auto","background-attachment":"scroll","background-type":"","background-media":"","overlay-type":"","overlay-color":"","overlay-opacity":"","overlay-gradient":""}},"ast-content-background-meta":{"desktop":{"background-color":"var(--ast-global-color-5)","background-image":"","background-repeat":"repeat","background-position":"center center","background-size":"auto","background-attachment":"scroll","background-type":"","background-media":"","overlay-type":"","overlay-color":"","overlay-opacity":"","overlay-gradient":""},"tablet":{"background-color":"var(--ast-global-color-5)","background-image":"","background-repeat":"repeat","background-position":"center center","background-size":"auto","background-attachment":"scroll","background-type":"","background-media":"","overlay-type":"","overlay-color":"","overlay-opacity":"","overlay-gradient":""},"mobile":{"background-color":"var(--ast-global-color-5)","background-image":"","background-repeat":"repeat","background-position":"center center","background-size":"auto","background-attachment":"scroll","background-type":"","background-media":"","overlay-type":"","overlay-color":"","overlay-opacity":"","overlay-gradient":""}}},"product_brand":[],"product_cat":[22955],"product_tag":[],"class_list":{"0":"post-488928","1":"product","2":"type-product","3":"status-publish","4":"has-post-thumbnail","6":"product_cat-pas-de-categorie","7":"desktop-align-center","8":"tablet-align-center","9":"mobile-align-center","10":"ast-product-gallery-layout-horizontal","11":"ast-product-tabs-layout-horizontal","13":"first","14":"instock","15":"taxable","16":"shipping-taxable","17":"purchasable","18":"product-type-simple"},"acf":[],"yoast_head":"<!-- This site is optimized with the Yoast SEO plugin v26.5 - https:\/\/yoast.com\/wordpress\/plugins\/seo\/ -->\n<title>Sonnette Connect\u00e9e avec Cam\u00e9ra et Wifi - Cam\u00e9ra Connect\u00e9e avec Interphone - 1080p Full HD - Angle de Vue de 120 Degr\u00e9s (HWC502) - Caliber Europe B.V.<\/title>\n<meta name=\"robots\" content=\"noindex, follow, max-snippet:-1, max-image-preview:large, max-video-preview:-1\" \/>\n<meta property=\"og:locale\" content=\"fr_FR\" \/>\n<meta property=\"og:type\" content=\"article\" \/>\n<meta property=\"og:title\" content=\"Sonnette Connect\u00e9e avec Cam\u00e9ra et Wifi - Cam\u00e9ra Connect\u00e9e avec Interphone - 1080p Full HD - Angle de Vue de 120 Degr\u00e9s (HWC502) - Caliber Europe B.V.\" \/>\n<meta property=\"og:description\" content=\"Am\u00e9liorez votre maison avec l&#039;aide de la sonnette connect\u00e9e Caliber HWC502 avec cam\u00e9ra et wifi. La sonnette est tr\u00e8s facile \u00e0 coupler avec l&#039;application Caliber Smart Home, ce qui permet de la contr\u00f4ler \u00e0 distance . Lorsque vous associez la sonnette connect\u00e9e avec cam\u00e9ra et wifi avec l&#039;application, vous pouvez toujours voir qui est derri\u00e8re [&hellip;]\" \/>\n<meta property=\"og:url\" content=\"https:\/\/b2b.calibereurope.com\/fr\/produit\/hwc502-fr_fr\/\" \/>\n<meta property=\"og:site_name\" content=\"Caliber Europe B.V.\" \/>\n<meta property=\"article:modified_time\" content=\"2024-07-17T06:03:06+00:00\" \/>\n<meta property=\"og:image\" content=\"https:\/\/b2b.calibereurope.com\/wp-content\/uploads\/2021\/09\/3712736ff0af68df0a9717c1c7dd6ec365770c7e_HWC502.jpg\" \/>\n\t<meta property=\"og:image:width\" content=\"1024\" \/>\n\t<meta property=\"og:image:height\" content=\"768\" \/>\n\t<meta property=\"og:image:type\" content=\"image\/jpeg\" \/>\n<meta name=\"twitter:card\" content=\"summary_large_image\" \/>\n<meta name=\"twitter:label1\" content=\"Dur\u00e9e de lecture estim\u00e9e\" \/>\n\t<meta name=\"twitter:data1\" content=\"2 minutes\" \/>\n<script type=\"application\/ld+json\" class=\"yoast-schema-graph\">{\"@context\":\"https:\/\/schema.org\",\"@graph\":[{\"@type\":\"WebPage\",\"@id\":\"https:\/\/b2b.calibereurope.com\/fr\/produit\/hwc502-fr_fr\/\",\"url\":\"https:\/\/b2b.calibereurope.com\/fr\/produit\/hwc502-fr_fr\/\",\"name\":\"Sonnette Connect\u00e9e avec Cam\u00e9ra et Wifi - Cam\u00e9ra Connect\u00e9e avec Interphone - 1080p Full HD - Angle de Vue de 120 Degr\u00e9s (HWC502) - Caliber Europe B.V.\",\"isPartOf\":{\"@id\":\"https:\/\/b2b.calibereurope.com\/#website\"},\"primaryImageOfPage\":{\"@id\":\"https:\/\/b2b.calibereurope.com\/fr\/produit\/hwc502-fr_fr\/#primaryimage\"},\"image\":{\"@id\":\"https:\/\/b2b.calibereurope.com\/fr\/produit\/hwc502-fr_fr\/#primaryimage\"},\"thumbnailUrl\":\"https:\/\/b2b.calibereurope.com\/wp-content\/uploads\/2024\/07\/3712736ff0af68df0a9717c1c7dd6ec365770c7e_HWC502.jpg\",\"datePublished\":\"2024-07-17T00:00:00+00:00\",\"dateModified\":\"2024-07-17T06:03:06+00:00\",\"breadcrumb\":{\"@id\":\"https:\/\/b2b.calibereurope.com\/fr\/produit\/hwc502-fr_fr\/#breadcrumb\"},\"inLanguage\":\"fr-FR\",\"potentialAction\":[{\"@type\":\"ReadAction\",\"target\":[\"https:\/\/b2b.calibereurope.com\/fr\/produit\/hwc502-fr_fr\/\"]}]},{\"@type\":\"ImageObject\",\"inLanguage\":\"fr-FR\",\"@id\":\"https:\/\/b2b.calibereurope.com\/fr\/produit\/hwc502-fr_fr\/#primaryimage\",\"url\":\"https:\/\/b2b.calibereurope.com\/wp-content\/uploads\/2024\/07\/3712736ff0af68df0a9717c1c7dd6ec365770c7e_HWC502.jpg\",\"contentUrl\":\"https:\/\/b2b.calibereurope.com\/wp-content\/uploads\/2024\/07\/3712736ff0af68df0a9717c1c7dd6ec365770c7e_HWC502.jpg\",\"width\":1024,\"height\":768},{\"@type\":\"BreadcrumbList\",\"@id\":\"https:\/\/b2b.calibereurope.com\/fr\/produit\/hwc502-fr_fr\/#breadcrumb\",\"itemListElement\":[{\"@type\":\"ListItem\",\"position\":1,\"name\":\"Home\",\"item\":\"https:\/\/b2b.calibereurope.com\/fr\/home\/\"},{\"@type\":\"ListItem\",\"position\":2,\"name\":\"Boutique\",\"item\":\"https:\/\/b2b.calibereurope.com\/fr\/boutique\/\"},{\"@type\":\"ListItem\",\"position\":3,\"name\":\"Sonnette intelligente avec appareil photo (HWC502)\"}]},{\"@type\":\"WebSite\",\"@id\":\"https:\/\/b2b.calibereurope.com\/#website\",\"url\":\"https:\/\/b2b.calibereurope.com\/\",\"name\":\"Caliber Europe B.V.\",\"description\":\"B2B Webshop\",\"publisher\":{\"@id\":\"https:\/\/b2b.calibereurope.com\/#organization\"},\"potentialAction\":[{\"@type\":\"SearchAction\",\"target\":{\"@type\":\"EntryPoint\",\"urlTemplate\":\"https:\/\/b2b.calibereurope.com\/?s={search_term_string}\"},\"query-input\":{\"@type\":\"PropertyValueSpecification\",\"valueRequired\":true,\"valueName\":\"search_term_string\"}}],\"inLanguage\":\"fr-FR\"},{\"@type\":\"Organization\",\"@id\":\"https:\/\/b2b.calibereurope.com\/#organization\",\"name\":\"Caliber Europe B.V.\",\"url\":\"https:\/\/b2b.calibereurope.com\/\",\"logo\":{\"@type\":\"ImageObject\",\"inLanguage\":\"fr-FR\",\"@id\":\"https:\/\/b2b.calibereurope.com\/#\/schema\/logo\/image\/\",\"url\":\"https:\/\/b2b.calibereurope.com\/wp-content\/uploads\/2020\/12\/Caliber_Logo-Black.png\",\"contentUrl\":\"https:\/\/b2b.calibereurope.com\/wp-content\/uploads\/2020\/12\/Caliber_Logo-Black.png\",\"width\":3157,\"height\":356,\"caption\":\"Caliber Europe B.V.\"},\"image\":{\"@id\":\"https:\/\/b2b.calibereurope.com\/#\/schema\/logo\/image\/\"}}]}<\/script>\n<!-- \/ Yoast SEO plugin. -->","yoast_head_json":{"title":"Sonnette Connect\u00e9e avec Cam\u00e9ra et Wifi - Cam\u00e9ra Connect\u00e9e avec Interphone - 1080p Full HD - Angle de Vue de 120 Degr\u00e9s (HWC502) - Caliber Europe B.V.","robots":{"index":"noindex","follow":"follow","max-snippet":"max-snippet:-1","max-image-preview":"max-image-preview:large","max-video-preview":"max-video-preview:-1"},"og_locale":"fr_FR","og_type":"article","og_title":"Sonnette Connect\u00e9e avec Cam\u00e9ra et Wifi - Cam\u00e9ra Connect\u00e9e avec Interphone - 1080p Full HD - Angle de Vue de 120 Degr\u00e9s (HWC502) - Caliber Europe B.V.","og_description":"Am\u00e9liorez votre maison avec l&#39;aide de la sonnette connect\u00e9e Caliber HWC502 avec cam\u00e9ra et wifi. La sonnette est tr\u00e8s facile \u00e0 coupler avec l&#39;application Caliber Smart Home, ce qui permet de la contr\u00f4ler \u00e0 distance . Lorsque vous associez la sonnette connect\u00e9e avec cam\u00e9ra et wifi avec l&#39;application, vous pouvez toujours voir qui est derri\u00e8re [&hellip;]","og_url":"https:\/\/b2b.calibereurope.com\/fr\/produit\/hwc502-fr_fr\/","og_site_name":"Caliber Europe B.V.","article_modified_time":"2024-07-17T06:03:06+00:00","og_image":[{"width":1024,"height":768,"url":"https:\/\/b2b.calibereurope.com\/wp-content\/uploads\/2021\/09\/3712736ff0af68df0a9717c1c7dd6ec365770c7e_HWC502.jpg","type":"image\/jpeg"}],"twitter_card":"summary_large_image","twitter_misc":{"Dur\u00e9e de lecture estim\u00e9e":"2 minutes"},"schema":{"@context":"https:\/\/schema.org","@graph":[{"@type":"WebPage","@id":"https:\/\/b2b.calibereurope.com\/fr\/produit\/hwc502-fr_fr\/","url":"https:\/\/b2b.calibereurope.com\/fr\/produit\/hwc502-fr_fr\/","name":"Sonnette Connect\u00e9e avec Cam\u00e9ra et Wifi - Cam\u00e9ra Connect\u00e9e avec Interphone - 1080p Full HD - Angle de Vue de 120 Degr\u00e9s (HWC502) - Caliber Europe B.V.","isPartOf":{"@id":"https:\/\/b2b.calibereurope.com\/#website"},"primaryImageOfPage":{"@id":"https:\/\/b2b.calibereurope.com\/fr\/produit\/hwc502-fr_fr\/#primaryimage"},"image":{"@id":"https:\/\/b2b.calibereurope.com\/fr\/produit\/hwc502-fr_fr\/#primaryimage"},"thumbnailUrl":"https:\/\/b2b.calibereurope.com\/wp-content\/uploads\/2024\/07\/3712736ff0af68df0a9717c1c7dd6ec365770c7e_HWC502.jpg","datePublished":"2024-07-17T00:00:00+00:00","dateModified":"2024-07-17T06:03:06+00:00","breadcrumb":{"@id":"https:\/\/b2b.calibereurope.com\/fr\/produit\/hwc502-fr_fr\/#breadcrumb"},"inLanguage":"fr-FR","potentialAction":[{"@type":"ReadAction","target":["https:\/\/b2b.calibereurope.com\/fr\/produit\/hwc502-fr_fr\/"]}]},{"@type":"ImageObject","inLanguage":"fr-FR","@id":"https:\/\/b2b.calibereurope.com\/fr\/produit\/hwc502-fr_fr\/#primaryimage","url":"https:\/\/b2b.calibereurope.com\/wp-content\/uploads\/2024\/07\/3712736ff0af68df0a9717c1c7dd6ec365770c7e_HWC502.jpg","contentUrl":"https:\/\/b2b.calibereurope.com\/wp-content\/uploads\/2024\/07\/3712736ff0af68df0a9717c1c7dd6ec365770c7e_HWC502.jpg","width":1024,"height":768},{"@type":"BreadcrumbList","@id":"https:\/\/b2b.calibereurope.com\/fr\/produit\/hwc502-fr_fr\/#breadcrumb","itemListElement":[{"@type":"ListItem","position":1,"name":"Home","item":"https:\/\/b2b.calibereurope.com\/fr\/home\/"},{"@type":"ListItem","position":2,"name":"Boutique","item":"https:\/\/b2b.calibereurope.com\/fr\/boutique\/"},{"@type":"ListItem","position":3,"name":"Sonnette intelligente avec appareil photo (HWC502)"}]},{"@type":"WebSite","@id":"https:\/\/b2b.calibereurope.com\/#website","url":"https:\/\/b2b.calibereurope.com\/","name":"Caliber Europe B.V.","description":"B2B Webshop","publisher":{"@id":"https:\/\/b2b.calibereurope.com\/#organization"},"potentialAction":[{"@type":"SearchAction","target":{"@type":"EntryPoint","urlTemplate":"https:\/\/b2b.calibereurope.com\/?s={search_term_string}"},"query-input":{"@type":"PropertyValueSpecification","valueRequired":true,"valueName":"search_term_string"}}],"inLanguage":"fr-FR"},{"@type":"Organization","@id":"https:\/\/b2b.calibereurope.com\/#organization","name":"Caliber Europe B.V.","url":"https:\/\/b2b.calibereurope.com\/","logo":{"@type":"ImageObject","inLanguage":"fr-FR","@id":"https:\/\/b2b.calibereurope.com\/#\/schema\/logo\/image\/","url":"https:\/\/b2b.calibereurope.com\/wp-content\/uploads\/2020\/12\/Caliber_Logo-Black.png","contentUrl":"https:\/\/b2b.calibereurope.com\/wp-content\/uploads\/2020\/12\/Caliber_Logo-Black.png","width":3157,"height":356,"caption":"Caliber Europe B.V."},"image":{"@id":"https:\/\/b2b.calibereurope.com\/#\/schema\/logo\/image\/"}}]}},"_links":{"self":[{"href":"https:\/\/b2b.calibereurope.com\/fr\/wp-json\/wp\/v2\/product\/488928","targetHints":{"allow":["GET"]}}],"collection":[{"href":"https:\/\/b2b.calibereurope.com\/fr\/wp-json\/wp\/v2\/product"}],"about":[{"href":"https:\/\/b2b.calibereurope.com\/fr\/wp-json\/wp\/v2\/types\/product"}],"version-history":[{"count":0,"href":"https:\/\/b2b.calibereurope.com\/fr\/wp-json\/wp\/v2\/product\/488928\/revisions"}],"wp:featuredmedia":[{"embeddable":true,"href":"https:\/\/b2b.calibereurope.com\/fr\/wp-json\/wp\/v2\/media\/849788"}],"wp:attachment":[{"href":"https:\/\/b2b.calibereurope.com\/fr\/wp-json\/wp\/v2\/media?parent=488928"}],"wp:term":[{"taxonomy":"product_brand","embeddable":true,"href":"https:\/\/b2b.calibereurope.com\/fr\/wp-json\/wp\/v2\/product_brand?post=488928"},{"taxonomy":"product_cat","embeddable":true,"href":"https:\/\/b2b.calibereurope.com\/fr\/wp-json\/wp\/v2\/product_cat?post=488928"},{"taxonomy":"product_tag","embeddable":true,"href":"https:\/\/b2b.calibereurope.com\/fr\/wp-json\/wp\/v2\/product_tag?post=488928"}],"curies":[{"name":"wp","href":"https:\/\/api.w.org\/{rel}","templated":true}]}}