{"id":489028,"date":"2023-11-28T01:00:00","date_gmt":"2023-01-16T00:00:00","guid":{"rendered":""},"modified":"2024-07-17T08:03:14","modified_gmt":"2024-07-17T06:03:14","slug":"HWC101-fr_FR","status":"publish","type":"product","link":"https:\/\/b2b.calibereurope.com\/fr\/produit\/HWC101-fr_FR\/","title":{"rendered":"Cam\u00e9ra de Surveillance Intelligente Int\u00e9rieure &#8211; WiFi &#8211; Avec Application &#8211; Vision Nocturne Infrarouge &#8211; Full HD (HWC101)"},"content":{"rendered":"<p> Sentez-vous toujours en s\u00e9curit\u00e9 et connect\u00e9 dans votre maison avec cette cam\u00e9ra de surveillance intelligente Caliber pour l&#39;int\u00e9rieur. La <strong> LED infrarouge <\/strong> permet \u00e0 la cam\u00e9ra de filmer m\u00eame la nuit, en capturant tout en <strong> qualit\u00e9 full HD <\/strong>. Gr\u00e2ce <strong> micro<\/strong> <strong> et au haut-parleur <\/strong> au int\u00e9gr\u00e9s, le son est enregistr\u00e9 et vous pouvez communiquer avec quiconque se trouve dans la pi\u00e8ce. Connectez la cam\u00e9ra int\u00e9rieure par WiFi <strong>WiFi <\/strong> \u00e0 l\u2019application<strong>gratuite<\/strong> <strong>Caliber Smart Home App <\/strong> et vous pourrez acc\u00e9der aux images de la cam\u00e9ra \u00e0 tout moment. Vous pouvez \u00e9galement stocker les enregistrements localement sur une <strong> carte micro SD.<\/strong> <\/p>\n<p> <strong> Caract\u00e9ristiques :   :<\/strong> <\/p>\n<ul>\n<li> D\u00e9tection de mouvement\n<li> Micro et haut-parleur int\u00e9gr\u00e9s\n<li> Qualit\u00e9 d&#39;image Full HD (1080p)\n<li> LED infrarouge pour l&#39;obscurit\u00e9\n<li> Connexion via WiFi (2.4G )\n<li> Application Caliber Smart Home gratuite\n<li> Stockage sur micro SD (128 Go)\n<li> Base pliable\n<li> Inclut un c\u00e2ble et un adaptateur\n<li> Anti-hacker (ISO27017:2015)<\/li>\n<\/ul>\n<h3> Sentez-vous en s\u00e9curit\u00e9 chez vous gr\u00e2ce \u00e0 cette cam\u00e9ra de surveillance<\/h3>\n<p> Allez-vous coucher ou partez en vacances l&#39;esprit tranquille avec cette cam\u00e9ra de s\u00e9curit\u00e9 pour l\u2019int\u00e9rieur. Gr\u00e2ce au micro int\u00e9gr\u00e9, non seulement l&#39;image est enregistr\u00e9e mais aussi le son, de sorte que vous pouvez voir clairement ce qui se passe. La cam\u00e9ra pour l\u2019int\u00e9rieur est \u00e9galement \u00e0 l&#39;\u00e9preuve des pirates, ce qui garantit la s\u00e9curit\u00e9 de vos images. Gr\u00e2ce au haut-parleur int\u00e9gr\u00e9, vous pouvez \u00e9galement utiliser la cam\u00e9ra comme un interphone, par exemple pour communiquer avec votre animal de compagnie lorsque vous \u00eates absent. Vous pouvez facilement installer la cam\u00e9ra de s\u00e9curit\u00e9 pour l&#39;int\u00e9rieur gr\u00e2ce \u00e0 la base pliable, qui vous permet de positionner la cam\u00e9ra comme vous le souhaitez. <\/p>\n<h3> La cam\u00e9ra de surveillance vous donne un acc\u00e8s permanent aux images importantes <\/h3>\n<p> La cam\u00e9ra de s\u00e9curit\u00e9 d\u00e9tecte les mouvements et enregistre les images en qualit\u00e9 HD int\u00e9grale. Vous pouvez donc toujours revoir facilement ce qui s&#39;est pass\u00e9. Lorsque vous \u00e9quipez la cam\u00e9ra pour l\u2019int\u00e9rieur d&#39;une carte micro SD de 128 Go, jusqu&#39;\u00e0 12 jours de s\u00e9quences seront toujours stock\u00e9s sur la carte. Les donn\u00e9es les plus anciennes sont automatiquement remplac\u00e9es par les derni\u00e8res s\u00e9quences. Gr\u00e2ce \u00e0 la fonction LED infrarouge, la cam\u00e9ra de surveillance capture \u00e9galement ce qui se passe dans la maison de fa\u00e7on tr\u00e8s nette la nuit. <\/p>\n<h3> La cam\u00e9ra de surveillance peut \u00eatre utilis\u00e9e comme dispositif de maison connect\u00e9e <\/h3>\n<p> Vous pouvez utiliser cette cam\u00e9ra non seulement comme une cam\u00e9ra de surveillance, mais aussi comme un dispositif de maison connect\u00e9e. Connectez la cam\u00e9ra int\u00e9rieure via le WiFi \u00e0 votre application Caliber Smart Home et vous recevrez automatiquement une notification lorsqu&#39;un mouvement est d\u00e9tect\u00e9. En outre, vous pouvez \u00e9galement utiliser la cam\u00e9ra int\u00e9rieure comme d\u00e9clencheur pour d&#39;autres appareils. Cela fonctionne via IFTTT. Par exemple, vous pouvez allumer une lampe lorsque la cam\u00e9ra de s\u00e9curit\u00e9 d\u00e9tecte un mouvement pr\u00e8s d&#39;une porte. <\/p>\n","protected":false},"excerpt":{"rendered":"<p>Sentez-vous toujours en s\u00e9curit\u00e9 et connect\u00e9 dans votre maison avec cette cam\u00e9ra de surveillance intelligente Caliber pour l&#39;int\u00e9rieur. La LED infrarouge permet \u00e0 la cam\u00e9ra de filmer m\u00eame la nuit, en capturant tout en qualit\u00e9 full HD . Gr\u00e2ce micro et au haut-parleur au int\u00e9gr\u00e9s, le son est enregistr\u00e9 et vous pouvez communiquer avec quiconque [&hellip;]<\/p>\n","protected":false},"featured_media":839330,"template":"","meta":{"_acf_changed":false,"site-sidebar-layout":"default","site-content-layout":"","ast-site-content-layout":"default","site-content-style":"default","site-sidebar-style":"default","ast-global-header-display":"","ast-banner-title-visibility":"","ast-main-header-display":"","ast-hfb-above-header-display":"","ast-hfb-below-header-display":"","ast-hfb-mobile-header-display":"","site-post-title":"","ast-breadcrumbs-content":"","ast-featured-img":"","footer-sml-layout":"","theme-transparent-header-meta":"","adv-header-id-meta":"","stick-header-meta":"","header-above-stick-meta":"","header-main-stick-meta":"","header-below-stick-meta":"","astra-migrate-meta-layouts":"default","ast-page-background-enabled":"default","ast-page-background-meta":{"desktop":{"background-color":"","background-image":"","background-repeat":"repeat","background-position":"center center","background-size":"auto","background-attachment":"scroll","background-type":"","background-media":"","overlay-type":"","overlay-color":"","overlay-opacity":"","overlay-gradient":""},"tablet":{"background-color":"","background-image":"","background-repeat":"repeat","background-position":"center center","background-size":"auto","background-attachment":"scroll","background-type":"","background-media":"","overlay-type":"","overlay-color":"","overlay-opacity":"","overlay-gradient":""},"mobile":{"background-color":"","background-image":"","background-repeat":"repeat","background-position":"center center","background-size":"auto","background-attachment":"scroll","background-type":"","background-media":"","overlay-type":"","overlay-color":"","overlay-opacity":"","overlay-gradient":""}},"ast-content-background-meta":{"desktop":{"background-color":"var(--ast-global-color-5)","background-image":"","background-repeat":"repeat","background-position":"center center","background-size":"auto","background-attachment":"scroll","background-type":"","background-media":"","overlay-type":"","overlay-color":"","overlay-opacity":"","overlay-gradient":""},"tablet":{"background-color":"var(--ast-global-color-5)","background-image":"","background-repeat":"repeat","background-position":"center center","background-size":"auto","background-attachment":"scroll","background-type":"","background-media":"","overlay-type":"","overlay-color":"","overlay-opacity":"","overlay-gradient":""},"mobile":{"background-color":"var(--ast-global-color-5)","background-image":"","background-repeat":"repeat","background-position":"center center","background-size":"auto","background-attachment":"scroll","background-type":"","background-media":"","overlay-type":"","overlay-color":"","overlay-opacity":"","overlay-gradient":""}}},"product_brand":[],"product_cat":[12134,12106],"product_tag":[],"class_list":{"0":"post-489028","1":"product","2":"type-product","3":"status-publish","4":"has-post-thumbnail","6":"product_cat-cameras_fr_fr","7":"product_cat-smarthome_fr_fr","8":"desktop-align-center","9":"tablet-align-center","10":"mobile-align-center","11":"ast-product-gallery-layout-horizontal","12":"ast-product-tabs-layout-horizontal","14":"first","15":"outofstock","16":"taxable","17":"shipping-taxable","18":"purchasable","19":"product-type-simple"},"acf":[],"yoast_head":"<!-- This site is optimized with the Yoast SEO plugin v26.5 - https:\/\/yoast.com\/wordpress\/plugins\/seo\/ -->\n<title>Cam\u00e9ra de Surveillance Intelligente Int\u00e9rieure - WiFi - Avec Application - Vision Nocturne Infrarouge - Full HD (HWC101) - Caliber Europe B.V.<\/title>\n<meta name=\"robots\" content=\"noindex, follow, max-snippet:-1, max-image-preview:large, max-video-preview:-1\" \/>\n<meta property=\"og:locale\" content=\"fr_FR\" \/>\n<meta property=\"og:type\" content=\"article\" \/>\n<meta property=\"og:title\" content=\"Cam\u00e9ra de Surveillance Intelligente Int\u00e9rieure - WiFi - Avec Application - Vision Nocturne Infrarouge - Full HD (HWC101) - Caliber Europe B.V.\" \/>\n<meta property=\"og:description\" content=\"Sentez-vous toujours en s\u00e9curit\u00e9 et connect\u00e9 dans votre maison avec cette cam\u00e9ra de surveillance intelligente Caliber pour l&#039;int\u00e9rieur. La LED infrarouge permet \u00e0 la cam\u00e9ra de filmer m\u00eame la nuit, en capturant tout en qualit\u00e9 full HD . Gr\u00e2ce micro et au haut-parleur au int\u00e9gr\u00e9s, le son est enregistr\u00e9 et vous pouvez communiquer avec quiconque [&hellip;]\" \/>\n<meta property=\"og:url\" content=\"https:\/\/b2b.calibereurope.com\/fr\/produit\/hwc101-fr_fr\/\" \/>\n<meta property=\"og:site_name\" content=\"Caliber Europe B.V.\" \/>\n<meta property=\"article:modified_time\" content=\"2024-07-17T06:03:14+00:00\" \/>\n<meta property=\"og:image\" content=\"https:\/\/b2b.calibereurope.com\/wp-content\/uploads\/2021\/09\/a25f32d17084f9215624187ba5acd7c5244dc155_HWC101_Front_web.jpg\" \/>\n\t<meta property=\"og:image:width\" content=\"1024\" \/>\n\t<meta property=\"og:image:height\" content=\"768\" \/>\n\t<meta property=\"og:image:type\" content=\"image\/jpeg\" \/>\n<meta name=\"twitter:card\" content=\"summary_large_image\" \/>\n<meta name=\"twitter:label1\" content=\"Dur\u00e9e de lecture estim\u00e9e\" \/>\n\t<meta name=\"twitter:data1\" content=\"3 minutes\" \/>\n<script type=\"application\/ld+json\" class=\"yoast-schema-graph\">{\"@context\":\"https:\/\/schema.org\",\"@graph\":[{\"@type\":\"WebPage\",\"@id\":\"https:\/\/b2b.calibereurope.com\/fr\/produit\/hwc101-fr_fr\/\",\"url\":\"https:\/\/b2b.calibereurope.com\/fr\/produit\/hwc101-fr_fr\/\",\"name\":\"Cam\u00e9ra de Surveillance Intelligente Int\u00e9rieure - WiFi - Avec Application - Vision Nocturne Infrarouge - Full HD (HWC101) - Caliber Europe B.V.\",\"isPartOf\":{\"@id\":\"https:\/\/b2b.calibereurope.com\/#website\"},\"primaryImageOfPage\":{\"@id\":\"https:\/\/b2b.calibereurope.com\/fr\/produit\/hwc101-fr_fr\/#primaryimage\"},\"image\":{\"@id\":\"https:\/\/b2b.calibereurope.com\/fr\/produit\/hwc101-fr_fr\/#primaryimage\"},\"thumbnailUrl\":\"https:\/\/b2b.calibereurope.com\/wp-content\/uploads\/2023\/11\/a25f32d17084f9215624187ba5acd7c5244dc155_HWC101_Front_web.jpg\",\"datePublished\":\"2023-01-16T00:00:00+00:00\",\"dateModified\":\"2024-07-17T06:03:14+00:00\",\"breadcrumb\":{\"@id\":\"https:\/\/b2b.calibereurope.com\/fr\/produit\/hwc101-fr_fr\/#breadcrumb\"},\"inLanguage\":\"fr-FR\",\"potentialAction\":[{\"@type\":\"ReadAction\",\"target\":[\"https:\/\/b2b.calibereurope.com\/fr\/produit\/hwc101-fr_fr\/\"]}]},{\"@type\":\"ImageObject\",\"inLanguage\":\"fr-FR\",\"@id\":\"https:\/\/b2b.calibereurope.com\/fr\/produit\/hwc101-fr_fr\/#primaryimage\",\"url\":\"https:\/\/b2b.calibereurope.com\/wp-content\/uploads\/2023\/11\/a25f32d17084f9215624187ba5acd7c5244dc155_HWC101_Front_web.jpg\",\"contentUrl\":\"https:\/\/b2b.calibereurope.com\/wp-content\/uploads\/2023\/11\/a25f32d17084f9215624187ba5acd7c5244dc155_HWC101_Front_web.jpg\",\"width\":1024,\"height\":768},{\"@type\":\"BreadcrumbList\",\"@id\":\"https:\/\/b2b.calibereurope.com\/fr\/produit\/hwc101-fr_fr\/#breadcrumb\",\"itemListElement\":[{\"@type\":\"ListItem\",\"position\":1,\"name\":\"Home\",\"item\":\"https:\/\/b2b.calibereurope.com\/fr\/home\/\"},{\"@type\":\"ListItem\",\"position\":2,\"name\":\"Boutique\",\"item\":\"https:\/\/b2b.calibereurope.com\/fr\/boutique\/\"},{\"@type\":\"ListItem\",\"position\":3,\"name\":\"Cam\u00e9ra intelligente 720P avec d\u00e9tection de mouvement (HWC101)\"}]},{\"@type\":\"WebSite\",\"@id\":\"https:\/\/b2b.calibereurope.com\/#website\",\"url\":\"https:\/\/b2b.calibereurope.com\/\",\"name\":\"Caliber Europe B.V.\",\"description\":\"B2B Webshop\",\"publisher\":{\"@id\":\"https:\/\/b2b.calibereurope.com\/#organization\"},\"potentialAction\":[{\"@type\":\"SearchAction\",\"target\":{\"@type\":\"EntryPoint\",\"urlTemplate\":\"https:\/\/b2b.calibereurope.com\/?s={search_term_string}\"},\"query-input\":{\"@type\":\"PropertyValueSpecification\",\"valueRequired\":true,\"valueName\":\"search_term_string\"}}],\"inLanguage\":\"fr-FR\"},{\"@type\":\"Organization\",\"@id\":\"https:\/\/b2b.calibereurope.com\/#organization\",\"name\":\"Caliber Europe B.V.\",\"url\":\"https:\/\/b2b.calibereurope.com\/\",\"logo\":{\"@type\":\"ImageObject\",\"inLanguage\":\"fr-FR\",\"@id\":\"https:\/\/b2b.calibereurope.com\/#\/schema\/logo\/image\/\",\"url\":\"https:\/\/b2b.calibereurope.com\/wp-content\/uploads\/2020\/12\/Caliber_Logo-Black.png\",\"contentUrl\":\"https:\/\/b2b.calibereurope.com\/wp-content\/uploads\/2020\/12\/Caliber_Logo-Black.png\",\"width\":3157,\"height\":356,\"caption\":\"Caliber Europe B.V.\"},\"image\":{\"@id\":\"https:\/\/b2b.calibereurope.com\/#\/schema\/logo\/image\/\"}}]}<\/script>\n<!-- \/ Yoast SEO plugin. -->","yoast_head_json":{"title":"Cam\u00e9ra de Surveillance Intelligente Int\u00e9rieure - WiFi - Avec Application - Vision Nocturne Infrarouge - Full HD (HWC101) - Caliber Europe B.V.","robots":{"index":"noindex","follow":"follow","max-snippet":"max-snippet:-1","max-image-preview":"max-image-preview:large","max-video-preview":"max-video-preview:-1"},"og_locale":"fr_FR","og_type":"article","og_title":"Cam\u00e9ra de Surveillance Intelligente Int\u00e9rieure - WiFi - Avec Application - Vision Nocturne Infrarouge - Full HD (HWC101) - Caliber Europe B.V.","og_description":"Sentez-vous toujours en s\u00e9curit\u00e9 et connect\u00e9 dans votre maison avec cette cam\u00e9ra de surveillance intelligente Caliber pour l&#39;int\u00e9rieur. La LED infrarouge permet \u00e0 la cam\u00e9ra de filmer m\u00eame la nuit, en capturant tout en qualit\u00e9 full HD . Gr\u00e2ce micro et au haut-parleur au int\u00e9gr\u00e9s, le son est enregistr\u00e9 et vous pouvez communiquer avec quiconque [&hellip;]","og_url":"https:\/\/b2b.calibereurope.com\/fr\/produit\/hwc101-fr_fr\/","og_site_name":"Caliber Europe B.V.","article_modified_time":"2024-07-17T06:03:14+00:00","og_image":[{"width":1024,"height":768,"url":"https:\/\/b2b.calibereurope.com\/wp-content\/uploads\/2021\/09\/a25f32d17084f9215624187ba5acd7c5244dc155_HWC101_Front_web.jpg","type":"image\/jpeg"}],"twitter_card":"summary_large_image","twitter_misc":{"Dur\u00e9e de lecture estim\u00e9e":"3 minutes"},"schema":{"@context":"https:\/\/schema.org","@graph":[{"@type":"WebPage","@id":"https:\/\/b2b.calibereurope.com\/fr\/produit\/hwc101-fr_fr\/","url":"https:\/\/b2b.calibereurope.com\/fr\/produit\/hwc101-fr_fr\/","name":"Cam\u00e9ra de Surveillance Intelligente Int\u00e9rieure - WiFi - Avec Application - Vision Nocturne Infrarouge - Full HD (HWC101) - Caliber Europe B.V.","isPartOf":{"@id":"https:\/\/b2b.calibereurope.com\/#website"},"primaryImageOfPage":{"@id":"https:\/\/b2b.calibereurope.com\/fr\/produit\/hwc101-fr_fr\/#primaryimage"},"image":{"@id":"https:\/\/b2b.calibereurope.com\/fr\/produit\/hwc101-fr_fr\/#primaryimage"},"thumbnailUrl":"https:\/\/b2b.calibereurope.com\/wp-content\/uploads\/2023\/11\/a25f32d17084f9215624187ba5acd7c5244dc155_HWC101_Front_web.jpg","datePublished":"2023-01-16T00:00:00+00:00","dateModified":"2024-07-17T06:03:14+00:00","breadcrumb":{"@id":"https:\/\/b2b.calibereurope.com\/fr\/produit\/hwc101-fr_fr\/#breadcrumb"},"inLanguage":"fr-FR","potentialAction":[{"@type":"ReadAction","target":["https:\/\/b2b.calibereurope.com\/fr\/produit\/hwc101-fr_fr\/"]}]},{"@type":"ImageObject","inLanguage":"fr-FR","@id":"https:\/\/b2b.calibereurope.com\/fr\/produit\/hwc101-fr_fr\/#primaryimage","url":"https:\/\/b2b.calibereurope.com\/wp-content\/uploads\/2023\/11\/a25f32d17084f9215624187ba5acd7c5244dc155_HWC101_Front_web.jpg","contentUrl":"https:\/\/b2b.calibereurope.com\/wp-content\/uploads\/2023\/11\/a25f32d17084f9215624187ba5acd7c5244dc155_HWC101_Front_web.jpg","width":1024,"height":768},{"@type":"BreadcrumbList","@id":"https:\/\/b2b.calibereurope.com\/fr\/produit\/hwc101-fr_fr\/#breadcrumb","itemListElement":[{"@type":"ListItem","position":1,"name":"Home","item":"https:\/\/b2b.calibereurope.com\/fr\/home\/"},{"@type":"ListItem","position":2,"name":"Boutique","item":"https:\/\/b2b.calibereurope.com\/fr\/boutique\/"},{"@type":"ListItem","position":3,"name":"Cam\u00e9ra intelligente 720P avec d\u00e9tection de mouvement (HWC101)"}]},{"@type":"WebSite","@id":"https:\/\/b2b.calibereurope.com\/#website","url":"https:\/\/b2b.calibereurope.com\/","name":"Caliber Europe B.V.","description":"B2B Webshop","publisher":{"@id":"https:\/\/b2b.calibereurope.com\/#organization"},"potentialAction":[{"@type":"SearchAction","target":{"@type":"EntryPoint","urlTemplate":"https:\/\/b2b.calibereurope.com\/?s={search_term_string}"},"query-input":{"@type":"PropertyValueSpecification","valueRequired":true,"valueName":"search_term_string"}}],"inLanguage":"fr-FR"},{"@type":"Organization","@id":"https:\/\/b2b.calibereurope.com\/#organization","name":"Caliber Europe B.V.","url":"https:\/\/b2b.calibereurope.com\/","logo":{"@type":"ImageObject","inLanguage":"fr-FR","@id":"https:\/\/b2b.calibereurope.com\/#\/schema\/logo\/image\/","url":"https:\/\/b2b.calibereurope.com\/wp-content\/uploads\/2020\/12\/Caliber_Logo-Black.png","contentUrl":"https:\/\/b2b.calibereurope.com\/wp-content\/uploads\/2020\/12\/Caliber_Logo-Black.png","width":3157,"height":356,"caption":"Caliber Europe B.V."},"image":{"@id":"https:\/\/b2b.calibereurope.com\/#\/schema\/logo\/image\/"}}]}},"_links":{"self":[{"href":"https:\/\/b2b.calibereurope.com\/fr\/wp-json\/wp\/v2\/product\/489028","targetHints":{"allow":["GET"]}}],"collection":[{"href":"https:\/\/b2b.calibereurope.com\/fr\/wp-json\/wp\/v2\/product"}],"about":[{"href":"https:\/\/b2b.calibereurope.com\/fr\/wp-json\/wp\/v2\/types\/product"}],"version-history":[{"count":0,"href":"https:\/\/b2b.calibereurope.com\/fr\/wp-json\/wp\/v2\/product\/489028\/revisions"}],"wp:featuredmedia":[{"embeddable":true,"href":"https:\/\/b2b.calibereurope.com\/fr\/wp-json\/wp\/v2\/media\/839330"}],"wp:attachment":[{"href":"https:\/\/b2b.calibereurope.com\/fr\/wp-json\/wp\/v2\/media?parent=489028"}],"wp:term":[{"taxonomy":"product_brand","embeddable":true,"href":"https:\/\/b2b.calibereurope.com\/fr\/wp-json\/wp\/v2\/product_brand?post=489028"},{"taxonomy":"product_cat","embeddable":true,"href":"https:\/\/b2b.calibereurope.com\/fr\/wp-json\/wp\/v2\/product_cat?post=489028"},{"taxonomy":"product_tag","embeddable":true,"href":"https:\/\/b2b.calibereurope.com\/fr\/wp-json\/wp\/v2\/product_tag?post=489028"}],"curies":[{"name":"wp","href":"https:\/\/api.w.org\/{rel}","templated":true}]}}