{"id":489128,"date":"2025-10-07T00:00:00","date_gmt":"2025-10-07T00:00:00","guid":{"rendered":""},"modified":"2025-10-07T12:13:41","modified_gmt":"2025-10-07T10:13:41","slug":"HWC201PT-fr_FR","status":"publish","type":"product","link":"https:\/\/b2b.calibereurope.com\/fr\/produit\/HWC201PT-fr_FR\/","title":{"rendered":"Cam\u00e9ra de Surveillance Int\u00e9rieure &#8211; Cam\u00e9ra Connect\u00e9e WiFi &#8211; Full HD 1080P &#8211; Application Smart Home &#8211; Vision Nocturne (HWC201PT)"},"content":{"rendered":"<p> Gardez un \u0153il sur ce qui se passe dans votre maison gr\u00e2ce \u00e0 la cam\u00e9ra de surveillance int\u00e9rieure Caliber HWC201PT. Cette <strong> cam\u00e9ra Full HD <\/strong vous permet de voir clairement chaque d\u00e9tail. La cam\u00e9ra connect\u00e9e peut \u00eatre contr\u00f4l\u00e9e avec <strong> l&#39;application gratuite Smart Home <\/strong>. Gr\u00e2ce \u00e0 la<strong> d\u00e9tection de mouvement <\/strong> la cam\u00e9ra int\u00e9rieure enregistre automatiquement lorsqu&#39;un mouvement est d\u00e9tect\u00e9. Les images sont transmises de mani\u00e8re s\u00e9curis\u00e9e via une <strong> connexion WiFi <\/strong>. Gr\u00e2ce \u00e0 la <strong> fonction panoramique\/inclinaison <\/strong> vous pouvez garder un \u0153il sur tous les coins de la pi\u00e8ce. La <strong> fonction de vision nocturne <\/strong> fonctionne jusqu&#39;\u00e0 10 m\u00e8tres. <\/p>\n<p> <strong> Caract\u00e9ristiques :   <\/strong> <\/p>\n<ul>\n<li>Full HD (1080P)\n<li> Contr\u00f4le via l&#39;application Caliber Smart Home\n<li> Vision nocturne jusqu&#39;\u00e0 10 m\u00e8tres\n<li> Connexion via WiFi (2.4G)\n<li> Stockage Micro-SD jusqu&#39;\u00e0 128 Go\n<li> Fonction d&#39;enregistrement en boucle\n<li> Fonction panoramique\/inclinaison\n<li> D\u00e9tection de mouvement\n<li> A utiliser comme alarme\n<li> Micro et haut-parleur int\u00e9gr\u00e9s<\/li>\n<\/ul>\n<h3> Gardez tout \u00e0 l\u2019\u0153il gr\u00e2ce \u00e0 cette cam\u00e9ra de surveillance<\/h3>\n<p> Avec cette cam\u00e9ra connect\u00e9e, vous ne pouvez plus n\u00e9gliger aucun d\u00e9tail. La cam\u00e9ra Full HD fournit des images d&#39;une grande clart\u00e9, de sorte que vous pouvez toujours voir exactement ce qui se passe dans la pi\u00e8ce. Gr\u00e2ce \u00e0 la fonction panoramique\/inclinaison, la cam\u00e9ra int\u00e9rieure peut se d\u00e9placer \u00e0 la fois horizontalement et verticalement. Le mouvement horizontal peut se faire jusqu&#39;\u00e0 360 degr\u00e9s. Le mouvement vertical est possible entre 10 et 75 degr\u00e9s. Cela vous permet de voir tous les coins de la pi\u00e8ce d&#39;un seul coup d&#39;\u0153il. <\/p>\n<h3> Cette cam\u00e9ra de surveillance permet d\u2019\u00e9viter les visiteurs ind\u00e9sirables <\/h3>\n<p> La cam\u00e9ra int\u00e9rieure est \u00e9quip\u00e9e d&#39;une d\u00e9tection de mouvement. Cela signifie que les images sont automatiquement enregistr\u00e9es lorsqu&#39;un mouvement est d\u00e9tect\u00e9. Vous recevrez alors \u00e9galement une notification instantan\u00e9e sur votre smartphone, ce qui vous permettra de prendre des mesures imm\u00e9diates si n\u00e9cessaire. La chambre est \u00e9galement bien surveill\u00e9e la nuit. En effet, la cam\u00e9ra de surveillance est \u00e9quip\u00e9e d&#39;une fonction de vision nocturne. Gr\u00e2ce \u00e0 la LED infrarouge, il offre une visibilit\u00e9 de 10 m\u00e8tres, m\u00eame dans l&#39;obscurit\u00e9. Vous pouvez donc quitter votre domicile en toute tranquillit\u00e9. <\/p>\n<h3> Cam\u00e9ra de surveillance toujours connect\u00e9e <\/h3>\n<p> La cam\u00e9ra de surveillance se connecte facilement \u00e0 votre smartphone via le WiFi. Ainsi, vous pouvez toujours voir ce qui se passe via l&#39;application Smart Home. Vous pouvez \u00e9galement d\u00e9finir des d\u00e9clencheurs via l&#39;application. Par exemple, d\u00e9clencher une lampe lorsqu&#39;un mouvement est d\u00e9tect\u00e9. Gr\u00e2ce au micro et au haut-parleur int\u00e9gr\u00e9s, vous pouvez m\u00eame communiquer avec les personnes pr\u00e9sentes dans la pi\u00e8ce. C&#39;est utile, par exemple, lorsque vous \u00eates en vacances et que vos voisins s&#39;occupent de vos animaux domestiques ou de vos plantes. <\/p>\n<p> <strong><br \/>Inclus :<\/strong> <\/p>\n<ul>\n<li>Cam\u00e9ra de surveillance int\u00e9rieure Caliber HWC201PT\n<li>Adaptateur 230V\n<li>Cordon d&#39;alimentation<\/li>\n<\/ul>\n","protected":false},"excerpt":{"rendered":"<p>Gardez un \u0153il sur ce qui se passe dans votre maison gr\u00e2ce \u00e0 la cam\u00e9ra de surveillance int\u00e9rieure Caliber HWC201PT. Cette cam\u00e9ra Full HD<\/p>\n","protected":false},"featured_media":859032,"template":"","meta":{"_acf_changed":false,"site-sidebar-layout":"default","site-content-layout":"","ast-site-content-layout":"default","site-content-style":"default","site-sidebar-style":"default","ast-global-header-display":"","ast-banner-title-visibility":"","ast-main-header-display":"","ast-hfb-above-header-display":"","ast-hfb-below-header-display":"","ast-hfb-mobile-header-display":"","site-post-title":"","ast-breadcrumbs-content":"","ast-featured-img":"","footer-sml-layout":"","theme-transparent-header-meta":"","adv-header-id-meta":"","stick-header-meta":"","header-above-stick-meta":"","header-main-stick-meta":"","header-below-stick-meta":"","astra-migrate-meta-layouts":"default","ast-page-background-enabled":"default","ast-page-background-meta":{"desktop":{"background-color":"","background-image":"","background-repeat":"repeat","background-position":"center center","background-size":"auto","background-attachment":"scroll","background-type":"","background-media":"","overlay-type":"","overlay-color":"","overlay-opacity":"","overlay-gradient":""},"tablet":{"background-color":"","background-image":"","background-repeat":"repeat","background-position":"center center","background-size":"auto","background-attachment":"scroll","background-type":"","background-media":"","overlay-type":"","overlay-color":"","overlay-opacity":"","overlay-gradient":""},"mobile":{"background-color":"","background-image":"","background-repeat":"repeat","background-position":"center center","background-size":"auto","background-attachment":"scroll","background-type":"","background-media":"","overlay-type":"","overlay-color":"","overlay-opacity":"","overlay-gradient":""}},"ast-content-background-meta":{"desktop":{"background-color":"var(--ast-global-color-5)","background-image":"","background-repeat":"repeat","background-position":"center center","background-size":"auto","background-attachment":"scroll","background-type":"","background-media":"","overlay-type":"","overlay-color":"","overlay-opacity":"","overlay-gradient":""},"tablet":{"background-color":"var(--ast-global-color-5)","background-image":"","background-repeat":"repeat","background-position":"center center","background-size":"auto","background-attachment":"scroll","background-type":"","background-media":"","overlay-type":"","overlay-color":"","overlay-opacity":"","overlay-gradient":""},"mobile":{"background-color":"var(--ast-global-color-5)","background-image":"","background-repeat":"repeat","background-position":"center center","background-size":"auto","background-attachment":"scroll","background-type":"","background-media":"","overlay-type":"","overlay-color":"","overlay-opacity":"","overlay-gradient":""}}},"product_brand":[],"product_cat":[22955],"product_tag":[],"class_list":{"0":"post-489128","1":"product","2":"type-product","3":"status-publish","4":"has-post-thumbnail","6":"product_cat-pas-de-categorie","7":"desktop-align-center","8":"tablet-align-center","9":"mobile-align-center","10":"ast-product-gallery-layout-horizontal","11":"ast-product-tabs-layout-horizontal","13":"first","14":"outofstock","15":"taxable","16":"shipping-taxable","17":"purchasable","18":"product-type-simple"},"acf":[],"yoast_head":"<!-- This site is optimized with the Yoast SEO plugin v26.5 - https:\/\/yoast.com\/wordpress\/plugins\/seo\/ -->\n<title>Cam\u00e9ra de Surveillance Int\u00e9rieure - Cam\u00e9ra Connect\u00e9e WiFi - Full HD 1080P - Application Smart Home - Vision Nocturne (HWC201PT) - Caliber Europe B.V.<\/title>\n<meta name=\"robots\" content=\"noindex, follow, max-snippet:-1, max-image-preview:large, max-video-preview:-1\" \/>\n<meta property=\"og:locale\" content=\"fr_FR\" \/>\n<meta property=\"og:type\" content=\"article\" \/>\n<meta property=\"og:title\" content=\"Cam\u00e9ra de Surveillance Int\u00e9rieure - Cam\u00e9ra Connect\u00e9e WiFi - Full HD 1080P - Application Smart Home - Vision Nocturne (HWC201PT) - Caliber Europe B.V.\" \/>\n<meta property=\"og:description\" content=\"Gardez un \u0153il sur ce qui se passe dans votre maison gr\u00e2ce \u00e0 la cam\u00e9ra de surveillance int\u00e9rieure Caliber HWC201PT. Cette cam\u00e9ra Full HD\" \/>\n<meta property=\"og:url\" content=\"https:\/\/b2b.calibereurope.com\/fr\/produit\/hwc201pt-fr_fr\/\" \/>\n<meta property=\"og:site_name\" content=\"Caliber Europe B.V.\" \/>\n<meta property=\"article:modified_time\" content=\"2025-10-07T10:13:41+00:00\" \/>\n<meta property=\"og:image\" content=\"https:\/\/b2b.calibereurope.com\/wp-content\/uploads\/2021\/09\/4cf552b6a2df68d45b120f82bdd09769447df1d8_HWC201PT_front_web.jpg\" \/>\n\t<meta property=\"og:image:width\" content=\"1024\" \/>\n\t<meta property=\"og:image:height\" content=\"768\" \/>\n\t<meta property=\"og:image:type\" content=\"image\/jpeg\" \/>\n<meta name=\"twitter:card\" content=\"summary_large_image\" \/>\n<script type=\"application\/ld+json\" class=\"yoast-schema-graph\">{\"@context\":\"https:\/\/schema.org\",\"@graph\":[{\"@type\":\"WebPage\",\"@id\":\"https:\/\/b2b.calibereurope.com\/fr\/produit\/hwc201pt-fr_fr\/\",\"url\":\"https:\/\/b2b.calibereurope.com\/fr\/produit\/hwc201pt-fr_fr\/\",\"name\":\"Cam\u00e9ra de Surveillance Int\u00e9rieure - Cam\u00e9ra Connect\u00e9e WiFi - Full HD 1080P - Application Smart Home - Vision Nocturne (HWC201PT) - Caliber Europe B.V.\",\"isPartOf\":{\"@id\":\"https:\/\/b2b.calibereurope.com\/#website\"},\"primaryImageOfPage\":{\"@id\":\"https:\/\/b2b.calibereurope.com\/fr\/produit\/hwc201pt-fr_fr\/#primaryimage\"},\"image\":{\"@id\":\"https:\/\/b2b.calibereurope.com\/fr\/produit\/hwc201pt-fr_fr\/#primaryimage\"},\"thumbnailUrl\":\"https:\/\/b2b.calibereurope.com\/wp-content\/uploads\/2025\/10\/4cf552b6a2df68d45b120f82bdd09769447df1d8_HWC201PT_front_web.jpg\",\"datePublished\":\"2025-10-07T00:00:00+00:00\",\"dateModified\":\"2025-10-07T10:13:41+00:00\",\"breadcrumb\":{\"@id\":\"https:\/\/b2b.calibereurope.com\/fr\/produit\/hwc201pt-fr_fr\/#breadcrumb\"},\"inLanguage\":\"fr-FR\",\"potentialAction\":[{\"@type\":\"ReadAction\",\"target\":[\"https:\/\/b2b.calibereurope.com\/fr\/produit\/hwc201pt-fr_fr\/\"]}]},{\"@type\":\"ImageObject\",\"inLanguage\":\"fr-FR\",\"@id\":\"https:\/\/b2b.calibereurope.com\/fr\/produit\/hwc201pt-fr_fr\/#primaryimage\",\"url\":\"https:\/\/b2b.calibereurope.com\/wp-content\/uploads\/2025\/10\/4cf552b6a2df68d45b120f82bdd09769447df1d8_HWC201PT_front_web.jpg\",\"contentUrl\":\"https:\/\/b2b.calibereurope.com\/wp-content\/uploads\/2025\/10\/4cf552b6a2df68d45b120f82bdd09769447df1d8_HWC201PT_front_web.jpg\",\"width\":1024,\"height\":768},{\"@type\":\"BreadcrumbList\",\"@id\":\"https:\/\/b2b.calibereurope.com\/fr\/produit\/hwc201pt-fr_fr\/#breadcrumb\",\"itemListElement\":[{\"@type\":\"ListItem\",\"position\":1,\"name\":\"Home\",\"item\":\"https:\/\/b2b.calibereurope.com\/fr\/home\/\"},{\"@type\":\"ListItem\",\"position\":2,\"name\":\"Boutique\",\"item\":\"https:\/\/b2b.calibereurope.com\/fr\/boutique\/\"},{\"@type\":\"ListItem\",\"position\":3,\"name\":\"Appareil photo intelligent 1080P avec fonction panoramique\/inclinaison (HWC201PT)\"}]},{\"@type\":\"WebSite\",\"@id\":\"https:\/\/b2b.calibereurope.com\/#website\",\"url\":\"https:\/\/b2b.calibereurope.com\/\",\"name\":\"Caliber Europe B.V.\",\"description\":\"B2B Webshop\",\"publisher\":{\"@id\":\"https:\/\/b2b.calibereurope.com\/#organization\"},\"potentialAction\":[{\"@type\":\"SearchAction\",\"target\":{\"@type\":\"EntryPoint\",\"urlTemplate\":\"https:\/\/b2b.calibereurope.com\/?s={search_term_string}\"},\"query-input\":{\"@type\":\"PropertyValueSpecification\",\"valueRequired\":true,\"valueName\":\"search_term_string\"}}],\"inLanguage\":\"fr-FR\"},{\"@type\":\"Organization\",\"@id\":\"https:\/\/b2b.calibereurope.com\/#organization\",\"name\":\"Caliber Europe B.V.\",\"url\":\"https:\/\/b2b.calibereurope.com\/\",\"logo\":{\"@type\":\"ImageObject\",\"inLanguage\":\"fr-FR\",\"@id\":\"https:\/\/b2b.calibereurope.com\/#\/schema\/logo\/image\/\",\"url\":\"https:\/\/b2b.calibereurope.com\/wp-content\/uploads\/2020\/12\/Caliber_Logo-Black.png\",\"contentUrl\":\"https:\/\/b2b.calibereurope.com\/wp-content\/uploads\/2020\/12\/Caliber_Logo-Black.png\",\"width\":3157,\"height\":356,\"caption\":\"Caliber Europe B.V.\"},\"image\":{\"@id\":\"https:\/\/b2b.calibereurope.com\/#\/schema\/logo\/image\/\"}}]}<\/script>\n<!-- \/ Yoast SEO plugin. -->","yoast_head_json":{"title":"Cam\u00e9ra de Surveillance Int\u00e9rieure - Cam\u00e9ra Connect\u00e9e WiFi - Full HD 1080P - Application Smart Home - Vision Nocturne (HWC201PT) - Caliber Europe B.V.","robots":{"index":"noindex","follow":"follow","max-snippet":"max-snippet:-1","max-image-preview":"max-image-preview:large","max-video-preview":"max-video-preview:-1"},"og_locale":"fr_FR","og_type":"article","og_title":"Cam\u00e9ra de Surveillance Int\u00e9rieure - Cam\u00e9ra Connect\u00e9e WiFi - Full HD 1080P - Application Smart Home - Vision Nocturne (HWC201PT) - Caliber Europe B.V.","og_description":"Gardez un \u0153il sur ce qui se passe dans votre maison gr\u00e2ce \u00e0 la cam\u00e9ra de surveillance int\u00e9rieure Caliber HWC201PT. Cette cam\u00e9ra Full HD","og_url":"https:\/\/b2b.calibereurope.com\/fr\/produit\/hwc201pt-fr_fr\/","og_site_name":"Caliber Europe B.V.","article_modified_time":"2025-10-07T10:13:41+00:00","og_image":[{"width":1024,"height":768,"url":"https:\/\/b2b.calibereurope.com\/wp-content\/uploads\/2021\/09\/4cf552b6a2df68d45b120f82bdd09769447df1d8_HWC201PT_front_web.jpg","type":"image\/jpeg"}],"twitter_card":"summary_large_image","schema":{"@context":"https:\/\/schema.org","@graph":[{"@type":"WebPage","@id":"https:\/\/b2b.calibereurope.com\/fr\/produit\/hwc201pt-fr_fr\/","url":"https:\/\/b2b.calibereurope.com\/fr\/produit\/hwc201pt-fr_fr\/","name":"Cam\u00e9ra de Surveillance Int\u00e9rieure - Cam\u00e9ra Connect\u00e9e WiFi - Full HD 1080P - Application Smart Home - Vision Nocturne (HWC201PT) - Caliber Europe B.V.","isPartOf":{"@id":"https:\/\/b2b.calibereurope.com\/#website"},"primaryImageOfPage":{"@id":"https:\/\/b2b.calibereurope.com\/fr\/produit\/hwc201pt-fr_fr\/#primaryimage"},"image":{"@id":"https:\/\/b2b.calibereurope.com\/fr\/produit\/hwc201pt-fr_fr\/#primaryimage"},"thumbnailUrl":"https:\/\/b2b.calibereurope.com\/wp-content\/uploads\/2025\/10\/4cf552b6a2df68d45b120f82bdd09769447df1d8_HWC201PT_front_web.jpg","datePublished":"2025-10-07T00:00:00+00:00","dateModified":"2025-10-07T10:13:41+00:00","breadcrumb":{"@id":"https:\/\/b2b.calibereurope.com\/fr\/produit\/hwc201pt-fr_fr\/#breadcrumb"},"inLanguage":"fr-FR","potentialAction":[{"@type":"ReadAction","target":["https:\/\/b2b.calibereurope.com\/fr\/produit\/hwc201pt-fr_fr\/"]}]},{"@type":"ImageObject","inLanguage":"fr-FR","@id":"https:\/\/b2b.calibereurope.com\/fr\/produit\/hwc201pt-fr_fr\/#primaryimage","url":"https:\/\/b2b.calibereurope.com\/wp-content\/uploads\/2025\/10\/4cf552b6a2df68d45b120f82bdd09769447df1d8_HWC201PT_front_web.jpg","contentUrl":"https:\/\/b2b.calibereurope.com\/wp-content\/uploads\/2025\/10\/4cf552b6a2df68d45b120f82bdd09769447df1d8_HWC201PT_front_web.jpg","width":1024,"height":768},{"@type":"BreadcrumbList","@id":"https:\/\/b2b.calibereurope.com\/fr\/produit\/hwc201pt-fr_fr\/#breadcrumb","itemListElement":[{"@type":"ListItem","position":1,"name":"Home","item":"https:\/\/b2b.calibereurope.com\/fr\/home\/"},{"@type":"ListItem","position":2,"name":"Boutique","item":"https:\/\/b2b.calibereurope.com\/fr\/boutique\/"},{"@type":"ListItem","position":3,"name":"Appareil photo intelligent 1080P avec fonction panoramique\/inclinaison (HWC201PT)"}]},{"@type":"WebSite","@id":"https:\/\/b2b.calibereurope.com\/#website","url":"https:\/\/b2b.calibereurope.com\/","name":"Caliber Europe B.V.","description":"B2B Webshop","publisher":{"@id":"https:\/\/b2b.calibereurope.com\/#organization"},"potentialAction":[{"@type":"SearchAction","target":{"@type":"EntryPoint","urlTemplate":"https:\/\/b2b.calibereurope.com\/?s={search_term_string}"},"query-input":{"@type":"PropertyValueSpecification","valueRequired":true,"valueName":"search_term_string"}}],"inLanguage":"fr-FR"},{"@type":"Organization","@id":"https:\/\/b2b.calibereurope.com\/#organization","name":"Caliber Europe B.V.","url":"https:\/\/b2b.calibereurope.com\/","logo":{"@type":"ImageObject","inLanguage":"fr-FR","@id":"https:\/\/b2b.calibereurope.com\/#\/schema\/logo\/image\/","url":"https:\/\/b2b.calibereurope.com\/wp-content\/uploads\/2020\/12\/Caliber_Logo-Black.png","contentUrl":"https:\/\/b2b.calibereurope.com\/wp-content\/uploads\/2020\/12\/Caliber_Logo-Black.png","width":3157,"height":356,"caption":"Caliber Europe B.V."},"image":{"@id":"https:\/\/b2b.calibereurope.com\/#\/schema\/logo\/image\/"}}]}},"_links":{"self":[{"href":"https:\/\/b2b.calibereurope.com\/fr\/wp-json\/wp\/v2\/product\/489128","targetHints":{"allow":["GET"]}}],"collection":[{"href":"https:\/\/b2b.calibereurope.com\/fr\/wp-json\/wp\/v2\/product"}],"about":[{"href":"https:\/\/b2b.calibereurope.com\/fr\/wp-json\/wp\/v2\/types\/product"}],"version-history":[{"count":0,"href":"https:\/\/b2b.calibereurope.com\/fr\/wp-json\/wp\/v2\/product\/489128\/revisions"}],"wp:featuredmedia":[{"embeddable":true,"href":"https:\/\/b2b.calibereurope.com\/fr\/wp-json\/wp\/v2\/media\/859032"}],"wp:attachment":[{"href":"https:\/\/b2b.calibereurope.com\/fr\/wp-json\/wp\/v2\/media?parent=489128"}],"wp:term":[{"taxonomy":"product_brand","embeddable":true,"href":"https:\/\/b2b.calibereurope.com\/fr\/wp-json\/wp\/v2\/product_brand?post=489128"},{"taxonomy":"product_cat","embeddable":true,"href":"https:\/\/b2b.calibereurope.com\/fr\/wp-json\/wp\/v2\/product_cat?post=489128"},{"taxonomy":"product_tag","embeddable":true,"href":"https:\/\/b2b.calibereurope.com\/fr\/wp-json\/wp\/v2\/product_tag?post=489128"}],"curies":[{"name":"wp","href":"https:\/\/api.w.org\/{rel}","templated":true}]}}