{"id":489360,"date":"2023-11-28T01:00:00","date_gmt":"2023-11-28T00:00:00","guid":{"rendered":""},"modified":"2023-11-28T13:57:12","modified_gmt":"2023-11-28T12:57:12","slug":"HWC401-fr_FR","status":"publish","type":"product","link":"https:\/\/b2b.calibereurope.com\/fr\/produit\/HWC401-fr_FR\/","title":{"rendered":"Cam\u00e9ra de Surveillance Ext\u00e9rieure &#8211; Vision Nocturne &#8211; WiFi ou Filaire &#8211; Avec Application Smart Home &#8211; \u00c9tanche (HWC401)"},"content":{"rendered":"<p> Pr\u00e9venez les cambriolages et cr\u00e9ez un sentiment de s\u00e9curit\u00e9 avec la cam\u00e9ra de surveillance ext\u00e9rieure Caliber HWC401. La<strong> cam\u00e9ra Full HD <\/strong> est \u00e9quip\u00e9e d&#39;un syst\u00e8me de <strong> d\u00e9tection de mouvement <\/strong>, de sorte que vous recevez une notification dans l&#39;application <strong>Caliber Smart Home<\/strong lorsqu&#39;un mouvement est d\u00e9tect\u00e9 \u00e0 l&#39;ext\u00e9rieur M\u00eame la nuit et par mauvais temps, vous avez acc\u00e8s \u00e0 des images claires et nettes. La cam\u00e9ra ext\u00e9rieure poss\u00e8de <strong> une vision nocturne jusqu&#39;\u00e0 30 m\u00e8tres <\/strong> et est <strong> r\u00e9sistante \u00e0 l&#39;eau <\/strong>. Toutes les images sont envoy\u00e9es <strong> en toute s\u00e9curit\u00e9 <\/strong> sur votre smartphone via le<strong>WiFi<\/strong>. La cam\u00e9ra est <strong> \u00e0 l&#39;\u00e9preuve du piratage <\/strong>, donc les images sont bien \u00e0 l\u2019abri. <\/p>\n<p> <strong> Caract\u00e9ristiques :   <\/strong> <\/p>\n<ul>\n<li> Cam\u00e9ra sans fil Full HD (1080P)\n<li> Fonctionne via l&#39;application gratuite Caliber Smart Home\n<li> \u00c9tanche (IP66)\n<li> Vision nocturne jusqu&#39;\u00e0 30 m\u00e8tres\n<li> Filtre anti-IR\n<li> Connexion via WiFi (2,4G) ou c\u00e2blage\n<li> M\u00e9moire interne de 8 Go via micro SD\n<li> Bo\u00eetier m\u00e9tallique pour montage ext\u00e9rieur\n<li> D\u00e9tection de mouvement\n<li> int\u00e9gr\u00e9 \u00c0 l&#39;\u00e9preuve du piratage (ISO27017:2015)  <\/li>\n<\/ul>\n<h3> Gardez tout \u00e0 l\u2019\u0153il gr\u00e2ce \u00e0 la cam\u00e9ra de surveillance<\/h3>\n<p> La cam\u00e9ra de surveillance ext\u00e9rieure est \u00e9quip\u00e9e d&#39;une d\u00e9tection de mouvement. Elle d\u00e9tecte les mouvements et envoie une notification instantan\u00e9e sur votre t\u00e9l\u00e9phone. Cela vous permet de regarder ce qui se passe en direct. Gr\u00e2ce \u00e0 la fonction d&#39;enregistrement en boucle, les images sont stock\u00e9es sur la carte SD, de sorte que vous pouvez toujours voir les derni\u00e8res s\u00e9quences. Vous pouvez \u00e9galement utiliser la cam\u00e9ra ext\u00e9rieure avec le WiFi et l&#39;application en combinaison avec d&#39;autres produits Caliber Smart Home. Par exemple, d\u00e9finissez un d\u00e9clencheur pour allumer automatiquement la lampe lorsqu&#39;un mouvement est d\u00e9tect\u00e9. <\/p>\n<h3> Cam\u00e9ra de surveillance r\u00e9sistante aux intemp\u00e9ries <\/h3>\n<p> La cam\u00e9ra ext\u00e9rieure est id\u00e9ale pour garder un \u0153il sur l&#39;ext\u00e9rieur de votre maison. M\u00eame par mauvais temps, cette cam\u00e9ra n&#39;a aucun probl\u00e8me \u00e0 fournir de la qualit\u00e9. Le bo\u00eetier est fait d&#39;un m\u00e9tal solide qui est compl\u00e8tement \u00e9tanche. En outre, la cam\u00e9ra est enti\u00e8rement r\u00e9glable gr\u00e2ce \u00e0 la solide rotule m\u00e9tallique. M\u00eame la nuit, la cam\u00e9ra de surveillance offre une visibilit\u00e9 parfaite. Vous avez une vision nocturne jusqu&#39;\u00e0 30 m\u00e8tres. Le filtre IR-cut int\u00e9gr\u00e9 assure une visibilit\u00e9 encore meilleure dans l&#39;obscurit\u00e9 et \u00e9vite les reflets de couleur. <\/p>\n<h3> Cam\u00e9ra de surveillance facile \u00e0 connecter <\/h3>\n<p> La cam\u00e9ra ext\u00e9rieure est sans fil avec le WiFi. Cela rend l&#39;installation tr\u00e8s facile. Gr\u00e2ce \u00e0 la connexion WiFi, les images de la cam\u00e9ra de s\u00e9curit\u00e9 sont imm\u00e9diatement transmises sans fil \u00e0 l&#39;application Smart Home. La connexion est \u00e0 l&#39;\u00e9preuve des pirates, vous n&#39;avez donc pas \u00e0 vous soucier de la s\u00e9curit\u00e9. <\/p>\n<p> <strong><br \/> Inclus :<\/strong> <\/p>\n<ul>\n<li> Cam\u00e9ra de surveillance ext\u00e9rieure Caliber HWC401\n<li>Adaptateur\n<li>C\u00e2ble<\/li>\n<\/ul>\n","protected":false},"excerpt":{"rendered":"<p>Pr\u00e9venez les cambriolages et cr\u00e9ez un sentiment de s\u00e9curit\u00e9 avec la cam\u00e9ra de surveillance ext\u00e9rieure Caliber HWC401. La cam\u00e9ra Full HD est \u00e9quip\u00e9e d&#39;un syst\u00e8me de d\u00e9tection de mouvement , de sorte que vous recevez une notification dans l&#39;application Caliber Smart Home<\/p>\n","protected":false},"featured_media":839418,"template":"","meta":{"_acf_changed":false,"site-sidebar-layout":"default","site-content-layout":"","ast-site-content-layout":"default","site-content-style":"default","site-sidebar-style":"default","ast-global-header-display":"","ast-banner-title-visibility":"","ast-main-header-display":"","ast-hfb-above-header-display":"","ast-hfb-below-header-display":"","ast-hfb-mobile-header-display":"","site-post-title":"","ast-breadcrumbs-content":"","ast-featured-img":"","footer-sml-layout":"","theme-transparent-header-meta":"","adv-header-id-meta":"","stick-header-meta":"","header-above-stick-meta":"","header-main-stick-meta":"","header-below-stick-meta":"","astra-migrate-meta-layouts":"default","ast-page-background-enabled":"default","ast-page-background-meta":{"desktop":{"background-color":"","background-image":"","background-repeat":"repeat","background-position":"center center","background-size":"auto","background-attachment":"scroll","background-type":"","background-media":"","overlay-type":"","overlay-color":"","overlay-opacity":"","overlay-gradient":""},"tablet":{"background-color":"","background-image":"","background-repeat":"repeat","background-position":"center center","background-size":"auto","background-attachment":"scroll","background-type":"","background-media":"","overlay-type":"","overlay-color":"","overlay-opacity":"","overlay-gradient":""},"mobile":{"background-color":"","background-image":"","background-repeat":"repeat","background-position":"center center","background-size":"auto","background-attachment":"scroll","background-type":"","background-media":"","overlay-type":"","overlay-color":"","overlay-opacity":"","overlay-gradient":""}},"ast-content-background-meta":{"desktop":{"background-color":"var(--ast-global-color-5)","background-image":"","background-repeat":"repeat","background-position":"center center","background-size":"auto","background-attachment":"scroll","background-type":"","background-media":"","overlay-type":"","overlay-color":"","overlay-opacity":"","overlay-gradient":""},"tablet":{"background-color":"var(--ast-global-color-5)","background-image":"","background-repeat":"repeat","background-position":"center center","background-size":"auto","background-attachment":"scroll","background-type":"","background-media":"","overlay-type":"","overlay-color":"","overlay-opacity":"","overlay-gradient":""},"mobile":{"background-color":"var(--ast-global-color-5)","background-image":"","background-repeat":"repeat","background-position":"center center","background-size":"auto","background-attachment":"scroll","background-type":"","background-media":"","overlay-type":"","overlay-color":"","overlay-opacity":"","overlay-gradient":""}}},"product_brand":[],"product_cat":[22955],"product_tag":[],"class_list":{"0":"post-489360","1":"product","2":"type-product","3":"status-publish","4":"has-post-thumbnail","6":"product_cat-pas-de-categorie","7":"desktop-align-center","8":"tablet-align-center","9":"mobile-align-center","10":"ast-product-gallery-layout-horizontal","11":"ast-product-tabs-layout-horizontal","13":"first","14":"instock","15":"taxable","16":"shipping-taxable","17":"purchasable","18":"product-type-simple"},"acf":[],"yoast_head":"<!-- This site is optimized with the Yoast SEO plugin v26.5 - https:\/\/yoast.com\/wordpress\/plugins\/seo\/ -->\n<title>Cam\u00e9ra de Surveillance Ext\u00e9rieure - Vision Nocturne - WiFi ou Filaire - Avec Application Smart Home - \u00c9tanche (HWC401) - Caliber Europe B.V.<\/title>\n<meta name=\"robots\" content=\"noindex, follow, max-snippet:-1, max-image-preview:large, max-video-preview:-1\" \/>\n<meta property=\"og:locale\" content=\"fr_FR\" \/>\n<meta property=\"og:type\" content=\"article\" \/>\n<meta property=\"og:title\" content=\"Cam\u00e9ra de Surveillance Ext\u00e9rieure - Vision Nocturne - WiFi ou Filaire - Avec Application Smart Home - \u00c9tanche (HWC401) - Caliber Europe B.V.\" \/>\n<meta property=\"og:description\" content=\"Pr\u00e9venez les cambriolages et cr\u00e9ez un sentiment de s\u00e9curit\u00e9 avec la cam\u00e9ra de surveillance ext\u00e9rieure Caliber HWC401. La cam\u00e9ra Full HD est \u00e9quip\u00e9e d&#039;un syst\u00e8me de d\u00e9tection de mouvement , de sorte que vous recevez une notification dans l&#039;application Caliber Smart Home\" \/>\n<meta property=\"og:url\" content=\"https:\/\/b2b.calibereurope.com\/fr\/produit\/hwc401-fr_fr\/\" \/>\n<meta property=\"og:site_name\" content=\"Caliber Europe B.V.\" \/>\n<meta property=\"article:modified_time\" content=\"2023-11-28T12:57:12+00:00\" \/>\n<meta property=\"og:image\" content=\"https:\/\/b2b.calibereurope.com\/wp-content\/uploads\/2021\/09\/7f1c6db16af36f0bcd461b40c9c4f47cb4aade42_HWC401_wall_web.jpg\" \/>\n\t<meta property=\"og:image:width\" content=\"1024\" \/>\n\t<meta property=\"og:image:height\" content=\"768\" \/>\n\t<meta property=\"og:image:type\" content=\"image\/jpeg\" \/>\n<meta name=\"twitter:card\" content=\"summary_large_image\" \/>\n<script type=\"application\/ld+json\" class=\"yoast-schema-graph\">{\"@context\":\"https:\/\/schema.org\",\"@graph\":[{\"@type\":\"WebPage\",\"@id\":\"https:\/\/b2b.calibereurope.com\/fr\/produit\/hwc401-fr_fr\/\",\"url\":\"https:\/\/b2b.calibereurope.com\/fr\/produit\/hwc401-fr_fr\/\",\"name\":\"Cam\u00e9ra de Surveillance Ext\u00e9rieure - Vision Nocturne - WiFi ou Filaire - Avec Application Smart Home - \u00c9tanche (HWC401) - Caliber Europe B.V.\",\"isPartOf\":{\"@id\":\"https:\/\/b2b.calibereurope.com\/#website\"},\"primaryImageOfPage\":{\"@id\":\"https:\/\/b2b.calibereurope.com\/fr\/produit\/hwc401-fr_fr\/#primaryimage\"},\"image\":{\"@id\":\"https:\/\/b2b.calibereurope.com\/fr\/produit\/hwc401-fr_fr\/#primaryimage\"},\"thumbnailUrl\":\"https:\/\/b2b.calibereurope.com\/wp-content\/uploads\/2023\/11\/7f1c6db16af36f0bcd461b40c9c4f47cb4aade42_HWC401_wall_web.jpg\",\"datePublished\":\"2023-11-28T00:00:00+00:00\",\"dateModified\":\"2023-11-28T12:57:12+00:00\",\"breadcrumb\":{\"@id\":\"https:\/\/b2b.calibereurope.com\/fr\/produit\/hwc401-fr_fr\/#breadcrumb\"},\"inLanguage\":\"fr-FR\",\"potentialAction\":[{\"@type\":\"ReadAction\",\"target\":[\"https:\/\/b2b.calibereurope.com\/fr\/produit\/hwc401-fr_fr\/\"]}]},{\"@type\":\"ImageObject\",\"inLanguage\":\"fr-FR\",\"@id\":\"https:\/\/b2b.calibereurope.com\/fr\/produit\/hwc401-fr_fr\/#primaryimage\",\"url\":\"https:\/\/b2b.calibereurope.com\/wp-content\/uploads\/2023\/11\/7f1c6db16af36f0bcd461b40c9c4f47cb4aade42_HWC401_wall_web.jpg\",\"contentUrl\":\"https:\/\/b2b.calibereurope.com\/wp-content\/uploads\/2023\/11\/7f1c6db16af36f0bcd461b40c9c4f47cb4aade42_HWC401_wall_web.jpg\",\"width\":1024,\"height\":768},{\"@type\":\"BreadcrumbList\",\"@id\":\"https:\/\/b2b.calibereurope.com\/fr\/produit\/hwc401-fr_fr\/#breadcrumb\",\"itemListElement\":[{\"@type\":\"ListItem\",\"position\":1,\"name\":\"Home\",\"item\":\"https:\/\/b2b.calibereurope.com\/fr\/home\/\"},{\"@type\":\"ListItem\",\"position\":2,\"name\":\"Boutique\",\"item\":\"https:\/\/b2b.calibereurope.com\/fr\/boutique\/\"},{\"@type\":\"ListItem\",\"position\":3,\"name\":\"Cam\u00e9ra d&rsquo;ext\u00e9rieur intelligente 1080P avec d\u00e9tection de mouvement (HWC401)\"}]},{\"@type\":\"WebSite\",\"@id\":\"https:\/\/b2b.calibereurope.com\/#website\",\"url\":\"https:\/\/b2b.calibereurope.com\/\",\"name\":\"Caliber Europe B.V.\",\"description\":\"B2B Webshop\",\"publisher\":{\"@id\":\"https:\/\/b2b.calibereurope.com\/#organization\"},\"potentialAction\":[{\"@type\":\"SearchAction\",\"target\":{\"@type\":\"EntryPoint\",\"urlTemplate\":\"https:\/\/b2b.calibereurope.com\/?s={search_term_string}\"},\"query-input\":{\"@type\":\"PropertyValueSpecification\",\"valueRequired\":true,\"valueName\":\"search_term_string\"}}],\"inLanguage\":\"fr-FR\"},{\"@type\":\"Organization\",\"@id\":\"https:\/\/b2b.calibereurope.com\/#organization\",\"name\":\"Caliber Europe B.V.\",\"url\":\"https:\/\/b2b.calibereurope.com\/\",\"logo\":{\"@type\":\"ImageObject\",\"inLanguage\":\"fr-FR\",\"@id\":\"https:\/\/b2b.calibereurope.com\/#\/schema\/logo\/image\/\",\"url\":\"https:\/\/b2b.calibereurope.com\/wp-content\/uploads\/2020\/12\/Caliber_Logo-Black.png\",\"contentUrl\":\"https:\/\/b2b.calibereurope.com\/wp-content\/uploads\/2020\/12\/Caliber_Logo-Black.png\",\"width\":3157,\"height\":356,\"caption\":\"Caliber Europe B.V.\"},\"image\":{\"@id\":\"https:\/\/b2b.calibereurope.com\/#\/schema\/logo\/image\/\"}}]}<\/script>\n<!-- \/ Yoast SEO plugin. -->","yoast_head_json":{"title":"Cam\u00e9ra de Surveillance Ext\u00e9rieure - Vision Nocturne - WiFi ou Filaire - Avec Application Smart Home - \u00c9tanche (HWC401) - Caliber Europe B.V.","robots":{"index":"noindex","follow":"follow","max-snippet":"max-snippet:-1","max-image-preview":"max-image-preview:large","max-video-preview":"max-video-preview:-1"},"og_locale":"fr_FR","og_type":"article","og_title":"Cam\u00e9ra de Surveillance Ext\u00e9rieure - Vision Nocturne - WiFi ou Filaire - Avec Application Smart Home - \u00c9tanche (HWC401) - Caliber Europe B.V.","og_description":"Pr\u00e9venez les cambriolages et cr\u00e9ez un sentiment de s\u00e9curit\u00e9 avec la cam\u00e9ra de surveillance ext\u00e9rieure Caliber HWC401. La cam\u00e9ra Full HD est \u00e9quip\u00e9e d&#39;un syst\u00e8me de d\u00e9tection de mouvement , de sorte que vous recevez une notification dans l&#39;application Caliber Smart Home","og_url":"https:\/\/b2b.calibereurope.com\/fr\/produit\/hwc401-fr_fr\/","og_site_name":"Caliber Europe B.V.","article_modified_time":"2023-11-28T12:57:12+00:00","og_image":[{"width":1024,"height":768,"url":"https:\/\/b2b.calibereurope.com\/wp-content\/uploads\/2021\/09\/7f1c6db16af36f0bcd461b40c9c4f47cb4aade42_HWC401_wall_web.jpg","type":"image\/jpeg"}],"twitter_card":"summary_large_image","schema":{"@context":"https:\/\/schema.org","@graph":[{"@type":"WebPage","@id":"https:\/\/b2b.calibereurope.com\/fr\/produit\/hwc401-fr_fr\/","url":"https:\/\/b2b.calibereurope.com\/fr\/produit\/hwc401-fr_fr\/","name":"Cam\u00e9ra de Surveillance Ext\u00e9rieure - Vision Nocturne - WiFi ou Filaire - Avec Application Smart Home - \u00c9tanche (HWC401) - Caliber Europe B.V.","isPartOf":{"@id":"https:\/\/b2b.calibereurope.com\/#website"},"primaryImageOfPage":{"@id":"https:\/\/b2b.calibereurope.com\/fr\/produit\/hwc401-fr_fr\/#primaryimage"},"image":{"@id":"https:\/\/b2b.calibereurope.com\/fr\/produit\/hwc401-fr_fr\/#primaryimage"},"thumbnailUrl":"https:\/\/b2b.calibereurope.com\/wp-content\/uploads\/2023\/11\/7f1c6db16af36f0bcd461b40c9c4f47cb4aade42_HWC401_wall_web.jpg","datePublished":"2023-11-28T00:00:00+00:00","dateModified":"2023-11-28T12:57:12+00:00","breadcrumb":{"@id":"https:\/\/b2b.calibereurope.com\/fr\/produit\/hwc401-fr_fr\/#breadcrumb"},"inLanguage":"fr-FR","potentialAction":[{"@type":"ReadAction","target":["https:\/\/b2b.calibereurope.com\/fr\/produit\/hwc401-fr_fr\/"]}]},{"@type":"ImageObject","inLanguage":"fr-FR","@id":"https:\/\/b2b.calibereurope.com\/fr\/produit\/hwc401-fr_fr\/#primaryimage","url":"https:\/\/b2b.calibereurope.com\/wp-content\/uploads\/2023\/11\/7f1c6db16af36f0bcd461b40c9c4f47cb4aade42_HWC401_wall_web.jpg","contentUrl":"https:\/\/b2b.calibereurope.com\/wp-content\/uploads\/2023\/11\/7f1c6db16af36f0bcd461b40c9c4f47cb4aade42_HWC401_wall_web.jpg","width":1024,"height":768},{"@type":"BreadcrumbList","@id":"https:\/\/b2b.calibereurope.com\/fr\/produit\/hwc401-fr_fr\/#breadcrumb","itemListElement":[{"@type":"ListItem","position":1,"name":"Home","item":"https:\/\/b2b.calibereurope.com\/fr\/home\/"},{"@type":"ListItem","position":2,"name":"Boutique","item":"https:\/\/b2b.calibereurope.com\/fr\/boutique\/"},{"@type":"ListItem","position":3,"name":"Cam\u00e9ra d&rsquo;ext\u00e9rieur intelligente 1080P avec d\u00e9tection de mouvement (HWC401)"}]},{"@type":"WebSite","@id":"https:\/\/b2b.calibereurope.com\/#website","url":"https:\/\/b2b.calibereurope.com\/","name":"Caliber Europe B.V.","description":"B2B Webshop","publisher":{"@id":"https:\/\/b2b.calibereurope.com\/#organization"},"potentialAction":[{"@type":"SearchAction","target":{"@type":"EntryPoint","urlTemplate":"https:\/\/b2b.calibereurope.com\/?s={search_term_string}"},"query-input":{"@type":"PropertyValueSpecification","valueRequired":true,"valueName":"search_term_string"}}],"inLanguage":"fr-FR"},{"@type":"Organization","@id":"https:\/\/b2b.calibereurope.com\/#organization","name":"Caliber Europe B.V.","url":"https:\/\/b2b.calibereurope.com\/","logo":{"@type":"ImageObject","inLanguage":"fr-FR","@id":"https:\/\/b2b.calibereurope.com\/#\/schema\/logo\/image\/","url":"https:\/\/b2b.calibereurope.com\/wp-content\/uploads\/2020\/12\/Caliber_Logo-Black.png","contentUrl":"https:\/\/b2b.calibereurope.com\/wp-content\/uploads\/2020\/12\/Caliber_Logo-Black.png","width":3157,"height":356,"caption":"Caliber Europe B.V."},"image":{"@id":"https:\/\/b2b.calibereurope.com\/#\/schema\/logo\/image\/"}}]}},"_links":{"self":[{"href":"https:\/\/b2b.calibereurope.com\/fr\/wp-json\/wp\/v2\/product\/489360","targetHints":{"allow":["GET"]}}],"collection":[{"href":"https:\/\/b2b.calibereurope.com\/fr\/wp-json\/wp\/v2\/product"}],"about":[{"href":"https:\/\/b2b.calibereurope.com\/fr\/wp-json\/wp\/v2\/types\/product"}],"version-history":[{"count":0,"href":"https:\/\/b2b.calibereurope.com\/fr\/wp-json\/wp\/v2\/product\/489360\/revisions"}],"wp:featuredmedia":[{"embeddable":true,"href":"https:\/\/b2b.calibereurope.com\/fr\/wp-json\/wp\/v2\/media\/839418"}],"wp:attachment":[{"href":"https:\/\/b2b.calibereurope.com\/fr\/wp-json\/wp\/v2\/media?parent=489360"}],"wp:term":[{"taxonomy":"product_brand","embeddable":true,"href":"https:\/\/b2b.calibereurope.com\/fr\/wp-json\/wp\/v2\/product_brand?post=489360"},{"taxonomy":"product_cat","embeddable":true,"href":"https:\/\/b2b.calibereurope.com\/fr\/wp-json\/wp\/v2\/product_cat?post=489360"},{"taxonomy":"product_tag","embeddable":true,"href":"https:\/\/b2b.calibereurope.com\/fr\/wp-json\/wp\/v2\/product_tag?post=489360"}],"curies":[{"name":"wp","href":"https:\/\/api.w.org\/{rel}","templated":true}]}}