{"id":489692,"date":"2023-11-28T01:00:00","date_gmt":"2023-11-28T00:00:00","guid":{"rendered":""},"modified":"2024-12-18T12:11:55","modified_gmt":"2024-12-18T11:11:55","slug":"HWC501-fr_FR","status":"publish","type":"product","link":"https:\/\/b2b.calibereurope.com\/fr\/produit\/HWC501-fr_FR\/","title":{"rendered":"Sonnette Connect\u00e9e avec Cam\u00e9ra et Batterie &#8211; Blanc (HWC501)"},"content":{"rendered":"<p>Avec la sonnette connect\u00e9e Caliber HWC501, remplacez votre ancienne sonnette par un choix plus s\u00fbr. Associez la sonnette tr\u00e8s facilement via l&#39;application gratuite Android et iOS \u00ab\u00a0Caliber Smart Home\u00a0\u00bb. De cette mani\u00e8re, la sonnerie retentit sur votre t\u00e9l\u00e9phone et, gr\u00e2ce \u00e0 la cam\u00e9ra int\u00e9gr\u00e9e de votre t\u00e9l\u00e9phone, vous pouvez voir qui est \u00e0 la porte. Cette sonnette connect\u00e9e est r\u00e9sistante \u00e0 l&#39;eau, et cela ne pose aucun probl\u00e8me si vous n&#39;avez pas d&#39;auvent au-dessus de la porte.<\/p>\n<p><strong> Regarder et parler \u00e0 distance <\/strong><br \/>La sonnette HWC501 est \u00e9quip\u00e9e d&#39;une cam\u00e9ra connect\u00e9e. Cela vous permet de voir qui est \u00e0 la porte via votre smartphone et de communiquer avec lui via l&#39;interphone. La sonnette reconna\u00eet l&#39;activit\u00e9 humaine devant votre maison. Elle envoie ensuite automatiquement un message sur votre smartphone, que vous recevez via l&#39;application. De cette fa\u00e7on, vous savez toujours ce qui se passe devant la porte. Gr\u00e2ce \u00e0 la fonction de vision nocturne, le HWC501 offre \u00e9galement une image claire la nuit. La sonnette offre un espace pour une carte micro SD, apr\u00e8s avoir ins\u00e9r\u00e9 une carte SD, il est possible d&#39;enregistrer, de sauvegarder et de regarder en arri\u00e8re<\/p>\n<p><strong> Batterie incluse <\/strong><br \/>La sonnette est aliment\u00e9e par un adaptateur ou par la batterie fournie. Pratique lorsqu&#39;il n&#39;y a pas de prise de courant \u00e0 proximit\u00e9. Ne craignez pas le vol de batterie. Elle ne peut \u00eatre d\u00e9verrouill\u00e9e que via l&#39;application, par exemple pour le recharger. Vous recevrez une notification opportune via l&#39;application lorsqu&#39;il sera n\u00e9cessaire de charger la batterie.<\/p>\n<p> Utilisez cette sonnette connect\u00e9e avec le gong HWC501CH disponible s\u00e9par\u00e9ment. Vous le placez \u00e0 l&#39;endroit d\u00e9sir\u00e9 dans la maison, de sorte que vous puissiez entendre la sonnette m\u00eame si vous n&#39;avez pas votre t\u00e9l\u00e9phone \u00e0 port\u00e9e de main.<\/p>\n","protected":false},"excerpt":{"rendered":"<p>Avec la sonnette connect\u00e9e Caliber HWC501, remplacez votre ancienne sonnette par un choix plus s\u00fbr. Associez la sonnette tr\u00e8s facilement via l&#39;application gratuite Android et iOS \u00ab\u00a0Caliber Smart Home\u00a0\u00bb. De cette mani\u00e8re, la sonnerie retentit sur votre t\u00e9l\u00e9phone et, gr\u00e2ce \u00e0 la cam\u00e9ra int\u00e9gr\u00e9e de votre t\u00e9l\u00e9phone, vous pouvez voir qui est \u00e0 la porte. [&hellip;]<\/p>\n","protected":false},"featured_media":839438,"template":"","meta":{"_acf_changed":false,"site-sidebar-layout":"default","site-content-layout":"","ast-site-content-layout":"default","site-content-style":"default","site-sidebar-style":"default","ast-global-header-display":"","ast-banner-title-visibility":"","ast-main-header-display":"","ast-hfb-above-header-display":"","ast-hfb-below-header-display":"","ast-hfb-mobile-header-display":"","site-post-title":"","ast-breadcrumbs-content":"","ast-featured-img":"","footer-sml-layout":"","theme-transparent-header-meta":"","adv-header-id-meta":"","stick-header-meta":"","header-above-stick-meta":"","header-main-stick-meta":"","header-below-stick-meta":"","astra-migrate-meta-layouts":"default","ast-page-background-enabled":"default","ast-page-background-meta":{"desktop":{"background-color":"","background-image":"","background-repeat":"repeat","background-position":"center center","background-size":"auto","background-attachment":"scroll","background-type":"","background-media":"","overlay-type":"","overlay-color":"","overlay-opacity":"","overlay-gradient":""},"tablet":{"background-color":"","background-image":"","background-repeat":"repeat","background-position":"center center","background-size":"auto","background-attachment":"scroll","background-type":"","background-media":"","overlay-type":"","overlay-color":"","overlay-opacity":"","overlay-gradient":""},"mobile":{"background-color":"","background-image":"","background-repeat":"repeat","background-position":"center center","background-size":"auto","background-attachment":"scroll","background-type":"","background-media":"","overlay-type":"","overlay-color":"","overlay-opacity":"","overlay-gradient":""}},"ast-content-background-meta":{"desktop":{"background-color":"var(--ast-global-color-5)","background-image":"","background-repeat":"repeat","background-position":"center center","background-size":"auto","background-attachment":"scroll","background-type":"","background-media":"","overlay-type":"","overlay-color":"","overlay-opacity":"","overlay-gradient":""},"tablet":{"background-color":"var(--ast-global-color-5)","background-image":"","background-repeat":"repeat","background-position":"center center","background-size":"auto","background-attachment":"scroll","background-type":"","background-media":"","overlay-type":"","overlay-color":"","overlay-opacity":"","overlay-gradient":""},"mobile":{"background-color":"var(--ast-global-color-5)","background-image":"","background-repeat":"repeat","background-position":"center center","background-size":"auto","background-attachment":"scroll","background-type":"","background-media":"","overlay-type":"","overlay-color":"","overlay-opacity":"","overlay-gradient":""}}},"product_brand":[],"product_cat":[22955],"product_tag":[],"class_list":{"0":"post-489692","1":"product","2":"type-product","3":"status-publish","4":"has-post-thumbnail","6":"product_cat-pas-de-categorie","7":"desktop-align-center","8":"tablet-align-center","9":"mobile-align-center","10":"ast-product-gallery-layout-horizontal","11":"ast-product-tabs-layout-horizontal","13":"first","14":"instock","15":"taxable","16":"shipping-taxable","17":"purchasable","18":"product-type-simple"},"acf":[],"yoast_head":"<!-- This site is optimized with the Yoast SEO plugin v26.5 - https:\/\/yoast.com\/wordpress\/plugins\/seo\/ -->\n<title>Sonnette Connect\u00e9e avec Cam\u00e9ra et Batterie - Blanc (HWC501) - Caliber Europe B.V.<\/title>\n<meta name=\"robots\" content=\"noindex, follow, max-snippet:-1, max-image-preview:large, max-video-preview:-1\" \/>\n<meta property=\"og:locale\" content=\"fr_FR\" \/>\n<meta property=\"og:type\" content=\"article\" \/>\n<meta property=\"og:title\" content=\"Sonnette Connect\u00e9e avec Cam\u00e9ra et Batterie - Blanc (HWC501) - Caliber Europe B.V.\" \/>\n<meta property=\"og:description\" content=\"Avec la sonnette connect\u00e9e Caliber HWC501, remplacez votre ancienne sonnette par un choix plus s\u00fbr. Associez la sonnette tr\u00e8s facilement via l&#039;application gratuite Android et iOS \u00ab\u00a0Caliber Smart Home\u00a0\u00bb. De cette mani\u00e8re, la sonnerie retentit sur votre t\u00e9l\u00e9phone et, gr\u00e2ce \u00e0 la cam\u00e9ra int\u00e9gr\u00e9e de votre t\u00e9l\u00e9phone, vous pouvez voir qui est \u00e0 la porte. [&hellip;]\" \/>\n<meta property=\"og:url\" content=\"https:\/\/b2b.calibereurope.com\/fr\/produit\/hwc501-fr_fr\/\" \/>\n<meta property=\"og:site_name\" content=\"Caliber Europe B.V.\" \/>\n<meta property=\"article:modified_time\" content=\"2024-12-18T11:11:55+00:00\" \/>\n<meta property=\"og:image\" content=\"https:\/\/b2b.calibereurope.com\/wp-content\/uploads\/2021\/09\/5f6ee7b2a85d2fb3e699d08add490847b881eccb_HWC501_smart.jpg\" \/>\n\t<meta property=\"og:image:width\" content=\"1067\" \/>\n\t<meta property=\"og:image:height\" content=\"800\" \/>\n\t<meta property=\"og:image:type\" content=\"image\/jpeg\" \/>\n<meta name=\"twitter:card\" content=\"summary_large_image\" \/>\n<meta name=\"twitter:label1\" content=\"Dur\u00e9e de lecture estim\u00e9e\" \/>\n\t<meta name=\"twitter:data1\" content=\"2 minutes\" \/>\n<script type=\"application\/ld+json\" class=\"yoast-schema-graph\">{\"@context\":\"https:\/\/schema.org\",\"@graph\":[{\"@type\":\"WebPage\",\"@id\":\"https:\/\/b2b.calibereurope.com\/fr\/produit\/hwc501-fr_fr\/\",\"url\":\"https:\/\/b2b.calibereurope.com\/fr\/produit\/hwc501-fr_fr\/\",\"name\":\"Sonnette Connect\u00e9e avec Cam\u00e9ra et Batterie - Blanc (HWC501) - Caliber Europe B.V.\",\"isPartOf\":{\"@id\":\"https:\/\/b2b.calibereurope.com\/#website\"},\"primaryImageOfPage\":{\"@id\":\"https:\/\/b2b.calibereurope.com\/fr\/produit\/hwc501-fr_fr\/#primaryimage\"},\"image\":{\"@id\":\"https:\/\/b2b.calibereurope.com\/fr\/produit\/hwc501-fr_fr\/#primaryimage\"},\"thumbnailUrl\":\"https:\/\/b2b.calibereurope.com\/wp-content\/uploads\/2023\/11\/024a7211dc104bd4dd1798deb85d081d6ee3eff7_HWC501_front.jpg\",\"datePublished\":\"2023-11-28T00:00:00+00:00\",\"dateModified\":\"2024-12-18T11:11:55+00:00\",\"breadcrumb\":{\"@id\":\"https:\/\/b2b.calibereurope.com\/fr\/produit\/hwc501-fr_fr\/#breadcrumb\"},\"inLanguage\":\"fr-FR\",\"potentialAction\":[{\"@type\":\"ReadAction\",\"target\":[\"https:\/\/b2b.calibereurope.com\/fr\/produit\/hwc501-fr_fr\/\"]}]},{\"@type\":\"ImageObject\",\"inLanguage\":\"fr-FR\",\"@id\":\"https:\/\/b2b.calibereurope.com\/fr\/produit\/hwc501-fr_fr\/#primaryimage\",\"url\":\"https:\/\/b2b.calibereurope.com\/wp-content\/uploads\/2023\/11\/024a7211dc104bd4dd1798deb85d081d6ee3eff7_HWC501_front.jpg\",\"contentUrl\":\"https:\/\/b2b.calibereurope.com\/wp-content\/uploads\/2023\/11\/024a7211dc104bd4dd1798deb85d081d6ee3eff7_HWC501_front.jpg\",\"width\":1024,\"height\":768},{\"@type\":\"BreadcrumbList\",\"@id\":\"https:\/\/b2b.calibereurope.com\/fr\/produit\/hwc501-fr_fr\/#breadcrumb\",\"itemListElement\":[{\"@type\":\"ListItem\",\"position\":1,\"name\":\"Home\",\"item\":\"https:\/\/b2b.calibereurope.com\/fr\/home\/\"},{\"@type\":\"ListItem\",\"position\":2,\"name\":\"Boutique\",\"item\":\"https:\/\/b2b.calibereurope.com\/fr\/boutique\/\"},{\"@type\":\"ListItem\",\"position\":3,\"name\":\"Sonnette intelligente avec appareil photo et batterie &#8211; Blanc (HWC501)\"}]},{\"@type\":\"WebSite\",\"@id\":\"https:\/\/b2b.calibereurope.com\/#website\",\"url\":\"https:\/\/b2b.calibereurope.com\/\",\"name\":\"Caliber Europe B.V.\",\"description\":\"B2B Webshop\",\"publisher\":{\"@id\":\"https:\/\/b2b.calibereurope.com\/#organization\"},\"potentialAction\":[{\"@type\":\"SearchAction\",\"target\":{\"@type\":\"EntryPoint\",\"urlTemplate\":\"https:\/\/b2b.calibereurope.com\/?s={search_term_string}\"},\"query-input\":{\"@type\":\"PropertyValueSpecification\",\"valueRequired\":true,\"valueName\":\"search_term_string\"}}],\"inLanguage\":\"fr-FR\"},{\"@type\":\"Organization\",\"@id\":\"https:\/\/b2b.calibereurope.com\/#organization\",\"name\":\"Caliber Europe B.V.\",\"url\":\"https:\/\/b2b.calibereurope.com\/\",\"logo\":{\"@type\":\"ImageObject\",\"inLanguage\":\"fr-FR\",\"@id\":\"https:\/\/b2b.calibereurope.com\/#\/schema\/logo\/image\/\",\"url\":\"https:\/\/b2b.calibereurope.com\/wp-content\/uploads\/2020\/12\/Caliber_Logo-Black.png\",\"contentUrl\":\"https:\/\/b2b.calibereurope.com\/wp-content\/uploads\/2020\/12\/Caliber_Logo-Black.png\",\"width\":3157,\"height\":356,\"caption\":\"Caliber Europe B.V.\"},\"image\":{\"@id\":\"https:\/\/b2b.calibereurope.com\/#\/schema\/logo\/image\/\"}}]}<\/script>\n<!-- \/ Yoast SEO plugin. -->","yoast_head_json":{"title":"Sonnette Connect\u00e9e avec Cam\u00e9ra et Batterie - Blanc (HWC501) - Caliber Europe B.V.","robots":{"index":"noindex","follow":"follow","max-snippet":"max-snippet:-1","max-image-preview":"max-image-preview:large","max-video-preview":"max-video-preview:-1"},"og_locale":"fr_FR","og_type":"article","og_title":"Sonnette Connect\u00e9e avec Cam\u00e9ra et Batterie - Blanc (HWC501) - Caliber Europe B.V.","og_description":"Avec la sonnette connect\u00e9e Caliber HWC501, remplacez votre ancienne sonnette par un choix plus s\u00fbr. Associez la sonnette tr\u00e8s facilement via l&#39;application gratuite Android et iOS \u00ab\u00a0Caliber Smart Home\u00a0\u00bb. De cette mani\u00e8re, la sonnerie retentit sur votre t\u00e9l\u00e9phone et, gr\u00e2ce \u00e0 la cam\u00e9ra int\u00e9gr\u00e9e de votre t\u00e9l\u00e9phone, vous pouvez voir qui est \u00e0 la porte. [&hellip;]","og_url":"https:\/\/b2b.calibereurope.com\/fr\/produit\/hwc501-fr_fr\/","og_site_name":"Caliber Europe B.V.","article_modified_time":"2024-12-18T11:11:55+00:00","og_image":[{"width":1067,"height":800,"url":"https:\/\/b2b.calibereurope.com\/wp-content\/uploads\/2021\/09\/5f6ee7b2a85d2fb3e699d08add490847b881eccb_HWC501_smart.jpg","type":"image\/jpeg"}],"twitter_card":"summary_large_image","twitter_misc":{"Dur\u00e9e de lecture estim\u00e9e":"2 minutes"},"schema":{"@context":"https:\/\/schema.org","@graph":[{"@type":"WebPage","@id":"https:\/\/b2b.calibereurope.com\/fr\/produit\/hwc501-fr_fr\/","url":"https:\/\/b2b.calibereurope.com\/fr\/produit\/hwc501-fr_fr\/","name":"Sonnette Connect\u00e9e avec Cam\u00e9ra et Batterie - Blanc (HWC501) - Caliber Europe B.V.","isPartOf":{"@id":"https:\/\/b2b.calibereurope.com\/#website"},"primaryImageOfPage":{"@id":"https:\/\/b2b.calibereurope.com\/fr\/produit\/hwc501-fr_fr\/#primaryimage"},"image":{"@id":"https:\/\/b2b.calibereurope.com\/fr\/produit\/hwc501-fr_fr\/#primaryimage"},"thumbnailUrl":"https:\/\/b2b.calibereurope.com\/wp-content\/uploads\/2023\/11\/024a7211dc104bd4dd1798deb85d081d6ee3eff7_HWC501_front.jpg","datePublished":"2023-11-28T00:00:00+00:00","dateModified":"2024-12-18T11:11:55+00:00","breadcrumb":{"@id":"https:\/\/b2b.calibereurope.com\/fr\/produit\/hwc501-fr_fr\/#breadcrumb"},"inLanguage":"fr-FR","potentialAction":[{"@type":"ReadAction","target":["https:\/\/b2b.calibereurope.com\/fr\/produit\/hwc501-fr_fr\/"]}]},{"@type":"ImageObject","inLanguage":"fr-FR","@id":"https:\/\/b2b.calibereurope.com\/fr\/produit\/hwc501-fr_fr\/#primaryimage","url":"https:\/\/b2b.calibereurope.com\/wp-content\/uploads\/2023\/11\/024a7211dc104bd4dd1798deb85d081d6ee3eff7_HWC501_front.jpg","contentUrl":"https:\/\/b2b.calibereurope.com\/wp-content\/uploads\/2023\/11\/024a7211dc104bd4dd1798deb85d081d6ee3eff7_HWC501_front.jpg","width":1024,"height":768},{"@type":"BreadcrumbList","@id":"https:\/\/b2b.calibereurope.com\/fr\/produit\/hwc501-fr_fr\/#breadcrumb","itemListElement":[{"@type":"ListItem","position":1,"name":"Home","item":"https:\/\/b2b.calibereurope.com\/fr\/home\/"},{"@type":"ListItem","position":2,"name":"Boutique","item":"https:\/\/b2b.calibereurope.com\/fr\/boutique\/"},{"@type":"ListItem","position":3,"name":"Sonnette intelligente avec appareil photo et batterie &#8211; Blanc (HWC501)"}]},{"@type":"WebSite","@id":"https:\/\/b2b.calibereurope.com\/#website","url":"https:\/\/b2b.calibereurope.com\/","name":"Caliber Europe B.V.","description":"B2B Webshop","publisher":{"@id":"https:\/\/b2b.calibereurope.com\/#organization"},"potentialAction":[{"@type":"SearchAction","target":{"@type":"EntryPoint","urlTemplate":"https:\/\/b2b.calibereurope.com\/?s={search_term_string}"},"query-input":{"@type":"PropertyValueSpecification","valueRequired":true,"valueName":"search_term_string"}}],"inLanguage":"fr-FR"},{"@type":"Organization","@id":"https:\/\/b2b.calibereurope.com\/#organization","name":"Caliber Europe B.V.","url":"https:\/\/b2b.calibereurope.com\/","logo":{"@type":"ImageObject","inLanguage":"fr-FR","@id":"https:\/\/b2b.calibereurope.com\/#\/schema\/logo\/image\/","url":"https:\/\/b2b.calibereurope.com\/wp-content\/uploads\/2020\/12\/Caliber_Logo-Black.png","contentUrl":"https:\/\/b2b.calibereurope.com\/wp-content\/uploads\/2020\/12\/Caliber_Logo-Black.png","width":3157,"height":356,"caption":"Caliber Europe B.V."},"image":{"@id":"https:\/\/b2b.calibereurope.com\/#\/schema\/logo\/image\/"}}]}},"_links":{"self":[{"href":"https:\/\/b2b.calibereurope.com\/fr\/wp-json\/wp\/v2\/product\/489692","targetHints":{"allow":["GET"]}}],"collection":[{"href":"https:\/\/b2b.calibereurope.com\/fr\/wp-json\/wp\/v2\/product"}],"about":[{"href":"https:\/\/b2b.calibereurope.com\/fr\/wp-json\/wp\/v2\/types\/product"}],"version-history":[{"count":0,"href":"https:\/\/b2b.calibereurope.com\/fr\/wp-json\/wp\/v2\/product\/489692\/revisions"}],"wp:featuredmedia":[{"embeddable":true,"href":"https:\/\/b2b.calibereurope.com\/fr\/wp-json\/wp\/v2\/media\/839438"}],"wp:attachment":[{"href":"https:\/\/b2b.calibereurope.com\/fr\/wp-json\/wp\/v2\/media?parent=489692"}],"wp:term":[{"taxonomy":"product_brand","embeddable":true,"href":"https:\/\/b2b.calibereurope.com\/fr\/wp-json\/wp\/v2\/product_brand?post=489692"},{"taxonomy":"product_cat","embeddable":true,"href":"https:\/\/b2b.calibereurope.com\/fr\/wp-json\/wp\/v2\/product_cat?post=489692"},{"taxonomy":"product_tag","embeddable":true,"href":"https:\/\/b2b.calibereurope.com\/fr\/wp-json\/wp\/v2\/product_tag?post=489692"}],"curies":[{"name":"wp","href":"https:\/\/api.w.org\/{rel}","templated":true}]}}