{"id":490772,"date":"2025-12-04T01:00:00","date_gmt":"2025-12-04T00:00:00","guid":{"rendered":"0"},"modified":"2026-02-06T11:06:54","modified_gmt":"2026-02-06T10:06:54","slug":"ANT741-DAB-fr_FR","status":"publish","type":"product","link":"https:\/\/b2b.calibereurope.com\/fr\/produit\/ANT741-DAB-fr_FR\/","title":{"rendered":"Antenne pour l&rsquo;autoradio &#8211; SMB Femme Plug &#8211; C\u00e2ble 3M &#8211; DAB actif + Antenne &#8211; R\u00e8glement (ANT741 -DAB)"},"content":{"rendered":"<p> Profitez du son radio cristallin dans la voiture gr\u00e2ce \u00e0 l&#39;antenne DAB + Caliber. L&#39;antenne garantit que vous avez un <strong> bon r\u00e9ception <\/strong> avec votre radio partout. Par exemple, utilisez l&#39;antenne DAB pour l&#39;autoradio. Le c\u00e2ble de l&#39;antenne mesure <strong> 300 cm de long <\/strong>, vous avez donc toujours assez d&#39;espace pour placer l&#39;antenne dans un endroit pratique. L&#39;antenne DAB re\u00e7oit des fr\u00e9quences de <strong> 174 ~ 237 MHz <\/strong> \u00e0 <strong> 470 ~ 958 MHz <\/strong>. De cette fa\u00e7on, vous pouvez recevoir toutes vos stations de radio pr\u00e9f\u00e9r\u00e9es sans dysfonctionnements ni bruit. Profitez o\u00f9 que vous soyez les meilleurs morceaux! <\/p>\n<p> <strong> Caract\u00e9ristiques: <\/strong> <\/p>\n<ul>\n<li> DAB + antenne active <\/li>\n<li> fiche f\u00e9minine SMB<\/li>\n<li> Fonctionne sur 5V <\/li>\n<li> C\u00e2ble de 300 centim\u00e8tres <\/li>\n<li> auto-adh\u00e9sif (montage sur le verre) <\/li>\n<li> Fr\u00e9quences 174 ~ 237MHz \/ 470 ~ 958MHz <\/li>\n<\/ul>\n<h3> Fonctionne avec chaque radio <\/h3>\n<p> L&#39;antenne DAB DAB Peut \u00eatre utilis\u00e9 avec chaque autoradio DAB et est universel \u00e0 utiliser. Veuillez noter: il est important que votre radio ait besoin d&#39;une fiche f\u00e9minine, au lieu d&#39;une fiche masculine. Cette antenne DAB est destin\u00e9e aux radios (car) avec une porte f\u00e9minine. <\/p>\n<h3> Facile \u00e0 fixer <\/h3>\n<p> L&#39;antenne peut facilement \u00eatre connect\u00e9e \u00e0 l&#39;autoradio pour am\u00e9liorer la r\u00e9ception. Gr\u00e2ce \u00e0 la prise f\u00e9minine SMB, le tuner DAB + peut facilement \u00eatre connect\u00e9. Par exemple, utilisez-le pour la caravane, le camping-car ou le bateau pour avoir une r\u00e9ception parfaite partout. L&#39;antenne est \u00e9quip\u00e9e d&#39;un c\u00e2ble \u00e0 3 m\u00e8tres. Cela vous permet de placer l&#39;antenne dans n&#39;importe quel endroit souhait\u00e9, sans qu&#39;il soit sur le chemin. <\/p>\n<h3> Sound cristallin <\/h3>\n<p> L&#39;antenne DAB + a \u00e9t\u00e9 sp\u00e9cialement d\u00e9velopp\u00e9e pour renforcer le signal de la radio partout. Par exemple, une mauvaise r\u00e9ception radio dans la voiture est une chose du pass\u00e9 et vous pouvez \u00e0 nouveau profiter de votre musique pr\u00e9f\u00e9r\u00e9e, sans bruit. L&#39;antenne renforce les fr\u00e9quences de 174 ~ 237 MHz \u00e0 470 ~ 958 MHz. Avec DAB +, vous pouvez \u00e9galement recevoir plus de stations de radio qu&#39;avec un tuner FM. <\/p>\n","protected":false},"excerpt":{"rendered":"<p>Profitez du son radio cristallin dans la voiture gr\u00e2ce \u00e0 l&#39;antenne DAB + Caliber. L&#39;antenne garantit que vous avez un bon r\u00e9ception avec votre radio partout. Par exemple, utilisez l&#39;antenne DAB pour l&#39;autoradio. Le c\u00e2ble de l&#39;antenne mesure 300 cm de long , vous avez donc toujours assez d&#39;espace pour placer l&#39;antenne dans un endroit [&hellip;]<\/p>\n","protected":false},"featured_media":869378,"template":"","meta":{"_acf_changed":false,"site-sidebar-layout":"default","site-content-layout":"","ast-site-content-layout":"default","site-content-style":"default","site-sidebar-style":"default","ast-global-header-display":"","ast-banner-title-visibility":"","ast-main-header-display":"","ast-hfb-above-header-display":"","ast-hfb-below-header-display":"","ast-hfb-mobile-header-display":"","site-post-title":"","ast-breadcrumbs-content":"","ast-featured-img":"","footer-sml-layout":"","theme-transparent-header-meta":"","adv-header-id-meta":"","stick-header-meta":"","header-above-stick-meta":"","header-main-stick-meta":"","header-below-stick-meta":"","astra-migrate-meta-layouts":"default","ast-page-background-enabled":"default","ast-page-background-meta":{"desktop":{"background-color":"","background-image":"","background-repeat":"repeat","background-position":"center center","background-size":"auto","background-attachment":"scroll","background-type":"","background-media":"","overlay-type":"","overlay-color":"","overlay-opacity":"","overlay-gradient":""},"tablet":{"background-color":"","background-image":"","background-repeat":"repeat","background-position":"center center","background-size":"auto","background-attachment":"scroll","background-type":"","background-media":"","overlay-type":"","overlay-color":"","overlay-opacity":"","overlay-gradient":""},"mobile":{"background-color":"","background-image":"","background-repeat":"repeat","background-position":"center center","background-size":"auto","background-attachment":"scroll","background-type":"","background-media":"","overlay-type":"","overlay-color":"","overlay-opacity":"","overlay-gradient":""}},"ast-content-background-meta":{"desktop":{"background-color":"var(--ast-global-color-5)","background-image":"","background-repeat":"repeat","background-position":"center center","background-size":"auto","background-attachment":"scroll","background-type":"","background-media":"","overlay-type":"","overlay-color":"","overlay-opacity":"","overlay-gradient":""},"tablet":{"background-color":"var(--ast-global-color-5)","background-image":"","background-repeat":"repeat","background-position":"center center","background-size":"auto","background-attachment":"scroll","background-type":"","background-media":"","overlay-type":"","overlay-color":"","overlay-opacity":"","overlay-gradient":""},"mobile":{"background-color":"var(--ast-global-color-5)","background-image":"","background-repeat":"repeat","background-position":"center center","background-size":"auto","background-attachment":"scroll","background-type":"","background-media":"","overlay-type":"","overlay-color":"","overlay-opacity":"","overlay-gradient":""}}},"product_brand":[],"product_cat":[22955],"product_tag":[],"class_list":{"0":"post-490772","1":"product","2":"type-product","3":"status-publish","4":"has-post-thumbnail","6":"product_cat-pas-de-categorie","7":"desktop-align-center","8":"tablet-align-center","9":"mobile-align-center","10":"ast-product-gallery-layout-horizontal","11":"ast-product-tabs-layout-horizontal","13":"first","14":"instock","15":"taxable","16":"shipping-taxable","17":"purchasable","18":"product-type-simple"},"acf":[],"yoast_head":"<!-- This site is optimized with the Yoast SEO plugin v26.5 - https:\/\/yoast.com\/wordpress\/plugins\/seo\/ -->\n<title>Antenne pour l&#039;autoradio - SMB Femme Plug - C\u00e2ble 3M - DAB actif + Antenne - R\u00e8glement (ANT741 -DAB) - Caliber Europe B.V.<\/title>\n<meta name=\"robots\" content=\"noindex, follow, max-snippet:-1, max-image-preview:large, max-video-preview:-1\" \/>\n<meta property=\"og:locale\" content=\"fr_FR\" \/>\n<meta property=\"og:type\" content=\"article\" \/>\n<meta property=\"og:title\" content=\"Antenne pour l&#039;autoradio - SMB Femme Plug - C\u00e2ble 3M - DAB actif + Antenne - R\u00e8glement (ANT741 -DAB) - Caliber Europe B.V.\" \/>\n<meta property=\"og:description\" content=\"Profitez du son radio cristallin dans la voiture gr\u00e2ce \u00e0 l&#039;antenne DAB + Caliber. L&#039;antenne garantit que vous avez un bon r\u00e9ception avec votre radio partout. Par exemple, utilisez l&#039;antenne DAB pour l&#039;autoradio. Le c\u00e2ble de l&#039;antenne mesure 300 cm de long , vous avez donc toujours assez d&#039;espace pour placer l&#039;antenne dans un endroit [&hellip;]\" \/>\n<meta property=\"og:url\" content=\"https:\/\/b2b.calibereurope.com\/fr\/produit\/ant741-dab-fr_fr\/\" \/>\n<meta property=\"og:site_name\" content=\"Caliber Europe B.V.\" \/>\n<meta property=\"article:modified_time\" content=\"2026-02-06T10:06:54+00:00\" \/>\n<meta property=\"og:image\" content=\"https:\/\/b2b.calibereurope.com\/wp-content\/uploads\/2021\/09\/3dbda10c8a078a2c69c62acec82ab1ba0ea2a92f_ANT741_DAB.jpg\" \/>\n\t<meta property=\"og:image:width\" content=\"1024\" \/>\n\t<meta property=\"og:image:height\" content=\"768\" \/>\n\t<meta property=\"og:image:type\" content=\"image\/jpeg\" \/>\n<meta name=\"twitter:card\" content=\"summary_large_image\" \/>\n<meta name=\"twitter:label1\" content=\"Dur\u00e9e de lecture estim\u00e9e\" \/>\n\t<meta name=\"twitter:data1\" content=\"2 minutes\" \/>\n<script type=\"application\/ld+json\" class=\"yoast-schema-graph\">{\"@context\":\"https:\/\/schema.org\",\"@graph\":[{\"@type\":\"WebPage\",\"@id\":\"https:\/\/b2b.calibereurope.com\/fr\/produit\/ant741-dab-fr_fr\/\",\"url\":\"https:\/\/b2b.calibereurope.com\/fr\/produit\/ant741-dab-fr_fr\/\",\"name\":\"Antenne pour l'autoradio - SMB Femme Plug - C\u00e2ble 3M - DAB actif + Antenne - R\u00e8glement (ANT741 -DAB) - Caliber Europe B.V.\",\"isPartOf\":{\"@id\":\"https:\/\/b2b.calibereurope.com\/#website\"},\"primaryImageOfPage\":{\"@id\":\"https:\/\/b2b.calibereurope.com\/fr\/produit\/ant741-dab-fr_fr\/#primaryimage\"},\"image\":{\"@id\":\"https:\/\/b2b.calibereurope.com\/fr\/produit\/ant741-dab-fr_fr\/#primaryimage\"},\"thumbnailUrl\":\"https:\/\/b2b.calibereurope.com\/wp-content\/uploads\/2025\/12\/3dbda10c8a078a2c69c62acec82ab1ba0ea2a92f_ANT741_DAB-4.jpg\",\"datePublished\":\"2025-12-04T00:00:00+00:00\",\"dateModified\":\"2026-02-06T10:06:54+00:00\",\"breadcrumb\":{\"@id\":\"https:\/\/b2b.calibereurope.com\/fr\/produit\/ant741-dab-fr_fr\/#breadcrumb\"},\"inLanguage\":\"fr-FR\",\"potentialAction\":[{\"@type\":\"ReadAction\",\"target\":[\"https:\/\/b2b.calibereurope.com\/fr\/produit\/ant741-dab-fr_fr\/\"]}]},{\"@type\":\"ImageObject\",\"inLanguage\":\"fr-FR\",\"@id\":\"https:\/\/b2b.calibereurope.com\/fr\/produit\/ant741-dab-fr_fr\/#primaryimage\",\"url\":\"https:\/\/b2b.calibereurope.com\/wp-content\/uploads\/2025\/12\/3dbda10c8a078a2c69c62acec82ab1ba0ea2a92f_ANT741_DAB-4.jpg\",\"contentUrl\":\"https:\/\/b2b.calibereurope.com\/wp-content\/uploads\/2025\/12\/3dbda10c8a078a2c69c62acec82ab1ba0ea2a92f_ANT741_DAB-4.jpg\",\"width\":1024,\"height\":768},{\"@type\":\"BreadcrumbList\",\"@id\":\"https:\/\/b2b.calibereurope.com\/fr\/produit\/ant741-dab-fr_fr\/#breadcrumb\",\"itemListElement\":[{\"@type\":\"ListItem\",\"position\":1,\"name\":\"Home\",\"item\":\"https:\/\/b2b.calibereurope.com\/fr\/home\/\"},{\"@type\":\"ListItem\",\"position\":2,\"name\":\"Boutique\",\"item\":\"https:\/\/b2b.calibereurope.com\/fr\/boutique\/\"},{\"@type\":\"ListItem\",\"position\":3,\"name\":\"Antenne &#8211; DAB+ (ANT741-DAB)\"}]},{\"@type\":\"WebSite\",\"@id\":\"https:\/\/b2b.calibereurope.com\/#website\",\"url\":\"https:\/\/b2b.calibereurope.com\/\",\"name\":\"Caliber Europe B.V.\",\"description\":\"B2B Webshop\",\"publisher\":{\"@id\":\"https:\/\/b2b.calibereurope.com\/#organization\"},\"potentialAction\":[{\"@type\":\"SearchAction\",\"target\":{\"@type\":\"EntryPoint\",\"urlTemplate\":\"https:\/\/b2b.calibereurope.com\/?s={search_term_string}\"},\"query-input\":{\"@type\":\"PropertyValueSpecification\",\"valueRequired\":true,\"valueName\":\"search_term_string\"}}],\"inLanguage\":\"fr-FR\"},{\"@type\":\"Organization\",\"@id\":\"https:\/\/b2b.calibereurope.com\/#organization\",\"name\":\"Caliber Europe B.V.\",\"url\":\"https:\/\/b2b.calibereurope.com\/\",\"logo\":{\"@type\":\"ImageObject\",\"inLanguage\":\"fr-FR\",\"@id\":\"https:\/\/b2b.calibereurope.com\/#\/schema\/logo\/image\/\",\"url\":\"https:\/\/b2b.calibereurope.com\/wp-content\/uploads\/2020\/12\/Caliber_Logo-Black.png\",\"contentUrl\":\"https:\/\/b2b.calibereurope.com\/wp-content\/uploads\/2020\/12\/Caliber_Logo-Black.png\",\"width\":3157,\"height\":356,\"caption\":\"Caliber Europe B.V.\"},\"image\":{\"@id\":\"https:\/\/b2b.calibereurope.com\/#\/schema\/logo\/image\/\"}}]}<\/script>\n<!-- \/ Yoast SEO plugin. -->","yoast_head_json":{"title":"Antenne pour l'autoradio - SMB Femme Plug - C\u00e2ble 3M - DAB actif + Antenne - R\u00e8glement (ANT741 -DAB) - Caliber Europe B.V.","robots":{"index":"noindex","follow":"follow","max-snippet":"max-snippet:-1","max-image-preview":"max-image-preview:large","max-video-preview":"max-video-preview:-1"},"og_locale":"fr_FR","og_type":"article","og_title":"Antenne pour l'autoradio - SMB Femme Plug - C\u00e2ble 3M - DAB actif + Antenne - R\u00e8glement (ANT741 -DAB) - Caliber Europe B.V.","og_description":"Profitez du son radio cristallin dans la voiture gr\u00e2ce \u00e0 l&#39;antenne DAB + Caliber. L&#39;antenne garantit que vous avez un bon r\u00e9ception avec votre radio partout. Par exemple, utilisez l&#39;antenne DAB pour l&#39;autoradio. Le c\u00e2ble de l&#39;antenne mesure 300 cm de long , vous avez donc toujours assez d&#39;espace pour placer l&#39;antenne dans un endroit [&hellip;]","og_url":"https:\/\/b2b.calibereurope.com\/fr\/produit\/ant741-dab-fr_fr\/","og_site_name":"Caliber Europe B.V.","article_modified_time":"2026-02-06T10:06:54+00:00","og_image":[{"width":1024,"height":768,"url":"https:\/\/b2b.calibereurope.com\/wp-content\/uploads\/2021\/09\/3dbda10c8a078a2c69c62acec82ab1ba0ea2a92f_ANT741_DAB.jpg","type":"image\/jpeg"}],"twitter_card":"summary_large_image","twitter_misc":{"Dur\u00e9e de lecture estim\u00e9e":"2 minutes"},"schema":{"@context":"https:\/\/schema.org","@graph":[{"@type":"WebPage","@id":"https:\/\/b2b.calibereurope.com\/fr\/produit\/ant741-dab-fr_fr\/","url":"https:\/\/b2b.calibereurope.com\/fr\/produit\/ant741-dab-fr_fr\/","name":"Antenne pour l'autoradio - SMB Femme Plug - C\u00e2ble 3M - DAB actif + Antenne - R\u00e8glement (ANT741 -DAB) - Caliber Europe B.V.","isPartOf":{"@id":"https:\/\/b2b.calibereurope.com\/#website"},"primaryImageOfPage":{"@id":"https:\/\/b2b.calibereurope.com\/fr\/produit\/ant741-dab-fr_fr\/#primaryimage"},"image":{"@id":"https:\/\/b2b.calibereurope.com\/fr\/produit\/ant741-dab-fr_fr\/#primaryimage"},"thumbnailUrl":"https:\/\/b2b.calibereurope.com\/wp-content\/uploads\/2025\/12\/3dbda10c8a078a2c69c62acec82ab1ba0ea2a92f_ANT741_DAB-4.jpg","datePublished":"2025-12-04T00:00:00+00:00","dateModified":"2026-02-06T10:06:54+00:00","breadcrumb":{"@id":"https:\/\/b2b.calibereurope.com\/fr\/produit\/ant741-dab-fr_fr\/#breadcrumb"},"inLanguage":"fr-FR","potentialAction":[{"@type":"ReadAction","target":["https:\/\/b2b.calibereurope.com\/fr\/produit\/ant741-dab-fr_fr\/"]}]},{"@type":"ImageObject","inLanguage":"fr-FR","@id":"https:\/\/b2b.calibereurope.com\/fr\/produit\/ant741-dab-fr_fr\/#primaryimage","url":"https:\/\/b2b.calibereurope.com\/wp-content\/uploads\/2025\/12\/3dbda10c8a078a2c69c62acec82ab1ba0ea2a92f_ANT741_DAB-4.jpg","contentUrl":"https:\/\/b2b.calibereurope.com\/wp-content\/uploads\/2025\/12\/3dbda10c8a078a2c69c62acec82ab1ba0ea2a92f_ANT741_DAB-4.jpg","width":1024,"height":768},{"@type":"BreadcrumbList","@id":"https:\/\/b2b.calibereurope.com\/fr\/produit\/ant741-dab-fr_fr\/#breadcrumb","itemListElement":[{"@type":"ListItem","position":1,"name":"Home","item":"https:\/\/b2b.calibereurope.com\/fr\/home\/"},{"@type":"ListItem","position":2,"name":"Boutique","item":"https:\/\/b2b.calibereurope.com\/fr\/boutique\/"},{"@type":"ListItem","position":3,"name":"Antenne &#8211; DAB+ (ANT741-DAB)"}]},{"@type":"WebSite","@id":"https:\/\/b2b.calibereurope.com\/#website","url":"https:\/\/b2b.calibereurope.com\/","name":"Caliber Europe B.V.","description":"B2B Webshop","publisher":{"@id":"https:\/\/b2b.calibereurope.com\/#organization"},"potentialAction":[{"@type":"SearchAction","target":{"@type":"EntryPoint","urlTemplate":"https:\/\/b2b.calibereurope.com\/?s={search_term_string}"},"query-input":{"@type":"PropertyValueSpecification","valueRequired":true,"valueName":"search_term_string"}}],"inLanguage":"fr-FR"},{"@type":"Organization","@id":"https:\/\/b2b.calibereurope.com\/#organization","name":"Caliber Europe B.V.","url":"https:\/\/b2b.calibereurope.com\/","logo":{"@type":"ImageObject","inLanguage":"fr-FR","@id":"https:\/\/b2b.calibereurope.com\/#\/schema\/logo\/image\/","url":"https:\/\/b2b.calibereurope.com\/wp-content\/uploads\/2020\/12\/Caliber_Logo-Black.png","contentUrl":"https:\/\/b2b.calibereurope.com\/wp-content\/uploads\/2020\/12\/Caliber_Logo-Black.png","width":3157,"height":356,"caption":"Caliber Europe B.V."},"image":{"@id":"https:\/\/b2b.calibereurope.com\/#\/schema\/logo\/image\/"}}]}},"_links":{"self":[{"href":"https:\/\/b2b.calibereurope.com\/fr\/wp-json\/wp\/v2\/product\/490772","targetHints":{"allow":["GET"]}}],"collection":[{"href":"https:\/\/b2b.calibereurope.com\/fr\/wp-json\/wp\/v2\/product"}],"about":[{"href":"https:\/\/b2b.calibereurope.com\/fr\/wp-json\/wp\/v2\/types\/product"}],"version-history":[{"count":0,"href":"https:\/\/b2b.calibereurope.com\/fr\/wp-json\/wp\/v2\/product\/490772\/revisions"}],"wp:featuredmedia":[{"embeddable":true,"href":"https:\/\/b2b.calibereurope.com\/fr\/wp-json\/wp\/v2\/media\/869378"}],"wp:attachment":[{"href":"https:\/\/b2b.calibereurope.com\/fr\/wp-json\/wp\/v2\/media?parent=490772"}],"wp:term":[{"taxonomy":"product_brand","embeddable":true,"href":"https:\/\/b2b.calibereurope.com\/fr\/wp-json\/wp\/v2\/product_brand?post=490772"},{"taxonomy":"product_cat","embeddable":true,"href":"https:\/\/b2b.calibereurope.com\/fr\/wp-json\/wp\/v2\/product_cat?post=490772"},{"taxonomy":"product_tag","embeddable":true,"href":"https:\/\/b2b.calibereurope.com\/fr\/wp-json\/wp\/v2\/product_tag?post=490772"}],"curies":[{"name":"wp","href":"https:\/\/api.w.org\/{rel}","templated":true}]}}