{"id":491612,"date":"2023-12-21T01:00:00","date_gmt":"2023-12-21T00:00:00","guid":{"rendered":""},"modified":"2024-12-27T00:33:37","modified_gmt":"2024-12-26T23:33:37","slug":"hpg407bt-fr_fr","status":"publish","type":"product","link":"https:\/\/b2b.calibereurope.com\/fr\/produit\/hpg407bt-fr_fr\/","title":{"rendered":"Haut-parleur sans fil avec Bluetooth, USB, SD et AUX &#8211; 16 heures de jeu (HPG407BT)"},"content":{"rendered":"<p> Profitez de votre musique pr\u00e9f\u00e9r\u00e9e o\u00f9 que vous soyez avec ce haut-parleur Bluetooth de Caliber HPG407BT. Gr\u00e2ce au <strong> STRAP de transport \u00e0 port\u00e9e de main <\/strong>, vous pouvez facilement prendre la bo\u00eete de musique sur le v\u00e9lo ou pendant une promenade. Avec <strong> 9 watt Power <\/strong>, vous pouvez toujours profiter de la musique en petit groupe. Le haut-parleur sans fil a un <strong> temps de jeu extr\u00eamement long <\/strong> d&#39;au moins <strong> 16 heures de plaisir d&#39;\u00e9coute <\/strong> et a un <strong> USB, SD et AUX entr\u00e9e <\/strong>. Connectez votre t\u00e9l\u00e9phone <strong> via Bluetooth <\/strong> pour lire vos tubes pr\u00e9f\u00e9r\u00e9s, a mang\u00e9 ou utiliser la fonction <strong> fm-radio <\/strong> afin que vous n&#39;ayez pas \u00e0 choisir ce que vous \u00e9coutez. <\/p>\n<p> <strong> Propri\u00e9t\u00e9s: <\/strong> <\/p>\n<ul>\n<li> Batterie pendant 16 heures de temps de jeu\n<li> Transport de la sangle <l> Entr\u00e9e USB < Entr\u00e9e de la carte SD \n\n<li> Entr\u00e9e AUX (3,5 mm)\n<li> Fonction FM-Radio\n<li> C\u00e2ble de charge USB <\/li>\n<\/ul>\n<p> <strong> Remarque: <\/strong> Adaptateur USB exclusif <\/p>\n<h3> \u00c9coutez comme vous voulez <\/h3>\n<p> vous pouvez facilement connecter cet haut-parleur sans fil avec votre smartphone via Bluetooth, afin que vous puissiez lire exactement ce que vous voulez entendre via votre application musicale pr\u00e9f\u00e9r\u00e9e. Pr\u00e9f\u00e9rez-vous utiliser une autre fa\u00e7on de se connecter? Ensuite, il existe diff\u00e9rentes autres options! Vous pouvez \u00e9galement connecter des p\u00e9riph\u00e9riques via les entr\u00e9es USB, SD ou AUX pour jouer de la musique. Sur ce haut-parleur Bluetooth avec une fonction radio, vous pouvez \u00e9galement facilement opter pour une station de radio, afin qu&#39;il y ait une musique constante \u00e0 entendre. <\/p>\n<h3> Profitation sans fin <\/h3>\n<p> Gr\u00e2ce \u00e0 la batterie construite, vous n&#39;avez pas besoin d&#39;une prise pour jouer de la musique via la bo\u00eete Bluetooth. Avec une batterie compl\u00e8te, vous pouvez jouer de la musique jusqu&#39;\u00e0 16 heures sur le haut-parleur Bluetooth. De cette fa\u00e7on, vous pouvez profiter de deux jours ouvrables complets ou plusieurs soir\u00e9es par semaine de votre playlist ou de votre podcast pr\u00e9f\u00e9r\u00e9, sans charge. Voulez-vous charger les haut-parleurs Bluetooth? C&#39;est facile avec le c\u00e2ble de charge USB fourni. <\/p>\n<h3> Id\u00e9al \u00e0 emporter avec vous <\/h3>\n<p> Prenez le haut-parleur Bluetooth sans fil \u00e0 l&#39;atelier, \u00e0 la piscine ou dans le vestiaire ou utilisez le haut-parleur comme installation musicale dans votre voiture. Gr\u00e2ce \u00e0 la sangle de transport construite, vous pouvez facilement emporter la bo\u00eete avec vous, o\u00f9 que vous alliez. Le haut-parleur Bluetooth a une puissance de 9 watt, avec laquelle il produit suffisamment de son pour un petit groupe de personnes. Demandez \u00e0 vos amis de faire fonctionner la musique par une pause facile \u00e0 faire en sorte, sauter ou ajuster le volume via la bo\u00eete. <\/p>\n<p> <strong> <br \/> inclus: <\/strong> <\/p>\n<ul>\n<li> Caliber HPG407BT\n<li> C\u00e2ble de charge USB<br \/>\n","protected":false},"excerpt":{"rendered":"<p>Profitez de votre musique pr\u00e9f\u00e9r\u00e9e o\u00f9 que vous soyez avec ce haut-parleur Bluetooth de Caliber HPG407BT. Gr\u00e2ce au STRAP de transport \u00e0 port\u00e9e de main , vous pouvez facilement prendre la bo\u00eete de musique sur le v\u00e9lo ou pendant une promenade. Avec 9 watt Power , vous pouvez toujours profiter de la musique en petit [&hellip;]<\/p>\n","protected":false},"featured_media":840575,"template":"","meta":{"_acf_changed":false,"site-sidebar-layout":"default","site-content-layout":"","ast-site-content-layout":"default","site-content-style":"default","site-sidebar-style":"default","ast-global-header-display":"","ast-banner-title-visibility":"","ast-main-header-display":"","ast-hfb-above-header-display":"","ast-hfb-below-header-display":"","ast-hfb-mobile-header-display":"","site-post-title":"","ast-breadcrumbs-content":"","ast-featured-img":"","footer-sml-layout":"","theme-transparent-header-meta":"","adv-header-id-meta":"","stick-header-meta":"","header-above-stick-meta":"","header-main-stick-meta":"","header-below-stick-meta":"","astra-migrate-meta-layouts":"default","ast-page-background-enabled":"default","ast-page-background-meta":{"desktop":{"background-color":"","background-image":"","background-repeat":"repeat","background-position":"center center","background-size":"auto","background-attachment":"scroll","background-type":"","background-media":"","overlay-type":"","overlay-color":"","overlay-opacity":"","overlay-gradient":""},"tablet":{"background-color":"","background-image":"","background-repeat":"repeat","background-position":"center center","background-size":"auto","background-attachment":"scroll","background-type":"","background-media":"","overlay-type":"","overlay-color":"","overlay-opacity":"","overlay-gradient":""},"mobile":{"background-color":"","background-image":"","background-repeat":"repeat","background-position":"center center","background-size":"auto","background-attachment":"scroll","background-type":"","background-media":"","overlay-type":"","overlay-color":"","overlay-opacity":"","overlay-gradient":""}},"ast-content-background-meta":{"desktop":{"background-color":"var(--ast-global-color-5)","background-image":"","background-repeat":"repeat","background-position":"center center","background-size":"auto","background-attachment":"scroll","background-type":"","background-media":"","overlay-type":"","overlay-color":"","overlay-opacity":"","overlay-gradient":""},"tablet":{"background-color":"var(--ast-global-color-5)","background-image":"","background-repeat":"repeat","background-position":"center center","background-size":"auto","background-attachment":"scroll","background-type":"","background-media":"","overlay-type":"","overlay-color":"","overlay-opacity":"","overlay-gradient":""},"mobile":{"background-color":"var(--ast-global-color-5)","background-image":"","background-repeat":"repeat","background-position":"center center","background-size":"auto","background-attachment":"scroll","background-type":"","background-media":"","overlay-type":"","overlay-color":"","overlay-opacity":"","overlay-gradient":""}}},"product_brand":[],"product_cat":[22955],"product_tag":[],"class_list":{"0":"post-491612","1":"product","2":"type-product","3":"status-publish","4":"has-post-thumbnail","6":"product_cat-pas-de-categorie","7":"desktop-align-center","8":"tablet-align-center","9":"mobile-align-center","10":"ast-product-gallery-layout-horizontal","11":"ast-product-tabs-layout-horizontal","13":"first","14":"outofstock","15":"taxable","16":"shipping-taxable","17":"purchasable","18":"product-type-simple"},"acf":[],"yoast_head":"<!-- This site is optimized with the Yoast SEO plugin v26.5 - https:\/\/yoast.com\/wordpress\/plugins\/seo\/ -->\n<title>Haut-parleur sans fil avec Bluetooth, USB, SD et AUX - 16 heures de jeu (HPG407BT) - Caliber Europe B.V.<\/title>\n<meta name=\"robots\" content=\"noindex, follow, max-snippet:-1, max-image-preview:large, max-video-preview:-1\" \/>\n<meta property=\"og:locale\" content=\"fr_FR\" \/>\n<meta property=\"og:type\" content=\"article\" \/>\n<meta property=\"og:title\" content=\"Haut-parleur sans fil avec Bluetooth, USB, SD et AUX - 16 heures de jeu (HPG407BT) - Caliber Europe B.V.\" \/>\n<meta property=\"og:description\" content=\"Profitez de votre musique pr\u00e9f\u00e9r\u00e9e o\u00f9 que vous soyez avec ce haut-parleur Bluetooth de Caliber HPG407BT. Gr\u00e2ce au STRAP de transport \u00e0 port\u00e9e de main , vous pouvez facilement prendre la bo\u00eete de musique sur le v\u00e9lo ou pendant une promenade. Avec 9 watt Power , vous pouvez toujours profiter de la musique en petit [&hellip;]\" \/>\n<meta property=\"og:url\" content=\"https:\/\/b2b.calibereurope.com\/fr\/produit\/hpg407bt-fr_fr\/\" \/>\n<meta property=\"og:site_name\" content=\"Caliber Europe B.V.\" \/>\n<meta property=\"article:modified_time\" content=\"2024-12-26T23:33:37+00:00\" \/>\n<meta property=\"og:image\" content=\"https:\/\/b2b.calibereurope.com\/wp-content\/uploads\/2021\/11\/ce2053f54702a53d9a671fc9c2d0eb8350aad3a9_HPG407BT_9_web.jpg\" \/>\n\t<meta property=\"og:image:width\" content=\"1024\" \/>\n\t<meta property=\"og:image:height\" content=\"768\" \/>\n\t<meta property=\"og:image:type\" content=\"image\/jpeg\" \/>\n<meta name=\"twitter:card\" content=\"summary_large_image\" \/>\n<meta name=\"twitter:label1\" content=\"Dur\u00e9e de lecture estim\u00e9e\" \/>\n\t<meta name=\"twitter:data1\" content=\"2 minutes\" \/>\n<script type=\"application\/ld+json\" class=\"yoast-schema-graph\">{\"@context\":\"https:\/\/schema.org\",\"@graph\":[{\"@type\":\"WebPage\",\"@id\":\"https:\/\/b2b.calibereurope.com\/fr\/produit\/hpg407bt-fr_fr\/\",\"url\":\"https:\/\/b2b.calibereurope.com\/fr\/produit\/hpg407bt-fr_fr\/\",\"name\":\"Haut-parleur sans fil avec Bluetooth, USB, SD et AUX - 16 heures de jeu (HPG407BT) - Caliber Europe B.V.\",\"isPartOf\":{\"@id\":\"https:\/\/b2b.calibereurope.com\/#website\"},\"primaryImageOfPage\":{\"@id\":\"https:\/\/b2b.calibereurope.com\/fr\/produit\/hpg407bt-fr_fr\/#primaryimage\"},\"image\":{\"@id\":\"https:\/\/b2b.calibereurope.com\/fr\/produit\/hpg407bt-fr_fr\/#primaryimage\"},\"thumbnailUrl\":\"https:\/\/b2b.calibereurope.com\/wp-content\/uploads\/2023\/12\/ce2053f54702a53d9a671fc9c2d0eb8350aad3a9_HPG407BT_9_web.jpg\",\"datePublished\":\"2023-12-21T00:00:00+00:00\",\"dateModified\":\"2024-12-26T23:33:37+00:00\",\"breadcrumb\":{\"@id\":\"https:\/\/b2b.calibereurope.com\/fr\/produit\/hpg407bt-fr_fr\/#breadcrumb\"},\"inLanguage\":\"fr-FR\",\"potentialAction\":[{\"@type\":\"ReadAction\",\"target\":[\"https:\/\/b2b.calibereurope.com\/fr\/produit\/hpg407bt-fr_fr\/\"]}]},{\"@type\":\"ImageObject\",\"inLanguage\":\"fr-FR\",\"@id\":\"https:\/\/b2b.calibereurope.com\/fr\/produit\/hpg407bt-fr_fr\/#primaryimage\",\"url\":\"https:\/\/b2b.calibereurope.com\/wp-content\/uploads\/2023\/12\/ce2053f54702a53d9a671fc9c2d0eb8350aad3a9_HPG407BT_9_web.jpg\",\"contentUrl\":\"https:\/\/b2b.calibereurope.com\/wp-content\/uploads\/2023\/12\/ce2053f54702a53d9a671fc9c2d0eb8350aad3a9_HPG407BT_9_web.jpg\",\"width\":1024,\"height\":768},{\"@type\":\"BreadcrumbList\",\"@id\":\"https:\/\/b2b.calibereurope.com\/fr\/produit\/hpg407bt-fr_fr\/#breadcrumb\",\"itemListElement\":[{\"@type\":\"ListItem\",\"position\":1,\"name\":\"Home\",\"item\":\"https:\/\/b2b.calibereurope.com\/fr\/home\/\"},{\"@type\":\"ListItem\",\"position\":2,\"name\":\"Boutique\",\"item\":\"https:\/\/b2b.calibereurope.com\/fr\/boutique\/\"},{\"@type\":\"ListItem\",\"position\":3,\"name\":\"Haut-parleur sans fil avec r\u00e9ception FM &#8211; Noir (HPG407BT)\"}]},{\"@type\":\"WebSite\",\"@id\":\"https:\/\/b2b.calibereurope.com\/#website\",\"url\":\"https:\/\/b2b.calibereurope.com\/\",\"name\":\"Caliber Europe B.V.\",\"description\":\"B2B Webshop\",\"publisher\":{\"@id\":\"https:\/\/b2b.calibereurope.com\/#organization\"},\"potentialAction\":[{\"@type\":\"SearchAction\",\"target\":{\"@type\":\"EntryPoint\",\"urlTemplate\":\"https:\/\/b2b.calibereurope.com\/?s={search_term_string}\"},\"query-input\":{\"@type\":\"PropertyValueSpecification\",\"valueRequired\":true,\"valueName\":\"search_term_string\"}}],\"inLanguage\":\"fr-FR\"},{\"@type\":\"Organization\",\"@id\":\"https:\/\/b2b.calibereurope.com\/#organization\",\"name\":\"Caliber Europe B.V.\",\"url\":\"https:\/\/b2b.calibereurope.com\/\",\"logo\":{\"@type\":\"ImageObject\",\"inLanguage\":\"fr-FR\",\"@id\":\"https:\/\/b2b.calibereurope.com\/#\/schema\/logo\/image\/\",\"url\":\"https:\/\/b2b.calibereurope.com\/wp-content\/uploads\/2020\/12\/Caliber_Logo-Black.png\",\"contentUrl\":\"https:\/\/b2b.calibereurope.com\/wp-content\/uploads\/2020\/12\/Caliber_Logo-Black.png\",\"width\":3157,\"height\":356,\"caption\":\"Caliber Europe B.V.\"},\"image\":{\"@id\":\"https:\/\/b2b.calibereurope.com\/#\/schema\/logo\/image\/\"}}]}<\/script>\n<!-- \/ Yoast SEO plugin. -->","yoast_head_json":{"title":"Haut-parleur sans fil avec Bluetooth, USB, SD et AUX - 16 heures de jeu (HPG407BT) - Caliber Europe B.V.","robots":{"index":"noindex","follow":"follow","max-snippet":"max-snippet:-1","max-image-preview":"max-image-preview:large","max-video-preview":"max-video-preview:-1"},"og_locale":"fr_FR","og_type":"article","og_title":"Haut-parleur sans fil avec Bluetooth, USB, SD et AUX - 16 heures de jeu (HPG407BT) - Caliber Europe B.V.","og_description":"Profitez de votre musique pr\u00e9f\u00e9r\u00e9e o\u00f9 que vous soyez avec ce haut-parleur Bluetooth de Caliber HPG407BT. Gr\u00e2ce au STRAP de transport \u00e0 port\u00e9e de main , vous pouvez facilement prendre la bo\u00eete de musique sur le v\u00e9lo ou pendant une promenade. Avec 9 watt Power , vous pouvez toujours profiter de la musique en petit [&hellip;]","og_url":"https:\/\/b2b.calibereurope.com\/fr\/produit\/hpg407bt-fr_fr\/","og_site_name":"Caliber Europe B.V.","article_modified_time":"2024-12-26T23:33:37+00:00","og_image":[{"width":1024,"height":768,"url":"https:\/\/b2b.calibereurope.com\/wp-content\/uploads\/2021\/11\/ce2053f54702a53d9a671fc9c2d0eb8350aad3a9_HPG407BT_9_web.jpg","type":"image\/jpeg"}],"twitter_card":"summary_large_image","twitter_misc":{"Dur\u00e9e de lecture estim\u00e9e":"2 minutes"},"schema":{"@context":"https:\/\/schema.org","@graph":[{"@type":"WebPage","@id":"https:\/\/b2b.calibereurope.com\/fr\/produit\/hpg407bt-fr_fr\/","url":"https:\/\/b2b.calibereurope.com\/fr\/produit\/hpg407bt-fr_fr\/","name":"Haut-parleur sans fil avec Bluetooth, USB, SD et AUX - 16 heures de jeu (HPG407BT) - Caliber Europe B.V.","isPartOf":{"@id":"https:\/\/b2b.calibereurope.com\/#website"},"primaryImageOfPage":{"@id":"https:\/\/b2b.calibereurope.com\/fr\/produit\/hpg407bt-fr_fr\/#primaryimage"},"image":{"@id":"https:\/\/b2b.calibereurope.com\/fr\/produit\/hpg407bt-fr_fr\/#primaryimage"},"thumbnailUrl":"https:\/\/b2b.calibereurope.com\/wp-content\/uploads\/2023\/12\/ce2053f54702a53d9a671fc9c2d0eb8350aad3a9_HPG407BT_9_web.jpg","datePublished":"2023-12-21T00:00:00+00:00","dateModified":"2024-12-26T23:33:37+00:00","breadcrumb":{"@id":"https:\/\/b2b.calibereurope.com\/fr\/produit\/hpg407bt-fr_fr\/#breadcrumb"},"inLanguage":"fr-FR","potentialAction":[{"@type":"ReadAction","target":["https:\/\/b2b.calibereurope.com\/fr\/produit\/hpg407bt-fr_fr\/"]}]},{"@type":"ImageObject","inLanguage":"fr-FR","@id":"https:\/\/b2b.calibereurope.com\/fr\/produit\/hpg407bt-fr_fr\/#primaryimage","url":"https:\/\/b2b.calibereurope.com\/wp-content\/uploads\/2023\/12\/ce2053f54702a53d9a671fc9c2d0eb8350aad3a9_HPG407BT_9_web.jpg","contentUrl":"https:\/\/b2b.calibereurope.com\/wp-content\/uploads\/2023\/12\/ce2053f54702a53d9a671fc9c2d0eb8350aad3a9_HPG407BT_9_web.jpg","width":1024,"height":768},{"@type":"BreadcrumbList","@id":"https:\/\/b2b.calibereurope.com\/fr\/produit\/hpg407bt-fr_fr\/#breadcrumb","itemListElement":[{"@type":"ListItem","position":1,"name":"Home","item":"https:\/\/b2b.calibereurope.com\/fr\/home\/"},{"@type":"ListItem","position":2,"name":"Boutique","item":"https:\/\/b2b.calibereurope.com\/fr\/boutique\/"},{"@type":"ListItem","position":3,"name":"Haut-parleur sans fil avec r\u00e9ception FM &#8211; Noir (HPG407BT)"}]},{"@type":"WebSite","@id":"https:\/\/b2b.calibereurope.com\/#website","url":"https:\/\/b2b.calibereurope.com\/","name":"Caliber Europe B.V.","description":"B2B Webshop","publisher":{"@id":"https:\/\/b2b.calibereurope.com\/#organization"},"potentialAction":[{"@type":"SearchAction","target":{"@type":"EntryPoint","urlTemplate":"https:\/\/b2b.calibereurope.com\/?s={search_term_string}"},"query-input":{"@type":"PropertyValueSpecification","valueRequired":true,"valueName":"search_term_string"}}],"inLanguage":"fr-FR"},{"@type":"Organization","@id":"https:\/\/b2b.calibereurope.com\/#organization","name":"Caliber Europe B.V.","url":"https:\/\/b2b.calibereurope.com\/","logo":{"@type":"ImageObject","inLanguage":"fr-FR","@id":"https:\/\/b2b.calibereurope.com\/#\/schema\/logo\/image\/","url":"https:\/\/b2b.calibereurope.com\/wp-content\/uploads\/2020\/12\/Caliber_Logo-Black.png","contentUrl":"https:\/\/b2b.calibereurope.com\/wp-content\/uploads\/2020\/12\/Caliber_Logo-Black.png","width":3157,"height":356,"caption":"Caliber Europe B.V."},"image":{"@id":"https:\/\/b2b.calibereurope.com\/#\/schema\/logo\/image\/"}}]}},"_links":{"self":[{"href":"https:\/\/b2b.calibereurope.com\/fr\/wp-json\/wp\/v2\/product\/491612","targetHints":{"allow":["GET"]}}],"collection":[{"href":"https:\/\/b2b.calibereurope.com\/fr\/wp-json\/wp\/v2\/product"}],"about":[{"href":"https:\/\/b2b.calibereurope.com\/fr\/wp-json\/wp\/v2\/types\/product"}],"version-history":[{"count":0,"href":"https:\/\/b2b.calibereurope.com\/fr\/wp-json\/wp\/v2\/product\/491612\/revisions"}],"wp:featuredmedia":[{"embeddable":true,"href":"https:\/\/b2b.calibereurope.com\/fr\/wp-json\/wp\/v2\/media\/840575"}],"wp:attachment":[{"href":"https:\/\/b2b.calibereurope.com\/fr\/wp-json\/wp\/v2\/media?parent=491612"}],"wp:term":[{"taxonomy":"product_brand","embeddable":true,"href":"https:\/\/b2b.calibereurope.com\/fr\/wp-json\/wp\/v2\/product_brand?post=491612"},{"taxonomy":"product_cat","embeddable":true,"href":"https:\/\/b2b.calibereurope.com\/fr\/wp-json\/wp\/v2\/product_cat?post=491612"},{"taxonomy":"product_tag","embeddable":true,"href":"https:\/\/b2b.calibereurope.com\/fr\/wp-json\/wp\/v2\/product_tag?post=491612"}],"curies":[{"name":"wp","href":"https:\/\/api.w.org\/{rel}","templated":true}]}}