{"id":493612,"date":"2024-07-17T02:00:00","date_gmt":"2024-07-17T00:00:00","guid":{"rendered":""},"modified":"2025-02-19T16:22:48","modified_gmt":"2025-02-19T15:22:48","slug":"hpg425bt-fr_fr","status":"publish","type":"product","link":"https:\/\/b2b.calibereurope.com\/fr\/produit\/hpg425bt-fr_fr\/","title":{"rendered":"Haut-parleur Bluetooth avec USB et batterie &#8211; Noir (HPG425BT)"},"content":{"rendered":"<div>Profitez de la musique partout avec le HPG425BT Gr\u00e2ce \u00e0 sa taille compacte, vous pouvez facilement le transporter dans votre sac \u00e0 la plage, au parc ou pour rencontrer vos amis. Vous pouvez aussi le transporter avec vous gr\u00e2ce \u00e0 sa poign\u00e9e confortable.<\/div>\n<div>&nbsp;<\/div>\n<div><span style=\"font-weight: bold;\">Puissance suffisante et bonne balance sonore<\/span><\/div>\n<div>Le HPG425BT est dot\u00e9 d&#39;un tweeter de 2 watts et d&#39;un subwoofer de 8 watts. Cette combinaison vous permet de b\u00e9n\u00e9ficier d&#39;un bon \u00e9quilibre entre les sons aigus et les sons graves. Le port du caisson de basse fournit des basses suppl\u00e9mentaires, surtout pour une enceinte de cette taille. Et avec un total de 10 watts, l&#39;enceinte a suffisamment de puissance pour profiter de la musique avec un petit groupe de personnes. \u00c0 l&#39;int\u00e9rieur de la maison, mais aussi dans un environnement ext\u00e9rieur, comme dans le jardin ou \u00e0 la plage.&nbsp;<\/div>\n<div><\/div>\n<div><span style=\"font-weight: bold;\">Excellente connexion pour le streaming<\/span><\/div>\n<div>L&#39;enceinte utilise les profils de streaming A2DP et AVRCP, la connexion au streaming est donc toujours bonne. La musique est d\u00e9taill\u00e9e et vous ne ressentirez aucun b\u00e9gaiement de la part de votre t\u00e9l\u00e9phone.<\/div>\n<div><\/div>\n<div><span style=\"font-weight: bold;\">Un fonctionnement simple et les connexions n\u00e9cessaires<\/span><\/div>\n<div>Le t\u00e9moin lumineux indique si l&#39;enceinte est allum\u00e9e ou non. Le HPG425BT dispose \u00e9galement de boutons pour les fonctions pr\u00e9c\u00e9dent\/suivant, lecture\/pause, mode et volume. Vous voulez \u00e9couter de la musique autrement qu&#39;en streaming ? Utilisez le port USB ou le port SD, pour une carte d&#39;une capacit\u00e9 maximale de 32 Go. Le connecteur jack 3,5 mm vous permet de connecter des appareils par fil ou de brancher un casque ou des \u00e9couteurs. La batterie int\u00e9gr\u00e9e dure jusqu&#39;\u00e0 6 heures.<\/div>\n","protected":false},"excerpt":{"rendered":"<p>Profitez de la musique partout avec le HPG425BT Gr\u00e2ce \u00e0 sa taille compacte, vous pouvez facilement le transporter dans votre sac \u00e0 la plage, au parc ou pour rencontrer vos amis. Vous pouvez aussi le transporter avec vous gr\u00e2ce \u00e0 sa poign\u00e9e confortable. &nbsp; Puissance suffisante et bonne balance sonore Le HPG425BT est dot\u00e9 d&#39;un [&hellip;]<\/p>\n","protected":false},"featured_media":850024,"template":"","meta":{"_acf_changed":false,"site-sidebar-layout":"default","site-content-layout":"","ast-site-content-layout":"default","site-content-style":"default","site-sidebar-style":"default","ast-global-header-display":"","ast-banner-title-visibility":"","ast-main-header-display":"","ast-hfb-above-header-display":"","ast-hfb-below-header-display":"","ast-hfb-mobile-header-display":"","site-post-title":"","ast-breadcrumbs-content":"","ast-featured-img":"","footer-sml-layout":"","theme-transparent-header-meta":"","adv-header-id-meta":"","stick-header-meta":"","header-above-stick-meta":"","header-main-stick-meta":"","header-below-stick-meta":"","astra-migrate-meta-layouts":"default","ast-page-background-enabled":"default","ast-page-background-meta":{"desktop":{"background-color":"","background-image":"","background-repeat":"repeat","background-position":"center center","background-size":"auto","background-attachment":"scroll","background-type":"","background-media":"","overlay-type":"","overlay-color":"","overlay-opacity":"","overlay-gradient":""},"tablet":{"background-color":"","background-image":"","background-repeat":"repeat","background-position":"center center","background-size":"auto","background-attachment":"scroll","background-type":"","background-media":"","overlay-type":"","overlay-color":"","overlay-opacity":"","overlay-gradient":""},"mobile":{"background-color":"","background-image":"","background-repeat":"repeat","background-position":"center center","background-size":"auto","background-attachment":"scroll","background-type":"","background-media":"","overlay-type":"","overlay-color":"","overlay-opacity":"","overlay-gradient":""}},"ast-content-background-meta":{"desktop":{"background-color":"var(--ast-global-color-5)","background-image":"","background-repeat":"repeat","background-position":"center center","background-size":"auto","background-attachment":"scroll","background-type":"","background-media":"","overlay-type":"","overlay-color":"","overlay-opacity":"","overlay-gradient":""},"tablet":{"background-color":"var(--ast-global-color-5)","background-image":"","background-repeat":"repeat","background-position":"center center","background-size":"auto","background-attachment":"scroll","background-type":"","background-media":"","overlay-type":"","overlay-color":"","overlay-opacity":"","overlay-gradient":""},"mobile":{"background-color":"var(--ast-global-color-5)","background-image":"","background-repeat":"repeat","background-position":"center center","background-size":"auto","background-attachment":"scroll","background-type":"","background-media":"","overlay-type":"","overlay-color":"","overlay-opacity":"","overlay-gradient":""}}},"product_brand":[],"product_cat":[22955],"product_tag":[],"class_list":{"0":"post-493612","1":"product","2":"type-product","3":"status-publish","4":"has-post-thumbnail","6":"product_cat-pas-de-categorie","7":"desktop-align-center","8":"tablet-align-center","9":"mobile-align-center","10":"ast-product-gallery-layout-horizontal","11":"ast-product-tabs-layout-horizontal","13":"first","14":"outofstock","15":"taxable","16":"shipping-taxable","17":"purchasable","18":"product-type-simple"},"acf":[],"yoast_head":"<!-- This site is optimized with the Yoast SEO plugin v26.5 - https:\/\/yoast.com\/wordpress\/plugins\/seo\/ -->\n<title>Haut-parleur Bluetooth avec USB et batterie - Noir (HPG425BT) - Caliber Europe B.V.<\/title>\n<meta name=\"robots\" content=\"noindex, follow, max-snippet:-1, max-image-preview:large, max-video-preview:-1\" \/>\n<meta property=\"og:locale\" content=\"fr_FR\" \/>\n<meta property=\"og:type\" content=\"article\" \/>\n<meta property=\"og:title\" content=\"Haut-parleur Bluetooth avec USB et batterie - Noir (HPG425BT) - Caliber Europe B.V.\" \/>\n<meta property=\"og:description\" content=\"Profitez de la musique partout avec le HPG425BT Gr\u00e2ce \u00e0 sa taille compacte, vous pouvez facilement le transporter dans votre sac \u00e0 la plage, au parc ou pour rencontrer vos amis. Vous pouvez aussi le transporter avec vous gr\u00e2ce \u00e0 sa poign\u00e9e confortable. &nbsp; Puissance suffisante et bonne balance sonore Le HPG425BT est dot\u00e9 d&#039;un [&hellip;]\" \/>\n<meta property=\"og:url\" content=\"https:\/\/b2b.calibereurope.com\/fr\/produit\/hpg425bt-fr_fr\/\" \/>\n<meta property=\"og:site_name\" content=\"Caliber Europe B.V.\" \/>\n<meta property=\"article:modified_time\" content=\"2025-02-19T15:22:48+00:00\" \/>\n<meta property=\"og:image\" content=\"https:\/\/b2b.calibereurope.com\/wp-content\/uploads\/2021\/09\/4c1421e864127575a9cf662cc40494a1aa594cab_HPG425BT_side_web.jpg\" \/>\n\t<meta property=\"og:image:width\" content=\"1024\" \/>\n\t<meta property=\"og:image:height\" content=\"768\" \/>\n\t<meta property=\"og:image:type\" content=\"image\/jpeg\" \/>\n<meta name=\"twitter:card\" content=\"summary_large_image\" \/>\n<meta name=\"twitter:label1\" content=\"Dur\u00e9e de lecture estim\u00e9e\" \/>\n\t<meta name=\"twitter:data1\" content=\"1 minute\" \/>\n<script type=\"application\/ld+json\" class=\"yoast-schema-graph\">{\"@context\":\"https:\/\/schema.org\",\"@graph\":[{\"@type\":\"WebPage\",\"@id\":\"https:\/\/b2b.calibereurope.com\/fr\/produit\/hpg425bt-fr_fr\/\",\"url\":\"https:\/\/b2b.calibereurope.com\/fr\/produit\/hpg425bt-fr_fr\/\",\"name\":\"Haut-parleur Bluetooth avec USB et batterie - Noir (HPG425BT) - Caliber Europe B.V.\",\"isPartOf\":{\"@id\":\"https:\/\/b2b.calibereurope.com\/#website\"},\"primaryImageOfPage\":{\"@id\":\"https:\/\/b2b.calibereurope.com\/fr\/produit\/hpg425bt-fr_fr\/#primaryimage\"},\"image\":{\"@id\":\"https:\/\/b2b.calibereurope.com\/fr\/produit\/hpg425bt-fr_fr\/#primaryimage\"},\"thumbnailUrl\":\"https:\/\/b2b.calibereurope.com\/wp-content\/uploads\/2024\/07\/4c1421e864127575a9cf662cc40494a1aa594cab_HPG425BT_side_web.jpg\",\"datePublished\":\"2024-07-17T00:00:00+00:00\",\"dateModified\":\"2025-02-19T15:22:48+00:00\",\"breadcrumb\":{\"@id\":\"https:\/\/b2b.calibereurope.com\/fr\/produit\/hpg425bt-fr_fr\/#breadcrumb\"},\"inLanguage\":\"fr-FR\",\"potentialAction\":[{\"@type\":\"ReadAction\",\"target\":[\"https:\/\/b2b.calibereurope.com\/fr\/produit\/hpg425bt-fr_fr\/\"]}]},{\"@type\":\"ImageObject\",\"inLanguage\":\"fr-FR\",\"@id\":\"https:\/\/b2b.calibereurope.com\/fr\/produit\/hpg425bt-fr_fr\/#primaryimage\",\"url\":\"https:\/\/b2b.calibereurope.com\/wp-content\/uploads\/2024\/07\/4c1421e864127575a9cf662cc40494a1aa594cab_HPG425BT_side_web.jpg\",\"contentUrl\":\"https:\/\/b2b.calibereurope.com\/wp-content\/uploads\/2024\/07\/4c1421e864127575a9cf662cc40494a1aa594cab_HPG425BT_side_web.jpg\",\"width\":1024,\"height\":768},{\"@type\":\"BreadcrumbList\",\"@id\":\"https:\/\/b2b.calibereurope.com\/fr\/produit\/hpg425bt-fr_fr\/#breadcrumb\",\"itemListElement\":[{\"@type\":\"ListItem\",\"position\":1,\"name\":\"Home\",\"item\":\"https:\/\/b2b.calibereurope.com\/fr\/home\/\"},{\"@type\":\"ListItem\",\"position\":2,\"name\":\"Boutique\",\"item\":\"https:\/\/b2b.calibereurope.com\/fr\/boutique\/\"},{\"@type\":\"ListItem\",\"position\":3,\"name\":\"Haut-parleur Bluetooth avec radio FM &#8211; Noir (HPG425BT)\"}]},{\"@type\":\"WebSite\",\"@id\":\"https:\/\/b2b.calibereurope.com\/#website\",\"url\":\"https:\/\/b2b.calibereurope.com\/\",\"name\":\"Caliber Europe B.V.\",\"description\":\"B2B Webshop\",\"publisher\":{\"@id\":\"https:\/\/b2b.calibereurope.com\/#organization\"},\"potentialAction\":[{\"@type\":\"SearchAction\",\"target\":{\"@type\":\"EntryPoint\",\"urlTemplate\":\"https:\/\/b2b.calibereurope.com\/?s={search_term_string}\"},\"query-input\":{\"@type\":\"PropertyValueSpecification\",\"valueRequired\":true,\"valueName\":\"search_term_string\"}}],\"inLanguage\":\"fr-FR\"},{\"@type\":\"Organization\",\"@id\":\"https:\/\/b2b.calibereurope.com\/#organization\",\"name\":\"Caliber Europe B.V.\",\"url\":\"https:\/\/b2b.calibereurope.com\/\",\"logo\":{\"@type\":\"ImageObject\",\"inLanguage\":\"fr-FR\",\"@id\":\"https:\/\/b2b.calibereurope.com\/#\/schema\/logo\/image\/\",\"url\":\"https:\/\/b2b.calibereurope.com\/wp-content\/uploads\/2020\/12\/Caliber_Logo-Black.png\",\"contentUrl\":\"https:\/\/b2b.calibereurope.com\/wp-content\/uploads\/2020\/12\/Caliber_Logo-Black.png\",\"width\":3157,\"height\":356,\"caption\":\"Caliber Europe B.V.\"},\"image\":{\"@id\":\"https:\/\/b2b.calibereurope.com\/#\/schema\/logo\/image\/\"}}]}<\/script>\n<!-- \/ Yoast SEO plugin. -->","yoast_head_json":{"title":"Haut-parleur Bluetooth avec USB et batterie - Noir (HPG425BT) - Caliber Europe B.V.","robots":{"index":"noindex","follow":"follow","max-snippet":"max-snippet:-1","max-image-preview":"max-image-preview:large","max-video-preview":"max-video-preview:-1"},"og_locale":"fr_FR","og_type":"article","og_title":"Haut-parleur Bluetooth avec USB et batterie - Noir (HPG425BT) - Caliber Europe B.V.","og_description":"Profitez de la musique partout avec le HPG425BT Gr\u00e2ce \u00e0 sa taille compacte, vous pouvez facilement le transporter dans votre sac \u00e0 la plage, au parc ou pour rencontrer vos amis. Vous pouvez aussi le transporter avec vous gr\u00e2ce \u00e0 sa poign\u00e9e confortable. &nbsp; Puissance suffisante et bonne balance sonore Le HPG425BT est dot\u00e9 d&#39;un [&hellip;]","og_url":"https:\/\/b2b.calibereurope.com\/fr\/produit\/hpg425bt-fr_fr\/","og_site_name":"Caliber Europe B.V.","article_modified_time":"2025-02-19T15:22:48+00:00","og_image":[{"width":1024,"height":768,"url":"https:\/\/b2b.calibereurope.com\/wp-content\/uploads\/2021\/09\/4c1421e864127575a9cf662cc40494a1aa594cab_HPG425BT_side_web.jpg","type":"image\/jpeg"}],"twitter_card":"summary_large_image","twitter_misc":{"Dur\u00e9e de lecture estim\u00e9e":"1 minute"},"schema":{"@context":"https:\/\/schema.org","@graph":[{"@type":"WebPage","@id":"https:\/\/b2b.calibereurope.com\/fr\/produit\/hpg425bt-fr_fr\/","url":"https:\/\/b2b.calibereurope.com\/fr\/produit\/hpg425bt-fr_fr\/","name":"Haut-parleur Bluetooth avec USB et batterie - Noir (HPG425BT) - Caliber Europe B.V.","isPartOf":{"@id":"https:\/\/b2b.calibereurope.com\/#website"},"primaryImageOfPage":{"@id":"https:\/\/b2b.calibereurope.com\/fr\/produit\/hpg425bt-fr_fr\/#primaryimage"},"image":{"@id":"https:\/\/b2b.calibereurope.com\/fr\/produit\/hpg425bt-fr_fr\/#primaryimage"},"thumbnailUrl":"https:\/\/b2b.calibereurope.com\/wp-content\/uploads\/2024\/07\/4c1421e864127575a9cf662cc40494a1aa594cab_HPG425BT_side_web.jpg","datePublished":"2024-07-17T00:00:00+00:00","dateModified":"2025-02-19T15:22:48+00:00","breadcrumb":{"@id":"https:\/\/b2b.calibereurope.com\/fr\/produit\/hpg425bt-fr_fr\/#breadcrumb"},"inLanguage":"fr-FR","potentialAction":[{"@type":"ReadAction","target":["https:\/\/b2b.calibereurope.com\/fr\/produit\/hpg425bt-fr_fr\/"]}]},{"@type":"ImageObject","inLanguage":"fr-FR","@id":"https:\/\/b2b.calibereurope.com\/fr\/produit\/hpg425bt-fr_fr\/#primaryimage","url":"https:\/\/b2b.calibereurope.com\/wp-content\/uploads\/2024\/07\/4c1421e864127575a9cf662cc40494a1aa594cab_HPG425BT_side_web.jpg","contentUrl":"https:\/\/b2b.calibereurope.com\/wp-content\/uploads\/2024\/07\/4c1421e864127575a9cf662cc40494a1aa594cab_HPG425BT_side_web.jpg","width":1024,"height":768},{"@type":"BreadcrumbList","@id":"https:\/\/b2b.calibereurope.com\/fr\/produit\/hpg425bt-fr_fr\/#breadcrumb","itemListElement":[{"@type":"ListItem","position":1,"name":"Home","item":"https:\/\/b2b.calibereurope.com\/fr\/home\/"},{"@type":"ListItem","position":2,"name":"Boutique","item":"https:\/\/b2b.calibereurope.com\/fr\/boutique\/"},{"@type":"ListItem","position":3,"name":"Haut-parleur Bluetooth avec radio FM &#8211; Noir (HPG425BT)"}]},{"@type":"WebSite","@id":"https:\/\/b2b.calibereurope.com\/#website","url":"https:\/\/b2b.calibereurope.com\/","name":"Caliber Europe B.V.","description":"B2B Webshop","publisher":{"@id":"https:\/\/b2b.calibereurope.com\/#organization"},"potentialAction":[{"@type":"SearchAction","target":{"@type":"EntryPoint","urlTemplate":"https:\/\/b2b.calibereurope.com\/?s={search_term_string}"},"query-input":{"@type":"PropertyValueSpecification","valueRequired":true,"valueName":"search_term_string"}}],"inLanguage":"fr-FR"},{"@type":"Organization","@id":"https:\/\/b2b.calibereurope.com\/#organization","name":"Caliber Europe B.V.","url":"https:\/\/b2b.calibereurope.com\/","logo":{"@type":"ImageObject","inLanguage":"fr-FR","@id":"https:\/\/b2b.calibereurope.com\/#\/schema\/logo\/image\/","url":"https:\/\/b2b.calibereurope.com\/wp-content\/uploads\/2020\/12\/Caliber_Logo-Black.png","contentUrl":"https:\/\/b2b.calibereurope.com\/wp-content\/uploads\/2020\/12\/Caliber_Logo-Black.png","width":3157,"height":356,"caption":"Caliber Europe B.V."},"image":{"@id":"https:\/\/b2b.calibereurope.com\/#\/schema\/logo\/image\/"}}]}},"_links":{"self":[{"href":"https:\/\/b2b.calibereurope.com\/fr\/wp-json\/wp\/v2\/product\/493612","targetHints":{"allow":["GET"]}}],"collection":[{"href":"https:\/\/b2b.calibereurope.com\/fr\/wp-json\/wp\/v2\/product"}],"about":[{"href":"https:\/\/b2b.calibereurope.com\/fr\/wp-json\/wp\/v2\/types\/product"}],"version-history":[{"count":0,"href":"https:\/\/b2b.calibereurope.com\/fr\/wp-json\/wp\/v2\/product\/493612\/revisions"}],"wp:featuredmedia":[{"embeddable":true,"href":"https:\/\/b2b.calibereurope.com\/fr\/wp-json\/wp\/v2\/media\/850024"}],"wp:attachment":[{"href":"https:\/\/b2b.calibereurope.com\/fr\/wp-json\/wp\/v2\/media?parent=493612"}],"wp:term":[{"taxonomy":"product_brand","embeddable":true,"href":"https:\/\/b2b.calibereurope.com\/fr\/wp-json\/wp\/v2\/product_brand?post=493612"},{"taxonomy":"product_cat","embeddable":true,"href":"https:\/\/b2b.calibereurope.com\/fr\/wp-json\/wp\/v2\/product_cat?post=493612"},{"taxonomy":"product_tag","embeddable":true,"href":"https:\/\/b2b.calibereurope.com\/fr\/wp-json\/wp\/v2\/product_tag?post=493612"}],"curies":[{"name":"wp","href":"https:\/\/api.w.org\/{rel}","templated":true}]}}