{"id":495756,"date":"2025-10-07T02:00:00","date_gmt":"2025-10-07T00:00:00","guid":{"rendered":""},"modified":"2025-10-07T12:14:24","modified_gmt":"2025-10-07T10:14:24","slug":"hpg525bt-fr_fr","status":"publish","type":"product","link":"https:\/\/b2b.calibereurope.com\/fr\/produit\/hpg525bt-fr_fr\/","title":{"rendered":"Haut-parleur Bluetooth &#8211; FM USB SD Noir (HPG525BT)"},"content":{"rendered":"<p>\u00c9coutez votre musique ou votre \u00e9mission de radio pr\u00e9f\u00e9r\u00e9e avec le Caliber HPG525-BT. Ce haut-parleur est \u00e9quip\u00e9 d&#39;une connexion bluetooth. Utilisez-le \u00e0 la maison ou emportez-le en vacances, \u00e0 un festival ou au parc. Le HPG525BT dispose d&#39;une radio FM et des profils Bluetooth A2DP et AVRCP. Le subwoofer et le tweeter s\u00e9par\u00e9s offrent un bon \u00e9quilibre entre les basses et la d\u00e9finition. Avec une puissance RMS de 10,2 watts et une puissance de cr\u00eate de 25 watts, vous avez suffisamment de volume pour profiter d&#39;un groupe de musique. L&#39;\u00e9cran LCD vous indique les informations n\u00e9cessaires \u00e0 la lecture. Gr\u00e2ce \u00e0 la batterie rechargeable, vous pouvez \u00e9couter vos morceaux pr\u00e9f\u00e9r\u00e9s pendant 7 heures. CertificationsLes produits de Caliber sont toujours \u00e9quip\u00e9s des certifications requises et r\u00e9pondent aux exigences de l&#39;UE en mati\u00e8re de produits \u00e9lectriques. L&#39;utilisation de produits \u00e9lectriques non certifi\u00e9s peut entra\u00eener un danger\/une blessure pour l&#39;utilisateur et\/ou son environnement. L&#39;utilisation de produits non certifi\u00e9s peut entra\u00eener l&#39;exclusion de la couverture et\/ou le paiement de votre assurance. Faites-y attention lorsque vous achetez un produit.<\/p>\n","protected":false},"excerpt":{"rendered":"<p>\u00c9coutez votre musique ou votre \u00e9mission de radio pr\u00e9f\u00e9r\u00e9e avec le Caliber HPG525-BT. Ce haut-parleur est \u00e9quip\u00e9 d&#39;une connexion bluetooth. Utilisez-le \u00e0 la maison ou emportez-le en vacances, \u00e0 un festival ou au parc. Le HPG525BT dispose d&#39;une radio FM et des profils Bluetooth A2DP et AVRCP. Le subwoofer et le tweeter s\u00e9par\u00e9s offrent un [&hellip;]<\/p>\n","protected":false},"featured_media":859140,"template":"","meta":{"_acf_changed":false,"site-sidebar-layout":"default","site-content-layout":"","ast-site-content-layout":"default","site-content-style":"default","site-sidebar-style":"default","ast-global-header-display":"","ast-banner-title-visibility":"","ast-main-header-display":"","ast-hfb-above-header-display":"","ast-hfb-below-header-display":"","ast-hfb-mobile-header-display":"","site-post-title":"","ast-breadcrumbs-content":"","ast-featured-img":"","footer-sml-layout":"","theme-transparent-header-meta":"","adv-header-id-meta":"","stick-header-meta":"","header-above-stick-meta":"","header-main-stick-meta":"","header-below-stick-meta":"","astra-migrate-meta-layouts":"default","ast-page-background-enabled":"default","ast-page-background-meta":{"desktop":{"background-color":"","background-image":"","background-repeat":"repeat","background-position":"center center","background-size":"auto","background-attachment":"scroll","background-type":"","background-media":"","overlay-type":"","overlay-color":"","overlay-opacity":"","overlay-gradient":""},"tablet":{"background-color":"","background-image":"","background-repeat":"repeat","background-position":"center center","background-size":"auto","background-attachment":"scroll","background-type":"","background-media":"","overlay-type":"","overlay-color":"","overlay-opacity":"","overlay-gradient":""},"mobile":{"background-color":"","background-image":"","background-repeat":"repeat","background-position":"center center","background-size":"auto","background-attachment":"scroll","background-type":"","background-media":"","overlay-type":"","overlay-color":"","overlay-opacity":"","overlay-gradient":""}},"ast-content-background-meta":{"desktop":{"background-color":"var(--ast-global-color-5)","background-image":"","background-repeat":"repeat","background-position":"center center","background-size":"auto","background-attachment":"scroll","background-type":"","background-media":"","overlay-type":"","overlay-color":"","overlay-opacity":"","overlay-gradient":""},"tablet":{"background-color":"var(--ast-global-color-5)","background-image":"","background-repeat":"repeat","background-position":"center center","background-size":"auto","background-attachment":"scroll","background-type":"","background-media":"","overlay-type":"","overlay-color":"","overlay-opacity":"","overlay-gradient":""},"mobile":{"background-color":"var(--ast-global-color-5)","background-image":"","background-repeat":"repeat","background-position":"center center","background-size":"auto","background-attachment":"scroll","background-type":"","background-media":"","overlay-type":"","overlay-color":"","overlay-opacity":"","overlay-gradient":""}}},"product_brand":[],"product_cat":[22955],"product_tag":[],"class_list":{"0":"post-495756","1":"product","2":"type-product","3":"status-publish","4":"has-post-thumbnail","6":"product_cat-pas-de-categorie","7":"desktop-align-center","8":"tablet-align-center","9":"mobile-align-center","10":"ast-product-gallery-layout-horizontal","11":"ast-product-tabs-layout-horizontal","13":"first","14":"outofstock","15":"taxable","16":"shipping-taxable","17":"purchasable","18":"product-type-simple"},"acf":[],"yoast_head":"<!-- This site is optimized with the Yoast SEO plugin v26.5 - https:\/\/yoast.com\/wordpress\/plugins\/seo\/ -->\n<title>Haut-parleur Bluetooth - FM USB SD Noir (HPG525BT) - Caliber Europe B.V.<\/title>\n<meta name=\"robots\" content=\"noindex, follow, max-snippet:-1, max-image-preview:large, max-video-preview:-1\" \/>\n<meta property=\"og:locale\" content=\"fr_FR\" \/>\n<meta property=\"og:type\" content=\"article\" \/>\n<meta property=\"og:title\" content=\"Haut-parleur Bluetooth - FM USB SD Noir (HPG525BT) - Caliber Europe B.V.\" \/>\n<meta property=\"og:description\" content=\"\u00c9coutez votre musique ou votre \u00e9mission de radio pr\u00e9f\u00e9r\u00e9e avec le Caliber HPG525-BT. Ce haut-parleur est \u00e9quip\u00e9 d&#039;une connexion bluetooth. Utilisez-le \u00e0 la maison ou emportez-le en vacances, \u00e0 un festival ou au parc. Le HPG525BT dispose d&#039;une radio FM et des profils Bluetooth A2DP et AVRCP. Le subwoofer et le tweeter s\u00e9par\u00e9s offrent un [&hellip;]\" \/>\n<meta property=\"og:url\" content=\"https:\/\/b2b.calibereurope.com\/fr\/produit\/hpg525bt-fr_fr\/\" \/>\n<meta property=\"og:site_name\" content=\"Caliber Europe B.V.\" \/>\n<meta property=\"article:modified_time\" content=\"2025-10-07T10:14:24+00:00\" \/>\n<meta property=\"og:image\" content=\"https:\/\/b2b.calibereurope.com\/wp-content\/uploads\/2021\/09\/25e7f9ee58f0e130a1a93dbf985b30895df21f42_HPG525BT_web.jpg\" \/>\n\t<meta property=\"og:image:width\" content=\"1024\" \/>\n\t<meta property=\"og:image:height\" content=\"768\" \/>\n\t<meta property=\"og:image:type\" content=\"image\/jpeg\" \/>\n<meta name=\"twitter:card\" content=\"summary_large_image\" \/>\n<meta name=\"twitter:label1\" content=\"Dur\u00e9e de lecture estim\u00e9e\" \/>\n\t<meta name=\"twitter:data1\" content=\"1 minute\" \/>\n<script type=\"application\/ld+json\" class=\"yoast-schema-graph\">{\"@context\":\"https:\/\/schema.org\",\"@graph\":[{\"@type\":\"WebPage\",\"@id\":\"https:\/\/b2b.calibereurope.com\/fr\/produit\/hpg525bt-fr_fr\/\",\"url\":\"https:\/\/b2b.calibereurope.com\/fr\/produit\/hpg525bt-fr_fr\/\",\"name\":\"Haut-parleur Bluetooth - FM USB SD Noir (HPG525BT) - Caliber Europe B.V.\",\"isPartOf\":{\"@id\":\"https:\/\/b2b.calibereurope.com\/#website\"},\"primaryImageOfPage\":{\"@id\":\"https:\/\/b2b.calibereurope.com\/fr\/produit\/hpg525bt-fr_fr\/#primaryimage\"},\"image\":{\"@id\":\"https:\/\/b2b.calibereurope.com\/fr\/produit\/hpg525bt-fr_fr\/#primaryimage\"},\"thumbnailUrl\":\"https:\/\/b2b.calibereurope.com\/wp-content\/uploads\/2025\/10\/25e7f9ee58f0e130a1a93dbf985b30895df21f42_HPG525BT_web.jpg\",\"datePublished\":\"2025-10-07T00:00:00+00:00\",\"dateModified\":\"2025-10-07T10:14:24+00:00\",\"breadcrumb\":{\"@id\":\"https:\/\/b2b.calibereurope.com\/fr\/produit\/hpg525bt-fr_fr\/#breadcrumb\"},\"inLanguage\":\"fr-FR\",\"potentialAction\":[{\"@type\":\"ReadAction\",\"target\":[\"https:\/\/b2b.calibereurope.com\/fr\/produit\/hpg525bt-fr_fr\/\"]}]},{\"@type\":\"ImageObject\",\"inLanguage\":\"fr-FR\",\"@id\":\"https:\/\/b2b.calibereurope.com\/fr\/produit\/hpg525bt-fr_fr\/#primaryimage\",\"url\":\"https:\/\/b2b.calibereurope.com\/wp-content\/uploads\/2025\/10\/25e7f9ee58f0e130a1a93dbf985b30895df21f42_HPG525BT_web.jpg\",\"contentUrl\":\"https:\/\/b2b.calibereurope.com\/wp-content\/uploads\/2025\/10\/25e7f9ee58f0e130a1a93dbf985b30895df21f42_HPG525BT_web.jpg\",\"width\":1024,\"height\":768},{\"@type\":\"BreadcrumbList\",\"@id\":\"https:\/\/b2b.calibereurope.com\/fr\/produit\/hpg525bt-fr_fr\/#breadcrumb\",\"itemListElement\":[{\"@type\":\"ListItem\",\"position\":1,\"name\":\"Home\",\"item\":\"https:\/\/b2b.calibereurope.com\/fr\/home\/\"},{\"@type\":\"ListItem\",\"position\":2,\"name\":\"Boutique\",\"item\":\"https:\/\/b2b.calibereurope.com\/fr\/boutique\/\"},{\"@type\":\"ListItem\",\"position\":3,\"name\":\"Haut-parleur Bluetooth &#8211; FM USB SD Noir (HPG525BT)\"}]},{\"@type\":\"WebSite\",\"@id\":\"https:\/\/b2b.calibereurope.com\/#website\",\"url\":\"https:\/\/b2b.calibereurope.com\/\",\"name\":\"Caliber Europe B.V.\",\"description\":\"B2B Webshop\",\"publisher\":{\"@id\":\"https:\/\/b2b.calibereurope.com\/#organization\"},\"potentialAction\":[{\"@type\":\"SearchAction\",\"target\":{\"@type\":\"EntryPoint\",\"urlTemplate\":\"https:\/\/b2b.calibereurope.com\/?s={search_term_string}\"},\"query-input\":{\"@type\":\"PropertyValueSpecification\",\"valueRequired\":true,\"valueName\":\"search_term_string\"}}],\"inLanguage\":\"fr-FR\"},{\"@type\":\"Organization\",\"@id\":\"https:\/\/b2b.calibereurope.com\/#organization\",\"name\":\"Caliber Europe B.V.\",\"url\":\"https:\/\/b2b.calibereurope.com\/\",\"logo\":{\"@type\":\"ImageObject\",\"inLanguage\":\"fr-FR\",\"@id\":\"https:\/\/b2b.calibereurope.com\/#\/schema\/logo\/image\/\",\"url\":\"https:\/\/b2b.calibereurope.com\/wp-content\/uploads\/2020\/12\/Caliber_Logo-Black.png\",\"contentUrl\":\"https:\/\/b2b.calibereurope.com\/wp-content\/uploads\/2020\/12\/Caliber_Logo-Black.png\",\"width\":3157,\"height\":356,\"caption\":\"Caliber Europe B.V.\"},\"image\":{\"@id\":\"https:\/\/b2b.calibereurope.com\/#\/schema\/logo\/image\/\"}}]}<\/script>\n<!-- \/ Yoast SEO plugin. -->","yoast_head_json":{"title":"Haut-parleur Bluetooth - FM USB SD Noir (HPG525BT) - Caliber Europe B.V.","robots":{"index":"noindex","follow":"follow","max-snippet":"max-snippet:-1","max-image-preview":"max-image-preview:large","max-video-preview":"max-video-preview:-1"},"og_locale":"fr_FR","og_type":"article","og_title":"Haut-parleur Bluetooth - FM USB SD Noir (HPG525BT) - Caliber Europe B.V.","og_description":"\u00c9coutez votre musique ou votre \u00e9mission de radio pr\u00e9f\u00e9r\u00e9e avec le Caliber HPG525-BT. Ce haut-parleur est \u00e9quip\u00e9 d&#39;une connexion bluetooth. Utilisez-le \u00e0 la maison ou emportez-le en vacances, \u00e0 un festival ou au parc. Le HPG525BT dispose d&#39;une radio FM et des profils Bluetooth A2DP et AVRCP. Le subwoofer et le tweeter s\u00e9par\u00e9s offrent un [&hellip;]","og_url":"https:\/\/b2b.calibereurope.com\/fr\/produit\/hpg525bt-fr_fr\/","og_site_name":"Caliber Europe B.V.","article_modified_time":"2025-10-07T10:14:24+00:00","og_image":[{"width":1024,"height":768,"url":"https:\/\/b2b.calibereurope.com\/wp-content\/uploads\/2021\/09\/25e7f9ee58f0e130a1a93dbf985b30895df21f42_HPG525BT_web.jpg","type":"image\/jpeg"}],"twitter_card":"summary_large_image","twitter_misc":{"Dur\u00e9e de lecture estim\u00e9e":"1 minute"},"schema":{"@context":"https:\/\/schema.org","@graph":[{"@type":"WebPage","@id":"https:\/\/b2b.calibereurope.com\/fr\/produit\/hpg525bt-fr_fr\/","url":"https:\/\/b2b.calibereurope.com\/fr\/produit\/hpg525bt-fr_fr\/","name":"Haut-parleur Bluetooth - FM USB SD Noir (HPG525BT) - Caliber Europe B.V.","isPartOf":{"@id":"https:\/\/b2b.calibereurope.com\/#website"},"primaryImageOfPage":{"@id":"https:\/\/b2b.calibereurope.com\/fr\/produit\/hpg525bt-fr_fr\/#primaryimage"},"image":{"@id":"https:\/\/b2b.calibereurope.com\/fr\/produit\/hpg525bt-fr_fr\/#primaryimage"},"thumbnailUrl":"https:\/\/b2b.calibereurope.com\/wp-content\/uploads\/2025\/10\/25e7f9ee58f0e130a1a93dbf985b30895df21f42_HPG525BT_web.jpg","datePublished":"2025-10-07T00:00:00+00:00","dateModified":"2025-10-07T10:14:24+00:00","breadcrumb":{"@id":"https:\/\/b2b.calibereurope.com\/fr\/produit\/hpg525bt-fr_fr\/#breadcrumb"},"inLanguage":"fr-FR","potentialAction":[{"@type":"ReadAction","target":["https:\/\/b2b.calibereurope.com\/fr\/produit\/hpg525bt-fr_fr\/"]}]},{"@type":"ImageObject","inLanguage":"fr-FR","@id":"https:\/\/b2b.calibereurope.com\/fr\/produit\/hpg525bt-fr_fr\/#primaryimage","url":"https:\/\/b2b.calibereurope.com\/wp-content\/uploads\/2025\/10\/25e7f9ee58f0e130a1a93dbf985b30895df21f42_HPG525BT_web.jpg","contentUrl":"https:\/\/b2b.calibereurope.com\/wp-content\/uploads\/2025\/10\/25e7f9ee58f0e130a1a93dbf985b30895df21f42_HPG525BT_web.jpg","width":1024,"height":768},{"@type":"BreadcrumbList","@id":"https:\/\/b2b.calibereurope.com\/fr\/produit\/hpg525bt-fr_fr\/#breadcrumb","itemListElement":[{"@type":"ListItem","position":1,"name":"Home","item":"https:\/\/b2b.calibereurope.com\/fr\/home\/"},{"@type":"ListItem","position":2,"name":"Boutique","item":"https:\/\/b2b.calibereurope.com\/fr\/boutique\/"},{"@type":"ListItem","position":3,"name":"Haut-parleur Bluetooth &#8211; FM USB SD Noir (HPG525BT)"}]},{"@type":"WebSite","@id":"https:\/\/b2b.calibereurope.com\/#website","url":"https:\/\/b2b.calibereurope.com\/","name":"Caliber Europe B.V.","description":"B2B Webshop","publisher":{"@id":"https:\/\/b2b.calibereurope.com\/#organization"},"potentialAction":[{"@type":"SearchAction","target":{"@type":"EntryPoint","urlTemplate":"https:\/\/b2b.calibereurope.com\/?s={search_term_string}"},"query-input":{"@type":"PropertyValueSpecification","valueRequired":true,"valueName":"search_term_string"}}],"inLanguage":"fr-FR"},{"@type":"Organization","@id":"https:\/\/b2b.calibereurope.com\/#organization","name":"Caliber Europe B.V.","url":"https:\/\/b2b.calibereurope.com\/","logo":{"@type":"ImageObject","inLanguage":"fr-FR","@id":"https:\/\/b2b.calibereurope.com\/#\/schema\/logo\/image\/","url":"https:\/\/b2b.calibereurope.com\/wp-content\/uploads\/2020\/12\/Caliber_Logo-Black.png","contentUrl":"https:\/\/b2b.calibereurope.com\/wp-content\/uploads\/2020\/12\/Caliber_Logo-Black.png","width":3157,"height":356,"caption":"Caliber Europe B.V."},"image":{"@id":"https:\/\/b2b.calibereurope.com\/#\/schema\/logo\/image\/"}}]}},"_links":{"self":[{"href":"https:\/\/b2b.calibereurope.com\/fr\/wp-json\/wp\/v2\/product\/495756","targetHints":{"allow":["GET"]}}],"collection":[{"href":"https:\/\/b2b.calibereurope.com\/fr\/wp-json\/wp\/v2\/product"}],"about":[{"href":"https:\/\/b2b.calibereurope.com\/fr\/wp-json\/wp\/v2\/types\/product"}],"version-history":[{"count":0,"href":"https:\/\/b2b.calibereurope.com\/fr\/wp-json\/wp\/v2\/product\/495756\/revisions"}],"wp:featuredmedia":[{"embeddable":true,"href":"https:\/\/b2b.calibereurope.com\/fr\/wp-json\/wp\/v2\/media\/859140"}],"wp:attachment":[{"href":"https:\/\/b2b.calibereurope.com\/fr\/wp-json\/wp\/v2\/media?parent=495756"}],"wp:term":[{"taxonomy":"product_brand","embeddable":true,"href":"https:\/\/b2b.calibereurope.com\/fr\/wp-json\/wp\/v2\/product_brand?post=495756"},{"taxonomy":"product_cat","embeddable":true,"href":"https:\/\/b2b.calibereurope.com\/fr\/wp-json\/wp\/v2\/product_cat?post=495756"},{"taxonomy":"product_tag","embeddable":true,"href":"https:\/\/b2b.calibereurope.com\/fr\/wp-json\/wp\/v2\/product_tag?post=495756"}],"curies":[{"name":"wp","href":"https:\/\/api.w.org\/{rel}","templated":true}]}}