{"id":496476,"date":"2023-11-28T01:00:00","date_gmt":"2023-11-28T00:00:00","guid":{"rendered":""},"modified":"2025-04-03T09:34:37","modified_gmt":"2025-04-03T07:34:37","slug":"dvd-bracket-fr_fr","status":"publish","type":"product","link":"https:\/\/b2b.calibereurope.com\/fr\/produit\/dvd-bracket-fr_fr\/","title":{"rendered":"Porte-t\u00eate automatique &#8211; Accessoire pour MPD107, MPD2010T, MPD278T et MPD298 &#8211; support DVD (support DVD)"},"content":{"rendered":"<p> Confirmez vos \u00e9crans DVD fermement dans la voiture avec ce porte-t\u00eate de la voiture de voiture DVD de Caliber. Le support est sp\u00e9cialement con\u00e7u pour les joueurs de DVD de Caliber, en particulier les mod\u00e8les <strong> MPD de 2017 <\/strong>. Gr\u00e2ce au porte-t\u00eate, l&#39;\u00e9cran reste en place et les enfants peuvent regarder sans cesse leur film ou s\u00e9rie pr\u00e9f\u00e9r\u00e9. Le d\u00e9tenteur du joueur de DVD pour la voiture est <strong> id\u00e9al pour les longs voyages. <\/strong> Avec l&#39;aide des vis, vous attachez fermement les joueurs DVD au principal si\u00e8ge de l&#39;auto pour un plaisir de vision sans fin. <\/p>\n<p> <strong> Propri\u00e9t\u00e9s: <\/strong> <\/p>\n<ul>\n<li> Confirmation de l&#39;appui dans Auto\n<li> Pour lecteur DVD de voiture de Caliber\n<li> Mod\u00e8les MPD \u00e0 partir de 2017:\n<p> MPD107, MPD2010T, MPD278T et MPD298 <\/p>\n<ul>\n<li> Id\u00e9al pour les voyages longs <\/li>\n<\/ul>\n<\/li>\n<\/ul>\n<h3> pour les joueurs de Caliber &#8211; Joueurs <\/h3>\n<p> Ce porte-t\u00eate de voiture est sp\u00e9cialement con\u00e7u pour les joueurs de DVD de Caliber. Les mod\u00e8les MPD fabriqu\u00e9s \u00e0 partir de 2017 sont compatibles avec ce support. Par exemple, vous pouvez facilement attacher les MPD107, MPD2010T, MPD278T et MPD298 \u00e0 un appuie-t\u00eate de voiture avec ce support de lecteur DVD. <\/p>\n<h3> heures de plaisir de vision <\/h3>\n<p> Avec le porte-t\u00eate de la voiture pour votre lecteur DVD, regarder des films et des s\u00e9ries est encore plus confortable. Pas de combat sur qui d\u00e9tient l&#39;\u00e9cran DVD et \u00e0 quel point cela devrait se produire. Gr\u00e2ce \u00e0 l&#39;appuie-t\u00eate du lecteur DVD pour la voiture, l&#39;\u00e9cran reste toujours en place et l&#39;image est \u00e9galement clairement visible pour tous les t\u00e9l\u00e9spectateurs. <\/p>\n<h3> en toute s\u00e9curit\u00e9 sur la route <\/h3>\n<p> Les virages soudains, le freinage ou simplement perdre votre attention sont in\u00e9vitables lors de longs trajets en voiture. Lorsque les enfants gardent un joueur de DVD dans la voiture sur leurs genoux, un accident est dans un petit coin. Un paquet de consommation d&#39;alcool est rapidement renvers\u00e9 sur l&#39;\u00e9cran DVD et le lecteur DVD ne s&#39;am\u00e9liorera pas non plus. Lorsque vous attachez le support de DVD \u00e0 un appui dans la voiture, ces probl\u00e8mes appartiennent au pass\u00e9. Par exemple, la banquette arri\u00e8re peut \u00eatre regard\u00e9e dans les plus beaux films, sans risque de manger ou de boire \u00e0 l&#39;\u00e9cran. L&#39;\u00e9cran DVD ne parcoure pas la voiture et ne peut causer aucun dommage. <\/p>\n","protected":false},"excerpt":{"rendered":"<p>Confirmez vos \u00e9crans DVD fermement dans la voiture avec ce porte-t\u00eate de la voiture de voiture DVD de Caliber. Le support est sp\u00e9cialement con\u00e7u pour les joueurs de DVD de Caliber, en particulier les mod\u00e8les MPD de 2017 . Gr\u00e2ce au porte-t\u00eate, l&#39;\u00e9cran reste en place et les enfants peuvent regarder sans cesse leur film [&hellip;]<\/p>\n","protected":false},"featured_media":839499,"template":"","meta":{"_acf_changed":false,"site-sidebar-layout":"default","site-content-layout":"","ast-site-content-layout":"default","site-content-style":"default","site-sidebar-style":"default","ast-global-header-display":"","ast-banner-title-visibility":"","ast-main-header-display":"","ast-hfb-above-header-display":"","ast-hfb-below-header-display":"","ast-hfb-mobile-header-display":"","site-post-title":"","ast-breadcrumbs-content":"","ast-featured-img":"","footer-sml-layout":"","theme-transparent-header-meta":"","adv-header-id-meta":"","stick-header-meta":"","header-above-stick-meta":"","header-main-stick-meta":"","header-below-stick-meta":"","astra-migrate-meta-layouts":"default","ast-page-background-enabled":"default","ast-page-background-meta":{"desktop":{"background-color":"","background-image":"","background-repeat":"repeat","background-position":"center center","background-size":"auto","background-attachment":"scroll","background-type":"","background-media":"","overlay-type":"","overlay-color":"","overlay-opacity":"","overlay-gradient":""},"tablet":{"background-color":"","background-image":"","background-repeat":"repeat","background-position":"center center","background-size":"auto","background-attachment":"scroll","background-type":"","background-media":"","overlay-type":"","overlay-color":"","overlay-opacity":"","overlay-gradient":""},"mobile":{"background-color":"","background-image":"","background-repeat":"repeat","background-position":"center center","background-size":"auto","background-attachment":"scroll","background-type":"","background-media":"","overlay-type":"","overlay-color":"","overlay-opacity":"","overlay-gradient":""}},"ast-content-background-meta":{"desktop":{"background-color":"var(--ast-global-color-5)","background-image":"","background-repeat":"repeat","background-position":"center center","background-size":"auto","background-attachment":"scroll","background-type":"","background-media":"","overlay-type":"","overlay-color":"","overlay-opacity":"","overlay-gradient":""},"tablet":{"background-color":"var(--ast-global-color-5)","background-image":"","background-repeat":"repeat","background-position":"center center","background-size":"auto","background-attachment":"scroll","background-type":"","background-media":"","overlay-type":"","overlay-color":"","overlay-opacity":"","overlay-gradient":""},"mobile":{"background-color":"var(--ast-global-color-5)","background-image":"","background-repeat":"repeat","background-position":"center center","background-size":"auto","background-attachment":"scroll","background-type":"","background-media":"","overlay-type":"","overlay-color":"","overlay-opacity":"","overlay-gradient":""}}},"product_brand":[],"product_cat":[22955],"product_tag":[],"class_list":{"0":"post-496476","1":"product","2":"type-product","3":"status-publish","4":"has-post-thumbnail","6":"product_cat-pas-de-categorie","7":"desktop-align-center","8":"tablet-align-center","9":"mobile-align-center","10":"ast-product-gallery-layout-horizontal","11":"ast-product-tabs-layout-horizontal","13":"first","14":"instock","15":"taxable","16":"shipping-taxable","17":"purchasable","18":"product-type-simple"},"acf":[],"yoast_head":"<!-- This site is optimized with the Yoast SEO plugin v26.5 - https:\/\/yoast.com\/wordpress\/plugins\/seo\/ -->\n<title>Porte-t\u00eate automatique - Accessoire pour MPD107, MPD2010T, MPD278T et MPD298 - support DVD (support DVD) - Caliber Europe B.V.<\/title>\n<meta name=\"robots\" content=\"noindex, follow, max-snippet:-1, max-image-preview:large, max-video-preview:-1\" \/>\n<meta property=\"og:locale\" content=\"fr_FR\" \/>\n<meta property=\"og:type\" content=\"article\" \/>\n<meta property=\"og:title\" content=\"Porte-t\u00eate automatique - Accessoire pour MPD107, MPD2010T, MPD278T et MPD298 - support DVD (support DVD) - Caliber Europe B.V.\" \/>\n<meta property=\"og:description\" content=\"Confirmez vos \u00e9crans DVD fermement dans la voiture avec ce porte-t\u00eate de la voiture de voiture DVD de Caliber. Le support est sp\u00e9cialement con\u00e7u pour les joueurs de DVD de Caliber, en particulier les mod\u00e8les MPD de 2017 . Gr\u00e2ce au porte-t\u00eate, l&#039;\u00e9cran reste en place et les enfants peuvent regarder sans cesse leur film [&hellip;]\" \/>\n<meta property=\"og:url\" content=\"https:\/\/b2b.calibereurope.com\/fr\/produit\/dvd-bracket-fr_fr\/\" \/>\n<meta property=\"og:site_name\" content=\"Caliber Europe B.V.\" \/>\n<meta property=\"article:modified_time\" content=\"2025-04-03T07:34:37+00:00\" \/>\n<meta property=\"og:image\" content=\"https:\/\/b2b.calibereurope.com\/wp-content\/uploads\/2021\/09\/ad4630dc26c250770723c4b04f9037e1908f25cf_DVD_BRACKET_mounted_web.jpg\" \/>\n\t<meta property=\"og:image:width\" content=\"1024\" \/>\n\t<meta property=\"og:image:height\" content=\"768\" \/>\n\t<meta property=\"og:image:type\" content=\"image\/jpeg\" \/>\n<meta name=\"twitter:card\" content=\"summary_large_image\" \/>\n<meta name=\"twitter:label1\" content=\"Dur\u00e9e de lecture estim\u00e9e\" \/>\n\t<meta name=\"twitter:data1\" content=\"2 minutes\" \/>\n<script type=\"application\/ld+json\" class=\"yoast-schema-graph\">{\"@context\":\"https:\/\/schema.org\",\"@graph\":[{\"@type\":\"WebPage\",\"@id\":\"https:\/\/b2b.calibereurope.com\/fr\/produit\/dvd-bracket-fr_fr\/\",\"url\":\"https:\/\/b2b.calibereurope.com\/fr\/produit\/dvd-bracket-fr_fr\/\",\"name\":\"Porte-t\u00eate automatique - Accessoire pour MPD107, MPD2010T, MPD278T et MPD298 - support DVD (support DVD) - Caliber Europe B.V.\",\"isPartOf\":{\"@id\":\"https:\/\/b2b.calibereurope.com\/#website\"},\"primaryImageOfPage\":{\"@id\":\"https:\/\/b2b.calibereurope.com\/fr\/produit\/dvd-bracket-fr_fr\/#primaryimage\"},\"image\":{\"@id\":\"https:\/\/b2b.calibereurope.com\/fr\/produit\/dvd-bracket-fr_fr\/#primaryimage\"},\"thumbnailUrl\":\"https:\/\/b2b.calibereurope.com\/wp-content\/uploads\/2023\/11\/ad4630dc26c250770723c4b04f9037e1908f25cf_DVD_BRACKET_mounted_web.jpg\",\"datePublished\":\"2023-11-28T00:00:00+00:00\",\"dateModified\":\"2025-04-03T07:34:37+00:00\",\"breadcrumb\":{\"@id\":\"https:\/\/b2b.calibereurope.com\/fr\/produit\/dvd-bracket-fr_fr\/#breadcrumb\"},\"inLanguage\":\"fr-FR\",\"potentialAction\":[{\"@type\":\"ReadAction\",\"target\":[\"https:\/\/b2b.calibereurope.com\/fr\/produit\/dvd-bracket-fr_fr\/\"]}]},{\"@type\":\"ImageObject\",\"inLanguage\":\"fr-FR\",\"@id\":\"https:\/\/b2b.calibereurope.com\/fr\/produit\/dvd-bracket-fr_fr\/#primaryimage\",\"url\":\"https:\/\/b2b.calibereurope.com\/wp-content\/uploads\/2023\/11\/ad4630dc26c250770723c4b04f9037e1908f25cf_DVD_BRACKET_mounted_web.jpg\",\"contentUrl\":\"https:\/\/b2b.calibereurope.com\/wp-content\/uploads\/2023\/11\/ad4630dc26c250770723c4b04f9037e1908f25cf_DVD_BRACKET_mounted_web.jpg\",\"width\":1024,\"height\":768},{\"@type\":\"BreadcrumbList\",\"@id\":\"https:\/\/b2b.calibereurope.com\/fr\/produit\/dvd-bracket-fr_fr\/#breadcrumb\",\"itemListElement\":[{\"@type\":\"ListItem\",\"position\":1,\"name\":\"Home\",\"item\":\"https:\/\/b2b.calibereurope.com\/fr\/home\/\"},{\"@type\":\"ListItem\",\"position\":2,\"name\":\"Boutique\",\"item\":\"https:\/\/b2b.calibereurope.com\/fr\/boutique\/\"},{\"@type\":\"ListItem\",\"position\":3,\"name\":\"Appuie-t\u00eate pour les lecteurs DVD portables &#8211; Noir (DVD-BRACKET)\"}]},{\"@type\":\"WebSite\",\"@id\":\"https:\/\/b2b.calibereurope.com\/#website\",\"url\":\"https:\/\/b2b.calibereurope.com\/\",\"name\":\"Caliber Europe B.V.\",\"description\":\"B2B Webshop\",\"publisher\":{\"@id\":\"https:\/\/b2b.calibereurope.com\/#organization\"},\"potentialAction\":[{\"@type\":\"SearchAction\",\"target\":{\"@type\":\"EntryPoint\",\"urlTemplate\":\"https:\/\/b2b.calibereurope.com\/?s={search_term_string}\"},\"query-input\":{\"@type\":\"PropertyValueSpecification\",\"valueRequired\":true,\"valueName\":\"search_term_string\"}}],\"inLanguage\":\"fr-FR\"},{\"@type\":\"Organization\",\"@id\":\"https:\/\/b2b.calibereurope.com\/#organization\",\"name\":\"Caliber Europe B.V.\",\"url\":\"https:\/\/b2b.calibereurope.com\/\",\"logo\":{\"@type\":\"ImageObject\",\"inLanguage\":\"fr-FR\",\"@id\":\"https:\/\/b2b.calibereurope.com\/#\/schema\/logo\/image\/\",\"url\":\"https:\/\/b2b.calibereurope.com\/wp-content\/uploads\/2020\/12\/Caliber_Logo-Black.png\",\"contentUrl\":\"https:\/\/b2b.calibereurope.com\/wp-content\/uploads\/2020\/12\/Caliber_Logo-Black.png\",\"width\":3157,\"height\":356,\"caption\":\"Caliber Europe B.V.\"},\"image\":{\"@id\":\"https:\/\/b2b.calibereurope.com\/#\/schema\/logo\/image\/\"}}]}<\/script>\n<!-- \/ Yoast SEO plugin. -->","yoast_head_json":{"title":"Porte-t\u00eate automatique - Accessoire pour MPD107, MPD2010T, MPD278T et MPD298 - support DVD (support DVD) - Caliber Europe B.V.","robots":{"index":"noindex","follow":"follow","max-snippet":"max-snippet:-1","max-image-preview":"max-image-preview:large","max-video-preview":"max-video-preview:-1"},"og_locale":"fr_FR","og_type":"article","og_title":"Porte-t\u00eate automatique - Accessoire pour MPD107, MPD2010T, MPD278T et MPD298 - support DVD (support DVD) - Caliber Europe B.V.","og_description":"Confirmez vos \u00e9crans DVD fermement dans la voiture avec ce porte-t\u00eate de la voiture de voiture DVD de Caliber. Le support est sp\u00e9cialement con\u00e7u pour les joueurs de DVD de Caliber, en particulier les mod\u00e8les MPD de 2017 . Gr\u00e2ce au porte-t\u00eate, l&#39;\u00e9cran reste en place et les enfants peuvent regarder sans cesse leur film [&hellip;]","og_url":"https:\/\/b2b.calibereurope.com\/fr\/produit\/dvd-bracket-fr_fr\/","og_site_name":"Caliber Europe B.V.","article_modified_time":"2025-04-03T07:34:37+00:00","og_image":[{"width":1024,"height":768,"url":"https:\/\/b2b.calibereurope.com\/wp-content\/uploads\/2021\/09\/ad4630dc26c250770723c4b04f9037e1908f25cf_DVD_BRACKET_mounted_web.jpg","type":"image\/jpeg"}],"twitter_card":"summary_large_image","twitter_misc":{"Dur\u00e9e de lecture estim\u00e9e":"2 minutes"},"schema":{"@context":"https:\/\/schema.org","@graph":[{"@type":"WebPage","@id":"https:\/\/b2b.calibereurope.com\/fr\/produit\/dvd-bracket-fr_fr\/","url":"https:\/\/b2b.calibereurope.com\/fr\/produit\/dvd-bracket-fr_fr\/","name":"Porte-t\u00eate automatique - Accessoire pour MPD107, MPD2010T, MPD278T et MPD298 - support DVD (support DVD) - Caliber Europe B.V.","isPartOf":{"@id":"https:\/\/b2b.calibereurope.com\/#website"},"primaryImageOfPage":{"@id":"https:\/\/b2b.calibereurope.com\/fr\/produit\/dvd-bracket-fr_fr\/#primaryimage"},"image":{"@id":"https:\/\/b2b.calibereurope.com\/fr\/produit\/dvd-bracket-fr_fr\/#primaryimage"},"thumbnailUrl":"https:\/\/b2b.calibereurope.com\/wp-content\/uploads\/2023\/11\/ad4630dc26c250770723c4b04f9037e1908f25cf_DVD_BRACKET_mounted_web.jpg","datePublished":"2023-11-28T00:00:00+00:00","dateModified":"2025-04-03T07:34:37+00:00","breadcrumb":{"@id":"https:\/\/b2b.calibereurope.com\/fr\/produit\/dvd-bracket-fr_fr\/#breadcrumb"},"inLanguage":"fr-FR","potentialAction":[{"@type":"ReadAction","target":["https:\/\/b2b.calibereurope.com\/fr\/produit\/dvd-bracket-fr_fr\/"]}]},{"@type":"ImageObject","inLanguage":"fr-FR","@id":"https:\/\/b2b.calibereurope.com\/fr\/produit\/dvd-bracket-fr_fr\/#primaryimage","url":"https:\/\/b2b.calibereurope.com\/wp-content\/uploads\/2023\/11\/ad4630dc26c250770723c4b04f9037e1908f25cf_DVD_BRACKET_mounted_web.jpg","contentUrl":"https:\/\/b2b.calibereurope.com\/wp-content\/uploads\/2023\/11\/ad4630dc26c250770723c4b04f9037e1908f25cf_DVD_BRACKET_mounted_web.jpg","width":1024,"height":768},{"@type":"BreadcrumbList","@id":"https:\/\/b2b.calibereurope.com\/fr\/produit\/dvd-bracket-fr_fr\/#breadcrumb","itemListElement":[{"@type":"ListItem","position":1,"name":"Home","item":"https:\/\/b2b.calibereurope.com\/fr\/home\/"},{"@type":"ListItem","position":2,"name":"Boutique","item":"https:\/\/b2b.calibereurope.com\/fr\/boutique\/"},{"@type":"ListItem","position":3,"name":"Appuie-t\u00eate pour les lecteurs DVD portables &#8211; Noir (DVD-BRACKET)"}]},{"@type":"WebSite","@id":"https:\/\/b2b.calibereurope.com\/#website","url":"https:\/\/b2b.calibereurope.com\/","name":"Caliber Europe B.V.","description":"B2B Webshop","publisher":{"@id":"https:\/\/b2b.calibereurope.com\/#organization"},"potentialAction":[{"@type":"SearchAction","target":{"@type":"EntryPoint","urlTemplate":"https:\/\/b2b.calibereurope.com\/?s={search_term_string}"},"query-input":{"@type":"PropertyValueSpecification","valueRequired":true,"valueName":"search_term_string"}}],"inLanguage":"fr-FR"},{"@type":"Organization","@id":"https:\/\/b2b.calibereurope.com\/#organization","name":"Caliber Europe B.V.","url":"https:\/\/b2b.calibereurope.com\/","logo":{"@type":"ImageObject","inLanguage":"fr-FR","@id":"https:\/\/b2b.calibereurope.com\/#\/schema\/logo\/image\/","url":"https:\/\/b2b.calibereurope.com\/wp-content\/uploads\/2020\/12\/Caliber_Logo-Black.png","contentUrl":"https:\/\/b2b.calibereurope.com\/wp-content\/uploads\/2020\/12\/Caliber_Logo-Black.png","width":3157,"height":356,"caption":"Caliber Europe B.V."},"image":{"@id":"https:\/\/b2b.calibereurope.com\/#\/schema\/logo\/image\/"}}]}},"_links":{"self":[{"href":"https:\/\/b2b.calibereurope.com\/fr\/wp-json\/wp\/v2\/product\/496476","targetHints":{"allow":["GET"]}}],"collection":[{"href":"https:\/\/b2b.calibereurope.com\/fr\/wp-json\/wp\/v2\/product"}],"about":[{"href":"https:\/\/b2b.calibereurope.com\/fr\/wp-json\/wp\/v2\/types\/product"}],"version-history":[{"count":0,"href":"https:\/\/b2b.calibereurope.com\/fr\/wp-json\/wp\/v2\/product\/496476\/revisions"}],"wp:featuredmedia":[{"embeddable":true,"href":"https:\/\/b2b.calibereurope.com\/fr\/wp-json\/wp\/v2\/media\/839499"}],"wp:attachment":[{"href":"https:\/\/b2b.calibereurope.com\/fr\/wp-json\/wp\/v2\/media?parent=496476"}],"wp:term":[{"taxonomy":"product_brand","embeddable":true,"href":"https:\/\/b2b.calibereurope.com\/fr\/wp-json\/wp\/v2\/product_brand?post=496476"},{"taxonomy":"product_cat","embeddable":true,"href":"https:\/\/b2b.calibereurope.com\/fr\/wp-json\/wp\/v2\/product_cat?post=496476"},{"taxonomy":"product_tag","embeddable":true,"href":"https:\/\/b2b.calibereurope.com\/fr\/wp-json\/wp\/v2\/product_tag?post=496476"}],"curies":[{"name":"wp","href":"https:\/\/api.w.org\/{rel}","templated":true}]}}