{"id":497556,"date":"2024-06-04T02:00:00","date_gmt":"2024-06-04T00:00:00","guid":{"rendered":""},"modified":"2026-03-10T13:28:43","modified_gmt":"2026-03-10T12:28:43","slug":"HBC434DAB-BT-fr_FR","status":"publish","type":"product","link":"https:\/\/b2b.calibereurope.com\/fr\/produit\/HBC434DAB-BT-fr_FR\/","title":{"rendered":"Radio Lecteur CD avec Bluetooth et DAB+ &#8211; USB &#8211; AUX &#8211; Affichage LED &#8211; Fonction R\u00e9veil (HBC434DAB-BT)"},"content":{"rendered":"<p> Ayez toujours votre musique pr\u00e9f\u00e9r\u00e9e \u00e0 port\u00e9e de main avec le lecteur CD radio Caliber HBC434DAB-BT avec Bluetooth. Connectez votre t\u00e9l\u00e9phone en <strong> Bluetooth <\/strong>USB ou <strong>AUX<\/strong>. Bien entendu, vous pouvez aussi simplement \u00e9couter les <strong> stations de radio gr\u00e2ce \u00e0 la radio DAB+ et FM <\/strong>. Le lecteur radio CD est m\u00eame \u00e9quip\u00e9 d&#39;un r\u00e9veil, d&#39;une <strong> fonction r\u00e9veil, sommeil et snooze <\/strong>. Vous utilisez le lecteur de CD avec <strong> la prise <\/strong> ou vous utilisez <strong> des piles <\/strong> lorsque vous voulez l&#39;emporter avec vous. <\/p>\n<p> <strong> Caract\u00e9ristiques : <\/strong> <\/p>\n<ul>\n<li> Technologie Bluetooth <\/li>\n<li> USB et AUX <\/li>\n<li> Radio DAB+ et AM\/FM <\/li>\n<li> Fonction r\u00e9veil, sommeil et snooze <\/li>\n<li> Fonctionne avec une prise ou des piles <\/li>\n<li>6x piles 9V DC requises <\/li>\n<li> Avec poign\u00e9e <\/li>\n<li> Affichage LED<\/li>\n<\/ul>\n<h3> Le lecteur CD dispose de nombreuses options de lecture <\/h3>\n<p> Qu&#39;il s&#39;agisse d&#39;une nouvelle ou d&#39;une ancienne collection de musique, le Caliber HBC434DAB-BT a la bonne option de lecture. Du lecteur CD \u00ab\u00a0old-school\u00a0\u00bb \u00e0 la derni\u00e8re radio et \u00e0 la technologie Bluetooth. Il suffit de connecter votre t\u00e9l\u00e9phone par Bluetooth et vous pouvez commencer \u00e0 \u00e9couter imm\u00e9diatement. En outre, vous pouvez \u00e9galement utiliser un c\u00e2ble USB ou un c\u00e2ble AUX pour connecter votre t\u00e9l\u00e9phone. Besoin d&#39;un peu de vari\u00e9t\u00e9 ? Vous pouvez alors utiliser la radio DAB+ ou FM pour \u00e9couter vos DJs, talk-shows ou \u00e9missions d&#39;information pr\u00e9f\u00e9r\u00e9s. Ainsi, avec ce lecteur CD, vous ne vous ennuierez plus jamais. <\/p>\n<h3> Lecteur CD facile \u00e0 emporter <\/h3>\n<p> O\u00f9 que vous alliez, avec le lecteur CD, vous avez toujours de la musique avec vous. Le lecteur CD radio est parfait pour une utilisation \u00e0 la maison avec la prise. Vous emportez la radio avec vous ? Vous pouvez alors utiliser 6 piles C pour avoir de la musique en d\u00e9placement (non incluses). Vous pouvez facilement emporter le lecteur CD avec radio gr\u00e2ce \u00e0 la poign\u00e9e pratique. <\/p>\n<h3> Le lecteur CD peut \u00eatre utilis\u00e9 comme r\u00e9veil <\/h3>\n<p> Le lecteur CD portable avec Bluetooth est tr\u00e8s polyvalent. En effet, il est \u00e9quip\u00e9 d&#39;une fonction r\u00e9veil, sommeil et snooze, ce qui vous permet de l&#39;utiliser dans votre chambre \u00e0 coucher. C&#39;est donc un r\u00e9veil, une radio et un haut-parleur tout en un. L&#39;\u00e9cran LED vous permet de lire l&#39;heure et de voir quelle chanson est en cours de lecture. Le lecteur CD peut \u00e9galement \u00eatre utilis\u00e9 par les enfants gr\u00e2ce \u00e0 ses commandes simples. En bref, cet accessoire pratique est incontournable dans votre maison ! <\/p>\n","protected":false},"excerpt":{"rendered":"<ul>\n<li>Technologie Bluetooth<\/li>\n<li>USB et AUX<\/li>\n<li>Radio DAB+ et AM\/FM<\/li>\n<li>Fonction r\u00e9veil, sommeil et snooze<\/li>\n<li>Fonctionne avec une prise ou des piles<\/li>\n<li>6x piles 9V DC requises<\/li>\n<li>Avec poign\u00e9e<\/li>\n<li>Affichage LED<\/li>\n<\/ul>\n","protected":false},"featured_media":844749,"template":"","meta":{"_acf_changed":false,"site-sidebar-layout":"default","site-content-layout":"","ast-site-content-layout":"default","site-content-style":"default","site-sidebar-style":"default","ast-global-header-display":"","ast-banner-title-visibility":"","ast-main-header-display":"","ast-hfb-above-header-display":"","ast-hfb-below-header-display":"","ast-hfb-mobile-header-display":"","site-post-title":"","ast-breadcrumbs-content":"","ast-featured-img":"","footer-sml-layout":"","theme-transparent-header-meta":"","adv-header-id-meta":"","stick-header-meta":"","header-above-stick-meta":"","header-main-stick-meta":"","header-below-stick-meta":"","astra-migrate-meta-layouts":"default","ast-page-background-enabled":"default","ast-page-background-meta":{"desktop":{"background-color":"","background-image":"","background-repeat":"repeat","background-position":"center center","background-size":"auto","background-attachment":"scroll","background-type":"","background-media":"","overlay-type":"","overlay-color":"","overlay-opacity":"","overlay-gradient":""},"tablet":{"background-color":"","background-image":"","background-repeat":"repeat","background-position":"center center","background-size":"auto","background-attachment":"scroll","background-type":"","background-media":"","overlay-type":"","overlay-color":"","overlay-opacity":"","overlay-gradient":""},"mobile":{"background-color":"","background-image":"","background-repeat":"repeat","background-position":"center center","background-size":"auto","background-attachment":"scroll","background-type":"","background-media":"","overlay-type":"","overlay-color":"","overlay-opacity":"","overlay-gradient":""}},"ast-content-background-meta":{"desktop":{"background-color":"var(--ast-global-color-5)","background-image":"","background-repeat":"repeat","background-position":"center center","background-size":"auto","background-attachment":"scroll","background-type":"","background-media":"","overlay-type":"","overlay-color":"","overlay-opacity":"","overlay-gradient":""},"tablet":{"background-color":"var(--ast-global-color-5)","background-image":"","background-repeat":"repeat","background-position":"center center","background-size":"auto","background-attachment":"scroll","background-type":"","background-media":"","overlay-type":"","overlay-color":"","overlay-opacity":"","overlay-gradient":""},"mobile":{"background-color":"var(--ast-global-color-5)","background-image":"","background-repeat":"repeat","background-position":"center center","background-size":"auto","background-attachment":"scroll","background-type":"","background-media":"","overlay-type":"","overlay-color":"","overlay-opacity":"","overlay-gradient":""}}},"product_brand":[],"product_cat":[22955],"product_tag":[],"class_list":{"0":"post-497556","1":"product","2":"type-product","3":"status-publish","4":"has-post-thumbnail","6":"product_cat-pas-de-categorie","7":"desktop-align-center","8":"tablet-align-center","9":"mobile-align-center","10":"ast-product-gallery-layout-horizontal","11":"ast-product-tabs-layout-horizontal","13":"first","14":"onbackorder","15":"taxable","16":"shipping-taxable","17":"purchasable","18":"product-type-simple"},"acf":[],"yoast_head":"<!-- This site is optimized with the Yoast SEO plugin v26.5 - https:\/\/yoast.com\/wordpress\/plugins\/seo\/ -->\n<title>Radio Lecteur CD avec Bluetooth et DAB+ - USB - AUX - Affichage LED - Fonction R\u00e9veil (HBC434DAB-BT) - Caliber Europe B.V.<\/title>\n<meta name=\"robots\" content=\"noindex, follow, max-snippet:-1, max-image-preview:large, max-video-preview:-1\" \/>\n<meta property=\"og:locale\" content=\"fr_FR\" \/>\n<meta property=\"og:type\" content=\"article\" \/>\n<meta property=\"og:title\" content=\"Radio Lecteur CD avec Bluetooth et DAB+ - USB - AUX - Affichage LED - Fonction R\u00e9veil (HBC434DAB-BT) - Caliber Europe B.V.\" \/>\n<meta property=\"og:description\" content=\"Technologie BluetoothUSB et AUXRadio DAB+ et AM\/FMFonction r\u00e9veil, sommeil et snoozeFonctionne avec une prise ou des piles6x piles 9V DC requisesAvec poign\u00e9eAffichage LED\" \/>\n<meta property=\"og:url\" content=\"https:\/\/b2b.calibereurope.com\/fr\/produit\/hbc434dab-bt-fr_fr\/\" \/>\n<meta property=\"og:site_name\" content=\"Caliber Europe B.V.\" \/>\n<meta property=\"article:modified_time\" content=\"2026-03-10T12:28:43+00:00\" \/>\n<meta property=\"og:image\" content=\"http:\/\/b2b.calibereurope.com\/wp-content\/uploads\/2022\/04\/9f3a5c6a3a1b4f4a64394034f5fb6d90404647b1_HBC434DAB_BT_Beautiful_from_this_Angel_web.jpg\" \/>\n\t<meta property=\"og:image:width\" content=\"1024\" \/>\n\t<meta property=\"og:image:height\" content=\"768\" \/>\n\t<meta property=\"og:image:type\" content=\"image\/jpeg\" \/>\n<meta name=\"twitter:card\" content=\"summary_large_image\" \/>\n<meta name=\"twitter:label1\" content=\"Dur\u00e9e de lecture estim\u00e9e\" \/>\n\t<meta name=\"twitter:data1\" content=\"2 minutes\" \/>\n<script type=\"application\/ld+json\" class=\"yoast-schema-graph\">{\"@context\":\"https:\/\/schema.org\",\"@graph\":[{\"@type\":\"WebPage\",\"@id\":\"https:\/\/b2b.calibereurope.com\/fr\/produit\/hbc434dab-bt-fr_fr\/\",\"url\":\"https:\/\/b2b.calibereurope.com\/fr\/produit\/hbc434dab-bt-fr_fr\/\",\"name\":\"Radio Lecteur CD avec Bluetooth et DAB+ - USB - AUX - Affichage LED - Fonction R\u00e9veil (HBC434DAB-BT) - Caliber Europe B.V.\",\"isPartOf\":{\"@id\":\"https:\/\/b2b.calibereurope.com\/#website\"},\"primaryImageOfPage\":{\"@id\":\"https:\/\/b2b.calibereurope.com\/fr\/produit\/hbc434dab-bt-fr_fr\/#primaryimage\"},\"image\":{\"@id\":\"https:\/\/b2b.calibereurope.com\/fr\/produit\/hbc434dab-bt-fr_fr\/#primaryimage\"},\"thumbnailUrl\":\"https:\/\/b2b.calibereurope.com\/wp-content\/uploads\/2024\/06\/9f3a5c6a3a1b4f4a64394034f5fb6d90404647b1_HBC434DAB_BT_Beautiful_from_this_Angel_web.jpg\",\"datePublished\":\"2024-06-04T00:00:00+00:00\",\"dateModified\":\"2026-03-10T12:28:43+00:00\",\"breadcrumb\":{\"@id\":\"https:\/\/b2b.calibereurope.com\/fr\/produit\/hbc434dab-bt-fr_fr\/#breadcrumb\"},\"inLanguage\":\"fr-FR\",\"potentialAction\":[{\"@type\":\"ReadAction\",\"target\":[\"https:\/\/b2b.calibereurope.com\/fr\/produit\/hbc434dab-bt-fr_fr\/\"]}]},{\"@type\":\"ImageObject\",\"inLanguage\":\"fr-FR\",\"@id\":\"https:\/\/b2b.calibereurope.com\/fr\/produit\/hbc434dab-bt-fr_fr\/#primaryimage\",\"url\":\"https:\/\/b2b.calibereurope.com\/wp-content\/uploads\/2024\/06\/9f3a5c6a3a1b4f4a64394034f5fb6d90404647b1_HBC434DAB_BT_Beautiful_from_this_Angel_web.jpg\",\"contentUrl\":\"https:\/\/b2b.calibereurope.com\/wp-content\/uploads\/2024\/06\/9f3a5c6a3a1b4f4a64394034f5fb6d90404647b1_HBC434DAB_BT_Beautiful_from_this_Angel_web.jpg\",\"width\":1024,\"height\":768},{\"@type\":\"BreadcrumbList\",\"@id\":\"https:\/\/b2b.calibereurope.com\/fr\/produit\/hbc434dab-bt-fr_fr\/#breadcrumb\",\"itemListElement\":[{\"@type\":\"ListItem\",\"position\":1,\"name\":\"Home\",\"item\":\"https:\/\/b2b.calibereurope.com\/fr\/home\/\"},{\"@type\":\"ListItem\",\"position\":2,\"name\":\"Boutique\",\"item\":\"https:\/\/b2b.calibereurope.com\/fr\/boutique\/\"},{\"@type\":\"ListItem\",\"position\":3,\"name\":\"Lecteur CD radio avec DAB+ et Bluetooth &#8211; Noir (HBC434DAB-BT)\"}]},{\"@type\":\"WebSite\",\"@id\":\"https:\/\/b2b.calibereurope.com\/#website\",\"url\":\"https:\/\/b2b.calibereurope.com\/\",\"name\":\"Caliber Europe B.V.\",\"description\":\"B2B Webshop\",\"publisher\":{\"@id\":\"https:\/\/b2b.calibereurope.com\/#organization\"},\"potentialAction\":[{\"@type\":\"SearchAction\",\"target\":{\"@type\":\"EntryPoint\",\"urlTemplate\":\"https:\/\/b2b.calibereurope.com\/?s={search_term_string}\"},\"query-input\":{\"@type\":\"PropertyValueSpecification\",\"valueRequired\":true,\"valueName\":\"search_term_string\"}}],\"inLanguage\":\"fr-FR\"},{\"@type\":\"Organization\",\"@id\":\"https:\/\/b2b.calibereurope.com\/#organization\",\"name\":\"Caliber Europe B.V.\",\"url\":\"https:\/\/b2b.calibereurope.com\/\",\"logo\":{\"@type\":\"ImageObject\",\"inLanguage\":\"fr-FR\",\"@id\":\"https:\/\/b2b.calibereurope.com\/#\/schema\/logo\/image\/\",\"url\":\"https:\/\/b2b.calibereurope.com\/wp-content\/uploads\/2020\/12\/Caliber_Logo-Black.png\",\"contentUrl\":\"https:\/\/b2b.calibereurope.com\/wp-content\/uploads\/2020\/12\/Caliber_Logo-Black.png\",\"width\":3157,\"height\":356,\"caption\":\"Caliber Europe B.V.\"},\"image\":{\"@id\":\"https:\/\/b2b.calibereurope.com\/#\/schema\/logo\/image\/\"}}]}<\/script>\n<!-- \/ Yoast SEO plugin. -->","yoast_head_json":{"title":"Radio Lecteur CD avec Bluetooth et DAB+ - USB - AUX - Affichage LED - Fonction R\u00e9veil (HBC434DAB-BT) - Caliber Europe B.V.","robots":{"index":"noindex","follow":"follow","max-snippet":"max-snippet:-1","max-image-preview":"max-image-preview:large","max-video-preview":"max-video-preview:-1"},"og_locale":"fr_FR","og_type":"article","og_title":"Radio Lecteur CD avec Bluetooth et DAB+ - USB - AUX - Affichage LED - Fonction R\u00e9veil (HBC434DAB-BT) - Caliber Europe B.V.","og_description":"Technologie BluetoothUSB et AUXRadio DAB+ et AM\/FMFonction r\u00e9veil, sommeil et snoozeFonctionne avec une prise ou des piles6x piles 9V DC requisesAvec poign\u00e9eAffichage LED","og_url":"https:\/\/b2b.calibereurope.com\/fr\/produit\/hbc434dab-bt-fr_fr\/","og_site_name":"Caliber Europe B.V.","article_modified_time":"2026-03-10T12:28:43+00:00","og_image":[{"width":1024,"height":768,"url":"http:\/\/b2b.calibereurope.com\/wp-content\/uploads\/2022\/04\/9f3a5c6a3a1b4f4a64394034f5fb6d90404647b1_HBC434DAB_BT_Beautiful_from_this_Angel_web.jpg","type":"image\/jpeg"}],"twitter_card":"summary_large_image","twitter_misc":{"Dur\u00e9e de lecture estim\u00e9e":"2 minutes"},"schema":{"@context":"https:\/\/schema.org","@graph":[{"@type":"WebPage","@id":"https:\/\/b2b.calibereurope.com\/fr\/produit\/hbc434dab-bt-fr_fr\/","url":"https:\/\/b2b.calibereurope.com\/fr\/produit\/hbc434dab-bt-fr_fr\/","name":"Radio Lecteur CD avec Bluetooth et DAB+ - USB - AUX - Affichage LED - Fonction R\u00e9veil (HBC434DAB-BT) - Caliber Europe B.V.","isPartOf":{"@id":"https:\/\/b2b.calibereurope.com\/#website"},"primaryImageOfPage":{"@id":"https:\/\/b2b.calibereurope.com\/fr\/produit\/hbc434dab-bt-fr_fr\/#primaryimage"},"image":{"@id":"https:\/\/b2b.calibereurope.com\/fr\/produit\/hbc434dab-bt-fr_fr\/#primaryimage"},"thumbnailUrl":"https:\/\/b2b.calibereurope.com\/wp-content\/uploads\/2024\/06\/9f3a5c6a3a1b4f4a64394034f5fb6d90404647b1_HBC434DAB_BT_Beautiful_from_this_Angel_web.jpg","datePublished":"2024-06-04T00:00:00+00:00","dateModified":"2026-03-10T12:28:43+00:00","breadcrumb":{"@id":"https:\/\/b2b.calibereurope.com\/fr\/produit\/hbc434dab-bt-fr_fr\/#breadcrumb"},"inLanguage":"fr-FR","potentialAction":[{"@type":"ReadAction","target":["https:\/\/b2b.calibereurope.com\/fr\/produit\/hbc434dab-bt-fr_fr\/"]}]},{"@type":"ImageObject","inLanguage":"fr-FR","@id":"https:\/\/b2b.calibereurope.com\/fr\/produit\/hbc434dab-bt-fr_fr\/#primaryimage","url":"https:\/\/b2b.calibereurope.com\/wp-content\/uploads\/2024\/06\/9f3a5c6a3a1b4f4a64394034f5fb6d90404647b1_HBC434DAB_BT_Beautiful_from_this_Angel_web.jpg","contentUrl":"https:\/\/b2b.calibereurope.com\/wp-content\/uploads\/2024\/06\/9f3a5c6a3a1b4f4a64394034f5fb6d90404647b1_HBC434DAB_BT_Beautiful_from_this_Angel_web.jpg","width":1024,"height":768},{"@type":"BreadcrumbList","@id":"https:\/\/b2b.calibereurope.com\/fr\/produit\/hbc434dab-bt-fr_fr\/#breadcrumb","itemListElement":[{"@type":"ListItem","position":1,"name":"Home","item":"https:\/\/b2b.calibereurope.com\/fr\/home\/"},{"@type":"ListItem","position":2,"name":"Boutique","item":"https:\/\/b2b.calibereurope.com\/fr\/boutique\/"},{"@type":"ListItem","position":3,"name":"Lecteur CD radio avec DAB+ et Bluetooth &#8211; Noir (HBC434DAB-BT)"}]},{"@type":"WebSite","@id":"https:\/\/b2b.calibereurope.com\/#website","url":"https:\/\/b2b.calibereurope.com\/","name":"Caliber Europe B.V.","description":"B2B Webshop","publisher":{"@id":"https:\/\/b2b.calibereurope.com\/#organization"},"potentialAction":[{"@type":"SearchAction","target":{"@type":"EntryPoint","urlTemplate":"https:\/\/b2b.calibereurope.com\/?s={search_term_string}"},"query-input":{"@type":"PropertyValueSpecification","valueRequired":true,"valueName":"search_term_string"}}],"inLanguage":"fr-FR"},{"@type":"Organization","@id":"https:\/\/b2b.calibereurope.com\/#organization","name":"Caliber Europe B.V.","url":"https:\/\/b2b.calibereurope.com\/","logo":{"@type":"ImageObject","inLanguage":"fr-FR","@id":"https:\/\/b2b.calibereurope.com\/#\/schema\/logo\/image\/","url":"https:\/\/b2b.calibereurope.com\/wp-content\/uploads\/2020\/12\/Caliber_Logo-Black.png","contentUrl":"https:\/\/b2b.calibereurope.com\/wp-content\/uploads\/2020\/12\/Caliber_Logo-Black.png","width":3157,"height":356,"caption":"Caliber Europe B.V."},"image":{"@id":"https:\/\/b2b.calibereurope.com\/#\/schema\/logo\/image\/"}}]}},"_links":{"self":[{"href":"https:\/\/b2b.calibereurope.com\/fr\/wp-json\/wp\/v2\/product\/497556","targetHints":{"allow":["GET"]}}],"collection":[{"href":"https:\/\/b2b.calibereurope.com\/fr\/wp-json\/wp\/v2\/product"}],"about":[{"href":"https:\/\/b2b.calibereurope.com\/fr\/wp-json\/wp\/v2\/types\/product"}],"version-history":[{"count":0,"href":"https:\/\/b2b.calibereurope.com\/fr\/wp-json\/wp\/v2\/product\/497556\/revisions"}],"wp:featuredmedia":[{"embeddable":true,"href":"https:\/\/b2b.calibereurope.com\/fr\/wp-json\/wp\/v2\/media\/844749"}],"wp:attachment":[{"href":"https:\/\/b2b.calibereurope.com\/fr\/wp-json\/wp\/v2\/media?parent=497556"}],"wp:term":[{"taxonomy":"product_brand","embeddable":true,"href":"https:\/\/b2b.calibereurope.com\/fr\/wp-json\/wp\/v2\/product_brand?post=497556"},{"taxonomy":"product_cat","embeddable":true,"href":"https:\/\/b2b.calibereurope.com\/fr\/wp-json\/wp\/v2\/product_cat?post=497556"},{"taxonomy":"product_tag","embeddable":true,"href":"https:\/\/b2b.calibereurope.com\/fr\/wp-json\/wp\/v2\/product_tag?post=497556"}],"curies":[{"name":"wp","href":"https:\/\/api.w.org\/{rel}","templated":true}]}}