{"id":497656,"date":"2022-09-07T02:00:00","date_gmt":"2022-09-07T00:00:00","guid":{"rendered":""},"modified":"2024-12-26T19:01:28","modified_gmt":"2024-12-26T18:01:28","slug":"hcg010qidab-bt-fr_fr","status":"publish","type":"product","link":"https:\/\/b2b.calibereurope.com\/fr\/produit\/hcg010qidab-bt-fr_fr\/","title":{"rendered":"Radio-r\u00e9veil avec r\u00e9ception Bluetooth, USB et DAB+ &#8211; Noir (HCG010QIDAB-BT)"},"content":{"rendered":"<p>Le Caliber HCG010QIDAB-BT est un radio-r\u00e9veil avanc\u00e9 dot\u00e9 de plusieurs fonctions utiles. Vous pouvez vous r\u00e9veiller au son de votre musique pr\u00e9f\u00e9r\u00e9e et charger votre t\u00e9l\u00e9phone sans fil la nuit.<\/p>\n<p> DAB+ et bluetooth<br \/>\n Le HCG010QIDAB-BT utilise la r\u00e9ception DAB+. Vous n&#39;avez donc plus \u00e0 vous soucier du cr\u00e9pitement du son de la radio, car la DAB+ produit moins de bruit et une meilleure qualit\u00e9 sonore que la FM. Vous pouvez donc vous r\u00e9veiller avec votre \u00e9mission de radio pr\u00e9f\u00e9r\u00e9e. Avec 10 pr\u00e9r\u00e9glages, vous n&#39;avez pas \u00e0 chercher les bonnes fr\u00e9quences \u00e0 chaque fois. Vous voulez vous endormir avec votre propre musique ? Alors, connectez votre t\u00e9l\u00e9phone via bluetooth ? La fonction de minuterie coupe le son \u00e0 l&#39;heure que vous avez fix\u00e9e. <\/p>\n<p> Charge sans fil<br \/>\n Vous n&#39;avez plus besoin d&#39;avoir un c\u00e2ble de recharge pour votre t\u00e9l\u00e9phone \u00e0 c\u00f4t\u00e9 de votre lit, car le HCG010QIDAB-BT DAB+ poss\u00e8de une fonction de recharge sans fil de 5 watts certifi\u00e9e Qi. Le Qi est la norme pour la recharge des t\u00e9l\u00e9phones sans fil. <\/p>\n<p> Fonctions d&#39;alarme<br \/>\n Le HCG010QIDAB-BT DAB+ est dot\u00e9 d&#39;une double alarme et d&#39;un buzzer avec un volume suffisant pour vous permettre de vous mettre en route. Vous voulez dormir un peu ? Ensuite, r\u00e9glez la fonction snooze\u00a0\u00bb de mani\u00e8re \u00e0 ce que l&#39;alarme se d\u00e9clenche \u00e0 nouveau lorsque vous l&#39;\u00e9teignez. L&#39;\u00e9cran LED affiche non seulement l&#39;heure mais aussi des informations sur la station de radio ou la musique que vous \u00e9coutez. Vous pouvez r\u00e9gler la luminosit\u00e9 de l&#39;\u00e9cran en 4 \u00e9tapes\u00a0\u00bb.<\/p>\n","protected":false},"excerpt":{"rendered":"<p>Le Caliber HCG010QIDAB-BT est un radio-r\u00e9veil avanc\u00e9 dot\u00e9 de plusieurs fonctions utiles. Vous pouvez vous r\u00e9veiller au son de votre musique pr\u00e9f\u00e9r\u00e9e et charger votre t\u00e9l\u00e9phone sans fil la nuit. DAB+ et bluetooth Le HCG010QIDAB-BT utilise la r\u00e9ception DAB+. Vous n&#39;avez donc plus \u00e0 vous soucier du cr\u00e9pitement du son de la radio, car la [&hellip;]<\/p>\n","protected":false},"featured_media":719598,"template":"","meta":{"_acf_changed":false,"site-sidebar-layout":"default","site-content-layout":"","ast-site-content-layout":"default","site-content-style":"default","site-sidebar-style":"default","ast-global-header-display":"","ast-banner-title-visibility":"","ast-main-header-display":"","ast-hfb-above-header-display":"","ast-hfb-below-header-display":"","ast-hfb-mobile-header-display":"","site-post-title":"","ast-breadcrumbs-content":"","ast-featured-img":"","footer-sml-layout":"","theme-transparent-header-meta":"","adv-header-id-meta":"","stick-header-meta":"","header-above-stick-meta":"","header-main-stick-meta":"","header-below-stick-meta":"","astra-migrate-meta-layouts":"default","ast-page-background-enabled":"default","ast-page-background-meta":{"desktop":{"background-color":"","background-image":"","background-repeat":"repeat","background-position":"center center","background-size":"auto","background-attachment":"scroll","background-type":"","background-media":"","overlay-type":"","overlay-color":"","overlay-opacity":"","overlay-gradient":""},"tablet":{"background-color":"","background-image":"","background-repeat":"repeat","background-position":"center center","background-size":"auto","background-attachment":"scroll","background-type":"","background-media":"","overlay-type":"","overlay-color":"","overlay-opacity":"","overlay-gradient":""},"mobile":{"background-color":"","background-image":"","background-repeat":"repeat","background-position":"center center","background-size":"auto","background-attachment":"scroll","background-type":"","background-media":"","overlay-type":"","overlay-color":"","overlay-opacity":"","overlay-gradient":""}},"ast-content-background-meta":{"desktop":{"background-color":"var(--ast-global-color-5)","background-image":"","background-repeat":"repeat","background-position":"center center","background-size":"auto","background-attachment":"scroll","background-type":"","background-media":"","overlay-type":"","overlay-color":"","overlay-opacity":"","overlay-gradient":""},"tablet":{"background-color":"var(--ast-global-color-5)","background-image":"","background-repeat":"repeat","background-position":"center center","background-size":"auto","background-attachment":"scroll","background-type":"","background-media":"","overlay-type":"","overlay-color":"","overlay-opacity":"","overlay-gradient":""},"mobile":{"background-color":"var(--ast-global-color-5)","background-image":"","background-repeat":"repeat","background-position":"center center","background-size":"auto","background-attachment":"scroll","background-type":"","background-media":"","overlay-type":"","overlay-color":"","overlay-opacity":"","overlay-gradient":""}}},"product_brand":[],"product_cat":[12274,12262],"product_tag":[],"class_list":{"0":"post-497656","1":"product","2":"type-product","3":"status-publish","4":"has-post-thumbnail","6":"product_cat-wekker_radios_fr_fr","7":"product_cat-wonen_fr_fr","8":"desktop-align-center","9":"tablet-align-center","10":"mobile-align-center","11":"ast-product-gallery-layout-horizontal","12":"ast-product-tabs-layout-horizontal","14":"first","15":"outofstock","16":"taxable","17":"shipping-taxable","18":"purchasable","19":"product-type-simple"},"acf":[],"yoast_head":"<!-- This site is optimized with the Yoast SEO plugin v26.5 - https:\/\/yoast.com\/wordpress\/plugins\/seo\/ -->\n<title>Radio-r\u00e9veil avec r\u00e9ception Bluetooth, USB et DAB+ - Noir (HCG010QIDAB-BT) - Caliber Europe B.V.<\/title>\n<meta name=\"robots\" content=\"noindex, follow, max-snippet:-1, max-image-preview:large, max-video-preview:-1\" \/>\n<meta property=\"og:locale\" content=\"fr_FR\" \/>\n<meta property=\"og:type\" content=\"article\" \/>\n<meta property=\"og:title\" content=\"Radio-r\u00e9veil avec r\u00e9ception Bluetooth, USB et DAB+ - Noir (HCG010QIDAB-BT) - Caliber Europe B.V.\" \/>\n<meta property=\"og:description\" content=\"Le Caliber HCG010QIDAB-BT est un radio-r\u00e9veil avanc\u00e9 dot\u00e9 de plusieurs fonctions utiles. Vous pouvez vous r\u00e9veiller au son de votre musique pr\u00e9f\u00e9r\u00e9e et charger votre t\u00e9l\u00e9phone sans fil la nuit. DAB+ et bluetooth Le HCG010QIDAB-BT utilise la r\u00e9ception DAB+. Vous n&#039;avez donc plus \u00e0 vous soucier du cr\u00e9pitement du son de la radio, car la [&hellip;]\" \/>\n<meta property=\"og:url\" content=\"https:\/\/b2b.calibereurope.com\/fr\/produit\/hcg010qidab-bt-fr_fr\/\" \/>\n<meta property=\"og:site_name\" content=\"Caliber Europe B.V.\" \/>\n<meta property=\"article:modified_time\" content=\"2024-12-26T18:01:28+00:00\" \/>\n<meta property=\"og:image\" content=\"https:\/\/b2b.calibereurope.com\/wp-content\/uploads\/2021\/09\/a40af2ae5709fcbe92eb0e2fd7cbffd2f7e98ded_HCG010QiDAB_BT.jpg\" \/>\n\t<meta property=\"og:image:width\" content=\"1191\" \/>\n\t<meta property=\"og:image:height\" content=\"893\" \/>\n\t<meta property=\"og:image:type\" content=\"image\/jpeg\" \/>\n<meta name=\"twitter:card\" content=\"summary_large_image\" \/>\n<meta name=\"twitter:label1\" content=\"Dur\u00e9e de lecture estim\u00e9e\" \/>\n\t<meta name=\"twitter:data1\" content=\"1 minute\" \/>\n<script type=\"application\/ld+json\" class=\"yoast-schema-graph\">{\"@context\":\"https:\/\/schema.org\",\"@graph\":[{\"@type\":\"WebPage\",\"@id\":\"https:\/\/b2b.calibereurope.com\/fr\/produit\/hcg010qidab-bt-fr_fr\/\",\"url\":\"https:\/\/b2b.calibereurope.com\/fr\/produit\/hcg010qidab-bt-fr_fr\/\",\"name\":\"Radio-r\u00e9veil avec r\u00e9ception Bluetooth, USB et DAB+ - Noir (HCG010QIDAB-BT) - Caliber Europe B.V.\",\"isPartOf\":{\"@id\":\"https:\/\/b2b.calibereurope.com\/#website\"},\"primaryImageOfPage\":{\"@id\":\"https:\/\/b2b.calibereurope.com\/fr\/produit\/hcg010qidab-bt-fr_fr\/#primaryimage\"},\"image\":{\"@id\":\"https:\/\/b2b.calibereurope.com\/fr\/produit\/hcg010qidab-bt-fr_fr\/#primaryimage\"},\"thumbnailUrl\":\"https:\/\/b2b.calibereurope.com\/wp-content\/uploads\/2022\/09\/a40af2ae5709fcbe92eb0e2fd7cbffd2f7e98ded_HCG010QiDAB_BT.jpg\",\"datePublished\":\"2022-09-07T00:00:00+00:00\",\"dateModified\":\"2024-12-26T18:01:28+00:00\",\"breadcrumb\":{\"@id\":\"https:\/\/b2b.calibereurope.com\/fr\/produit\/hcg010qidab-bt-fr_fr\/#breadcrumb\"},\"inLanguage\":\"fr-FR\",\"potentialAction\":[{\"@type\":\"ReadAction\",\"target\":[\"https:\/\/b2b.calibereurope.com\/fr\/produit\/hcg010qidab-bt-fr_fr\/\"]}]},{\"@type\":\"ImageObject\",\"inLanguage\":\"fr-FR\",\"@id\":\"https:\/\/b2b.calibereurope.com\/fr\/produit\/hcg010qidab-bt-fr_fr\/#primaryimage\",\"url\":\"https:\/\/b2b.calibereurope.com\/wp-content\/uploads\/2022\/09\/a40af2ae5709fcbe92eb0e2fd7cbffd2f7e98ded_HCG010QiDAB_BT.jpg\",\"contentUrl\":\"https:\/\/b2b.calibereurope.com\/wp-content\/uploads\/2022\/09\/a40af2ae5709fcbe92eb0e2fd7cbffd2f7e98ded_HCG010QiDAB_BT.jpg\",\"width\":1191,\"height\":893},{\"@type\":\"BreadcrumbList\",\"@id\":\"https:\/\/b2b.calibereurope.com\/fr\/produit\/hcg010qidab-bt-fr_fr\/#breadcrumb\",\"itemListElement\":[{\"@type\":\"ListItem\",\"position\":1,\"name\":\"Home\",\"item\":\"https:\/\/b2b.calibereurope.com\/fr\/home\/\"},{\"@type\":\"ListItem\",\"position\":2,\"name\":\"Boutique\",\"item\":\"https:\/\/b2b.calibereurope.com\/fr\/boutique\/\"},{\"@type\":\"ListItem\",\"position\":3,\"name\":\"Radio-r\u00e9veil avec r\u00e9ception Bluetooth et DAB+ &#8211; Noir (HCG010QIDAB-BT)\"}]},{\"@type\":\"WebSite\",\"@id\":\"https:\/\/b2b.calibereurope.com\/#website\",\"url\":\"https:\/\/b2b.calibereurope.com\/\",\"name\":\"Caliber Europe B.V.\",\"description\":\"B2B Webshop\",\"publisher\":{\"@id\":\"https:\/\/b2b.calibereurope.com\/#organization\"},\"potentialAction\":[{\"@type\":\"SearchAction\",\"target\":{\"@type\":\"EntryPoint\",\"urlTemplate\":\"https:\/\/b2b.calibereurope.com\/?s={search_term_string}\"},\"query-input\":{\"@type\":\"PropertyValueSpecification\",\"valueRequired\":true,\"valueName\":\"search_term_string\"}}],\"inLanguage\":\"fr-FR\"},{\"@type\":\"Organization\",\"@id\":\"https:\/\/b2b.calibereurope.com\/#organization\",\"name\":\"Caliber Europe B.V.\",\"url\":\"https:\/\/b2b.calibereurope.com\/\",\"logo\":{\"@type\":\"ImageObject\",\"inLanguage\":\"fr-FR\",\"@id\":\"https:\/\/b2b.calibereurope.com\/#\/schema\/logo\/image\/\",\"url\":\"https:\/\/b2b.calibereurope.com\/wp-content\/uploads\/2020\/12\/Caliber_Logo-Black.png\",\"contentUrl\":\"https:\/\/b2b.calibereurope.com\/wp-content\/uploads\/2020\/12\/Caliber_Logo-Black.png\",\"width\":3157,\"height\":356,\"caption\":\"Caliber Europe B.V.\"},\"image\":{\"@id\":\"https:\/\/b2b.calibereurope.com\/#\/schema\/logo\/image\/\"}}]}<\/script>\n<!-- \/ Yoast SEO plugin. -->","yoast_head_json":{"title":"Radio-r\u00e9veil avec r\u00e9ception Bluetooth, USB et DAB+ - Noir (HCG010QIDAB-BT) - Caliber Europe B.V.","robots":{"index":"noindex","follow":"follow","max-snippet":"max-snippet:-1","max-image-preview":"max-image-preview:large","max-video-preview":"max-video-preview:-1"},"og_locale":"fr_FR","og_type":"article","og_title":"Radio-r\u00e9veil avec r\u00e9ception Bluetooth, USB et DAB+ - Noir (HCG010QIDAB-BT) - Caliber Europe B.V.","og_description":"Le Caliber HCG010QIDAB-BT est un radio-r\u00e9veil avanc\u00e9 dot\u00e9 de plusieurs fonctions utiles. Vous pouvez vous r\u00e9veiller au son de votre musique pr\u00e9f\u00e9r\u00e9e et charger votre t\u00e9l\u00e9phone sans fil la nuit. DAB+ et bluetooth Le HCG010QIDAB-BT utilise la r\u00e9ception DAB+. Vous n&#39;avez donc plus \u00e0 vous soucier du cr\u00e9pitement du son de la radio, car la [&hellip;]","og_url":"https:\/\/b2b.calibereurope.com\/fr\/produit\/hcg010qidab-bt-fr_fr\/","og_site_name":"Caliber Europe B.V.","article_modified_time":"2024-12-26T18:01:28+00:00","og_image":[{"width":1191,"height":893,"url":"https:\/\/b2b.calibereurope.com\/wp-content\/uploads\/2021\/09\/a40af2ae5709fcbe92eb0e2fd7cbffd2f7e98ded_HCG010QiDAB_BT.jpg","type":"image\/jpeg"}],"twitter_card":"summary_large_image","twitter_misc":{"Dur\u00e9e de lecture estim\u00e9e":"1 minute"},"schema":{"@context":"https:\/\/schema.org","@graph":[{"@type":"WebPage","@id":"https:\/\/b2b.calibereurope.com\/fr\/produit\/hcg010qidab-bt-fr_fr\/","url":"https:\/\/b2b.calibereurope.com\/fr\/produit\/hcg010qidab-bt-fr_fr\/","name":"Radio-r\u00e9veil avec r\u00e9ception Bluetooth, USB et DAB+ - Noir (HCG010QIDAB-BT) - Caliber Europe B.V.","isPartOf":{"@id":"https:\/\/b2b.calibereurope.com\/#website"},"primaryImageOfPage":{"@id":"https:\/\/b2b.calibereurope.com\/fr\/produit\/hcg010qidab-bt-fr_fr\/#primaryimage"},"image":{"@id":"https:\/\/b2b.calibereurope.com\/fr\/produit\/hcg010qidab-bt-fr_fr\/#primaryimage"},"thumbnailUrl":"https:\/\/b2b.calibereurope.com\/wp-content\/uploads\/2022\/09\/a40af2ae5709fcbe92eb0e2fd7cbffd2f7e98ded_HCG010QiDAB_BT.jpg","datePublished":"2022-09-07T00:00:00+00:00","dateModified":"2024-12-26T18:01:28+00:00","breadcrumb":{"@id":"https:\/\/b2b.calibereurope.com\/fr\/produit\/hcg010qidab-bt-fr_fr\/#breadcrumb"},"inLanguage":"fr-FR","potentialAction":[{"@type":"ReadAction","target":["https:\/\/b2b.calibereurope.com\/fr\/produit\/hcg010qidab-bt-fr_fr\/"]}]},{"@type":"ImageObject","inLanguage":"fr-FR","@id":"https:\/\/b2b.calibereurope.com\/fr\/produit\/hcg010qidab-bt-fr_fr\/#primaryimage","url":"https:\/\/b2b.calibereurope.com\/wp-content\/uploads\/2022\/09\/a40af2ae5709fcbe92eb0e2fd7cbffd2f7e98ded_HCG010QiDAB_BT.jpg","contentUrl":"https:\/\/b2b.calibereurope.com\/wp-content\/uploads\/2022\/09\/a40af2ae5709fcbe92eb0e2fd7cbffd2f7e98ded_HCG010QiDAB_BT.jpg","width":1191,"height":893},{"@type":"BreadcrumbList","@id":"https:\/\/b2b.calibereurope.com\/fr\/produit\/hcg010qidab-bt-fr_fr\/#breadcrumb","itemListElement":[{"@type":"ListItem","position":1,"name":"Home","item":"https:\/\/b2b.calibereurope.com\/fr\/home\/"},{"@type":"ListItem","position":2,"name":"Boutique","item":"https:\/\/b2b.calibereurope.com\/fr\/boutique\/"},{"@type":"ListItem","position":3,"name":"Radio-r\u00e9veil avec r\u00e9ception Bluetooth et DAB+ &#8211; Noir (HCG010QIDAB-BT)"}]},{"@type":"WebSite","@id":"https:\/\/b2b.calibereurope.com\/#website","url":"https:\/\/b2b.calibereurope.com\/","name":"Caliber Europe B.V.","description":"B2B Webshop","publisher":{"@id":"https:\/\/b2b.calibereurope.com\/#organization"},"potentialAction":[{"@type":"SearchAction","target":{"@type":"EntryPoint","urlTemplate":"https:\/\/b2b.calibereurope.com\/?s={search_term_string}"},"query-input":{"@type":"PropertyValueSpecification","valueRequired":true,"valueName":"search_term_string"}}],"inLanguage":"fr-FR"},{"@type":"Organization","@id":"https:\/\/b2b.calibereurope.com\/#organization","name":"Caliber Europe B.V.","url":"https:\/\/b2b.calibereurope.com\/","logo":{"@type":"ImageObject","inLanguage":"fr-FR","@id":"https:\/\/b2b.calibereurope.com\/#\/schema\/logo\/image\/","url":"https:\/\/b2b.calibereurope.com\/wp-content\/uploads\/2020\/12\/Caliber_Logo-Black.png","contentUrl":"https:\/\/b2b.calibereurope.com\/wp-content\/uploads\/2020\/12\/Caliber_Logo-Black.png","width":3157,"height":356,"caption":"Caliber Europe B.V."},"image":{"@id":"https:\/\/b2b.calibereurope.com\/#\/schema\/logo\/image\/"}}]}},"_links":{"self":[{"href":"https:\/\/b2b.calibereurope.com\/fr\/wp-json\/wp\/v2\/product\/497656","targetHints":{"allow":["GET"]}}],"collection":[{"href":"https:\/\/b2b.calibereurope.com\/fr\/wp-json\/wp\/v2\/product"}],"about":[{"href":"https:\/\/b2b.calibereurope.com\/fr\/wp-json\/wp\/v2\/types\/product"}],"version-history":[{"count":0,"href":"https:\/\/b2b.calibereurope.com\/fr\/wp-json\/wp\/v2\/product\/497656\/revisions"}],"wp:featuredmedia":[{"embeddable":true,"href":"https:\/\/b2b.calibereurope.com\/fr\/wp-json\/wp\/v2\/media\/719598"}],"wp:attachment":[{"href":"https:\/\/b2b.calibereurope.com\/fr\/wp-json\/wp\/v2\/media?parent=497656"}],"wp:term":[{"taxonomy":"product_brand","embeddable":true,"href":"https:\/\/b2b.calibereurope.com\/fr\/wp-json\/wp\/v2\/product_brand?post=497656"},{"taxonomy":"product_cat","embeddable":true,"href":"https:\/\/b2b.calibereurope.com\/fr\/wp-json\/wp\/v2\/product_cat?post=497656"},{"taxonomy":"product_tag","embeddable":true,"href":"https:\/\/b2b.calibereurope.com\/fr\/wp-json\/wp\/v2\/product_tag?post=497656"}],"curies":[{"name":"wp","href":"https:\/\/api.w.org\/{rel}","templated":true}]}}