{"id":497804,"date":"2024-07-17T02:00:00","date_gmt":"2024-07-17T00:00:00","guid":{"rendered":""},"modified":"2024-12-26T19:01:29","modified_gmt":"2024-12-26T18:01:29","slug":"hcg012qi-bt-fr_fr","status":"publish","type":"product","link":"https:\/\/b2b.calibereurope.com\/fr\/produit\/hcg012qi-bt-fr_fr\/","title":{"rendered":"Radio-r\u00e9veil avec Bluetooth, USB et chargeur Qi &#8211; Noir (HCG012QI-BT)"},"content":{"rendered":"<p>Le Caliber HCG012QiDAB-BT est un radio-r\u00e9veil complet. R\u00e9veillez-vous avec la radio en haute qualit\u00e9 sonore DAB+, endormez-vous avec votre propre musique et rechargez votre t\u00e9l\u00e9phone sans fil. Le HCG012QiDAB-BT dispose d&#39;une fonction de recharge sans fil certifi\u00e9e Qi pour votre smartphone. Le r\u00e9veil HCG est \u00e9quip\u00e9 d&#39;une fonction de minuterie. Cela vous permet de fixer une heure \u00e0 laquelle le r\u00e9veil coupe le son. Id\u00e9al si vous voulez vous endormir avec de la musique, une \u00e9mission de radio ou un podcast. Vous \u00e9coutez via la fonction radio DAB+, qui vous donne une meilleure qualit\u00e9 sonore que la radio FM. Vous pouvez choisir jusqu&#39;\u00e0 20 stations pr\u00e9r\u00e9gl\u00e9es en FM et DAB+, ou connecter votre smartphone au HCG012QiDAB-BT et profiter de votre propre musique. La connexion prend en charge les profils A2DP et AVRCP Bluetooth\u00ae, afin que votre musique ne soit pas interrompue par des hoquets. De plus, le radio-r\u00e9veil est dot\u00e9 d&#39;une entr\u00e9e jack 3,5 mm pour le branchement d&#39;un appareil audio. Le HCG012QiDAB-BT a une double fonction de r\u00e9veil. Cela vous permet de fixer une heure pour vous et votre partenaire. Utilisez la fonction \u00ab\u00a0snooze\u00a0\u00bb si vous voulez vous retourner. L&#39;\u00e9cran LCD int\u00e9gr\u00e9 indique clairement l&#39;heure et fournit des informations sur les fonctions que vous utilisez et sur la musique qui est en cours. En haut du radio-r\u00e9veil se trouve le panneau de contr\u00f4le. Gr\u00e2ce \u00e0 la possibilit\u00e9 de batteries de secours, le HCG012QiDAB-BT m\u00e9morise vos r\u00e9glages en cas de panne de courant, par exemple. Certifications : les produits Caliber sont toujours munis des certifications requises et r\u00e9pondent aux exigences de l&#39;UE en mati\u00e8re de produits \u00e9lectriques. L&#39;utilisation de produits \u00e9lectriques non certifi\u00e9s peut entra\u00eener un danger\/une blessure pour l&#39;utilisateur et\/ou son environnement. L&#39;utilisation de produits non certifi\u00e9s peut entra\u00eener l&#39;exclusion de la couverture et\/ou le paiement de votre assurance. Veuillez y faire attention lors de l&#39;achat d&#39;un produit.<\/p>\n","protected":false},"excerpt":{"rendered":"<p>Le Caliber HCG012QiDAB-BT est un radio-r\u00e9veil complet. R\u00e9veillez-vous avec la radio en haute qualit\u00e9 sonore DAB+, endormez-vous avec votre propre musique et rechargez votre t\u00e9l\u00e9phone sans fil. Le HCG012QiDAB-BT dispose d&#39;une fonction de recharge sans fil certifi\u00e9e Qi pour votre smartphone. Le r\u00e9veil HCG est \u00e9quip\u00e9 d&#39;une fonction de minuterie. Cela vous permet de fixer [&hellip;]<\/p>\n","protected":false},"featured_media":850108,"template":"","meta":{"_acf_changed":false,"site-sidebar-layout":"default","site-content-layout":"","ast-site-content-layout":"default","site-content-style":"default","site-sidebar-style":"default","ast-global-header-display":"","ast-banner-title-visibility":"","ast-main-header-display":"","ast-hfb-above-header-display":"","ast-hfb-below-header-display":"","ast-hfb-mobile-header-display":"","site-post-title":"","ast-breadcrumbs-content":"","ast-featured-img":"","footer-sml-layout":"","theme-transparent-header-meta":"","adv-header-id-meta":"","stick-header-meta":"","header-above-stick-meta":"","header-main-stick-meta":"","header-below-stick-meta":"","astra-migrate-meta-layouts":"default","ast-page-background-enabled":"default","ast-page-background-meta":{"desktop":{"background-color":"","background-image":"","background-repeat":"repeat","background-position":"center center","background-size":"auto","background-attachment":"scroll","background-type":"","background-media":"","overlay-type":"","overlay-color":"","overlay-opacity":"","overlay-gradient":""},"tablet":{"background-color":"","background-image":"","background-repeat":"repeat","background-position":"center center","background-size":"auto","background-attachment":"scroll","background-type":"","background-media":"","overlay-type":"","overlay-color":"","overlay-opacity":"","overlay-gradient":""},"mobile":{"background-color":"","background-image":"","background-repeat":"repeat","background-position":"center center","background-size":"auto","background-attachment":"scroll","background-type":"","background-media":"","overlay-type":"","overlay-color":"","overlay-opacity":"","overlay-gradient":""}},"ast-content-background-meta":{"desktop":{"background-color":"var(--ast-global-color-5)","background-image":"","background-repeat":"repeat","background-position":"center center","background-size":"auto","background-attachment":"scroll","background-type":"","background-media":"","overlay-type":"","overlay-color":"","overlay-opacity":"","overlay-gradient":""},"tablet":{"background-color":"var(--ast-global-color-5)","background-image":"","background-repeat":"repeat","background-position":"center center","background-size":"auto","background-attachment":"scroll","background-type":"","background-media":"","overlay-type":"","overlay-color":"","overlay-opacity":"","overlay-gradient":""},"mobile":{"background-color":"var(--ast-global-color-5)","background-image":"","background-repeat":"repeat","background-position":"center center","background-size":"auto","background-attachment":"scroll","background-type":"","background-media":"","overlay-type":"","overlay-color":"","overlay-opacity":"","overlay-gradient":""}}},"product_brand":[],"product_cat":[22955],"product_tag":[],"class_list":{"0":"post-497804","1":"product","2":"type-product","3":"status-publish","4":"has-post-thumbnail","6":"product_cat-pas-de-categorie","7":"desktop-align-center","8":"tablet-align-center","9":"mobile-align-center","10":"ast-product-gallery-layout-horizontal","11":"ast-product-tabs-layout-horizontal","13":"first","14":"outofstock","15":"taxable","16":"shipping-taxable","17":"purchasable","18":"product-type-simple"},"acf":[],"yoast_head":"<!-- This site is optimized with the Yoast SEO plugin v26.5 - https:\/\/yoast.com\/wordpress\/plugins\/seo\/ -->\n<title>Radio-r\u00e9veil avec Bluetooth, USB et chargeur Qi - Noir (HCG012QI-BT) - Caliber Europe B.V.<\/title>\n<meta name=\"robots\" content=\"noindex, follow, max-snippet:-1, max-image-preview:large, max-video-preview:-1\" \/>\n<meta property=\"og:locale\" content=\"fr_FR\" \/>\n<meta property=\"og:type\" content=\"article\" \/>\n<meta property=\"og:title\" content=\"Radio-r\u00e9veil avec Bluetooth, USB et chargeur Qi - Noir (HCG012QI-BT) - Caliber Europe B.V.\" \/>\n<meta property=\"og:description\" content=\"Le Caliber HCG012QiDAB-BT est un radio-r\u00e9veil complet. R\u00e9veillez-vous avec la radio en haute qualit\u00e9 sonore DAB+, endormez-vous avec votre propre musique et rechargez votre t\u00e9l\u00e9phone sans fil. Le HCG012QiDAB-BT dispose d&#039;une fonction de recharge sans fil certifi\u00e9e Qi pour votre smartphone. Le r\u00e9veil HCG est \u00e9quip\u00e9 d&#039;une fonction de minuterie. Cela vous permet de fixer [&hellip;]\" \/>\n<meta property=\"og:url\" content=\"https:\/\/b2b.calibereurope.com\/fr\/produit\/hcg012qi-bt-fr_fr\/\" \/>\n<meta property=\"og:site_name\" content=\"Caliber Europe B.V.\" \/>\n<meta property=\"article:modified_time\" content=\"2024-12-26T18:01:29+00:00\" \/>\n<meta property=\"og:image\" content=\"https:\/\/b2b.calibereurope.com\/wp-content\/uploads\/2021\/11\/46f0a0270d3f00c297b84466d4d8f6819e199dcf_HCG012Qi_BT_2.jpg\" \/>\n\t<meta property=\"og:image:width\" content=\"1024\" \/>\n\t<meta property=\"og:image:height\" content=\"768\" \/>\n\t<meta property=\"og:image:type\" content=\"image\/jpeg\" \/>\n<meta name=\"twitter:card\" content=\"summary_large_image\" \/>\n<meta name=\"twitter:label1\" content=\"Dur\u00e9e de lecture estim\u00e9e\" \/>\n\t<meta name=\"twitter:data1\" content=\"2 minutes\" \/>\n<script type=\"application\/ld+json\" class=\"yoast-schema-graph\">{\"@context\":\"https:\/\/schema.org\",\"@graph\":[{\"@type\":\"WebPage\",\"@id\":\"https:\/\/b2b.calibereurope.com\/fr\/produit\/hcg012qi-bt-fr_fr\/\",\"url\":\"https:\/\/b2b.calibereurope.com\/fr\/produit\/hcg012qi-bt-fr_fr\/\",\"name\":\"Radio-r\u00e9veil avec Bluetooth, USB et chargeur Qi - Noir (HCG012QI-BT) - Caliber Europe B.V.\",\"isPartOf\":{\"@id\":\"https:\/\/b2b.calibereurope.com\/#website\"},\"primaryImageOfPage\":{\"@id\":\"https:\/\/b2b.calibereurope.com\/fr\/produit\/hcg012qi-bt-fr_fr\/#primaryimage\"},\"image\":{\"@id\":\"https:\/\/b2b.calibereurope.com\/fr\/produit\/hcg012qi-bt-fr_fr\/#primaryimage\"},\"thumbnailUrl\":\"https:\/\/b2b.calibereurope.com\/wp-content\/uploads\/2024\/07\/46f0a0270d3f00c297b84466d4d8f6819e199dcf_HCG012Qi_BT_2.jpg\",\"datePublished\":\"2024-07-17T00:00:00+00:00\",\"dateModified\":\"2024-12-26T18:01:29+00:00\",\"breadcrumb\":{\"@id\":\"https:\/\/b2b.calibereurope.com\/fr\/produit\/hcg012qi-bt-fr_fr\/#breadcrumb\"},\"inLanguage\":\"fr-FR\",\"potentialAction\":[{\"@type\":\"ReadAction\",\"target\":[\"https:\/\/b2b.calibereurope.com\/fr\/produit\/hcg012qi-bt-fr_fr\/\"]}]},{\"@type\":\"ImageObject\",\"inLanguage\":\"fr-FR\",\"@id\":\"https:\/\/b2b.calibereurope.com\/fr\/produit\/hcg012qi-bt-fr_fr\/#primaryimage\",\"url\":\"https:\/\/b2b.calibereurope.com\/wp-content\/uploads\/2024\/07\/46f0a0270d3f00c297b84466d4d8f6819e199dcf_HCG012Qi_BT_2.jpg\",\"contentUrl\":\"https:\/\/b2b.calibereurope.com\/wp-content\/uploads\/2024\/07\/46f0a0270d3f00c297b84466d4d8f6819e199dcf_HCG012Qi_BT_2.jpg\",\"width\":1024,\"height\":768},{\"@type\":\"BreadcrumbList\",\"@id\":\"https:\/\/b2b.calibereurope.com\/fr\/produit\/hcg012qi-bt-fr_fr\/#breadcrumb\",\"itemListElement\":[{\"@type\":\"ListItem\",\"position\":1,\"name\":\"Home\",\"item\":\"https:\/\/b2b.calibereurope.com\/fr\/home\/\"},{\"@type\":\"ListItem\",\"position\":2,\"name\":\"Boutique\",\"item\":\"https:\/\/b2b.calibereurope.com\/fr\/boutique\/\"},{\"@type\":\"ListItem\",\"position\":3,\"name\":\"Radio-r\u00e9veil avec Bluetooth et chargeur Qi &#8211; Noir (HCG012QI-BT)\"}]},{\"@type\":\"WebSite\",\"@id\":\"https:\/\/b2b.calibereurope.com\/#website\",\"url\":\"https:\/\/b2b.calibereurope.com\/\",\"name\":\"Caliber Europe B.V.\",\"description\":\"B2B Webshop\",\"publisher\":{\"@id\":\"https:\/\/b2b.calibereurope.com\/#organization\"},\"potentialAction\":[{\"@type\":\"SearchAction\",\"target\":{\"@type\":\"EntryPoint\",\"urlTemplate\":\"https:\/\/b2b.calibereurope.com\/?s={search_term_string}\"},\"query-input\":{\"@type\":\"PropertyValueSpecification\",\"valueRequired\":true,\"valueName\":\"search_term_string\"}}],\"inLanguage\":\"fr-FR\"},{\"@type\":\"Organization\",\"@id\":\"https:\/\/b2b.calibereurope.com\/#organization\",\"name\":\"Caliber Europe B.V.\",\"url\":\"https:\/\/b2b.calibereurope.com\/\",\"logo\":{\"@type\":\"ImageObject\",\"inLanguage\":\"fr-FR\",\"@id\":\"https:\/\/b2b.calibereurope.com\/#\/schema\/logo\/image\/\",\"url\":\"https:\/\/b2b.calibereurope.com\/wp-content\/uploads\/2020\/12\/Caliber_Logo-Black.png\",\"contentUrl\":\"https:\/\/b2b.calibereurope.com\/wp-content\/uploads\/2020\/12\/Caliber_Logo-Black.png\",\"width\":3157,\"height\":356,\"caption\":\"Caliber Europe B.V.\"},\"image\":{\"@id\":\"https:\/\/b2b.calibereurope.com\/#\/schema\/logo\/image\/\"}}]}<\/script>\n<!-- \/ Yoast SEO plugin. -->","yoast_head_json":{"title":"Radio-r\u00e9veil avec Bluetooth, USB et chargeur Qi - Noir (HCG012QI-BT) - Caliber Europe B.V.","robots":{"index":"noindex","follow":"follow","max-snippet":"max-snippet:-1","max-image-preview":"max-image-preview:large","max-video-preview":"max-video-preview:-1"},"og_locale":"fr_FR","og_type":"article","og_title":"Radio-r\u00e9veil avec Bluetooth, USB et chargeur Qi - Noir (HCG012QI-BT) - Caliber Europe B.V.","og_description":"Le Caliber HCG012QiDAB-BT est un radio-r\u00e9veil complet. R\u00e9veillez-vous avec la radio en haute qualit\u00e9 sonore DAB+, endormez-vous avec votre propre musique et rechargez votre t\u00e9l\u00e9phone sans fil. Le HCG012QiDAB-BT dispose d&#39;une fonction de recharge sans fil certifi\u00e9e Qi pour votre smartphone. Le r\u00e9veil HCG est \u00e9quip\u00e9 d&#39;une fonction de minuterie. Cela vous permet de fixer [&hellip;]","og_url":"https:\/\/b2b.calibereurope.com\/fr\/produit\/hcg012qi-bt-fr_fr\/","og_site_name":"Caliber Europe B.V.","article_modified_time":"2024-12-26T18:01:29+00:00","og_image":[{"width":1024,"height":768,"url":"https:\/\/b2b.calibereurope.com\/wp-content\/uploads\/2021\/11\/46f0a0270d3f00c297b84466d4d8f6819e199dcf_HCG012Qi_BT_2.jpg","type":"image\/jpeg"}],"twitter_card":"summary_large_image","twitter_misc":{"Dur\u00e9e de lecture estim\u00e9e":"2 minutes"},"schema":{"@context":"https:\/\/schema.org","@graph":[{"@type":"WebPage","@id":"https:\/\/b2b.calibereurope.com\/fr\/produit\/hcg012qi-bt-fr_fr\/","url":"https:\/\/b2b.calibereurope.com\/fr\/produit\/hcg012qi-bt-fr_fr\/","name":"Radio-r\u00e9veil avec Bluetooth, USB et chargeur Qi - Noir (HCG012QI-BT) - Caliber Europe B.V.","isPartOf":{"@id":"https:\/\/b2b.calibereurope.com\/#website"},"primaryImageOfPage":{"@id":"https:\/\/b2b.calibereurope.com\/fr\/produit\/hcg012qi-bt-fr_fr\/#primaryimage"},"image":{"@id":"https:\/\/b2b.calibereurope.com\/fr\/produit\/hcg012qi-bt-fr_fr\/#primaryimage"},"thumbnailUrl":"https:\/\/b2b.calibereurope.com\/wp-content\/uploads\/2024\/07\/46f0a0270d3f00c297b84466d4d8f6819e199dcf_HCG012Qi_BT_2.jpg","datePublished":"2024-07-17T00:00:00+00:00","dateModified":"2024-12-26T18:01:29+00:00","breadcrumb":{"@id":"https:\/\/b2b.calibereurope.com\/fr\/produit\/hcg012qi-bt-fr_fr\/#breadcrumb"},"inLanguage":"fr-FR","potentialAction":[{"@type":"ReadAction","target":["https:\/\/b2b.calibereurope.com\/fr\/produit\/hcg012qi-bt-fr_fr\/"]}]},{"@type":"ImageObject","inLanguage":"fr-FR","@id":"https:\/\/b2b.calibereurope.com\/fr\/produit\/hcg012qi-bt-fr_fr\/#primaryimage","url":"https:\/\/b2b.calibereurope.com\/wp-content\/uploads\/2024\/07\/46f0a0270d3f00c297b84466d4d8f6819e199dcf_HCG012Qi_BT_2.jpg","contentUrl":"https:\/\/b2b.calibereurope.com\/wp-content\/uploads\/2024\/07\/46f0a0270d3f00c297b84466d4d8f6819e199dcf_HCG012Qi_BT_2.jpg","width":1024,"height":768},{"@type":"BreadcrumbList","@id":"https:\/\/b2b.calibereurope.com\/fr\/produit\/hcg012qi-bt-fr_fr\/#breadcrumb","itemListElement":[{"@type":"ListItem","position":1,"name":"Home","item":"https:\/\/b2b.calibereurope.com\/fr\/home\/"},{"@type":"ListItem","position":2,"name":"Boutique","item":"https:\/\/b2b.calibereurope.com\/fr\/boutique\/"},{"@type":"ListItem","position":3,"name":"Radio-r\u00e9veil avec Bluetooth et chargeur Qi &#8211; Noir (HCG012QI-BT)"}]},{"@type":"WebSite","@id":"https:\/\/b2b.calibereurope.com\/#website","url":"https:\/\/b2b.calibereurope.com\/","name":"Caliber Europe B.V.","description":"B2B Webshop","publisher":{"@id":"https:\/\/b2b.calibereurope.com\/#organization"},"potentialAction":[{"@type":"SearchAction","target":{"@type":"EntryPoint","urlTemplate":"https:\/\/b2b.calibereurope.com\/?s={search_term_string}"},"query-input":{"@type":"PropertyValueSpecification","valueRequired":true,"valueName":"search_term_string"}}],"inLanguage":"fr-FR"},{"@type":"Organization","@id":"https:\/\/b2b.calibereurope.com\/#organization","name":"Caliber Europe B.V.","url":"https:\/\/b2b.calibereurope.com\/","logo":{"@type":"ImageObject","inLanguage":"fr-FR","@id":"https:\/\/b2b.calibereurope.com\/#\/schema\/logo\/image\/","url":"https:\/\/b2b.calibereurope.com\/wp-content\/uploads\/2020\/12\/Caliber_Logo-Black.png","contentUrl":"https:\/\/b2b.calibereurope.com\/wp-content\/uploads\/2020\/12\/Caliber_Logo-Black.png","width":3157,"height":356,"caption":"Caliber Europe B.V."},"image":{"@id":"https:\/\/b2b.calibereurope.com\/#\/schema\/logo\/image\/"}}]}},"_links":{"self":[{"href":"https:\/\/b2b.calibereurope.com\/fr\/wp-json\/wp\/v2\/product\/497804","targetHints":{"allow":["GET"]}}],"collection":[{"href":"https:\/\/b2b.calibereurope.com\/fr\/wp-json\/wp\/v2\/product"}],"about":[{"href":"https:\/\/b2b.calibereurope.com\/fr\/wp-json\/wp\/v2\/types\/product"}],"version-history":[{"count":0,"href":"https:\/\/b2b.calibereurope.com\/fr\/wp-json\/wp\/v2\/product\/497804\/revisions"}],"wp:featuredmedia":[{"embeddable":true,"href":"https:\/\/b2b.calibereurope.com\/fr\/wp-json\/wp\/v2\/media\/850108"}],"wp:attachment":[{"href":"https:\/\/b2b.calibereurope.com\/fr\/wp-json\/wp\/v2\/media?parent=497804"}],"wp:term":[{"taxonomy":"product_brand","embeddable":true,"href":"https:\/\/b2b.calibereurope.com\/fr\/wp-json\/wp\/v2\/product_brand?post=497804"},{"taxonomy":"product_cat","embeddable":true,"href":"https:\/\/b2b.calibereurope.com\/fr\/wp-json\/wp\/v2\/product_cat?post=497804"},{"taxonomy":"product_tag","embeddable":true,"href":"https:\/\/b2b.calibereurope.com\/fr\/wp-json\/wp\/v2\/product_tag?post=497804"}],"curies":[{"name":"wp","href":"https:\/\/api.w.org\/{rel}","templated":true}]}}