{"id":499972,"date":"2023-07-04T02:00:00","date_gmt":"2023-07-04T00:00:00","guid":{"rendered":""},"modified":"2024-12-26T19:01:31","modified_gmt":"2024-12-26T18:01:31","slug":"hpg619btl-fr_fr","status":"publish","type":"product","link":"https:\/\/b2b.calibereurope.com\/fr\/produit\/hpg619btl-fr_fr\/","title":{"rendered":"Bluetooth en haut-parleur sans fil avec lumi\u00e8re de f\u00eate &#8211; Karaoke Set avec microphone &#8211; Faire fonctionner avec APP (HPG619BTL)"},"content":{"rendered":"<p> optez pour une f\u00eate r\u00e9ussie avec ce haut-parleur de karaok\u00e9 Bluetooth de Caliber HPG619BTL. Gr\u00e2ce au <strong> microphone fourni <\/strong>, vous pouvez commencer un <strong> karaok\u00e9 Sing-Along <\/strong> avec vos amis ou votre famille en un rien de temps. Cette bo\u00eete Bluetooth produit un son clair et profond avec le subwoofer et les 2 haut-parleurs <strong>. Pour terminer votre f\u00eate, l&#39;\u00e9clairage LED <strong> int\u00e9gr\u00e9 <\/strong> change avec la musique. Fonctionnez le son, le volume et les effets d&#39;\u00e9clairage <strong> via l&#39;application <\/strong> <strong> sur votre smartphone <\/strong>. <\/p>\n<p> <strong> Caract\u00e9ristiques: <\/strong> <\/p>\n<ul>\n<li> Technologie Bluetooth sans fil\n<li> Contr\u00f4le de lumi\u00e8re et de son via l&#39;application\n<li> Batterie pour 8 Les heures de jeu\n<li> Fonction de chant de karaok\u00e9\n<li> y compris le microphone\n<li> 1x microphone et 1x entr\u00e9e d&#39;instruments (6,3 mm)\n<li> Entr\u00e9e AUX (3,5 mm)\n<li> Portage de sangle pour le transport facile <L> Subwoofer et 2 orateurs\n<li> \u00c9clairage de f\u00eate LED <\/li>\n<\/ul>\n<h3> Tout pour un bon karaok\u00e9 <\/h3>\n<p> \u00cates-vous pour une bonne session de karaok\u00e9? Ensuite, vous \u00eates au bon endroit avec cette bo\u00eete de f\u00eate avec un microphone. Avec la fonction sp\u00e9ciale du karaok\u00e9 et le microphone inclus, il ne peut plus se tromper. Faire fonctionner l&#39;ensemble de karaok\u00e9 via l&#39;application et assurez-vous que toutes vos chansons pr\u00e9f\u00e9r\u00e9es sont chant\u00e9es par le sein complet. L&#39;\u00e9clairage LED du haut-parleur karaok\u00e9 a des tons de couleur diff\u00e9rents. R\u00e9glez l&#39;\u00e9clairage \u00e0 pas moins de 5 positions et laissez la lumi\u00e8re se d\u00e9placer sur les battements. <\/p>\n<h3> passez de la f\u00eate \u00e0 la f\u00eate <\/h3>\n<p> Gr\u00e2ce \u00e0 la bande de transport pratique de ce haut-parleur sans fil, vous pouvez prendre la bo\u00eete par-dessus votre \u00e9paule avec vous. Quelle que soit la f\u00eate que vous \u00eates, vous pouvez facilement connecter votre smartphone ou votre ordinateur portable via Bluetooth et les meilleurs battements proviennent directement du haut-parleur portable. Gr\u00e2ce \u00e0 l&#39;entr\u00e9e USB et SD, vous pouvez \u00e9galement avoir de la musique jou\u00e9e via un b\u00e2ton USB ou une carte SD. Avec une batterie compl\u00e8te, vous pouvez utiliser le haut-parleur de la f\u00eate jusqu&#39;\u00e0 8 heures de non-stop, afin que vous puissiez continuer jusqu&#39;aux premi\u00e8res heures! <\/p>\n<h3> 2.1 Sound haute puissance <\/h3>\n<p> Le haut-parleur Bluetooth avec de la lumi\u00e8re offre un bon volume facile \u00e0 entendre dans une cantine, une salle de f\u00eate ou un petit caf\u00e9. La combinaison d&#39;un subwoofer et de deux haut-parleurs fournit le meilleur son \u00e0 travers les bo\u00eetes. La basse lourde garantit que tous ceux qui se sentent battus, mais le haut-parleur sans fil sait \u00e9galement comment faire entendre les tons plus \u00e9lev\u00e9s entendu. De cette fa\u00e7on, vous pouvez profiter d&#39;un son clair et profond. <\/p>\n<p> <strong> <br \/> Inclus: <\/strong> <\/p>\n<ul>\n<li> Caliber HPG619BTL\n<li> Microphone de karaok\u00e9\n<li> Adapter AC-Stream\n<li> C\u00e2ble AUX 3,5 mm<br \/>\n","protected":false},"excerpt":{"rendered":"<p>optez pour une f\u00eate r\u00e9ussie avec ce haut-parleur de karaok\u00e9 Bluetooth de Caliber HPG619BTL. Gr\u00e2ce au microphone fourni , vous pouvez commencer un karaok\u00e9 Sing-Along avec vos amis ou votre famille en un rien de temps. Cette bo\u00eete Bluetooth produit un son clair et profond avec le subwoofer et les 2 haut-parleurs . Pour terminer [&hellip;]<\/p>\n","protected":false},"featured_media":828253,"template":"","meta":{"_acf_changed":false,"site-sidebar-layout":"default","site-content-layout":"","ast-site-content-layout":"default","site-content-style":"default","site-sidebar-style":"default","ast-global-header-display":"","ast-banner-title-visibility":"","ast-main-header-display":"","ast-hfb-above-header-display":"","ast-hfb-below-header-display":"","ast-hfb-mobile-header-display":"","site-post-title":"","ast-breadcrumbs-content":"","ast-featured-img":"","footer-sml-layout":"","theme-transparent-header-meta":"","adv-header-id-meta":"","stick-header-meta":"","header-above-stick-meta":"","header-main-stick-meta":"","header-below-stick-meta":"","astra-migrate-meta-layouts":"default","ast-page-background-enabled":"default","ast-page-background-meta":{"desktop":{"background-color":"","background-image":"","background-repeat":"repeat","background-position":"center center","background-size":"auto","background-attachment":"scroll","background-type":"","background-media":"","overlay-type":"","overlay-color":"","overlay-opacity":"","overlay-gradient":""},"tablet":{"background-color":"","background-image":"","background-repeat":"repeat","background-position":"center center","background-size":"auto","background-attachment":"scroll","background-type":"","background-media":"","overlay-type":"","overlay-color":"","overlay-opacity":"","overlay-gradient":""},"mobile":{"background-color":"","background-image":"","background-repeat":"repeat","background-position":"center center","background-size":"auto","background-attachment":"scroll","background-type":"","background-media":"","overlay-type":"","overlay-color":"","overlay-opacity":"","overlay-gradient":""}},"ast-content-background-meta":{"desktop":{"background-color":"var(--ast-global-color-5)","background-image":"","background-repeat":"repeat","background-position":"center center","background-size":"auto","background-attachment":"scroll","background-type":"","background-media":"","overlay-type":"","overlay-color":"","overlay-opacity":"","overlay-gradient":""},"tablet":{"background-color":"var(--ast-global-color-5)","background-image":"","background-repeat":"repeat","background-position":"center center","background-size":"auto","background-attachment":"scroll","background-type":"","background-media":"","overlay-type":"","overlay-color":"","overlay-opacity":"","overlay-gradient":""},"mobile":{"background-color":"var(--ast-global-color-5)","background-image":"","background-repeat":"repeat","background-position":"center center","background-size":"auto","background-attachment":"scroll","background-type":"","background-media":"","overlay-type":"","overlay-color":"","overlay-opacity":"","overlay-gradient":""}}},"product_brand":[],"product_cat":[22955],"product_tag":[],"class_list":{"0":"post-499972","1":"product","2":"type-product","3":"status-publish","4":"has-post-thumbnail","6":"product_cat-pas-de-categorie","7":"desktop-align-center","8":"tablet-align-center","9":"mobile-align-center","10":"ast-product-gallery-layout-horizontal","11":"ast-product-tabs-layout-horizontal","13":"first","14":"instock","15":"taxable","16":"shipping-taxable","17":"purchasable","18":"product-type-simple"},"acf":[],"yoast_head":"<!-- This site is optimized with the Yoast SEO plugin v26.5 - https:\/\/yoast.com\/wordpress\/plugins\/seo\/ -->\n<title>Bluetooth en haut-parleur sans fil avec lumi\u00e8re de f\u00eate - Karaoke Set avec microphone - Faire fonctionner avec APP (HPG619BTL) - Caliber Europe B.V.<\/title>\n<meta name=\"robots\" content=\"noindex, follow, max-snippet:-1, max-image-preview:large, max-video-preview:-1\" \/>\n<meta property=\"og:locale\" content=\"fr_FR\" \/>\n<meta property=\"og:type\" content=\"article\" \/>\n<meta property=\"og:title\" content=\"Bluetooth en haut-parleur sans fil avec lumi\u00e8re de f\u00eate - Karaoke Set avec microphone - Faire fonctionner avec APP (HPG619BTL) - Caliber Europe B.V.\" \/>\n<meta property=\"og:description\" content=\"optez pour une f\u00eate r\u00e9ussie avec ce haut-parleur de karaok\u00e9 Bluetooth de Caliber HPG619BTL. Gr\u00e2ce au microphone fourni , vous pouvez commencer un karaok\u00e9 Sing-Along avec vos amis ou votre famille en un rien de temps. Cette bo\u00eete Bluetooth produit un son clair et profond avec le subwoofer et les 2 haut-parleurs . Pour terminer [&hellip;]\" \/>\n<meta property=\"og:url\" content=\"https:\/\/b2b.calibereurope.com\/fr\/produit\/hpg619btl-fr_fr\/\" \/>\n<meta property=\"og:site_name\" content=\"Caliber Europe B.V.\" \/>\n<meta property=\"article:modified_time\" content=\"2024-12-26T18:01:31+00:00\" \/>\n<meta property=\"og:image\" content=\"https:\/\/b2b.calibereurope.com\/wp-content\/uploads\/2021\/09\/4703598fcfa8c2ea9be1ce0cba69476e3a09a1e5_HPG619BTL_yellow.jpg\" \/>\n\t<meta property=\"og:image:width\" content=\"1024\" \/>\n\t<meta property=\"og:image:height\" content=\"768\" \/>\n\t<meta property=\"og:image:type\" content=\"image\/jpeg\" \/>\n<meta name=\"twitter:card\" content=\"summary_large_image\" \/>\n<meta name=\"twitter:label1\" content=\"Dur\u00e9e de lecture estim\u00e9e\" \/>\n\t<meta name=\"twitter:data1\" content=\"2 minutes\" \/>\n<script type=\"application\/ld+json\" class=\"yoast-schema-graph\">{\"@context\":\"https:\/\/schema.org\",\"@graph\":[{\"@type\":\"WebPage\",\"@id\":\"https:\/\/b2b.calibereurope.com\/fr\/produit\/hpg619btl-fr_fr\/\",\"url\":\"https:\/\/b2b.calibereurope.com\/fr\/produit\/hpg619btl-fr_fr\/\",\"name\":\"Bluetooth en haut-parleur sans fil avec lumi\u00e8re de f\u00eate - Karaoke Set avec microphone - Faire fonctionner avec APP (HPG619BTL) - Caliber Europe B.V.\",\"isPartOf\":{\"@id\":\"https:\/\/b2b.calibereurope.com\/#website\"},\"primaryImageOfPage\":{\"@id\":\"https:\/\/b2b.calibereurope.com\/fr\/produit\/hpg619btl-fr_fr\/#primaryimage\"},\"image\":{\"@id\":\"https:\/\/b2b.calibereurope.com\/fr\/produit\/hpg619btl-fr_fr\/#primaryimage\"},\"thumbnailUrl\":\"https:\/\/b2b.calibereurope.com\/wp-content\/uploads\/2023\/07\/50100ff5a0d2109a7529d8f3e7505c14dc9fec36_HPG619BTL_Blue-scaled.jpg\",\"datePublished\":\"2023-07-04T00:00:00+00:00\",\"dateModified\":\"2024-12-26T18:01:31+00:00\",\"breadcrumb\":{\"@id\":\"https:\/\/b2b.calibereurope.com\/fr\/produit\/hpg619btl-fr_fr\/#breadcrumb\"},\"inLanguage\":\"fr-FR\",\"potentialAction\":[{\"@type\":\"ReadAction\",\"target\":[\"https:\/\/b2b.calibereurope.com\/fr\/produit\/hpg619btl-fr_fr\/\"]}]},{\"@type\":\"ImageObject\",\"inLanguage\":\"fr-FR\",\"@id\":\"https:\/\/b2b.calibereurope.com\/fr\/produit\/hpg619btl-fr_fr\/#primaryimage\",\"url\":\"https:\/\/b2b.calibereurope.com\/wp-content\/uploads\/2023\/07\/50100ff5a0d2109a7529d8f3e7505c14dc9fec36_HPG619BTL_Blue-scaled.jpg\",\"contentUrl\":\"https:\/\/b2b.calibereurope.com\/wp-content\/uploads\/2023\/07\/50100ff5a0d2109a7529d8f3e7505c14dc9fec36_HPG619BTL_Blue-scaled.jpg\",\"width\":2560,\"height\":1542},{\"@type\":\"BreadcrumbList\",\"@id\":\"https:\/\/b2b.calibereurope.com\/fr\/produit\/hpg619btl-fr_fr\/#breadcrumb\",\"itemListElement\":[{\"@type\":\"ListItem\",\"position\":1,\"name\":\"Home\",\"item\":\"https:\/\/b2b.calibereurope.com\/fr\/home\/\"},{\"@type\":\"ListItem\",\"position\":2,\"name\":\"Boutique\",\"item\":\"https:\/\/b2b.calibereurope.com\/fr\/boutique\/\"},{\"@type\":\"ListItem\",\"position\":3,\"name\":\"Bluetooth USB SD &#8211; Application contr\u00f4l\u00e9e Karaok\u00e9 (HPG619BTL)\"}]},{\"@type\":\"WebSite\",\"@id\":\"https:\/\/b2b.calibereurope.com\/#website\",\"url\":\"https:\/\/b2b.calibereurope.com\/\",\"name\":\"Caliber Europe B.V.\",\"description\":\"B2B Webshop\",\"publisher\":{\"@id\":\"https:\/\/b2b.calibereurope.com\/#organization\"},\"potentialAction\":[{\"@type\":\"SearchAction\",\"target\":{\"@type\":\"EntryPoint\",\"urlTemplate\":\"https:\/\/b2b.calibereurope.com\/?s={search_term_string}\"},\"query-input\":{\"@type\":\"PropertyValueSpecification\",\"valueRequired\":true,\"valueName\":\"search_term_string\"}}],\"inLanguage\":\"fr-FR\"},{\"@type\":\"Organization\",\"@id\":\"https:\/\/b2b.calibereurope.com\/#organization\",\"name\":\"Caliber Europe B.V.\",\"url\":\"https:\/\/b2b.calibereurope.com\/\",\"logo\":{\"@type\":\"ImageObject\",\"inLanguage\":\"fr-FR\",\"@id\":\"https:\/\/b2b.calibereurope.com\/#\/schema\/logo\/image\/\",\"url\":\"https:\/\/b2b.calibereurope.com\/wp-content\/uploads\/2020\/12\/Caliber_Logo-Black.png\",\"contentUrl\":\"https:\/\/b2b.calibereurope.com\/wp-content\/uploads\/2020\/12\/Caliber_Logo-Black.png\",\"width\":3157,\"height\":356,\"caption\":\"Caliber Europe B.V.\"},\"image\":{\"@id\":\"https:\/\/b2b.calibereurope.com\/#\/schema\/logo\/image\/\"}}]}<\/script>\n<!-- \/ Yoast SEO plugin. -->","yoast_head_json":{"title":"Bluetooth en haut-parleur sans fil avec lumi\u00e8re de f\u00eate - Karaoke Set avec microphone - Faire fonctionner avec APP (HPG619BTL) - Caliber Europe B.V.","robots":{"index":"noindex","follow":"follow","max-snippet":"max-snippet:-1","max-image-preview":"max-image-preview:large","max-video-preview":"max-video-preview:-1"},"og_locale":"fr_FR","og_type":"article","og_title":"Bluetooth en haut-parleur sans fil avec lumi\u00e8re de f\u00eate - Karaoke Set avec microphone - Faire fonctionner avec APP (HPG619BTL) - Caliber Europe B.V.","og_description":"optez pour une f\u00eate r\u00e9ussie avec ce haut-parleur de karaok\u00e9 Bluetooth de Caliber HPG619BTL. Gr\u00e2ce au microphone fourni , vous pouvez commencer un karaok\u00e9 Sing-Along avec vos amis ou votre famille en un rien de temps. Cette bo\u00eete Bluetooth produit un son clair et profond avec le subwoofer et les 2 haut-parleurs . Pour terminer [&hellip;]","og_url":"https:\/\/b2b.calibereurope.com\/fr\/produit\/hpg619btl-fr_fr\/","og_site_name":"Caliber Europe B.V.","article_modified_time":"2024-12-26T18:01:31+00:00","og_image":[{"width":1024,"height":768,"url":"https:\/\/b2b.calibereurope.com\/wp-content\/uploads\/2021\/09\/4703598fcfa8c2ea9be1ce0cba69476e3a09a1e5_HPG619BTL_yellow.jpg","type":"image\/jpeg"}],"twitter_card":"summary_large_image","twitter_misc":{"Dur\u00e9e de lecture estim\u00e9e":"2 minutes"},"schema":{"@context":"https:\/\/schema.org","@graph":[{"@type":"WebPage","@id":"https:\/\/b2b.calibereurope.com\/fr\/produit\/hpg619btl-fr_fr\/","url":"https:\/\/b2b.calibereurope.com\/fr\/produit\/hpg619btl-fr_fr\/","name":"Bluetooth en haut-parleur sans fil avec lumi\u00e8re de f\u00eate - Karaoke Set avec microphone - Faire fonctionner avec APP (HPG619BTL) - Caliber Europe B.V.","isPartOf":{"@id":"https:\/\/b2b.calibereurope.com\/#website"},"primaryImageOfPage":{"@id":"https:\/\/b2b.calibereurope.com\/fr\/produit\/hpg619btl-fr_fr\/#primaryimage"},"image":{"@id":"https:\/\/b2b.calibereurope.com\/fr\/produit\/hpg619btl-fr_fr\/#primaryimage"},"thumbnailUrl":"https:\/\/b2b.calibereurope.com\/wp-content\/uploads\/2023\/07\/50100ff5a0d2109a7529d8f3e7505c14dc9fec36_HPG619BTL_Blue-scaled.jpg","datePublished":"2023-07-04T00:00:00+00:00","dateModified":"2024-12-26T18:01:31+00:00","breadcrumb":{"@id":"https:\/\/b2b.calibereurope.com\/fr\/produit\/hpg619btl-fr_fr\/#breadcrumb"},"inLanguage":"fr-FR","potentialAction":[{"@type":"ReadAction","target":["https:\/\/b2b.calibereurope.com\/fr\/produit\/hpg619btl-fr_fr\/"]}]},{"@type":"ImageObject","inLanguage":"fr-FR","@id":"https:\/\/b2b.calibereurope.com\/fr\/produit\/hpg619btl-fr_fr\/#primaryimage","url":"https:\/\/b2b.calibereurope.com\/wp-content\/uploads\/2023\/07\/50100ff5a0d2109a7529d8f3e7505c14dc9fec36_HPG619BTL_Blue-scaled.jpg","contentUrl":"https:\/\/b2b.calibereurope.com\/wp-content\/uploads\/2023\/07\/50100ff5a0d2109a7529d8f3e7505c14dc9fec36_HPG619BTL_Blue-scaled.jpg","width":2560,"height":1542},{"@type":"BreadcrumbList","@id":"https:\/\/b2b.calibereurope.com\/fr\/produit\/hpg619btl-fr_fr\/#breadcrumb","itemListElement":[{"@type":"ListItem","position":1,"name":"Home","item":"https:\/\/b2b.calibereurope.com\/fr\/home\/"},{"@type":"ListItem","position":2,"name":"Boutique","item":"https:\/\/b2b.calibereurope.com\/fr\/boutique\/"},{"@type":"ListItem","position":3,"name":"Bluetooth USB SD &#8211; Application contr\u00f4l\u00e9e Karaok\u00e9 (HPG619BTL)"}]},{"@type":"WebSite","@id":"https:\/\/b2b.calibereurope.com\/#website","url":"https:\/\/b2b.calibereurope.com\/","name":"Caliber Europe B.V.","description":"B2B Webshop","publisher":{"@id":"https:\/\/b2b.calibereurope.com\/#organization"},"potentialAction":[{"@type":"SearchAction","target":{"@type":"EntryPoint","urlTemplate":"https:\/\/b2b.calibereurope.com\/?s={search_term_string}"},"query-input":{"@type":"PropertyValueSpecification","valueRequired":true,"valueName":"search_term_string"}}],"inLanguage":"fr-FR"},{"@type":"Organization","@id":"https:\/\/b2b.calibereurope.com\/#organization","name":"Caliber Europe B.V.","url":"https:\/\/b2b.calibereurope.com\/","logo":{"@type":"ImageObject","inLanguage":"fr-FR","@id":"https:\/\/b2b.calibereurope.com\/#\/schema\/logo\/image\/","url":"https:\/\/b2b.calibereurope.com\/wp-content\/uploads\/2020\/12\/Caliber_Logo-Black.png","contentUrl":"https:\/\/b2b.calibereurope.com\/wp-content\/uploads\/2020\/12\/Caliber_Logo-Black.png","width":3157,"height":356,"caption":"Caliber Europe B.V."},"image":{"@id":"https:\/\/b2b.calibereurope.com\/#\/schema\/logo\/image\/"}}]}},"_links":{"self":[{"href":"https:\/\/b2b.calibereurope.com\/fr\/wp-json\/wp\/v2\/product\/499972","targetHints":{"allow":["GET"]}}],"collection":[{"href":"https:\/\/b2b.calibereurope.com\/fr\/wp-json\/wp\/v2\/product"}],"about":[{"href":"https:\/\/b2b.calibereurope.com\/fr\/wp-json\/wp\/v2\/types\/product"}],"version-history":[{"count":0,"href":"https:\/\/b2b.calibereurope.com\/fr\/wp-json\/wp\/v2\/product\/499972\/revisions"}],"wp:featuredmedia":[{"embeddable":true,"href":"https:\/\/b2b.calibereurope.com\/fr\/wp-json\/wp\/v2\/media\/828253"}],"wp:attachment":[{"href":"https:\/\/b2b.calibereurope.com\/fr\/wp-json\/wp\/v2\/media?parent=499972"}],"wp:term":[{"taxonomy":"product_brand","embeddable":true,"href":"https:\/\/b2b.calibereurope.com\/fr\/wp-json\/wp\/v2\/product_brand?post=499972"},{"taxonomy":"product_cat","embeddable":true,"href":"https:\/\/b2b.calibereurope.com\/fr\/wp-json\/wp\/v2\/product_cat?post=499972"},{"taxonomy":"product_tag","embeddable":true,"href":"https:\/\/b2b.calibereurope.com\/fr\/wp-json\/wp\/v2\/product_tag?post=499972"}],"curies":[{"name":"wp","href":"https:\/\/api.w.org\/{rel}","templated":true}]}}