{"id":500704,"date":"2025-10-07T02:00:00","date_gmt":"2025-10-07T00:00:00","guid":{"rendered":""},"modified":"2026-01-08T11:14:16","modified_gmt":"2026-01-08T10:14:16","slug":"HFG311BT-fr_FR","status":"publish","type":"product","link":"https:\/\/b2b.calibereurope.com\/fr\/produit\/HFG311BT-fr_FR\/","title":{"rendered":"Enceinte Bluetooth R\u00e9tro &#8211; 4 Heures de Lecture Sans Fil &#8211; Look r\u00e9tro &#8211; AUX &#8211; Puissance 60 watts (HFG311BT)"},"content":{"rendered":"<p> \u00c9coutez vos chansons pr\u00e9f\u00e9r\u00e9es et donnez un look cool \u00e0 votre salon avec cette enceinte Bluetooth Caliber HFG311BT. L&#39;enceinte pr\u00e9sente <strong> un look r\u00e9tro <\/strong>, tr\u00e8s cool, qui attire les regards dans n&#39;importe quel int\u00e9rieur. L&#39;enceinte Bluetooth peut \u00eatre utilis\u00e9e <strong> sans fil <\/strong> gr\u00e2ce \u00e0 la <strong> batterie <\/strong>, mais peut aussi \u00eatre utilis\u00e9e simplement avec un <strong> cordon d&#39;alimentation <\/strong>. La batterie vous offre pas moins de <strong>4 heures d&#39;autonomie <\/strong>. Avec une <strong> puissance de 60 watts <\/strong> vous disposez de suffisamment de son pour organiser une petite f\u00eate. Le <strong> panneau de commande <\/strong> permet de modifier facilement les param\u00e8tres. <\/p>\n<p> <strong>Caract\u00e9ristiques :<\/strong> <\/p>\n<ul>\n<li>4 heures de lecture (sans fil) <\/li>\n<li> Fonctionne sur secteur et sur batterie <\/li>\n<li> Bo\u00eetier en bois avec finition aspect cuir <\/li>\n<li> Grille tiss\u00e9e pour un v\u00e9ritable look r\u00e9tro <\/li>\n<li> Technologie audio Bluetooth <\/li>\n<li> Entr\u00e9e audio AUX (3,5 mm)  <\/li>\n<li> Utilisation simple <\/li>\n<li> Chargement via le c\u00e2ble USB inclus <\/li>\n<\/ul>\n<h3>Cette enceinte Bluetooth sera une pi\u00e8ce phare de votre int\u00e9rieur<\/h3>\n<p> Une belle enceinte Bluetooth est indispensable dans votre salon. Il suffit d&#39;appuyer sur un bouton pour transformer une soir\u00e9e cosy en une f\u00eate \u00e0 la maison. Cette enceinte ne se contente pas de faire ressortir les meilleurs rythmes, elle apporte aussi une touche \u00e9l\u00e9gante \u00e0 votre int\u00e9rieur. Gr\u00e2ce \u00e0 son look r\u00e9tro, l&#39;enceinte m\u00e9rite une bonne place dans votre salon. Le coffret en bois avec finition aspect cuir s&#39;int\u00e8gre \u00e0 tout d\u00e9cor. <\/p>\n<h3>Enceinte Bluetooth parfaite pour une petite f\u00eate<\/h3>\n<p> L&#39;enceinte r\u00e9tro a une puissance de pas moins de 60 watts. Cela transformera n&#39;importe quel d\u00eener en une soir\u00e9e dansante. Vous chargez le haut-parleur avec le cordon d&#39;alimentation, ou vous utilisez le haut-parleur Bluetooth sans fil avec la batterie pour une dur\u00e9e de lecture de 4 heures. Le port pour les basses situ\u00e9 \u00e0 l&#39;arri\u00e8re de l&#39;appareil permet de renforcer les basses pour une lecture audio naturelle. <\/p>\n<h3>Enceinte r\u00e9tro simple \u00e0 utiliser<\/h3>\n<p> Les boutons de l&#39;enceinte vous permettent de l&#39;allumer et de l&#39;\u00e9teindre, de r\u00e9gler le volume et de contr\u00f4ler les pistes. L&#39;enceinte sans fil peut \u00e9galement \u00eatre contr\u00f4l\u00e9e par Bluetooth. Il vous suffit de connecter votre t\u00e9l\u00e9phone par Bluetooth et vous \u00eates pr\u00eat \u00e0 d\u00e9marrer vos playlists pr\u00e9f\u00e9r\u00e9es. Vous voulez \u00e9conomiser votre batterie ou pr\u00e9f\u00e9rez ne pas utiliser le Bluetooth ? Vous pouvez \u00e9galement utiliser l&#39;entr\u00e9e AUX pour coupler votre t\u00e9l\u00e9phone. Via AUX, vous pouvez \u00e9galement connecter l&#39;enceinte \u00e0 votre t\u00e9l\u00e9vision pour augmenter le volume. Cette enceinte Bluetooth pratique est donc un must-have pour votre int\u00e9rieur !    <\/p>\n<p> <strong>Inclus : <\/strong> <\/p>\n<ul>\n<li>Caliber HFG311BT<\/li>\n<li> C\u00e2ble de chargement USB et chargeur <\/li>\n<li> C\u00e2ble audio AUX 3,5 mm<\/li>\n<\/ul>\n","protected":false},"excerpt":{"rendered":"<ul>\n<li>4 heures de lecture (sans fil)<\/li>\n<li>Fonctionne sur secteur et sur batterie<\/li>\n<li>Bo\u00eetier en bois avec finition aspect cuir<\/li>\n<li>Grille tiss\u00e9e pour un v\u00e9ritable look r\u00e9tro<\/li>\n<li>Technologie audio Bluetooth<\/li>\n<li>Entr\u00e9e audio AUX (3,5 mm)<\/li>\n<li>Utilisation simple<\/li>\n<li>Chargement via le c\u00e2ble USB inclus<\/li>\n<\/ul>\n","protected":false},"featured_media":859196,"template":"","meta":{"_acf_changed":false,"site-sidebar-layout":"default","site-content-layout":"","ast-site-content-layout":"default","site-content-style":"default","site-sidebar-style":"default","ast-global-header-display":"","ast-banner-title-visibility":"","ast-main-header-display":"","ast-hfb-above-header-display":"","ast-hfb-below-header-display":"","ast-hfb-mobile-header-display":"","site-post-title":"","ast-breadcrumbs-content":"","ast-featured-img":"","footer-sml-layout":"","theme-transparent-header-meta":"","adv-header-id-meta":"","stick-header-meta":"","header-above-stick-meta":"","header-main-stick-meta":"","header-below-stick-meta":"","astra-migrate-meta-layouts":"default","ast-page-background-enabled":"default","ast-page-background-meta":{"desktop":{"background-color":"","background-image":"","background-repeat":"repeat","background-position":"center center","background-size":"auto","background-attachment":"scroll","background-type":"","background-media":"","overlay-type":"","overlay-color":"","overlay-opacity":"","overlay-gradient":""},"tablet":{"background-color":"","background-image":"","background-repeat":"repeat","background-position":"center center","background-size":"auto","background-attachment":"scroll","background-type":"","background-media":"","overlay-type":"","overlay-color":"","overlay-opacity":"","overlay-gradient":""},"mobile":{"background-color":"","background-image":"","background-repeat":"repeat","background-position":"center center","background-size":"auto","background-attachment":"scroll","background-type":"","background-media":"","overlay-type":"","overlay-color":"","overlay-opacity":"","overlay-gradient":""}},"ast-content-background-meta":{"desktop":{"background-color":"var(--ast-global-color-5)","background-image":"","background-repeat":"repeat","background-position":"center center","background-size":"auto","background-attachment":"scroll","background-type":"","background-media":"","overlay-type":"","overlay-color":"","overlay-opacity":"","overlay-gradient":""},"tablet":{"background-color":"var(--ast-global-color-5)","background-image":"","background-repeat":"repeat","background-position":"center center","background-size":"auto","background-attachment":"scroll","background-type":"","background-media":"","overlay-type":"","overlay-color":"","overlay-opacity":"","overlay-gradient":""},"mobile":{"background-color":"var(--ast-global-color-5)","background-image":"","background-repeat":"repeat","background-position":"center center","background-size":"auto","background-attachment":"scroll","background-type":"","background-media":"","overlay-type":"","overlay-color":"","overlay-opacity":"","overlay-gradient":""}}},"product_brand":[],"product_cat":[22955],"product_tag":[],"class_list":{"0":"post-500704","1":"product","2":"type-product","3":"status-publish","4":"has-post-thumbnail","6":"product_cat-pas-de-categorie","7":"desktop-align-center","8":"tablet-align-center","9":"mobile-align-center","10":"ast-product-gallery-layout-horizontal","11":"ast-product-tabs-layout-horizontal","13":"first","14":"instock","15":"taxable","16":"shipping-taxable","17":"purchasable","18":"product-type-simple"},"acf":[],"yoast_head":"<!-- This site is optimized with the Yoast SEO plugin v26.5 - https:\/\/yoast.com\/wordpress\/plugins\/seo\/ -->\n<title>Enceinte Bluetooth R\u00e9tro - 4 Heures de Lecture Sans Fil - Look r\u00e9tro - AUX - Puissance 60 watts (HFG311BT) - Caliber Europe B.V.<\/title>\n<meta name=\"robots\" content=\"noindex, follow, max-snippet:-1, max-image-preview:large, max-video-preview:-1\" \/>\n<meta property=\"og:locale\" content=\"fr_FR\" \/>\n<meta property=\"og:type\" content=\"article\" \/>\n<meta property=\"og:title\" content=\"Enceinte Bluetooth R\u00e9tro - 4 Heures de Lecture Sans Fil - Look r\u00e9tro - AUX - Puissance 60 watts (HFG311BT) - Caliber Europe B.V.\" \/>\n<meta property=\"og:description\" content=\"4 heures de lecture (sans fil)Fonctionne sur secteur et sur batterieBo\u00eetier en bois avec finition aspect cuirGrille tiss\u00e9e pour un v\u00e9ritable look r\u00e9troTechnologie audio BluetoothEntr\u00e9e audio AUX (3,5 mm)Utilisation simpleChargement via le c\u00e2ble USB inclus\" \/>\n<meta property=\"og:url\" content=\"https:\/\/b2b.calibereurope.com\/fr\/produit\/hfg311bt-fr_fr\/\" \/>\n<meta property=\"og:site_name\" content=\"Caliber Europe B.V.\" \/>\n<meta property=\"article:modified_time\" content=\"2026-01-08T10:14:16+00:00\" \/>\n<meta property=\"og:image\" content=\"https:\/\/b2b.calibereurope.com\/wp-content\/uploads\/2021\/09\/15b094cffdb1abc59e7c14f895d95261843f9313_HFG311BT_web.jpg\" \/>\n\t<meta property=\"og:image:width\" content=\"1024\" \/>\n\t<meta property=\"og:image:height\" content=\"768\" \/>\n\t<meta property=\"og:image:type\" content=\"image\/jpeg\" \/>\n<meta name=\"twitter:card\" content=\"summary_large_image\" \/>\n<meta name=\"twitter:label1\" content=\"Dur\u00e9e de lecture estim\u00e9e\" \/>\n\t<meta name=\"twitter:data1\" content=\"2 minutes\" \/>\n<script type=\"application\/ld+json\" class=\"yoast-schema-graph\">{\"@context\":\"https:\/\/schema.org\",\"@graph\":[{\"@type\":\"WebPage\",\"@id\":\"https:\/\/b2b.calibereurope.com\/fr\/produit\/hfg311bt-fr_fr\/\",\"url\":\"https:\/\/b2b.calibereurope.com\/fr\/produit\/hfg311bt-fr_fr\/\",\"name\":\"Enceinte Bluetooth R\u00e9tro - 4 Heures de Lecture Sans Fil - Look r\u00e9tro - AUX - Puissance 60 watts (HFG311BT) - Caliber Europe B.V.\",\"isPartOf\":{\"@id\":\"https:\/\/b2b.calibereurope.com\/#website\"},\"primaryImageOfPage\":{\"@id\":\"https:\/\/b2b.calibereurope.com\/fr\/produit\/hfg311bt-fr_fr\/#primaryimage\"},\"image\":{\"@id\":\"https:\/\/b2b.calibereurope.com\/fr\/produit\/hfg311bt-fr_fr\/#primaryimage\"},\"thumbnailUrl\":\"https:\/\/b2b.calibereurope.com\/wp-content\/uploads\/2025\/10\/15b094cffdb1abc59e7c14f895d95261843f9313_HFG311BT_web.jpg\",\"datePublished\":\"2025-10-07T00:00:00+00:00\",\"dateModified\":\"2026-01-08T10:14:16+00:00\",\"breadcrumb\":{\"@id\":\"https:\/\/b2b.calibereurope.com\/fr\/produit\/hfg311bt-fr_fr\/#breadcrumb\"},\"inLanguage\":\"fr-FR\",\"potentialAction\":[{\"@type\":\"ReadAction\",\"target\":[\"https:\/\/b2b.calibereurope.com\/fr\/produit\/hfg311bt-fr_fr\/\"]}]},{\"@type\":\"ImageObject\",\"inLanguage\":\"fr-FR\",\"@id\":\"https:\/\/b2b.calibereurope.com\/fr\/produit\/hfg311bt-fr_fr\/#primaryimage\",\"url\":\"https:\/\/b2b.calibereurope.com\/wp-content\/uploads\/2025\/10\/15b094cffdb1abc59e7c14f895d95261843f9313_HFG311BT_web.jpg\",\"contentUrl\":\"https:\/\/b2b.calibereurope.com\/wp-content\/uploads\/2025\/10\/15b094cffdb1abc59e7c14f895d95261843f9313_HFG311BT_web.jpg\",\"width\":1024,\"height\":768},{\"@type\":\"BreadcrumbList\",\"@id\":\"https:\/\/b2b.calibereurope.com\/fr\/produit\/hfg311bt-fr_fr\/#breadcrumb\",\"itemListElement\":[{\"@type\":\"ListItem\",\"position\":1,\"name\":\"Home\",\"item\":\"https:\/\/b2b.calibereurope.com\/fr\/home\/\"},{\"@type\":\"ListItem\",\"position\":2,\"name\":\"Boutique\",\"item\":\"https:\/\/b2b.calibereurope.com\/fr\/boutique\/\"},{\"@type\":\"ListItem\",\"position\":3,\"name\":\"Haut-parleur Bluetooth &#8211; R\u00e9tro Noir (HFG311BT)\"}]},{\"@type\":\"WebSite\",\"@id\":\"https:\/\/b2b.calibereurope.com\/#website\",\"url\":\"https:\/\/b2b.calibereurope.com\/\",\"name\":\"Caliber Europe B.V.\",\"description\":\"B2B Webshop\",\"publisher\":{\"@id\":\"https:\/\/b2b.calibereurope.com\/#organization\"},\"potentialAction\":[{\"@type\":\"SearchAction\",\"target\":{\"@type\":\"EntryPoint\",\"urlTemplate\":\"https:\/\/b2b.calibereurope.com\/?s={search_term_string}\"},\"query-input\":{\"@type\":\"PropertyValueSpecification\",\"valueRequired\":true,\"valueName\":\"search_term_string\"}}],\"inLanguage\":\"fr-FR\"},{\"@type\":\"Organization\",\"@id\":\"https:\/\/b2b.calibereurope.com\/#organization\",\"name\":\"Caliber Europe B.V.\",\"url\":\"https:\/\/b2b.calibereurope.com\/\",\"logo\":{\"@type\":\"ImageObject\",\"inLanguage\":\"fr-FR\",\"@id\":\"https:\/\/b2b.calibereurope.com\/#\/schema\/logo\/image\/\",\"url\":\"https:\/\/b2b.calibereurope.com\/wp-content\/uploads\/2020\/12\/Caliber_Logo-Black.png\",\"contentUrl\":\"https:\/\/b2b.calibereurope.com\/wp-content\/uploads\/2020\/12\/Caliber_Logo-Black.png\",\"width\":3157,\"height\":356,\"caption\":\"Caliber Europe B.V.\"},\"image\":{\"@id\":\"https:\/\/b2b.calibereurope.com\/#\/schema\/logo\/image\/\"}}]}<\/script>\n<!-- \/ Yoast SEO plugin. -->","yoast_head_json":{"title":"Enceinte Bluetooth R\u00e9tro - 4 Heures de Lecture Sans Fil - Look r\u00e9tro - AUX - Puissance 60 watts (HFG311BT) - Caliber Europe B.V.","robots":{"index":"noindex","follow":"follow","max-snippet":"max-snippet:-1","max-image-preview":"max-image-preview:large","max-video-preview":"max-video-preview:-1"},"og_locale":"fr_FR","og_type":"article","og_title":"Enceinte Bluetooth R\u00e9tro - 4 Heures de Lecture Sans Fil - Look r\u00e9tro - AUX - Puissance 60 watts (HFG311BT) - Caliber Europe B.V.","og_description":"4 heures de lecture (sans fil)Fonctionne sur secteur et sur batterieBo\u00eetier en bois avec finition aspect cuirGrille tiss\u00e9e pour un v\u00e9ritable look r\u00e9troTechnologie audio BluetoothEntr\u00e9e audio AUX (3,5 mm)Utilisation simpleChargement via le c\u00e2ble USB inclus","og_url":"https:\/\/b2b.calibereurope.com\/fr\/produit\/hfg311bt-fr_fr\/","og_site_name":"Caliber Europe B.V.","article_modified_time":"2026-01-08T10:14:16+00:00","og_image":[{"width":1024,"height":768,"url":"https:\/\/b2b.calibereurope.com\/wp-content\/uploads\/2021\/09\/15b094cffdb1abc59e7c14f895d95261843f9313_HFG311BT_web.jpg","type":"image\/jpeg"}],"twitter_card":"summary_large_image","twitter_misc":{"Dur\u00e9e de lecture estim\u00e9e":"2 minutes"},"schema":{"@context":"https:\/\/schema.org","@graph":[{"@type":"WebPage","@id":"https:\/\/b2b.calibereurope.com\/fr\/produit\/hfg311bt-fr_fr\/","url":"https:\/\/b2b.calibereurope.com\/fr\/produit\/hfg311bt-fr_fr\/","name":"Enceinte Bluetooth R\u00e9tro - 4 Heures de Lecture Sans Fil - Look r\u00e9tro - AUX - Puissance 60 watts (HFG311BT) - Caliber Europe B.V.","isPartOf":{"@id":"https:\/\/b2b.calibereurope.com\/#website"},"primaryImageOfPage":{"@id":"https:\/\/b2b.calibereurope.com\/fr\/produit\/hfg311bt-fr_fr\/#primaryimage"},"image":{"@id":"https:\/\/b2b.calibereurope.com\/fr\/produit\/hfg311bt-fr_fr\/#primaryimage"},"thumbnailUrl":"https:\/\/b2b.calibereurope.com\/wp-content\/uploads\/2025\/10\/15b094cffdb1abc59e7c14f895d95261843f9313_HFG311BT_web.jpg","datePublished":"2025-10-07T00:00:00+00:00","dateModified":"2026-01-08T10:14:16+00:00","breadcrumb":{"@id":"https:\/\/b2b.calibereurope.com\/fr\/produit\/hfg311bt-fr_fr\/#breadcrumb"},"inLanguage":"fr-FR","potentialAction":[{"@type":"ReadAction","target":["https:\/\/b2b.calibereurope.com\/fr\/produit\/hfg311bt-fr_fr\/"]}]},{"@type":"ImageObject","inLanguage":"fr-FR","@id":"https:\/\/b2b.calibereurope.com\/fr\/produit\/hfg311bt-fr_fr\/#primaryimage","url":"https:\/\/b2b.calibereurope.com\/wp-content\/uploads\/2025\/10\/15b094cffdb1abc59e7c14f895d95261843f9313_HFG311BT_web.jpg","contentUrl":"https:\/\/b2b.calibereurope.com\/wp-content\/uploads\/2025\/10\/15b094cffdb1abc59e7c14f895d95261843f9313_HFG311BT_web.jpg","width":1024,"height":768},{"@type":"BreadcrumbList","@id":"https:\/\/b2b.calibereurope.com\/fr\/produit\/hfg311bt-fr_fr\/#breadcrumb","itemListElement":[{"@type":"ListItem","position":1,"name":"Home","item":"https:\/\/b2b.calibereurope.com\/fr\/home\/"},{"@type":"ListItem","position":2,"name":"Boutique","item":"https:\/\/b2b.calibereurope.com\/fr\/boutique\/"},{"@type":"ListItem","position":3,"name":"Haut-parleur Bluetooth &#8211; R\u00e9tro Noir (HFG311BT)"}]},{"@type":"WebSite","@id":"https:\/\/b2b.calibereurope.com\/#website","url":"https:\/\/b2b.calibereurope.com\/","name":"Caliber Europe B.V.","description":"B2B Webshop","publisher":{"@id":"https:\/\/b2b.calibereurope.com\/#organization"},"potentialAction":[{"@type":"SearchAction","target":{"@type":"EntryPoint","urlTemplate":"https:\/\/b2b.calibereurope.com\/?s={search_term_string}"},"query-input":{"@type":"PropertyValueSpecification","valueRequired":true,"valueName":"search_term_string"}}],"inLanguage":"fr-FR"},{"@type":"Organization","@id":"https:\/\/b2b.calibereurope.com\/#organization","name":"Caliber Europe B.V.","url":"https:\/\/b2b.calibereurope.com\/","logo":{"@type":"ImageObject","inLanguage":"fr-FR","@id":"https:\/\/b2b.calibereurope.com\/#\/schema\/logo\/image\/","url":"https:\/\/b2b.calibereurope.com\/wp-content\/uploads\/2020\/12\/Caliber_Logo-Black.png","contentUrl":"https:\/\/b2b.calibereurope.com\/wp-content\/uploads\/2020\/12\/Caliber_Logo-Black.png","width":3157,"height":356,"caption":"Caliber Europe B.V."},"image":{"@id":"https:\/\/b2b.calibereurope.com\/#\/schema\/logo\/image\/"}}]}},"_links":{"self":[{"href":"https:\/\/b2b.calibereurope.com\/fr\/wp-json\/wp\/v2\/product\/500704","targetHints":{"allow":["GET"]}}],"collection":[{"href":"https:\/\/b2b.calibereurope.com\/fr\/wp-json\/wp\/v2\/product"}],"about":[{"href":"https:\/\/b2b.calibereurope.com\/fr\/wp-json\/wp\/v2\/types\/product"}],"version-history":[{"count":0,"href":"https:\/\/b2b.calibereurope.com\/fr\/wp-json\/wp\/v2\/product\/500704\/revisions"}],"wp:featuredmedia":[{"embeddable":true,"href":"https:\/\/b2b.calibereurope.com\/fr\/wp-json\/wp\/v2\/media\/859196"}],"wp:attachment":[{"href":"https:\/\/b2b.calibereurope.com\/fr\/wp-json\/wp\/v2\/media?parent=500704"}],"wp:term":[{"taxonomy":"product_brand","embeddable":true,"href":"https:\/\/b2b.calibereurope.com\/fr\/wp-json\/wp\/v2\/product_brand?post=500704"},{"taxonomy":"product_cat","embeddable":true,"href":"https:\/\/b2b.calibereurope.com\/fr\/wp-json\/wp\/v2\/product_cat?post=500704"},{"taxonomy":"product_tag","embeddable":true,"href":"https:\/\/b2b.calibereurope.com\/fr\/wp-json\/wp\/v2\/product_tag?post=500704"}],"curies":[{"name":"wp","href":"https:\/\/api.w.org\/{rel}","templated":true}]}}