{"id":501496,"date":"2024-05-13T02:00:00","date_gmt":"2024-05-13T00:00:00","guid":{"rendered":""},"modified":"2024-05-13T08:51:33","modified_gmt":"2024-05-13T06:51:33","slug":"CNC16-fr_FR","status":"publish","type":"product","link":"https:\/\/b2b.calibereurope.com\/fr\/produit\/CNC16-fr_FR\/","title":{"rendered":"Porte-tablette pour 9,5 \u00e0 14,5 pouces &#8211; Appuie-t\u00eate automatique et tableau de bord &#8211; Bureau &#8211; Rotation (CNC16)"},"content":{"rendered":"<p> Utilisez votre tablette sans avoir \u00e0 le tenir gr\u00e2ce \u00e0 ce support de comprim\u00e9 CNC16 de Caliber. Le support d&#39;iPad convient \u00e0 un appuie-t\u00eate <strong> <\/strong>, o\u00f9 vous le montez avec le support de montage <strong> inclus <\/strong>. Vous pouvez \u00e9galement utiliser le support de comprim\u00e9 universel sur des surfaces glissantes gr\u00e2ce \u00e0 la <strong> Strong Aspiration <\/strong>. Vous accrochez le support de tablette sur le tableau de bord ou le mur de la cuisine, mais vous pouvez \u00e9galement le mettre facilement sur le bord du bain ou sur votre bureau. Le support de tablette convient <strong> pour les tablettes de 9,5 \u00ab\u00a0\u00e0 14,5\u00a0\u00bb <\/strong> et est <strong> 360 degr\u00e9s rotatifs <\/strong>. <\/p>\n<p> <strong> Propri\u00e9t\u00e9s: <\/strong> <\/p>\n<ul>\n<li> Pour l&#39;appui-t\u00eate et les surfaces lisses\n<li> Aspiration extra forte\n<li> Stand de bureau < Li> 360 degr\u00e9s Porte-rotation\n<li> Universal\n<li> pour 9,5 \u00ab\u00a0\u00e0 14,5\u00a0\u00bb tablettes\n<li> Pour les tablettes jusqu&#39;\u00e0 40,5 cm de large <\/li>\n<\/ul>\n<h3> Confirmer au mur ou au miroir <\/h3>\n<p> Gr\u00e2ce \u00e0 la forte tasserie forte incluse, vous pouvez facilement accrocher votre comprim\u00e9 sur des surfaces lisses. Utilisez le support pour accrocher votre tablette sur votre miroir et suivre des tutoriels de maquillage sans fin. Ou regardez votre s\u00e9rie pr\u00e9f\u00e9r\u00e9e dans un bain, tandis que votre tablette est accroch\u00e9e au mur de la salle de bain. Aimez-vous suivre les cours de cuisine en ligne? Utilisez ensuite le support de comprim\u00e9 pour l&#39;accrocher au-dessus du comptoir avec une tasserie d&#39;aspiration. De cette fa\u00e7on, vous n&#39;avez pas \u00e0 d\u00e9placer la tablette avec vos doigts sales et vous regardez \u00e9galement facilement l&#39;\u00e9cran. La ventouse convient \u00e9galement \u00e0 la fixation de la norme des comprim\u00e9s au pare-brise de votre voiture et peut \u00eatre d\u00e9pos\u00e9e afin qu&#39;elle agit comme un support de bureau. <\/p>\n<h3> Heures de visualisation du plaisir dans la voiture <\/h3>\n<p> Tous vos \u00e9pisodes et films Netflix pr\u00e9f\u00e9r\u00e9s t\u00e9l\u00e9charg\u00e9s? Ensuite, vous \u00eates pr\u00eat pour le long trajet vers votre destination de vacances. Montez le support de comprim\u00e9 sur l&#39;appuie-t\u00eate de la voiture de l&#39;un des si\u00e8ges avant et vous pouvez toujours regarder une hauteur fine. De plus, gr\u00e2ce au titulaire de l&#39;iPad, vous n&#39;avez pas \u00e0 tenir votre tablette dans la voiture. De cette fa\u00e7on, vous avez les mains libres pour conserver de la nourriture ou des boissons ou simplement pour prendre une belle posture. Vous pouvez \u00e9galement utiliser le support de tablette pour monter l&#39;appareil sur le tableau de bord de votre voiture, par exemple lorsque vous utilisez votre tablette pour la navigation sur la route. <\/p>\n<h3> Pour diff\u00e9rentes tablettes <\/h3>\n<p>, le support de tablette convient \u00e0 diff\u00e9rentes tailles de tablettes jusqu&#39;\u00e0 40,5 cm de large. Avez-vous une tablette avec un \u00e9cran entre 9,5 \u00ab\u00a0et 14,5\u00a0\u00bb? Ensuite, il s&#39;inscrit dans le support d&#39;iPad pour l&#39;appuie-t\u00eate de la voiture, sur le mur ou sur la table. Le support de tablette n&#39;est pas moins de 360 \u200b\u200bdegr\u00e9s rotatif, de sorte qu&#39;il peut toujours \u00eatre plac\u00e9 dans la bonne position. <\/p>\n<p> <strong> <br \/> Inclus: <\/strong> <\/p>\n<ul>\n<li> Caliber CNC16 Tablet Holder\n<li> support de support de montage\n<li> Porte<br \/>\n","protected":false},"excerpt":{"rendered":"<p>Utilisez votre tablette sans avoir \u00e0 le tenir gr\u00e2ce \u00e0 ce support de comprim\u00e9 CNC16 de Caliber. Le support d&#39;iPad convient \u00e0 un appuie-t\u00eate , o\u00f9 vous le montez avec le support de montage inclus . Vous pouvez \u00e9galement utiliser le support de comprim\u00e9 universel sur des surfaces glissantes gr\u00e2ce \u00e0 la Strong Aspiration . [&hellip;]<\/p>\n","protected":false},"featured_media":844329,"template":"","meta":{"_acf_changed":false,"site-sidebar-layout":"default","site-content-layout":"","ast-site-content-layout":"default","site-content-style":"default","site-sidebar-style":"default","ast-global-header-display":"","ast-banner-title-visibility":"","ast-main-header-display":"","ast-hfb-above-header-display":"","ast-hfb-below-header-display":"","ast-hfb-mobile-header-display":"","site-post-title":"","ast-breadcrumbs-content":"","ast-featured-img":"","footer-sml-layout":"","theme-transparent-header-meta":"","adv-header-id-meta":"","stick-header-meta":"","header-above-stick-meta":"","header-main-stick-meta":"","header-below-stick-meta":"","astra-migrate-meta-layouts":"default","ast-page-background-enabled":"default","ast-page-background-meta":{"desktop":{"background-color":"","background-image":"","background-repeat":"repeat","background-position":"center center","background-size":"auto","background-attachment":"scroll","background-type":"","background-media":"","overlay-type":"","overlay-color":"","overlay-opacity":"","overlay-gradient":""},"tablet":{"background-color":"","background-image":"","background-repeat":"repeat","background-position":"center center","background-size":"auto","background-attachment":"scroll","background-type":"","background-media":"","overlay-type":"","overlay-color":"","overlay-opacity":"","overlay-gradient":""},"mobile":{"background-color":"","background-image":"","background-repeat":"repeat","background-position":"center center","background-size":"auto","background-attachment":"scroll","background-type":"","background-media":"","overlay-type":"","overlay-color":"","overlay-opacity":"","overlay-gradient":""}},"ast-content-background-meta":{"desktop":{"background-color":"var(--ast-global-color-5)","background-image":"","background-repeat":"repeat","background-position":"center center","background-size":"auto","background-attachment":"scroll","background-type":"","background-media":"","overlay-type":"","overlay-color":"","overlay-opacity":"","overlay-gradient":""},"tablet":{"background-color":"var(--ast-global-color-5)","background-image":"","background-repeat":"repeat","background-position":"center center","background-size":"auto","background-attachment":"scroll","background-type":"","background-media":"","overlay-type":"","overlay-color":"","overlay-opacity":"","overlay-gradient":""},"mobile":{"background-color":"var(--ast-global-color-5)","background-image":"","background-repeat":"repeat","background-position":"center center","background-size":"auto","background-attachment":"scroll","background-type":"","background-media":"","overlay-type":"","overlay-color":"","overlay-opacity":"","overlay-gradient":""}}},"product_brand":[],"product_cat":[22955],"product_tag":[],"class_list":{"0":"post-501496","1":"product","2":"type-product","3":"status-publish","4":"has-post-thumbnail","6":"product_cat-pas-de-categorie","7":"desktop-align-center","8":"tablet-align-center","9":"mobile-align-center","10":"ast-product-gallery-layout-horizontal","11":"ast-product-tabs-layout-horizontal","13":"first","14":"outofstock","15":"taxable","16":"shipping-taxable","17":"purchasable","18":"product-type-simple"},"acf":[],"yoast_head":"<!-- This site is optimized with the Yoast SEO plugin v26.5 - https:\/\/yoast.com\/wordpress\/plugins\/seo\/ -->\n<title>Porte-tablette pour 9,5 \u00e0 14,5 pouces - Appuie-t\u00eate automatique et tableau de bord - Bureau - Rotation (CNC16) - Caliber Europe B.V.<\/title>\n<meta name=\"robots\" content=\"noindex, follow, max-snippet:-1, max-image-preview:large, max-video-preview:-1\" \/>\n<meta property=\"og:locale\" content=\"fr_FR\" \/>\n<meta property=\"og:type\" content=\"article\" \/>\n<meta property=\"og:title\" content=\"Porte-tablette pour 9,5 \u00e0 14,5 pouces - Appuie-t\u00eate automatique et tableau de bord - Bureau - Rotation (CNC16) - Caliber Europe B.V.\" \/>\n<meta property=\"og:description\" content=\"Utilisez votre tablette sans avoir \u00e0 le tenir gr\u00e2ce \u00e0 ce support de comprim\u00e9 CNC16 de Caliber. Le support d&#039;iPad convient \u00e0 un appuie-t\u00eate , o\u00f9 vous le montez avec le support de montage inclus . Vous pouvez \u00e9galement utiliser le support de comprim\u00e9 universel sur des surfaces glissantes gr\u00e2ce \u00e0 la Strong Aspiration . [&hellip;]\" \/>\n<meta property=\"og:url\" content=\"https:\/\/b2b.calibereurope.com\/fr\/produit\/cnc16-fr_fr\/\" \/>\n<meta property=\"og:site_name\" content=\"Caliber Europe B.V.\" \/>\n<meta property=\"article:modified_time\" content=\"2024-05-13T06:51:33+00:00\" \/>\n<meta property=\"og:image\" content=\"https:\/\/b2b.calibereurope.com\/wp-content\/uploads\/2021\/09\/65291310bc1a8aeac6a5e7992c8305d7e4cd9359_CNC16_Suction_Tablet_2.jpg\" \/>\n\t<meta property=\"og:image:width\" content=\"1024\" \/>\n\t<meta property=\"og:image:height\" content=\"768\" \/>\n\t<meta property=\"og:image:type\" content=\"image\/jpeg\" \/>\n<meta name=\"twitter:card\" content=\"summary_large_image\" \/>\n<meta name=\"twitter:label1\" content=\"Dur\u00e9e de lecture estim\u00e9e\" \/>\n\t<meta name=\"twitter:data1\" content=\"3 minutes\" \/>\n<script type=\"application\/ld+json\" class=\"yoast-schema-graph\">{\"@context\":\"https:\/\/schema.org\",\"@graph\":[{\"@type\":\"WebPage\",\"@id\":\"https:\/\/b2b.calibereurope.com\/fr\/produit\/cnc16-fr_fr\/\",\"url\":\"https:\/\/b2b.calibereurope.com\/fr\/produit\/cnc16-fr_fr\/\",\"name\":\"Porte-tablette pour 9,5 \u00e0 14,5 pouces - Appuie-t\u00eate automatique et tableau de bord - Bureau - Rotation (CNC16) - Caliber Europe B.V.\",\"isPartOf\":{\"@id\":\"https:\/\/b2b.calibereurope.com\/#website\"},\"primaryImageOfPage\":{\"@id\":\"https:\/\/b2b.calibereurope.com\/fr\/produit\/cnc16-fr_fr\/#primaryimage\"},\"image\":{\"@id\":\"https:\/\/b2b.calibereurope.com\/fr\/produit\/cnc16-fr_fr\/#primaryimage\"},\"thumbnailUrl\":\"https:\/\/b2b.calibereurope.com\/wp-content\/uploads\/2024\/05\/65291310bc1a8aeac6a5e7992c8305d7e4cd9359_CNC16_Suction_Tablet_2.jpg\",\"datePublished\":\"2024-05-13T00:00:00+00:00\",\"dateModified\":\"2024-05-13T06:51:33+00:00\",\"breadcrumb\":{\"@id\":\"https:\/\/b2b.calibereurope.com\/fr\/produit\/cnc16-fr_fr\/#breadcrumb\"},\"inLanguage\":\"fr-FR\",\"potentialAction\":[{\"@type\":\"ReadAction\",\"target\":[\"https:\/\/b2b.calibereurope.com\/fr\/produit\/cnc16-fr_fr\/\"]}]},{\"@type\":\"ImageObject\",\"inLanguage\":\"fr-FR\",\"@id\":\"https:\/\/b2b.calibereurope.com\/fr\/produit\/cnc16-fr_fr\/#primaryimage\",\"url\":\"https:\/\/b2b.calibereurope.com\/wp-content\/uploads\/2024\/05\/65291310bc1a8aeac6a5e7992c8305d7e4cd9359_CNC16_Suction_Tablet_2.jpg\",\"contentUrl\":\"https:\/\/b2b.calibereurope.com\/wp-content\/uploads\/2024\/05\/65291310bc1a8aeac6a5e7992c8305d7e4cd9359_CNC16_Suction_Tablet_2.jpg\",\"width\":1024,\"height\":768},{\"@type\":\"BreadcrumbList\",\"@id\":\"https:\/\/b2b.calibereurope.com\/fr\/produit\/cnc16-fr_fr\/#breadcrumb\",\"itemListElement\":[{\"@type\":\"ListItem\",\"position\":1,\"name\":\"Home\",\"item\":\"https:\/\/b2b.calibereurope.com\/fr\/home\/\"},{\"@type\":\"ListItem\",\"position\":2,\"name\":\"Boutique\",\"item\":\"https:\/\/b2b.calibereurope.com\/fr\/boutique\/\"},{\"@type\":\"ListItem\",\"position\":3,\"name\":\"Support de tablette universel pour la voiture et maison &#8211; Noir (CNC16)\"}]},{\"@type\":\"WebSite\",\"@id\":\"https:\/\/b2b.calibereurope.com\/#website\",\"url\":\"https:\/\/b2b.calibereurope.com\/\",\"name\":\"Caliber Europe B.V.\",\"description\":\"B2B Webshop\",\"publisher\":{\"@id\":\"https:\/\/b2b.calibereurope.com\/#organization\"},\"potentialAction\":[{\"@type\":\"SearchAction\",\"target\":{\"@type\":\"EntryPoint\",\"urlTemplate\":\"https:\/\/b2b.calibereurope.com\/?s={search_term_string}\"},\"query-input\":{\"@type\":\"PropertyValueSpecification\",\"valueRequired\":true,\"valueName\":\"search_term_string\"}}],\"inLanguage\":\"fr-FR\"},{\"@type\":\"Organization\",\"@id\":\"https:\/\/b2b.calibereurope.com\/#organization\",\"name\":\"Caliber Europe B.V.\",\"url\":\"https:\/\/b2b.calibereurope.com\/\",\"logo\":{\"@type\":\"ImageObject\",\"inLanguage\":\"fr-FR\",\"@id\":\"https:\/\/b2b.calibereurope.com\/#\/schema\/logo\/image\/\",\"url\":\"https:\/\/b2b.calibereurope.com\/wp-content\/uploads\/2020\/12\/Caliber_Logo-Black.png\",\"contentUrl\":\"https:\/\/b2b.calibereurope.com\/wp-content\/uploads\/2020\/12\/Caliber_Logo-Black.png\",\"width\":3157,\"height\":356,\"caption\":\"Caliber Europe B.V.\"},\"image\":{\"@id\":\"https:\/\/b2b.calibereurope.com\/#\/schema\/logo\/image\/\"}}]}<\/script>\n<!-- \/ Yoast SEO plugin. -->","yoast_head_json":{"title":"Porte-tablette pour 9,5 \u00e0 14,5 pouces - Appuie-t\u00eate automatique et tableau de bord - Bureau - Rotation (CNC16) - Caliber Europe B.V.","robots":{"index":"noindex","follow":"follow","max-snippet":"max-snippet:-1","max-image-preview":"max-image-preview:large","max-video-preview":"max-video-preview:-1"},"og_locale":"fr_FR","og_type":"article","og_title":"Porte-tablette pour 9,5 \u00e0 14,5 pouces - Appuie-t\u00eate automatique et tableau de bord - Bureau - Rotation (CNC16) - Caliber Europe B.V.","og_description":"Utilisez votre tablette sans avoir \u00e0 le tenir gr\u00e2ce \u00e0 ce support de comprim\u00e9 CNC16 de Caliber. Le support d&#39;iPad convient \u00e0 un appuie-t\u00eate , o\u00f9 vous le montez avec le support de montage inclus . Vous pouvez \u00e9galement utiliser le support de comprim\u00e9 universel sur des surfaces glissantes gr\u00e2ce \u00e0 la Strong Aspiration . [&hellip;]","og_url":"https:\/\/b2b.calibereurope.com\/fr\/produit\/cnc16-fr_fr\/","og_site_name":"Caliber Europe B.V.","article_modified_time":"2024-05-13T06:51:33+00:00","og_image":[{"width":1024,"height":768,"url":"https:\/\/b2b.calibereurope.com\/wp-content\/uploads\/2021\/09\/65291310bc1a8aeac6a5e7992c8305d7e4cd9359_CNC16_Suction_Tablet_2.jpg","type":"image\/jpeg"}],"twitter_card":"summary_large_image","twitter_misc":{"Dur\u00e9e de lecture estim\u00e9e":"3 minutes"},"schema":{"@context":"https:\/\/schema.org","@graph":[{"@type":"WebPage","@id":"https:\/\/b2b.calibereurope.com\/fr\/produit\/cnc16-fr_fr\/","url":"https:\/\/b2b.calibereurope.com\/fr\/produit\/cnc16-fr_fr\/","name":"Porte-tablette pour 9,5 \u00e0 14,5 pouces - Appuie-t\u00eate automatique et tableau de bord - Bureau - Rotation (CNC16) - Caliber Europe B.V.","isPartOf":{"@id":"https:\/\/b2b.calibereurope.com\/#website"},"primaryImageOfPage":{"@id":"https:\/\/b2b.calibereurope.com\/fr\/produit\/cnc16-fr_fr\/#primaryimage"},"image":{"@id":"https:\/\/b2b.calibereurope.com\/fr\/produit\/cnc16-fr_fr\/#primaryimage"},"thumbnailUrl":"https:\/\/b2b.calibereurope.com\/wp-content\/uploads\/2024\/05\/65291310bc1a8aeac6a5e7992c8305d7e4cd9359_CNC16_Suction_Tablet_2.jpg","datePublished":"2024-05-13T00:00:00+00:00","dateModified":"2024-05-13T06:51:33+00:00","breadcrumb":{"@id":"https:\/\/b2b.calibereurope.com\/fr\/produit\/cnc16-fr_fr\/#breadcrumb"},"inLanguage":"fr-FR","potentialAction":[{"@type":"ReadAction","target":["https:\/\/b2b.calibereurope.com\/fr\/produit\/cnc16-fr_fr\/"]}]},{"@type":"ImageObject","inLanguage":"fr-FR","@id":"https:\/\/b2b.calibereurope.com\/fr\/produit\/cnc16-fr_fr\/#primaryimage","url":"https:\/\/b2b.calibereurope.com\/wp-content\/uploads\/2024\/05\/65291310bc1a8aeac6a5e7992c8305d7e4cd9359_CNC16_Suction_Tablet_2.jpg","contentUrl":"https:\/\/b2b.calibereurope.com\/wp-content\/uploads\/2024\/05\/65291310bc1a8aeac6a5e7992c8305d7e4cd9359_CNC16_Suction_Tablet_2.jpg","width":1024,"height":768},{"@type":"BreadcrumbList","@id":"https:\/\/b2b.calibereurope.com\/fr\/produit\/cnc16-fr_fr\/#breadcrumb","itemListElement":[{"@type":"ListItem","position":1,"name":"Home","item":"https:\/\/b2b.calibereurope.com\/fr\/home\/"},{"@type":"ListItem","position":2,"name":"Boutique","item":"https:\/\/b2b.calibereurope.com\/fr\/boutique\/"},{"@type":"ListItem","position":3,"name":"Support de tablette universel pour la voiture et maison &#8211; Noir (CNC16)"}]},{"@type":"WebSite","@id":"https:\/\/b2b.calibereurope.com\/#website","url":"https:\/\/b2b.calibereurope.com\/","name":"Caliber Europe B.V.","description":"B2B Webshop","publisher":{"@id":"https:\/\/b2b.calibereurope.com\/#organization"},"potentialAction":[{"@type":"SearchAction","target":{"@type":"EntryPoint","urlTemplate":"https:\/\/b2b.calibereurope.com\/?s={search_term_string}"},"query-input":{"@type":"PropertyValueSpecification","valueRequired":true,"valueName":"search_term_string"}}],"inLanguage":"fr-FR"},{"@type":"Organization","@id":"https:\/\/b2b.calibereurope.com\/#organization","name":"Caliber Europe B.V.","url":"https:\/\/b2b.calibereurope.com\/","logo":{"@type":"ImageObject","inLanguage":"fr-FR","@id":"https:\/\/b2b.calibereurope.com\/#\/schema\/logo\/image\/","url":"https:\/\/b2b.calibereurope.com\/wp-content\/uploads\/2020\/12\/Caliber_Logo-Black.png","contentUrl":"https:\/\/b2b.calibereurope.com\/wp-content\/uploads\/2020\/12\/Caliber_Logo-Black.png","width":3157,"height":356,"caption":"Caliber Europe B.V."},"image":{"@id":"https:\/\/b2b.calibereurope.com\/#\/schema\/logo\/image\/"}}]}},"_links":{"self":[{"href":"https:\/\/b2b.calibereurope.com\/fr\/wp-json\/wp\/v2\/product\/501496","targetHints":{"allow":["GET"]}}],"collection":[{"href":"https:\/\/b2b.calibereurope.com\/fr\/wp-json\/wp\/v2\/product"}],"about":[{"href":"https:\/\/b2b.calibereurope.com\/fr\/wp-json\/wp\/v2\/types\/product"}],"version-history":[{"count":0,"href":"https:\/\/b2b.calibereurope.com\/fr\/wp-json\/wp\/v2\/product\/501496\/revisions"}],"wp:featuredmedia":[{"embeddable":true,"href":"https:\/\/b2b.calibereurope.com\/fr\/wp-json\/wp\/v2\/media\/844329"}],"wp:attachment":[{"href":"https:\/\/b2b.calibereurope.com\/fr\/wp-json\/wp\/v2\/media?parent=501496"}],"wp:term":[{"taxonomy":"product_brand","embeddable":true,"href":"https:\/\/b2b.calibereurope.com\/fr\/wp-json\/wp\/v2\/product_brand?post=501496"},{"taxonomy":"product_cat","embeddable":true,"href":"https:\/\/b2b.calibereurope.com\/fr\/wp-json\/wp\/v2\/product_cat?post=501496"},{"taxonomy":"product_tag","embeddable":true,"href":"https:\/\/b2b.calibereurope.com\/fr\/wp-json\/wp\/v2\/product_tag?post=501496"}],"curies":[{"name":"wp","href":"https:\/\/api.w.org\/{rel}","templated":true}]}}