{"id":501780,"date":"2021-09-21T02:00:00","date_gmt":"2021-09-21T00:00:00","guid":{"rendered":"https:\/\/b2b.calibereurope.com\/product\/home-security-set-de-luxe-fr_fr\/"},"modified":"2021-11-22T14:04:09","modified_gmt":"2021-11-22T13:04:09","slug":"home-security-set-de-luxe-fr_fr","status":"publish","type":"product","link":"https:\/\/b2b.calibereurope.com\/fr\/produit\/home-security-set-de-luxe-fr_fr\/","title":{"rendered":"Kit de s\u00e9curit\u00e9 pour maison intelligente &#8211; Cam\u00e9ras D\u00e9tecteur porte mouvement Sir\u00e8ne fum\u00e9e (HOME-SECURITY-SET-DE-LUXE)"},"content":{"rendered":"<p>Avec le Caliber Home Security Set De Luxe, vous prot\u00e9gez votre maison de diff\u00e9rentes mani\u00e8res. L&rsquo;ensemble se compose d&rsquo;une cam\u00e9ra int\u00e9rieure, d&rsquo;une cam\u00e9ra ext\u00e9rieure, de 4 capteurs de fen\u00eatre, de 2 capteurs de mouvement sans fil, d&rsquo;une sir\u00e8ne intelligente, d&rsquo;un d\u00e9tecteur de fum\u00e9e et d&rsquo;eau. Si vous voulez \u00eatre s\u00fbr d&rsquo;avoir une maison s\u00fbre, choisissez cet ensemble.<\/p>\n<p> Les diff\u00e9rents types de s\u00e9curit\u00e9<\/p>\n<p> Avec les deux cam\u00e9ras, vous pouvez voir ce qui se passe dans et devant votre maison. Les capteurs de fen\u00eatre se d\u00e9clenchent lorsqu&rsquo;une fen\u00eatre est ouverte sans le vouloir. Les deux d\u00e9tecteurs de mouvement peuvent \u00eatre plac\u00e9s n&rsquo;importe o\u00f9 dans la maison. Un signal est imm\u00e9diatement envoy\u00e9 \u00e0 la sir\u00e8ne intelligente, ce qui dissuade les cambrioleurs. Gr\u00e2ce aux d\u00e9tecteurs de fum\u00e9e et d&rsquo;eau, les fuites ou les incendies ne passeront jamais inaper\u00e7us. Vous \u00eates donc toujours \u00e0 l&rsquo;aise avec le Set de s\u00e9curit\u00e9 domestique De Luxe.<\/p>\n<p> Gardez un \u0153il sur votre maison via votre smartphone<\/p>\n<p> Connectez ces appareils \u00e0 votre smartphone et vous serez averti o\u00f9 que vous soyez lorsqu&rsquo;un appareil s&rsquo;\u00e9teint. Ainsi, vous gardez toujours un \u0153il sur ce qui se passe dans et autour de votre maison. Cela vous donne la possibilit\u00e9 d&rsquo;appeler imm\u00e9diatement les services d&rsquo;urgence, d&rsquo;avertir les voisins ou de rentrer chez vous.<\/p>\n","protected":false},"excerpt":{"rendered":"<p>Avec le Caliber Home Security Set De Luxe, vous prot\u00e9gez votre maison de diff\u00e9rentes mani\u00e8res. L&rsquo;ensemble se compose d&rsquo;une cam\u00e9ra int\u00e9rieure, d&rsquo;une cam\u00e9ra ext\u00e9rieure, de 4 capteurs de fen\u00eatre, de 2 capteurs de mouvement sans fil, d&rsquo;une sir\u00e8ne intelligente, d&rsquo;un d\u00e9tecteur de fum\u00e9e et d&rsquo;eau. Si vous voulez \u00eatre s\u00fbr d&rsquo;avoir une maison s\u00fbre, choisissez [&hellip;]<\/p>\n","protected":false},"featured_media":537288,"template":"","meta":{"_acf_changed":false,"site-sidebar-layout":"default","site-content-layout":"","ast-site-content-layout":"default","site-content-style":"default","site-sidebar-style":"default","ast-global-header-display":"","ast-banner-title-visibility":"","ast-main-header-display":"","ast-hfb-above-header-display":"","ast-hfb-below-header-display":"","ast-hfb-mobile-header-display":"","site-post-title":"","ast-breadcrumbs-content":"","ast-featured-img":"","footer-sml-layout":"","theme-transparent-header-meta":"","adv-header-id-meta":"","stick-header-meta":"","header-above-stick-meta":"","header-main-stick-meta":"","header-below-stick-meta":"","astra-migrate-meta-layouts":"default","ast-page-background-enabled":"default","ast-page-background-meta":{"desktop":{"background-color":"","background-image":"","background-repeat":"repeat","background-position":"center center","background-size":"auto","background-attachment":"scroll","background-type":"","background-media":"","overlay-type":"","overlay-color":"","overlay-opacity":"","overlay-gradient":""},"tablet":{"background-color":"","background-image":"","background-repeat":"repeat","background-position":"center center","background-size":"auto","background-attachment":"scroll","background-type":"","background-media":"","overlay-type":"","overlay-color":"","overlay-opacity":"","overlay-gradient":""},"mobile":{"background-color":"","background-image":"","background-repeat":"repeat","background-position":"center center","background-size":"auto","background-attachment":"scroll","background-type":"","background-media":"","overlay-type":"","overlay-color":"","overlay-opacity":"","overlay-gradient":""}},"ast-content-background-meta":{"desktop":{"background-color":"var(--ast-global-color-5)","background-image":"","background-repeat":"repeat","background-position":"center center","background-size":"auto","background-attachment":"scroll","background-type":"","background-media":"","overlay-type":"","overlay-color":"","overlay-opacity":"","overlay-gradient":""},"tablet":{"background-color":"var(--ast-global-color-5)","background-image":"","background-repeat":"repeat","background-position":"center center","background-size":"auto","background-attachment":"scroll","background-type":"","background-media":"","overlay-type":"","overlay-color":"","overlay-opacity":"","overlay-gradient":""},"mobile":{"background-color":"var(--ast-global-color-5)","background-image":"","background-repeat":"repeat","background-position":"center center","background-size":"auto","background-attachment":"scroll","background-type":"","background-media":"","overlay-type":"","overlay-color":"","overlay-opacity":"","overlay-gradient":""}}},"product_brand":[],"product_cat":[12126,12114,12106],"product_tag":[],"class_list":{"0":"post-501780","1":"product","2":"type-product","3":"status-publish","4":"has-post-thumbnail","6":"product_cat-sensoren_fr_fr","7":"product_cat-beveiligingssets_fr_fr","8":"product_cat-smarthome_fr_fr","9":"desktop-align-center","10":"tablet-align-center","11":"mobile-align-center","12":"ast-product-gallery-layout-horizontal","13":"ast-product-tabs-layout-horizontal","15":"first","16":"outofstock","17":"taxable","18":"shipping-taxable","19":"purchasable","20":"product-type-simple"},"acf":[],"yoast_head":"<!-- This site is optimized with the Yoast SEO plugin v26.5 - https:\/\/yoast.com\/wordpress\/plugins\/seo\/ -->\n<title>Kit de s\u00e9curit\u00e9 pour maison intelligente - Cam\u00e9ras D\u00e9tecteur porte mouvement Sir\u00e8ne fum\u00e9e (HOME-SECURITY-SET-DE-LUXE) - Caliber Europe B.V.<\/title>\n<meta name=\"robots\" content=\"noindex, follow, max-snippet:-1, max-image-preview:large, max-video-preview:-1\" \/>\n<meta property=\"og:locale\" content=\"fr_FR\" \/>\n<meta property=\"og:type\" content=\"article\" \/>\n<meta property=\"og:title\" content=\"Kit de s\u00e9curit\u00e9 pour maison intelligente - Cam\u00e9ras D\u00e9tecteur porte mouvement Sir\u00e8ne fum\u00e9e (HOME-SECURITY-SET-DE-LUXE) - Caliber Europe B.V.\" \/>\n<meta property=\"og:description\" content=\"Avec le Caliber Home Security Set De Luxe, vous prot\u00e9gez votre maison de diff\u00e9rentes mani\u00e8res. L&rsquo;ensemble se compose d&rsquo;une cam\u00e9ra int\u00e9rieure, d&rsquo;une cam\u00e9ra ext\u00e9rieure, de 4 capteurs de fen\u00eatre, de 2 capteurs de mouvement sans fil, d&rsquo;une sir\u00e8ne intelligente, d&rsquo;un d\u00e9tecteur de fum\u00e9e et d&rsquo;eau. Si vous voulez \u00eatre s\u00fbr d&rsquo;avoir une maison s\u00fbre, choisissez [&hellip;]\" \/>\n<meta property=\"og:url\" content=\"https:\/\/b2b.calibereurope.com\/fr\/produit\/home-security-set-de-luxe-fr_fr\/\" \/>\n<meta property=\"og:site_name\" content=\"Caliber Europe B.V.\" \/>\n<meta property=\"article:modified_time\" content=\"2021-11-22T13:04:09+00:00\" \/>\n<meta property=\"og:image\" content=\"https:\/\/b2b.calibereurope.com\/wp-content\/uploads\/2021\/11\/4f2d9a82f8c523aa8c0b579aa47f0bdf28331221_HS_SetDeLuxe2.jpg\" \/>\n\t<meta property=\"og:image:width\" content=\"1134\" \/>\n\t<meta property=\"og:image:height\" content=\"800\" \/>\n\t<meta property=\"og:image:type\" content=\"image\/jpeg\" \/>\n<meta name=\"twitter:card\" content=\"summary_large_image\" \/>\n<meta name=\"twitter:label1\" content=\"Dur\u00e9e de lecture estim\u00e9e\" \/>\n\t<meta name=\"twitter:data1\" content=\"1 minute\" \/>\n<script type=\"application\/ld+json\" class=\"yoast-schema-graph\">{\"@context\":\"https:\/\/schema.org\",\"@graph\":[{\"@type\":\"WebPage\",\"@id\":\"https:\/\/b2b.calibereurope.com\/fr\/produit\/home-security-set-de-luxe-fr_fr\/\",\"url\":\"https:\/\/b2b.calibereurope.com\/fr\/produit\/home-security-set-de-luxe-fr_fr\/\",\"name\":\"Kit de s\u00e9curit\u00e9 pour maison intelligente - Cam\u00e9ras D\u00e9tecteur porte mouvement Sir\u00e8ne fum\u00e9e (HOME-SECURITY-SET-DE-LUXE) - Caliber Europe B.V.\",\"isPartOf\":{\"@id\":\"https:\/\/b2b.calibereurope.com\/#website\"},\"primaryImageOfPage\":{\"@id\":\"https:\/\/b2b.calibereurope.com\/fr\/produit\/home-security-set-de-luxe-fr_fr\/#primaryimage\"},\"image\":{\"@id\":\"https:\/\/b2b.calibereurope.com\/fr\/produit\/home-security-set-de-luxe-fr_fr\/#primaryimage\"},\"thumbnailUrl\":\"https:\/\/b2b.calibereurope.com\/wp-content\/uploads\/2021\/11\/4f2d9a82f8c523aa8c0b579aa47f0bdf28331221_HS_SetDeLuxe2.jpg\",\"datePublished\":\"2021-09-21T00:00:00+00:00\",\"dateModified\":\"2021-11-22T13:04:09+00:00\",\"breadcrumb\":{\"@id\":\"https:\/\/b2b.calibereurope.com\/fr\/produit\/home-security-set-de-luxe-fr_fr\/#breadcrumb\"},\"inLanguage\":\"fr-FR\",\"potentialAction\":[{\"@type\":\"ReadAction\",\"target\":[\"https:\/\/b2b.calibereurope.com\/fr\/produit\/home-security-set-de-luxe-fr_fr\/\"]}]},{\"@type\":\"ImageObject\",\"inLanguage\":\"fr-FR\",\"@id\":\"https:\/\/b2b.calibereurope.com\/fr\/produit\/home-security-set-de-luxe-fr_fr\/#primaryimage\",\"url\":\"https:\/\/b2b.calibereurope.com\/wp-content\/uploads\/2021\/11\/4f2d9a82f8c523aa8c0b579aa47f0bdf28331221_HS_SetDeLuxe2.jpg\",\"contentUrl\":\"https:\/\/b2b.calibereurope.com\/wp-content\/uploads\/2021\/11\/4f2d9a82f8c523aa8c0b579aa47f0bdf28331221_HS_SetDeLuxe2.jpg\",\"width\":1134,\"height\":800},{\"@type\":\"BreadcrumbList\",\"@id\":\"https:\/\/b2b.calibereurope.com\/fr\/produit\/home-security-set-de-luxe-fr_fr\/#breadcrumb\",\"itemListElement\":[{\"@type\":\"ListItem\",\"position\":1,\"name\":\"Home\",\"item\":\"https:\/\/b2b.calibereurope.com\/fr\/home\/\"},{\"@type\":\"ListItem\",\"position\":2,\"name\":\"Boutique\",\"item\":\"https:\/\/b2b.calibereurope.com\/fr\/boutique\/\"},{\"@type\":\"ListItem\",\"position\":3,\"name\":\"Kit de s\u00e9curit\u00e9 pour maison intelligente &#8211; Cam\u00e9ras D\u00e9tecteur porte mouvement Sir\u00e8ne fum\u00e9e (HOME-SECURITY-SET-DE-LUXE)\"}]},{\"@type\":\"WebSite\",\"@id\":\"https:\/\/b2b.calibereurope.com\/#website\",\"url\":\"https:\/\/b2b.calibereurope.com\/\",\"name\":\"Caliber Europe B.V.\",\"description\":\"B2B Webshop\",\"publisher\":{\"@id\":\"https:\/\/b2b.calibereurope.com\/#organization\"},\"potentialAction\":[{\"@type\":\"SearchAction\",\"target\":{\"@type\":\"EntryPoint\",\"urlTemplate\":\"https:\/\/b2b.calibereurope.com\/?s={search_term_string}\"},\"query-input\":{\"@type\":\"PropertyValueSpecification\",\"valueRequired\":true,\"valueName\":\"search_term_string\"}}],\"inLanguage\":\"fr-FR\"},{\"@type\":\"Organization\",\"@id\":\"https:\/\/b2b.calibereurope.com\/#organization\",\"name\":\"Caliber Europe B.V.\",\"url\":\"https:\/\/b2b.calibereurope.com\/\",\"logo\":{\"@type\":\"ImageObject\",\"inLanguage\":\"fr-FR\",\"@id\":\"https:\/\/b2b.calibereurope.com\/#\/schema\/logo\/image\/\",\"url\":\"https:\/\/b2b.calibereurope.com\/wp-content\/uploads\/2020\/12\/Caliber_Logo-Black.png\",\"contentUrl\":\"https:\/\/b2b.calibereurope.com\/wp-content\/uploads\/2020\/12\/Caliber_Logo-Black.png\",\"width\":3157,\"height\":356,\"caption\":\"Caliber Europe B.V.\"},\"image\":{\"@id\":\"https:\/\/b2b.calibereurope.com\/#\/schema\/logo\/image\/\"}}]}<\/script>\n<!-- \/ Yoast SEO plugin. -->","yoast_head_json":{"title":"Kit de s\u00e9curit\u00e9 pour maison intelligente - Cam\u00e9ras D\u00e9tecteur porte mouvement Sir\u00e8ne fum\u00e9e (HOME-SECURITY-SET-DE-LUXE) - Caliber Europe B.V.","robots":{"index":"noindex","follow":"follow","max-snippet":"max-snippet:-1","max-image-preview":"max-image-preview:large","max-video-preview":"max-video-preview:-1"},"og_locale":"fr_FR","og_type":"article","og_title":"Kit de s\u00e9curit\u00e9 pour maison intelligente - Cam\u00e9ras D\u00e9tecteur porte mouvement Sir\u00e8ne fum\u00e9e (HOME-SECURITY-SET-DE-LUXE) - Caliber Europe B.V.","og_description":"Avec le Caliber Home Security Set De Luxe, vous prot\u00e9gez votre maison de diff\u00e9rentes mani\u00e8res. L&rsquo;ensemble se compose d&rsquo;une cam\u00e9ra int\u00e9rieure, d&rsquo;une cam\u00e9ra ext\u00e9rieure, de 4 capteurs de fen\u00eatre, de 2 capteurs de mouvement sans fil, d&rsquo;une sir\u00e8ne intelligente, d&rsquo;un d\u00e9tecteur de fum\u00e9e et d&rsquo;eau. Si vous voulez \u00eatre s\u00fbr d&rsquo;avoir une maison s\u00fbre, choisissez [&hellip;]","og_url":"https:\/\/b2b.calibereurope.com\/fr\/produit\/home-security-set-de-luxe-fr_fr\/","og_site_name":"Caliber Europe B.V.","article_modified_time":"2021-11-22T13:04:09+00:00","og_image":[{"width":1134,"height":800,"url":"https:\/\/b2b.calibereurope.com\/wp-content\/uploads\/2021\/11\/4f2d9a82f8c523aa8c0b579aa47f0bdf28331221_HS_SetDeLuxe2.jpg","type":"image\/jpeg"}],"twitter_card":"summary_large_image","twitter_misc":{"Dur\u00e9e de lecture estim\u00e9e":"1 minute"},"schema":{"@context":"https:\/\/schema.org","@graph":[{"@type":"WebPage","@id":"https:\/\/b2b.calibereurope.com\/fr\/produit\/home-security-set-de-luxe-fr_fr\/","url":"https:\/\/b2b.calibereurope.com\/fr\/produit\/home-security-set-de-luxe-fr_fr\/","name":"Kit de s\u00e9curit\u00e9 pour maison intelligente - Cam\u00e9ras D\u00e9tecteur porte mouvement Sir\u00e8ne fum\u00e9e (HOME-SECURITY-SET-DE-LUXE) - Caliber Europe B.V.","isPartOf":{"@id":"https:\/\/b2b.calibereurope.com\/#website"},"primaryImageOfPage":{"@id":"https:\/\/b2b.calibereurope.com\/fr\/produit\/home-security-set-de-luxe-fr_fr\/#primaryimage"},"image":{"@id":"https:\/\/b2b.calibereurope.com\/fr\/produit\/home-security-set-de-luxe-fr_fr\/#primaryimage"},"thumbnailUrl":"https:\/\/b2b.calibereurope.com\/wp-content\/uploads\/2021\/11\/4f2d9a82f8c523aa8c0b579aa47f0bdf28331221_HS_SetDeLuxe2.jpg","datePublished":"2021-09-21T00:00:00+00:00","dateModified":"2021-11-22T13:04:09+00:00","breadcrumb":{"@id":"https:\/\/b2b.calibereurope.com\/fr\/produit\/home-security-set-de-luxe-fr_fr\/#breadcrumb"},"inLanguage":"fr-FR","potentialAction":[{"@type":"ReadAction","target":["https:\/\/b2b.calibereurope.com\/fr\/produit\/home-security-set-de-luxe-fr_fr\/"]}]},{"@type":"ImageObject","inLanguage":"fr-FR","@id":"https:\/\/b2b.calibereurope.com\/fr\/produit\/home-security-set-de-luxe-fr_fr\/#primaryimage","url":"https:\/\/b2b.calibereurope.com\/wp-content\/uploads\/2021\/11\/4f2d9a82f8c523aa8c0b579aa47f0bdf28331221_HS_SetDeLuxe2.jpg","contentUrl":"https:\/\/b2b.calibereurope.com\/wp-content\/uploads\/2021\/11\/4f2d9a82f8c523aa8c0b579aa47f0bdf28331221_HS_SetDeLuxe2.jpg","width":1134,"height":800},{"@type":"BreadcrumbList","@id":"https:\/\/b2b.calibereurope.com\/fr\/produit\/home-security-set-de-luxe-fr_fr\/#breadcrumb","itemListElement":[{"@type":"ListItem","position":1,"name":"Home","item":"https:\/\/b2b.calibereurope.com\/fr\/home\/"},{"@type":"ListItem","position":2,"name":"Boutique","item":"https:\/\/b2b.calibereurope.com\/fr\/boutique\/"},{"@type":"ListItem","position":3,"name":"Kit de s\u00e9curit\u00e9 pour maison intelligente &#8211; Cam\u00e9ras D\u00e9tecteur porte mouvement Sir\u00e8ne fum\u00e9e (HOME-SECURITY-SET-DE-LUXE)"}]},{"@type":"WebSite","@id":"https:\/\/b2b.calibereurope.com\/#website","url":"https:\/\/b2b.calibereurope.com\/","name":"Caliber Europe B.V.","description":"B2B Webshop","publisher":{"@id":"https:\/\/b2b.calibereurope.com\/#organization"},"potentialAction":[{"@type":"SearchAction","target":{"@type":"EntryPoint","urlTemplate":"https:\/\/b2b.calibereurope.com\/?s={search_term_string}"},"query-input":{"@type":"PropertyValueSpecification","valueRequired":true,"valueName":"search_term_string"}}],"inLanguage":"fr-FR"},{"@type":"Organization","@id":"https:\/\/b2b.calibereurope.com\/#organization","name":"Caliber Europe B.V.","url":"https:\/\/b2b.calibereurope.com\/","logo":{"@type":"ImageObject","inLanguage":"fr-FR","@id":"https:\/\/b2b.calibereurope.com\/#\/schema\/logo\/image\/","url":"https:\/\/b2b.calibereurope.com\/wp-content\/uploads\/2020\/12\/Caliber_Logo-Black.png","contentUrl":"https:\/\/b2b.calibereurope.com\/wp-content\/uploads\/2020\/12\/Caliber_Logo-Black.png","width":3157,"height":356,"caption":"Caliber Europe B.V."},"image":{"@id":"https:\/\/b2b.calibereurope.com\/#\/schema\/logo\/image\/"}}]}},"_links":{"self":[{"href":"https:\/\/b2b.calibereurope.com\/fr\/wp-json\/wp\/v2\/product\/501780","targetHints":{"allow":["GET"]}}],"collection":[{"href":"https:\/\/b2b.calibereurope.com\/fr\/wp-json\/wp\/v2\/product"}],"about":[{"href":"https:\/\/b2b.calibereurope.com\/fr\/wp-json\/wp\/v2\/types\/product"}],"version-history":[{"count":0,"href":"https:\/\/b2b.calibereurope.com\/fr\/wp-json\/wp\/v2\/product\/501780\/revisions"}],"wp:featuredmedia":[{"embeddable":true,"href":"https:\/\/b2b.calibereurope.com\/fr\/wp-json\/wp\/v2\/media\/537288"}],"wp:attachment":[{"href":"https:\/\/b2b.calibereurope.com\/fr\/wp-json\/wp\/v2\/media?parent=501780"}],"wp:term":[{"taxonomy":"product_brand","embeddable":true,"href":"https:\/\/b2b.calibereurope.com\/fr\/wp-json\/wp\/v2\/product_brand?post=501780"},{"taxonomy":"product_cat","embeddable":true,"href":"https:\/\/b2b.calibereurope.com\/fr\/wp-json\/wp\/v2\/product_cat?post=501780"},{"taxonomy":"product_tag","embeddable":true,"href":"https:\/\/b2b.calibereurope.com\/fr\/wp-json\/wp\/v2\/product_tag?post=501780"}],"curies":[{"name":"wp","href":"https:\/\/api.w.org\/{rel}","templated":true}]}}