{"id":502572,"date":"2025-01-15T01:00:00","date_gmt":"2025-01-15T00:00:00","guid":{"rendered":""},"modified":"2025-01-15T08:57:04","modified_gmt":"2025-01-15T07:57:04","slug":"hpg507bt-2-fr_fr","status":"publish","type":"product","link":"https:\/\/b2b.calibereurope.com\/fr\/produit\/hpg507bt-2-fr_fr\/","title":{"rendered":"Haut-parleur portable Bluetooth, USB et batterie &#8211; Noir &#8211; 2.1 (HPG507BT-2)"},"content":{"rendered":"<p>Avec le Caliber HPG507BT-2, vous profiterez d&#39;un son de basse puissant. Vous pouvez utiliser ce haut-parleur bluetooth lors d&#39;une f\u00eate en vacances, lors d&#39;un festival ou d&#39;une f\u00eate dans le jardin. Vous pouvez facilement emporter ce grand haut-parleur avec vous gr\u00e2ce \u00e0 la confortable courroie de transport qui l&#39;accompagne.<\/p>\n<p> Qualit\u00e9 sonore<\/p>\n<p> Le HPG507BT-2 est \u00e9quip\u00e9 d&#39;un woofer de 12 watts de 4 pouces et de deux tweeters de 3 watts. Ensemble, c&#39;est bien pour 18 watts, ce qui vous donne assez de volume pour un groupe assez important autour de votre tente ou dans le jardin. Les profils bluetooth A2DP et AVRCP garantissent une bonne qualit\u00e9 de flux \u00e0 partir de votre smartphone.<\/p>\n<p> Fonctionnement et batterie<\/p>\n<p> Le panneau de contr\u00f4le est simple, mais complet. Outre les boutons standard de lecture\/pause et de pr\u00e9c\u00e9dent\/suivant, il existe des options pour diff\u00e9rents modes et le r\u00e9glage des basses et du volume. Les indicateurs LED indiquent \u00e0 temps quand le haut-parleur doit \u00eatre connect\u00e9 au chargeur. La batterie dure jusqu&#39;\u00e0 6 heures.<\/p>\n","protected":false},"excerpt":{"rendered":"<p>Avec le Caliber HPG507BT-2, vous profiterez d&#39;un son de basse puissant. Vous pouvez utiliser ce haut-parleur bluetooth lors d&#39;une f\u00eate en vacances, lors d&#39;un festival ou d&#39;une f\u00eate dans le jardin. Vous pouvez facilement emporter ce grand haut-parleur avec vous gr\u00e2ce \u00e0 la confortable courroie de transport qui l&#39;accompagne. Qualit\u00e9 sonore Le HPG507BT-2 est \u00e9quip\u00e9 [&hellip;]<\/p>\n","protected":false},"featured_media":855385,"template":"","meta":{"_acf_changed":false,"site-sidebar-layout":"default","site-content-layout":"","ast-site-content-layout":"default","site-content-style":"default","site-sidebar-style":"default","ast-global-header-display":"","ast-banner-title-visibility":"","ast-main-header-display":"","ast-hfb-above-header-display":"","ast-hfb-below-header-display":"","ast-hfb-mobile-header-display":"","site-post-title":"","ast-breadcrumbs-content":"","ast-featured-img":"","footer-sml-layout":"","theme-transparent-header-meta":"","adv-header-id-meta":"","stick-header-meta":"","header-above-stick-meta":"","header-main-stick-meta":"","header-below-stick-meta":"","astra-migrate-meta-layouts":"default","ast-page-background-enabled":"default","ast-page-background-meta":{"desktop":{"background-color":"","background-image":"","background-repeat":"repeat","background-position":"center center","background-size":"auto","background-attachment":"scroll","background-type":"","background-media":"","overlay-type":"","overlay-color":"","overlay-opacity":"","overlay-gradient":""},"tablet":{"background-color":"","background-image":"","background-repeat":"repeat","background-position":"center center","background-size":"auto","background-attachment":"scroll","background-type":"","background-media":"","overlay-type":"","overlay-color":"","overlay-opacity":"","overlay-gradient":""},"mobile":{"background-color":"","background-image":"","background-repeat":"repeat","background-position":"center center","background-size":"auto","background-attachment":"scroll","background-type":"","background-media":"","overlay-type":"","overlay-color":"","overlay-opacity":"","overlay-gradient":""}},"ast-content-background-meta":{"desktop":{"background-color":"var(--ast-global-color-5)","background-image":"","background-repeat":"repeat","background-position":"center center","background-size":"auto","background-attachment":"scroll","background-type":"","background-media":"","overlay-type":"","overlay-color":"","overlay-opacity":"","overlay-gradient":""},"tablet":{"background-color":"var(--ast-global-color-5)","background-image":"","background-repeat":"repeat","background-position":"center center","background-size":"auto","background-attachment":"scroll","background-type":"","background-media":"","overlay-type":"","overlay-color":"","overlay-opacity":"","overlay-gradient":""},"mobile":{"background-color":"var(--ast-global-color-5)","background-image":"","background-repeat":"repeat","background-position":"center center","background-size":"auto","background-attachment":"scroll","background-type":"","background-media":"","overlay-type":"","overlay-color":"","overlay-opacity":"","overlay-gradient":""}}},"product_brand":[],"product_cat":[22955],"product_tag":[],"class_list":{"0":"post-502572","1":"product","2":"type-product","3":"status-publish","4":"has-post-thumbnail","6":"product_cat-pas-de-categorie","7":"desktop-align-center","8":"tablet-align-center","9":"mobile-align-center","10":"ast-product-gallery-layout-horizontal","11":"ast-product-tabs-layout-horizontal","13":"first","14":"outofstock","15":"taxable","16":"shipping-taxable","17":"purchasable","18":"product-type-simple"},"acf":[],"yoast_head":"<!-- This site is optimized with the Yoast SEO plugin v26.5 - https:\/\/yoast.com\/wordpress\/plugins\/seo\/ -->\n<title>Haut-parleur portable Bluetooth, USB et batterie - Noir - 2.1 (HPG507BT-2) - Caliber Europe B.V.<\/title>\n<meta name=\"robots\" content=\"noindex, follow, max-snippet:-1, max-image-preview:large, max-video-preview:-1\" \/>\n<meta property=\"og:locale\" content=\"fr_FR\" \/>\n<meta property=\"og:type\" content=\"article\" \/>\n<meta property=\"og:title\" content=\"Haut-parleur portable Bluetooth, USB et batterie - Noir - 2.1 (HPG507BT-2) - Caliber Europe B.V.\" \/>\n<meta property=\"og:description\" content=\"Avec le Caliber HPG507BT-2, vous profiterez d&#039;un son de basse puissant. Vous pouvez utiliser ce haut-parleur bluetooth lors d&#039;une f\u00eate en vacances, lors d&#039;un festival ou d&#039;une f\u00eate dans le jardin. Vous pouvez facilement emporter ce grand haut-parleur avec vous gr\u00e2ce \u00e0 la confortable courroie de transport qui l&#039;accompagne. Qualit\u00e9 sonore Le HPG507BT-2 est \u00e9quip\u00e9 [&hellip;]\" \/>\n<meta property=\"og:url\" content=\"https:\/\/b2b.calibereurope.com\/fr\/?post_type=product&amp;p=502572\" \/>\n<meta property=\"og:site_name\" content=\"Caliber Europe B.V.\" \/>\n<meta property=\"article:modified_time\" content=\"2025-01-15T07:57:04+00:00\" \/>\n<meta property=\"og:image\" content=\"http:\/\/b2b.calibereurope.com\/wp-content\/uploads\/2022\/04\/5e69f33a3fc07a961a00585b39b750f4506288c3_HPG507BT_2_right_web.jpg\" \/>\n\t<meta property=\"og:image:width\" content=\"1010\" \/>\n\t<meta property=\"og:image:height\" content=\"768\" \/>\n\t<meta property=\"og:image:type\" content=\"image\/jpeg\" \/>\n<meta name=\"twitter:card\" content=\"summary_large_image\" \/>\n<meta name=\"twitter:label1\" content=\"Dur\u00e9e de lecture estim\u00e9e\" \/>\n\t<meta name=\"twitter:data1\" content=\"1 minute\" \/>\n<script type=\"application\/ld+json\" class=\"yoast-schema-graph\">{\"@context\":\"https:\/\/schema.org\",\"@graph\":[{\"@type\":\"WebPage\",\"@id\":\"https:\/\/b2b.calibereurope.com\/fr\/?post_type=product&p=502572\",\"url\":\"https:\/\/b2b.calibereurope.com\/fr\/?post_type=product&p=502572\",\"name\":\"Haut-parleur portable Bluetooth, USB et batterie - Noir - 2.1 (HPG507BT-2) - Caliber Europe B.V.\",\"isPartOf\":{\"@id\":\"https:\/\/b2b.calibereurope.com\/#website\"},\"primaryImageOfPage\":{\"@id\":\"https:\/\/b2b.calibereurope.com\/fr\/?post_type=product&p=502572#primaryimage\"},\"image\":{\"@id\":\"https:\/\/b2b.calibereurope.com\/fr\/?post_type=product&p=502572#primaryimage\"},\"thumbnailUrl\":\"https:\/\/b2b.calibereurope.com\/wp-content\/uploads\/2025\/01\/5e69f33a3fc07a961a00585b39b750f4506288c3_HPG507BT_2_right_web.jpg\",\"datePublished\":\"2025-01-15T00:00:00+00:00\",\"dateModified\":\"2025-01-15T07:57:04+00:00\",\"breadcrumb\":{\"@id\":\"https:\/\/b2b.calibereurope.com\/fr\/?post_type=product&p=502572#breadcrumb\"},\"inLanguage\":\"fr-FR\",\"potentialAction\":[{\"@type\":\"ReadAction\",\"target\":[\"https:\/\/b2b.calibereurope.com\/fr\/?post_type=product&p=502572\"]}]},{\"@type\":\"ImageObject\",\"inLanguage\":\"fr-FR\",\"@id\":\"https:\/\/b2b.calibereurope.com\/fr\/?post_type=product&p=502572#primaryimage\",\"url\":\"https:\/\/b2b.calibereurope.com\/wp-content\/uploads\/2025\/01\/5e69f33a3fc07a961a00585b39b750f4506288c3_HPG507BT_2_right_web.jpg\",\"contentUrl\":\"https:\/\/b2b.calibereurope.com\/wp-content\/uploads\/2025\/01\/5e69f33a3fc07a961a00585b39b750f4506288c3_HPG507BT_2_right_web.jpg\",\"width\":1010,\"height\":768},{\"@type\":\"BreadcrumbList\",\"@id\":\"https:\/\/b2b.calibereurope.com\/fr\/?post_type=product&p=502572#breadcrumb\",\"itemListElement\":[{\"@type\":\"ListItem\",\"position\":1,\"name\":\"Home\",\"item\":\"https:\/\/b2b.calibereurope.com\/fr\/home\/\"},{\"@type\":\"ListItem\",\"position\":2,\"name\":\"Boutique\",\"item\":\"https:\/\/b2b.calibereurope.com\/fr\/boutique\/\"},{\"@type\":\"ListItem\",\"position\":3,\"name\":\"Syst\u00e8me de haut-parleurs portables &#8211; Noir 2.1 (HPG507BT-2)\"}]},{\"@type\":\"WebSite\",\"@id\":\"https:\/\/b2b.calibereurope.com\/#website\",\"url\":\"https:\/\/b2b.calibereurope.com\/\",\"name\":\"Caliber Europe B.V.\",\"description\":\"B2B Webshop\",\"publisher\":{\"@id\":\"https:\/\/b2b.calibereurope.com\/#organization\"},\"potentialAction\":[{\"@type\":\"SearchAction\",\"target\":{\"@type\":\"EntryPoint\",\"urlTemplate\":\"https:\/\/b2b.calibereurope.com\/?s={search_term_string}\"},\"query-input\":{\"@type\":\"PropertyValueSpecification\",\"valueRequired\":true,\"valueName\":\"search_term_string\"}}],\"inLanguage\":\"fr-FR\"},{\"@type\":\"Organization\",\"@id\":\"https:\/\/b2b.calibereurope.com\/#organization\",\"name\":\"Caliber Europe B.V.\",\"url\":\"https:\/\/b2b.calibereurope.com\/\",\"logo\":{\"@type\":\"ImageObject\",\"inLanguage\":\"fr-FR\",\"@id\":\"https:\/\/b2b.calibereurope.com\/#\/schema\/logo\/image\/\",\"url\":\"https:\/\/b2b.calibereurope.com\/wp-content\/uploads\/2020\/12\/Caliber_Logo-Black.png\",\"contentUrl\":\"https:\/\/b2b.calibereurope.com\/wp-content\/uploads\/2020\/12\/Caliber_Logo-Black.png\",\"width\":3157,\"height\":356,\"caption\":\"Caliber Europe B.V.\"},\"image\":{\"@id\":\"https:\/\/b2b.calibereurope.com\/#\/schema\/logo\/image\/\"}}]}<\/script>\n<!-- \/ Yoast SEO plugin. -->","yoast_head_json":{"title":"Haut-parleur portable Bluetooth, USB et batterie - Noir - 2.1 (HPG507BT-2) - Caliber Europe B.V.","robots":{"index":"noindex","follow":"follow","max-snippet":"max-snippet:-1","max-image-preview":"max-image-preview:large","max-video-preview":"max-video-preview:-1"},"og_locale":"fr_FR","og_type":"article","og_title":"Haut-parleur portable Bluetooth, USB et batterie - Noir - 2.1 (HPG507BT-2) - Caliber Europe B.V.","og_description":"Avec le Caliber HPG507BT-2, vous profiterez d&#39;un son de basse puissant. Vous pouvez utiliser ce haut-parleur bluetooth lors d&#39;une f\u00eate en vacances, lors d&#39;un festival ou d&#39;une f\u00eate dans le jardin. Vous pouvez facilement emporter ce grand haut-parleur avec vous gr\u00e2ce \u00e0 la confortable courroie de transport qui l&#39;accompagne. Qualit\u00e9 sonore Le HPG507BT-2 est \u00e9quip\u00e9 [&hellip;]","og_url":"https:\/\/b2b.calibereurope.com\/fr\/?post_type=product&p=502572","og_site_name":"Caliber Europe B.V.","article_modified_time":"2025-01-15T07:57:04+00:00","og_image":[{"width":1010,"height":768,"url":"http:\/\/b2b.calibereurope.com\/wp-content\/uploads\/2022\/04\/5e69f33a3fc07a961a00585b39b750f4506288c3_HPG507BT_2_right_web.jpg","type":"image\/jpeg"}],"twitter_card":"summary_large_image","twitter_misc":{"Dur\u00e9e de lecture estim\u00e9e":"1 minute"},"schema":{"@context":"https:\/\/schema.org","@graph":[{"@type":"WebPage","@id":"https:\/\/b2b.calibereurope.com\/fr\/?post_type=product&p=502572","url":"https:\/\/b2b.calibereurope.com\/fr\/?post_type=product&p=502572","name":"Haut-parleur portable Bluetooth, USB et batterie - Noir - 2.1 (HPG507BT-2) - Caliber Europe B.V.","isPartOf":{"@id":"https:\/\/b2b.calibereurope.com\/#website"},"primaryImageOfPage":{"@id":"https:\/\/b2b.calibereurope.com\/fr\/?post_type=product&p=502572#primaryimage"},"image":{"@id":"https:\/\/b2b.calibereurope.com\/fr\/?post_type=product&p=502572#primaryimage"},"thumbnailUrl":"https:\/\/b2b.calibereurope.com\/wp-content\/uploads\/2025\/01\/5e69f33a3fc07a961a00585b39b750f4506288c3_HPG507BT_2_right_web.jpg","datePublished":"2025-01-15T00:00:00+00:00","dateModified":"2025-01-15T07:57:04+00:00","breadcrumb":{"@id":"https:\/\/b2b.calibereurope.com\/fr\/?post_type=product&p=502572#breadcrumb"},"inLanguage":"fr-FR","potentialAction":[{"@type":"ReadAction","target":["https:\/\/b2b.calibereurope.com\/fr\/?post_type=product&p=502572"]}]},{"@type":"ImageObject","inLanguage":"fr-FR","@id":"https:\/\/b2b.calibereurope.com\/fr\/?post_type=product&p=502572#primaryimage","url":"https:\/\/b2b.calibereurope.com\/wp-content\/uploads\/2025\/01\/5e69f33a3fc07a961a00585b39b750f4506288c3_HPG507BT_2_right_web.jpg","contentUrl":"https:\/\/b2b.calibereurope.com\/wp-content\/uploads\/2025\/01\/5e69f33a3fc07a961a00585b39b750f4506288c3_HPG507BT_2_right_web.jpg","width":1010,"height":768},{"@type":"BreadcrumbList","@id":"https:\/\/b2b.calibereurope.com\/fr\/?post_type=product&p=502572#breadcrumb","itemListElement":[{"@type":"ListItem","position":1,"name":"Home","item":"https:\/\/b2b.calibereurope.com\/fr\/home\/"},{"@type":"ListItem","position":2,"name":"Boutique","item":"https:\/\/b2b.calibereurope.com\/fr\/boutique\/"},{"@type":"ListItem","position":3,"name":"Syst\u00e8me de haut-parleurs portables &#8211; Noir 2.1 (HPG507BT-2)"}]},{"@type":"WebSite","@id":"https:\/\/b2b.calibereurope.com\/#website","url":"https:\/\/b2b.calibereurope.com\/","name":"Caliber Europe B.V.","description":"B2B Webshop","publisher":{"@id":"https:\/\/b2b.calibereurope.com\/#organization"},"potentialAction":[{"@type":"SearchAction","target":{"@type":"EntryPoint","urlTemplate":"https:\/\/b2b.calibereurope.com\/?s={search_term_string}"},"query-input":{"@type":"PropertyValueSpecification","valueRequired":true,"valueName":"search_term_string"}}],"inLanguage":"fr-FR"},{"@type":"Organization","@id":"https:\/\/b2b.calibereurope.com\/#organization","name":"Caliber Europe B.V.","url":"https:\/\/b2b.calibereurope.com\/","logo":{"@type":"ImageObject","inLanguage":"fr-FR","@id":"https:\/\/b2b.calibereurope.com\/#\/schema\/logo\/image\/","url":"https:\/\/b2b.calibereurope.com\/wp-content\/uploads\/2020\/12\/Caliber_Logo-Black.png","contentUrl":"https:\/\/b2b.calibereurope.com\/wp-content\/uploads\/2020\/12\/Caliber_Logo-Black.png","width":3157,"height":356,"caption":"Caliber Europe B.V."},"image":{"@id":"https:\/\/b2b.calibereurope.com\/#\/schema\/logo\/image\/"}}]}},"_links":{"self":[{"href":"https:\/\/b2b.calibereurope.com\/fr\/wp-json\/wp\/v2\/product\/502572","targetHints":{"allow":["GET"]}}],"collection":[{"href":"https:\/\/b2b.calibereurope.com\/fr\/wp-json\/wp\/v2\/product"}],"about":[{"href":"https:\/\/b2b.calibereurope.com\/fr\/wp-json\/wp\/v2\/types\/product"}],"version-history":[{"count":0,"href":"https:\/\/b2b.calibereurope.com\/fr\/wp-json\/wp\/v2\/product\/502572\/revisions"}],"wp:featuredmedia":[{"embeddable":true,"href":"https:\/\/b2b.calibereurope.com\/fr\/wp-json\/wp\/v2\/media\/855385"}],"wp:attachment":[{"href":"https:\/\/b2b.calibereurope.com\/fr\/wp-json\/wp\/v2\/media?parent=502572"}],"wp:term":[{"taxonomy":"product_brand","embeddable":true,"href":"https:\/\/b2b.calibereurope.com\/fr\/wp-json\/wp\/v2\/product_brand?post=502572"},{"taxonomy":"product_cat","embeddable":true,"href":"https:\/\/b2b.calibereurope.com\/fr\/wp-json\/wp\/v2\/product_cat?post=502572"},{"taxonomy":"product_tag","embeddable":true,"href":"https:\/\/b2b.calibereurope.com\/fr\/wp-json\/wp\/v2\/product_tag?post=502572"}],"curies":[{"name":"wp","href":"https:\/\/api.w.org\/{rel}","templated":true}]}}