{"id":503696,"date":"2024-07-17T02:00:00","date_gmt":"2024-07-17T00:00:00","guid":{"rendered":""},"modified":"2024-12-26T19:01:36","modified_gmt":"2024-12-26T18:01:36","slug":"pmt801dab-bt-fr_fr","status":"publish","type":"product","link":"https:\/\/b2b.calibereurope.com\/fr\/produit\/pmt801dab-bt-fr_fr\/","title":{"rendered":"\u00c9metteur FM \/ Transmetteur avec DAB+ Et kit voiture &#8211; Noir (PMT801DAB-BT)"},"content":{"rendered":"<p>Avec le Caliber PMT801DAB-BT, vous pouvez \u00e9couter la radio dans la voiture avec une qualit\u00e9 sonore \u00e9lev\u00e9e. Vous pouvez \u00e9galement diffuser de la musique depuis votre smartphone via la technologie Bluetooth si vous avez un autoradio sans technologie Bluetooth. Cet \u00e9metteur transmet la musique via une fr\u00e9quence FM.<\/p>\n<p><strong>Qualit\u00e9 DAB+<\/strong><br \/>DAB+ offre une meilleure qualit\u00e9 sonore que l&#39;ancien FM. Cela r\u00e9duit le bruit et vous permet de mieux suivre les d\u00e9tails de vos tubes et \u00e9missions de radio pr\u00e9f\u00e9r\u00e9s. Le PMT801DAB-BT dispose de 60 canaux pr\u00e9r\u00e9gl\u00e9s que vous pouvez facilement enregistrer et s\u00e9lectionner. L&#39;\u00e9metteur envoie le signal sonore via une fr\u00e9quence FM ou via un c\u00e2ble AUX de 3,5 mm \u00e0 votre radio<\/p>\n<p><strong>Facile \u00e0 utiliser avec votre smartphone<\/strong><br \/>Le PMT801DAB-BT fonctionne comme la technologie Bluetooth kit mains-libres, afin que vous puissiez passer un appel t\u00e9l\u00e9phonique via les haut-parleurs de la voiture. Vous pouvez charger votre smartphone en m\u00eame temps via l&#39;entr\u00e9e USB. L&#39;\u00e9metteur est aliment\u00e9 par l&#39;allume-cigare 12 volts de votre voiture. Avec la ventouse en caoutchouc, vous pouvez placer le PMT801DAB-BT o\u00f9 vous voulez, comme sur votre tableau de bord ou votre pare-brise.<\/p>\n","protected":false},"excerpt":{"rendered":"<p>Avec le Caliber PMT801DAB-BT, vous pouvez \u00e9couter la radio dans la voiture avec une qualit\u00e9 sonore \u00e9lev\u00e9e. Vous pouvez \u00e9galement diffuser de la musique depuis votre smartphone via la technologie Bluetooth si vous avez un autoradio sans technologie Bluetooth. Cet \u00e9metteur transmet la musique via une fr\u00e9quence FM. Qualit\u00e9 DAB+DAB+ offre une meilleure qualit\u00e9 sonore [&hellip;]<\/p>\n","protected":false},"featured_media":850564,"template":"","meta":{"_acf_changed":false,"site-sidebar-layout":"default","site-content-layout":"","ast-site-content-layout":"default","site-content-style":"default","site-sidebar-style":"default","ast-global-header-display":"","ast-banner-title-visibility":"","ast-main-header-display":"","ast-hfb-above-header-display":"","ast-hfb-below-header-display":"","ast-hfb-mobile-header-display":"","site-post-title":"","ast-breadcrumbs-content":"","ast-featured-img":"","footer-sml-layout":"","theme-transparent-header-meta":"","adv-header-id-meta":"","stick-header-meta":"","header-above-stick-meta":"","header-main-stick-meta":"","header-below-stick-meta":"","astra-migrate-meta-layouts":"default","ast-page-background-enabled":"default","ast-page-background-meta":{"desktop":{"background-color":"","background-image":"","background-repeat":"repeat","background-position":"center center","background-size":"auto","background-attachment":"scroll","background-type":"","background-media":"","overlay-type":"","overlay-color":"","overlay-opacity":"","overlay-gradient":""},"tablet":{"background-color":"","background-image":"","background-repeat":"repeat","background-position":"center center","background-size":"auto","background-attachment":"scroll","background-type":"","background-media":"","overlay-type":"","overlay-color":"","overlay-opacity":"","overlay-gradient":""},"mobile":{"background-color":"","background-image":"","background-repeat":"repeat","background-position":"center center","background-size":"auto","background-attachment":"scroll","background-type":"","background-media":"","overlay-type":"","overlay-color":"","overlay-opacity":"","overlay-gradient":""}},"ast-content-background-meta":{"desktop":{"background-color":"var(--ast-global-color-5)","background-image":"","background-repeat":"repeat","background-position":"center center","background-size":"auto","background-attachment":"scroll","background-type":"","background-media":"","overlay-type":"","overlay-color":"","overlay-opacity":"","overlay-gradient":""},"tablet":{"background-color":"var(--ast-global-color-5)","background-image":"","background-repeat":"repeat","background-position":"center center","background-size":"auto","background-attachment":"scroll","background-type":"","background-media":"","overlay-type":"","overlay-color":"","overlay-opacity":"","overlay-gradient":""},"mobile":{"background-color":"var(--ast-global-color-5)","background-image":"","background-repeat":"repeat","background-position":"center center","background-size":"auto","background-attachment":"scroll","background-type":"","background-media":"","overlay-type":"","overlay-color":"","overlay-opacity":"","overlay-gradient":""}}},"product_brand":[],"product_cat":[22955],"product_tag":[],"class_list":{"0":"post-503696","1":"product","2":"type-product","3":"status-publish","4":"has-post-thumbnail","6":"product_cat-pas-de-categorie","7":"desktop-align-center","8":"tablet-align-center","9":"mobile-align-center","10":"ast-product-gallery-layout-horizontal","11":"ast-product-tabs-layout-horizontal","13":"first","14":"instock","15":"taxable","16":"shipping-taxable","17":"purchasable","18":"product-type-simple"},"acf":[],"yoast_head":"<!-- This site is optimized with the Yoast SEO plugin v26.5 - https:\/\/yoast.com\/wordpress\/plugins\/seo\/ -->\n<title>\u00c9metteur FM \/ Transmetteur avec DAB+ Et kit voiture - Noir (PMT801DAB-BT) - Caliber Europe B.V.<\/title>\n<meta name=\"robots\" content=\"noindex, follow, max-snippet:-1, max-image-preview:large, max-video-preview:-1\" \/>\n<meta property=\"og:locale\" content=\"fr_FR\" \/>\n<meta property=\"og:type\" content=\"article\" \/>\n<meta property=\"og:title\" content=\"\u00c9metteur FM \/ Transmetteur avec DAB+ Et kit voiture - Noir (PMT801DAB-BT) - Caliber Europe B.V.\" \/>\n<meta property=\"og:description\" content=\"Avec le Caliber PMT801DAB-BT, vous pouvez \u00e9couter la radio dans la voiture avec une qualit\u00e9 sonore \u00e9lev\u00e9e. Vous pouvez \u00e9galement diffuser de la musique depuis votre smartphone via la technologie Bluetooth si vous avez un autoradio sans technologie Bluetooth. Cet \u00e9metteur transmet la musique via une fr\u00e9quence FM. Qualit\u00e9 DAB+DAB+ offre une meilleure qualit\u00e9 sonore [&hellip;]\" \/>\n<meta property=\"og:url\" content=\"https:\/\/b2b.calibereurope.com\/fr\/?post_type=product&amp;p=503696\" \/>\n<meta property=\"og:site_name\" content=\"Caliber Europe B.V.\" \/>\n<meta property=\"article:modified_time\" content=\"2024-12-26T18:01:36+00:00\" \/>\n<meta property=\"og:image\" content=\"https:\/\/b2b.calibereurope.com\/wp-content\/uploads\/2021\/11\/ff800a25b636565e6176b5f465ac027c4f817ebe_PMT801DAB_BT_web.jpg\" \/>\n\t<meta property=\"og:image:width\" content=\"1024\" \/>\n\t<meta property=\"og:image:height\" content=\"768\" \/>\n\t<meta property=\"og:image:type\" content=\"image\/jpeg\" \/>\n<meta name=\"twitter:card\" content=\"summary_large_image\" \/>\n<meta name=\"twitter:label1\" content=\"Dur\u00e9e de lecture estim\u00e9e\" \/>\n\t<meta name=\"twitter:data1\" content=\"1 minute\" \/>\n<script type=\"application\/ld+json\" class=\"yoast-schema-graph\">{\"@context\":\"https:\/\/schema.org\",\"@graph\":[{\"@type\":\"WebPage\",\"@id\":\"https:\/\/b2b.calibereurope.com\/fr\/?post_type=product&p=503696\",\"url\":\"https:\/\/b2b.calibereurope.com\/fr\/?post_type=product&p=503696\",\"name\":\"\u00c9metteur FM \/ Transmetteur avec DAB+ Et kit voiture - Noir (PMT801DAB-BT) - Caliber Europe B.V.\",\"isPartOf\":{\"@id\":\"https:\/\/b2b.calibereurope.com\/#website\"},\"primaryImageOfPage\":{\"@id\":\"https:\/\/b2b.calibereurope.com\/fr\/?post_type=product&p=503696#primaryimage\"},\"image\":{\"@id\":\"https:\/\/b2b.calibereurope.com\/fr\/?post_type=product&p=503696#primaryimage\"},\"thumbnailUrl\":\"https:\/\/b2b.calibereurope.com\/wp-content\/uploads\/2024\/07\/21ea811debcdec1acda820b379585c02ff7c7842_PMT801DAB_BT_hang_nieuwe_DAB_logo_zonder_BT_logo-scaled.jpg\",\"datePublished\":\"2024-07-17T00:00:00+00:00\",\"dateModified\":\"2024-12-26T18:01:36+00:00\",\"breadcrumb\":{\"@id\":\"https:\/\/b2b.calibereurope.com\/fr\/?post_type=product&p=503696#breadcrumb\"},\"inLanguage\":\"fr-FR\",\"potentialAction\":[{\"@type\":\"ReadAction\",\"target\":[\"https:\/\/b2b.calibereurope.com\/fr\/?post_type=product&p=503696\"]}]},{\"@type\":\"ImageObject\",\"inLanguage\":\"fr-FR\",\"@id\":\"https:\/\/b2b.calibereurope.com\/fr\/?post_type=product&p=503696#primaryimage\",\"url\":\"https:\/\/b2b.calibereurope.com\/wp-content\/uploads\/2024\/07\/21ea811debcdec1acda820b379585c02ff7c7842_PMT801DAB_BT_hang_nieuwe_DAB_logo_zonder_BT_logo-scaled.jpg\",\"contentUrl\":\"https:\/\/b2b.calibereurope.com\/wp-content\/uploads\/2024\/07\/21ea811debcdec1acda820b379585c02ff7c7842_PMT801DAB_BT_hang_nieuwe_DAB_logo_zonder_BT_logo-scaled.jpg\",\"width\":2404,\"height\":2560},{\"@type\":\"BreadcrumbList\",\"@id\":\"https:\/\/b2b.calibereurope.com\/fr\/?post_type=product&p=503696#breadcrumb\",\"itemListElement\":[{\"@type\":\"ListItem\",\"position\":1,\"name\":\"Home\",\"item\":\"https:\/\/b2b.calibereurope.com\/fr\/home\/\"},{\"@type\":\"ListItem\",\"position\":2,\"name\":\"Boutique\",\"item\":\"https:\/\/b2b.calibereurope.com\/fr\/boutique\/\"},{\"@type\":\"ListItem\",\"position\":3,\"name\":\"\u00c9metteur Fm avec DAB+ et kit de voiture &#8211; Noir (PMT801DAB-BT)\"}]},{\"@type\":\"WebSite\",\"@id\":\"https:\/\/b2b.calibereurope.com\/#website\",\"url\":\"https:\/\/b2b.calibereurope.com\/\",\"name\":\"Caliber Europe B.V.\",\"description\":\"B2B Webshop\",\"publisher\":{\"@id\":\"https:\/\/b2b.calibereurope.com\/#organization\"},\"potentialAction\":[{\"@type\":\"SearchAction\",\"target\":{\"@type\":\"EntryPoint\",\"urlTemplate\":\"https:\/\/b2b.calibereurope.com\/?s={search_term_string}\"},\"query-input\":{\"@type\":\"PropertyValueSpecification\",\"valueRequired\":true,\"valueName\":\"search_term_string\"}}],\"inLanguage\":\"fr-FR\"},{\"@type\":\"Organization\",\"@id\":\"https:\/\/b2b.calibereurope.com\/#organization\",\"name\":\"Caliber Europe B.V.\",\"url\":\"https:\/\/b2b.calibereurope.com\/\",\"logo\":{\"@type\":\"ImageObject\",\"inLanguage\":\"fr-FR\",\"@id\":\"https:\/\/b2b.calibereurope.com\/#\/schema\/logo\/image\/\",\"url\":\"https:\/\/b2b.calibereurope.com\/wp-content\/uploads\/2020\/12\/Caliber_Logo-Black.png\",\"contentUrl\":\"https:\/\/b2b.calibereurope.com\/wp-content\/uploads\/2020\/12\/Caliber_Logo-Black.png\",\"width\":3157,\"height\":356,\"caption\":\"Caliber Europe B.V.\"},\"image\":{\"@id\":\"https:\/\/b2b.calibereurope.com\/#\/schema\/logo\/image\/\"}}]}<\/script>\n<!-- \/ Yoast SEO plugin. -->","yoast_head_json":{"title":"\u00c9metteur FM \/ Transmetteur avec DAB+ Et kit voiture - Noir (PMT801DAB-BT) - Caliber Europe B.V.","robots":{"index":"noindex","follow":"follow","max-snippet":"max-snippet:-1","max-image-preview":"max-image-preview:large","max-video-preview":"max-video-preview:-1"},"og_locale":"fr_FR","og_type":"article","og_title":"\u00c9metteur FM \/ Transmetteur avec DAB+ Et kit voiture - Noir (PMT801DAB-BT) - Caliber Europe B.V.","og_description":"Avec le Caliber PMT801DAB-BT, vous pouvez \u00e9couter la radio dans la voiture avec une qualit\u00e9 sonore \u00e9lev\u00e9e. Vous pouvez \u00e9galement diffuser de la musique depuis votre smartphone via la technologie Bluetooth si vous avez un autoradio sans technologie Bluetooth. Cet \u00e9metteur transmet la musique via une fr\u00e9quence FM. Qualit\u00e9 DAB+DAB+ offre une meilleure qualit\u00e9 sonore [&hellip;]","og_url":"https:\/\/b2b.calibereurope.com\/fr\/?post_type=product&p=503696","og_site_name":"Caliber Europe B.V.","article_modified_time":"2024-12-26T18:01:36+00:00","og_image":[{"width":1024,"height":768,"url":"https:\/\/b2b.calibereurope.com\/wp-content\/uploads\/2021\/11\/ff800a25b636565e6176b5f465ac027c4f817ebe_PMT801DAB_BT_web.jpg","type":"image\/jpeg"}],"twitter_card":"summary_large_image","twitter_misc":{"Dur\u00e9e de lecture estim\u00e9e":"1 minute"},"schema":{"@context":"https:\/\/schema.org","@graph":[{"@type":"WebPage","@id":"https:\/\/b2b.calibereurope.com\/fr\/?post_type=product&p=503696","url":"https:\/\/b2b.calibereurope.com\/fr\/?post_type=product&p=503696","name":"\u00c9metteur FM \/ Transmetteur avec DAB+ Et kit voiture - Noir (PMT801DAB-BT) - Caliber Europe B.V.","isPartOf":{"@id":"https:\/\/b2b.calibereurope.com\/#website"},"primaryImageOfPage":{"@id":"https:\/\/b2b.calibereurope.com\/fr\/?post_type=product&p=503696#primaryimage"},"image":{"@id":"https:\/\/b2b.calibereurope.com\/fr\/?post_type=product&p=503696#primaryimage"},"thumbnailUrl":"https:\/\/b2b.calibereurope.com\/wp-content\/uploads\/2024\/07\/21ea811debcdec1acda820b379585c02ff7c7842_PMT801DAB_BT_hang_nieuwe_DAB_logo_zonder_BT_logo-scaled.jpg","datePublished":"2024-07-17T00:00:00+00:00","dateModified":"2024-12-26T18:01:36+00:00","breadcrumb":{"@id":"https:\/\/b2b.calibereurope.com\/fr\/?post_type=product&p=503696#breadcrumb"},"inLanguage":"fr-FR","potentialAction":[{"@type":"ReadAction","target":["https:\/\/b2b.calibereurope.com\/fr\/?post_type=product&p=503696"]}]},{"@type":"ImageObject","inLanguage":"fr-FR","@id":"https:\/\/b2b.calibereurope.com\/fr\/?post_type=product&p=503696#primaryimage","url":"https:\/\/b2b.calibereurope.com\/wp-content\/uploads\/2024\/07\/21ea811debcdec1acda820b379585c02ff7c7842_PMT801DAB_BT_hang_nieuwe_DAB_logo_zonder_BT_logo-scaled.jpg","contentUrl":"https:\/\/b2b.calibereurope.com\/wp-content\/uploads\/2024\/07\/21ea811debcdec1acda820b379585c02ff7c7842_PMT801DAB_BT_hang_nieuwe_DAB_logo_zonder_BT_logo-scaled.jpg","width":2404,"height":2560},{"@type":"BreadcrumbList","@id":"https:\/\/b2b.calibereurope.com\/fr\/?post_type=product&p=503696#breadcrumb","itemListElement":[{"@type":"ListItem","position":1,"name":"Home","item":"https:\/\/b2b.calibereurope.com\/fr\/home\/"},{"@type":"ListItem","position":2,"name":"Boutique","item":"https:\/\/b2b.calibereurope.com\/fr\/boutique\/"},{"@type":"ListItem","position":3,"name":"\u00c9metteur Fm avec DAB+ et kit de voiture &#8211; Noir (PMT801DAB-BT)"}]},{"@type":"WebSite","@id":"https:\/\/b2b.calibereurope.com\/#website","url":"https:\/\/b2b.calibereurope.com\/","name":"Caliber Europe B.V.","description":"B2B Webshop","publisher":{"@id":"https:\/\/b2b.calibereurope.com\/#organization"},"potentialAction":[{"@type":"SearchAction","target":{"@type":"EntryPoint","urlTemplate":"https:\/\/b2b.calibereurope.com\/?s={search_term_string}"},"query-input":{"@type":"PropertyValueSpecification","valueRequired":true,"valueName":"search_term_string"}}],"inLanguage":"fr-FR"},{"@type":"Organization","@id":"https:\/\/b2b.calibereurope.com\/#organization","name":"Caliber Europe B.V.","url":"https:\/\/b2b.calibereurope.com\/","logo":{"@type":"ImageObject","inLanguage":"fr-FR","@id":"https:\/\/b2b.calibereurope.com\/#\/schema\/logo\/image\/","url":"https:\/\/b2b.calibereurope.com\/wp-content\/uploads\/2020\/12\/Caliber_Logo-Black.png","contentUrl":"https:\/\/b2b.calibereurope.com\/wp-content\/uploads\/2020\/12\/Caliber_Logo-Black.png","width":3157,"height":356,"caption":"Caliber Europe B.V."},"image":{"@id":"https:\/\/b2b.calibereurope.com\/#\/schema\/logo\/image\/"}}]}},"_links":{"self":[{"href":"https:\/\/b2b.calibereurope.com\/fr\/wp-json\/wp\/v2\/product\/503696","targetHints":{"allow":["GET"]}}],"collection":[{"href":"https:\/\/b2b.calibereurope.com\/fr\/wp-json\/wp\/v2\/product"}],"about":[{"href":"https:\/\/b2b.calibereurope.com\/fr\/wp-json\/wp\/v2\/types\/product"}],"version-history":[{"count":0,"href":"https:\/\/b2b.calibereurope.com\/fr\/wp-json\/wp\/v2\/product\/503696\/revisions"}],"wp:featuredmedia":[{"embeddable":true,"href":"https:\/\/b2b.calibereurope.com\/fr\/wp-json\/wp\/v2\/media\/850564"}],"wp:attachment":[{"href":"https:\/\/b2b.calibereurope.com\/fr\/wp-json\/wp\/v2\/media?parent=503696"}],"wp:term":[{"taxonomy":"product_brand","embeddable":true,"href":"https:\/\/b2b.calibereurope.com\/fr\/wp-json\/wp\/v2\/product_brand?post=503696"},{"taxonomy":"product_cat","embeddable":true,"href":"https:\/\/b2b.calibereurope.com\/fr\/wp-json\/wp\/v2\/product_cat?post=503696"},{"taxonomy":"product_tag","embeddable":true,"href":"https:\/\/b2b.calibereurope.com\/fr\/wp-json\/wp\/v2\/product_tag?post=503696"}],"curies":[{"name":"wp","href":"https:\/\/api.w.org\/{rel}","templated":true}]}}