{"id":503780,"date":"2023-07-31T02:00:00","date_gmt":"2023-07-31T00:00:00","guid":{"rendered":""},"modified":"2025-02-20T14:13:32","modified_gmt":"2025-02-20T13:13:32","slug":"PS32-fr_FR","status":"publish","type":"product","link":"https:\/\/b2b.calibereurope.com\/fr\/produit\/PS32-fr_FR\/","title":{"rendered":"Carneteur de murs DVD DVD Car &#8211; Compatible avec MPD178, MPD278, MPD278T, MPD298 et MPD2010T &#8211; 230V (PS32)"},"content":{"rendered":"<p> Chargez vos joueurs de DVD de Caliber pour la voiture avec le chargeur mural PS32 de Caliber de <strong> 230 V <\/strong>. Gr\u00e2ce \u00e0 ce chargeur pratique, vous ne serez jamais de fa\u00e7on inattendue sans \u00eatre batterie <\/strong> sur la route. De cette fa\u00e7on, vous pouvez regarder vos vid\u00e9os ou films pr\u00e9f\u00e9r\u00e9s sur le lecteur DVD dans la voiture pendant des heures. Le c\u00e2ble de charge est <strong> adapt\u00e9 aux Calibers MPD178, MPD278, MPD278T, MPD298 et MPD2010T <\/strong>. Ces joueurs de DVD portables sont id\u00e9aux sur la route. Que vous soyez au camping, \u00e0 la maison, dans le parc ou dans la voiture: vous n&#39;avez plus jamais \u00e0 vous ennuyer. <\/p>\n<p> <strong> Propri\u00e9t\u00e9s: <\/strong> <\/p>\n<ul>\n<li> Adaptateur AC\n<li> Tension du secteur (230V)\n<li> Compatible avec MPD178, MPD278 , MPD278T, MPD298 et MPD2010T <\/li>\n<\/ul>\n<h3> charg\u00e9s sur la route <\/h3>\n<p> Regardez vos vid\u00e9os, films ou clips pr\u00e9f\u00e9r\u00e9s sur les lecteurs de DVD de Caliber pour la voiture. Les joueurs de DVD portables peuvent \u00eatre emmen\u00e9s dans le parc, dans la voiture ou dans les transports publics. Si vous voulez regarder des films ou des s\u00e9ries en cours de route, vous avez naturellement besoin d&#39;une batterie compl\u00e8te. Le chargeur mural fournit aux joueurs DVD une puissance suffisante, afin que vous puissiez para\u00eetre encore non perturb\u00e9. <\/p>\n<h3> Convient \u00e0 de nombreux mod\u00e8les <\/h3>\n<p> Le chargeur de mur de Caliber convient aux joueurs DVD MPD de Caliber. Ce sont les mod\u00e8les MPD178, MPD278, MPD278T, MPD298 et MPD2010T. Ces joueurs de DVD portables sont \u00e0 nouveau factur\u00e9s en un rien de temps avec ce chargeur de Caliber! <\/p>\n","protected":false},"excerpt":{"rendered":"<p>Chargez vos joueurs de DVD de Caliber pour la voiture avec le chargeur mural PS32 de Caliber de 230 V . Gr\u00e2ce \u00e0 ce chargeur pratique, vous ne serez jamais de fa\u00e7on inattendue sans \u00eatre batterie sur la route. De cette fa\u00e7on, vous pouvez regarder vos vid\u00e9os ou films pr\u00e9f\u00e9r\u00e9s sur le lecteur DVD dans [&hellip;]<\/p>\n","protected":false},"featured_media":831770,"template":"","meta":{"_acf_changed":false,"site-sidebar-layout":"default","site-content-layout":"","ast-site-content-layout":"default","site-content-style":"default","site-sidebar-style":"default","ast-global-header-display":"","ast-banner-title-visibility":"","ast-main-header-display":"","ast-hfb-above-header-display":"","ast-hfb-below-header-display":"","ast-hfb-mobile-header-display":"","site-post-title":"","ast-breadcrumbs-content":"","ast-featured-img":"","footer-sml-layout":"","theme-transparent-header-meta":"","adv-header-id-meta":"","stick-header-meta":"","header-above-stick-meta":"","header-main-stick-meta":"","header-below-stick-meta":"","astra-migrate-meta-layouts":"default","ast-page-background-enabled":"default","ast-page-background-meta":{"desktop":{"background-color":"","background-image":"","background-repeat":"repeat","background-position":"center center","background-size":"auto","background-attachment":"scroll","background-type":"","background-media":"","overlay-type":"","overlay-color":"","overlay-opacity":"","overlay-gradient":""},"tablet":{"background-color":"","background-image":"","background-repeat":"repeat","background-position":"center center","background-size":"auto","background-attachment":"scroll","background-type":"","background-media":"","overlay-type":"","overlay-color":"","overlay-opacity":"","overlay-gradient":""},"mobile":{"background-color":"","background-image":"","background-repeat":"repeat","background-position":"center center","background-size":"auto","background-attachment":"scroll","background-type":"","background-media":"","overlay-type":"","overlay-color":"","overlay-opacity":"","overlay-gradient":""}},"ast-content-background-meta":{"desktop":{"background-color":"var(--ast-global-color-5)","background-image":"","background-repeat":"repeat","background-position":"center center","background-size":"auto","background-attachment":"scroll","background-type":"","background-media":"","overlay-type":"","overlay-color":"","overlay-opacity":"","overlay-gradient":""},"tablet":{"background-color":"var(--ast-global-color-5)","background-image":"","background-repeat":"repeat","background-position":"center center","background-size":"auto","background-attachment":"scroll","background-type":"","background-media":"","overlay-type":"","overlay-color":"","overlay-opacity":"","overlay-gradient":""},"mobile":{"background-color":"var(--ast-global-color-5)","background-image":"","background-repeat":"repeat","background-position":"center center","background-size":"auto","background-attachment":"scroll","background-type":"","background-media":"","overlay-type":"","overlay-color":"","overlay-opacity":"","overlay-gradient":""}}},"product_brand":[],"product_cat":[22955],"product_tag":[],"class_list":{"0":"post-503780","1":"product","2":"type-product","3":"status-publish","4":"has-post-thumbnail","6":"product_cat-pas-de-categorie","7":"desktop-align-center","8":"tablet-align-center","9":"mobile-align-center","10":"ast-product-gallery-layout-horizontal","11":"ast-product-tabs-layout-horizontal","13":"first","14":"instock","15":"taxable","16":"shipping-taxable","17":"purchasable","18":"product-type-simple"},"acf":[],"yoast_head":"<!-- This site is optimized with the Yoast SEO plugin v26.5 - https:\/\/yoast.com\/wordpress\/plugins\/seo\/ -->\n<title>Carneteur de murs DVD DVD Car - Compatible avec MPD178, MPD278, MPD278T, MPD298 et MPD2010T - 230V (PS32) - Caliber Europe B.V.<\/title>\n<meta name=\"robots\" content=\"noindex, follow, max-snippet:-1, max-image-preview:large, max-video-preview:-1\" \/>\n<meta property=\"og:locale\" content=\"fr_FR\" \/>\n<meta property=\"og:type\" content=\"article\" \/>\n<meta property=\"og:title\" content=\"Carneteur de murs DVD DVD Car - Compatible avec MPD178, MPD278, MPD278T, MPD298 et MPD2010T - 230V (PS32) - Caliber Europe B.V.\" \/>\n<meta property=\"og:description\" content=\"Chargez vos joueurs de DVD de Caliber pour la voiture avec le chargeur mural PS32 de Caliber de 230 V . Gr\u00e2ce \u00e0 ce chargeur pratique, vous ne serez jamais de fa\u00e7on inattendue sans \u00eatre batterie sur la route. De cette fa\u00e7on, vous pouvez regarder vos vid\u00e9os ou films pr\u00e9f\u00e9r\u00e9s sur le lecteur DVD dans [&hellip;]\" \/>\n<meta property=\"og:url\" content=\"https:\/\/b2b.calibereurope.com\/fr\/produit\/ps32-fr_fr\/\" \/>\n<meta property=\"og:site_name\" content=\"Caliber Europe B.V.\" \/>\n<meta property=\"article:modified_time\" content=\"2025-02-20T13:13:32+00:00\" \/>\n<meta property=\"og:image\" content=\"https:\/\/b2b.calibereurope.com\/wp-content\/uploads\/2021\/09\/25d0f630145914b3b9c29510c498051cb3019bc2_ps32.jpg\" \/>\n\t<meta property=\"og:image:width\" content=\"550\" \/>\n\t<meta property=\"og:image:height\" content=\"413\" \/>\n\t<meta property=\"og:image:type\" content=\"image\/jpeg\" \/>\n<meta name=\"twitter:card\" content=\"summary_large_image\" \/>\n<meta name=\"twitter:label1\" content=\"Dur\u00e9e de lecture estim\u00e9e\" \/>\n\t<meta name=\"twitter:data1\" content=\"1 minute\" \/>\n<script type=\"application\/ld+json\" class=\"yoast-schema-graph\">{\"@context\":\"https:\/\/schema.org\",\"@graph\":[{\"@type\":\"WebPage\",\"@id\":\"https:\/\/b2b.calibereurope.com\/fr\/produit\/ps32-fr_fr\/\",\"url\":\"https:\/\/b2b.calibereurope.com\/fr\/produit\/ps32-fr_fr\/\",\"name\":\"Carneteur de murs DVD DVD Car - Compatible avec MPD178, MPD278, MPD278T, MPD298 et MPD2010T - 230V (PS32) - Caliber Europe B.V.\",\"isPartOf\":{\"@id\":\"https:\/\/b2b.calibereurope.com\/#website\"},\"primaryImageOfPage\":{\"@id\":\"https:\/\/b2b.calibereurope.com\/fr\/produit\/ps32-fr_fr\/#primaryimage\"},\"image\":{\"@id\":\"https:\/\/b2b.calibereurope.com\/fr\/produit\/ps32-fr_fr\/#primaryimage\"},\"thumbnailUrl\":\"https:\/\/b2b.calibereurope.com\/wp-content\/uploads\/2023\/07\/25d0f630145914b3b9c29510c498051cb3019bc2_ps32.jpg\",\"datePublished\":\"2023-07-31T00:00:00+00:00\",\"dateModified\":\"2025-02-20T13:13:32+00:00\",\"breadcrumb\":{\"@id\":\"https:\/\/b2b.calibereurope.com\/fr\/produit\/ps32-fr_fr\/#breadcrumb\"},\"inLanguage\":\"fr-FR\",\"potentialAction\":[{\"@type\":\"ReadAction\",\"target\":[\"https:\/\/b2b.calibereurope.com\/fr\/produit\/ps32-fr_fr\/\"]}]},{\"@type\":\"ImageObject\",\"inLanguage\":\"fr-FR\",\"@id\":\"https:\/\/b2b.calibereurope.com\/fr\/produit\/ps32-fr_fr\/#primaryimage\",\"url\":\"https:\/\/b2b.calibereurope.com\/wp-content\/uploads\/2023\/07\/25d0f630145914b3b9c29510c498051cb3019bc2_ps32.jpg\",\"contentUrl\":\"https:\/\/b2b.calibereurope.com\/wp-content\/uploads\/2023\/07\/25d0f630145914b3b9c29510c498051cb3019bc2_ps32.jpg\",\"width\":550,\"height\":413},{\"@type\":\"BreadcrumbList\",\"@id\":\"https:\/\/b2b.calibereurope.com\/fr\/produit\/ps32-fr_fr\/#breadcrumb\",\"itemListElement\":[{\"@type\":\"ListItem\",\"position\":1,\"name\":\"Home\",\"item\":\"https:\/\/b2b.calibereurope.com\/fr\/home\/\"},{\"@type\":\"ListItem\",\"position\":2,\"name\":\"Boutique\",\"item\":\"https:\/\/b2b.calibereurope.com\/fr\/boutique\/\"},{\"@type\":\"ListItem\",\"position\":3,\"name\":\"Alimentation 220V pour Caliber Portable Dvd MPD Series (PS32)\"}]},{\"@type\":\"WebSite\",\"@id\":\"https:\/\/b2b.calibereurope.com\/#website\",\"url\":\"https:\/\/b2b.calibereurope.com\/\",\"name\":\"Caliber Europe B.V.\",\"description\":\"B2B Webshop\",\"publisher\":{\"@id\":\"https:\/\/b2b.calibereurope.com\/#organization\"},\"potentialAction\":[{\"@type\":\"SearchAction\",\"target\":{\"@type\":\"EntryPoint\",\"urlTemplate\":\"https:\/\/b2b.calibereurope.com\/?s={search_term_string}\"},\"query-input\":{\"@type\":\"PropertyValueSpecification\",\"valueRequired\":true,\"valueName\":\"search_term_string\"}}],\"inLanguage\":\"fr-FR\"},{\"@type\":\"Organization\",\"@id\":\"https:\/\/b2b.calibereurope.com\/#organization\",\"name\":\"Caliber Europe B.V.\",\"url\":\"https:\/\/b2b.calibereurope.com\/\",\"logo\":{\"@type\":\"ImageObject\",\"inLanguage\":\"fr-FR\",\"@id\":\"https:\/\/b2b.calibereurope.com\/#\/schema\/logo\/image\/\",\"url\":\"https:\/\/b2b.calibereurope.com\/wp-content\/uploads\/2020\/12\/Caliber_Logo-Black.png\",\"contentUrl\":\"https:\/\/b2b.calibereurope.com\/wp-content\/uploads\/2020\/12\/Caliber_Logo-Black.png\",\"width\":3157,\"height\":356,\"caption\":\"Caliber Europe B.V.\"},\"image\":{\"@id\":\"https:\/\/b2b.calibereurope.com\/#\/schema\/logo\/image\/\"}}]}<\/script>\n<!-- \/ Yoast SEO plugin. -->","yoast_head_json":{"title":"Carneteur de murs DVD DVD Car - Compatible avec MPD178, MPD278, MPD278T, MPD298 et MPD2010T - 230V (PS32) - Caliber Europe B.V.","robots":{"index":"noindex","follow":"follow","max-snippet":"max-snippet:-1","max-image-preview":"max-image-preview:large","max-video-preview":"max-video-preview:-1"},"og_locale":"fr_FR","og_type":"article","og_title":"Carneteur de murs DVD DVD Car - Compatible avec MPD178, MPD278, MPD278T, MPD298 et MPD2010T - 230V (PS32) - Caliber Europe B.V.","og_description":"Chargez vos joueurs de DVD de Caliber pour la voiture avec le chargeur mural PS32 de Caliber de 230 V . Gr\u00e2ce \u00e0 ce chargeur pratique, vous ne serez jamais de fa\u00e7on inattendue sans \u00eatre batterie sur la route. De cette fa\u00e7on, vous pouvez regarder vos vid\u00e9os ou films pr\u00e9f\u00e9r\u00e9s sur le lecteur DVD dans [&hellip;]","og_url":"https:\/\/b2b.calibereurope.com\/fr\/produit\/ps32-fr_fr\/","og_site_name":"Caliber Europe B.V.","article_modified_time":"2025-02-20T13:13:32+00:00","og_image":[{"width":550,"height":413,"url":"https:\/\/b2b.calibereurope.com\/wp-content\/uploads\/2021\/09\/25d0f630145914b3b9c29510c498051cb3019bc2_ps32.jpg","type":"image\/jpeg"}],"twitter_card":"summary_large_image","twitter_misc":{"Dur\u00e9e de lecture estim\u00e9e":"1 minute"},"schema":{"@context":"https:\/\/schema.org","@graph":[{"@type":"WebPage","@id":"https:\/\/b2b.calibereurope.com\/fr\/produit\/ps32-fr_fr\/","url":"https:\/\/b2b.calibereurope.com\/fr\/produit\/ps32-fr_fr\/","name":"Carneteur de murs DVD DVD Car - Compatible avec MPD178, MPD278, MPD278T, MPD298 et MPD2010T - 230V (PS32) - Caliber Europe B.V.","isPartOf":{"@id":"https:\/\/b2b.calibereurope.com\/#website"},"primaryImageOfPage":{"@id":"https:\/\/b2b.calibereurope.com\/fr\/produit\/ps32-fr_fr\/#primaryimage"},"image":{"@id":"https:\/\/b2b.calibereurope.com\/fr\/produit\/ps32-fr_fr\/#primaryimage"},"thumbnailUrl":"https:\/\/b2b.calibereurope.com\/wp-content\/uploads\/2023\/07\/25d0f630145914b3b9c29510c498051cb3019bc2_ps32.jpg","datePublished":"2023-07-31T00:00:00+00:00","dateModified":"2025-02-20T13:13:32+00:00","breadcrumb":{"@id":"https:\/\/b2b.calibereurope.com\/fr\/produit\/ps32-fr_fr\/#breadcrumb"},"inLanguage":"fr-FR","potentialAction":[{"@type":"ReadAction","target":["https:\/\/b2b.calibereurope.com\/fr\/produit\/ps32-fr_fr\/"]}]},{"@type":"ImageObject","inLanguage":"fr-FR","@id":"https:\/\/b2b.calibereurope.com\/fr\/produit\/ps32-fr_fr\/#primaryimage","url":"https:\/\/b2b.calibereurope.com\/wp-content\/uploads\/2023\/07\/25d0f630145914b3b9c29510c498051cb3019bc2_ps32.jpg","contentUrl":"https:\/\/b2b.calibereurope.com\/wp-content\/uploads\/2023\/07\/25d0f630145914b3b9c29510c498051cb3019bc2_ps32.jpg","width":550,"height":413},{"@type":"BreadcrumbList","@id":"https:\/\/b2b.calibereurope.com\/fr\/produit\/ps32-fr_fr\/#breadcrumb","itemListElement":[{"@type":"ListItem","position":1,"name":"Home","item":"https:\/\/b2b.calibereurope.com\/fr\/home\/"},{"@type":"ListItem","position":2,"name":"Boutique","item":"https:\/\/b2b.calibereurope.com\/fr\/boutique\/"},{"@type":"ListItem","position":3,"name":"Alimentation 220V pour Caliber Portable Dvd MPD Series (PS32)"}]},{"@type":"WebSite","@id":"https:\/\/b2b.calibereurope.com\/#website","url":"https:\/\/b2b.calibereurope.com\/","name":"Caliber Europe B.V.","description":"B2B Webshop","publisher":{"@id":"https:\/\/b2b.calibereurope.com\/#organization"},"potentialAction":[{"@type":"SearchAction","target":{"@type":"EntryPoint","urlTemplate":"https:\/\/b2b.calibereurope.com\/?s={search_term_string}"},"query-input":{"@type":"PropertyValueSpecification","valueRequired":true,"valueName":"search_term_string"}}],"inLanguage":"fr-FR"},{"@type":"Organization","@id":"https:\/\/b2b.calibereurope.com\/#organization","name":"Caliber Europe B.V.","url":"https:\/\/b2b.calibereurope.com\/","logo":{"@type":"ImageObject","inLanguage":"fr-FR","@id":"https:\/\/b2b.calibereurope.com\/#\/schema\/logo\/image\/","url":"https:\/\/b2b.calibereurope.com\/wp-content\/uploads\/2020\/12\/Caliber_Logo-Black.png","contentUrl":"https:\/\/b2b.calibereurope.com\/wp-content\/uploads\/2020\/12\/Caliber_Logo-Black.png","width":3157,"height":356,"caption":"Caliber Europe B.V."},"image":{"@id":"https:\/\/b2b.calibereurope.com\/#\/schema\/logo\/image\/"}}]}},"_links":{"self":[{"href":"https:\/\/b2b.calibereurope.com\/fr\/wp-json\/wp\/v2\/product\/503780","targetHints":{"allow":["GET"]}}],"collection":[{"href":"https:\/\/b2b.calibereurope.com\/fr\/wp-json\/wp\/v2\/product"}],"about":[{"href":"https:\/\/b2b.calibereurope.com\/fr\/wp-json\/wp\/v2\/types\/product"}],"version-history":[{"count":0,"href":"https:\/\/b2b.calibereurope.com\/fr\/wp-json\/wp\/v2\/product\/503780\/revisions"}],"wp:featuredmedia":[{"embeddable":true,"href":"https:\/\/b2b.calibereurope.com\/fr\/wp-json\/wp\/v2\/media\/831770"}],"wp:attachment":[{"href":"https:\/\/b2b.calibereurope.com\/fr\/wp-json\/wp\/v2\/media?parent=503780"}],"wp:term":[{"taxonomy":"product_brand","embeddable":true,"href":"https:\/\/b2b.calibereurope.com\/fr\/wp-json\/wp\/v2\/product_brand?post=503780"},{"taxonomy":"product_cat","embeddable":true,"href":"https:\/\/b2b.calibereurope.com\/fr\/wp-json\/wp\/v2\/product_cat?post=503780"},{"taxonomy":"product_tag","embeddable":true,"href":"https:\/\/b2b.calibereurope.com\/fr\/wp-json\/wp\/v2\/product_tag?post=503780"}],"curies":[{"name":"wp","href":"https:\/\/api.w.org\/{rel}","templated":true}]}}