{"id":503836,"date":"2025-12-04T01:00:00","date_gmt":"2025-12-04T00:00:00","guid":{"rendered":"0"},"modified":"2026-03-25T14:04:09","modified_gmt":"2026-03-25T13:04:09","slug":"HPG317R-fr_FR","status":"publish","type":"product","link":"https:\/\/b2b.calibereurope.com\/fr\/produit\/HPG317R-fr_FR\/","title":{"rendered":"Radio Portable &#8211; Piles ou Cordon d&rsquo;Alimentation &#8211; Radio AM\/FM avec Poign\u00e9e et Prise casque (HPG317R)"},"content":{"rendered":"<p>Avec la radio portable Caliber HPG317R, vous pouvez \u00e9couter vos stations de radio pr\u00e9f\u00e9r\u00e9es en toute tranquillit\u00e9. La radio est dot\u00e9e d&#39;un <strong>design r\u00e9tro <\/strong>, tr\u00e8s cool, ce qui en fait un v\u00e9ritable accroche-regard dans n&#39;importe quel salon. Gr\u00e2ce \u00e0 la <strong>poign\u00e9e pratique<\/strong> vous pouvez facilement emporter la radio partout. La radio <strong>AM ou FM<\/strong> fonctionne via un <strong>c\u00e2ble d\u2019alimentation<\/strong>. C&#39;est pratique lorsque vous utilisez la radio \u00e0 la maison. En outre, la radio peut \u00e9galement \u00eatre utilis\u00e9e avec 4 <strong>piles<\/strong> CLR14, ce qui est tr\u00e8s pratique en d\u00e9placement. Gr\u00e2ce \u00e0 <strong>prise casque<\/strong>, la vous pouvez \u00e9galement utiliser des \u00e9couteurs. <\/p>\n<p><strong>Caract\u00e9ristiques :<\/strong><\/p>\n<ul>\n<li>Radio FM-\/AM- <\/li>\n<li>Design r\u00e9tro <\/li>\n<li>Indicateur d&#39;alimentation LED <\/li>\n<li>Fonctionne sur 230V ou 4 piles lr14 <\/li>\n<li>Antenne t\u00e9lescopique en m\u00e9tal <\/li>\n<li>Avec poign\u00e9e <\/li>\n<li>Prise casque 3,5 mm <\/li>\n<li>Son mono 3W <\/li>\n<\/ul>\n<h3>Radio portable qui eut \u00eatre utilis\u00e9e partout <\/h3>\n<p>La radio portable est extr\u00eamement polyvalente. Vous pouvez alimenter la radio \u00e0 la maison gr\u00e2ce au cordon d&#39;alimentation. Il suffit de le brancher et de profiter de votre musique pr\u00e9f\u00e9r\u00e9e tous les jours. Vous souhaitez emporter la radio FM avec vous pour profiter de vos stations pr\u00e9f\u00e9r\u00e9es en d\u00e9placement ? Vous pouvez alors ins\u00e9rer quatre piles CLR14 dans la radio. Elles vous permettent de profiter de vos stations pr\u00e9f\u00e9r\u00e9es ou locales sur la route, au parc ou au camping. <\/p>\n<h3>Radio facile \u00e0 transporter <\/h3>\n<p>La radio est dot\u00e9e d&#39;une poign\u00e9e pratique sur le dessus. Cette poign\u00e9e solide permet d&#39;emporter facilement la radio partout. Comme la radio ne p\u00e8se que 810 grammes, l&#39;emporter avec vous ne pose aucun probl\u00e8me. Vous pr\u00e9f\u00e9rez \u00e9couter la radio en toute tranquillit\u00e9 ? Utilisez alors la prise casque pour l\u2019\u00e9couter avec des \u00e9couteurs ou des oreillettes.  <\/p>\n<h3>Radio portable au design r\u00e9tro<\/h3>\n<p>La radio pr\u00e9sente un design r\u00e9tro unique. Elle attire donc les regards dans n&#39;importe quel salon ou chambre \u00e0 coucher. Vous pouvez \u00e9galement impressionner lors d&#39;une soir\u00e9e costum\u00e9e avec cette radio FM portable avec antenne. Mettez-vous dans l&#39;ambiance des ann\u00e9es 80 ou 90 et apportez la musique avec vous !<\/p>\n","protected":false},"excerpt":{"rendered":"<ul>\n<li>Radio FM-\/AM-<\/li>\n<li>Design r\u00e9tro<\/li>\n<li>Indicateur d&rsquo;alimentation LED<\/li>\n<li>Fonctionne sur 230V ou 4 piles lr14<\/li>\n<li>Antenne t\u00e9lescopique en m\u00e9tal<\/li>\n<li>Avec poign\u00e9e<\/li>\n<li>Prise casque 3,5 mm<\/li>\n<li>Son mono 3W<\/li>\n<\/ul>\n","protected":false},"featured_media":869522,"template":"","meta":{"_acf_changed":false,"site-sidebar-layout":"default","site-content-layout":"","ast-site-content-layout":"default","site-content-style":"default","site-sidebar-style":"default","ast-global-header-display":"","ast-banner-title-visibility":"","ast-main-header-display":"","ast-hfb-above-header-display":"","ast-hfb-below-header-display":"","ast-hfb-mobile-header-display":"","site-post-title":"","ast-breadcrumbs-content":"","ast-featured-img":"","footer-sml-layout":"","theme-transparent-header-meta":"","adv-header-id-meta":"","stick-header-meta":"","header-above-stick-meta":"","header-main-stick-meta":"","header-below-stick-meta":"","astra-migrate-meta-layouts":"default","ast-page-background-enabled":"default","ast-page-background-meta":{"desktop":{"background-color":"","background-image":"","background-repeat":"repeat","background-position":"center center","background-size":"auto","background-attachment":"scroll","background-type":"","background-media":"","overlay-type":"","overlay-color":"","overlay-opacity":"","overlay-gradient":""},"tablet":{"background-color":"","background-image":"","background-repeat":"repeat","background-position":"center center","background-size":"auto","background-attachment":"scroll","background-type":"","background-media":"","overlay-type":"","overlay-color":"","overlay-opacity":"","overlay-gradient":""},"mobile":{"background-color":"","background-image":"","background-repeat":"repeat","background-position":"center center","background-size":"auto","background-attachment":"scroll","background-type":"","background-media":"","overlay-type":"","overlay-color":"","overlay-opacity":"","overlay-gradient":""}},"ast-content-background-meta":{"desktop":{"background-color":"var(--ast-global-color-5)","background-image":"","background-repeat":"repeat","background-position":"center center","background-size":"auto","background-attachment":"scroll","background-type":"","background-media":"","overlay-type":"","overlay-color":"","overlay-opacity":"","overlay-gradient":""},"tablet":{"background-color":"var(--ast-global-color-5)","background-image":"","background-repeat":"repeat","background-position":"center center","background-size":"auto","background-attachment":"scroll","background-type":"","background-media":"","overlay-type":"","overlay-color":"","overlay-opacity":"","overlay-gradient":""},"mobile":{"background-color":"var(--ast-global-color-5)","background-image":"","background-repeat":"repeat","background-position":"center center","background-size":"auto","background-attachment":"scroll","background-type":"","background-media":"","overlay-type":"","overlay-color":"","overlay-opacity":"","overlay-gradient":""}}},"product_brand":[],"product_cat":[22955],"product_tag":[],"class_list":{"0":"post-503836","1":"product","2":"type-product","3":"status-publish","4":"has-post-thumbnail","6":"product_cat-pas-de-categorie","7":"desktop-align-center","8":"tablet-align-center","9":"mobile-align-center","10":"ast-product-gallery-layout-horizontal","11":"ast-product-gallery-with-no-image","12":"ast-product-tabs-layout-horizontal","14":"first","15":"instock","16":"taxable","17":"shipping-taxable","18":"purchasable","19":"product-type-simple"},"acf":[],"yoast_head":"<!-- This site is optimized with the Yoast SEO plugin v26.5 - https:\/\/yoast.com\/wordpress\/plugins\/seo\/ -->\n<title>Radio Portable - Piles ou Cordon d&#039;Alimentation - Radio AM\/FM avec Poign\u00e9e et Prise casque (HPG317R) - Caliber Europe B.V.<\/title>\n<meta name=\"robots\" content=\"noindex, follow, max-snippet:-1, max-image-preview:large, max-video-preview:-1\" \/>\n<meta property=\"og:locale\" content=\"fr_FR\" \/>\n<meta property=\"og:type\" content=\"article\" \/>\n<meta property=\"og:title\" content=\"Radio Portable - Piles ou Cordon d&#039;Alimentation - Radio AM\/FM avec Poign\u00e9e et Prise casque (HPG317R) - Caliber Europe B.V.\" \/>\n<meta property=\"og:description\" content=\"Radio FM-\/AM-Design r\u00e9troIndicateur d&#039;alimentation LEDFonctionne sur 230V ou 4 piles lr14Antenne t\u00e9lescopique en m\u00e9talAvec poign\u00e9ePrise casque 3,5 mmSon mono 3W\" \/>\n<meta property=\"og:url\" content=\"https:\/\/b2b.calibereurope.com\/fr\/produit\/hpg317r-fr_fr\/\" \/>\n<meta property=\"og:site_name\" content=\"Caliber Europe B.V.\" \/>\n<meta property=\"article:modified_time\" content=\"2026-03-25T13:04:09+00:00\" \/>\n<meta property=\"og:image\" content=\"https:\/\/b2b.calibereurope.com\/wp-content\/uploads\/2021\/11\/81dd76d237b3576887e7ede315b84757bfdc9caf_HPG317R.jpg\" \/>\n\t<meta property=\"og:image:width\" content=\"768\" \/>\n\t<meta property=\"og:image:height\" content=\"576\" \/>\n\t<meta property=\"og:image:type\" content=\"image\/jpeg\" \/>\n<meta name=\"twitter:card\" content=\"summary_large_image\" \/>\n<meta name=\"twitter:label1\" content=\"Dur\u00e9e de lecture estim\u00e9e\" \/>\n\t<meta name=\"twitter:data1\" content=\"2 minutes\" \/>\n<script type=\"application\/ld+json\" class=\"yoast-schema-graph\">{\"@context\":\"https:\/\/schema.org\",\"@graph\":[{\"@type\":\"WebPage\",\"@id\":\"https:\/\/b2b.calibereurope.com\/fr\/produit\/hpg317r-fr_fr\/\",\"url\":\"https:\/\/b2b.calibereurope.com\/fr\/produit\/hpg317r-fr_fr\/\",\"name\":\"Radio Portable - Piles ou Cordon d'Alimentation - Radio AM\/FM avec Poign\u00e9e et Prise casque (HPG317R) - Caliber Europe B.V.\",\"isPartOf\":{\"@id\":\"https:\/\/b2b.calibereurope.com\/#website\"},\"primaryImageOfPage\":{\"@id\":\"https:\/\/b2b.calibereurope.com\/fr\/produit\/hpg317r-fr_fr\/#primaryimage\"},\"image\":{\"@id\":\"https:\/\/b2b.calibereurope.com\/fr\/produit\/hpg317r-fr_fr\/#primaryimage\"},\"thumbnailUrl\":\"https:\/\/b2b.calibereurope.com\/wp-content\/uploads\/2025\/12\/613967de50ff27825ef8af8cb3c4ed4216e1a56d_HPG317R-4.jpg\",\"datePublished\":\"2025-12-04T00:00:00+00:00\",\"dateModified\":\"2026-03-25T13:04:09+00:00\",\"breadcrumb\":{\"@id\":\"https:\/\/b2b.calibereurope.com\/fr\/produit\/hpg317r-fr_fr\/#breadcrumb\"},\"inLanguage\":\"fr-FR\",\"potentialAction\":[{\"@type\":\"ReadAction\",\"target\":[\"https:\/\/b2b.calibereurope.com\/fr\/produit\/hpg317r-fr_fr\/\"]}]},{\"@type\":\"ImageObject\",\"inLanguage\":\"fr-FR\",\"@id\":\"https:\/\/b2b.calibereurope.com\/fr\/produit\/hpg317r-fr_fr\/#primaryimage\",\"url\":\"https:\/\/b2b.calibereurope.com\/wp-content\/uploads\/2025\/12\/613967de50ff27825ef8af8cb3c4ed4216e1a56d_HPG317R-4.jpg\",\"contentUrl\":\"https:\/\/b2b.calibereurope.com\/wp-content\/uploads\/2025\/12\/613967de50ff27825ef8af8cb3c4ed4216e1a56d_HPG317R-4.jpg\",\"width\":2500,\"height\":2500},{\"@type\":\"BreadcrumbList\",\"@id\":\"https:\/\/b2b.calibereurope.com\/fr\/produit\/hpg317r-fr_fr\/#breadcrumb\",\"itemListElement\":[{\"@type\":\"ListItem\",\"position\":1,\"name\":\"Home\",\"item\":\"https:\/\/b2b.calibereurope.com\/fr\/home\/\"},{\"@type\":\"ListItem\",\"position\":2,\"name\":\"Boutique\",\"item\":\"https:\/\/b2b.calibereurope.com\/fr\/boutique\/\"},{\"@type\":\"ListItem\",\"position\":3,\"name\":\"Radio AM FM portable &#8211; Gris\/Noir (HPG317R)\"}]},{\"@type\":\"WebSite\",\"@id\":\"https:\/\/b2b.calibereurope.com\/#website\",\"url\":\"https:\/\/b2b.calibereurope.com\/\",\"name\":\"Caliber Europe B.V.\",\"description\":\"B2B Webshop\",\"publisher\":{\"@id\":\"https:\/\/b2b.calibereurope.com\/#organization\"},\"potentialAction\":[{\"@type\":\"SearchAction\",\"target\":{\"@type\":\"EntryPoint\",\"urlTemplate\":\"https:\/\/b2b.calibereurope.com\/?s={search_term_string}\"},\"query-input\":{\"@type\":\"PropertyValueSpecification\",\"valueRequired\":true,\"valueName\":\"search_term_string\"}}],\"inLanguage\":\"fr-FR\"},{\"@type\":\"Organization\",\"@id\":\"https:\/\/b2b.calibereurope.com\/#organization\",\"name\":\"Caliber Europe B.V.\",\"url\":\"https:\/\/b2b.calibereurope.com\/\",\"logo\":{\"@type\":\"ImageObject\",\"inLanguage\":\"fr-FR\",\"@id\":\"https:\/\/b2b.calibereurope.com\/#\/schema\/logo\/image\/\",\"url\":\"https:\/\/b2b.calibereurope.com\/wp-content\/uploads\/2020\/12\/Caliber_Logo-Black.png\",\"contentUrl\":\"https:\/\/b2b.calibereurope.com\/wp-content\/uploads\/2020\/12\/Caliber_Logo-Black.png\",\"width\":3157,\"height\":356,\"caption\":\"Caliber Europe B.V.\"},\"image\":{\"@id\":\"https:\/\/b2b.calibereurope.com\/#\/schema\/logo\/image\/\"}}]}<\/script>\n<!-- \/ Yoast SEO plugin. -->","yoast_head_json":{"title":"Radio Portable - Piles ou Cordon d'Alimentation - Radio AM\/FM avec Poign\u00e9e et Prise casque (HPG317R) - Caliber Europe B.V.","robots":{"index":"noindex","follow":"follow","max-snippet":"max-snippet:-1","max-image-preview":"max-image-preview:large","max-video-preview":"max-video-preview:-1"},"og_locale":"fr_FR","og_type":"article","og_title":"Radio Portable - Piles ou Cordon d'Alimentation - Radio AM\/FM avec Poign\u00e9e et Prise casque (HPG317R) - Caliber Europe B.V.","og_description":"Radio FM-\/AM-Design r\u00e9troIndicateur d'alimentation LEDFonctionne sur 230V ou 4 piles lr14Antenne t\u00e9lescopique en m\u00e9talAvec poign\u00e9ePrise casque 3,5 mmSon mono 3W","og_url":"https:\/\/b2b.calibereurope.com\/fr\/produit\/hpg317r-fr_fr\/","og_site_name":"Caliber Europe B.V.","article_modified_time":"2026-03-25T13:04:09+00:00","og_image":[{"width":768,"height":576,"url":"https:\/\/b2b.calibereurope.com\/wp-content\/uploads\/2021\/11\/81dd76d237b3576887e7ede315b84757bfdc9caf_HPG317R.jpg","type":"image\/jpeg"}],"twitter_card":"summary_large_image","twitter_misc":{"Dur\u00e9e de lecture estim\u00e9e":"2 minutes"},"schema":{"@context":"https:\/\/schema.org","@graph":[{"@type":"WebPage","@id":"https:\/\/b2b.calibereurope.com\/fr\/produit\/hpg317r-fr_fr\/","url":"https:\/\/b2b.calibereurope.com\/fr\/produit\/hpg317r-fr_fr\/","name":"Radio Portable - Piles ou Cordon d'Alimentation - Radio AM\/FM avec Poign\u00e9e et Prise casque (HPG317R) - Caliber Europe B.V.","isPartOf":{"@id":"https:\/\/b2b.calibereurope.com\/#website"},"primaryImageOfPage":{"@id":"https:\/\/b2b.calibereurope.com\/fr\/produit\/hpg317r-fr_fr\/#primaryimage"},"image":{"@id":"https:\/\/b2b.calibereurope.com\/fr\/produit\/hpg317r-fr_fr\/#primaryimage"},"thumbnailUrl":"https:\/\/b2b.calibereurope.com\/wp-content\/uploads\/2025\/12\/613967de50ff27825ef8af8cb3c4ed4216e1a56d_HPG317R-4.jpg","datePublished":"2025-12-04T00:00:00+00:00","dateModified":"2026-03-25T13:04:09+00:00","breadcrumb":{"@id":"https:\/\/b2b.calibereurope.com\/fr\/produit\/hpg317r-fr_fr\/#breadcrumb"},"inLanguage":"fr-FR","potentialAction":[{"@type":"ReadAction","target":["https:\/\/b2b.calibereurope.com\/fr\/produit\/hpg317r-fr_fr\/"]}]},{"@type":"ImageObject","inLanguage":"fr-FR","@id":"https:\/\/b2b.calibereurope.com\/fr\/produit\/hpg317r-fr_fr\/#primaryimage","url":"https:\/\/b2b.calibereurope.com\/wp-content\/uploads\/2025\/12\/613967de50ff27825ef8af8cb3c4ed4216e1a56d_HPG317R-4.jpg","contentUrl":"https:\/\/b2b.calibereurope.com\/wp-content\/uploads\/2025\/12\/613967de50ff27825ef8af8cb3c4ed4216e1a56d_HPG317R-4.jpg","width":2500,"height":2500},{"@type":"BreadcrumbList","@id":"https:\/\/b2b.calibereurope.com\/fr\/produit\/hpg317r-fr_fr\/#breadcrumb","itemListElement":[{"@type":"ListItem","position":1,"name":"Home","item":"https:\/\/b2b.calibereurope.com\/fr\/home\/"},{"@type":"ListItem","position":2,"name":"Boutique","item":"https:\/\/b2b.calibereurope.com\/fr\/boutique\/"},{"@type":"ListItem","position":3,"name":"Radio AM FM portable &#8211; Gris\/Noir (HPG317R)"}]},{"@type":"WebSite","@id":"https:\/\/b2b.calibereurope.com\/#website","url":"https:\/\/b2b.calibereurope.com\/","name":"Caliber Europe B.V.","description":"B2B Webshop","publisher":{"@id":"https:\/\/b2b.calibereurope.com\/#organization"},"potentialAction":[{"@type":"SearchAction","target":{"@type":"EntryPoint","urlTemplate":"https:\/\/b2b.calibereurope.com\/?s={search_term_string}"},"query-input":{"@type":"PropertyValueSpecification","valueRequired":true,"valueName":"search_term_string"}}],"inLanguage":"fr-FR"},{"@type":"Organization","@id":"https:\/\/b2b.calibereurope.com\/#organization","name":"Caliber Europe B.V.","url":"https:\/\/b2b.calibereurope.com\/","logo":{"@type":"ImageObject","inLanguage":"fr-FR","@id":"https:\/\/b2b.calibereurope.com\/#\/schema\/logo\/image\/","url":"https:\/\/b2b.calibereurope.com\/wp-content\/uploads\/2020\/12\/Caliber_Logo-Black.png","contentUrl":"https:\/\/b2b.calibereurope.com\/wp-content\/uploads\/2020\/12\/Caliber_Logo-Black.png","width":3157,"height":356,"caption":"Caliber Europe B.V."},"image":{"@id":"https:\/\/b2b.calibereurope.com\/#\/schema\/logo\/image\/"}}]}},"_links":{"self":[{"href":"https:\/\/b2b.calibereurope.com\/fr\/wp-json\/wp\/v2\/product\/503836","targetHints":{"allow":["GET"]}}],"collection":[{"href":"https:\/\/b2b.calibereurope.com\/fr\/wp-json\/wp\/v2\/product"}],"about":[{"href":"https:\/\/b2b.calibereurope.com\/fr\/wp-json\/wp\/v2\/types\/product"}],"version-history":[{"count":0,"href":"https:\/\/b2b.calibereurope.com\/fr\/wp-json\/wp\/v2\/product\/503836\/revisions"}],"wp:featuredmedia":[{"embeddable":true,"href":"https:\/\/b2b.calibereurope.com\/fr\/wp-json\/wp\/v2\/media\/869522"}],"wp:attachment":[{"href":"https:\/\/b2b.calibereurope.com\/fr\/wp-json\/wp\/v2\/media?parent=503836"}],"wp:term":[{"taxonomy":"product_brand","embeddable":true,"href":"https:\/\/b2b.calibereurope.com\/fr\/wp-json\/wp\/v2\/product_brand?post=503836"},{"taxonomy":"product_cat","embeddable":true,"href":"https:\/\/b2b.calibereurope.com\/fr\/wp-json\/wp\/v2\/product_cat?post=503836"},{"taxonomy":"product_tag","embeddable":true,"href":"https:\/\/b2b.calibereurope.com\/fr\/wp-json\/wp\/v2\/product_tag?post=503836"}],"curies":[{"name":"wp","href":"https:\/\/api.w.org\/{rel}","templated":true}]}}