{"id":504484,"date":"2023-11-28T01:00:00","date_gmt":"2023-11-28T00:00:00","guid":{"rendered":""},"modified":"2024-12-18T12:11:55","modified_gmt":"2024-12-18T11:11:55","slug":"HWC404-fr_FR","status":"publish","type":"product","link":"https:\/\/b2b.calibereurope.com\/fr\/produit\/HWC404-fr_FR\/","title":{"rendered":"Cam\u00e9ra de Surveillance Ext\u00e9rieure &#8211; Wifi &#8211; Application Caliber Smart Home &#8211; Vision Nocturne &#8211; Full HD &#8211; \u00c9tanche (HWC404)"},"content":{"rendered":"<p>l\u2019 <strong> application gratuite Caliber Smart Home <\/strong>. <strong> Les photos, les enregistrements et les notifications<\/strong>  sont envoy\u00e9s sur votre t\u00e9l\u00e9phone <strong> via <strong>Wifi<\/strong>, de sorte que vous \u00eates toujours au courant de ce qui se passe \u00e0 l&#39;ext\u00e9rieur <\/strong>. Gr\u00e2ce \u00e0 la <strong> d\u00e9tection de mouvement <\/strong>, les <strong> les LED blanches du projecteur <\/strong> s&#39;allument au bon moment. Cette cam\u00e9ra ext\u00e9rieure fiable est <strong> avec vision nocturne <\/strong> est <strong> \u00e9tanche <\/strong> et poss\u00e8de un <strong> bo\u00eetier m\u00e9tallique solide <\/strong>. <\/p>\n<p> <strong> Caract\u00e9ristiques :  <\/strong> <\/p>\n<ul>\n<li> Cam\u00e9ra Full HD 1080P\n<li> Contr\u00f4le via l&#39;application gratuite Smart Home\n<li> \u00c9tanche (IP66)\n<li> Bo\u00eetier m\u00e9tallique\n<li> Enregistrement automatique, photos et notifications\n<li> Convient pour une carte SD de 128 Go\n<li> Anti-hacker (ISO27017:2015)\n<li> Spot LED blanc avec d\u00e9tection de mouvement\n<li> Vision nocturne jusqu&#39;\u00e0 15 m\u00e8tres\n<li> Connexion via Wifi ou c\u00e2blage UTP Gardez un \u0153il sur tout\n<li> Alimentation secteur 230V <\/li>\n<\/ul>\n<h3>Gardez tout \u00e0 l\u2019\u0153il gr\u00e2ce \u00e0 la cam\u00e9ra de surveillance<\/h3>\n<p> Assurez-vous que votre maison soit toujours surveill\u00e9e et que les cambriolages soient \u00e9vit\u00e9s. La cam\u00e9ra de surveillance ext\u00e9rieure garde un \u0153il sur la zone que vous avez choisie et la surveille par vid\u00e9o. Les s\u00e9quences vid\u00e9o peuvent \u00eatre stock\u00e9es pendant 15 jours sur une carte SD de 128 Go, ce qui vous permet de revoir les s\u00e9quences r\u00e9centes \u00e0 tout moment. La carte SD n&#39;est pas incluse avec cette cam\u00e9ra de surveillance. La fonction de d\u00e9tection de mouvement vous avertit via l&#39;appli lorsqu&#39;un mouvement est d\u00e9tect\u00e9. Vous pouvez ensuite visionner les enregistrements et les photos pour voir ce qui se passe \u00e0 l&#39;ext\u00e9rieur de votre maison. <\/p>\n<h3> La cam\u00e9ra de surveillance est un gardien fiable <\/h3>\n<p> La cam\u00e9ra ext\u00e9rieure avec vision nocturne est une cam\u00e9ra de surveillance robuste. Le bo\u00eetier m\u00e9tallique est enti\u00e8rement r\u00e9glable par montage \u00e0 bille, ce qui vous permet de le monter n&#39;importe o\u00f9. La cam\u00e9ra est r\u00e9sistante \u00e0 l&#39;eau, de sorte qu&#39;elle survivra sans probl\u00e8me \u00e0 une pluie ou \u00e0 un orage, m\u00eame intense. La cam\u00e9ra ext\u00e9rieure fonctionne sans fil via Wifi et une application. Les images de votre cam\u00e9ra sont transmises en toute s\u00e9curit\u00e9 via le r\u00e9seau Wifi. La cam\u00e9ra de s\u00e9curit\u00e9 est \u00e0 l&#39;\u00e9preuve du piratage. <\/p>\n<h3> La cam\u00e9ra de surveillance vous offre la meilleure vue <\/h3>\n<p> La cam\u00e9ra d&#39;ext\u00e9rieur fournit non seulement des images d&#39;une grande nettet\u00e9 le jour gr\u00e2ce \u00e0 sa cam\u00e9ra Full HD 1080P, mais aussi des images claires la nuit. C&#39;est gr\u00e2ce au fait que vous b\u00e9n\u00e9ficiez d\u2019une vision nocturne jusqu&#39;\u00e0 15 m\u00e8tres. Gr\u00e2ce au filtre IR-cut int\u00e9gr\u00e9, vous b\u00e9n\u00e9ficiez d&#39;une vision nocturne optimale et vous ne souffrez pas de reflets de couleur. <\/p>\n<p> <strong> Inclus : <\/strong> <\/p>\n<ul>\n<li>Caliber HWC404\n<li> Adaptateur mural\n<li> C\u00e2ble de 3 m\u00e8tres<br \/>\n","protected":false},"excerpt":{"rendered":"<p>l\u2019 application gratuite Caliber Smart Home . Les photos, les enregistrements et les notifications sont envoy\u00e9s sur votre t\u00e9l\u00e9phone via Wifi, de sorte que vous \u00eates toujours au courant de ce qui se passe \u00e0 l&#39;ext\u00e9rieur . Gr\u00e2ce \u00e0 la d\u00e9tection de mouvement , les les LED blanches du projecteur s&#39;allument au bon moment. Cette [&hellip;]<\/p>\n","protected":false},"featured_media":839579,"template":"","meta":{"_acf_changed":false,"site-sidebar-layout":"default","site-content-layout":"","ast-site-content-layout":"default","site-content-style":"default","site-sidebar-style":"default","ast-global-header-display":"","ast-banner-title-visibility":"","ast-main-header-display":"","ast-hfb-above-header-display":"","ast-hfb-below-header-display":"","ast-hfb-mobile-header-display":"","site-post-title":"","ast-breadcrumbs-content":"","ast-featured-img":"","footer-sml-layout":"","theme-transparent-header-meta":"","adv-header-id-meta":"","stick-header-meta":"","header-above-stick-meta":"","header-main-stick-meta":"","header-below-stick-meta":"","astra-migrate-meta-layouts":"default","ast-page-background-enabled":"default","ast-page-background-meta":{"desktop":{"background-color":"","background-image":"","background-repeat":"repeat","background-position":"center center","background-size":"auto","background-attachment":"scroll","background-type":"","background-media":"","overlay-type":"","overlay-color":"","overlay-opacity":"","overlay-gradient":""},"tablet":{"background-color":"","background-image":"","background-repeat":"repeat","background-position":"center center","background-size":"auto","background-attachment":"scroll","background-type":"","background-media":"","overlay-type":"","overlay-color":"","overlay-opacity":"","overlay-gradient":""},"mobile":{"background-color":"","background-image":"","background-repeat":"repeat","background-position":"center center","background-size":"auto","background-attachment":"scroll","background-type":"","background-media":"","overlay-type":"","overlay-color":"","overlay-opacity":"","overlay-gradient":""}},"ast-content-background-meta":{"desktop":{"background-color":"var(--ast-global-color-5)","background-image":"","background-repeat":"repeat","background-position":"center center","background-size":"auto","background-attachment":"scroll","background-type":"","background-media":"","overlay-type":"","overlay-color":"","overlay-opacity":"","overlay-gradient":""},"tablet":{"background-color":"var(--ast-global-color-5)","background-image":"","background-repeat":"repeat","background-position":"center center","background-size":"auto","background-attachment":"scroll","background-type":"","background-media":"","overlay-type":"","overlay-color":"","overlay-opacity":"","overlay-gradient":""},"mobile":{"background-color":"var(--ast-global-color-5)","background-image":"","background-repeat":"repeat","background-position":"center center","background-size":"auto","background-attachment":"scroll","background-type":"","background-media":"","overlay-type":"","overlay-color":"","overlay-opacity":"","overlay-gradient":""}}},"product_brand":[],"product_cat":[22955],"product_tag":[],"class_list":{"0":"post-504484","1":"product","2":"type-product","3":"status-publish","4":"has-post-thumbnail","6":"product_cat-pas-de-categorie","7":"desktop-align-center","8":"tablet-align-center","9":"mobile-align-center","10":"ast-product-gallery-layout-horizontal","11":"ast-product-tabs-layout-horizontal","13":"first","14":"instock","15":"taxable","16":"shipping-taxable","17":"purchasable","18":"product-type-simple"},"acf":[],"yoast_head":"<!-- This site is optimized with the Yoast SEO plugin v26.5 - https:\/\/yoast.com\/wordpress\/plugins\/seo\/ -->\n<title>Cam\u00e9ra de Surveillance Ext\u00e9rieure - Wifi - Application Caliber Smart Home - Vision Nocturne - Full HD - \u00c9tanche (HWC404) - Caliber Europe B.V.<\/title>\n<meta name=\"robots\" content=\"noindex, follow, max-snippet:-1, max-image-preview:large, max-video-preview:-1\" \/>\n<meta property=\"og:locale\" content=\"fr_FR\" \/>\n<meta property=\"og:type\" content=\"article\" \/>\n<meta property=\"og:title\" content=\"Cam\u00e9ra de Surveillance Ext\u00e9rieure - Wifi - Application Caliber Smart Home - Vision Nocturne - Full HD - \u00c9tanche (HWC404) - Caliber Europe B.V.\" \/>\n<meta property=\"og:description\" content=\"l\u2019 application gratuite Caliber Smart Home . Les photos, les enregistrements et les notifications sont envoy\u00e9s sur votre t\u00e9l\u00e9phone via Wifi, de sorte que vous \u00eates toujours au courant de ce qui se passe \u00e0 l&#039;ext\u00e9rieur . Gr\u00e2ce \u00e0 la d\u00e9tection de mouvement , les les LED blanches du projecteur s&#039;allument au bon moment. Cette [&hellip;]\" \/>\n<meta property=\"og:url\" content=\"https:\/\/b2b.calibereurope.com\/fr\/produit\/hwc404-fr_fr\/\" \/>\n<meta property=\"og:site_name\" content=\"Caliber Europe B.V.\" \/>\n<meta property=\"article:modified_time\" content=\"2024-12-18T11:11:55+00:00\" \/>\n<meta property=\"og:image\" content=\"https:\/\/b2b.calibereurope.com\/wp-content\/uploads\/2021\/09\/22df645fd2571ded9578394e06599a98e96e5be6_HWC404.jpg\" \/>\n\t<meta property=\"og:image:width\" content=\"1024\" \/>\n\t<meta property=\"og:image:height\" content=\"768\" \/>\n\t<meta property=\"og:image:type\" content=\"image\/jpeg\" \/>\n<meta name=\"twitter:card\" content=\"summary_large_image\" \/>\n<meta name=\"twitter:label1\" content=\"Dur\u00e9e de lecture estim\u00e9e\" \/>\n\t<meta name=\"twitter:data1\" content=\"2 minutes\" \/>\n<script type=\"application\/ld+json\" class=\"yoast-schema-graph\">{\"@context\":\"https:\/\/schema.org\",\"@graph\":[{\"@type\":\"WebPage\",\"@id\":\"https:\/\/b2b.calibereurope.com\/fr\/produit\/hwc404-fr_fr\/\",\"url\":\"https:\/\/b2b.calibereurope.com\/fr\/produit\/hwc404-fr_fr\/\",\"name\":\"Cam\u00e9ra de Surveillance Ext\u00e9rieure - Wifi - Application Caliber Smart Home - Vision Nocturne - Full HD - \u00c9tanche (HWC404) - Caliber Europe B.V.\",\"isPartOf\":{\"@id\":\"https:\/\/b2b.calibereurope.com\/#website\"},\"primaryImageOfPage\":{\"@id\":\"https:\/\/b2b.calibereurope.com\/fr\/produit\/hwc404-fr_fr\/#primaryimage\"},\"image\":{\"@id\":\"https:\/\/b2b.calibereurope.com\/fr\/produit\/hwc404-fr_fr\/#primaryimage\"},\"thumbnailUrl\":\"https:\/\/b2b.calibereurope.com\/wp-content\/uploads\/2023\/11\/22df645fd2571ded9578394e06599a98e96e5be6_HWC404.jpg\",\"datePublished\":\"2023-11-28T00:00:00+00:00\",\"dateModified\":\"2024-12-18T11:11:55+00:00\",\"breadcrumb\":{\"@id\":\"https:\/\/b2b.calibereurope.com\/fr\/produit\/hwc404-fr_fr\/#breadcrumb\"},\"inLanguage\":\"fr-FR\",\"potentialAction\":[{\"@type\":\"ReadAction\",\"target\":[\"https:\/\/b2b.calibereurope.com\/fr\/produit\/hwc404-fr_fr\/\"]}]},{\"@type\":\"ImageObject\",\"inLanguage\":\"fr-FR\",\"@id\":\"https:\/\/b2b.calibereurope.com\/fr\/produit\/hwc404-fr_fr\/#primaryimage\",\"url\":\"https:\/\/b2b.calibereurope.com\/wp-content\/uploads\/2023\/11\/22df645fd2571ded9578394e06599a98e96e5be6_HWC404.jpg\",\"contentUrl\":\"https:\/\/b2b.calibereurope.com\/wp-content\/uploads\/2023\/11\/22df645fd2571ded9578394e06599a98e96e5be6_HWC404.jpg\",\"width\":1024,\"height\":768},{\"@type\":\"BreadcrumbList\",\"@id\":\"https:\/\/b2b.calibereurope.com\/fr\/produit\/hwc404-fr_fr\/#breadcrumb\",\"itemListElement\":[{\"@type\":\"ListItem\",\"position\":1,\"name\":\"Home\",\"item\":\"https:\/\/b2b.calibereurope.com\/fr\/home\/\"},{\"@type\":\"ListItem\",\"position\":2,\"name\":\"Boutique\",\"item\":\"https:\/\/b2b.calibereurope.com\/fr\/boutique\/\"},{\"@type\":\"ListItem\",\"position\":3,\"name\":\"Appareil photo intelligent avec spots LED (HWC404)\"}]},{\"@type\":\"WebSite\",\"@id\":\"https:\/\/b2b.calibereurope.com\/#website\",\"url\":\"https:\/\/b2b.calibereurope.com\/\",\"name\":\"Caliber Europe B.V.\",\"description\":\"B2B Webshop\",\"publisher\":{\"@id\":\"https:\/\/b2b.calibereurope.com\/#organization\"},\"potentialAction\":[{\"@type\":\"SearchAction\",\"target\":{\"@type\":\"EntryPoint\",\"urlTemplate\":\"https:\/\/b2b.calibereurope.com\/?s={search_term_string}\"},\"query-input\":{\"@type\":\"PropertyValueSpecification\",\"valueRequired\":true,\"valueName\":\"search_term_string\"}}],\"inLanguage\":\"fr-FR\"},{\"@type\":\"Organization\",\"@id\":\"https:\/\/b2b.calibereurope.com\/#organization\",\"name\":\"Caliber Europe B.V.\",\"url\":\"https:\/\/b2b.calibereurope.com\/\",\"logo\":{\"@type\":\"ImageObject\",\"inLanguage\":\"fr-FR\",\"@id\":\"https:\/\/b2b.calibereurope.com\/#\/schema\/logo\/image\/\",\"url\":\"https:\/\/b2b.calibereurope.com\/wp-content\/uploads\/2020\/12\/Caliber_Logo-Black.png\",\"contentUrl\":\"https:\/\/b2b.calibereurope.com\/wp-content\/uploads\/2020\/12\/Caliber_Logo-Black.png\",\"width\":3157,\"height\":356,\"caption\":\"Caliber Europe B.V.\"},\"image\":{\"@id\":\"https:\/\/b2b.calibereurope.com\/#\/schema\/logo\/image\/\"}}]}<\/script>\n<!-- \/ Yoast SEO plugin. -->","yoast_head_json":{"title":"Cam\u00e9ra de Surveillance Ext\u00e9rieure - Wifi - Application Caliber Smart Home - Vision Nocturne - Full HD - \u00c9tanche (HWC404) - Caliber Europe B.V.","robots":{"index":"noindex","follow":"follow","max-snippet":"max-snippet:-1","max-image-preview":"max-image-preview:large","max-video-preview":"max-video-preview:-1"},"og_locale":"fr_FR","og_type":"article","og_title":"Cam\u00e9ra de Surveillance Ext\u00e9rieure - Wifi - Application Caliber Smart Home - Vision Nocturne - Full HD - \u00c9tanche (HWC404) - Caliber Europe B.V.","og_description":"l\u2019 application gratuite Caliber Smart Home . Les photos, les enregistrements et les notifications sont envoy\u00e9s sur votre t\u00e9l\u00e9phone via Wifi, de sorte que vous \u00eates toujours au courant de ce qui se passe \u00e0 l&#39;ext\u00e9rieur . Gr\u00e2ce \u00e0 la d\u00e9tection de mouvement , les les LED blanches du projecteur s&#39;allument au bon moment. Cette [&hellip;]","og_url":"https:\/\/b2b.calibereurope.com\/fr\/produit\/hwc404-fr_fr\/","og_site_name":"Caliber Europe B.V.","article_modified_time":"2024-12-18T11:11:55+00:00","og_image":[{"width":1024,"height":768,"url":"https:\/\/b2b.calibereurope.com\/wp-content\/uploads\/2021\/09\/22df645fd2571ded9578394e06599a98e96e5be6_HWC404.jpg","type":"image\/jpeg"}],"twitter_card":"summary_large_image","twitter_misc":{"Dur\u00e9e de lecture estim\u00e9e":"2 minutes"},"schema":{"@context":"https:\/\/schema.org","@graph":[{"@type":"WebPage","@id":"https:\/\/b2b.calibereurope.com\/fr\/produit\/hwc404-fr_fr\/","url":"https:\/\/b2b.calibereurope.com\/fr\/produit\/hwc404-fr_fr\/","name":"Cam\u00e9ra de Surveillance Ext\u00e9rieure - Wifi - Application Caliber Smart Home - Vision Nocturne - Full HD - \u00c9tanche (HWC404) - Caliber Europe B.V.","isPartOf":{"@id":"https:\/\/b2b.calibereurope.com\/#website"},"primaryImageOfPage":{"@id":"https:\/\/b2b.calibereurope.com\/fr\/produit\/hwc404-fr_fr\/#primaryimage"},"image":{"@id":"https:\/\/b2b.calibereurope.com\/fr\/produit\/hwc404-fr_fr\/#primaryimage"},"thumbnailUrl":"https:\/\/b2b.calibereurope.com\/wp-content\/uploads\/2023\/11\/22df645fd2571ded9578394e06599a98e96e5be6_HWC404.jpg","datePublished":"2023-11-28T00:00:00+00:00","dateModified":"2024-12-18T11:11:55+00:00","breadcrumb":{"@id":"https:\/\/b2b.calibereurope.com\/fr\/produit\/hwc404-fr_fr\/#breadcrumb"},"inLanguage":"fr-FR","potentialAction":[{"@type":"ReadAction","target":["https:\/\/b2b.calibereurope.com\/fr\/produit\/hwc404-fr_fr\/"]}]},{"@type":"ImageObject","inLanguage":"fr-FR","@id":"https:\/\/b2b.calibereurope.com\/fr\/produit\/hwc404-fr_fr\/#primaryimage","url":"https:\/\/b2b.calibereurope.com\/wp-content\/uploads\/2023\/11\/22df645fd2571ded9578394e06599a98e96e5be6_HWC404.jpg","contentUrl":"https:\/\/b2b.calibereurope.com\/wp-content\/uploads\/2023\/11\/22df645fd2571ded9578394e06599a98e96e5be6_HWC404.jpg","width":1024,"height":768},{"@type":"BreadcrumbList","@id":"https:\/\/b2b.calibereurope.com\/fr\/produit\/hwc404-fr_fr\/#breadcrumb","itemListElement":[{"@type":"ListItem","position":1,"name":"Home","item":"https:\/\/b2b.calibereurope.com\/fr\/home\/"},{"@type":"ListItem","position":2,"name":"Boutique","item":"https:\/\/b2b.calibereurope.com\/fr\/boutique\/"},{"@type":"ListItem","position":3,"name":"Appareil photo intelligent avec spots LED (HWC404)"}]},{"@type":"WebSite","@id":"https:\/\/b2b.calibereurope.com\/#website","url":"https:\/\/b2b.calibereurope.com\/","name":"Caliber Europe B.V.","description":"B2B Webshop","publisher":{"@id":"https:\/\/b2b.calibereurope.com\/#organization"},"potentialAction":[{"@type":"SearchAction","target":{"@type":"EntryPoint","urlTemplate":"https:\/\/b2b.calibereurope.com\/?s={search_term_string}"},"query-input":{"@type":"PropertyValueSpecification","valueRequired":true,"valueName":"search_term_string"}}],"inLanguage":"fr-FR"},{"@type":"Organization","@id":"https:\/\/b2b.calibereurope.com\/#organization","name":"Caliber Europe B.V.","url":"https:\/\/b2b.calibereurope.com\/","logo":{"@type":"ImageObject","inLanguage":"fr-FR","@id":"https:\/\/b2b.calibereurope.com\/#\/schema\/logo\/image\/","url":"https:\/\/b2b.calibereurope.com\/wp-content\/uploads\/2020\/12\/Caliber_Logo-Black.png","contentUrl":"https:\/\/b2b.calibereurope.com\/wp-content\/uploads\/2020\/12\/Caliber_Logo-Black.png","width":3157,"height":356,"caption":"Caliber Europe B.V."},"image":{"@id":"https:\/\/b2b.calibereurope.com\/#\/schema\/logo\/image\/"}}]}},"_links":{"self":[{"href":"https:\/\/b2b.calibereurope.com\/fr\/wp-json\/wp\/v2\/product\/504484","targetHints":{"allow":["GET"]}}],"collection":[{"href":"https:\/\/b2b.calibereurope.com\/fr\/wp-json\/wp\/v2\/product"}],"about":[{"href":"https:\/\/b2b.calibereurope.com\/fr\/wp-json\/wp\/v2\/types\/product"}],"version-history":[{"count":0,"href":"https:\/\/b2b.calibereurope.com\/fr\/wp-json\/wp\/v2\/product\/504484\/revisions"}],"wp:featuredmedia":[{"embeddable":true,"href":"https:\/\/b2b.calibereurope.com\/fr\/wp-json\/wp\/v2\/media\/839579"}],"wp:attachment":[{"href":"https:\/\/b2b.calibereurope.com\/fr\/wp-json\/wp\/v2\/media?parent=504484"}],"wp:term":[{"taxonomy":"product_brand","embeddable":true,"href":"https:\/\/b2b.calibereurope.com\/fr\/wp-json\/wp\/v2\/product_brand?post=504484"},{"taxonomy":"product_cat","embeddable":true,"href":"https:\/\/b2b.calibereurope.com\/fr\/wp-json\/wp\/v2\/product_cat?post=504484"},{"taxonomy":"product_tag","embeddable":true,"href":"https:\/\/b2b.calibereurope.com\/fr\/wp-json\/wp\/v2\/product_tag?post=504484"}],"curies":[{"name":"wp","href":"https:\/\/api.w.org\/{rel}","templated":true}]}}