{"id":504632,"date":"2025-10-07T02:00:00","date_gmt":"2025-10-07T00:00:00","guid":{"rendered":""},"modified":"2026-01-16T12:41:24","modified_gmt":"2026-01-16T11:41:24","slug":"HWC102PT-fr_FR","status":"publish","type":"product","link":"https:\/\/b2b.calibereurope.com\/fr\/produit\/HWC102PT-fr_FR\/","title":{"rendered":"Cam\u00e9ra Wifi &#8211; Sans Fil &#8211; Pan Tilt &#8211; D\u00e9tecteur de Mouvement &#8211; Cam\u00e9ra Connect\u00e9e &#8211; Blanc (HWC102PT)"},"content":{"rendered":"<p> Avec la cam\u00e9ra wifi Caliber HWC102PT, votre maison est plus s\u00fbre que jamais. Cette cam\u00e9ra d&#39;int\u00e9rieur <strong> commence automatiquement \u00e0 enregistrer <\/strong> d\u00e8s qu&#39;un mouvement est d\u00e9tect\u00e9. Combinez la cam\u00e9ra int\u00e9rieure avec <strong> l&#39;application gratuite Caliber Smart Home <\/strong> et les diff\u00e9rents dispositifs connect\u00e9s Caliber, tels que les ampoules connect\u00e9es. Ainsi, vous pouvez r\u00e9gler les lumi\u00e8res connect\u00e9es pour qu&#39;elles s&#39;allument en cas de visiteurs ind\u00e9sirables. M\u00eame dans <strong> l&#39;obscurit\u00e9, l&#39;image est claire jusqu&#39;\u00e0 10 m\u00e8tres <\/strong> gr\u00e2ce \u00e0 <strong> la cam\u00e9ra infrarouge \u00e0 LED.<\/strong> Gr\u00e2ce au <strong> micro et au haut-parleur int\u00e9gr\u00e9s,  <\/strong> vous pouvez facilement communiquer avec les visiteurs. <\/p>\n<p> <strong> Caract\u00e9ristiques : <\/strong> <\/p>\n<ul>\n<li> \u00e0 utiliser avec l&#39;application Caliber Smart Home\n<li>  D\u00e9tecte et suit les mouvements\n<li> LED infrarouge\n<li> Qualit\u00e9 d&#39;image Full HD (1080P)\n<li> \u00e0 utiliser avec une carte Micro SD (128 Go)\n<li> Microphone int\u00e9gr\u00e9\n<li> Fonction de marche\n<li> Base pliable\n<li> Fonction d&#39;inclinaison panoramique\n<li> Connexion via wifi <\/li>\n<\/ul>\n<h3> La cam\u00e9ra de surveillance vous permet de visualiser vos objets de valeur <\/h3>\n<p> Que vous partiez en vacances ou que vous laissiez votre animal seul \u00e0 la maison : pour beaucoup, il est agr\u00e9able de savoir ce qui se passe chez soi en son absence. La cam\u00e9ra wifi sert donc de s\u00e9curit\u00e9 pour vos proches et vos biens. D\u00e8s que la cam\u00e9ra int\u00e9rieure d\u00e9tecte un mouvement, elle commence \u00e0 enregistrer. Gr\u00e2ce \u00e0 l&#39;application Caliber Smart Home, vous avez toujours une vue sur ce qui se passe chez vous, m\u00eame dans l&#39;obscurit\u00e9. <\/p>\n<h3> La cam\u00e9ra de surveillance comprend des fonctions intelligentes <\/h3>\n<p> Cette cam\u00e9ra d&#39;int\u00e9rieur connect\u00e9e utilise l&#39;internet sans fil. L&#39;appareil est dot\u00e9 d&#39;une base pliable et d&#39;un micro et d&#39;un c\u00e2ble de haut-parleur int\u00e9gr\u00e9s. En outre, la cam\u00e9ra d&#39;int\u00e9rieur peut pivoter en fonction des mouvements d\u00e9tect\u00e9s gr\u00e2ce \u00e0 sa fonction pan tilt. Les enregistrements sont sauvegard\u00e9s sur une carte micro SD de 128 Go. <\/p>\n<h3> La cam\u00e9ra de surveillance permet de communiquer en direct <\/h3>\n<p> Avec cette cam\u00e9ra d&#39;int\u00e9rieur avec wifi, vous gardez un \u0153il sur tout. Gr\u00e2ce au signal wifi, cette cam\u00e9ra wifi connect\u00e9e reste connect\u00e9e \u00e0 l&#39;application Caliber Smart Home et \u00e0 divers produits connect\u00e9s. La cam\u00e9ra wifi d&#39;int\u00e9rieur est sans fil et compatible avec Google et Alexa. Vous voulez communiquer avec quelqu&#39;un \u00e0 la maison, comme par exemple un enfant ou un bricoleur ? Alors communiquez en direct via l&#39;application, gr\u00e2ce au micro int\u00e9gr\u00e9. <\/p>\n","protected":false},"excerpt":{"rendered":"<p>Avec la cam\u00e9ra wifi Caliber HWC102PT, votre maison est plus s\u00fbre que jamais. Cette cam\u00e9ra d&#39;int\u00e9rieur commence automatiquement \u00e0 enregistrer d\u00e8s qu&#39;un mouvement est d\u00e9tect\u00e9. Combinez la cam\u00e9ra int\u00e9rieure avec l&#39;application gratuite Caliber Smart Home et les diff\u00e9rents dispositifs connect\u00e9s Caliber, tels que les ampoules connect\u00e9es. Ainsi, vous pouvez r\u00e9gler les lumi\u00e8res connect\u00e9es pour qu&#39;elles [&hellip;]<\/p>\n","protected":false},"featured_media":859272,"template":"","meta":{"_acf_changed":false,"site-sidebar-layout":"default","site-content-layout":"","ast-site-content-layout":"default","site-content-style":"default","site-sidebar-style":"default","ast-global-header-display":"","ast-banner-title-visibility":"","ast-main-header-display":"","ast-hfb-above-header-display":"","ast-hfb-below-header-display":"","ast-hfb-mobile-header-display":"","site-post-title":"","ast-breadcrumbs-content":"","ast-featured-img":"","footer-sml-layout":"","theme-transparent-header-meta":"","adv-header-id-meta":"","stick-header-meta":"","header-above-stick-meta":"","header-main-stick-meta":"","header-below-stick-meta":"","astra-migrate-meta-layouts":"default","ast-page-background-enabled":"default","ast-page-background-meta":{"desktop":{"background-color":"","background-image":"","background-repeat":"repeat","background-position":"center center","background-size":"auto","background-attachment":"scroll","background-type":"","background-media":"","overlay-type":"","overlay-color":"","overlay-opacity":"","overlay-gradient":""},"tablet":{"background-color":"","background-image":"","background-repeat":"repeat","background-position":"center center","background-size":"auto","background-attachment":"scroll","background-type":"","background-media":"","overlay-type":"","overlay-color":"","overlay-opacity":"","overlay-gradient":""},"mobile":{"background-color":"","background-image":"","background-repeat":"repeat","background-position":"center center","background-size":"auto","background-attachment":"scroll","background-type":"","background-media":"","overlay-type":"","overlay-color":"","overlay-opacity":"","overlay-gradient":""}},"ast-content-background-meta":{"desktop":{"background-color":"var(--ast-global-color-5)","background-image":"","background-repeat":"repeat","background-position":"center center","background-size":"auto","background-attachment":"scroll","background-type":"","background-media":"","overlay-type":"","overlay-color":"","overlay-opacity":"","overlay-gradient":""},"tablet":{"background-color":"var(--ast-global-color-5)","background-image":"","background-repeat":"repeat","background-position":"center center","background-size":"auto","background-attachment":"scroll","background-type":"","background-media":"","overlay-type":"","overlay-color":"","overlay-opacity":"","overlay-gradient":""},"mobile":{"background-color":"var(--ast-global-color-5)","background-image":"","background-repeat":"repeat","background-position":"center center","background-size":"auto","background-attachment":"scroll","background-type":"","background-media":"","overlay-type":"","overlay-color":"","overlay-opacity":"","overlay-gradient":""}}},"product_brand":[],"product_cat":[22955],"product_tag":[],"class_list":{"0":"post-504632","1":"product","2":"type-product","3":"status-publish","4":"has-post-thumbnail","6":"product_cat-pas-de-categorie","7":"desktop-align-center","8":"tablet-align-center","9":"mobile-align-center","10":"ast-product-gallery-layout-horizontal","11":"ast-product-tabs-layout-horizontal","13":"first","14":"outofstock","15":"taxable","16":"shipping-taxable","17":"purchasable","18":"product-type-simple"},"acf":[],"yoast_head":"<!-- This site is optimized with the Yoast SEO plugin v26.5 - https:\/\/yoast.com\/wordpress\/plugins\/seo\/ -->\n<title>Cam\u00e9ra Wifi - Sans Fil - Pan Tilt - D\u00e9tecteur de Mouvement - Cam\u00e9ra Connect\u00e9e - Blanc (HWC102PT) - Caliber Europe B.V.<\/title>\n<meta name=\"robots\" content=\"noindex, follow, max-snippet:-1, max-image-preview:large, max-video-preview:-1\" \/>\n<meta property=\"og:locale\" content=\"fr_FR\" \/>\n<meta property=\"og:type\" content=\"article\" \/>\n<meta property=\"og:title\" content=\"Cam\u00e9ra Wifi - Sans Fil - Pan Tilt - D\u00e9tecteur de Mouvement - Cam\u00e9ra Connect\u00e9e - Blanc (HWC102PT) - Caliber Europe B.V.\" \/>\n<meta property=\"og:description\" content=\"Avec la cam\u00e9ra wifi Caliber HWC102PT, votre maison est plus s\u00fbre que jamais. Cette cam\u00e9ra d&#039;int\u00e9rieur commence automatiquement \u00e0 enregistrer d\u00e8s qu&#039;un mouvement est d\u00e9tect\u00e9. Combinez la cam\u00e9ra int\u00e9rieure avec l&#039;application gratuite Caliber Smart Home et les diff\u00e9rents dispositifs connect\u00e9s Caliber, tels que les ampoules connect\u00e9es. Ainsi, vous pouvez r\u00e9gler les lumi\u00e8res connect\u00e9es pour qu&#039;elles [&hellip;]\" \/>\n<meta property=\"og:url\" content=\"https:\/\/b2b.calibereurope.com\/fr\/produit\/hwc102pt-fr_fr\/\" \/>\n<meta property=\"og:site_name\" content=\"Caliber Europe B.V.\" \/>\n<meta property=\"article:modified_time\" content=\"2026-01-16T11:41:24+00:00\" \/>\n<meta property=\"og:image\" content=\"https:\/\/b2b.calibereurope.com\/wp-content\/uploads\/2021\/09\/c8f05c6b3a3311bc93b30c3bf1776635457ef28e_HWC102PT.jpg\" \/>\n\t<meta property=\"og:image:width\" content=\"1024\" \/>\n\t<meta property=\"og:image:height\" content=\"768\" \/>\n\t<meta property=\"og:image:type\" content=\"image\/jpeg\" \/>\n<meta name=\"twitter:card\" content=\"summary_large_image\" \/>\n<meta name=\"twitter:label1\" content=\"Dur\u00e9e de lecture estim\u00e9e\" \/>\n\t<meta name=\"twitter:data1\" content=\"2 minutes\" \/>\n<script type=\"application\/ld+json\" class=\"yoast-schema-graph\">{\"@context\":\"https:\/\/schema.org\",\"@graph\":[{\"@type\":\"WebPage\",\"@id\":\"https:\/\/b2b.calibereurope.com\/fr\/produit\/hwc102pt-fr_fr\/\",\"url\":\"https:\/\/b2b.calibereurope.com\/fr\/produit\/hwc102pt-fr_fr\/\",\"name\":\"Cam\u00e9ra Wifi - Sans Fil - Pan Tilt - D\u00e9tecteur de Mouvement - Cam\u00e9ra Connect\u00e9e - Blanc (HWC102PT) - Caliber Europe B.V.\",\"isPartOf\":{\"@id\":\"https:\/\/b2b.calibereurope.com\/#website\"},\"primaryImageOfPage\":{\"@id\":\"https:\/\/b2b.calibereurope.com\/fr\/produit\/hwc102pt-fr_fr\/#primaryimage\"},\"image\":{\"@id\":\"https:\/\/b2b.calibereurope.com\/fr\/produit\/hwc102pt-fr_fr\/#primaryimage\"},\"thumbnailUrl\":\"https:\/\/b2b.calibereurope.com\/wp-content\/uploads\/2025\/10\/c8f05c6b3a3311bc93b30c3bf1776635457ef28e_HWC102PT.jpg\",\"datePublished\":\"2025-10-07T00:00:00+00:00\",\"dateModified\":\"2026-01-16T11:41:24+00:00\",\"breadcrumb\":{\"@id\":\"https:\/\/b2b.calibereurope.com\/fr\/produit\/hwc102pt-fr_fr\/#breadcrumb\"},\"inLanguage\":\"fr-FR\",\"potentialAction\":[{\"@type\":\"ReadAction\",\"target\":[\"https:\/\/b2b.calibereurope.com\/fr\/produit\/hwc102pt-fr_fr\/\"]}]},{\"@type\":\"ImageObject\",\"inLanguage\":\"fr-FR\",\"@id\":\"https:\/\/b2b.calibereurope.com\/fr\/produit\/hwc102pt-fr_fr\/#primaryimage\",\"url\":\"https:\/\/b2b.calibereurope.com\/wp-content\/uploads\/2025\/10\/c8f05c6b3a3311bc93b30c3bf1776635457ef28e_HWC102PT.jpg\",\"contentUrl\":\"https:\/\/b2b.calibereurope.com\/wp-content\/uploads\/2025\/10\/c8f05c6b3a3311bc93b30c3bf1776635457ef28e_HWC102PT.jpg\",\"width\":1024,\"height\":768},{\"@type\":\"BreadcrumbList\",\"@id\":\"https:\/\/b2b.calibereurope.com\/fr\/produit\/hwc102pt-fr_fr\/#breadcrumb\",\"itemListElement\":[{\"@type\":\"ListItem\",\"position\":1,\"name\":\"Home\",\"item\":\"https:\/\/b2b.calibereurope.com\/fr\/home\/\"},{\"@type\":\"ListItem\",\"position\":2,\"name\":\"Boutique\",\"item\":\"https:\/\/b2b.calibereurope.com\/fr\/boutique\/\"},{\"@type\":\"ListItem\",\"position\":3,\"name\":\"Appareil photo intelligent 1080P avec fonction panoramique\/inclinaison (HWC102PT)\"}]},{\"@type\":\"WebSite\",\"@id\":\"https:\/\/b2b.calibereurope.com\/#website\",\"url\":\"https:\/\/b2b.calibereurope.com\/\",\"name\":\"Caliber Europe B.V.\",\"description\":\"B2B Webshop\",\"publisher\":{\"@id\":\"https:\/\/b2b.calibereurope.com\/#organization\"},\"potentialAction\":[{\"@type\":\"SearchAction\",\"target\":{\"@type\":\"EntryPoint\",\"urlTemplate\":\"https:\/\/b2b.calibereurope.com\/?s={search_term_string}\"},\"query-input\":{\"@type\":\"PropertyValueSpecification\",\"valueRequired\":true,\"valueName\":\"search_term_string\"}}],\"inLanguage\":\"fr-FR\"},{\"@type\":\"Organization\",\"@id\":\"https:\/\/b2b.calibereurope.com\/#organization\",\"name\":\"Caliber Europe B.V.\",\"url\":\"https:\/\/b2b.calibereurope.com\/\",\"logo\":{\"@type\":\"ImageObject\",\"inLanguage\":\"fr-FR\",\"@id\":\"https:\/\/b2b.calibereurope.com\/#\/schema\/logo\/image\/\",\"url\":\"https:\/\/b2b.calibereurope.com\/wp-content\/uploads\/2020\/12\/Caliber_Logo-Black.png\",\"contentUrl\":\"https:\/\/b2b.calibereurope.com\/wp-content\/uploads\/2020\/12\/Caliber_Logo-Black.png\",\"width\":3157,\"height\":356,\"caption\":\"Caliber Europe B.V.\"},\"image\":{\"@id\":\"https:\/\/b2b.calibereurope.com\/#\/schema\/logo\/image\/\"}}]}<\/script>\n<!-- \/ Yoast SEO plugin. -->","yoast_head_json":{"title":"Cam\u00e9ra Wifi - Sans Fil - Pan Tilt - D\u00e9tecteur de Mouvement - Cam\u00e9ra Connect\u00e9e - Blanc (HWC102PT) - Caliber Europe B.V.","robots":{"index":"noindex","follow":"follow","max-snippet":"max-snippet:-1","max-image-preview":"max-image-preview:large","max-video-preview":"max-video-preview:-1"},"og_locale":"fr_FR","og_type":"article","og_title":"Cam\u00e9ra Wifi - Sans Fil - Pan Tilt - D\u00e9tecteur de Mouvement - Cam\u00e9ra Connect\u00e9e - Blanc (HWC102PT) - Caliber Europe B.V.","og_description":"Avec la cam\u00e9ra wifi Caliber HWC102PT, votre maison est plus s\u00fbre que jamais. Cette cam\u00e9ra d&#39;int\u00e9rieur commence automatiquement \u00e0 enregistrer d\u00e8s qu&#39;un mouvement est d\u00e9tect\u00e9. Combinez la cam\u00e9ra int\u00e9rieure avec l&#39;application gratuite Caliber Smart Home et les diff\u00e9rents dispositifs connect\u00e9s Caliber, tels que les ampoules connect\u00e9es. Ainsi, vous pouvez r\u00e9gler les lumi\u00e8res connect\u00e9es pour qu&#39;elles [&hellip;]","og_url":"https:\/\/b2b.calibereurope.com\/fr\/produit\/hwc102pt-fr_fr\/","og_site_name":"Caliber Europe B.V.","article_modified_time":"2026-01-16T11:41:24+00:00","og_image":[{"width":1024,"height":768,"url":"https:\/\/b2b.calibereurope.com\/wp-content\/uploads\/2021\/09\/c8f05c6b3a3311bc93b30c3bf1776635457ef28e_HWC102PT.jpg","type":"image\/jpeg"}],"twitter_card":"summary_large_image","twitter_misc":{"Dur\u00e9e de lecture estim\u00e9e":"2 minutes"},"schema":{"@context":"https:\/\/schema.org","@graph":[{"@type":"WebPage","@id":"https:\/\/b2b.calibereurope.com\/fr\/produit\/hwc102pt-fr_fr\/","url":"https:\/\/b2b.calibereurope.com\/fr\/produit\/hwc102pt-fr_fr\/","name":"Cam\u00e9ra Wifi - Sans Fil - Pan Tilt - D\u00e9tecteur de Mouvement - Cam\u00e9ra Connect\u00e9e - Blanc (HWC102PT) - Caliber Europe B.V.","isPartOf":{"@id":"https:\/\/b2b.calibereurope.com\/#website"},"primaryImageOfPage":{"@id":"https:\/\/b2b.calibereurope.com\/fr\/produit\/hwc102pt-fr_fr\/#primaryimage"},"image":{"@id":"https:\/\/b2b.calibereurope.com\/fr\/produit\/hwc102pt-fr_fr\/#primaryimage"},"thumbnailUrl":"https:\/\/b2b.calibereurope.com\/wp-content\/uploads\/2025\/10\/c8f05c6b3a3311bc93b30c3bf1776635457ef28e_HWC102PT.jpg","datePublished":"2025-10-07T00:00:00+00:00","dateModified":"2026-01-16T11:41:24+00:00","breadcrumb":{"@id":"https:\/\/b2b.calibereurope.com\/fr\/produit\/hwc102pt-fr_fr\/#breadcrumb"},"inLanguage":"fr-FR","potentialAction":[{"@type":"ReadAction","target":["https:\/\/b2b.calibereurope.com\/fr\/produit\/hwc102pt-fr_fr\/"]}]},{"@type":"ImageObject","inLanguage":"fr-FR","@id":"https:\/\/b2b.calibereurope.com\/fr\/produit\/hwc102pt-fr_fr\/#primaryimage","url":"https:\/\/b2b.calibereurope.com\/wp-content\/uploads\/2025\/10\/c8f05c6b3a3311bc93b30c3bf1776635457ef28e_HWC102PT.jpg","contentUrl":"https:\/\/b2b.calibereurope.com\/wp-content\/uploads\/2025\/10\/c8f05c6b3a3311bc93b30c3bf1776635457ef28e_HWC102PT.jpg","width":1024,"height":768},{"@type":"BreadcrumbList","@id":"https:\/\/b2b.calibereurope.com\/fr\/produit\/hwc102pt-fr_fr\/#breadcrumb","itemListElement":[{"@type":"ListItem","position":1,"name":"Home","item":"https:\/\/b2b.calibereurope.com\/fr\/home\/"},{"@type":"ListItem","position":2,"name":"Boutique","item":"https:\/\/b2b.calibereurope.com\/fr\/boutique\/"},{"@type":"ListItem","position":3,"name":"Appareil photo intelligent 1080P avec fonction panoramique\/inclinaison (HWC102PT)"}]},{"@type":"WebSite","@id":"https:\/\/b2b.calibereurope.com\/#website","url":"https:\/\/b2b.calibereurope.com\/","name":"Caliber Europe B.V.","description":"B2B Webshop","publisher":{"@id":"https:\/\/b2b.calibereurope.com\/#organization"},"potentialAction":[{"@type":"SearchAction","target":{"@type":"EntryPoint","urlTemplate":"https:\/\/b2b.calibereurope.com\/?s={search_term_string}"},"query-input":{"@type":"PropertyValueSpecification","valueRequired":true,"valueName":"search_term_string"}}],"inLanguage":"fr-FR"},{"@type":"Organization","@id":"https:\/\/b2b.calibereurope.com\/#organization","name":"Caliber Europe B.V.","url":"https:\/\/b2b.calibereurope.com\/","logo":{"@type":"ImageObject","inLanguage":"fr-FR","@id":"https:\/\/b2b.calibereurope.com\/#\/schema\/logo\/image\/","url":"https:\/\/b2b.calibereurope.com\/wp-content\/uploads\/2020\/12\/Caliber_Logo-Black.png","contentUrl":"https:\/\/b2b.calibereurope.com\/wp-content\/uploads\/2020\/12\/Caliber_Logo-Black.png","width":3157,"height":356,"caption":"Caliber Europe B.V."},"image":{"@id":"https:\/\/b2b.calibereurope.com\/#\/schema\/logo\/image\/"}}]}},"_links":{"self":[{"href":"https:\/\/b2b.calibereurope.com\/fr\/wp-json\/wp\/v2\/product\/504632","targetHints":{"allow":["GET"]}}],"collection":[{"href":"https:\/\/b2b.calibereurope.com\/fr\/wp-json\/wp\/v2\/product"}],"about":[{"href":"https:\/\/b2b.calibereurope.com\/fr\/wp-json\/wp\/v2\/types\/product"}],"version-history":[{"count":0,"href":"https:\/\/b2b.calibereurope.com\/fr\/wp-json\/wp\/v2\/product\/504632\/revisions"}],"wp:featuredmedia":[{"embeddable":true,"href":"https:\/\/b2b.calibereurope.com\/fr\/wp-json\/wp\/v2\/media\/859272"}],"wp:attachment":[{"href":"https:\/\/b2b.calibereurope.com\/fr\/wp-json\/wp\/v2\/media?parent=504632"}],"wp:term":[{"taxonomy":"product_brand","embeddable":true,"href":"https:\/\/b2b.calibereurope.com\/fr\/wp-json\/wp\/v2\/product_brand?post=504632"},{"taxonomy":"product_cat","embeddable":true,"href":"https:\/\/b2b.calibereurope.com\/fr\/wp-json\/wp\/v2\/product_cat?post=504632"},{"taxonomy":"product_tag","embeddable":true,"href":"https:\/\/b2b.calibereurope.com\/fr\/wp-json\/wp\/v2\/product_tag?post=504632"}],"curies":[{"name":"wp","href":"https:\/\/api.w.org\/{rel}","templated":true}]}}