{"id":504964,"date":"2025-11-24T01:00:00","date_gmt":"2025-11-24T00:00:00","guid":{"rendered":"0"},"modified":"2025-11-24T10:44:21","modified_gmt":"2025-11-24T09:44:21","slug":"RMD402DAB-BT-fr_FR","status":"publish","type":"product","link":"https:\/\/b2b.calibereurope.com\/fr\/produit\/RMD402DAB-BT-fr_FR\/","title":{"rendered":"Autoradio DAB+ Bluetooth &#8211; USB, SD et AUX &#8211; 1 DIN &#8211; USB suppl\u00e9mentaire &#8211; Connexion cam\u00e9ra (RMD402DAB-BT)"},"content":{"rendered":"<p> \u00c9coutez de la musique sans vous arr\u00eater, des podcasts et de la radio lors de vos d\u00e9placements avec cet autoradio Bluetooth moderne Caliber RMD402DAB-BT DAB+. Connectez votre smartphone via <strong>bluetooth<\/strong> ou <strong>AUX<\/strong> et \u00e9coutez toutes vos chansons pr\u00e9f\u00e9r\u00e9es. Vous pr\u00e9f\u00e9rez \u00e9couter la radio ? Gr\u00e2ce aux tuners <strong>DAB+ et FM<\/strong>, vous pouvez trouver toutes les stations que vous souhaitez. Vous pouvez toujours voir ce que vous \u00e9coutez sur le <strong>grand \u00e9cran de 4 pouces<\/strong>. Ajustez les <strong>graves, les aigus, le fader et la balance<\/strong> selon vos go\u00fbts, afin que vous puissiez profiter pleinement de la musique. Vous pouvez facilement recharger votre t\u00e9l\u00e9phone via la <strong>sortie USB<\/strong> afin d&#39;arriver compl\u00e8tement charg\u00e9. <\/p>\n<p> <strong>Caract\u00e9ristiques :<\/strong> <\/p>\n<ul>\n<li>DAB+ \/ tuner FM \/ entr\u00e9e AUX <\/li>\n<li>\u00c9cran clair de 4 pouces <\/li>\n<li> La cam\u00e9ra peut \u00eatre connect\u00e9e <\/li>\n<li>Option de lecture SD et USB (jusqu&#39;\u00e0 32 Go) <\/li>\n<li>Microphone externe <\/li>\n<li>T\u00e9l\u00e9commande <\/li>\n<li>Graves, aigus, fader et balance r\u00e9glables <\/li>\n<li>Sortie USB pour charger le t\u00e9l\u00e9phone <\/li>\n<li> Panneau avant fixe <\/li>\n<\/ul>\n<h3>Autoradio complet<\/h3>\n<p>Avec un tuner FM et un tuner DAB+, vous pouvez jouer presque toutes les radios qui sont faites clairement dans votre voiture. DAB+ garantit une meilleure r\u00e9ception des cha\u00eenes, afin que vous puissiez \u00e9couter vos cha\u00eenes pr\u00e9f\u00e9r\u00e9es sans aucun probl\u00e8me. En plus de la radio, vous pouvez \u00e9galement \u00e9couter de la musique via Bluetooth, c\u00e2ble AUX, carte SD et cl\u00e9 USB. <\/p>\n<h3>Moderne et polyvalent<\/h3>\n<p> Cet autoradio Bluetooth est un v\u00e9ritable atout pour votre voiture. La radio est \u00e9quip\u00e9e d&#39;un bel \u00e9cran large de 4 pouces. Toutes sortes d&#39;informations y sont affich\u00e9es, telles que l&#39;heure, le volume et la connexion Bluetooth. Le th\u00e8me de couleur de l&#39;autoradio DAB+ peut \u00e9galement \u00eatre ajust\u00e9, ce qui vous permet de varier les plaisirs. Vous pouvez le faire facilement via le menu, o\u00f9 vous pouvez \u00e9galement r\u00e9gler les param\u00e8tres du son. Optez pour un peu plus de basses ou ajustez la balance. Gr\u00e2ce au microphone externe fourni, vous pouvez \u00e9galement passer des appels mains libres lorsque vous \u00eates sur la route, avec lesquels l&#39;autoradio Bluetooth r\u00e9pond \u00e0 tous vos besoins. <\/p>\n<h3>Des extras utiles<\/h3>\n<p> Les diff\u00e9rentes options d&#39;\u00e9coute et les gadgets modernes ne sont pas tout ce que cet autoradio 1 DIN a \u00e0 offrir. Par exemple, la radio dispose d&#39;une entr\u00e9e cam\u00e9ra \u00e0 laquelle vous pouvez connecter une cam\u00e9ra de recul, ce qui facilite grandement le stationnement. De plus, l&#39;autoradio Bluetooth est livr\u00e9 avec une t\u00e9l\u00e9commande, ce qui vous permet de contr\u00f4ler la musique depuis tous les coins de la voiture. Vous pouvez \u00e9galement recharger votre smartphone via le port USB situ\u00e9 \u00e0 l&#39;avant de l&#39;autoradio DAB+. De cette fa\u00e7on, vous pouvez continuer \u00e0 jouer des hits et \u00e0 passer des appels t\u00e9l\u00e9phoniques \u00e0 l&#39;infini, sans vous soucier d&#39;une batterie vide.<\/p>\n<p><\/p>\n<\/p>\n<p> <strong>Inclus : <\/strong> <\/p>\n<ul>\n<li>Caliber RMD402DAB-BT <\/li>\n<li>Antenne DAB <\/li>\n<li>T\u00e9l\u00e9commande <\/li>\n<li>Microphone externe<\/li>\n<\/ul>\n","protected":false},"excerpt":{"rendered":"<ul>\n<li>DAB+ \/ tuner FM \/ entr\u00e9e AUX<\/li>\n<li>\u00c9cran clair de 4 pouces<\/li>\n<li>La cam\u00e9ra peut \u00eatre connect\u00e9e<\/li>\n<li>Option de lecture SD et USB (jusqu&rsquo;\u00e0 32 Go)<\/li>\n<li>Microphone externe<\/li>\n<li>T\u00e9l\u00e9commande<\/li>\n<li>Graves, aigus, fader et balance r\u00e9glables<\/li>\n<li>Sortie USB pour charger le t\u00e9l\u00e9phone<\/li>\n<li>Panneau avant fixe<\/li>\n<\/ul>\n","protected":false},"featured_media":860258,"template":"","meta":{"_acf_changed":false,"site-sidebar-layout":"default","site-content-layout":"","ast-site-content-layout":"default","site-content-style":"default","site-sidebar-style":"default","ast-global-header-display":"","ast-banner-title-visibility":"","ast-main-header-display":"","ast-hfb-above-header-display":"","ast-hfb-below-header-display":"","ast-hfb-mobile-header-display":"","site-post-title":"","ast-breadcrumbs-content":"","ast-featured-img":"","footer-sml-layout":"","theme-transparent-header-meta":"","adv-header-id-meta":"","stick-header-meta":"","header-above-stick-meta":"","header-main-stick-meta":"","header-below-stick-meta":"","astra-migrate-meta-layouts":"default","ast-page-background-enabled":"default","ast-page-background-meta":{"desktop":{"background-color":"","background-image":"","background-repeat":"repeat","background-position":"center center","background-size":"auto","background-attachment":"scroll","background-type":"","background-media":"","overlay-type":"","overlay-color":"","overlay-opacity":"","overlay-gradient":""},"tablet":{"background-color":"","background-image":"","background-repeat":"repeat","background-position":"center center","background-size":"auto","background-attachment":"scroll","background-type":"","background-media":"","overlay-type":"","overlay-color":"","overlay-opacity":"","overlay-gradient":""},"mobile":{"background-color":"","background-image":"","background-repeat":"repeat","background-position":"center center","background-size":"auto","background-attachment":"scroll","background-type":"","background-media":"","overlay-type":"","overlay-color":"","overlay-opacity":"","overlay-gradient":""}},"ast-content-background-meta":{"desktop":{"background-color":"var(--ast-global-color-5)","background-image":"","background-repeat":"repeat","background-position":"center center","background-size":"auto","background-attachment":"scroll","background-type":"","background-media":"","overlay-type":"","overlay-color":"","overlay-opacity":"","overlay-gradient":""},"tablet":{"background-color":"var(--ast-global-color-5)","background-image":"","background-repeat":"repeat","background-position":"center center","background-size":"auto","background-attachment":"scroll","background-type":"","background-media":"","overlay-type":"","overlay-color":"","overlay-opacity":"","overlay-gradient":""},"mobile":{"background-color":"var(--ast-global-color-5)","background-image":"","background-repeat":"repeat","background-position":"center center","background-size":"auto","background-attachment":"scroll","background-type":"","background-media":"","overlay-type":"","overlay-color":"","overlay-opacity":"","overlay-gradient":""}}},"product_brand":[],"product_cat":[22955],"product_tag":[],"class_list":{"0":"post-504964","1":"product","2":"type-product","3":"status-publish","4":"has-post-thumbnail","6":"product_cat-pas-de-categorie","7":"desktop-align-center","8":"tablet-align-center","9":"mobile-align-center","10":"ast-product-gallery-layout-horizontal","11":"ast-product-tabs-layout-horizontal","13":"first","14":"outofstock","15":"taxable","16":"shipping-taxable","17":"purchasable","18":"product-type-simple"},"acf":[],"yoast_head":"<!-- This site is optimized with the Yoast SEO plugin v26.5 - https:\/\/yoast.com\/wordpress\/plugins\/seo\/ -->\n<title>Autoradio DAB+ Bluetooth - USB, SD et AUX - 1 DIN - USB suppl\u00e9mentaire - Connexion cam\u00e9ra (RMD402DAB-BT) - Caliber Europe B.V.<\/title>\n<meta name=\"robots\" content=\"noindex, follow, max-snippet:-1, max-image-preview:large, max-video-preview:-1\" \/>\n<meta property=\"og:locale\" content=\"fr_FR\" \/>\n<meta property=\"og:type\" content=\"article\" \/>\n<meta property=\"og:title\" content=\"Autoradio DAB+ Bluetooth - USB, SD et AUX - 1 DIN - USB suppl\u00e9mentaire - Connexion cam\u00e9ra (RMD402DAB-BT) - Caliber Europe B.V.\" \/>\n<meta property=\"og:description\" content=\"DAB+ \/ tuner FM \/ entr\u00e9e AUX\u00c9cran clair de 4 poucesLa cam\u00e9ra peut \u00eatre connect\u00e9eOption de lecture SD et USB (jusqu&#039;\u00e0 32 Go)Microphone externeT\u00e9l\u00e9commandeGraves, aigus, fader et balance r\u00e9glablesSortie USB pour charger le t\u00e9l\u00e9phonePanneau avant fixe\" \/>\n<meta property=\"og:url\" content=\"https:\/\/b2b.calibereurope.com\/fr\/produit\/rmd402dab-bt-fr_fr\/\" \/>\n<meta property=\"og:site_name\" content=\"Caliber Europe B.V.\" \/>\n<meta property=\"article:modified_time\" content=\"2025-11-24T09:44:21+00:00\" \/>\n<meta property=\"og:image\" content=\"https:\/\/b2b.calibereurope.com\/wp-content\/uploads\/2021\/11\/41f0a634f8493c6b98b926a8855d36a196446ee8_RMD402DAB_BT_front.jpg\" \/>\n\t<meta property=\"og:image:width\" content=\"1134\" \/>\n\t<meta property=\"og:image:height\" content=\"850\" \/>\n\t<meta property=\"og:image:type\" content=\"image\/jpeg\" \/>\n<meta name=\"twitter:card\" content=\"summary_large_image\" \/>\n<meta name=\"twitter:label1\" content=\"Dur\u00e9e de lecture estim\u00e9e\" \/>\n\t<meta name=\"twitter:data1\" content=\"3 minutes\" \/>\n<script type=\"application\/ld+json\" class=\"yoast-schema-graph\">{\"@context\":\"https:\/\/schema.org\",\"@graph\":[{\"@type\":\"WebPage\",\"@id\":\"https:\/\/b2b.calibereurope.com\/fr\/produit\/rmd402dab-bt-fr_fr\/\",\"url\":\"https:\/\/b2b.calibereurope.com\/fr\/produit\/rmd402dab-bt-fr_fr\/\",\"name\":\"Autoradio DAB+ Bluetooth - USB, SD et AUX - 1 DIN - USB suppl\u00e9mentaire - Connexion cam\u00e9ra (RMD402DAB-BT) - Caliber Europe B.V.\",\"isPartOf\":{\"@id\":\"https:\/\/b2b.calibereurope.com\/#website\"},\"primaryImageOfPage\":{\"@id\":\"https:\/\/b2b.calibereurope.com\/fr\/produit\/rmd402dab-bt-fr_fr\/#primaryimage\"},\"image\":{\"@id\":\"https:\/\/b2b.calibereurope.com\/fr\/produit\/rmd402dab-bt-fr_fr\/#primaryimage\"},\"thumbnailUrl\":\"https:\/\/b2b.calibereurope.com\/wp-content\/uploads\/2025\/11\/41f0a634f8493c6b98b926a8855d36a196446ee8_RMD402DAB_BT_front-4.jpg\",\"datePublished\":\"2025-11-24T00:00:00+00:00\",\"dateModified\":\"2025-11-24T09:44:21+00:00\",\"breadcrumb\":{\"@id\":\"https:\/\/b2b.calibereurope.com\/fr\/produit\/rmd402dab-bt-fr_fr\/#breadcrumb\"},\"inLanguage\":\"fr-FR\",\"potentialAction\":[{\"@type\":\"ReadAction\",\"target\":[\"https:\/\/b2b.calibereurope.com\/fr\/produit\/rmd402dab-bt-fr_fr\/\"]}]},{\"@type\":\"ImageObject\",\"inLanguage\":\"fr-FR\",\"@id\":\"https:\/\/b2b.calibereurope.com\/fr\/produit\/rmd402dab-bt-fr_fr\/#primaryimage\",\"url\":\"https:\/\/b2b.calibereurope.com\/wp-content\/uploads\/2025\/11\/41f0a634f8493c6b98b926a8855d36a196446ee8_RMD402DAB_BT_front-4.jpg\",\"contentUrl\":\"https:\/\/b2b.calibereurope.com\/wp-content\/uploads\/2025\/11\/41f0a634f8493c6b98b926a8855d36a196446ee8_RMD402DAB_BT_front-4.jpg\",\"width\":1134,\"height\":850},{\"@type\":\"BreadcrumbList\",\"@id\":\"https:\/\/b2b.calibereurope.com\/fr\/produit\/rmd402dab-bt-fr_fr\/#breadcrumb\",\"itemListElement\":[{\"@type\":\"ListItem\",\"position\":1,\"name\":\"Home\",\"item\":\"https:\/\/b2b.calibereurope.com\/fr\/home\/\"},{\"@type\":\"ListItem\",\"position\":2,\"name\":\"Boutique\",\"item\":\"https:\/\/b2b.calibereurope.com\/fr\/boutique\/\"},{\"@type\":\"ListItem\",\"position\":3,\"name\":\"Autoradio avec DAB+ et Bluetooth &#8211; Noir (RMD402DAB-BT)\"}]},{\"@type\":\"WebSite\",\"@id\":\"https:\/\/b2b.calibereurope.com\/#website\",\"url\":\"https:\/\/b2b.calibereurope.com\/\",\"name\":\"Caliber Europe B.V.\",\"description\":\"B2B Webshop\",\"publisher\":{\"@id\":\"https:\/\/b2b.calibereurope.com\/#organization\"},\"potentialAction\":[{\"@type\":\"SearchAction\",\"target\":{\"@type\":\"EntryPoint\",\"urlTemplate\":\"https:\/\/b2b.calibereurope.com\/?s={search_term_string}\"},\"query-input\":{\"@type\":\"PropertyValueSpecification\",\"valueRequired\":true,\"valueName\":\"search_term_string\"}}],\"inLanguage\":\"fr-FR\"},{\"@type\":\"Organization\",\"@id\":\"https:\/\/b2b.calibereurope.com\/#organization\",\"name\":\"Caliber Europe B.V.\",\"url\":\"https:\/\/b2b.calibereurope.com\/\",\"logo\":{\"@type\":\"ImageObject\",\"inLanguage\":\"fr-FR\",\"@id\":\"https:\/\/b2b.calibereurope.com\/#\/schema\/logo\/image\/\",\"url\":\"https:\/\/b2b.calibereurope.com\/wp-content\/uploads\/2020\/12\/Caliber_Logo-Black.png\",\"contentUrl\":\"https:\/\/b2b.calibereurope.com\/wp-content\/uploads\/2020\/12\/Caliber_Logo-Black.png\",\"width\":3157,\"height\":356,\"caption\":\"Caliber Europe B.V.\"},\"image\":{\"@id\":\"https:\/\/b2b.calibereurope.com\/#\/schema\/logo\/image\/\"}}]}<\/script>\n<!-- \/ Yoast SEO plugin. -->","yoast_head_json":{"title":"Autoradio DAB+ Bluetooth - USB, SD et AUX - 1 DIN - USB suppl\u00e9mentaire - Connexion cam\u00e9ra (RMD402DAB-BT) - Caliber Europe B.V.","robots":{"index":"noindex","follow":"follow","max-snippet":"max-snippet:-1","max-image-preview":"max-image-preview:large","max-video-preview":"max-video-preview:-1"},"og_locale":"fr_FR","og_type":"article","og_title":"Autoradio DAB+ Bluetooth - USB, SD et AUX - 1 DIN - USB suppl\u00e9mentaire - Connexion cam\u00e9ra (RMD402DAB-BT) - Caliber Europe B.V.","og_description":"DAB+ \/ tuner FM \/ entr\u00e9e AUX\u00c9cran clair de 4 poucesLa cam\u00e9ra peut \u00eatre connect\u00e9eOption de lecture SD et USB (jusqu'\u00e0 32 Go)Microphone externeT\u00e9l\u00e9commandeGraves, aigus, fader et balance r\u00e9glablesSortie USB pour charger le t\u00e9l\u00e9phonePanneau avant fixe","og_url":"https:\/\/b2b.calibereurope.com\/fr\/produit\/rmd402dab-bt-fr_fr\/","og_site_name":"Caliber Europe B.V.","article_modified_time":"2025-11-24T09:44:21+00:00","og_image":[{"width":1134,"height":850,"url":"https:\/\/b2b.calibereurope.com\/wp-content\/uploads\/2021\/11\/41f0a634f8493c6b98b926a8855d36a196446ee8_RMD402DAB_BT_front.jpg","type":"image\/jpeg"}],"twitter_card":"summary_large_image","twitter_misc":{"Dur\u00e9e de lecture estim\u00e9e":"3 minutes"},"schema":{"@context":"https:\/\/schema.org","@graph":[{"@type":"WebPage","@id":"https:\/\/b2b.calibereurope.com\/fr\/produit\/rmd402dab-bt-fr_fr\/","url":"https:\/\/b2b.calibereurope.com\/fr\/produit\/rmd402dab-bt-fr_fr\/","name":"Autoradio DAB+ Bluetooth - USB, SD et AUX - 1 DIN - USB suppl\u00e9mentaire - Connexion cam\u00e9ra (RMD402DAB-BT) - Caliber Europe B.V.","isPartOf":{"@id":"https:\/\/b2b.calibereurope.com\/#website"},"primaryImageOfPage":{"@id":"https:\/\/b2b.calibereurope.com\/fr\/produit\/rmd402dab-bt-fr_fr\/#primaryimage"},"image":{"@id":"https:\/\/b2b.calibereurope.com\/fr\/produit\/rmd402dab-bt-fr_fr\/#primaryimage"},"thumbnailUrl":"https:\/\/b2b.calibereurope.com\/wp-content\/uploads\/2025\/11\/41f0a634f8493c6b98b926a8855d36a196446ee8_RMD402DAB_BT_front-4.jpg","datePublished":"2025-11-24T00:00:00+00:00","dateModified":"2025-11-24T09:44:21+00:00","breadcrumb":{"@id":"https:\/\/b2b.calibereurope.com\/fr\/produit\/rmd402dab-bt-fr_fr\/#breadcrumb"},"inLanguage":"fr-FR","potentialAction":[{"@type":"ReadAction","target":["https:\/\/b2b.calibereurope.com\/fr\/produit\/rmd402dab-bt-fr_fr\/"]}]},{"@type":"ImageObject","inLanguage":"fr-FR","@id":"https:\/\/b2b.calibereurope.com\/fr\/produit\/rmd402dab-bt-fr_fr\/#primaryimage","url":"https:\/\/b2b.calibereurope.com\/wp-content\/uploads\/2025\/11\/41f0a634f8493c6b98b926a8855d36a196446ee8_RMD402DAB_BT_front-4.jpg","contentUrl":"https:\/\/b2b.calibereurope.com\/wp-content\/uploads\/2025\/11\/41f0a634f8493c6b98b926a8855d36a196446ee8_RMD402DAB_BT_front-4.jpg","width":1134,"height":850},{"@type":"BreadcrumbList","@id":"https:\/\/b2b.calibereurope.com\/fr\/produit\/rmd402dab-bt-fr_fr\/#breadcrumb","itemListElement":[{"@type":"ListItem","position":1,"name":"Home","item":"https:\/\/b2b.calibereurope.com\/fr\/home\/"},{"@type":"ListItem","position":2,"name":"Boutique","item":"https:\/\/b2b.calibereurope.com\/fr\/boutique\/"},{"@type":"ListItem","position":3,"name":"Autoradio avec DAB+ et Bluetooth &#8211; Noir (RMD402DAB-BT)"}]},{"@type":"WebSite","@id":"https:\/\/b2b.calibereurope.com\/#website","url":"https:\/\/b2b.calibereurope.com\/","name":"Caliber Europe B.V.","description":"B2B Webshop","publisher":{"@id":"https:\/\/b2b.calibereurope.com\/#organization"},"potentialAction":[{"@type":"SearchAction","target":{"@type":"EntryPoint","urlTemplate":"https:\/\/b2b.calibereurope.com\/?s={search_term_string}"},"query-input":{"@type":"PropertyValueSpecification","valueRequired":true,"valueName":"search_term_string"}}],"inLanguage":"fr-FR"},{"@type":"Organization","@id":"https:\/\/b2b.calibereurope.com\/#organization","name":"Caliber Europe B.V.","url":"https:\/\/b2b.calibereurope.com\/","logo":{"@type":"ImageObject","inLanguage":"fr-FR","@id":"https:\/\/b2b.calibereurope.com\/#\/schema\/logo\/image\/","url":"https:\/\/b2b.calibereurope.com\/wp-content\/uploads\/2020\/12\/Caliber_Logo-Black.png","contentUrl":"https:\/\/b2b.calibereurope.com\/wp-content\/uploads\/2020\/12\/Caliber_Logo-Black.png","width":3157,"height":356,"caption":"Caliber Europe B.V."},"image":{"@id":"https:\/\/b2b.calibereurope.com\/#\/schema\/logo\/image\/"}}]}},"_links":{"self":[{"href":"https:\/\/b2b.calibereurope.com\/fr\/wp-json\/wp\/v2\/product\/504964","targetHints":{"allow":["GET"]}}],"collection":[{"href":"https:\/\/b2b.calibereurope.com\/fr\/wp-json\/wp\/v2\/product"}],"about":[{"href":"https:\/\/b2b.calibereurope.com\/fr\/wp-json\/wp\/v2\/types\/product"}],"version-history":[{"count":0,"href":"https:\/\/b2b.calibereurope.com\/fr\/wp-json\/wp\/v2\/product\/504964\/revisions"}],"wp:featuredmedia":[{"embeddable":true,"href":"https:\/\/b2b.calibereurope.com\/fr\/wp-json\/wp\/v2\/media\/860258"}],"wp:attachment":[{"href":"https:\/\/b2b.calibereurope.com\/fr\/wp-json\/wp\/v2\/media?parent=504964"}],"wp:term":[{"taxonomy":"product_brand","embeddable":true,"href":"https:\/\/b2b.calibereurope.com\/fr\/wp-json\/wp\/v2\/product_brand?post=504964"},{"taxonomy":"product_cat","embeddable":true,"href":"https:\/\/b2b.calibereurope.com\/fr\/wp-json\/wp\/v2\/product_cat?post=504964"},{"taxonomy":"product_tag","embeddable":true,"href":"https:\/\/b2b.calibereurope.com\/fr\/wp-json\/wp\/v2\/product_tag?post=504964"}],"curies":[{"name":"wp","href":"https:\/\/api.w.org\/{rel}","templated":true}]}}