{"id":505032,"date":"2024-06-11T02:00:00","date_gmt":"2024-06-11T00:00:00","guid":{"rendered":""},"modified":"2026-02-09T18:35:19","modified_gmt":"2026-02-09T17:35:19","slug":"pmt565bt-fr_fr","status":"publish","type":"product","link":"https:\/\/b2b.calibereurope.com\/fr\/produit\/pmt565bt-fr_fr\/","title":{"rendered":"Transmetteur FM Bluetooth pour Voiture &#8211; USB &#8211; R\u00e9duction du Bruit &#8211; Kit Mains Libres pour Voiture &#8211; Chargeur (PMT565BT)"},"content":{"rendered":"<p> \u00c9tendez facilement les capacit\u00e9s Bluetooth de votre voiture avec l\u2019\u00e9metteur radio Caliber PMT565BT. Placez l&#39;\u00e9metteur FM Bluetooth sur le tableau de bord de votre voiture et <strong> connectez-vous \u00e0 l\u2019autoradio FM <\/strong> visible sur le <strong> grand \u00e9cran <\/strong>. Ainsi, vous disposez d&#39;un kit de voiture <strong> <\/strong> moderne <strong> dans votre voiture <\/strong> sans investir dans un nouvel autoradio. Vous alimentez l&#39;\u00e9metteur via l&#39;allume-cigare 12V. Vous pouvez utiliser l&#39;\u00e9metteur FM pour diffuser de la musique dans la voiture depuis votre smartphone via<strong>Bluetooth<\/strong>. Gr\u00e2ce au <strong> double port USB <\/strong> il est \u00e9galement possible de <strong> charger deux smartphones <\/strong>. <\/p>\n<p> <strong> Caract\u00e9ristiques : <\/strong> <\/p>\n<ul>\n<li> Connecter le Bluetooth via FM \u00e0 votre voiture <\/li>\n<li>2 ports USB (1 chargeur rapide) <\/li>\n<li> Lecture Micro-SD <\/li>\n<li> Transmission de fr\u00e9quence 87,6 &#8211; 107,9 MHz <\/li>\n<li> Appel mains libres avec micro<\/li>\n<li> Appels sans bruit de fond <\/li>\n<li> Reconnexion Bluetooth automatique <\/li>\n<li> Compatible avec les smartphones Bluetooth<\/li>\n<li>MP3\/WMA\/APE\/WAV\/FLAC <\/li>\n<li> Prise voiture 12 V <\/li>\n<\/ul>\n<h3> Profitez des meilleurs morceaux sur la route gr\u00e2ce \u00e0 ce transmetteur FM <\/h3>\n<p> Profitez de tous vos morceaux pr\u00e9f\u00e9r\u00e9s pendant les trajets en voiture, qu\u2019ils soient longs ou courts. Gr\u00e2ce \u00e0 l&#39;antenne FM, vous pouvez facilement \u00e9couter vos propres listes de lecture et podcasts. En connectant votre smartphone \u00e0 l&#39;\u00e9metteur FM, vous pouvez diffuser votre propre musique sur votre autoradio. Avec l&#39;\u00e9metteur Bluetooth, vous pouvez \u00e9couter votre propre musique m\u00eame si votre autoradio ne dispose pas de la technologie Bluetooth. <\/p>\n<h3>Ce transmetteur FM permet des appels clairs et intelligibles<\/h3>\n<p> Le transmetteur FM est \u00e9quip\u00e9 d&#39;un micro. Cela vous permet d&#39;avoir des conversations sur la route et d&#39;\u00eatre toujours entendu clairement. Gr\u00e2ce \u00e0 la r\u00e9duction du bruit, vous pouvez \u00e9galement \u00eatre entendu clairement sur les routes tr\u00e8s fr\u00e9quent\u00e9es. L&#39;utilisation de la commande vocale rend les appels mains libres encore plus s\u00fbrs. Vous activez la commande vocale en appuyant sur le bouton rotatif situ\u00e9 \u00e0 l&#39;avant de l&#39;\u00e9cran. Apr\u00e8s l&#39;avoir activ\u00e9, Siri ou l&#39;assistant vocal assure une exp\u00e9rience d&#39;appel mains libres sans souci. <\/p>\n<h3> \u00c9metteur radio facile \u00e0 connecter <\/h3>\n<p> Le transmetteur FM avec Bluetooth se fixe dans votre voiture en quelques secondes. Il suffit de placer la base sur le tableau de bord. Vous pouvez ensuite connecter l&#39;adaptateur inclus \u00e0 l&#39;allume-cigare de 12 volts de votre voiture. C\u2019est aussi simple que \u00e7a ! <\/p>\n","protected":false},"excerpt":{"rendered":"<ul>\n<li>Connecter le Bluetooth via FM \u00e0 votre voiture<\/li>\n<li>2 ports USB (1 chargeur rapide)<\/li>\n<li>Lecture Micro-SD<\/li>\n<li>Transmission de fr\u00e9quence 87,6 &#8211; 107,9 MHz<\/li>\n<li>Appel mains libres avec micro<\/li>\n<li>Appels sans bruit de fond<\/li>\n<li>Reconnexion Bluetooth automatique<\/li>\n<li>Compatible avec les smartphones Bluetooth<\/li>\n<li>MP3\/WMA\/APE\/WAV\/FLAC<\/li>\n<li>Prise voiture 12 V<\/li>\n<\/ul>\n","protected":false},"featured_media":845441,"template":"","meta":{"_acf_changed":false,"site-sidebar-layout":"default","site-content-layout":"","ast-site-content-layout":"default","site-content-style":"default","site-sidebar-style":"default","ast-global-header-display":"","ast-banner-title-visibility":"","ast-main-header-display":"","ast-hfb-above-header-display":"","ast-hfb-below-header-display":"","ast-hfb-mobile-header-display":"","site-post-title":"","ast-breadcrumbs-content":"","ast-featured-img":"","footer-sml-layout":"","theme-transparent-header-meta":"","adv-header-id-meta":"","stick-header-meta":"","header-above-stick-meta":"","header-main-stick-meta":"","header-below-stick-meta":"","astra-migrate-meta-layouts":"default","ast-page-background-enabled":"default","ast-page-background-meta":{"desktop":{"background-color":"","background-image":"","background-repeat":"repeat","background-position":"center center","background-size":"auto","background-attachment":"scroll","background-type":"","background-media":"","overlay-type":"","overlay-color":"","overlay-opacity":"","overlay-gradient":""},"tablet":{"background-color":"","background-image":"","background-repeat":"repeat","background-position":"center center","background-size":"auto","background-attachment":"scroll","background-type":"","background-media":"","overlay-type":"","overlay-color":"","overlay-opacity":"","overlay-gradient":""},"mobile":{"background-color":"","background-image":"","background-repeat":"repeat","background-position":"center center","background-size":"auto","background-attachment":"scroll","background-type":"","background-media":"","overlay-type":"","overlay-color":"","overlay-opacity":"","overlay-gradient":""}},"ast-content-background-meta":{"desktop":{"background-color":"var(--ast-global-color-5)","background-image":"","background-repeat":"repeat","background-position":"center center","background-size":"auto","background-attachment":"scroll","background-type":"","background-media":"","overlay-type":"","overlay-color":"","overlay-opacity":"","overlay-gradient":""},"tablet":{"background-color":"var(--ast-global-color-5)","background-image":"","background-repeat":"repeat","background-position":"center center","background-size":"auto","background-attachment":"scroll","background-type":"","background-media":"","overlay-type":"","overlay-color":"","overlay-opacity":"","overlay-gradient":""},"mobile":{"background-color":"var(--ast-global-color-5)","background-image":"","background-repeat":"repeat","background-position":"center center","background-size":"auto","background-attachment":"scroll","background-type":"","background-media":"","overlay-type":"","overlay-color":"","overlay-opacity":"","overlay-gradient":""}}},"product_brand":[],"product_cat":[22955],"product_tag":[],"class_list":{"0":"post-505032","1":"product","2":"type-product","3":"status-publish","4":"has-post-thumbnail","6":"product_cat-pas-de-categorie","7":"desktop-align-center","8":"tablet-align-center","9":"mobile-align-center","10":"ast-product-gallery-layout-horizontal","11":"ast-product-tabs-layout-horizontal","13":"first","14":"instock","15":"taxable","16":"shipping-taxable","17":"purchasable","18":"product-type-simple"},"acf":[],"yoast_head":"<!-- This site is optimized with the Yoast SEO plugin v26.5 - https:\/\/yoast.com\/wordpress\/plugins\/seo\/ -->\n<title>Transmetteur FM Bluetooth pour Voiture - USB - R\u00e9duction du Bruit - Kit Mains Libres pour Voiture - Chargeur (PMT565BT) - Caliber Europe B.V.<\/title>\n<meta name=\"robots\" content=\"noindex, follow, max-snippet:-1, max-image-preview:large, max-video-preview:-1\" \/>\n<meta property=\"og:locale\" content=\"fr_FR\" \/>\n<meta property=\"og:type\" content=\"article\" \/>\n<meta property=\"og:title\" content=\"Transmetteur FM Bluetooth pour Voiture - USB - R\u00e9duction du Bruit - Kit Mains Libres pour Voiture - Chargeur (PMT565BT) - Caliber Europe B.V.\" \/>\n<meta property=\"og:description\" content=\"Connecter le Bluetooth via FM \u00e0 votre voiture2 ports USB (1 chargeur rapide)Lecture Micro-SDTransmission de fr\u00e9quence 87,6 - 107,9 MHzAppel mains libres avec microAppels sans bruit de fondReconnexion Bluetooth automatiqueCompatible avec les smartphones BluetoothMP3\/WMA\/APE\/WAV\/FLACPrise voiture 12 V\" \/>\n<meta property=\"og:url\" content=\"https:\/\/b2b.calibereurope.com\/fr\/produit\/pmt565bt-fr_fr\/\" \/>\n<meta property=\"og:site_name\" content=\"Caliber Europe B.V.\" \/>\n<meta property=\"article:modified_time\" content=\"2026-02-09T17:35:19+00:00\" \/>\n<meta property=\"og:image\" content=\"https:\/\/b2b.calibereurope.com\/wp-content\/uploads\/2021\/09\/1024bcb60b1ab77bc02a1420a68b669a59ca68b5_PMT565BT_front.jpg\" \/>\n\t<meta property=\"og:image:width\" content=\"1024\" \/>\n\t<meta property=\"og:image:height\" content=\"768\" \/>\n\t<meta property=\"og:image:type\" content=\"image\/jpeg\" \/>\n<meta name=\"twitter:card\" content=\"summary_large_image\" \/>\n<meta name=\"twitter:label1\" content=\"Dur\u00e9e de lecture estim\u00e9e\" \/>\n\t<meta name=\"twitter:data1\" content=\"2 minutes\" \/>\n<script type=\"application\/ld+json\" class=\"yoast-schema-graph\">{\"@context\":\"https:\/\/schema.org\",\"@graph\":[{\"@type\":\"WebPage\",\"@id\":\"https:\/\/b2b.calibereurope.com\/fr\/produit\/pmt565bt-fr_fr\/\",\"url\":\"https:\/\/b2b.calibereurope.com\/fr\/produit\/pmt565bt-fr_fr\/\",\"name\":\"Transmetteur FM Bluetooth pour Voiture - USB - R\u00e9duction du Bruit - Kit Mains Libres pour Voiture - Chargeur (PMT565BT) - Caliber Europe B.V.\",\"isPartOf\":{\"@id\":\"https:\/\/b2b.calibereurope.com\/#website\"},\"primaryImageOfPage\":{\"@id\":\"https:\/\/b2b.calibereurope.com\/fr\/produit\/pmt565bt-fr_fr\/#primaryimage\"},\"image\":{\"@id\":\"https:\/\/b2b.calibereurope.com\/fr\/produit\/pmt565bt-fr_fr\/#primaryimage\"},\"thumbnailUrl\":\"https:\/\/b2b.calibereurope.com\/wp-content\/uploads\/2024\/06\/1024bcb60b1ab77bc02a1420a68b669a59ca68b5_PMT565BT_front.jpg\",\"datePublished\":\"2024-06-11T00:00:00+00:00\",\"dateModified\":\"2026-02-09T17:35:19+00:00\",\"breadcrumb\":{\"@id\":\"https:\/\/b2b.calibereurope.com\/fr\/produit\/pmt565bt-fr_fr\/#breadcrumb\"},\"inLanguage\":\"fr-FR\",\"potentialAction\":[{\"@type\":\"ReadAction\",\"target\":[\"https:\/\/b2b.calibereurope.com\/fr\/produit\/pmt565bt-fr_fr\/\"]}]},{\"@type\":\"ImageObject\",\"inLanguage\":\"fr-FR\",\"@id\":\"https:\/\/b2b.calibereurope.com\/fr\/produit\/pmt565bt-fr_fr\/#primaryimage\",\"url\":\"https:\/\/b2b.calibereurope.com\/wp-content\/uploads\/2024\/06\/1024bcb60b1ab77bc02a1420a68b669a59ca68b5_PMT565BT_front.jpg\",\"contentUrl\":\"https:\/\/b2b.calibereurope.com\/wp-content\/uploads\/2024\/06\/1024bcb60b1ab77bc02a1420a68b669a59ca68b5_PMT565BT_front.jpg\",\"width\":1024,\"height\":768},{\"@type\":\"BreadcrumbList\",\"@id\":\"https:\/\/b2b.calibereurope.com\/fr\/produit\/pmt565bt-fr_fr\/#breadcrumb\",\"itemListElement\":[{\"@type\":\"ListItem\",\"position\":1,\"name\":\"Home\",\"item\":\"https:\/\/b2b.calibereurope.com\/fr\/home\/\"},{\"@type\":\"ListItem\",\"position\":2,\"name\":\"Boutique\",\"item\":\"https:\/\/b2b.calibereurope.com\/fr\/boutique\/\"},{\"@type\":\"ListItem\",\"position\":3,\"name\":\"\u00c9metteur FM avec assistant vocal &#8211; Noir (PMT565BT)\"}]},{\"@type\":\"WebSite\",\"@id\":\"https:\/\/b2b.calibereurope.com\/#website\",\"url\":\"https:\/\/b2b.calibereurope.com\/\",\"name\":\"Caliber Europe B.V.\",\"description\":\"B2B Webshop\",\"publisher\":{\"@id\":\"https:\/\/b2b.calibereurope.com\/#organization\"},\"potentialAction\":[{\"@type\":\"SearchAction\",\"target\":{\"@type\":\"EntryPoint\",\"urlTemplate\":\"https:\/\/b2b.calibereurope.com\/?s={search_term_string}\"},\"query-input\":{\"@type\":\"PropertyValueSpecification\",\"valueRequired\":true,\"valueName\":\"search_term_string\"}}],\"inLanguage\":\"fr-FR\"},{\"@type\":\"Organization\",\"@id\":\"https:\/\/b2b.calibereurope.com\/#organization\",\"name\":\"Caliber Europe B.V.\",\"url\":\"https:\/\/b2b.calibereurope.com\/\",\"logo\":{\"@type\":\"ImageObject\",\"inLanguage\":\"fr-FR\",\"@id\":\"https:\/\/b2b.calibereurope.com\/#\/schema\/logo\/image\/\",\"url\":\"https:\/\/b2b.calibereurope.com\/wp-content\/uploads\/2020\/12\/Caliber_Logo-Black.png\",\"contentUrl\":\"https:\/\/b2b.calibereurope.com\/wp-content\/uploads\/2020\/12\/Caliber_Logo-Black.png\",\"width\":3157,\"height\":356,\"caption\":\"Caliber Europe B.V.\"},\"image\":{\"@id\":\"https:\/\/b2b.calibereurope.com\/#\/schema\/logo\/image\/\"}}]}<\/script>\n<!-- \/ Yoast SEO plugin. -->","yoast_head_json":{"title":"Transmetteur FM Bluetooth pour Voiture - USB - R\u00e9duction du Bruit - Kit Mains Libres pour Voiture - Chargeur (PMT565BT) - Caliber Europe B.V.","robots":{"index":"noindex","follow":"follow","max-snippet":"max-snippet:-1","max-image-preview":"max-image-preview:large","max-video-preview":"max-video-preview:-1"},"og_locale":"fr_FR","og_type":"article","og_title":"Transmetteur FM Bluetooth pour Voiture - USB - R\u00e9duction du Bruit - Kit Mains Libres pour Voiture - Chargeur (PMT565BT) - Caliber Europe B.V.","og_description":"Connecter le Bluetooth via FM \u00e0 votre voiture2 ports USB (1 chargeur rapide)Lecture Micro-SDTransmission de fr\u00e9quence 87,6 - 107,9 MHzAppel mains libres avec microAppels sans bruit de fondReconnexion Bluetooth automatiqueCompatible avec les smartphones BluetoothMP3\/WMA\/APE\/WAV\/FLACPrise voiture 12 V","og_url":"https:\/\/b2b.calibereurope.com\/fr\/produit\/pmt565bt-fr_fr\/","og_site_name":"Caliber Europe B.V.","article_modified_time":"2026-02-09T17:35:19+00:00","og_image":[{"width":1024,"height":768,"url":"https:\/\/b2b.calibereurope.com\/wp-content\/uploads\/2021\/09\/1024bcb60b1ab77bc02a1420a68b669a59ca68b5_PMT565BT_front.jpg","type":"image\/jpeg"}],"twitter_card":"summary_large_image","twitter_misc":{"Dur\u00e9e de lecture estim\u00e9e":"2 minutes"},"schema":{"@context":"https:\/\/schema.org","@graph":[{"@type":"WebPage","@id":"https:\/\/b2b.calibereurope.com\/fr\/produit\/pmt565bt-fr_fr\/","url":"https:\/\/b2b.calibereurope.com\/fr\/produit\/pmt565bt-fr_fr\/","name":"Transmetteur FM Bluetooth pour Voiture - USB - R\u00e9duction du Bruit - Kit Mains Libres pour Voiture - Chargeur (PMT565BT) - Caliber Europe B.V.","isPartOf":{"@id":"https:\/\/b2b.calibereurope.com\/#website"},"primaryImageOfPage":{"@id":"https:\/\/b2b.calibereurope.com\/fr\/produit\/pmt565bt-fr_fr\/#primaryimage"},"image":{"@id":"https:\/\/b2b.calibereurope.com\/fr\/produit\/pmt565bt-fr_fr\/#primaryimage"},"thumbnailUrl":"https:\/\/b2b.calibereurope.com\/wp-content\/uploads\/2024\/06\/1024bcb60b1ab77bc02a1420a68b669a59ca68b5_PMT565BT_front.jpg","datePublished":"2024-06-11T00:00:00+00:00","dateModified":"2026-02-09T17:35:19+00:00","breadcrumb":{"@id":"https:\/\/b2b.calibereurope.com\/fr\/produit\/pmt565bt-fr_fr\/#breadcrumb"},"inLanguage":"fr-FR","potentialAction":[{"@type":"ReadAction","target":["https:\/\/b2b.calibereurope.com\/fr\/produit\/pmt565bt-fr_fr\/"]}]},{"@type":"ImageObject","inLanguage":"fr-FR","@id":"https:\/\/b2b.calibereurope.com\/fr\/produit\/pmt565bt-fr_fr\/#primaryimage","url":"https:\/\/b2b.calibereurope.com\/wp-content\/uploads\/2024\/06\/1024bcb60b1ab77bc02a1420a68b669a59ca68b5_PMT565BT_front.jpg","contentUrl":"https:\/\/b2b.calibereurope.com\/wp-content\/uploads\/2024\/06\/1024bcb60b1ab77bc02a1420a68b669a59ca68b5_PMT565BT_front.jpg","width":1024,"height":768},{"@type":"BreadcrumbList","@id":"https:\/\/b2b.calibereurope.com\/fr\/produit\/pmt565bt-fr_fr\/#breadcrumb","itemListElement":[{"@type":"ListItem","position":1,"name":"Home","item":"https:\/\/b2b.calibereurope.com\/fr\/home\/"},{"@type":"ListItem","position":2,"name":"Boutique","item":"https:\/\/b2b.calibereurope.com\/fr\/boutique\/"},{"@type":"ListItem","position":3,"name":"\u00c9metteur FM avec assistant vocal &#8211; Noir (PMT565BT)"}]},{"@type":"WebSite","@id":"https:\/\/b2b.calibereurope.com\/#website","url":"https:\/\/b2b.calibereurope.com\/","name":"Caliber Europe B.V.","description":"B2B Webshop","publisher":{"@id":"https:\/\/b2b.calibereurope.com\/#organization"},"potentialAction":[{"@type":"SearchAction","target":{"@type":"EntryPoint","urlTemplate":"https:\/\/b2b.calibereurope.com\/?s={search_term_string}"},"query-input":{"@type":"PropertyValueSpecification","valueRequired":true,"valueName":"search_term_string"}}],"inLanguage":"fr-FR"},{"@type":"Organization","@id":"https:\/\/b2b.calibereurope.com\/#organization","name":"Caliber Europe B.V.","url":"https:\/\/b2b.calibereurope.com\/","logo":{"@type":"ImageObject","inLanguage":"fr-FR","@id":"https:\/\/b2b.calibereurope.com\/#\/schema\/logo\/image\/","url":"https:\/\/b2b.calibereurope.com\/wp-content\/uploads\/2020\/12\/Caliber_Logo-Black.png","contentUrl":"https:\/\/b2b.calibereurope.com\/wp-content\/uploads\/2020\/12\/Caliber_Logo-Black.png","width":3157,"height":356,"caption":"Caliber Europe B.V."},"image":{"@id":"https:\/\/b2b.calibereurope.com\/#\/schema\/logo\/image\/"}}]}},"_links":{"self":[{"href":"https:\/\/b2b.calibereurope.com\/fr\/wp-json\/wp\/v2\/product\/505032","targetHints":{"allow":["GET"]}}],"collection":[{"href":"https:\/\/b2b.calibereurope.com\/fr\/wp-json\/wp\/v2\/product"}],"about":[{"href":"https:\/\/b2b.calibereurope.com\/fr\/wp-json\/wp\/v2\/types\/product"}],"version-history":[{"count":0,"href":"https:\/\/b2b.calibereurope.com\/fr\/wp-json\/wp\/v2\/product\/505032\/revisions"}],"wp:featuredmedia":[{"embeddable":true,"href":"https:\/\/b2b.calibereurope.com\/fr\/wp-json\/wp\/v2\/media\/845441"}],"wp:attachment":[{"href":"https:\/\/b2b.calibereurope.com\/fr\/wp-json\/wp\/v2\/media?parent=505032"}],"wp:term":[{"taxonomy":"product_brand","embeddable":true,"href":"https:\/\/b2b.calibereurope.com\/fr\/wp-json\/wp\/v2\/product_brand?post=505032"},{"taxonomy":"product_cat","embeddable":true,"href":"https:\/\/b2b.calibereurope.com\/fr\/wp-json\/wp\/v2\/product_cat?post=505032"},{"taxonomy":"product_tag","embeddable":true,"href":"https:\/\/b2b.calibereurope.com\/fr\/wp-json\/wp\/v2\/product_tag?post=505032"}],"curies":[{"name":"wp","href":"https:\/\/api.w.org\/{rel}","templated":true}]}}