{"id":505688,"date":"2024-07-17T02:00:00","date_gmt":"2024-07-17T00:00:00","guid":{"rendered":""},"modified":"2024-12-26T19:01:39","modified_gmt":"2024-12-26T18:01:39","slug":"hcg012qidab-bt-fr_fr","status":"publish","type":"product","link":"https:\/\/b2b.calibereurope.com\/fr\/produit\/hcg012qidab-bt-fr_fr\/","title":{"rendered":"Radio-R\u00e9veil DAB+ avec Chargeur Sans Fil &#8211; Bluetooth &#8211; 2 Sonneries &#8211; Radio FM (HCG012QIDAB-BT)"},"content":{"rendered":"<p> R\u00e9veillez-vous chaque matin avec vos morceaux pr\u00e9f\u00e9r\u00e9s \u00e0 la radio et un t\u00e9l\u00e9phone charg\u00e9 gr\u00e2ce au radio-r\u00e9veil Caliber HCG012QIDAB-BT <strong>DAB+<\/strong> avec <strong> chargeur sans fil <\/strong>. Le radio-r\u00e9veil utilise <strong> la technologie intelligente Qi <\/strong>, qui permet de recharger votre t\u00e9l\u00e9phone en un rien de temps sans avoir besoin d&#39;un c\u00e2ble de recharge. La <strong> radio FM <\/strong> et le <strong>Bluetooth <\/strong> vous permettent de commencer votre journ\u00e9e en douceur au son de votre musique pr\u00e9f\u00e9r\u00e9e. Avec <strong> deux heures d&#39;alarme <\/strong>, une <strong> fonction snooze <\/strong> et un<strong> grand \u00e9cran blanc <\/strong> le r\u00e9veil Caliber offre tout ce dont vous avez besoin pour un r\u00e9veil en pleine forme. <\/p>\n<p> <strong> Caract\u00e9ristiques : <\/strong> <\/p>\n<ul>\n<li> Chargeur de t\u00e9l\u00e9phone sans fil avec technologie Qi\n<li> Radio DAB+ et radio FM\n<li> Audio Bluetooth\n<li> USB suppl\u00e9mentaire pour 2\u00e8me t\u00e9l\u00e9phone\n<li> Grand \u00e9cran blanc\n<li>2 heures d&#39;alarme\n<li> Fonction Snooze\n<li> Pile de secours (2x 1,5V AAA) <\/li>\n<\/ul>\n<p> <strong> Remarque : <\/strong> Piles non incluses <\/p>\n<h3> Ce r\u00e9veil vous permet d\u2019\u00e9couter toutes vos musiques pr\u00e9f\u00e9r\u00e9es<\/h3>\n<p> Avec ce radio-r\u00e9veil DAB+, vous vous r\u00e9veillerez chaque matin au son de vos musiques pr\u00e9f\u00e9r\u00e9es. Gr\u00e2ce au signal num\u00e9rique, vous ne serez plus jamais g\u00ean\u00e9 par le bruit dans votre musique. Outre la DAB+, vous pouvez \u00e9galement facilement capter les fr\u00e9quences FM. Vous pouvez donc choisir comment vous pr\u00e9f\u00e9rez \u00e9couter la radio. Vous voulez entendre cette chanson ? Connectez votre t\u00e9l\u00e9phone via Bluetooth et jouez-la facilement sur le r\u00e9veil num\u00e9rique. <\/p>\n<h3> Ce r\u00e9veil vous permet de vous r\u00e9veiller avec une batterie pleine <\/h3>\n<p> Le r\u00e9veil num\u00e9rique est \u00e9quip\u00e9 d&#39;un chargeur sans fil. Votre smartphone prend-il en charge la technologie Qi ? Il suffit dans ce cas de placer votre t\u00e9l\u00e9phone sur le r\u00e9veil pour qu&#39;il se recharge imm\u00e9diatement. Vous n&#39;aurez plus \u00e0 vous soucier de cordons d\u00e9sordonn\u00e9s ou de prises de courant pleines et vous vous r\u00e9veillerez avec une batterie pleine chaque matin. <\/p>\n<h3>R\u00e9veil tr\u00e8s polyvalent<\/h3>\n<p> Le r\u00e9veil avec chargeur sans fil a tout ce dont vous avez besoin pour vous r\u00e9veiller repos\u00e9. Vous pouvez r\u00e9gler deux alarmes, de sorte que vous et votre partenaire pouvez utiliser le m\u00eame r\u00e9veil. Cela permet \u00e9galement de gagner de la place sur votre table de chevet. Si vous souhaitez vous retourner encore un peu dans votre lit le lendemain matin, il vous suffit d&#39;utiliser la fonction \u00ab\u00a0snooze\u00a0\u00bb pour b\u00e9n\u00e9ficier de quelques minutes de sommeil suppl\u00e9mentaires. Le radio-r\u00e9veil est \u00e9quip\u00e9 d&#39;une batterie de secours. L&#39;\u00e9lectricit\u00e9 tombe en panne de fa\u00e7on inattendue ? Alors la batterie vous r\u00e9veillera malgr\u00e9 tout. <\/p>\n","protected":false},"excerpt":{"rendered":"<p>R\u00e9veillez-vous chaque matin avec vos morceaux pr\u00e9f\u00e9r\u00e9s \u00e0 la radio et un t\u00e9l\u00e9phone charg\u00e9 gr\u00e2ce au radio-r\u00e9veil Caliber HCG012QIDAB-BT DAB+ avec chargeur sans fil . Le radio-r\u00e9veil utilise la technologie intelligente Qi , qui permet de recharger votre t\u00e9l\u00e9phone en un rien de temps sans avoir besoin d&#39;un c\u00e2ble de recharge. La radio FM et [&hellip;]<\/p>\n","protected":false},"featured_media":850704,"template":"","meta":{"_acf_changed":false,"site-sidebar-layout":"default","site-content-layout":"","ast-site-content-layout":"default","site-content-style":"default","site-sidebar-style":"default","ast-global-header-display":"","ast-banner-title-visibility":"","ast-main-header-display":"","ast-hfb-above-header-display":"","ast-hfb-below-header-display":"","ast-hfb-mobile-header-display":"","site-post-title":"","ast-breadcrumbs-content":"","ast-featured-img":"","footer-sml-layout":"","theme-transparent-header-meta":"","adv-header-id-meta":"","stick-header-meta":"","header-above-stick-meta":"","header-main-stick-meta":"","header-below-stick-meta":"","astra-migrate-meta-layouts":"default","ast-page-background-enabled":"default","ast-page-background-meta":{"desktop":{"background-color":"","background-image":"","background-repeat":"repeat","background-position":"center center","background-size":"auto","background-attachment":"scroll","background-type":"","background-media":"","overlay-type":"","overlay-color":"","overlay-opacity":"","overlay-gradient":""},"tablet":{"background-color":"","background-image":"","background-repeat":"repeat","background-position":"center center","background-size":"auto","background-attachment":"scroll","background-type":"","background-media":"","overlay-type":"","overlay-color":"","overlay-opacity":"","overlay-gradient":""},"mobile":{"background-color":"","background-image":"","background-repeat":"repeat","background-position":"center center","background-size":"auto","background-attachment":"scroll","background-type":"","background-media":"","overlay-type":"","overlay-color":"","overlay-opacity":"","overlay-gradient":""}},"ast-content-background-meta":{"desktop":{"background-color":"var(--ast-global-color-5)","background-image":"","background-repeat":"repeat","background-position":"center center","background-size":"auto","background-attachment":"scroll","background-type":"","background-media":"","overlay-type":"","overlay-color":"","overlay-opacity":"","overlay-gradient":""},"tablet":{"background-color":"var(--ast-global-color-5)","background-image":"","background-repeat":"repeat","background-position":"center center","background-size":"auto","background-attachment":"scroll","background-type":"","background-media":"","overlay-type":"","overlay-color":"","overlay-opacity":"","overlay-gradient":""},"mobile":{"background-color":"var(--ast-global-color-5)","background-image":"","background-repeat":"repeat","background-position":"center center","background-size":"auto","background-attachment":"scroll","background-type":"","background-media":"","overlay-type":"","overlay-color":"","overlay-opacity":"","overlay-gradient":""}}},"product_brand":[],"product_cat":[22955],"product_tag":[],"class_list":{"0":"post-505688","1":"product","2":"type-product","3":"status-publish","4":"has-post-thumbnail","6":"product_cat-pas-de-categorie","7":"desktop-align-center","8":"tablet-align-center","9":"mobile-align-center","10":"ast-product-gallery-layout-horizontal","11":"ast-product-tabs-layout-horizontal","13":"first","14":"instock","15":"taxable","16":"shipping-taxable","17":"purchasable","18":"product-type-simple"},"acf":[],"yoast_head":"<!-- This site is optimized with the Yoast SEO plugin v26.5 - https:\/\/yoast.com\/wordpress\/plugins\/seo\/ -->\n<title>Radio-R\u00e9veil DAB+ avec Chargeur Sans Fil - Bluetooth - 2 Sonneries - Radio FM (HCG012QIDAB-BT) - Caliber Europe B.V.<\/title>\n<meta name=\"robots\" content=\"noindex, follow, max-snippet:-1, max-image-preview:large, max-video-preview:-1\" \/>\n<meta property=\"og:locale\" content=\"fr_FR\" \/>\n<meta property=\"og:type\" content=\"article\" \/>\n<meta property=\"og:title\" content=\"Radio-R\u00e9veil DAB+ avec Chargeur Sans Fil - Bluetooth - 2 Sonneries - Radio FM (HCG012QIDAB-BT) - Caliber Europe B.V.\" \/>\n<meta property=\"og:description\" content=\"R\u00e9veillez-vous chaque matin avec vos morceaux pr\u00e9f\u00e9r\u00e9s \u00e0 la radio et un t\u00e9l\u00e9phone charg\u00e9 gr\u00e2ce au radio-r\u00e9veil Caliber HCG012QIDAB-BT DAB+ avec chargeur sans fil . Le radio-r\u00e9veil utilise la technologie intelligente Qi , qui permet de recharger votre t\u00e9l\u00e9phone en un rien de temps sans avoir besoin d&#039;un c\u00e2ble de recharge. La radio FM et [&hellip;]\" \/>\n<meta property=\"og:url\" content=\"https:\/\/b2b.calibereurope.com\/fr\/produit\/hcg012qidab-bt-fr_fr\/\" \/>\n<meta property=\"og:site_name\" content=\"Caliber Europe B.V.\" \/>\n<meta property=\"article:modified_time\" content=\"2024-12-26T18:01:39+00:00\" \/>\n<meta property=\"og:image\" content=\"https:\/\/b2b.calibereurope.com\/wp-content\/uploads\/2021\/11\/1cf535bea243defb2f2984718cd30bf44bee7047_HCG012QiDAB_BT.jpg\" \/>\n\t<meta property=\"og:image:width\" content=\"1024\" \/>\n\t<meta property=\"og:image:height\" content=\"768\" \/>\n\t<meta property=\"og:image:type\" content=\"image\/jpeg\" \/>\n<meta name=\"twitter:card\" content=\"summary_large_image\" \/>\n<meta name=\"twitter:label1\" content=\"Dur\u00e9e de lecture estim\u00e9e\" \/>\n\t<meta name=\"twitter:data1\" content=\"2 minutes\" \/>\n<script type=\"application\/ld+json\" class=\"yoast-schema-graph\">{\"@context\":\"https:\/\/schema.org\",\"@graph\":[{\"@type\":\"WebPage\",\"@id\":\"https:\/\/b2b.calibereurope.com\/fr\/produit\/hcg012qidab-bt-fr_fr\/\",\"url\":\"https:\/\/b2b.calibereurope.com\/fr\/produit\/hcg012qidab-bt-fr_fr\/\",\"name\":\"Radio-R\u00e9veil DAB+ avec Chargeur Sans Fil - Bluetooth - 2 Sonneries - Radio FM (HCG012QIDAB-BT) - Caliber Europe B.V.\",\"isPartOf\":{\"@id\":\"https:\/\/b2b.calibereurope.com\/#website\"},\"primaryImageOfPage\":{\"@id\":\"https:\/\/b2b.calibereurope.com\/fr\/produit\/hcg012qidab-bt-fr_fr\/#primaryimage\"},\"image\":{\"@id\":\"https:\/\/b2b.calibereurope.com\/fr\/produit\/hcg012qidab-bt-fr_fr\/#primaryimage\"},\"thumbnailUrl\":\"https:\/\/b2b.calibereurope.com\/wp-content\/uploads\/2024\/07\/1cf535bea243defb2f2984718cd30bf44bee7047_HCG012QiDAB_BT.jpg\",\"datePublished\":\"2024-07-17T00:00:00+00:00\",\"dateModified\":\"2024-12-26T18:01:39+00:00\",\"breadcrumb\":{\"@id\":\"https:\/\/b2b.calibereurope.com\/fr\/produit\/hcg012qidab-bt-fr_fr\/#breadcrumb\"},\"inLanguage\":\"fr-FR\",\"potentialAction\":[{\"@type\":\"ReadAction\",\"target\":[\"https:\/\/b2b.calibereurope.com\/fr\/produit\/hcg012qidab-bt-fr_fr\/\"]}]},{\"@type\":\"ImageObject\",\"inLanguage\":\"fr-FR\",\"@id\":\"https:\/\/b2b.calibereurope.com\/fr\/produit\/hcg012qidab-bt-fr_fr\/#primaryimage\",\"url\":\"https:\/\/b2b.calibereurope.com\/wp-content\/uploads\/2024\/07\/1cf535bea243defb2f2984718cd30bf44bee7047_HCG012QiDAB_BT.jpg\",\"contentUrl\":\"https:\/\/b2b.calibereurope.com\/wp-content\/uploads\/2024\/07\/1cf535bea243defb2f2984718cd30bf44bee7047_HCG012QiDAB_BT.jpg\",\"width\":1024,\"height\":768},{\"@type\":\"BreadcrumbList\",\"@id\":\"https:\/\/b2b.calibereurope.com\/fr\/produit\/hcg012qidab-bt-fr_fr\/#breadcrumb\",\"itemListElement\":[{\"@type\":\"ListItem\",\"position\":1,\"name\":\"Home\",\"item\":\"https:\/\/b2b.calibereurope.com\/fr\/home\/\"},{\"@type\":\"ListItem\",\"position\":2,\"name\":\"Boutique\",\"item\":\"https:\/\/b2b.calibereurope.com\/fr\/boutique\/\"},{\"@type\":\"ListItem\",\"position\":3,\"name\":\"R\u00e9veil radio avec DAB+ et chargeur de t\u00e9l\u00e9phone Qi sans fil &#8211; (HCG012QiDAB-BT)\"}]},{\"@type\":\"WebSite\",\"@id\":\"https:\/\/b2b.calibereurope.com\/#website\",\"url\":\"https:\/\/b2b.calibereurope.com\/\",\"name\":\"Caliber Europe B.V.\",\"description\":\"B2B Webshop\",\"publisher\":{\"@id\":\"https:\/\/b2b.calibereurope.com\/#organization\"},\"potentialAction\":[{\"@type\":\"SearchAction\",\"target\":{\"@type\":\"EntryPoint\",\"urlTemplate\":\"https:\/\/b2b.calibereurope.com\/?s={search_term_string}\"},\"query-input\":{\"@type\":\"PropertyValueSpecification\",\"valueRequired\":true,\"valueName\":\"search_term_string\"}}],\"inLanguage\":\"fr-FR\"},{\"@type\":\"Organization\",\"@id\":\"https:\/\/b2b.calibereurope.com\/#organization\",\"name\":\"Caliber Europe B.V.\",\"url\":\"https:\/\/b2b.calibereurope.com\/\",\"logo\":{\"@type\":\"ImageObject\",\"inLanguage\":\"fr-FR\",\"@id\":\"https:\/\/b2b.calibereurope.com\/#\/schema\/logo\/image\/\",\"url\":\"https:\/\/b2b.calibereurope.com\/wp-content\/uploads\/2020\/12\/Caliber_Logo-Black.png\",\"contentUrl\":\"https:\/\/b2b.calibereurope.com\/wp-content\/uploads\/2020\/12\/Caliber_Logo-Black.png\",\"width\":3157,\"height\":356,\"caption\":\"Caliber Europe B.V.\"},\"image\":{\"@id\":\"https:\/\/b2b.calibereurope.com\/#\/schema\/logo\/image\/\"}}]}<\/script>\n<!-- \/ Yoast SEO plugin. -->","yoast_head_json":{"title":"Radio-R\u00e9veil DAB+ avec Chargeur Sans Fil - Bluetooth - 2 Sonneries - Radio FM (HCG012QIDAB-BT) - Caliber Europe B.V.","robots":{"index":"noindex","follow":"follow","max-snippet":"max-snippet:-1","max-image-preview":"max-image-preview:large","max-video-preview":"max-video-preview:-1"},"og_locale":"fr_FR","og_type":"article","og_title":"Radio-R\u00e9veil DAB+ avec Chargeur Sans Fil - Bluetooth - 2 Sonneries - Radio FM (HCG012QIDAB-BT) - Caliber Europe B.V.","og_description":"R\u00e9veillez-vous chaque matin avec vos morceaux pr\u00e9f\u00e9r\u00e9s \u00e0 la radio et un t\u00e9l\u00e9phone charg\u00e9 gr\u00e2ce au radio-r\u00e9veil Caliber HCG012QIDAB-BT DAB+ avec chargeur sans fil . Le radio-r\u00e9veil utilise la technologie intelligente Qi , qui permet de recharger votre t\u00e9l\u00e9phone en un rien de temps sans avoir besoin d&#39;un c\u00e2ble de recharge. La radio FM et [&hellip;]","og_url":"https:\/\/b2b.calibereurope.com\/fr\/produit\/hcg012qidab-bt-fr_fr\/","og_site_name":"Caliber Europe B.V.","article_modified_time":"2024-12-26T18:01:39+00:00","og_image":[{"width":1024,"height":768,"url":"https:\/\/b2b.calibereurope.com\/wp-content\/uploads\/2021\/11\/1cf535bea243defb2f2984718cd30bf44bee7047_HCG012QiDAB_BT.jpg","type":"image\/jpeg"}],"twitter_card":"summary_large_image","twitter_misc":{"Dur\u00e9e de lecture estim\u00e9e":"2 minutes"},"schema":{"@context":"https:\/\/schema.org","@graph":[{"@type":"WebPage","@id":"https:\/\/b2b.calibereurope.com\/fr\/produit\/hcg012qidab-bt-fr_fr\/","url":"https:\/\/b2b.calibereurope.com\/fr\/produit\/hcg012qidab-bt-fr_fr\/","name":"Radio-R\u00e9veil DAB+ avec Chargeur Sans Fil - Bluetooth - 2 Sonneries - Radio FM (HCG012QIDAB-BT) - Caliber Europe B.V.","isPartOf":{"@id":"https:\/\/b2b.calibereurope.com\/#website"},"primaryImageOfPage":{"@id":"https:\/\/b2b.calibereurope.com\/fr\/produit\/hcg012qidab-bt-fr_fr\/#primaryimage"},"image":{"@id":"https:\/\/b2b.calibereurope.com\/fr\/produit\/hcg012qidab-bt-fr_fr\/#primaryimage"},"thumbnailUrl":"https:\/\/b2b.calibereurope.com\/wp-content\/uploads\/2024\/07\/1cf535bea243defb2f2984718cd30bf44bee7047_HCG012QiDAB_BT.jpg","datePublished":"2024-07-17T00:00:00+00:00","dateModified":"2024-12-26T18:01:39+00:00","breadcrumb":{"@id":"https:\/\/b2b.calibereurope.com\/fr\/produit\/hcg012qidab-bt-fr_fr\/#breadcrumb"},"inLanguage":"fr-FR","potentialAction":[{"@type":"ReadAction","target":["https:\/\/b2b.calibereurope.com\/fr\/produit\/hcg012qidab-bt-fr_fr\/"]}]},{"@type":"ImageObject","inLanguage":"fr-FR","@id":"https:\/\/b2b.calibereurope.com\/fr\/produit\/hcg012qidab-bt-fr_fr\/#primaryimage","url":"https:\/\/b2b.calibereurope.com\/wp-content\/uploads\/2024\/07\/1cf535bea243defb2f2984718cd30bf44bee7047_HCG012QiDAB_BT.jpg","contentUrl":"https:\/\/b2b.calibereurope.com\/wp-content\/uploads\/2024\/07\/1cf535bea243defb2f2984718cd30bf44bee7047_HCG012QiDAB_BT.jpg","width":1024,"height":768},{"@type":"BreadcrumbList","@id":"https:\/\/b2b.calibereurope.com\/fr\/produit\/hcg012qidab-bt-fr_fr\/#breadcrumb","itemListElement":[{"@type":"ListItem","position":1,"name":"Home","item":"https:\/\/b2b.calibereurope.com\/fr\/home\/"},{"@type":"ListItem","position":2,"name":"Boutique","item":"https:\/\/b2b.calibereurope.com\/fr\/boutique\/"},{"@type":"ListItem","position":3,"name":"R\u00e9veil radio avec DAB+ et chargeur de t\u00e9l\u00e9phone Qi sans fil &#8211; (HCG012QiDAB-BT)"}]},{"@type":"WebSite","@id":"https:\/\/b2b.calibereurope.com\/#website","url":"https:\/\/b2b.calibereurope.com\/","name":"Caliber Europe B.V.","description":"B2B Webshop","publisher":{"@id":"https:\/\/b2b.calibereurope.com\/#organization"},"potentialAction":[{"@type":"SearchAction","target":{"@type":"EntryPoint","urlTemplate":"https:\/\/b2b.calibereurope.com\/?s={search_term_string}"},"query-input":{"@type":"PropertyValueSpecification","valueRequired":true,"valueName":"search_term_string"}}],"inLanguage":"fr-FR"},{"@type":"Organization","@id":"https:\/\/b2b.calibereurope.com\/#organization","name":"Caliber Europe B.V.","url":"https:\/\/b2b.calibereurope.com\/","logo":{"@type":"ImageObject","inLanguage":"fr-FR","@id":"https:\/\/b2b.calibereurope.com\/#\/schema\/logo\/image\/","url":"https:\/\/b2b.calibereurope.com\/wp-content\/uploads\/2020\/12\/Caliber_Logo-Black.png","contentUrl":"https:\/\/b2b.calibereurope.com\/wp-content\/uploads\/2020\/12\/Caliber_Logo-Black.png","width":3157,"height":356,"caption":"Caliber Europe B.V."},"image":{"@id":"https:\/\/b2b.calibereurope.com\/#\/schema\/logo\/image\/"}}]}},"_links":{"self":[{"href":"https:\/\/b2b.calibereurope.com\/fr\/wp-json\/wp\/v2\/product\/505688","targetHints":{"allow":["GET"]}}],"collection":[{"href":"https:\/\/b2b.calibereurope.com\/fr\/wp-json\/wp\/v2\/product"}],"about":[{"href":"https:\/\/b2b.calibereurope.com\/fr\/wp-json\/wp\/v2\/types\/product"}],"version-history":[{"count":0,"href":"https:\/\/b2b.calibereurope.com\/fr\/wp-json\/wp\/v2\/product\/505688\/revisions"}],"wp:featuredmedia":[{"embeddable":true,"href":"https:\/\/b2b.calibereurope.com\/fr\/wp-json\/wp\/v2\/media\/850704"}],"wp:attachment":[{"href":"https:\/\/b2b.calibereurope.com\/fr\/wp-json\/wp\/v2\/media?parent=505688"}],"wp:term":[{"taxonomy":"product_brand","embeddable":true,"href":"https:\/\/b2b.calibereurope.com\/fr\/wp-json\/wp\/v2\/product_brand?post=505688"},{"taxonomy":"product_cat","embeddable":true,"href":"https:\/\/b2b.calibereurope.com\/fr\/wp-json\/wp\/v2\/product_cat?post=505688"},{"taxonomy":"product_tag","embeddable":true,"href":"https:\/\/b2b.calibereurope.com\/fr\/wp-json\/wp\/v2\/product_tag?post=505688"}],"curies":[{"name":"wp","href":"https:\/\/api.w.org\/{rel}","templated":true}]}}