{"id":505984,"date":"2021-12-22T01:00:00","date_gmt":"2021-09-21T00:00:00","guid":{"rendered":"https:\/\/b2b.calibereurope.com\/product\/hpg543btl-fr_fr\/"},"modified":"2022-03-09T15:37:50","modified_gmt":"2022-03-09T14:37:50","slug":"hpg543btl-fr_fr","status":"publish","type":"product","link":"https:\/\/b2b.calibereurope.com\/fr\/produit\/hpg543btl-fr_fr\/","title":{"rendered":"Haut-parleur Bluetooth omnidirectionnel &#8211; Noir (HPG543BTL)"},"content":{"rendered":"<p>Le Caliber HPG543BTL est un haut-parleur Bluetooth\u00ae omnidirectionnel. Cela signifie que le haut-parleur donne du son tout autour. Vous mettez donc le haut-parleur au milieu lorsque vous \u00eates avec un groupe, pour que tout le monde entende la musique de la m\u00eame fa\u00e7on. Emmenez le haut-parleur par la poign\u00e9e \u00e0 la plage ou au parc. Les pare-chocs en caoutchouc inclus emp\u00eachent d&rsquo;endommager le haut-parleur. Connexion Bluetooth\u00ae Vous pouvez facilement connecter le Caliber HPG543BTL \u00e0 un appareil Bluetooth\u00ae tel qu&rsquo;un smartphone, une tablette ou un ordinateur portable. Vous appr\u00e9ciez votre musique sans fil de bonne qualit\u00e9. Les profils Bluetooth\u00ae A2DP et AVRCP assurent une diffusion fluide et \u00e9vitent les probl\u00e8mes de connexion. powerCette enceinte Bluetooth\u00ae est adapt\u00e9e \u00e0 une utilisation en groupe \u00e0 l&rsquo;ext\u00e9rieur. Avec un volume maximum de 210 watts, le haut-parleur a suffisamment de puissance pour passer facilement au-dessus des appels. Vous organisez une f\u00eate dans le jardin et vous voulez encore plus de pouvoir ? Ensuite, connectez deux haut-parleurs HPG543BTL l&rsquo;un \u00e0 l&rsquo;autre pour obtenir plus de volume et un son plus large. Un plaisir suppl\u00e9mentaire pour les f\u00eates : l&rsquo;orateur dispose d&rsquo;un \u00e9clairage LED int\u00e9gr\u00e9 de diff\u00e9rentes couleurs. Le HPG543BTL fonctionne sur une batterie int\u00e9gr\u00e9e de 4400mAh, avec laquelle vous pouvez avancer jusqu&rsquo;\u00e0 4 heures. Vous rechargez la batterie avec le c\u00e2ble usb C inclus. L&rsquo;orateur a de multiples connexions. Vous connectez un appareil via un c\u00e2ble auxiliaire de 3,5 mm et vous avez la possibilit\u00e9 de connecter un microphone via l&rsquo;entr\u00e9e jack de 6,3 mm. Vous voulez jouer de la musique \u00e0 partir d&rsquo;une cl\u00e9 USB ? Cela peut \u00e9galement se faire via le port usb qui supporte un stick jusqu&rsquo;\u00e0 32 Go. CertificationsLes produits Caliber sont toujours fournis avec les certifications requises et r\u00e9pondent aux exigences de l&rsquo;UE en mati\u00e8re de produits \u00e9lectriques. l&rsquo;utilisation de produits \u00e9lectriques non certifi\u00e9s peut entra\u00eener un danger\/une blessure pour l&rsquo;utilisateur et\/ou son environnement. l&rsquo;utilisation de produits non certifi\u00e9s peut entra\u00eener l&rsquo;exclusion de la couverture et\/ou du paiement de votre assurance. veuillez y faire attention lors de l&rsquo;achat d&rsquo;un produit.<\/p>\n","protected":false},"excerpt":{"rendered":"<p>Le Caliber HPG543BTL est un haut-parleur Bluetooth\u00ae omnidirectionnel. Cela signifie que le haut-parleur donne du son tout autour. Vous mettez donc le haut-parleur au milieu lorsque vous \u00eates avec un groupe, pour que tout le monde entende la musique de la m\u00eame fa\u00e7on. Emmenez le haut-parleur par la poign\u00e9e \u00e0 la plage ou au parc. [&hellip;]<\/p>\n","protected":false},"featured_media":631319,"template":"","meta":{"_acf_changed":false,"site-sidebar-layout":"default","site-content-layout":"","ast-site-content-layout":"default","site-content-style":"default","site-sidebar-style":"default","ast-global-header-display":"","ast-banner-title-visibility":"","ast-main-header-display":"","ast-hfb-above-header-display":"","ast-hfb-below-header-display":"","ast-hfb-mobile-header-display":"","site-post-title":"","ast-breadcrumbs-content":"","ast-featured-img":"","footer-sml-layout":"","theme-transparent-header-meta":"","adv-header-id-meta":"","stick-header-meta":"","header-above-stick-meta":"","header-main-stick-meta":"","header-below-stick-meta":"","astra-migrate-meta-layouts":"default","ast-page-background-enabled":"default","ast-page-background-meta":{"desktop":{"background-color":"","background-image":"","background-repeat":"repeat","background-position":"center center","background-size":"auto","background-attachment":"scroll","background-type":"","background-media":"","overlay-type":"","overlay-color":"","overlay-opacity":"","overlay-gradient":""},"tablet":{"background-color":"","background-image":"","background-repeat":"repeat","background-position":"center center","background-size":"auto","background-attachment":"scroll","background-type":"","background-media":"","overlay-type":"","overlay-color":"","overlay-opacity":"","overlay-gradient":""},"mobile":{"background-color":"","background-image":"","background-repeat":"repeat","background-position":"center center","background-size":"auto","background-attachment":"scroll","background-type":"","background-media":"","overlay-type":"","overlay-color":"","overlay-opacity":"","overlay-gradient":""}},"ast-content-background-meta":{"desktop":{"background-color":"var(--ast-global-color-5)","background-image":"","background-repeat":"repeat","background-position":"center center","background-size":"auto","background-attachment":"scroll","background-type":"","background-media":"","overlay-type":"","overlay-color":"","overlay-opacity":"","overlay-gradient":""},"tablet":{"background-color":"var(--ast-global-color-5)","background-image":"","background-repeat":"repeat","background-position":"center center","background-size":"auto","background-attachment":"scroll","background-type":"","background-media":"","overlay-type":"","overlay-color":"","overlay-opacity":"","overlay-gradient":""},"mobile":{"background-color":"var(--ast-global-color-5)","background-image":"","background-repeat":"repeat","background-position":"center center","background-size":"auto","background-attachment":"scroll","background-type":"","background-media":"","overlay-type":"","overlay-color":"","overlay-opacity":"","overlay-gradient":""}}},"product_brand":[],"product_cat":[12250,12230],"product_tag":[],"class_list":{"0":"post-505984","1":"product","2":"type-product","3":"status-publish","4":"has-post-thumbnail","6":"product_cat-bluetooth_speakers_geluid_fr_fr","7":"product_cat-geluid_fr_fr","8":"desktop-align-center","9":"tablet-align-center","10":"mobile-align-center","11":"ast-product-gallery-layout-horizontal","12":"ast-product-tabs-layout-horizontal","14":"first","15":"outofstock","16":"taxable","17":"shipping-taxable","18":"purchasable","19":"product-type-simple"},"acf":[],"yoast_head":"<!-- This site is optimized with the Yoast SEO plugin v26.5 - https:\/\/yoast.com\/wordpress\/plugins\/seo\/ -->\n<title>Haut-parleur Bluetooth omnidirectionnel - Noir (HPG543BTL) - Caliber Europe B.V.<\/title>\n<meta name=\"robots\" content=\"noindex, follow, max-snippet:-1, max-image-preview:large, max-video-preview:-1\" \/>\n<meta property=\"og:locale\" content=\"fr_FR\" \/>\n<meta property=\"og:type\" content=\"article\" \/>\n<meta property=\"og:title\" content=\"Haut-parleur Bluetooth omnidirectionnel - Noir (HPG543BTL) - Caliber Europe B.V.\" \/>\n<meta property=\"og:description\" content=\"Le Caliber HPG543BTL est un haut-parleur Bluetooth\u00ae omnidirectionnel. Cela signifie que le haut-parleur donne du son tout autour. Vous mettez donc le haut-parleur au milieu lorsque vous \u00eates avec un groupe, pour que tout le monde entende la musique de la m\u00eame fa\u00e7on. Emmenez le haut-parleur par la poign\u00e9e \u00e0 la plage ou au parc. [&hellip;]\" \/>\n<meta property=\"og:url\" content=\"https:\/\/b2b.calibereurope.com\/fr\/produit\/hpg543btl-fr_fr\/\" \/>\n<meta property=\"og:site_name\" content=\"Caliber Europe B.V.\" \/>\n<meta property=\"article:modified_time\" content=\"2022-03-09T14:37:50+00:00\" \/>\n<meta property=\"og:image\" content=\"https:\/\/b2b.calibereurope.com\/wp-content\/uploads\/2021\/09\/c29455e2996787bf137e25d91875f365cbfda9f4_HPG543BTL.jpg\" \/>\n\t<meta property=\"og:image:width\" content=\"1024\" \/>\n\t<meta property=\"og:image:height\" content=\"768\" \/>\n\t<meta property=\"og:image:type\" content=\"image\/jpeg\" \/>\n<meta name=\"twitter:card\" content=\"summary_large_image\" \/>\n<meta name=\"twitter:label1\" content=\"Dur\u00e9e de lecture estim\u00e9e\" \/>\n\t<meta name=\"twitter:data1\" content=\"2 minutes\" \/>\n<script type=\"application\/ld+json\" class=\"yoast-schema-graph\">{\"@context\":\"https:\/\/schema.org\",\"@graph\":[{\"@type\":\"WebPage\",\"@id\":\"https:\/\/b2b.calibereurope.com\/fr\/produit\/hpg543btl-fr_fr\/\",\"url\":\"https:\/\/b2b.calibereurope.com\/fr\/produit\/hpg543btl-fr_fr\/\",\"name\":\"Haut-parleur Bluetooth omnidirectionnel - Noir (HPG543BTL) - Caliber Europe B.V.\",\"isPartOf\":{\"@id\":\"https:\/\/b2b.calibereurope.com\/#website\"},\"primaryImageOfPage\":{\"@id\":\"https:\/\/b2b.calibereurope.com\/fr\/produit\/hpg543btl-fr_fr\/#primaryimage\"},\"image\":{\"@id\":\"https:\/\/b2b.calibereurope.com\/fr\/produit\/hpg543btl-fr_fr\/#primaryimage\"},\"thumbnailUrl\":\"https:\/\/b2b.calibereurope.com\/wp-content\/uploads\/2022\/03\/c29455e2996787bf137e25d91875f365cbfda9f4_HPG543BTL.jpg\",\"datePublished\":\"2021-09-21T00:00:00+00:00\",\"dateModified\":\"2022-03-09T14:37:50+00:00\",\"breadcrumb\":{\"@id\":\"https:\/\/b2b.calibereurope.com\/fr\/produit\/hpg543btl-fr_fr\/#breadcrumb\"},\"inLanguage\":\"fr-FR\",\"potentialAction\":[{\"@type\":\"ReadAction\",\"target\":[\"https:\/\/b2b.calibereurope.com\/fr\/produit\/hpg543btl-fr_fr\/\"]}]},{\"@type\":\"ImageObject\",\"inLanguage\":\"fr-FR\",\"@id\":\"https:\/\/b2b.calibereurope.com\/fr\/produit\/hpg543btl-fr_fr\/#primaryimage\",\"url\":\"https:\/\/b2b.calibereurope.com\/wp-content\/uploads\/2022\/03\/c29455e2996787bf137e25d91875f365cbfda9f4_HPG543BTL.jpg\",\"contentUrl\":\"https:\/\/b2b.calibereurope.com\/wp-content\/uploads\/2022\/03\/c29455e2996787bf137e25d91875f365cbfda9f4_HPG543BTL.jpg\",\"width\":1024,\"height\":768},{\"@type\":\"BreadcrumbList\",\"@id\":\"https:\/\/b2b.calibereurope.com\/fr\/produit\/hpg543btl-fr_fr\/#breadcrumb\",\"itemListElement\":[{\"@type\":\"ListItem\",\"position\":1,\"name\":\"Home\",\"item\":\"https:\/\/b2b.calibereurope.com\/fr\/home\/\"},{\"@type\":\"ListItem\",\"position\":2,\"name\":\"Boutique\",\"item\":\"https:\/\/b2b.calibereurope.com\/fr\/boutique\/\"},{\"@type\":\"ListItem\",\"position\":3,\"name\":\"Haut-parleur Bluetooth omnidirectionnel &#8211; Noir (HPG543BTL)\"}]},{\"@type\":\"WebSite\",\"@id\":\"https:\/\/b2b.calibereurope.com\/#website\",\"url\":\"https:\/\/b2b.calibereurope.com\/\",\"name\":\"Caliber Europe B.V.\",\"description\":\"B2B Webshop\",\"publisher\":{\"@id\":\"https:\/\/b2b.calibereurope.com\/#organization\"},\"potentialAction\":[{\"@type\":\"SearchAction\",\"target\":{\"@type\":\"EntryPoint\",\"urlTemplate\":\"https:\/\/b2b.calibereurope.com\/?s={search_term_string}\"},\"query-input\":{\"@type\":\"PropertyValueSpecification\",\"valueRequired\":true,\"valueName\":\"search_term_string\"}}],\"inLanguage\":\"fr-FR\"},{\"@type\":\"Organization\",\"@id\":\"https:\/\/b2b.calibereurope.com\/#organization\",\"name\":\"Caliber Europe B.V.\",\"url\":\"https:\/\/b2b.calibereurope.com\/\",\"logo\":{\"@type\":\"ImageObject\",\"inLanguage\":\"fr-FR\",\"@id\":\"https:\/\/b2b.calibereurope.com\/#\/schema\/logo\/image\/\",\"url\":\"https:\/\/b2b.calibereurope.com\/wp-content\/uploads\/2020\/12\/Caliber_Logo-Black.png\",\"contentUrl\":\"https:\/\/b2b.calibereurope.com\/wp-content\/uploads\/2020\/12\/Caliber_Logo-Black.png\",\"width\":3157,\"height\":356,\"caption\":\"Caliber Europe B.V.\"},\"image\":{\"@id\":\"https:\/\/b2b.calibereurope.com\/#\/schema\/logo\/image\/\"}}]}<\/script>\n<!-- \/ Yoast SEO plugin. -->","yoast_head_json":{"title":"Haut-parleur Bluetooth omnidirectionnel - Noir (HPG543BTL) - Caliber Europe B.V.","robots":{"index":"noindex","follow":"follow","max-snippet":"max-snippet:-1","max-image-preview":"max-image-preview:large","max-video-preview":"max-video-preview:-1"},"og_locale":"fr_FR","og_type":"article","og_title":"Haut-parleur Bluetooth omnidirectionnel - Noir (HPG543BTL) - Caliber Europe B.V.","og_description":"Le Caliber HPG543BTL est un haut-parleur Bluetooth\u00ae omnidirectionnel. Cela signifie que le haut-parleur donne du son tout autour. Vous mettez donc le haut-parleur au milieu lorsque vous \u00eates avec un groupe, pour que tout le monde entende la musique de la m\u00eame fa\u00e7on. Emmenez le haut-parleur par la poign\u00e9e \u00e0 la plage ou au parc. [&hellip;]","og_url":"https:\/\/b2b.calibereurope.com\/fr\/produit\/hpg543btl-fr_fr\/","og_site_name":"Caliber Europe B.V.","article_modified_time":"2022-03-09T14:37:50+00:00","og_image":[{"width":1024,"height":768,"url":"https:\/\/b2b.calibereurope.com\/wp-content\/uploads\/2021\/09\/c29455e2996787bf137e25d91875f365cbfda9f4_HPG543BTL.jpg","type":"image\/jpeg"}],"twitter_card":"summary_large_image","twitter_misc":{"Dur\u00e9e de lecture estim\u00e9e":"2 minutes"},"schema":{"@context":"https:\/\/schema.org","@graph":[{"@type":"WebPage","@id":"https:\/\/b2b.calibereurope.com\/fr\/produit\/hpg543btl-fr_fr\/","url":"https:\/\/b2b.calibereurope.com\/fr\/produit\/hpg543btl-fr_fr\/","name":"Haut-parleur Bluetooth omnidirectionnel - Noir (HPG543BTL) - Caliber Europe B.V.","isPartOf":{"@id":"https:\/\/b2b.calibereurope.com\/#website"},"primaryImageOfPage":{"@id":"https:\/\/b2b.calibereurope.com\/fr\/produit\/hpg543btl-fr_fr\/#primaryimage"},"image":{"@id":"https:\/\/b2b.calibereurope.com\/fr\/produit\/hpg543btl-fr_fr\/#primaryimage"},"thumbnailUrl":"https:\/\/b2b.calibereurope.com\/wp-content\/uploads\/2022\/03\/c29455e2996787bf137e25d91875f365cbfda9f4_HPG543BTL.jpg","datePublished":"2021-09-21T00:00:00+00:00","dateModified":"2022-03-09T14:37:50+00:00","breadcrumb":{"@id":"https:\/\/b2b.calibereurope.com\/fr\/produit\/hpg543btl-fr_fr\/#breadcrumb"},"inLanguage":"fr-FR","potentialAction":[{"@type":"ReadAction","target":["https:\/\/b2b.calibereurope.com\/fr\/produit\/hpg543btl-fr_fr\/"]}]},{"@type":"ImageObject","inLanguage":"fr-FR","@id":"https:\/\/b2b.calibereurope.com\/fr\/produit\/hpg543btl-fr_fr\/#primaryimage","url":"https:\/\/b2b.calibereurope.com\/wp-content\/uploads\/2022\/03\/c29455e2996787bf137e25d91875f365cbfda9f4_HPG543BTL.jpg","contentUrl":"https:\/\/b2b.calibereurope.com\/wp-content\/uploads\/2022\/03\/c29455e2996787bf137e25d91875f365cbfda9f4_HPG543BTL.jpg","width":1024,"height":768},{"@type":"BreadcrumbList","@id":"https:\/\/b2b.calibereurope.com\/fr\/produit\/hpg543btl-fr_fr\/#breadcrumb","itemListElement":[{"@type":"ListItem","position":1,"name":"Home","item":"https:\/\/b2b.calibereurope.com\/fr\/home\/"},{"@type":"ListItem","position":2,"name":"Boutique","item":"https:\/\/b2b.calibereurope.com\/fr\/boutique\/"},{"@type":"ListItem","position":3,"name":"Haut-parleur Bluetooth omnidirectionnel &#8211; Noir (HPG543BTL)"}]},{"@type":"WebSite","@id":"https:\/\/b2b.calibereurope.com\/#website","url":"https:\/\/b2b.calibereurope.com\/","name":"Caliber Europe B.V.","description":"B2B Webshop","publisher":{"@id":"https:\/\/b2b.calibereurope.com\/#organization"},"potentialAction":[{"@type":"SearchAction","target":{"@type":"EntryPoint","urlTemplate":"https:\/\/b2b.calibereurope.com\/?s={search_term_string}"},"query-input":{"@type":"PropertyValueSpecification","valueRequired":true,"valueName":"search_term_string"}}],"inLanguage":"fr-FR"},{"@type":"Organization","@id":"https:\/\/b2b.calibereurope.com\/#organization","name":"Caliber Europe B.V.","url":"https:\/\/b2b.calibereurope.com\/","logo":{"@type":"ImageObject","inLanguage":"fr-FR","@id":"https:\/\/b2b.calibereurope.com\/#\/schema\/logo\/image\/","url":"https:\/\/b2b.calibereurope.com\/wp-content\/uploads\/2020\/12\/Caliber_Logo-Black.png","contentUrl":"https:\/\/b2b.calibereurope.com\/wp-content\/uploads\/2020\/12\/Caliber_Logo-Black.png","width":3157,"height":356,"caption":"Caliber Europe B.V."},"image":{"@id":"https:\/\/b2b.calibereurope.com\/#\/schema\/logo\/image\/"}}]}},"_links":{"self":[{"href":"https:\/\/b2b.calibereurope.com\/fr\/wp-json\/wp\/v2\/product\/505984","targetHints":{"allow":["GET"]}}],"collection":[{"href":"https:\/\/b2b.calibereurope.com\/fr\/wp-json\/wp\/v2\/product"}],"about":[{"href":"https:\/\/b2b.calibereurope.com\/fr\/wp-json\/wp\/v2\/types\/product"}],"version-history":[{"count":0,"href":"https:\/\/b2b.calibereurope.com\/fr\/wp-json\/wp\/v2\/product\/505984\/revisions"}],"wp:featuredmedia":[{"embeddable":true,"href":"https:\/\/b2b.calibereurope.com\/fr\/wp-json\/wp\/v2\/media\/631319"}],"wp:attachment":[{"href":"https:\/\/b2b.calibereurope.com\/fr\/wp-json\/wp\/v2\/media?parent=505984"}],"wp:term":[{"taxonomy":"product_brand","embeddable":true,"href":"https:\/\/b2b.calibereurope.com\/fr\/wp-json\/wp\/v2\/product_brand?post=505984"},{"taxonomy":"product_cat","embeddable":true,"href":"https:\/\/b2b.calibereurope.com\/fr\/wp-json\/wp\/v2\/product_cat?post=505984"},{"taxonomy":"product_tag","embeddable":true,"href":"https:\/\/b2b.calibereurope.com\/fr\/wp-json\/wp\/v2\/product_tag?post=505984"}],"curies":[{"name":"wp","href":"https:\/\/api.w.org\/{rel}","templated":true}]}}