{"id":509920,"date":"2023-07-31T02:00:00","date_gmt":"2023-07-31T00:00:00","guid":{"rendered":""},"modified":"2024-12-26T19:02:14","modified_gmt":"2024-12-26T18:02:14","slug":"hpg512bt-fr_fr","status":"publish","type":"product","link":"https:\/\/b2b.calibereurope.com\/fr\/produit\/hpg512bt-fr_fr\/","title":{"rendered":"Bluetooth Enceinte sans fil avec batterie &#8211; Karaok\u00e9 complet avec microphone et \u00e9chographie (HPG512BT)"},"content":{"rendered":"<p> Transformez chaque f\u00eate de la maison en une f\u00eate de karaok\u00e9 avec le karaok\u00e9 de Caliber HPG512BT se d\u00e9roulant en un rien de temps. Gr\u00e2ce \u00e0 <strong> Bluetooth Technology <\/strong>, vous pouvez facilement connecter votre t\u00e9l\u00e9phone pour jouer vos chansons pr\u00e9f\u00e9r\u00e9es. Vous pouvez \u00e9galement utiliser le port <strong> USB <\/strong> pour lier votre t\u00e9l\u00e9phone ou pour connecter un b\u00e2ton USB <\/strong>. Le haut-parleur sans fil est \u00e9quip\u00e9 d&#39;un <strong> tuner FM <\/strong>, afin que vous puissiez \u00e9galement \u00e9couter la radio. Avec le <strong> microphone fourni <\/strong>, vous pouvez chanter avec toute votre musique pr\u00e9f\u00e9r\u00e9e et mettre la basse plus dure avec le bouton <strong> basse <\/strong>. <\/p>\n<p> <strong> Propri\u00e9t\u00e9s: <\/strong> <\/p>\n<ul>\n<li> Bouton de basse contr\u00f4lable pour basse suppl\u00e9mentaire\n<li> 10 m\u00e8tres Bluetooth Plage <l> Microphone de karaok\u00e9 Avec Echo Effect\n<li> Connexion AUX (3,5 mm)\n<li> \u00c9galement adapt\u00e9 aux b\u00e2tons USB ou aux cartes SD\n<li> tuner FM-Radio int\u00e9gr\u00e9\n<li> 15 watt Power total <\/li>\n<\/ul>\n<h3 > L&#39;ensemble de karaok\u00e9 parfait pour la maison <\/h3>\n<p> aimez-vous une f\u00eate? Ensuite, ce haut-parleur sans fil de Caliber ne devrait pas \u00eatre manqu\u00e9 dans votre salon. Le haut-parleur de karaok\u00e9 est facile \u00e0 connecter \u00e0 votre t\u00e9l\u00e9phone via la technologie Bluetooth. Le microphone de karaok\u00e9 fourni peut \u00eatre connect\u00e9 \u00e0 la bo\u00eete de karaok\u00e9. Utilisez le bouton Echo pour donner \u00e0 vos comp\u00e9tences de chant un bel effet. <\/p>\n<h3> Vos chansons pr\u00e9f\u00e9r\u00e9es dans Reach <\/h3>\n<p> Connectez votre t\u00e9l\u00e9phone avec Bluetooth ou utilisez le port USB ou le c\u00e2ble AUX pour connecter votre smartphone. Vous pouvez m\u00eame percer une carte SD ou un b\u00e2ton USB pour une exp\u00e9rience autonome. Pr\u00e9f\u00e9rez-vous \u00eatre surpris? Ensuite, utilisez le tuner FM pour \u00e9couter toutes les stations de radio c\u00e9l\u00e8bres. <\/p>\n<h3> adapt\u00e9 \u00e0 emporter avec vous <\/h3>\n<p> La bo\u00eete contient une batterie rechargeable construite. Avec cela, vous avez jusqu&#39;\u00e0 6 heures de temps de jeu. Vous pouvez \u00e9galement prendre la bo\u00eete Bluetooth avec un microphone pour pique-niquer dans le parc, une excursion en bateau ou une journ\u00e9e de plage. De cette fa\u00e7on, vous avez toujours votre musique pr\u00e9f\u00e9r\u00e9e avec vous et vous pouvez m\u00eame faire un jeu de karaok\u00e9 \u00e0 l&#39;improviste. En bref, avec la bo\u00eete de karaok\u00e9, vous \u00eates toujours pr\u00eat pour une f\u00eate! <\/p>\n<p> <strong> <br \/> inclus: <\/strong> <\/p>\n<ul>\n<li> Caliber HPG512BT\n<li> C\u00e2ble de charge USB\n<li> Microphone avec connexion de 3,5 mm <l> C\u00e2ble AUX 3,5 mm<br \/>\n","protected":false},"excerpt":{"rendered":"<p>Transformez chaque f\u00eate de la maison en une f\u00eate de karaok\u00e9 avec le karaok\u00e9 de Caliber HPG512BT se d\u00e9roulant en un rien de temps. Gr\u00e2ce \u00e0 Bluetooth Technology , vous pouvez facilement connecter votre t\u00e9l\u00e9phone pour jouer vos chansons pr\u00e9f\u00e9r\u00e9es. Vous pouvez \u00e9galement utiliser le port USB pour lier votre t\u00e9l\u00e9phone ou pour connecter un [&hellip;]<\/p>\n","protected":false},"featured_media":832102,"template":"","meta":{"_acf_changed":false,"site-sidebar-layout":"default","site-content-layout":"","ast-site-content-layout":"default","site-content-style":"default","site-sidebar-style":"default","ast-global-header-display":"","ast-banner-title-visibility":"","ast-main-header-display":"","ast-hfb-above-header-display":"","ast-hfb-below-header-display":"","ast-hfb-mobile-header-display":"","site-post-title":"","ast-breadcrumbs-content":"","ast-featured-img":"","footer-sml-layout":"","theme-transparent-header-meta":"","adv-header-id-meta":"","stick-header-meta":"","header-above-stick-meta":"","header-main-stick-meta":"","header-below-stick-meta":"","astra-migrate-meta-layouts":"default","ast-page-background-enabled":"default","ast-page-background-meta":{"desktop":{"background-color":"","background-image":"","background-repeat":"repeat","background-position":"center center","background-size":"auto","background-attachment":"scroll","background-type":"","background-media":"","overlay-type":"","overlay-color":"","overlay-opacity":"","overlay-gradient":""},"tablet":{"background-color":"","background-image":"","background-repeat":"repeat","background-position":"center center","background-size":"auto","background-attachment":"scroll","background-type":"","background-media":"","overlay-type":"","overlay-color":"","overlay-opacity":"","overlay-gradient":""},"mobile":{"background-color":"","background-image":"","background-repeat":"repeat","background-position":"center center","background-size":"auto","background-attachment":"scroll","background-type":"","background-media":"","overlay-type":"","overlay-color":"","overlay-opacity":"","overlay-gradient":""}},"ast-content-background-meta":{"desktop":{"background-color":"var(--ast-global-color-5)","background-image":"","background-repeat":"repeat","background-position":"center center","background-size":"auto","background-attachment":"scroll","background-type":"","background-media":"","overlay-type":"","overlay-color":"","overlay-opacity":"","overlay-gradient":""},"tablet":{"background-color":"var(--ast-global-color-5)","background-image":"","background-repeat":"repeat","background-position":"center center","background-size":"auto","background-attachment":"scroll","background-type":"","background-media":"","overlay-type":"","overlay-color":"","overlay-opacity":"","overlay-gradient":""},"mobile":{"background-color":"var(--ast-global-color-5)","background-image":"","background-repeat":"repeat","background-position":"center center","background-size":"auto","background-attachment":"scroll","background-type":"","background-media":"","overlay-type":"","overlay-color":"","overlay-opacity":"","overlay-gradient":""}}},"product_brand":[],"product_cat":[22955],"product_tag":[],"class_list":{"0":"post-509920","1":"product","2":"type-product","3":"status-publish","4":"has-post-thumbnail","6":"product_cat-pas-de-categorie","7":"desktop-align-center","8":"tablet-align-center","9":"mobile-align-center","10":"ast-product-gallery-layout-horizontal","11":"ast-product-tabs-layout-horizontal","13":"first","14":"instock","15":"taxable","16":"shipping-taxable","17":"purchasable","18":"product-type-simple"},"acf":[],"yoast_head":"<!-- This site is optimized with the Yoast SEO plugin v26.5 - https:\/\/yoast.com\/wordpress\/plugins\/seo\/ -->\n<title>Bluetooth Enceinte sans fil avec batterie - Karaok\u00e9 complet avec microphone et \u00e9chographie (HPG512BT) - Caliber Europe B.V.<\/title>\n<meta name=\"robots\" content=\"noindex, follow, max-snippet:-1, max-image-preview:large, max-video-preview:-1\" \/>\n<meta property=\"og:locale\" content=\"fr_FR\" \/>\n<meta property=\"og:type\" content=\"article\" \/>\n<meta property=\"og:title\" content=\"Bluetooth Enceinte sans fil avec batterie - Karaok\u00e9 complet avec microphone et \u00e9chographie (HPG512BT) - Caliber Europe B.V.\" \/>\n<meta property=\"og:description\" content=\"Transformez chaque f\u00eate de la maison en une f\u00eate de karaok\u00e9 avec le karaok\u00e9 de Caliber HPG512BT se d\u00e9roulant en un rien de temps. Gr\u00e2ce \u00e0 Bluetooth Technology , vous pouvez facilement connecter votre t\u00e9l\u00e9phone pour jouer vos chansons pr\u00e9f\u00e9r\u00e9es. Vous pouvez \u00e9galement utiliser le port USB pour lier votre t\u00e9l\u00e9phone ou pour connecter un [&hellip;]\" \/>\n<meta property=\"og:url\" content=\"https:\/\/b2b.calibereurope.com\/fr\/produit\/hpg512bt-fr_fr\/\" \/>\n<meta property=\"og:site_name\" content=\"Caliber Europe B.V.\" \/>\n<meta property=\"article:modified_time\" content=\"2024-12-26T18:02:14+00:00\" \/>\n<meta property=\"og:image\" content=\"https:\/\/b2b.calibereurope.com\/wp-content\/uploads\/2021\/09\/728750fc81440d8c58c32e9a24cc77c3b94314a9_HPG512BT_withMic.jpg\" \/>\n\t<meta property=\"og:image:width\" content=\"1024\" \/>\n\t<meta property=\"og:image:height\" content=\"768\" \/>\n\t<meta property=\"og:image:type\" content=\"image\/jpeg\" \/>\n<meta name=\"twitter:card\" content=\"summary_large_image\" \/>\n<meta name=\"twitter:label1\" content=\"Dur\u00e9e de lecture estim\u00e9e\" \/>\n\t<meta name=\"twitter:data1\" content=\"2 minutes\" \/>\n<script type=\"application\/ld+json\" class=\"yoast-schema-graph\">{\"@context\":\"https:\/\/schema.org\",\"@graph\":[{\"@type\":\"WebPage\",\"@id\":\"https:\/\/b2b.calibereurope.com\/fr\/produit\/hpg512bt-fr_fr\/\",\"url\":\"https:\/\/b2b.calibereurope.com\/fr\/produit\/hpg512bt-fr_fr\/\",\"name\":\"Bluetooth Enceinte sans fil avec batterie - Karaok\u00e9 complet avec microphone et \u00e9chographie (HPG512BT) - Caliber Europe B.V.\",\"isPartOf\":{\"@id\":\"https:\/\/b2b.calibereurope.com\/#website\"},\"primaryImageOfPage\":{\"@id\":\"https:\/\/b2b.calibereurope.com\/fr\/produit\/hpg512bt-fr_fr\/#primaryimage\"},\"image\":{\"@id\":\"https:\/\/b2b.calibereurope.com\/fr\/produit\/hpg512bt-fr_fr\/#primaryimage\"},\"thumbnailUrl\":\"https:\/\/b2b.calibereurope.com\/wp-content\/uploads\/2023\/07\/728750fc81440d8c58c32e9a24cc77c3b94314a9_HPG512BT_withMic.jpg\",\"datePublished\":\"2023-07-31T00:00:00+00:00\",\"dateModified\":\"2024-12-26T18:02:14+00:00\",\"breadcrumb\":{\"@id\":\"https:\/\/b2b.calibereurope.com\/fr\/produit\/hpg512bt-fr_fr\/#breadcrumb\"},\"inLanguage\":\"fr-FR\",\"potentialAction\":[{\"@type\":\"ReadAction\",\"target\":[\"https:\/\/b2b.calibereurope.com\/fr\/produit\/hpg512bt-fr_fr\/\"]}]},{\"@type\":\"ImageObject\",\"inLanguage\":\"fr-FR\",\"@id\":\"https:\/\/b2b.calibereurope.com\/fr\/produit\/hpg512bt-fr_fr\/#primaryimage\",\"url\":\"https:\/\/b2b.calibereurope.com\/wp-content\/uploads\/2023\/07\/728750fc81440d8c58c32e9a24cc77c3b94314a9_HPG512BT_withMic.jpg\",\"contentUrl\":\"https:\/\/b2b.calibereurope.com\/wp-content\/uploads\/2023\/07\/728750fc81440d8c58c32e9a24cc77c3b94314a9_HPG512BT_withMic.jpg\",\"width\":1024,\"height\":768},{\"@type\":\"BreadcrumbList\",\"@id\":\"https:\/\/b2b.calibereurope.com\/fr\/produit\/hpg512bt-fr_fr\/#breadcrumb\",\"itemListElement\":[{\"@type\":\"ListItem\",\"position\":1,\"name\":\"Home\",\"item\":\"https:\/\/b2b.calibereurope.com\/fr\/home\/\"},{\"@type\":\"ListItem\",\"position\":2,\"name\":\"Boutique\",\"item\":\"https:\/\/b2b.calibereurope.com\/fr\/boutique\/\"},{\"@type\":\"ListItem\",\"position\":3,\"name\":\"Karaok\u00e9 &#8211; Avec microphone Noir (HPG512BT)\"}]},{\"@type\":\"WebSite\",\"@id\":\"https:\/\/b2b.calibereurope.com\/#website\",\"url\":\"https:\/\/b2b.calibereurope.com\/\",\"name\":\"Caliber Europe B.V.\",\"description\":\"B2B Webshop\",\"publisher\":{\"@id\":\"https:\/\/b2b.calibereurope.com\/#organization\"},\"potentialAction\":[{\"@type\":\"SearchAction\",\"target\":{\"@type\":\"EntryPoint\",\"urlTemplate\":\"https:\/\/b2b.calibereurope.com\/?s={search_term_string}\"},\"query-input\":{\"@type\":\"PropertyValueSpecification\",\"valueRequired\":true,\"valueName\":\"search_term_string\"}}],\"inLanguage\":\"fr-FR\"},{\"@type\":\"Organization\",\"@id\":\"https:\/\/b2b.calibereurope.com\/#organization\",\"name\":\"Caliber Europe B.V.\",\"url\":\"https:\/\/b2b.calibereurope.com\/\",\"logo\":{\"@type\":\"ImageObject\",\"inLanguage\":\"fr-FR\",\"@id\":\"https:\/\/b2b.calibereurope.com\/#\/schema\/logo\/image\/\",\"url\":\"https:\/\/b2b.calibereurope.com\/wp-content\/uploads\/2020\/12\/Caliber_Logo-Black.png\",\"contentUrl\":\"https:\/\/b2b.calibereurope.com\/wp-content\/uploads\/2020\/12\/Caliber_Logo-Black.png\",\"width\":3157,\"height\":356,\"caption\":\"Caliber Europe B.V.\"},\"image\":{\"@id\":\"https:\/\/b2b.calibereurope.com\/#\/schema\/logo\/image\/\"}}]}<\/script>\n<!-- \/ Yoast SEO plugin. -->","yoast_head_json":{"title":"Bluetooth Enceinte sans fil avec batterie - Karaok\u00e9 complet avec microphone et \u00e9chographie (HPG512BT) - Caliber Europe B.V.","robots":{"index":"noindex","follow":"follow","max-snippet":"max-snippet:-1","max-image-preview":"max-image-preview:large","max-video-preview":"max-video-preview:-1"},"og_locale":"fr_FR","og_type":"article","og_title":"Bluetooth Enceinte sans fil avec batterie - Karaok\u00e9 complet avec microphone et \u00e9chographie (HPG512BT) - Caliber Europe B.V.","og_description":"Transformez chaque f\u00eate de la maison en une f\u00eate de karaok\u00e9 avec le karaok\u00e9 de Caliber HPG512BT se d\u00e9roulant en un rien de temps. Gr\u00e2ce \u00e0 Bluetooth Technology , vous pouvez facilement connecter votre t\u00e9l\u00e9phone pour jouer vos chansons pr\u00e9f\u00e9r\u00e9es. Vous pouvez \u00e9galement utiliser le port USB pour lier votre t\u00e9l\u00e9phone ou pour connecter un [&hellip;]","og_url":"https:\/\/b2b.calibereurope.com\/fr\/produit\/hpg512bt-fr_fr\/","og_site_name":"Caliber Europe B.V.","article_modified_time":"2024-12-26T18:02:14+00:00","og_image":[{"width":1024,"height":768,"url":"https:\/\/b2b.calibereurope.com\/wp-content\/uploads\/2021\/09\/728750fc81440d8c58c32e9a24cc77c3b94314a9_HPG512BT_withMic.jpg","type":"image\/jpeg"}],"twitter_card":"summary_large_image","twitter_misc":{"Dur\u00e9e de lecture estim\u00e9e":"2 minutes"},"schema":{"@context":"https:\/\/schema.org","@graph":[{"@type":"WebPage","@id":"https:\/\/b2b.calibereurope.com\/fr\/produit\/hpg512bt-fr_fr\/","url":"https:\/\/b2b.calibereurope.com\/fr\/produit\/hpg512bt-fr_fr\/","name":"Bluetooth Enceinte sans fil avec batterie - Karaok\u00e9 complet avec microphone et \u00e9chographie (HPG512BT) - Caliber Europe B.V.","isPartOf":{"@id":"https:\/\/b2b.calibereurope.com\/#website"},"primaryImageOfPage":{"@id":"https:\/\/b2b.calibereurope.com\/fr\/produit\/hpg512bt-fr_fr\/#primaryimage"},"image":{"@id":"https:\/\/b2b.calibereurope.com\/fr\/produit\/hpg512bt-fr_fr\/#primaryimage"},"thumbnailUrl":"https:\/\/b2b.calibereurope.com\/wp-content\/uploads\/2023\/07\/728750fc81440d8c58c32e9a24cc77c3b94314a9_HPG512BT_withMic.jpg","datePublished":"2023-07-31T00:00:00+00:00","dateModified":"2024-12-26T18:02:14+00:00","breadcrumb":{"@id":"https:\/\/b2b.calibereurope.com\/fr\/produit\/hpg512bt-fr_fr\/#breadcrumb"},"inLanguage":"fr-FR","potentialAction":[{"@type":"ReadAction","target":["https:\/\/b2b.calibereurope.com\/fr\/produit\/hpg512bt-fr_fr\/"]}]},{"@type":"ImageObject","inLanguage":"fr-FR","@id":"https:\/\/b2b.calibereurope.com\/fr\/produit\/hpg512bt-fr_fr\/#primaryimage","url":"https:\/\/b2b.calibereurope.com\/wp-content\/uploads\/2023\/07\/728750fc81440d8c58c32e9a24cc77c3b94314a9_HPG512BT_withMic.jpg","contentUrl":"https:\/\/b2b.calibereurope.com\/wp-content\/uploads\/2023\/07\/728750fc81440d8c58c32e9a24cc77c3b94314a9_HPG512BT_withMic.jpg","width":1024,"height":768},{"@type":"BreadcrumbList","@id":"https:\/\/b2b.calibereurope.com\/fr\/produit\/hpg512bt-fr_fr\/#breadcrumb","itemListElement":[{"@type":"ListItem","position":1,"name":"Home","item":"https:\/\/b2b.calibereurope.com\/fr\/home\/"},{"@type":"ListItem","position":2,"name":"Boutique","item":"https:\/\/b2b.calibereurope.com\/fr\/boutique\/"},{"@type":"ListItem","position":3,"name":"Karaok\u00e9 &#8211; Avec microphone Noir (HPG512BT)"}]},{"@type":"WebSite","@id":"https:\/\/b2b.calibereurope.com\/#website","url":"https:\/\/b2b.calibereurope.com\/","name":"Caliber Europe B.V.","description":"B2B Webshop","publisher":{"@id":"https:\/\/b2b.calibereurope.com\/#organization"},"potentialAction":[{"@type":"SearchAction","target":{"@type":"EntryPoint","urlTemplate":"https:\/\/b2b.calibereurope.com\/?s={search_term_string}"},"query-input":{"@type":"PropertyValueSpecification","valueRequired":true,"valueName":"search_term_string"}}],"inLanguage":"fr-FR"},{"@type":"Organization","@id":"https:\/\/b2b.calibereurope.com\/#organization","name":"Caliber Europe B.V.","url":"https:\/\/b2b.calibereurope.com\/","logo":{"@type":"ImageObject","inLanguage":"fr-FR","@id":"https:\/\/b2b.calibereurope.com\/#\/schema\/logo\/image\/","url":"https:\/\/b2b.calibereurope.com\/wp-content\/uploads\/2020\/12\/Caliber_Logo-Black.png","contentUrl":"https:\/\/b2b.calibereurope.com\/wp-content\/uploads\/2020\/12\/Caliber_Logo-Black.png","width":3157,"height":356,"caption":"Caliber Europe B.V."},"image":{"@id":"https:\/\/b2b.calibereurope.com\/#\/schema\/logo\/image\/"}}]}},"_links":{"self":[{"href":"https:\/\/b2b.calibereurope.com\/fr\/wp-json\/wp\/v2\/product\/509920","targetHints":{"allow":["GET"]}}],"collection":[{"href":"https:\/\/b2b.calibereurope.com\/fr\/wp-json\/wp\/v2\/product"}],"about":[{"href":"https:\/\/b2b.calibereurope.com\/fr\/wp-json\/wp\/v2\/types\/product"}],"version-history":[{"count":0,"href":"https:\/\/b2b.calibereurope.com\/fr\/wp-json\/wp\/v2\/product\/509920\/revisions"}],"wp:featuredmedia":[{"embeddable":true,"href":"https:\/\/b2b.calibereurope.com\/fr\/wp-json\/wp\/v2\/media\/832102"}],"wp:attachment":[{"href":"https:\/\/b2b.calibereurope.com\/fr\/wp-json\/wp\/v2\/media?parent=509920"}],"wp:term":[{"taxonomy":"product_brand","embeddable":true,"href":"https:\/\/b2b.calibereurope.com\/fr\/wp-json\/wp\/v2\/product_brand?post=509920"},{"taxonomy":"product_cat","embeddable":true,"href":"https:\/\/b2b.calibereurope.com\/fr\/wp-json\/wp\/v2\/product_cat?post=509920"},{"taxonomy":"product_tag","embeddable":true,"href":"https:\/\/b2b.calibereurope.com\/fr\/wp-json\/wp\/v2\/product_tag?post=509920"}],"curies":[{"name":"wp","href":"https:\/\/api.w.org\/{rel}","templated":true}]}}