{"id":510716,"date":"2022-09-13T02:00:00","date_gmt":"2022-09-13T00:00:00","guid":{"rendered":""},"modified":"2023-11-13T07:00:50","modified_gmt":"2023-11-13T06:00:50","slug":"hpg419btl-fr_fr","status":"publish","type":"product","link":"https:\/\/b2b.calibereurope.com\/fr\/produit\/hpg419btl-fr_fr\/","title":{"rendered":"Enceinte Bluetooth Karaok\u00e9 &#8211; Avec Lumi\u00e8res Led Noir (HPG419BTL)"},"content":{"rendered":"<div>Avec l&#39;enceinte de f\u00eate Caliber HPG419BTL Streaming, vous pouvez en faire une vraie f\u00eate. L&#39;enceinte convient pour une agr\u00e9able soir\u00e9e karaok\u00e9 \u00e0 la maison ou dans une petite salle. Le HPG419BTL a un aspect saisissant gr\u00e2ce \u00e0 son \u00e9clairage LED multicolore. L&#39;\u00e9clairage se d\u00e9place comme un \u00e9galiseur en m\u00eame temps que la musique et peut \u00eatre r\u00e9gl\u00e9 sur 5 positions. Cela vous mettra imm\u00e9diatement dans l&#39;ambiance de la f\u00eate. Si vous n&#39;en avez pas envie, vous pouvez simplement \u00e9teindre \u00e0 nouveau l&#39;\u00e9clairage.&nbsp;<\/div>\n<div><\/div>\n<div><span style=\"font-weight: bold;\">Haut-parleur karaok\u00e9 portable<\/span><\/div>\n<div>Le HPG419BTL dispose d&#39;une fonction Karaoke Sing-Along, qui vous permet d&#39;utiliser le microphone filaire fourni tout en \u00e9coutant de la musique. Vous pouvez transformer n&#39;importe quelle occasion en une soir\u00e9e karaok\u00e9. L&#39;enceinte dispose m\u00eame de deux prises micro de 6,3 mm, ce qui vous permet de voler la vedette en duo. Utilisez l&#39;entr\u00e9e de ligne pour une connexion c\u00e2bl\u00e9e \u00e0 un appareil externe, tel qu&#39;un ordinateur portable. Avez-vous vos hits karaok\u00e9 sur une cl\u00e9 USB ou une carte SD ? Pas de probl\u00e8me, le HPG419BTL dispose de ports pour ces derniers. Contr\u00f4lez l&#39;enceinte via le panneau avec affichage LED ou via l&#39;application, que vous installez sur votre smartphone.<\/div>\n<div><\/div>\n<div><span style=\"font-weight: bold;\">Connexion au streaming&nbsp;<\/span><\/div>\n<div>Le streaming permet de connecter l&#39;enceinte \u00e0 votre smartphone, votre tablette ou votre ordinateur, afin que vous puissiez \u00e9couter votre musique pr\u00e9f\u00e9r\u00e9e partout. Le HPG419BTL a une port\u00e9e de 10 m\u00e8tres, ce qui vous \u00e9vite de devoir rester pr\u00e8s de l&#39;enceinte pendant la f\u00eate. Les profils de streaming A2DP et AVRCP garantissent un son de haute qualit\u00e9, sans aucun accroc dans la connexion.<\/div>\n<div><\/div>\n<div><span style=\"font-weight: bold;\">Des basses lourdes et suffisamment puissantes<\/span><\/div>\n<div>Gr\u00e2ce \u00e0 la combinaison d&#39;un woofer et de 2 haut-parleurs, le HPG 419BLT offre un son puissant et clair. Le woofer actif de 15 watts et de 6,5 pouces fournit des basses profondes, qui font que tout le monde sent un battement dans son estomac. Les deux haut-parleurs de 7,5 watts et 2,5 pouces offrent un bon \u00e9quilibre dans les aigus. Avec une puissance totale de 30 Watt, vous ne manquerez pas de volume pour votre f\u00eate.<\/div>\n<div><\/div>\n<div><span style=\"font-weight: bold;\">Emmenez le haut-parleur partout<\/span><\/div>\n<div>Le HPG 419BLT est dot\u00e9 d&#39;une sangle pratique qui vous permet de le porter sur votre \u00e9paule. La batterie rechargeable int\u00e9gr\u00e9e peut durer jusqu&#39;\u00e0 8 heures. Lorsque la batterie est vide, vous pouvez recharger l&#39;enceinte avec l&#39;adaptateur fourni.<\/div>\n","protected":false},"excerpt":{"rendered":"<p>Avec l&#39;enceinte de f\u00eate Caliber HPG419BTL Streaming, vous pouvez en faire une vraie f\u00eate. L&#39;enceinte convient pour une agr\u00e9able soir\u00e9e karaok\u00e9 \u00e0 la maison ou dans une petite salle. Le HPG419BTL a un aspect saisissant gr\u00e2ce \u00e0 son \u00e9clairage LED multicolore. L&#39;\u00e9clairage se d\u00e9place comme un \u00e9galiseur en m\u00eame temps que la musique et peut [&hellip;]<\/p>\n","protected":false},"featured_media":730713,"template":"","meta":{"_acf_changed":false,"site-sidebar-layout":"default","site-content-layout":"","ast-site-content-layout":"default","site-content-style":"default","site-sidebar-style":"default","ast-global-header-display":"","ast-banner-title-visibility":"","ast-main-header-display":"","ast-hfb-above-header-display":"","ast-hfb-below-header-display":"","ast-hfb-mobile-header-display":"","site-post-title":"","ast-breadcrumbs-content":"","ast-featured-img":"","footer-sml-layout":"","theme-transparent-header-meta":"","adv-header-id-meta":"","stick-header-meta":"","header-above-stick-meta":"","header-main-stick-meta":"","header-below-stick-meta":"","astra-migrate-meta-layouts":"default","ast-page-background-enabled":"default","ast-page-background-meta":{"desktop":{"background-color":"","background-image":"","background-repeat":"repeat","background-position":"center center","background-size":"auto","background-attachment":"scroll","background-type":"","background-media":"","overlay-type":"","overlay-color":"","overlay-opacity":"","overlay-gradient":""},"tablet":{"background-color":"","background-image":"","background-repeat":"repeat","background-position":"center center","background-size":"auto","background-attachment":"scroll","background-type":"","background-media":"","overlay-type":"","overlay-color":"","overlay-opacity":"","overlay-gradient":""},"mobile":{"background-color":"","background-image":"","background-repeat":"repeat","background-position":"center center","background-size":"auto","background-attachment":"scroll","background-type":"","background-media":"","overlay-type":"","overlay-color":"","overlay-opacity":"","overlay-gradient":""}},"ast-content-background-meta":{"desktop":{"background-color":"var(--ast-global-color-5)","background-image":"","background-repeat":"repeat","background-position":"center center","background-size":"auto","background-attachment":"scroll","background-type":"","background-media":"","overlay-type":"","overlay-color":"","overlay-opacity":"","overlay-gradient":""},"tablet":{"background-color":"var(--ast-global-color-5)","background-image":"","background-repeat":"repeat","background-position":"center center","background-size":"auto","background-attachment":"scroll","background-type":"","background-media":"","overlay-type":"","overlay-color":"","overlay-opacity":"","overlay-gradient":""},"mobile":{"background-color":"var(--ast-global-color-5)","background-image":"","background-repeat":"repeat","background-position":"center center","background-size":"auto","background-attachment":"scroll","background-type":"","background-media":"","overlay-type":"","overlay-color":"","overlay-opacity":"","overlay-gradient":""}}},"product_brand":[],"product_cat":[12246,12230],"product_tag":[],"class_list":{"0":"post-510716","1":"product","2":"type-product","3":"status-publish","4":"has-post-thumbnail","6":"product_cat-party_karaoke_speakers_fr_fr","7":"product_cat-geluid_fr_fr","8":"desktop-align-center","9":"tablet-align-center","10":"mobile-align-center","11":"ast-product-gallery-layout-horizontal","12":"ast-product-tabs-layout-horizontal","14":"first","15":"outofstock","16":"taxable","17":"shipping-taxable","18":"purchasable","19":"product-type-simple"},"acf":[],"yoast_head":"<!-- This site is optimized with the Yoast SEO plugin v26.5 - https:\/\/yoast.com\/wordpress\/plugins\/seo\/ -->\n<title>Enceinte Bluetooth Karaok\u00e9 - Avec Lumi\u00e8res Led Noir (HPG419BTL) - Caliber Europe B.V.<\/title>\n<meta name=\"robots\" content=\"noindex, follow, max-snippet:-1, max-image-preview:large, max-video-preview:-1\" \/>\n<meta property=\"og:locale\" content=\"fr_FR\" \/>\n<meta property=\"og:type\" content=\"article\" \/>\n<meta property=\"og:title\" content=\"Enceinte Bluetooth Karaok\u00e9 - Avec Lumi\u00e8res Led Noir (HPG419BTL) - Caliber Europe B.V.\" \/>\n<meta property=\"og:description\" content=\"Avec l&#039;enceinte de f\u00eate Caliber HPG419BTL Streaming, vous pouvez en faire une vraie f\u00eate. L&#039;enceinte convient pour une agr\u00e9able soir\u00e9e karaok\u00e9 \u00e0 la maison ou dans une petite salle. Le HPG419BTL a un aspect saisissant gr\u00e2ce \u00e0 son \u00e9clairage LED multicolore. L&#039;\u00e9clairage se d\u00e9place comme un \u00e9galiseur en m\u00eame temps que la musique et peut [&hellip;]\" \/>\n<meta property=\"og:url\" content=\"https:\/\/b2b.calibereurope.com\/fr\/produit\/hpg419btl-fr_fr\/\" \/>\n<meta property=\"og:site_name\" content=\"Caliber Europe B.V.\" \/>\n<meta property=\"article:modified_time\" content=\"2023-11-13T06:00:50+00:00\" \/>\n<meta property=\"og:image\" content=\"https:\/\/b2b.calibereurope.com\/wp-content\/uploads\/2021\/09\/182b845c05addb3adc96f4db833e52a405ee0943_HPG419BTL_front_web.jpg\" \/>\n\t<meta property=\"og:image:width\" content=\"1024\" \/>\n\t<meta property=\"og:image:height\" content=\"768\" \/>\n\t<meta property=\"og:image:type\" content=\"image\/jpeg\" \/>\n<meta name=\"twitter:card\" content=\"summary_large_image\" \/>\n<meta name=\"twitter:label1\" content=\"Dur\u00e9e de lecture estim\u00e9e\" \/>\n\t<meta name=\"twitter:data1\" content=\"2 minutes\" \/>\n<script type=\"application\/ld+json\" class=\"yoast-schema-graph\">{\"@context\":\"https:\/\/schema.org\",\"@graph\":[{\"@type\":\"WebPage\",\"@id\":\"https:\/\/b2b.calibereurope.com\/fr\/produit\/hpg419btl-fr_fr\/\",\"url\":\"https:\/\/b2b.calibereurope.com\/fr\/produit\/hpg419btl-fr_fr\/\",\"name\":\"Enceinte Bluetooth Karaok\u00e9 - Avec Lumi\u00e8res Led Noir (HPG419BTL) - Caliber Europe B.V.\",\"isPartOf\":{\"@id\":\"https:\/\/b2b.calibereurope.com\/#website\"},\"primaryImageOfPage\":{\"@id\":\"https:\/\/b2b.calibereurope.com\/fr\/produit\/hpg419btl-fr_fr\/#primaryimage\"},\"image\":{\"@id\":\"https:\/\/b2b.calibereurope.com\/fr\/produit\/hpg419btl-fr_fr\/#primaryimage\"},\"thumbnailUrl\":\"https:\/\/b2b.calibereurope.com\/wp-content\/uploads\/2022\/09\/182b845c05addb3adc96f4db833e52a405ee0943_HPG419BTL_front_web.jpg\",\"datePublished\":\"2022-09-13T00:00:00+00:00\",\"dateModified\":\"2023-11-13T06:00:50+00:00\",\"breadcrumb\":{\"@id\":\"https:\/\/b2b.calibereurope.com\/fr\/produit\/hpg419btl-fr_fr\/#breadcrumb\"},\"inLanguage\":\"fr-FR\",\"potentialAction\":[{\"@type\":\"ReadAction\",\"target\":[\"https:\/\/b2b.calibereurope.com\/fr\/produit\/hpg419btl-fr_fr\/\"]}]},{\"@type\":\"ImageObject\",\"inLanguage\":\"fr-FR\",\"@id\":\"https:\/\/b2b.calibereurope.com\/fr\/produit\/hpg419btl-fr_fr\/#primaryimage\",\"url\":\"https:\/\/b2b.calibereurope.com\/wp-content\/uploads\/2022\/09\/182b845c05addb3adc96f4db833e52a405ee0943_HPG419BTL_front_web.jpg\",\"contentUrl\":\"https:\/\/b2b.calibereurope.com\/wp-content\/uploads\/2022\/09\/182b845c05addb3adc96f4db833e52a405ee0943_HPG419BTL_front_web.jpg\",\"width\":1024,\"height\":768},{\"@type\":\"BreadcrumbList\",\"@id\":\"https:\/\/b2b.calibereurope.com\/fr\/produit\/hpg419btl-fr_fr\/#breadcrumb\",\"itemListElement\":[{\"@type\":\"ListItem\",\"position\":1,\"name\":\"Home\",\"item\":\"https:\/\/b2b.calibereurope.com\/fr\/home\/\"},{\"@type\":\"ListItem\",\"position\":2,\"name\":\"Boutique\",\"item\":\"https:\/\/b2b.calibereurope.com\/fr\/boutique\/\"},{\"@type\":\"ListItem\",\"position\":3,\"name\":\"Karaok\u00e9 &#8211; Avec \u00e9clairage \u00e0 leds Noir (HPG419BTL)\"}]},{\"@type\":\"WebSite\",\"@id\":\"https:\/\/b2b.calibereurope.com\/#website\",\"url\":\"https:\/\/b2b.calibereurope.com\/\",\"name\":\"Caliber Europe B.V.\",\"description\":\"B2B Webshop\",\"publisher\":{\"@id\":\"https:\/\/b2b.calibereurope.com\/#organization\"},\"potentialAction\":[{\"@type\":\"SearchAction\",\"target\":{\"@type\":\"EntryPoint\",\"urlTemplate\":\"https:\/\/b2b.calibereurope.com\/?s={search_term_string}\"},\"query-input\":{\"@type\":\"PropertyValueSpecification\",\"valueRequired\":true,\"valueName\":\"search_term_string\"}}],\"inLanguage\":\"fr-FR\"},{\"@type\":\"Organization\",\"@id\":\"https:\/\/b2b.calibereurope.com\/#organization\",\"name\":\"Caliber Europe B.V.\",\"url\":\"https:\/\/b2b.calibereurope.com\/\",\"logo\":{\"@type\":\"ImageObject\",\"inLanguage\":\"fr-FR\",\"@id\":\"https:\/\/b2b.calibereurope.com\/#\/schema\/logo\/image\/\",\"url\":\"https:\/\/b2b.calibereurope.com\/wp-content\/uploads\/2020\/12\/Caliber_Logo-Black.png\",\"contentUrl\":\"https:\/\/b2b.calibereurope.com\/wp-content\/uploads\/2020\/12\/Caliber_Logo-Black.png\",\"width\":3157,\"height\":356,\"caption\":\"Caliber Europe B.V.\"},\"image\":{\"@id\":\"https:\/\/b2b.calibereurope.com\/#\/schema\/logo\/image\/\"}}]}<\/script>\n<!-- \/ Yoast SEO plugin. -->","yoast_head_json":{"title":"Enceinte Bluetooth Karaok\u00e9 - Avec Lumi\u00e8res Led Noir (HPG419BTL) - Caliber Europe B.V.","robots":{"index":"noindex","follow":"follow","max-snippet":"max-snippet:-1","max-image-preview":"max-image-preview:large","max-video-preview":"max-video-preview:-1"},"og_locale":"fr_FR","og_type":"article","og_title":"Enceinte Bluetooth Karaok\u00e9 - Avec Lumi\u00e8res Led Noir (HPG419BTL) - Caliber Europe B.V.","og_description":"Avec l&#39;enceinte de f\u00eate Caliber HPG419BTL Streaming, vous pouvez en faire une vraie f\u00eate. L&#39;enceinte convient pour une agr\u00e9able soir\u00e9e karaok\u00e9 \u00e0 la maison ou dans une petite salle. Le HPG419BTL a un aspect saisissant gr\u00e2ce \u00e0 son \u00e9clairage LED multicolore. L&#39;\u00e9clairage se d\u00e9place comme un \u00e9galiseur en m\u00eame temps que la musique et peut [&hellip;]","og_url":"https:\/\/b2b.calibereurope.com\/fr\/produit\/hpg419btl-fr_fr\/","og_site_name":"Caliber Europe B.V.","article_modified_time":"2023-11-13T06:00:50+00:00","og_image":[{"width":1024,"height":768,"url":"https:\/\/b2b.calibereurope.com\/wp-content\/uploads\/2021\/09\/182b845c05addb3adc96f4db833e52a405ee0943_HPG419BTL_front_web.jpg","type":"image\/jpeg"}],"twitter_card":"summary_large_image","twitter_misc":{"Dur\u00e9e de lecture estim\u00e9e":"2 minutes"},"schema":{"@context":"https:\/\/schema.org","@graph":[{"@type":"WebPage","@id":"https:\/\/b2b.calibereurope.com\/fr\/produit\/hpg419btl-fr_fr\/","url":"https:\/\/b2b.calibereurope.com\/fr\/produit\/hpg419btl-fr_fr\/","name":"Enceinte Bluetooth Karaok\u00e9 - Avec Lumi\u00e8res Led Noir (HPG419BTL) - Caliber Europe B.V.","isPartOf":{"@id":"https:\/\/b2b.calibereurope.com\/#website"},"primaryImageOfPage":{"@id":"https:\/\/b2b.calibereurope.com\/fr\/produit\/hpg419btl-fr_fr\/#primaryimage"},"image":{"@id":"https:\/\/b2b.calibereurope.com\/fr\/produit\/hpg419btl-fr_fr\/#primaryimage"},"thumbnailUrl":"https:\/\/b2b.calibereurope.com\/wp-content\/uploads\/2022\/09\/182b845c05addb3adc96f4db833e52a405ee0943_HPG419BTL_front_web.jpg","datePublished":"2022-09-13T00:00:00+00:00","dateModified":"2023-11-13T06:00:50+00:00","breadcrumb":{"@id":"https:\/\/b2b.calibereurope.com\/fr\/produit\/hpg419btl-fr_fr\/#breadcrumb"},"inLanguage":"fr-FR","potentialAction":[{"@type":"ReadAction","target":["https:\/\/b2b.calibereurope.com\/fr\/produit\/hpg419btl-fr_fr\/"]}]},{"@type":"ImageObject","inLanguage":"fr-FR","@id":"https:\/\/b2b.calibereurope.com\/fr\/produit\/hpg419btl-fr_fr\/#primaryimage","url":"https:\/\/b2b.calibereurope.com\/wp-content\/uploads\/2022\/09\/182b845c05addb3adc96f4db833e52a405ee0943_HPG419BTL_front_web.jpg","contentUrl":"https:\/\/b2b.calibereurope.com\/wp-content\/uploads\/2022\/09\/182b845c05addb3adc96f4db833e52a405ee0943_HPG419BTL_front_web.jpg","width":1024,"height":768},{"@type":"BreadcrumbList","@id":"https:\/\/b2b.calibereurope.com\/fr\/produit\/hpg419btl-fr_fr\/#breadcrumb","itemListElement":[{"@type":"ListItem","position":1,"name":"Home","item":"https:\/\/b2b.calibereurope.com\/fr\/home\/"},{"@type":"ListItem","position":2,"name":"Boutique","item":"https:\/\/b2b.calibereurope.com\/fr\/boutique\/"},{"@type":"ListItem","position":3,"name":"Karaok\u00e9 &#8211; Avec \u00e9clairage \u00e0 leds Noir (HPG419BTL)"}]},{"@type":"WebSite","@id":"https:\/\/b2b.calibereurope.com\/#website","url":"https:\/\/b2b.calibereurope.com\/","name":"Caliber Europe B.V.","description":"B2B Webshop","publisher":{"@id":"https:\/\/b2b.calibereurope.com\/#organization"},"potentialAction":[{"@type":"SearchAction","target":{"@type":"EntryPoint","urlTemplate":"https:\/\/b2b.calibereurope.com\/?s={search_term_string}"},"query-input":{"@type":"PropertyValueSpecification","valueRequired":true,"valueName":"search_term_string"}}],"inLanguage":"fr-FR"},{"@type":"Organization","@id":"https:\/\/b2b.calibereurope.com\/#organization","name":"Caliber Europe B.V.","url":"https:\/\/b2b.calibereurope.com\/","logo":{"@type":"ImageObject","inLanguage":"fr-FR","@id":"https:\/\/b2b.calibereurope.com\/#\/schema\/logo\/image\/","url":"https:\/\/b2b.calibereurope.com\/wp-content\/uploads\/2020\/12\/Caliber_Logo-Black.png","contentUrl":"https:\/\/b2b.calibereurope.com\/wp-content\/uploads\/2020\/12\/Caliber_Logo-Black.png","width":3157,"height":356,"caption":"Caliber Europe B.V."},"image":{"@id":"https:\/\/b2b.calibereurope.com\/#\/schema\/logo\/image\/"}}]}},"_links":{"self":[{"href":"https:\/\/b2b.calibereurope.com\/fr\/wp-json\/wp\/v2\/product\/510716","targetHints":{"allow":["GET"]}}],"collection":[{"href":"https:\/\/b2b.calibereurope.com\/fr\/wp-json\/wp\/v2\/product"}],"about":[{"href":"https:\/\/b2b.calibereurope.com\/fr\/wp-json\/wp\/v2\/types\/product"}],"version-history":[{"count":0,"href":"https:\/\/b2b.calibereurope.com\/fr\/wp-json\/wp\/v2\/product\/510716\/revisions"}],"wp:featuredmedia":[{"embeddable":true,"href":"https:\/\/b2b.calibereurope.com\/fr\/wp-json\/wp\/v2\/media\/730713"}],"wp:attachment":[{"href":"https:\/\/b2b.calibereurope.com\/fr\/wp-json\/wp\/v2\/media?parent=510716"}],"wp:term":[{"taxonomy":"product_brand","embeddable":true,"href":"https:\/\/b2b.calibereurope.com\/fr\/wp-json\/wp\/v2\/product_brand?post=510716"},{"taxonomy":"product_cat","embeddable":true,"href":"https:\/\/b2b.calibereurope.com\/fr\/wp-json\/wp\/v2\/product_cat?post=510716"},{"taxonomy":"product_tag","embeddable":true,"href":"https:\/\/b2b.calibereurope.com\/fr\/wp-json\/wp\/v2\/product_tag?post=510716"}],"curies":[{"name":"wp","href":"https:\/\/api.w.org\/{rel}","templated":true}]}}