{"id":512180,"date":"2024-07-17T02:00:00","date_gmt":"2021-09-21T00:00:00","guid":{"rendered":"https:\/\/b2b.calibereurope.com\/product\/workxl1-fr_fr\/"},"modified":"2024-12-26T19:02:15","modified_gmt":"2024-12-26T18:02:15","slug":"workxl1-fr_fr","status":"publish","type":"product","link":"https:\/\/b2b.calibereurope.com\/fr\/produit\/workxl1-fr_fr\/","title":{"rendered":"Radio de chantier &#8211; FM \/ DAB+ Bluetooth R\u00e9sistant \u00e0 l&rsquo;eau et la poussi\u00e8re (WORKXL1)"},"content":{"rendered":"<p>Description du produit<\/p>\n<p> Avec chaque travail, vous \u00e9coutez toujours votre musique pr\u00e9f\u00e9r\u00e9e gr\u00e2ce \u00e0 cette radio de chantier Caliber WORKXL1. Avec les options de r\u00e9ception FM et DAB+, vous \u00e9coutez toujours votre programme radio pr\u00e9f\u00e9r\u00e9 dans la meilleure qualit\u00e9. Gr\u00e2ce \u00e0 l&rsquo;option de r\u00e9glage de 5 pr\u00e9s\u00e9lections pour la FM et le DAB+, vous pouvez rapidement passer d&rsquo;une station \u00e0 l&rsquo;autre. BluetoothVous avez envie d&rsquo;une autre musique, mais il n&rsquo;y a rien \u00e0 la radio ? Ce n&rsquo;est pas un probl\u00e8me avec cette radio de construction. Gr\u00e2ce au r\u00e9cepteur Bluetooth int\u00e9gr\u00e9, vous pouvez diffuser de la musique de (par exemple) Spotify vers la radio de l&rsquo;immeuble. Une entr\u00e9e auxiliaire est \u00e9galement int\u00e9gr\u00e9e pour diffuser de la musique par c\u00e2ble. RobusteLa radio de construction est une radio qui peut encaisser des coups. La cage en caoutchouc prot\u00e8ge la radio contre les chutes, les coups et les \u00e9raflures. Peu importe l&rsquo;utilisation en int\u00e9rieur ou en ext\u00e9rieur, le Caliber WORKXL1 est r\u00e9sistant \u00e0 l&rsquo;eau et \u00e0 la poussi\u00e8re et peut donc r\u00e9sister \u00e0 la pluie. pilesLa radio de chantier a de la place pour 6 piles D, toujours pratiques si vous n&rsquo;avez pas de prise de courant \u00e0 port\u00e9e de main ! Placez vos piles NiMH rechargeables, puis rechargez-les d\u00e8s que la radio de chantier est branch\u00e9e \u00e0 une prise murale. Les avantages en un coup d&rsquo;\u0153il &#8211; R\u00e9cepteur DAB+ &#8211; R\u00e9cepteur Bluetooth &#8211; Entr\u00e9e AUX &#8211; R\u00e9sistant \u00e0 la poussi\u00e8re et \u00e0 l&rsquo;eau &#8211; Emplacement pour 6 piles D (non incluses) &#8211; Batteries \u00e0 fonction de chargement &#8211; Sortie USB pour le chargement (par exemple) du t\u00e9l\u00e9phone &#8211; Cage en caoutchouc &#8211; Facile \u00e0 transporter Certifications : Les produits de calibrage sont toujours \u00e9quip\u00e9s des certifications requises et r\u00e9pondent aux exigences de l&rsquo;UE en mati\u00e8re de produits \u00e9lectriques. L&rsquo;utilisation de produits \u00e9lectriques non certifi\u00e9s peut entra\u00eener un danger\/une blessure pour l&rsquo;utilisateur et\/ou son environnement. L&rsquo;utilisation de produits non certifi\u00e9s peut entra\u00eener l&rsquo;exclusion de la couverture et\/ou le paiement de votre assurance. Faites attention \u00e0 cela lorsque vous achetez un produit.<\/p>\n","protected":false},"excerpt":{"rendered":"<p>Description du produit Avec chaque travail, vous \u00e9coutez toujours votre musique pr\u00e9f\u00e9r\u00e9e gr\u00e2ce \u00e0 cette radio de chantier Caliber WORKXL1. Avec les options de r\u00e9ception FM et DAB+, vous \u00e9coutez toujours votre programme radio pr\u00e9f\u00e9r\u00e9 dans la meilleure qualit\u00e9. Gr\u00e2ce \u00e0 l&rsquo;option de r\u00e9glage de 5 pr\u00e9s\u00e9lections pour la FM et le DAB+, vous pouvez [&hellip;]<\/p>\n","protected":false},"featured_media":850908,"template":"","meta":{"_acf_changed":false,"site-sidebar-layout":"default","site-content-layout":"","ast-site-content-layout":"default","site-content-style":"default","site-sidebar-style":"default","ast-global-header-display":"","ast-banner-title-visibility":"","ast-main-header-display":"","ast-hfb-above-header-display":"","ast-hfb-below-header-display":"","ast-hfb-mobile-header-display":"","site-post-title":"","ast-breadcrumbs-content":"","ast-featured-img":"","footer-sml-layout":"","theme-transparent-header-meta":"","adv-header-id-meta":"","stick-header-meta":"","header-above-stick-meta":"","header-main-stick-meta":"","header-below-stick-meta":"","astra-migrate-meta-layouts":"default","ast-page-background-enabled":"default","ast-page-background-meta":{"desktop":{"background-color":"","background-image":"","background-repeat":"repeat","background-position":"center center","background-size":"auto","background-attachment":"scroll","background-type":"","background-media":"","overlay-type":"","overlay-color":"","overlay-opacity":"","overlay-gradient":""},"tablet":{"background-color":"","background-image":"","background-repeat":"repeat","background-position":"center center","background-size":"auto","background-attachment":"scroll","background-type":"","background-media":"","overlay-type":"","overlay-color":"","overlay-opacity":"","overlay-gradient":""},"mobile":{"background-color":"","background-image":"","background-repeat":"repeat","background-position":"center center","background-size":"auto","background-attachment":"scroll","background-type":"","background-media":"","overlay-type":"","overlay-color":"","overlay-opacity":"","overlay-gradient":""}},"ast-content-background-meta":{"desktop":{"background-color":"var(--ast-global-color-5)","background-image":"","background-repeat":"repeat","background-position":"center center","background-size":"auto","background-attachment":"scroll","background-type":"","background-media":"","overlay-type":"","overlay-color":"","overlay-opacity":"","overlay-gradient":""},"tablet":{"background-color":"var(--ast-global-color-5)","background-image":"","background-repeat":"repeat","background-position":"center center","background-size":"auto","background-attachment":"scroll","background-type":"","background-media":"","overlay-type":"","overlay-color":"","overlay-opacity":"","overlay-gradient":""},"mobile":{"background-color":"var(--ast-global-color-5)","background-image":"","background-repeat":"repeat","background-position":"center center","background-size":"auto","background-attachment":"scroll","background-type":"","background-media":"","overlay-type":"","overlay-color":"","overlay-opacity":"","overlay-gradient":""}}},"product_brand":[],"product_cat":[20478,12170,12230,12138,22955],"product_tag":[],"class_list":{"0":"post-512180","1":"product","2":"type-product","3":"status-publish","4":"has-post-thumbnail","6":"product_cat-geen-categorie","7":"product_cat-radios_auto_fr_fr","8":"product_cat-geluid_fr_fr","9":"product_cat-auto_fr_fr","10":"product_cat-pas-de-categorie","11":"desktop-align-center","12":"tablet-align-center","13":"mobile-align-center","14":"ast-product-gallery-layout-horizontal","15":"ast-product-tabs-layout-horizontal","17":"first","18":"outofstock","19":"taxable","20":"shipping-taxable","21":"purchasable","22":"product-type-simple"},"acf":[],"yoast_head":"<!-- This site is optimized with the Yoast SEO plugin v26.5 - https:\/\/yoast.com\/wordpress\/plugins\/seo\/ -->\n<title>Radio de chantier - FM \/ DAB+ Bluetooth R\u00e9sistant \u00e0 l&#039;eau et la poussi\u00e8re (WORKXL1) - Caliber Europe B.V.<\/title>\n<meta name=\"robots\" content=\"noindex, follow, max-snippet:-1, max-image-preview:large, max-video-preview:-1\" \/>\n<meta property=\"og:locale\" content=\"fr_FR\" \/>\n<meta property=\"og:type\" content=\"article\" \/>\n<meta property=\"og:title\" content=\"Radio de chantier - FM \/ DAB+ Bluetooth R\u00e9sistant \u00e0 l&#039;eau et la poussi\u00e8re (WORKXL1) - Caliber Europe B.V.\" \/>\n<meta property=\"og:description\" content=\"Description du produit Avec chaque travail, vous \u00e9coutez toujours votre musique pr\u00e9f\u00e9r\u00e9e gr\u00e2ce \u00e0 cette radio de chantier Caliber WORKXL1. Avec les options de r\u00e9ception FM et DAB+, vous \u00e9coutez toujours votre programme radio pr\u00e9f\u00e9r\u00e9 dans la meilleure qualit\u00e9. Gr\u00e2ce \u00e0 l&rsquo;option de r\u00e9glage de 5 pr\u00e9s\u00e9lections pour la FM et le DAB+, vous pouvez [&hellip;]\" \/>\n<meta property=\"og:url\" content=\"https:\/\/b2b.calibereurope.com\/fr\/produit\/workxl1-fr_fr\/\" \/>\n<meta property=\"og:site_name\" content=\"Caliber Europe B.V.\" \/>\n<meta property=\"article:modified_time\" content=\"2024-12-26T18:02:15+00:00\" \/>\n<meta property=\"og:image\" content=\"https:\/\/b2b.calibereurope.com\/wp-content\/uploads\/2021\/09\/1d531b3b4e1f2dc407c7a6e90f2706a35d70dea2_WORK_XL1_main.jpg\" \/>\n\t<meta property=\"og:image:width\" content=\"1024\" \/>\n\t<meta property=\"og:image:height\" content=\"768\" \/>\n\t<meta property=\"og:image:type\" content=\"image\/jpeg\" \/>\n<meta name=\"twitter:card\" content=\"summary_large_image\" \/>\n<meta name=\"twitter:label1\" content=\"Dur\u00e9e de lecture estim\u00e9e\" \/>\n\t<meta name=\"twitter:data1\" content=\"2 minutes\" \/>\n<script type=\"application\/ld+json\" class=\"yoast-schema-graph\">{\"@context\":\"https:\/\/schema.org\",\"@graph\":[{\"@type\":\"WebPage\",\"@id\":\"https:\/\/b2b.calibereurope.com\/fr\/produit\/workxl1-fr_fr\/\",\"url\":\"https:\/\/b2b.calibereurope.com\/fr\/produit\/workxl1-fr_fr\/\",\"name\":\"Radio de chantier - FM \/ DAB+ Bluetooth R\u00e9sistant \u00e0 l'eau et la poussi\u00e8re (WORKXL1) - Caliber Europe B.V.\",\"isPartOf\":{\"@id\":\"https:\/\/b2b.calibereurope.com\/#website\"},\"primaryImageOfPage\":{\"@id\":\"https:\/\/b2b.calibereurope.com\/fr\/produit\/workxl1-fr_fr\/#primaryimage\"},\"image\":{\"@id\":\"https:\/\/b2b.calibereurope.com\/fr\/produit\/workxl1-fr_fr\/#primaryimage\"},\"thumbnailUrl\":\"https:\/\/b2b.calibereurope.com\/wp-content\/uploads\/2024\/07\/1d531b3b4e1f2dc407c7a6e90f2706a35d70dea2_WORK_XL1_main.jpg\",\"datePublished\":\"2021-09-21T00:00:00+00:00\",\"dateModified\":\"2024-12-26T18:02:15+00:00\",\"breadcrumb\":{\"@id\":\"https:\/\/b2b.calibereurope.com\/fr\/produit\/workxl1-fr_fr\/#breadcrumb\"},\"inLanguage\":\"fr-FR\",\"potentialAction\":[{\"@type\":\"ReadAction\",\"target\":[\"https:\/\/b2b.calibereurope.com\/fr\/produit\/workxl1-fr_fr\/\"]}]},{\"@type\":\"ImageObject\",\"inLanguage\":\"fr-FR\",\"@id\":\"https:\/\/b2b.calibereurope.com\/fr\/produit\/workxl1-fr_fr\/#primaryimage\",\"url\":\"https:\/\/b2b.calibereurope.com\/wp-content\/uploads\/2024\/07\/1d531b3b4e1f2dc407c7a6e90f2706a35d70dea2_WORK_XL1_main.jpg\",\"contentUrl\":\"https:\/\/b2b.calibereurope.com\/wp-content\/uploads\/2024\/07\/1d531b3b4e1f2dc407c7a6e90f2706a35d70dea2_WORK_XL1_main.jpg\",\"width\":1024,\"height\":768},{\"@type\":\"BreadcrumbList\",\"@id\":\"https:\/\/b2b.calibereurope.com\/fr\/produit\/workxl1-fr_fr\/#breadcrumb\",\"itemListElement\":[{\"@type\":\"ListItem\",\"position\":1,\"name\":\"Home\",\"item\":\"https:\/\/b2b.calibereurope.com\/fr\/home\/\"},{\"@type\":\"ListItem\",\"position\":2,\"name\":\"Boutique\",\"item\":\"https:\/\/b2b.calibereurope.com\/fr\/boutique\/\"},{\"@type\":\"ListItem\",\"position\":3,\"name\":\"Radio de chantier &#8211; FM \/ DAB+ Bluetooth R\u00e9sistant \u00e0 l&rsquo;eau et la poussi\u00e8re (WORKXL1)\"}]},{\"@type\":\"WebSite\",\"@id\":\"https:\/\/b2b.calibereurope.com\/#website\",\"url\":\"https:\/\/b2b.calibereurope.com\/\",\"name\":\"Caliber Europe B.V.\",\"description\":\"B2B Webshop\",\"publisher\":{\"@id\":\"https:\/\/b2b.calibereurope.com\/#organization\"},\"potentialAction\":[{\"@type\":\"SearchAction\",\"target\":{\"@type\":\"EntryPoint\",\"urlTemplate\":\"https:\/\/b2b.calibereurope.com\/?s={search_term_string}\"},\"query-input\":{\"@type\":\"PropertyValueSpecification\",\"valueRequired\":true,\"valueName\":\"search_term_string\"}}],\"inLanguage\":\"fr-FR\"},{\"@type\":\"Organization\",\"@id\":\"https:\/\/b2b.calibereurope.com\/#organization\",\"name\":\"Caliber Europe B.V.\",\"url\":\"https:\/\/b2b.calibereurope.com\/\",\"logo\":{\"@type\":\"ImageObject\",\"inLanguage\":\"fr-FR\",\"@id\":\"https:\/\/b2b.calibereurope.com\/#\/schema\/logo\/image\/\",\"url\":\"https:\/\/b2b.calibereurope.com\/wp-content\/uploads\/2020\/12\/Caliber_Logo-Black.png\",\"contentUrl\":\"https:\/\/b2b.calibereurope.com\/wp-content\/uploads\/2020\/12\/Caliber_Logo-Black.png\",\"width\":3157,\"height\":356,\"caption\":\"Caliber Europe B.V.\"},\"image\":{\"@id\":\"https:\/\/b2b.calibereurope.com\/#\/schema\/logo\/image\/\"}}]}<\/script>\n<!-- \/ Yoast SEO plugin. -->","yoast_head_json":{"title":"Radio de chantier - FM \/ DAB+ Bluetooth R\u00e9sistant \u00e0 l'eau et la poussi\u00e8re (WORKXL1) - Caliber Europe B.V.","robots":{"index":"noindex","follow":"follow","max-snippet":"max-snippet:-1","max-image-preview":"max-image-preview:large","max-video-preview":"max-video-preview:-1"},"og_locale":"fr_FR","og_type":"article","og_title":"Radio de chantier - FM \/ DAB+ Bluetooth R\u00e9sistant \u00e0 l'eau et la poussi\u00e8re (WORKXL1) - Caliber Europe B.V.","og_description":"Description du produit Avec chaque travail, vous \u00e9coutez toujours votre musique pr\u00e9f\u00e9r\u00e9e gr\u00e2ce \u00e0 cette radio de chantier Caliber WORKXL1. Avec les options de r\u00e9ception FM et DAB+, vous \u00e9coutez toujours votre programme radio pr\u00e9f\u00e9r\u00e9 dans la meilleure qualit\u00e9. Gr\u00e2ce \u00e0 l&rsquo;option de r\u00e9glage de 5 pr\u00e9s\u00e9lections pour la FM et le DAB+, vous pouvez [&hellip;]","og_url":"https:\/\/b2b.calibereurope.com\/fr\/produit\/workxl1-fr_fr\/","og_site_name":"Caliber Europe B.V.","article_modified_time":"2024-12-26T18:02:15+00:00","og_image":[{"width":1024,"height":768,"url":"https:\/\/b2b.calibereurope.com\/wp-content\/uploads\/2021\/09\/1d531b3b4e1f2dc407c7a6e90f2706a35d70dea2_WORK_XL1_main.jpg","type":"image\/jpeg"}],"twitter_card":"summary_large_image","twitter_misc":{"Dur\u00e9e de lecture estim\u00e9e":"2 minutes"},"schema":{"@context":"https:\/\/schema.org","@graph":[{"@type":"WebPage","@id":"https:\/\/b2b.calibereurope.com\/fr\/produit\/workxl1-fr_fr\/","url":"https:\/\/b2b.calibereurope.com\/fr\/produit\/workxl1-fr_fr\/","name":"Radio de chantier - FM \/ DAB+ Bluetooth R\u00e9sistant \u00e0 l'eau et la poussi\u00e8re (WORKXL1) - Caliber Europe B.V.","isPartOf":{"@id":"https:\/\/b2b.calibereurope.com\/#website"},"primaryImageOfPage":{"@id":"https:\/\/b2b.calibereurope.com\/fr\/produit\/workxl1-fr_fr\/#primaryimage"},"image":{"@id":"https:\/\/b2b.calibereurope.com\/fr\/produit\/workxl1-fr_fr\/#primaryimage"},"thumbnailUrl":"https:\/\/b2b.calibereurope.com\/wp-content\/uploads\/2024\/07\/1d531b3b4e1f2dc407c7a6e90f2706a35d70dea2_WORK_XL1_main.jpg","datePublished":"2021-09-21T00:00:00+00:00","dateModified":"2024-12-26T18:02:15+00:00","breadcrumb":{"@id":"https:\/\/b2b.calibereurope.com\/fr\/produit\/workxl1-fr_fr\/#breadcrumb"},"inLanguage":"fr-FR","potentialAction":[{"@type":"ReadAction","target":["https:\/\/b2b.calibereurope.com\/fr\/produit\/workxl1-fr_fr\/"]}]},{"@type":"ImageObject","inLanguage":"fr-FR","@id":"https:\/\/b2b.calibereurope.com\/fr\/produit\/workxl1-fr_fr\/#primaryimage","url":"https:\/\/b2b.calibereurope.com\/wp-content\/uploads\/2024\/07\/1d531b3b4e1f2dc407c7a6e90f2706a35d70dea2_WORK_XL1_main.jpg","contentUrl":"https:\/\/b2b.calibereurope.com\/wp-content\/uploads\/2024\/07\/1d531b3b4e1f2dc407c7a6e90f2706a35d70dea2_WORK_XL1_main.jpg","width":1024,"height":768},{"@type":"BreadcrumbList","@id":"https:\/\/b2b.calibereurope.com\/fr\/produit\/workxl1-fr_fr\/#breadcrumb","itemListElement":[{"@type":"ListItem","position":1,"name":"Home","item":"https:\/\/b2b.calibereurope.com\/fr\/home\/"},{"@type":"ListItem","position":2,"name":"Boutique","item":"https:\/\/b2b.calibereurope.com\/fr\/boutique\/"},{"@type":"ListItem","position":3,"name":"Radio de chantier &#8211; FM \/ DAB+ Bluetooth R\u00e9sistant \u00e0 l&rsquo;eau et la poussi\u00e8re (WORKXL1)"}]},{"@type":"WebSite","@id":"https:\/\/b2b.calibereurope.com\/#website","url":"https:\/\/b2b.calibereurope.com\/","name":"Caliber Europe B.V.","description":"B2B Webshop","publisher":{"@id":"https:\/\/b2b.calibereurope.com\/#organization"},"potentialAction":[{"@type":"SearchAction","target":{"@type":"EntryPoint","urlTemplate":"https:\/\/b2b.calibereurope.com\/?s={search_term_string}"},"query-input":{"@type":"PropertyValueSpecification","valueRequired":true,"valueName":"search_term_string"}}],"inLanguage":"fr-FR"},{"@type":"Organization","@id":"https:\/\/b2b.calibereurope.com\/#organization","name":"Caliber Europe B.V.","url":"https:\/\/b2b.calibereurope.com\/","logo":{"@type":"ImageObject","inLanguage":"fr-FR","@id":"https:\/\/b2b.calibereurope.com\/#\/schema\/logo\/image\/","url":"https:\/\/b2b.calibereurope.com\/wp-content\/uploads\/2020\/12\/Caliber_Logo-Black.png","contentUrl":"https:\/\/b2b.calibereurope.com\/wp-content\/uploads\/2020\/12\/Caliber_Logo-Black.png","width":3157,"height":356,"caption":"Caliber Europe B.V."},"image":{"@id":"https:\/\/b2b.calibereurope.com\/#\/schema\/logo\/image\/"}}]}},"_links":{"self":[{"href":"https:\/\/b2b.calibereurope.com\/fr\/wp-json\/wp\/v2\/product\/512180","targetHints":{"allow":["GET"]}}],"collection":[{"href":"https:\/\/b2b.calibereurope.com\/fr\/wp-json\/wp\/v2\/product"}],"about":[{"href":"https:\/\/b2b.calibereurope.com\/fr\/wp-json\/wp\/v2\/types\/product"}],"version-history":[{"count":0,"href":"https:\/\/b2b.calibereurope.com\/fr\/wp-json\/wp\/v2\/product\/512180\/revisions"}],"wp:featuredmedia":[{"embeddable":true,"href":"https:\/\/b2b.calibereurope.com\/fr\/wp-json\/wp\/v2\/media\/850908"}],"wp:attachment":[{"href":"https:\/\/b2b.calibereurope.com\/fr\/wp-json\/wp\/v2\/media?parent=512180"}],"wp:term":[{"taxonomy":"product_brand","embeddable":true,"href":"https:\/\/b2b.calibereurope.com\/fr\/wp-json\/wp\/v2\/product_brand?post=512180"},{"taxonomy":"product_cat","embeddable":true,"href":"https:\/\/b2b.calibereurope.com\/fr\/wp-json\/wp\/v2\/product_cat?post=512180"},{"taxonomy":"product_tag","embeddable":true,"href":"https:\/\/b2b.calibereurope.com\/fr\/wp-json\/wp\/v2\/product_tag?post=512180"}],"curies":[{"name":"wp","href":"https:\/\/api.w.org\/{rel}","templated":true}]}}