{"id":513908,"date":"2025-10-07T02:00:00","date_gmt":"2025-10-07T00:00:00","guid":{"rendered":""},"modified":"2025-10-07T12:16:08","modified_gmt":"2025-10-07T10:16:08","slug":"hwp102f-fr_fr","status":"publish","type":"product","link":"https:\/\/b2b.calibereurope.com\/fr\/produit\/hwp102f-fr_fr\/","title":{"rendered":"Smart Plug &#8211; Smart Plug for Energy Saving &#8211; Type E &#8211; Belge Plug &#8211; Control with App (HWP102F)"},"content":{"rendered":"<p> <strong> \u00c9conomisez de l&#39;\u00e9nergie <\/strong> et contr\u00f4lez vos appareils \u00e0 distance avec une fiche intelligente HWP102F de Caliber. Avec la prise intelligente, vous pouvez d\u00e9finir <strong> fois <\/strong> sur lequel il s&#39;allume ou d\u00e9sactiv\u00e9, que cela se soit fait avec <strong> Sunrise et Sunset <\/strong>. La fiche intelligente est \u00e9galement <strong> le contr\u00f4le via une application <\/strong> et vous pouvez le connecter \u00e0 d&#39;autres appareils, tels qu&#39;une cam\u00e9ra de s\u00e9curit\u00e9. De cette fa\u00e7on, vous pouvez facilement \u00e9conomiser de l&#39;\u00e9nergie. Gr\u00e2ce au bouton <strong> en marche \/ arr\u00eat physique <\/strong>, vous pouvez \u00e9galement utiliser la prise lorsque vous n&#39;avez pas votre t\u00e9l\u00e9phone \u00e0 port\u00e9e de main. La fiche intelligente a une fiche <strong> de type E <\/strong> sp\u00e9cialement pour une utilisation en Belgique, en France, en Pologne, en Slovaquie et en R\u00e9publique tch\u00e8que. <\/p>\n<p> <strong> Propri\u00e9t\u00e9s: <\/strong> <\/p>\n<ul>\n<li> Smart Plug Type E <\/li>\n<li> pour FR, be, pl, sk et cz &lt; LI&gt; Fonctionnement via l&#39;application gratuite de Caliber<\/li>\n<li> Compatible avec Google Home, Amazon Alexa et Siri <\/li>\n<li> Timer \/ Calendrier D\u00e9fini via l&#39;application <\/li>\n<li> Bouton physique sur \/ hors de l&#39;enfant <\/li>\n<li> Protection de l&#39;enfance &lt; L&gt; Hackerproof (ISO27017: 2015) <\/li>\n<\/ul>\n<h3> Pas de consommation d&#39;\u00e9nergie inutile <\/h3>\n<p> \u00cates-vous \u00e9galement sur un certain nombre d&#39;appareils qui ne sont pas utilis\u00e9s la nuit? Ou laissez-vous toujours une petite lumi\u00e8re \u00e0 la porte d&#39;entr\u00e9e lorsque vous partez en vacances? C&#39;est une chose du pass\u00e9 avec cette prise intelligente. De diff\u00e9rentes mani\u00e8res, vous pouvez vous assurer que les appareils ne se d\u00e9roulent pas et ne sont pas en cours \u00e0 certains moments, m\u00eame lorsque vous n&#39;\u00eates pas \u00e0 la maison. De cette fa\u00e7on, vous pouvez d\u00e9finir un calendrier, mais \u00e9galement utiliser le soleil levant et en cours de d\u00e9clenchement comme d\u00e9clencheur pour la prise. Par exemple, une lampe ressort automatiquement lorsqu&#39;elle devient sombre et que vous n&#39;avez pas \u00e0 r\u00e9gler cela lorsque les jours sont plus courts.&nbsp;<\/p>\n<h3> \u00e0 port\u00e9e de main \u00e0 utiliser <\/h3>\n<p> La fiche intelligente fonctionne avec l&#39;application gratuite Smart Home, ce qui facilite le g\u00e9rer via votre t\u00e9l\u00e9phone. La fiche intelligente est \u00e9galement compatible avec Google Home, Amazon Alexa et Siri, afin que vous puissiez m\u00eame le faire fonctionner via la parole. Via l&#39;application, vous pouvez d\u00e9finir les minuteries et les horaires pour la prise intelligente, mais aussi cr\u00e9er des sc\u00e9narios avec d&#39;autres appareils de maison intelligente de Caliber. Le mouvement est-il observ\u00e9 sur votre cam\u00e9ra de s\u00e9curit\u00e9? Ensuite, il peut, par exemple, envoyer un d\u00e9clencheur \u00e0 la fiche intelligente, afin que la lampe connect\u00e9e saute ensuite. Gr\u00e2ce au format de type E, la prise intelligente est parfaite \u00e0 utiliser \u00e9galement en Belgique, en France, en Pologne, en Slovaquie et en R\u00e9publique tch\u00e8que. <\/p>\n<h3> Design s\u00fbr <\/h3>\n<p> La prise WiFi intelligente est fournie avec la protection des enfants, afin que vous puissiez le laisser dans une prise sans soucis lorsque vous vous promenez autour des enfants. De plus, la fiche intelligente est \u00e9quip\u00e9e des certifications requises et est ce pirate \u00e0 l&#39;\u00e9preuve. <\/p>\n","protected":false},"excerpt":{"rendered":"<p>\u00c9conomisez de l&#39;\u00e9nergie et contr\u00f4lez vos appareils \u00e0 distance avec une fiche intelligente HWP102F de Caliber. Avec la prise intelligente, vous pouvez d\u00e9finir fois sur lequel il s&#39;allume ou d\u00e9sactiv\u00e9, que cela se soit fait avec Sunrise et Sunset . La fiche intelligente est \u00e9galement le contr\u00f4le via une application et vous pouvez le connecter [&hellip;]<\/p>\n","protected":false},"featured_media":859336,"template":"","meta":{"_acf_changed":false,"site-sidebar-layout":"default","site-content-layout":"","ast-site-content-layout":"default","site-content-style":"default","site-sidebar-style":"default","ast-global-header-display":"","ast-banner-title-visibility":"","ast-main-header-display":"","ast-hfb-above-header-display":"","ast-hfb-below-header-display":"","ast-hfb-mobile-header-display":"","site-post-title":"","ast-breadcrumbs-content":"","ast-featured-img":"","footer-sml-layout":"","theme-transparent-header-meta":"","adv-header-id-meta":"","stick-header-meta":"","header-above-stick-meta":"","header-main-stick-meta":"","header-below-stick-meta":"","astra-migrate-meta-layouts":"default","ast-page-background-enabled":"default","ast-page-background-meta":{"desktop":{"background-color":"","background-image":"","background-repeat":"repeat","background-position":"center center","background-size":"auto","background-attachment":"scroll","background-type":"","background-media":"","overlay-type":"","overlay-color":"","overlay-opacity":"","overlay-gradient":""},"tablet":{"background-color":"","background-image":"","background-repeat":"repeat","background-position":"center center","background-size":"auto","background-attachment":"scroll","background-type":"","background-media":"","overlay-type":"","overlay-color":"","overlay-opacity":"","overlay-gradient":""},"mobile":{"background-color":"","background-image":"","background-repeat":"repeat","background-position":"center center","background-size":"auto","background-attachment":"scroll","background-type":"","background-media":"","overlay-type":"","overlay-color":"","overlay-opacity":"","overlay-gradient":""}},"ast-content-background-meta":{"desktop":{"background-color":"var(--ast-global-color-5)","background-image":"","background-repeat":"repeat","background-position":"center center","background-size":"auto","background-attachment":"scroll","background-type":"","background-media":"","overlay-type":"","overlay-color":"","overlay-opacity":"","overlay-gradient":""},"tablet":{"background-color":"var(--ast-global-color-5)","background-image":"","background-repeat":"repeat","background-position":"center center","background-size":"auto","background-attachment":"scroll","background-type":"","background-media":"","overlay-type":"","overlay-color":"","overlay-opacity":"","overlay-gradient":""},"mobile":{"background-color":"var(--ast-global-color-5)","background-image":"","background-repeat":"repeat","background-position":"center center","background-size":"auto","background-attachment":"scroll","background-type":"","background-media":"","overlay-type":"","overlay-color":"","overlay-opacity":"","overlay-gradient":""}}},"product_brand":[],"product_cat":[22955],"product_tag":[],"class_list":{"0":"post-513908","1":"product","2":"type-product","3":"status-publish","4":"has-post-thumbnail","6":"product_cat-pas-de-categorie","7":"desktop-align-center","8":"tablet-align-center","9":"mobile-align-center","10":"ast-product-gallery-layout-horizontal","11":"ast-product-tabs-layout-horizontal","13":"first","14":"instock","15":"taxable","16":"shipping-taxable","17":"purchasable","18":"product-type-simple"},"acf":[],"yoast_head":"<!-- This site is optimized with the Yoast SEO plugin v26.5 - https:\/\/yoast.com\/wordpress\/plugins\/seo\/ -->\n<title>Smart Plug - Smart Plug for Energy Saving - Type E - Belge Plug - Control with App (HWP102F) - Caliber Europe B.V.<\/title>\n<meta name=\"robots\" content=\"noindex, follow, max-snippet:-1, max-image-preview:large, max-video-preview:-1\" \/>\n<meta property=\"og:locale\" content=\"fr_FR\" \/>\n<meta property=\"og:type\" content=\"article\" \/>\n<meta property=\"og:title\" content=\"Smart Plug - Smart Plug for Energy Saving - Type E - Belge Plug - Control with App (HWP102F) - Caliber Europe B.V.\" \/>\n<meta property=\"og:description\" content=\"\u00c9conomisez de l&#039;\u00e9nergie et contr\u00f4lez vos appareils \u00e0 distance avec une fiche intelligente HWP102F de Caliber. Avec la prise intelligente, vous pouvez d\u00e9finir fois sur lequel il s&#039;allume ou d\u00e9sactiv\u00e9, que cela se soit fait avec Sunrise et Sunset . La fiche intelligente est \u00e9galement le contr\u00f4le via une application et vous pouvez le connecter [&hellip;]\" \/>\n<meta property=\"og:url\" content=\"https:\/\/b2b.calibereurope.com\/fr\/produit\/hwp102f_hwp102f_hwp102f-2\/\" \/>\n<meta property=\"og:site_name\" content=\"Caliber Europe B.V.\" \/>\n<meta property=\"article:modified_time\" content=\"2025-10-07T10:16:08+00:00\" \/>\n<meta property=\"og:image\" content=\"https:\/\/b2b.calibereurope.com\/wp-content\/uploads\/2021\/09\/22f5bf6ca36126d1f8a5a1c40040fc71c81c390e_HWP102F_front.jpg\" \/>\n\t<meta property=\"og:image:width\" content=\"1152\" \/>\n\t<meta property=\"og:image:height\" content=\"768\" \/>\n\t<meta property=\"og:image:type\" content=\"image\/jpeg\" \/>\n<meta name=\"twitter:card\" content=\"summary_large_image\" \/>\n<meta name=\"twitter:label1\" content=\"Dur\u00e9e de lecture estim\u00e9e\" \/>\n\t<meta name=\"twitter:data1\" content=\"3 minutes\" \/>\n<script type=\"application\/ld+json\" class=\"yoast-schema-graph\">{\"@context\":\"https:\/\/schema.org\",\"@graph\":[{\"@type\":\"WebPage\",\"@id\":\"https:\/\/b2b.calibereurope.com\/fr\/produit\/hwp102f_hwp102f_hwp102f-2\/\",\"url\":\"https:\/\/b2b.calibereurope.com\/fr\/produit\/hwp102f_hwp102f_hwp102f-2\/\",\"name\":\"Smart Plug - Smart Plug for Energy Saving - Type E - Belge Plug - Control with App (HWP102F) - Caliber Europe B.V.\",\"isPartOf\":{\"@id\":\"https:\/\/b2b.calibereurope.com\/#website\"},\"primaryImageOfPage\":{\"@id\":\"https:\/\/b2b.calibereurope.com\/fr\/produit\/hwp102f_hwp102f_hwp102f-2\/#primaryimage\"},\"image\":{\"@id\":\"https:\/\/b2b.calibereurope.com\/fr\/produit\/hwp102f_hwp102f_hwp102f-2\/#primaryimage\"},\"thumbnailUrl\":\"https:\/\/b2b.calibereurope.com\/wp-content\/uploads\/2025\/10\/22f5bf6ca36126d1f8a5a1c40040fc71c81c390e_HWP102F_front.jpg\",\"datePublished\":\"2025-10-07T00:00:00+00:00\",\"dateModified\":\"2025-10-07T10:16:08+00:00\",\"breadcrumb\":{\"@id\":\"https:\/\/b2b.calibereurope.com\/fr\/produit\/hwp102f_hwp102f_hwp102f-2\/#breadcrumb\"},\"inLanguage\":\"fr-FR\",\"potentialAction\":[{\"@type\":\"ReadAction\",\"target\":[\"https:\/\/b2b.calibereurope.com\/fr\/produit\/hwp102f_hwp102f_hwp102f-2\/\"]}]},{\"@type\":\"ImageObject\",\"inLanguage\":\"fr-FR\",\"@id\":\"https:\/\/b2b.calibereurope.com\/fr\/produit\/hwp102f_hwp102f_hwp102f-2\/#primaryimage\",\"url\":\"https:\/\/b2b.calibereurope.com\/wp-content\/uploads\/2025\/10\/22f5bf6ca36126d1f8a5a1c40040fc71c81c390e_HWP102F_front.jpg\",\"contentUrl\":\"https:\/\/b2b.calibereurope.com\/wp-content\/uploads\/2025\/10\/22f5bf6ca36126d1f8a5a1c40040fc71c81c390e_HWP102F_front.jpg\",\"width\":1152,\"height\":768},{\"@type\":\"BreadcrumbList\",\"@id\":\"https:\/\/b2b.calibereurope.com\/fr\/produit\/hwp102f_hwp102f_hwp102f-2\/#breadcrumb\",\"itemListElement\":[{\"@type\":\"ListItem\",\"position\":1,\"name\":\"Home\",\"item\":\"https:\/\/b2b.calibereurope.com\/fr\/home\/\"},{\"@type\":\"ListItem\",\"position\":2,\"name\":\"Boutique\",\"item\":\"https:\/\/b2b.calibereurope.com\/fr\/boutique\/\"},{\"@type\":\"ListItem\",\"position\":3,\"name\":\"Smart Plug avec E &#8211; Blanc (HWP102F)\"}]},{\"@type\":\"WebSite\",\"@id\":\"https:\/\/b2b.calibereurope.com\/#website\",\"url\":\"https:\/\/b2b.calibereurope.com\/\",\"name\":\"Caliber Europe B.V.\",\"description\":\"B2B Webshop\",\"publisher\":{\"@id\":\"https:\/\/b2b.calibereurope.com\/#organization\"},\"potentialAction\":[{\"@type\":\"SearchAction\",\"target\":{\"@type\":\"EntryPoint\",\"urlTemplate\":\"https:\/\/b2b.calibereurope.com\/?s={search_term_string}\"},\"query-input\":{\"@type\":\"PropertyValueSpecification\",\"valueRequired\":true,\"valueName\":\"search_term_string\"}}],\"inLanguage\":\"fr-FR\"},{\"@type\":\"Organization\",\"@id\":\"https:\/\/b2b.calibereurope.com\/#organization\",\"name\":\"Caliber Europe B.V.\",\"url\":\"https:\/\/b2b.calibereurope.com\/\",\"logo\":{\"@type\":\"ImageObject\",\"inLanguage\":\"fr-FR\",\"@id\":\"https:\/\/b2b.calibereurope.com\/#\/schema\/logo\/image\/\",\"url\":\"https:\/\/b2b.calibereurope.com\/wp-content\/uploads\/2020\/12\/Caliber_Logo-Black.png\",\"contentUrl\":\"https:\/\/b2b.calibereurope.com\/wp-content\/uploads\/2020\/12\/Caliber_Logo-Black.png\",\"width\":3157,\"height\":356,\"caption\":\"Caliber Europe B.V.\"},\"image\":{\"@id\":\"https:\/\/b2b.calibereurope.com\/#\/schema\/logo\/image\/\"}}]}<\/script>\n<!-- \/ Yoast SEO plugin. -->","yoast_head_json":{"title":"Smart Plug - Smart Plug for Energy Saving - Type E - Belge Plug - Control with App (HWP102F) - Caliber Europe B.V.","robots":{"index":"noindex","follow":"follow","max-snippet":"max-snippet:-1","max-image-preview":"max-image-preview:large","max-video-preview":"max-video-preview:-1"},"og_locale":"fr_FR","og_type":"article","og_title":"Smart Plug - Smart Plug for Energy Saving - Type E - Belge Plug - Control with App (HWP102F) - Caliber Europe B.V.","og_description":"\u00c9conomisez de l&#39;\u00e9nergie et contr\u00f4lez vos appareils \u00e0 distance avec une fiche intelligente HWP102F de Caliber. Avec la prise intelligente, vous pouvez d\u00e9finir fois sur lequel il s&#39;allume ou d\u00e9sactiv\u00e9, que cela se soit fait avec Sunrise et Sunset . La fiche intelligente est \u00e9galement le contr\u00f4le via une application et vous pouvez le connecter [&hellip;]","og_url":"https:\/\/b2b.calibereurope.com\/fr\/produit\/hwp102f_hwp102f_hwp102f-2\/","og_site_name":"Caliber Europe B.V.","article_modified_time":"2025-10-07T10:16:08+00:00","og_image":[{"width":1152,"height":768,"url":"https:\/\/b2b.calibereurope.com\/wp-content\/uploads\/2021\/09\/22f5bf6ca36126d1f8a5a1c40040fc71c81c390e_HWP102F_front.jpg","type":"image\/jpeg"}],"twitter_card":"summary_large_image","twitter_misc":{"Dur\u00e9e de lecture estim\u00e9e":"3 minutes"},"schema":{"@context":"https:\/\/schema.org","@graph":[{"@type":"WebPage","@id":"https:\/\/b2b.calibereurope.com\/fr\/produit\/hwp102f_hwp102f_hwp102f-2\/","url":"https:\/\/b2b.calibereurope.com\/fr\/produit\/hwp102f_hwp102f_hwp102f-2\/","name":"Smart Plug - Smart Plug for Energy Saving - Type E - Belge Plug - Control with App (HWP102F) - Caliber Europe B.V.","isPartOf":{"@id":"https:\/\/b2b.calibereurope.com\/#website"},"primaryImageOfPage":{"@id":"https:\/\/b2b.calibereurope.com\/fr\/produit\/hwp102f_hwp102f_hwp102f-2\/#primaryimage"},"image":{"@id":"https:\/\/b2b.calibereurope.com\/fr\/produit\/hwp102f_hwp102f_hwp102f-2\/#primaryimage"},"thumbnailUrl":"https:\/\/b2b.calibereurope.com\/wp-content\/uploads\/2025\/10\/22f5bf6ca36126d1f8a5a1c40040fc71c81c390e_HWP102F_front.jpg","datePublished":"2025-10-07T00:00:00+00:00","dateModified":"2025-10-07T10:16:08+00:00","breadcrumb":{"@id":"https:\/\/b2b.calibereurope.com\/fr\/produit\/hwp102f_hwp102f_hwp102f-2\/#breadcrumb"},"inLanguage":"fr-FR","potentialAction":[{"@type":"ReadAction","target":["https:\/\/b2b.calibereurope.com\/fr\/produit\/hwp102f_hwp102f_hwp102f-2\/"]}]},{"@type":"ImageObject","inLanguage":"fr-FR","@id":"https:\/\/b2b.calibereurope.com\/fr\/produit\/hwp102f_hwp102f_hwp102f-2\/#primaryimage","url":"https:\/\/b2b.calibereurope.com\/wp-content\/uploads\/2025\/10\/22f5bf6ca36126d1f8a5a1c40040fc71c81c390e_HWP102F_front.jpg","contentUrl":"https:\/\/b2b.calibereurope.com\/wp-content\/uploads\/2025\/10\/22f5bf6ca36126d1f8a5a1c40040fc71c81c390e_HWP102F_front.jpg","width":1152,"height":768},{"@type":"BreadcrumbList","@id":"https:\/\/b2b.calibereurope.com\/fr\/produit\/hwp102f_hwp102f_hwp102f-2\/#breadcrumb","itemListElement":[{"@type":"ListItem","position":1,"name":"Home","item":"https:\/\/b2b.calibereurope.com\/fr\/home\/"},{"@type":"ListItem","position":2,"name":"Boutique","item":"https:\/\/b2b.calibereurope.com\/fr\/boutique\/"},{"@type":"ListItem","position":3,"name":"Smart Plug avec E &#8211; Blanc (HWP102F)"}]},{"@type":"WebSite","@id":"https:\/\/b2b.calibereurope.com\/#website","url":"https:\/\/b2b.calibereurope.com\/","name":"Caliber Europe B.V.","description":"B2B Webshop","publisher":{"@id":"https:\/\/b2b.calibereurope.com\/#organization"},"potentialAction":[{"@type":"SearchAction","target":{"@type":"EntryPoint","urlTemplate":"https:\/\/b2b.calibereurope.com\/?s={search_term_string}"},"query-input":{"@type":"PropertyValueSpecification","valueRequired":true,"valueName":"search_term_string"}}],"inLanguage":"fr-FR"},{"@type":"Organization","@id":"https:\/\/b2b.calibereurope.com\/#organization","name":"Caliber Europe B.V.","url":"https:\/\/b2b.calibereurope.com\/","logo":{"@type":"ImageObject","inLanguage":"fr-FR","@id":"https:\/\/b2b.calibereurope.com\/#\/schema\/logo\/image\/","url":"https:\/\/b2b.calibereurope.com\/wp-content\/uploads\/2020\/12\/Caliber_Logo-Black.png","contentUrl":"https:\/\/b2b.calibereurope.com\/wp-content\/uploads\/2020\/12\/Caliber_Logo-Black.png","width":3157,"height":356,"caption":"Caliber Europe B.V."},"image":{"@id":"https:\/\/b2b.calibereurope.com\/#\/schema\/logo\/image\/"}}]}},"_links":{"self":[{"href":"https:\/\/b2b.calibereurope.com\/fr\/wp-json\/wp\/v2\/product\/513908","targetHints":{"allow":["GET"]}}],"collection":[{"href":"https:\/\/b2b.calibereurope.com\/fr\/wp-json\/wp\/v2\/product"}],"about":[{"href":"https:\/\/b2b.calibereurope.com\/fr\/wp-json\/wp\/v2\/types\/product"}],"version-history":[{"count":0,"href":"https:\/\/b2b.calibereurope.com\/fr\/wp-json\/wp\/v2\/product\/513908\/revisions"}],"wp:featuredmedia":[{"embeddable":true,"href":"https:\/\/b2b.calibereurope.com\/fr\/wp-json\/wp\/v2\/media\/859336"}],"wp:attachment":[{"href":"https:\/\/b2b.calibereurope.com\/fr\/wp-json\/wp\/v2\/media?parent=513908"}],"wp:term":[{"taxonomy":"product_brand","embeddable":true,"href":"https:\/\/b2b.calibereurope.com\/fr\/wp-json\/wp\/v2\/product_brand?post=513908"},{"taxonomy":"product_cat","embeddable":true,"href":"https:\/\/b2b.calibereurope.com\/fr\/wp-json\/wp\/v2\/product_cat?post=513908"},{"taxonomy":"product_tag","embeddable":true,"href":"https:\/\/b2b.calibereurope.com\/fr\/wp-json\/wp\/v2\/product_tag?post=513908"}],"curies":[{"name":"wp","href":"https:\/\/api.w.org\/{rel}","templated":true}]}}