{"id":513992,"date":"2025-10-07T02:00:00","date_gmt":"2025-10-07T00:00:00","guid":{"rendered":""},"modified":"2025-10-07T12:16:18","modified_gmt":"2025-10-07T10:16:18","slug":"HWP302FU-fr_FR","status":"publish","type":"product","link":"https:\/\/b2b.calibereurope.com\/fr\/produit\/HWP302FU-fr_FR\/","title":{"rendered":"Prise Connect\u00e9e avec USB &#8211; Interrupteur \u2013 Contr\u00f4le via Application &#8211; Google Home, Amazon Alexa et Siri (HWP302FU)"},"content":{"rendered":"<p> Augmentez le nombre de prises de courant et contr\u00f4lez-les \u00e0 distance avec cette multiprise connect\u00e9e Caliber HWP302FU avec USB. La multiprise comporte <strong>4 prises  <\/strong>et <strong>4 ports USB <\/strong>. Cela vous donne suffisamment d&#39;espace pour alimenter plusieurs appareils en m\u00eame temps. La multiprise connect\u00e9e peut \u00eatre <strong> contr\u00f4l\u00e9e via l&#39;application Caliber Smart Home, <\/strong>, o\u00f9 vous <strong> pouvez allumer et \u00e9teindre tous les points d&#39;alimentation s\u00e9par\u00e9ment <\/strong>. En outre, vous pouvez <strong> d\u00e9finir une programmation horaire <\/strong>, afin que les appareils d\u00e9marrent et soient aliment\u00e9s au bon moment. La multiprise est dot\u00e9e d&#39;une <strong> protection pour les enfants <\/strong> et est <strong> \u00e9tanche \u00e0 la poussi\u00e8re <\/strong>. Les prises ont une fiche de type E sp\u00e9cifique pour la Belgique, la France, la Pologne, la Slovaquie et la R\u00e9publique tch\u00e8que. <\/p>\n<p> <strong> Caract\u00e9ristiques : 4 ports USB (2,4A, max 4A simultan\u00e9ment)<\/strong> <\/p>\n<ul>\n<li>4 prises (4x 10A, 2400W au total)\n<li> Type 3 : pour FR, BE, PL, SK et CZ\n<li>4 ports USB (2,4A, max 4A simultan\u00e9ment)\n<li>4 ports USB (2,4A, max 4A simultan\u00e9ment)\n<li> \u00c9tanche \u00e0 la poussi\u00e8re (IP20)\n<li> Protection des enfants\n<li> Bouton marche\/arr\u00eat physique pour l&#39;ensemble du bloc\n<li> Les prises peuvent \u00eatre \u00e9teintes s\u00e9par\u00e9ment\n<li> C\u00e2ble de 1,8 m\n<li>Protection contre le piratage (ISO27017:2015) <\/li>\n<\/ul>\n<h3> La prise connect\u00e9e est un dispositif intelligent <\/h3>\n<p> La multiprise est \u00e9quip\u00e9e du wifi, ce qui la place dans la cat\u00e9gorie des produits intelligents. Vous pouvez donc facilement contr\u00f4ler la multiprise via l&#39;application gratuite Caliber Smart Home. Vous pouvez y d\u00e9finir des programmations horaires afin que le t\u00e9l\u00e9viseur et le meuble TV, par exemple, ne consomment pas d&#39;\u00e9nergie la nuit. Les appareils que vous voulez toujours garder allum\u00e9s, comme le routeur Wi-Fi, peuvent simplement \u00eatre exclus de la programmation horaire, de sorte que vous ayez toujours Internet dans la maison. Vous avez \u00e9galement la possibilit\u00e9 de relier diff\u00e9rents produits Caliber Smart Home via l&#39;application. Par exemple, vous pouvez faire en sorte qu&#39;une prise de courant de la prise connect\u00e9e s&#39;allume lorsqu&#39;un mouvement est d\u00e9tect\u00e9 par une cam\u00e9ra de surveillance <\/p>\n<h3> Vous aurez toujours assez de prises gr\u00e2ce \u00e0 la prise connect\u00e9e <\/h3>\n<p> Avec les huit points d&#39;alimentation de cette multiprise, vous n&#39;avez besoin que d&#39;une seule prise pour alimenter divers appareils. Gr\u00e2ce au c\u00e2ble de 1,8 m\u00e8tre de long, vous pouvez \u00e9galement poser la multiprise avec ports USB \u00e0 une certaine distance de la prise murale. Ainsi, m\u00eame la prise derri\u00e8re le canap\u00e9 ou le lit devient soudainement int\u00e9ressante et pratique ! Vous voulez \u00e9teindre tous vos appareils en m\u00eame temps et vous n&#39;avez pas votre t\u00e9l\u00e9phone \u00e0 port\u00e9e de main ? Utilisez alors l&#39;interrupteur pour \u00e9teindre la multiprise. <\/p>\n<h3>L\u2019utilisation de la multiprise est tr\u00e8s s\u00fbre<\/h3>\n<p> La multiprise connect\u00e9e offre des possibilit\u00e9s infinies que vous pouvez utiliser en toute tranquillit\u00e9 d&#39;esprit gr\u00e2ce \u00e0 la protection enfant int\u00e9gr\u00e9e. En outre, la multiprise est con\u00e7ue pour r\u00e9sister aux pirates informatiques. Gr\u00e2ce \u00e0 sa conception \u00e9tanche \u00e0 la poussi\u00e8re, la prise reste prot\u00e9g\u00e9e et vous pouvez l&#39;utiliser pendant des ann\u00e9es. <\/p>\n","protected":false},"excerpt":{"rendered":"<p>Augmentez le nombre de prises de courant et contr\u00f4lez-les \u00e0 distance avec cette multiprise connect\u00e9e Caliber HWP302FU avec USB. La multiprise comporte 4 prises et 4 ports USB . Cela vous donne suffisamment d&#39;espace pour alimenter plusieurs appareils en m\u00eame temps. La multiprise connect\u00e9e peut \u00eatre contr\u00f4l\u00e9e via l&#39;application Caliber Smart Home, , o\u00f9 vous [&hellip;]<\/p>\n","protected":false},"featured_media":859356,"template":"","meta":{"_acf_changed":false,"site-sidebar-layout":"default","site-content-layout":"","ast-site-content-layout":"default","site-content-style":"default","site-sidebar-style":"default","ast-global-header-display":"","ast-banner-title-visibility":"","ast-main-header-display":"","ast-hfb-above-header-display":"","ast-hfb-below-header-display":"","ast-hfb-mobile-header-display":"","site-post-title":"","ast-breadcrumbs-content":"","ast-featured-img":"","footer-sml-layout":"","theme-transparent-header-meta":"","adv-header-id-meta":"","stick-header-meta":"","header-above-stick-meta":"","header-main-stick-meta":"","header-below-stick-meta":"","astra-migrate-meta-layouts":"default","ast-page-background-enabled":"default","ast-page-background-meta":{"desktop":{"background-color":"","background-image":"","background-repeat":"repeat","background-position":"center center","background-size":"auto","background-attachment":"scroll","background-type":"","background-media":"","overlay-type":"","overlay-color":"","overlay-opacity":"","overlay-gradient":""},"tablet":{"background-color":"","background-image":"","background-repeat":"repeat","background-position":"center center","background-size":"auto","background-attachment":"scroll","background-type":"","background-media":"","overlay-type":"","overlay-color":"","overlay-opacity":"","overlay-gradient":""},"mobile":{"background-color":"","background-image":"","background-repeat":"repeat","background-position":"center center","background-size":"auto","background-attachment":"scroll","background-type":"","background-media":"","overlay-type":"","overlay-color":"","overlay-opacity":"","overlay-gradient":""}},"ast-content-background-meta":{"desktop":{"background-color":"var(--ast-global-color-5)","background-image":"","background-repeat":"repeat","background-position":"center center","background-size":"auto","background-attachment":"scroll","background-type":"","background-media":"","overlay-type":"","overlay-color":"","overlay-opacity":"","overlay-gradient":""},"tablet":{"background-color":"var(--ast-global-color-5)","background-image":"","background-repeat":"repeat","background-position":"center center","background-size":"auto","background-attachment":"scroll","background-type":"","background-media":"","overlay-type":"","overlay-color":"","overlay-opacity":"","overlay-gradient":""},"mobile":{"background-color":"var(--ast-global-color-5)","background-image":"","background-repeat":"repeat","background-position":"center center","background-size":"auto","background-attachment":"scroll","background-type":"","background-media":"","overlay-type":"","overlay-color":"","overlay-opacity":"","overlay-gradient":""}}},"product_brand":[],"product_cat":[22955],"product_tag":[],"class_list":{"0":"post-513992","1":"product","2":"type-product","3":"status-publish","4":"has-post-thumbnail","6":"product_cat-pas-de-categorie","7":"desktop-align-center","8":"tablet-align-center","9":"mobile-align-center","10":"ast-product-gallery-layout-horizontal","11":"ast-product-tabs-layout-horizontal","13":"first","14":"instock","15":"taxable","16":"shipping-taxable","17":"purchasable","18":"product-type-simple"},"acf":[],"yoast_head":"<!-- This site is optimized with the Yoast SEO plugin v26.5 - https:\/\/yoast.com\/wordpress\/plugins\/seo\/ -->\n<title>Prise Connect\u00e9e avec USB - Interrupteur \u2013 Contr\u00f4le via Application - Google Home, Amazon Alexa et Siri (HWP302FU) - Caliber Europe B.V.<\/title>\n<meta name=\"robots\" content=\"noindex, follow, max-snippet:-1, max-image-preview:large, max-video-preview:-1\" \/>\n<meta property=\"og:locale\" content=\"fr_FR\" \/>\n<meta property=\"og:type\" content=\"article\" \/>\n<meta property=\"og:title\" content=\"Prise Connect\u00e9e avec USB - Interrupteur \u2013 Contr\u00f4le via Application - Google Home, Amazon Alexa et Siri (HWP302FU) - Caliber Europe B.V.\" \/>\n<meta property=\"og:description\" content=\"Augmentez le nombre de prises de courant et contr\u00f4lez-les \u00e0 distance avec cette multiprise connect\u00e9e Caliber HWP302FU avec USB. La multiprise comporte 4 prises et 4 ports USB . Cela vous donne suffisamment d&#039;espace pour alimenter plusieurs appareils en m\u00eame temps. La multiprise connect\u00e9e peut \u00eatre contr\u00f4l\u00e9e via l&#039;application Caliber Smart Home, , o\u00f9 vous [&hellip;]\" \/>\n<meta property=\"og:url\" content=\"https:\/\/b2b.calibereurope.com\/fr\/produit\/hwp302fu-fr_fr\/\" \/>\n<meta property=\"og:site_name\" content=\"Caliber Europe B.V.\" \/>\n<meta property=\"article:modified_time\" content=\"2025-10-07T10:16:18+00:00\" \/>\n<meta property=\"og:image\" content=\"https:\/\/b2b.calibereurope.com\/wp-content\/uploads\/2021\/09\/8459e06f1c74d7370f1f8a754bcf4c8a3fe03ab2_HWP302FU_top.jpg\" \/>\n\t<meta property=\"og:image:width\" content=\"1024\" \/>\n\t<meta property=\"og:image:height\" content=\"768\" \/>\n\t<meta property=\"og:image:type\" content=\"image\/jpeg\" \/>\n<meta name=\"twitter:card\" content=\"summary_large_image\" \/>\n<meta name=\"twitter:label1\" content=\"Dur\u00e9e de lecture estim\u00e9e\" \/>\n\t<meta name=\"twitter:data1\" content=\"3 minutes\" \/>\n<script type=\"application\/ld+json\" class=\"yoast-schema-graph\">{\"@context\":\"https:\/\/schema.org\",\"@graph\":[{\"@type\":\"WebPage\",\"@id\":\"https:\/\/b2b.calibereurope.com\/fr\/produit\/hwp302fu-fr_fr\/\",\"url\":\"https:\/\/b2b.calibereurope.com\/fr\/produit\/hwp302fu-fr_fr\/\",\"name\":\"Prise Connect\u00e9e avec USB - Interrupteur \u2013 Contr\u00f4le via Application - Google Home, Amazon Alexa et Siri (HWP302FU) - Caliber Europe B.V.\",\"isPartOf\":{\"@id\":\"https:\/\/b2b.calibereurope.com\/#website\"},\"primaryImageOfPage\":{\"@id\":\"https:\/\/b2b.calibereurope.com\/fr\/produit\/hwp302fu-fr_fr\/#primaryimage\"},\"image\":{\"@id\":\"https:\/\/b2b.calibereurope.com\/fr\/produit\/hwp302fu-fr_fr\/#primaryimage\"},\"thumbnailUrl\":\"https:\/\/b2b.calibereurope.com\/wp-content\/uploads\/2025\/10\/8459e06f1c74d7370f1f8a754bcf4c8a3fe03ab2_HWP302FU_top.jpg\",\"datePublished\":\"2025-10-07T00:00:00+00:00\",\"dateModified\":\"2025-10-07T10:16:18+00:00\",\"breadcrumb\":{\"@id\":\"https:\/\/b2b.calibereurope.com\/fr\/produit\/hwp302fu-fr_fr\/#breadcrumb\"},\"inLanguage\":\"fr-FR\",\"potentialAction\":[{\"@type\":\"ReadAction\",\"target\":[\"https:\/\/b2b.calibereurope.com\/fr\/produit\/hwp302fu-fr_fr\/\"]}]},{\"@type\":\"ImageObject\",\"inLanguage\":\"fr-FR\",\"@id\":\"https:\/\/b2b.calibereurope.com\/fr\/produit\/hwp302fu-fr_fr\/#primaryimage\",\"url\":\"https:\/\/b2b.calibereurope.com\/wp-content\/uploads\/2025\/10\/8459e06f1c74d7370f1f8a754bcf4c8a3fe03ab2_HWP302FU_top.jpg\",\"contentUrl\":\"https:\/\/b2b.calibereurope.com\/wp-content\/uploads\/2025\/10\/8459e06f1c74d7370f1f8a754bcf4c8a3fe03ab2_HWP302FU_top.jpg\",\"width\":1024,\"height\":768},{\"@type\":\"BreadcrumbList\",\"@id\":\"https:\/\/b2b.calibereurope.com\/fr\/produit\/hwp302fu-fr_fr\/#breadcrumb\",\"itemListElement\":[{\"@type\":\"ListItem\",\"position\":1,\"name\":\"Home\",\"item\":\"https:\/\/b2b.calibereurope.com\/fr\/home\/\"},{\"@type\":\"ListItem\",\"position\":2,\"name\":\"Boutique\",\"item\":\"https:\/\/b2b.calibereurope.com\/fr\/boutique\/\"},{\"@type\":\"ListItem\",\"position\":3,\"name\":\"Prise SMART &#8211; Bouchon de type 3 USB blanc (HWP302FU)\"}]},{\"@type\":\"WebSite\",\"@id\":\"https:\/\/b2b.calibereurope.com\/#website\",\"url\":\"https:\/\/b2b.calibereurope.com\/\",\"name\":\"Caliber Europe B.V.\",\"description\":\"B2B Webshop\",\"publisher\":{\"@id\":\"https:\/\/b2b.calibereurope.com\/#organization\"},\"potentialAction\":[{\"@type\":\"SearchAction\",\"target\":{\"@type\":\"EntryPoint\",\"urlTemplate\":\"https:\/\/b2b.calibereurope.com\/?s={search_term_string}\"},\"query-input\":{\"@type\":\"PropertyValueSpecification\",\"valueRequired\":true,\"valueName\":\"search_term_string\"}}],\"inLanguage\":\"fr-FR\"},{\"@type\":\"Organization\",\"@id\":\"https:\/\/b2b.calibereurope.com\/#organization\",\"name\":\"Caliber Europe B.V.\",\"url\":\"https:\/\/b2b.calibereurope.com\/\",\"logo\":{\"@type\":\"ImageObject\",\"inLanguage\":\"fr-FR\",\"@id\":\"https:\/\/b2b.calibereurope.com\/#\/schema\/logo\/image\/\",\"url\":\"https:\/\/b2b.calibereurope.com\/wp-content\/uploads\/2020\/12\/Caliber_Logo-Black.png\",\"contentUrl\":\"https:\/\/b2b.calibereurope.com\/wp-content\/uploads\/2020\/12\/Caliber_Logo-Black.png\",\"width\":3157,\"height\":356,\"caption\":\"Caliber Europe B.V.\"},\"image\":{\"@id\":\"https:\/\/b2b.calibereurope.com\/#\/schema\/logo\/image\/\"}}]}<\/script>\n<!-- \/ Yoast SEO plugin. -->","yoast_head_json":{"title":"Prise Connect\u00e9e avec USB - Interrupteur \u2013 Contr\u00f4le via Application - Google Home, Amazon Alexa et Siri (HWP302FU) - Caliber Europe B.V.","robots":{"index":"noindex","follow":"follow","max-snippet":"max-snippet:-1","max-image-preview":"max-image-preview:large","max-video-preview":"max-video-preview:-1"},"og_locale":"fr_FR","og_type":"article","og_title":"Prise Connect\u00e9e avec USB - Interrupteur \u2013 Contr\u00f4le via Application - Google Home, Amazon Alexa et Siri (HWP302FU) - Caliber Europe B.V.","og_description":"Augmentez le nombre de prises de courant et contr\u00f4lez-les \u00e0 distance avec cette multiprise connect\u00e9e Caliber HWP302FU avec USB. La multiprise comporte 4 prises et 4 ports USB . Cela vous donne suffisamment d&#39;espace pour alimenter plusieurs appareils en m\u00eame temps. La multiprise connect\u00e9e peut \u00eatre contr\u00f4l\u00e9e via l&#39;application Caliber Smart Home, , o\u00f9 vous [&hellip;]","og_url":"https:\/\/b2b.calibereurope.com\/fr\/produit\/hwp302fu-fr_fr\/","og_site_name":"Caliber Europe B.V.","article_modified_time":"2025-10-07T10:16:18+00:00","og_image":[{"width":1024,"height":768,"url":"https:\/\/b2b.calibereurope.com\/wp-content\/uploads\/2021\/09\/8459e06f1c74d7370f1f8a754bcf4c8a3fe03ab2_HWP302FU_top.jpg","type":"image\/jpeg"}],"twitter_card":"summary_large_image","twitter_misc":{"Dur\u00e9e de lecture estim\u00e9e":"3 minutes"},"schema":{"@context":"https:\/\/schema.org","@graph":[{"@type":"WebPage","@id":"https:\/\/b2b.calibereurope.com\/fr\/produit\/hwp302fu-fr_fr\/","url":"https:\/\/b2b.calibereurope.com\/fr\/produit\/hwp302fu-fr_fr\/","name":"Prise Connect\u00e9e avec USB - Interrupteur \u2013 Contr\u00f4le via Application - Google Home, Amazon Alexa et Siri (HWP302FU) - Caliber Europe B.V.","isPartOf":{"@id":"https:\/\/b2b.calibereurope.com\/#website"},"primaryImageOfPage":{"@id":"https:\/\/b2b.calibereurope.com\/fr\/produit\/hwp302fu-fr_fr\/#primaryimage"},"image":{"@id":"https:\/\/b2b.calibereurope.com\/fr\/produit\/hwp302fu-fr_fr\/#primaryimage"},"thumbnailUrl":"https:\/\/b2b.calibereurope.com\/wp-content\/uploads\/2025\/10\/8459e06f1c74d7370f1f8a754bcf4c8a3fe03ab2_HWP302FU_top.jpg","datePublished":"2025-10-07T00:00:00+00:00","dateModified":"2025-10-07T10:16:18+00:00","breadcrumb":{"@id":"https:\/\/b2b.calibereurope.com\/fr\/produit\/hwp302fu-fr_fr\/#breadcrumb"},"inLanguage":"fr-FR","potentialAction":[{"@type":"ReadAction","target":["https:\/\/b2b.calibereurope.com\/fr\/produit\/hwp302fu-fr_fr\/"]}]},{"@type":"ImageObject","inLanguage":"fr-FR","@id":"https:\/\/b2b.calibereurope.com\/fr\/produit\/hwp302fu-fr_fr\/#primaryimage","url":"https:\/\/b2b.calibereurope.com\/wp-content\/uploads\/2025\/10\/8459e06f1c74d7370f1f8a754bcf4c8a3fe03ab2_HWP302FU_top.jpg","contentUrl":"https:\/\/b2b.calibereurope.com\/wp-content\/uploads\/2025\/10\/8459e06f1c74d7370f1f8a754bcf4c8a3fe03ab2_HWP302FU_top.jpg","width":1024,"height":768},{"@type":"BreadcrumbList","@id":"https:\/\/b2b.calibereurope.com\/fr\/produit\/hwp302fu-fr_fr\/#breadcrumb","itemListElement":[{"@type":"ListItem","position":1,"name":"Home","item":"https:\/\/b2b.calibereurope.com\/fr\/home\/"},{"@type":"ListItem","position":2,"name":"Boutique","item":"https:\/\/b2b.calibereurope.com\/fr\/boutique\/"},{"@type":"ListItem","position":3,"name":"Prise SMART &#8211; Bouchon de type 3 USB blanc (HWP302FU)"}]},{"@type":"WebSite","@id":"https:\/\/b2b.calibereurope.com\/#website","url":"https:\/\/b2b.calibereurope.com\/","name":"Caliber Europe B.V.","description":"B2B Webshop","publisher":{"@id":"https:\/\/b2b.calibereurope.com\/#organization"},"potentialAction":[{"@type":"SearchAction","target":{"@type":"EntryPoint","urlTemplate":"https:\/\/b2b.calibereurope.com\/?s={search_term_string}"},"query-input":{"@type":"PropertyValueSpecification","valueRequired":true,"valueName":"search_term_string"}}],"inLanguage":"fr-FR"},{"@type":"Organization","@id":"https:\/\/b2b.calibereurope.com\/#organization","name":"Caliber Europe B.V.","url":"https:\/\/b2b.calibereurope.com\/","logo":{"@type":"ImageObject","inLanguage":"fr-FR","@id":"https:\/\/b2b.calibereurope.com\/#\/schema\/logo\/image\/","url":"https:\/\/b2b.calibereurope.com\/wp-content\/uploads\/2020\/12\/Caliber_Logo-Black.png","contentUrl":"https:\/\/b2b.calibereurope.com\/wp-content\/uploads\/2020\/12\/Caliber_Logo-Black.png","width":3157,"height":356,"caption":"Caliber Europe B.V."},"image":{"@id":"https:\/\/b2b.calibereurope.com\/#\/schema\/logo\/image\/"}}]}},"_links":{"self":[{"href":"https:\/\/b2b.calibereurope.com\/fr\/wp-json\/wp\/v2\/product\/513992","targetHints":{"allow":["GET"]}}],"collection":[{"href":"https:\/\/b2b.calibereurope.com\/fr\/wp-json\/wp\/v2\/product"}],"about":[{"href":"https:\/\/b2b.calibereurope.com\/fr\/wp-json\/wp\/v2\/types\/product"}],"version-history":[{"count":0,"href":"https:\/\/b2b.calibereurope.com\/fr\/wp-json\/wp\/v2\/product\/513992\/revisions"}],"wp:featuredmedia":[{"embeddable":true,"href":"https:\/\/b2b.calibereurope.com\/fr\/wp-json\/wp\/v2\/media\/859356"}],"wp:attachment":[{"href":"https:\/\/b2b.calibereurope.com\/fr\/wp-json\/wp\/v2\/media?parent=513992"}],"wp:term":[{"taxonomy":"product_brand","embeddable":true,"href":"https:\/\/b2b.calibereurope.com\/fr\/wp-json\/wp\/v2\/product_brand?post=513992"},{"taxonomy":"product_cat","embeddable":true,"href":"https:\/\/b2b.calibereurope.com\/fr\/wp-json\/wp\/v2\/product_cat?post=513992"},{"taxonomy":"product_tag","embeddable":true,"href":"https:\/\/b2b.calibereurope.com\/fr\/wp-json\/wp\/v2\/product_tag?post=513992"}],"curies":[{"name":"wp","href":"https:\/\/api.w.org\/{rel}","templated":true}]}}