{"id":514108,"date":"2024-06-04T02:00:00","date_gmt":"2024-06-04T00:00:00","guid":{"rendered":""},"modified":"2025-12-11T12:01:38","modified_gmt":"2025-12-11T11:01:38","slug":"hpg540bt-fr_fr","status":"publish","type":"product","link":"https:\/\/b2b.calibereurope.com\/fr\/produit\/hpg540bt-fr_fr\/","title":{"rendered":"Enceinte Bluetooth \u00ab Bold \u00bb avec Extra Bass &#8211; Entr\u00e9e Micro, LED et TWS (HPG540BT)"},"content":{"rendered":"<p> Organisez une f\u00eate inoubliable avec cette enceinte bluetooth Caliber BOLD avec <strong> fonction basse extra <\/strong>. Gr\u00e2ce \u00e0 la <strong>batterie int\u00e9gr\u00e9e <\/strong> il vous suffit de recharger la box sans fil apr\u00e8s<strong>17 heures<\/strong> d&#39;utilisation. Le haut-parleur a un volume suffisant pour les grands groupes. Gr\u00e2ce \u00e0 <strong>la fonction TWS<\/strong> vous pouvez associer deux enceintes Caliber BOLD pour obtenir un volume suppl\u00e9mentaire en un rien de temps. Avec la <strong> prise micro et l&#39;\u00e9clairage RGB <\/strong> vous \u00eates pr\u00eat \u00e0 faire la f\u00eate partout. L&#39;enceinte r\u00e9siste s\u2019<strong>aux \u00e9claboussures <\/strong> pour une utilisation au bord de la piscine ou \u00e0 la plage. <\/p>\n<p><strong>Caract\u00e9ristiques :<\/strong> <\/p>\n<ul>\n<li>Fonction extra bass<\/li>\n<li>Lumi\u00e8res LED color\u00e9es<\/li>\n<li>Jusqu&#39;\u00e0 17 heures d&#39;autonomie<\/li>\n<li>Prise AUX (3,5 mm)<\/li>\n<li>Prise microphone (6,3 mm)<\/li>\n<li>Jumelage de 2 enceintes avec TWS<\/li>\n<li>\u00c9tanche aux \u00e9claboussures IPX5<\/li>\n<li>Comprend un c\u00e2ble de charge USB-C et un adaptateur<\/li>\n<\/ul>\n<h3> La meilleure enceinte Bluetooth peut tout jouer <\/h3>\n<p> Cette enceinte sans fil vous offre de nombreuses options de lecture du son. En plus de la technologie Bluetooth, vous trouverez \u00e9galement une entr\u00e9e AUX de 3,5 mm sur le bo\u00eetier. De cette fa\u00e7on, vous pouvez \u00e9galement connecter des appareils sans Bluetooth. Gr\u00e2ce \u00e0 la prise micro, vous pouvez \u00e9galement utiliser l&#39;enceinte sans fil comme un haut-parleur et un amplificateur pour atteindre facilement tout le monde. Vous voulez booster votre f\u00eate ? Utilisez un micro pour d\u00e9marrer une session de karaok\u00e9 !  <\/p>\n<h3>TWS et IPX5<\/h3>\n<p> Vous recherchez un son complet avec une enceinte sans fil ? Gr\u00e2ce \u00e0 la fonction True Wireless St\u00e9r\u00e9o (TWS) de cette enceinte, vous pouvez facilement associer deux de ces enceintes Bluetooth Caliber pour qu&#39;elles diffusent la m\u00eame chose. La norme IPX5 en fait une enceinte \u00e9tanche aux \u00e9claboussures d&#39;eau. Vous pouvez donc facilement utiliser l&#39;enceinte Bluetooth lorsque vous \u00eates au bord de la piscine ou lorsque vous organisez une f\u00eate au bord de la piscine !   <\/p>\n<h3>Boostez chaque f\u00eate avec un enceinte Bluetooth portable !<\/h3>\n<p> Cette enceinte Bluetooth contient toutes les fonctionnalit\u00e9s n\u00e9cessaires pour organiser une f\u00eate inoubliable ! Les basses suppl\u00e9mentaires vous font ressentir les tons de basse, de sorte que toutes les personnes pr\u00e9sentes ne peuvent s\u2019emp\u00eacher de danser. Les lumi\u00e8res LED RGB illuminent le haut-parleur pour une ambiance suppl\u00e9mentaire et la batterie offre 17 heures d&#39;autonomie pour vous permettre de continuer jusqu&#39;au petit matin <\/p>\n<p> <strong><br \/>Inclus :<\/strong> <\/p>\n<ul>\n<li>Caliber BOLD HPG540BT<\/li>\n<li>C\u00e2ble de charge et adaptateur USB-C<\/li>\n<\/ul>\n<p>\u2003<\/p>\n","protected":false},"excerpt":{"rendered":"<p>Organisez une f\u00eate inoubliable avec cette enceinte bluetooth Caliber BOLD avec fonction basse extra . Gr\u00e2ce \u00e0 la batterie int\u00e9gr\u00e9e il vous suffit de recharger la box sans fil apr\u00e8s17 heures d&#39;utilisation. Le haut-parleur a un volume suffisant pour les grands groupes. Gr\u00e2ce \u00e0 la fonction TWS vous pouvez associer deux enceintes Caliber BOLD pour [&hellip;]<\/p>\n","protected":false},"featured_media":844865,"template":"","meta":{"_acf_changed":false,"site-sidebar-layout":"default","site-content-layout":"","ast-site-content-layout":"default","site-content-style":"default","site-sidebar-style":"default","ast-global-header-display":"","ast-banner-title-visibility":"","ast-main-header-display":"","ast-hfb-above-header-display":"","ast-hfb-below-header-display":"","ast-hfb-mobile-header-display":"","site-post-title":"","ast-breadcrumbs-content":"","ast-featured-img":"","footer-sml-layout":"","theme-transparent-header-meta":"","adv-header-id-meta":"","stick-header-meta":"","header-above-stick-meta":"","header-main-stick-meta":"","header-below-stick-meta":"","astra-migrate-meta-layouts":"default","ast-page-background-enabled":"default","ast-page-background-meta":{"desktop":{"background-color":"","background-image":"","background-repeat":"repeat","background-position":"center center","background-size":"auto","background-attachment":"scroll","background-type":"","background-media":"","overlay-type":"","overlay-color":"","overlay-opacity":"","overlay-gradient":""},"tablet":{"background-color":"","background-image":"","background-repeat":"repeat","background-position":"center center","background-size":"auto","background-attachment":"scroll","background-type":"","background-media":"","overlay-type":"","overlay-color":"","overlay-opacity":"","overlay-gradient":""},"mobile":{"background-color":"","background-image":"","background-repeat":"repeat","background-position":"center center","background-size":"auto","background-attachment":"scroll","background-type":"","background-media":"","overlay-type":"","overlay-color":"","overlay-opacity":"","overlay-gradient":""}},"ast-content-background-meta":{"desktop":{"background-color":"var(--ast-global-color-5)","background-image":"","background-repeat":"repeat","background-position":"center center","background-size":"auto","background-attachment":"scroll","background-type":"","background-media":"","overlay-type":"","overlay-color":"","overlay-opacity":"","overlay-gradient":""},"tablet":{"background-color":"var(--ast-global-color-5)","background-image":"","background-repeat":"repeat","background-position":"center center","background-size":"auto","background-attachment":"scroll","background-type":"","background-media":"","overlay-type":"","overlay-color":"","overlay-opacity":"","overlay-gradient":""},"mobile":{"background-color":"var(--ast-global-color-5)","background-image":"","background-repeat":"repeat","background-position":"center center","background-size":"auto","background-attachment":"scroll","background-type":"","background-media":"","overlay-type":"","overlay-color":"","overlay-opacity":"","overlay-gradient":""}}},"product_brand":[],"product_cat":[22955],"product_tag":[],"class_list":{"0":"post-514108","1":"product","2":"type-product","3":"status-publish","4":"has-post-thumbnail","6":"product_cat-pas-de-categorie","7":"desktop-align-center","8":"tablet-align-center","9":"mobile-align-center","10":"ast-product-gallery-layout-horizontal","11":"ast-product-tabs-layout-horizontal","13":"first","14":"outofstock","15":"taxable","16":"shipping-taxable","17":"purchasable","18":"product-type-simple"},"acf":[],"yoast_head":"<!-- This site is optimized with the Yoast SEO plugin v26.5 - https:\/\/yoast.com\/wordpress\/plugins\/seo\/ -->\n<title>Enceinte Bluetooth \u00ab Bold \u00bb avec Extra Bass - Entr\u00e9e Micro, LED et TWS (HPG540BT) - Caliber Europe B.V.<\/title>\n<meta name=\"robots\" content=\"noindex, follow, max-snippet:-1, max-image-preview:large, max-video-preview:-1\" \/>\n<meta property=\"og:locale\" content=\"fr_FR\" \/>\n<meta property=\"og:type\" content=\"article\" \/>\n<meta property=\"og:title\" content=\"Enceinte Bluetooth \u00ab Bold \u00bb avec Extra Bass - Entr\u00e9e Micro, LED et TWS (HPG540BT) - Caliber Europe B.V.\" \/>\n<meta property=\"og:description\" content=\"Organisez une f\u00eate inoubliable avec cette enceinte bluetooth Caliber BOLD avec fonction basse extra . Gr\u00e2ce \u00e0 la batterie int\u00e9gr\u00e9e il vous suffit de recharger la box sans fil apr\u00e8s17 heures d&#039;utilisation. Le haut-parleur a un volume suffisant pour les grands groupes. Gr\u00e2ce \u00e0 la fonction TWS vous pouvez associer deux enceintes Caliber BOLD pour [&hellip;]\" \/>\n<meta property=\"og:url\" content=\"https:\/\/b2b.calibereurope.com\/fr\/produit\/HPG540BT-fr_FR\/\" \/>\n<meta property=\"og:site_name\" content=\"Caliber Europe B.V.\" \/>\n<meta property=\"article:modified_time\" content=\"2025-12-11T11:01:38+00:00\" \/>\n<meta property=\"og:image\" content=\"https:\/\/b2b.calibereurope.com\/wp-content\/uploads\/2021\/11\/23d167fc293cf8f722d60e365d4c234d6906c54d_HPG540BT_front-scaled.jpg\" \/>\n\t<meta property=\"og:image:width\" content=\"2560\" \/>\n\t<meta property=\"og:image:height\" content=\"1920\" \/>\n\t<meta property=\"og:image:type\" content=\"image\/jpeg\" \/>\n<meta name=\"twitter:card\" content=\"summary_large_image\" \/>\n<meta name=\"twitter:label1\" content=\"Dur\u00e9e de lecture estim\u00e9e\" \/>\n\t<meta name=\"twitter:data1\" content=\"2 minutes\" \/>\n<script type=\"application\/ld+json\" class=\"yoast-schema-graph\">{\"@context\":\"https:\/\/schema.org\",\"@graph\":[{\"@type\":\"WebPage\",\"@id\":\"https:\/\/b2b.calibereurope.com\/fr\/produit\/HPG540BT-fr_FR\/\",\"url\":\"https:\/\/b2b.calibereurope.com\/fr\/produit\/HPG540BT-fr_FR\/\",\"name\":\"Enceinte Bluetooth \u00ab Bold \u00bb avec Extra Bass - Entr\u00e9e Micro, LED et TWS (HPG540BT) - Caliber Europe B.V.\",\"isPartOf\":{\"@id\":\"https:\/\/b2b.calibereurope.com\/#website\"},\"primaryImageOfPage\":{\"@id\":\"https:\/\/b2b.calibereurope.com\/fr\/produit\/HPG540BT-fr_FR\/#primaryimage\"},\"image\":{\"@id\":\"https:\/\/b2b.calibereurope.com\/fr\/produit\/HPG540BT-fr_FR\/#primaryimage\"},\"thumbnailUrl\":\"https:\/\/b2b.calibereurope.com\/wp-content\/uploads\/2024\/06\/cbbdbed2343e7f58260504c0e5b93ab83591036e_HPG540BT_L.jpg\",\"datePublished\":\"2024-06-04T00:00:00+00:00\",\"dateModified\":\"2025-12-11T11:01:38+00:00\",\"breadcrumb\":{\"@id\":\"https:\/\/b2b.calibereurope.com\/fr\/produit\/HPG540BT-fr_FR\/#breadcrumb\"},\"inLanguage\":\"fr-FR\",\"potentialAction\":[{\"@type\":\"ReadAction\",\"target\":[\"https:\/\/b2b.calibereurope.com\/fr\/produit\/HPG540BT-fr_FR\/\"]}]},{\"@type\":\"ImageObject\",\"inLanguage\":\"fr-FR\",\"@id\":\"https:\/\/b2b.calibereurope.com\/fr\/produit\/HPG540BT-fr_FR\/#primaryimage\",\"url\":\"https:\/\/b2b.calibereurope.com\/wp-content\/uploads\/2024\/06\/cbbdbed2343e7f58260504c0e5b93ab83591036e_HPG540BT_L.jpg\",\"contentUrl\":\"https:\/\/b2b.calibereurope.com\/wp-content\/uploads\/2024\/06\/cbbdbed2343e7f58260504c0e5b93ab83591036e_HPG540BT_L.jpg\",\"width\":1024,\"height\":768},{\"@type\":\"BreadcrumbList\",\"@id\":\"https:\/\/b2b.calibereurope.com\/fr\/produit\/HPG540BT-fr_FR\/#breadcrumb\",\"itemListElement\":[{\"@type\":\"ListItem\",\"position\":1,\"name\":\"Home\",\"item\":\"https:\/\/b2b.calibereurope.com\/fr\/home\/\"},{\"@type\":\"ListItem\",\"position\":2,\"name\":\"Boutique\",\"item\":\"https:\/\/b2b.calibereurope.com\/fr\/boutique\/\"},{\"@type\":\"ListItem\",\"position\":3,\"name\":\"Calibre Bold &#8211; Haut-parleur Bluetooth avec des LED RGB USB suppl\u00e9mentaires Aux Black (HPG540BT)\"}]},{\"@type\":\"WebSite\",\"@id\":\"https:\/\/b2b.calibereurope.com\/#website\",\"url\":\"https:\/\/b2b.calibereurope.com\/\",\"name\":\"Caliber Europe B.V.\",\"description\":\"B2B Webshop\",\"publisher\":{\"@id\":\"https:\/\/b2b.calibereurope.com\/#organization\"},\"potentialAction\":[{\"@type\":\"SearchAction\",\"target\":{\"@type\":\"EntryPoint\",\"urlTemplate\":\"https:\/\/b2b.calibereurope.com\/?s={search_term_string}\"},\"query-input\":{\"@type\":\"PropertyValueSpecification\",\"valueRequired\":true,\"valueName\":\"search_term_string\"}}],\"inLanguage\":\"fr-FR\"},{\"@type\":\"Organization\",\"@id\":\"https:\/\/b2b.calibereurope.com\/#organization\",\"name\":\"Caliber Europe B.V.\",\"url\":\"https:\/\/b2b.calibereurope.com\/\",\"logo\":{\"@type\":\"ImageObject\",\"inLanguage\":\"fr-FR\",\"@id\":\"https:\/\/b2b.calibereurope.com\/#\/schema\/logo\/image\/\",\"url\":\"https:\/\/b2b.calibereurope.com\/wp-content\/uploads\/2020\/12\/Caliber_Logo-Black.png\",\"contentUrl\":\"https:\/\/b2b.calibereurope.com\/wp-content\/uploads\/2020\/12\/Caliber_Logo-Black.png\",\"width\":3157,\"height\":356,\"caption\":\"Caliber Europe B.V.\"},\"image\":{\"@id\":\"https:\/\/b2b.calibereurope.com\/#\/schema\/logo\/image\/\"}}]}<\/script>\n<!-- \/ Yoast SEO plugin. -->","yoast_head_json":{"title":"Enceinte Bluetooth \u00ab Bold \u00bb avec Extra Bass - Entr\u00e9e Micro, LED et TWS (HPG540BT) - Caliber Europe B.V.","robots":{"index":"noindex","follow":"follow","max-snippet":"max-snippet:-1","max-image-preview":"max-image-preview:large","max-video-preview":"max-video-preview:-1"},"og_locale":"fr_FR","og_type":"article","og_title":"Enceinte Bluetooth \u00ab Bold \u00bb avec Extra Bass - Entr\u00e9e Micro, LED et TWS (HPG540BT) - Caliber Europe B.V.","og_description":"Organisez une f\u00eate inoubliable avec cette enceinte bluetooth Caliber BOLD avec fonction basse extra . Gr\u00e2ce \u00e0 la batterie int\u00e9gr\u00e9e il vous suffit de recharger la box sans fil apr\u00e8s17 heures d&#39;utilisation. Le haut-parleur a un volume suffisant pour les grands groupes. Gr\u00e2ce \u00e0 la fonction TWS vous pouvez associer deux enceintes Caliber BOLD pour [&hellip;]","og_url":"https:\/\/b2b.calibereurope.com\/fr\/produit\/HPG540BT-fr_FR\/","og_site_name":"Caliber Europe B.V.","article_modified_time":"2025-12-11T11:01:38+00:00","og_image":[{"width":2560,"height":1920,"url":"https:\/\/b2b.calibereurope.com\/wp-content\/uploads\/2021\/11\/23d167fc293cf8f722d60e365d4c234d6906c54d_HPG540BT_front-scaled.jpg","type":"image\/jpeg"}],"twitter_card":"summary_large_image","twitter_misc":{"Dur\u00e9e de lecture estim\u00e9e":"2 minutes"},"schema":{"@context":"https:\/\/schema.org","@graph":[{"@type":"WebPage","@id":"https:\/\/b2b.calibereurope.com\/fr\/produit\/HPG540BT-fr_FR\/","url":"https:\/\/b2b.calibereurope.com\/fr\/produit\/HPG540BT-fr_FR\/","name":"Enceinte Bluetooth \u00ab Bold \u00bb avec Extra Bass - Entr\u00e9e Micro, LED et TWS (HPG540BT) - Caliber Europe B.V.","isPartOf":{"@id":"https:\/\/b2b.calibereurope.com\/#website"},"primaryImageOfPage":{"@id":"https:\/\/b2b.calibereurope.com\/fr\/produit\/HPG540BT-fr_FR\/#primaryimage"},"image":{"@id":"https:\/\/b2b.calibereurope.com\/fr\/produit\/HPG540BT-fr_FR\/#primaryimage"},"thumbnailUrl":"https:\/\/b2b.calibereurope.com\/wp-content\/uploads\/2024\/06\/cbbdbed2343e7f58260504c0e5b93ab83591036e_HPG540BT_L.jpg","datePublished":"2024-06-04T00:00:00+00:00","dateModified":"2025-12-11T11:01:38+00:00","breadcrumb":{"@id":"https:\/\/b2b.calibereurope.com\/fr\/produit\/HPG540BT-fr_FR\/#breadcrumb"},"inLanguage":"fr-FR","potentialAction":[{"@type":"ReadAction","target":["https:\/\/b2b.calibereurope.com\/fr\/produit\/HPG540BT-fr_FR\/"]}]},{"@type":"ImageObject","inLanguage":"fr-FR","@id":"https:\/\/b2b.calibereurope.com\/fr\/produit\/HPG540BT-fr_FR\/#primaryimage","url":"https:\/\/b2b.calibereurope.com\/wp-content\/uploads\/2024\/06\/cbbdbed2343e7f58260504c0e5b93ab83591036e_HPG540BT_L.jpg","contentUrl":"https:\/\/b2b.calibereurope.com\/wp-content\/uploads\/2024\/06\/cbbdbed2343e7f58260504c0e5b93ab83591036e_HPG540BT_L.jpg","width":1024,"height":768},{"@type":"BreadcrumbList","@id":"https:\/\/b2b.calibereurope.com\/fr\/produit\/HPG540BT-fr_FR\/#breadcrumb","itemListElement":[{"@type":"ListItem","position":1,"name":"Home","item":"https:\/\/b2b.calibereurope.com\/fr\/home\/"},{"@type":"ListItem","position":2,"name":"Boutique","item":"https:\/\/b2b.calibereurope.com\/fr\/boutique\/"},{"@type":"ListItem","position":3,"name":"Calibre Bold &#8211; Haut-parleur Bluetooth avec des LED RGB USB suppl\u00e9mentaires Aux Black (HPG540BT)"}]},{"@type":"WebSite","@id":"https:\/\/b2b.calibereurope.com\/#website","url":"https:\/\/b2b.calibereurope.com\/","name":"Caliber Europe B.V.","description":"B2B Webshop","publisher":{"@id":"https:\/\/b2b.calibereurope.com\/#organization"},"potentialAction":[{"@type":"SearchAction","target":{"@type":"EntryPoint","urlTemplate":"https:\/\/b2b.calibereurope.com\/?s={search_term_string}"},"query-input":{"@type":"PropertyValueSpecification","valueRequired":true,"valueName":"search_term_string"}}],"inLanguage":"fr-FR"},{"@type":"Organization","@id":"https:\/\/b2b.calibereurope.com\/#organization","name":"Caliber Europe B.V.","url":"https:\/\/b2b.calibereurope.com\/","logo":{"@type":"ImageObject","inLanguage":"fr-FR","@id":"https:\/\/b2b.calibereurope.com\/#\/schema\/logo\/image\/","url":"https:\/\/b2b.calibereurope.com\/wp-content\/uploads\/2020\/12\/Caliber_Logo-Black.png","contentUrl":"https:\/\/b2b.calibereurope.com\/wp-content\/uploads\/2020\/12\/Caliber_Logo-Black.png","width":3157,"height":356,"caption":"Caliber Europe B.V."},"image":{"@id":"https:\/\/b2b.calibereurope.com\/#\/schema\/logo\/image\/"}}]}},"_links":{"self":[{"href":"https:\/\/b2b.calibereurope.com\/fr\/wp-json\/wp\/v2\/product\/514108","targetHints":{"allow":["GET"]}}],"collection":[{"href":"https:\/\/b2b.calibereurope.com\/fr\/wp-json\/wp\/v2\/product"}],"about":[{"href":"https:\/\/b2b.calibereurope.com\/fr\/wp-json\/wp\/v2\/types\/product"}],"version-history":[{"count":0,"href":"https:\/\/b2b.calibereurope.com\/fr\/wp-json\/wp\/v2\/product\/514108\/revisions"}],"wp:featuredmedia":[{"embeddable":true,"href":"https:\/\/b2b.calibereurope.com\/fr\/wp-json\/wp\/v2\/media\/844865"}],"wp:attachment":[{"href":"https:\/\/b2b.calibereurope.com\/fr\/wp-json\/wp\/v2\/media?parent=514108"}],"wp:term":[{"taxonomy":"product_brand","embeddable":true,"href":"https:\/\/b2b.calibereurope.com\/fr\/wp-json\/wp\/v2\/product_brand?post=514108"},{"taxonomy":"product_cat","embeddable":true,"href":"https:\/\/b2b.calibereurope.com\/fr\/wp-json\/wp\/v2\/product_cat?post=514108"},{"taxonomy":"product_tag","embeddable":true,"href":"https:\/\/b2b.calibereurope.com\/fr\/wp-json\/wp\/v2\/product_tag?post=514108"}],"curies":[{"name":"wp","href":"https:\/\/api.w.org\/{rel}","templated":true}]}}