{"id":515720,"date":"2024-08-22T02:00:00","date_gmt":"2024-08-22T00:00:00","guid":{"rendered":""},"modified":"2024-11-27T16:17:21","modified_gmt":"2024-11-27T15:17:21","slug":"MIVUE-J60-WIFI-GPS-fr_FR","status":"publish","type":"product","link":"https:\/\/b2b.calibereurope.com\/fr\/produit\/MIVUE-J60-WIFI-GPS-fr_FR\/","title":{"rendered":"Mio Mivue J60 Dashcam, Full HD1080P, GPS, Capteur G, WiFi, Notification de la cam\u00e9ra Flash"},"content":{"rendered":"<p>Am\u00e9liorez votre exp\u00e9rience de conduite avec le Mio Mivue J60 Dashcam qui enregistre tous vos vents de voitures en qualit\u00e9 haute HD avec 30 cadres par seconde. Avec une lentille grand angle de 150 degr\u00e9s, tous les mouvements inattendus sont directement en vue de mani\u00e8re \u00e0 ce que vous ayez toujours des preuves dans des accidents. Le J60 est con\u00e7u pour confirmer derri\u00e8re le r\u00e9troviseur, de sorte que le DashCam ne pose pas votre vision. Gr\u00e2ce au WiFi, vous synchronisez les enregistrements en temps r\u00e9el avec votre smartphone. Le capteur G prend directement des mouvements soudains et stocke les enregistrements de cette promotion. Ce dashcam a un angle de cam\u00e9ra r\u00e9glable de moins de 150 degr\u00e9s. Gr\u00e2ce au GPS int\u00e9gr\u00e9, votre vitesse et votre emplacement sont enregistr\u00e9s \u00e0 tous les enregistrements. De cette fa\u00e7on, vous montrez que, en cas d&#39;accident, vous ne conduisez pas trop vite. Avez-vous peur que vous fassiez cela? Ensuite, vous recevrez des avertissements d&#39;alerte Flash avec Smart Alert. Le MIVUE prend \u00e9galement en compte votre s\u00e9curit\u00e9. De cette fa\u00e7on, vous obtenez un avertissement si vous \u00eates dangereux de fatigu\u00e9 et que DashCam vous attire \u00e0 la suite d&#39;un \u00e9ventuel affrontement. M\u00eame si votre voiture est gar\u00e9e, le MIVUE se d\u00e9place coinc\u00e9. C&#39;est ainsi que votre mat\u00e9riel d&#39;image collecte si un cambrioleur est actif. Pour cela, vous avez besoin d&#39;une smartbox (non incluse).<\/p>\n","protected":false},"excerpt":{"rendered":"<p>Am\u00e9liorez votre exp\u00e9rience de conduite avec le Mio Mivue J60 Dashcam qui enregistre tous vos vents de voitures en qualit\u00e9 haute HD avec 30 cadres par seconde. Avec une lentille grand angle de 150 degr\u00e9s, tous les mouvements inattendus sont directement en vue de mani\u00e8re \u00e0 ce que vous ayez toujours des preuves dans des [&hellip;]<\/p>\n","protected":false},"featured_media":851732,"template":"","meta":{"_acf_changed":false,"site-sidebar-layout":"default","site-content-layout":"","ast-site-content-layout":"default","site-content-style":"default","site-sidebar-style":"default","ast-global-header-display":"","ast-banner-title-visibility":"","ast-main-header-display":"","ast-hfb-above-header-display":"","ast-hfb-below-header-display":"","ast-hfb-mobile-header-display":"","site-post-title":"","ast-breadcrumbs-content":"","ast-featured-img":"","footer-sml-layout":"","theme-transparent-header-meta":"","adv-header-id-meta":"","stick-header-meta":"","header-above-stick-meta":"","header-main-stick-meta":"","header-below-stick-meta":"","astra-migrate-meta-layouts":"default","ast-page-background-enabled":"default","ast-page-background-meta":{"desktop":{"background-color":"","background-image":"","background-repeat":"repeat","background-position":"center center","background-size":"auto","background-attachment":"scroll","background-type":"","background-media":"","overlay-type":"","overlay-color":"","overlay-opacity":"","overlay-gradient":""},"tablet":{"background-color":"","background-image":"","background-repeat":"repeat","background-position":"center center","background-size":"auto","background-attachment":"scroll","background-type":"","background-media":"","overlay-type":"","overlay-color":"","overlay-opacity":"","overlay-gradient":""},"mobile":{"background-color":"","background-image":"","background-repeat":"repeat","background-position":"center center","background-size":"auto","background-attachment":"scroll","background-type":"","background-media":"","overlay-type":"","overlay-color":"","overlay-opacity":"","overlay-gradient":""}},"ast-content-background-meta":{"desktop":{"background-color":"var(--ast-global-color-5)","background-image":"","background-repeat":"repeat","background-position":"center center","background-size":"auto","background-attachment":"scroll","background-type":"","background-media":"","overlay-type":"","overlay-color":"","overlay-opacity":"","overlay-gradient":""},"tablet":{"background-color":"var(--ast-global-color-5)","background-image":"","background-repeat":"repeat","background-position":"center center","background-size":"auto","background-attachment":"scroll","background-type":"","background-media":"","overlay-type":"","overlay-color":"","overlay-opacity":"","overlay-gradient":""},"mobile":{"background-color":"var(--ast-global-color-5)","background-image":"","background-repeat":"repeat","background-position":"center center","background-size":"auto","background-attachment":"scroll","background-type":"","background-media":"","overlay-type":"","overlay-color":"","overlay-opacity":"","overlay-gradient":""}}},"product_brand":[],"product_cat":[12190,12182],"product_tag":[11592],"class_list":{"0":"post-515720","1":"product","2":"type-product","3":"status-publish","4":"has-post-thumbnail","6":"product_cat-dashcams_fr_fr","7":"product_cat-beeld_fr_fr","8":"product_tag-mio-fr","9":"desktop-align-center","10":"tablet-align-center","11":"mobile-align-center","12":"ast-product-gallery-layout-horizontal","13":"ast-product-tabs-layout-horizontal","15":"first","16":"outofstock","17":"taxable","18":"shipping-taxable","19":"purchasable","20":"product-type-simple"},"acf":[],"yoast_head":"<!-- This site is optimized with the Yoast SEO plugin v26.5 - https:\/\/yoast.com\/wordpress\/plugins\/seo\/ -->\n<title>Mio Mivue J60 Dashcam, Full HD1080P, GPS, Capteur G, WiFi, Notification de la cam\u00e9ra Flash - Caliber Europe B.V.<\/title>\n<meta name=\"robots\" content=\"noindex, follow, max-snippet:-1, max-image-preview:large, max-video-preview:-1\" \/>\n<meta property=\"og:locale\" content=\"fr_FR\" \/>\n<meta property=\"og:type\" content=\"article\" \/>\n<meta property=\"og:title\" content=\"Mio Mivue J60 Dashcam, Full HD1080P, GPS, Capteur G, WiFi, Notification de la cam\u00e9ra Flash - Caliber Europe B.V.\" \/>\n<meta property=\"og:description\" content=\"Am\u00e9liorez votre exp\u00e9rience de conduite avec le Mio Mivue J60 Dashcam qui enregistre tous vos vents de voitures en qualit\u00e9 haute HD avec 30 cadres par seconde. Avec une lentille grand angle de 150 degr\u00e9s, tous les mouvements inattendus sont directement en vue de mani\u00e8re \u00e0 ce que vous ayez toujours des preuves dans des [&hellip;]\" \/>\n<meta property=\"og:url\" content=\"https:\/\/b2b.calibereurope.com\/fr\/produit\/mivue-j60-wifi-gps-fr_fr\/\" \/>\n<meta property=\"og:site_name\" content=\"Caliber Europe B.V.\" \/>\n<meta property=\"article:modified_time\" content=\"2024-11-27T15:17:21+00:00\" \/>\n<meta property=\"og:image\" content=\"https:\/\/b2b.calibereurope.com\/wp-content\/uploads\/2021\/09\/b2a235be722e0e3bf6429fdc83fed6a02a4a57ae_MiVueJ60_wifi.jpg\" \/>\n\t<meta property=\"og:image:width\" content=\"1153\" \/>\n\t<meta property=\"og:image:height\" content=\"768\" \/>\n\t<meta property=\"og:image:type\" content=\"image\/jpeg\" \/>\n<meta name=\"twitter:card\" content=\"summary_large_image\" \/>\n<meta name=\"twitter:label1\" content=\"Dur\u00e9e de lecture estim\u00e9e\" \/>\n\t<meta name=\"twitter:data1\" content=\"1 minute\" \/>\n<script type=\"application\/ld+json\" class=\"yoast-schema-graph\">{\"@context\":\"https:\/\/schema.org\",\"@graph\":[{\"@type\":\"WebPage\",\"@id\":\"https:\/\/b2b.calibereurope.com\/fr\/produit\/mivue-j60-wifi-gps-fr_fr\/\",\"url\":\"https:\/\/b2b.calibereurope.com\/fr\/produit\/mivue-j60-wifi-gps-fr_fr\/\",\"name\":\"Mio Mivue J60 Dashcam, Full HD1080P, GPS, Capteur G, WiFi, Notification de la cam\u00e9ra Flash - Caliber Europe B.V.\",\"isPartOf\":{\"@id\":\"https:\/\/b2b.calibereurope.com\/#website\"},\"primaryImageOfPage\":{\"@id\":\"https:\/\/b2b.calibereurope.com\/fr\/produit\/mivue-j60-wifi-gps-fr_fr\/#primaryimage\"},\"image\":{\"@id\":\"https:\/\/b2b.calibereurope.com\/fr\/produit\/mivue-j60-wifi-gps-fr_fr\/#primaryimage\"},\"thumbnailUrl\":\"https:\/\/b2b.calibereurope.com\/wp-content\/uploads\/2024\/08\/b2a235be722e0e3bf6429fdc83fed6a02a4a57ae_MiVueJ60_wifi.jpg\",\"datePublished\":\"2024-08-22T00:00:00+00:00\",\"dateModified\":\"2024-11-27T15:17:21+00:00\",\"breadcrumb\":{\"@id\":\"https:\/\/b2b.calibereurope.com\/fr\/produit\/mivue-j60-wifi-gps-fr_fr\/#breadcrumb\"},\"inLanguage\":\"fr-FR\",\"potentialAction\":[{\"@type\":\"ReadAction\",\"target\":[\"https:\/\/b2b.calibereurope.com\/fr\/produit\/mivue-j60-wifi-gps-fr_fr\/\"]}]},{\"@type\":\"ImageObject\",\"inLanguage\":\"fr-FR\",\"@id\":\"https:\/\/b2b.calibereurope.com\/fr\/produit\/mivue-j60-wifi-gps-fr_fr\/#primaryimage\",\"url\":\"https:\/\/b2b.calibereurope.com\/wp-content\/uploads\/2024\/08\/b2a235be722e0e3bf6429fdc83fed6a02a4a57ae_MiVueJ60_wifi.jpg\",\"contentUrl\":\"https:\/\/b2b.calibereurope.com\/wp-content\/uploads\/2024\/08\/b2a235be722e0e3bf6429fdc83fed6a02a4a57ae_MiVueJ60_wifi.jpg\",\"width\":1153,\"height\":768},{\"@type\":\"BreadcrumbList\",\"@id\":\"https:\/\/b2b.calibereurope.com\/fr\/produit\/mivue-j60-wifi-gps-fr_fr\/#breadcrumb\",\"itemListElement\":[{\"@type\":\"ListItem\",\"position\":1,\"name\":\"Home\",\"item\":\"https:\/\/b2b.calibereurope.com\/fr\/home\/\"},{\"@type\":\"ListItem\",\"position\":2,\"name\":\"Boutique\",\"item\":\"https:\/\/b2b.calibereurope.com\/fr\/boutique\/\"},{\"@type\":\"ListItem\",\"position\":3,\"name\":\"MIVUE J60 WIFI GPS DASHCAM (MIVUE-J60-WIFI-GPS)\"}]},{\"@type\":\"WebSite\",\"@id\":\"https:\/\/b2b.calibereurope.com\/#website\",\"url\":\"https:\/\/b2b.calibereurope.com\/\",\"name\":\"Caliber Europe B.V.\",\"description\":\"B2B Webshop\",\"publisher\":{\"@id\":\"https:\/\/b2b.calibereurope.com\/#organization\"},\"potentialAction\":[{\"@type\":\"SearchAction\",\"target\":{\"@type\":\"EntryPoint\",\"urlTemplate\":\"https:\/\/b2b.calibereurope.com\/?s={search_term_string}\"},\"query-input\":{\"@type\":\"PropertyValueSpecification\",\"valueRequired\":true,\"valueName\":\"search_term_string\"}}],\"inLanguage\":\"fr-FR\"},{\"@type\":\"Organization\",\"@id\":\"https:\/\/b2b.calibereurope.com\/#organization\",\"name\":\"Caliber Europe B.V.\",\"url\":\"https:\/\/b2b.calibereurope.com\/\",\"logo\":{\"@type\":\"ImageObject\",\"inLanguage\":\"fr-FR\",\"@id\":\"https:\/\/b2b.calibereurope.com\/#\/schema\/logo\/image\/\",\"url\":\"https:\/\/b2b.calibereurope.com\/wp-content\/uploads\/2020\/12\/Caliber_Logo-Black.png\",\"contentUrl\":\"https:\/\/b2b.calibereurope.com\/wp-content\/uploads\/2020\/12\/Caliber_Logo-Black.png\",\"width\":3157,\"height\":356,\"caption\":\"Caliber Europe B.V.\"},\"image\":{\"@id\":\"https:\/\/b2b.calibereurope.com\/#\/schema\/logo\/image\/\"}}]}<\/script>\n<!-- \/ Yoast SEO plugin. -->","yoast_head_json":{"title":"Mio Mivue J60 Dashcam, Full HD1080P, GPS, Capteur G, WiFi, Notification de la cam\u00e9ra Flash - Caliber Europe B.V.","robots":{"index":"noindex","follow":"follow","max-snippet":"max-snippet:-1","max-image-preview":"max-image-preview:large","max-video-preview":"max-video-preview:-1"},"og_locale":"fr_FR","og_type":"article","og_title":"Mio Mivue J60 Dashcam, Full HD1080P, GPS, Capteur G, WiFi, Notification de la cam\u00e9ra Flash - Caliber Europe B.V.","og_description":"Am\u00e9liorez votre exp\u00e9rience de conduite avec le Mio Mivue J60 Dashcam qui enregistre tous vos vents de voitures en qualit\u00e9 haute HD avec 30 cadres par seconde. Avec une lentille grand angle de 150 degr\u00e9s, tous les mouvements inattendus sont directement en vue de mani\u00e8re \u00e0 ce que vous ayez toujours des preuves dans des [&hellip;]","og_url":"https:\/\/b2b.calibereurope.com\/fr\/produit\/mivue-j60-wifi-gps-fr_fr\/","og_site_name":"Caliber Europe B.V.","article_modified_time":"2024-11-27T15:17:21+00:00","og_image":[{"width":1153,"height":768,"url":"https:\/\/b2b.calibereurope.com\/wp-content\/uploads\/2021\/09\/b2a235be722e0e3bf6429fdc83fed6a02a4a57ae_MiVueJ60_wifi.jpg","type":"image\/jpeg"}],"twitter_card":"summary_large_image","twitter_misc":{"Dur\u00e9e de lecture estim\u00e9e":"1 minute"},"schema":{"@context":"https:\/\/schema.org","@graph":[{"@type":"WebPage","@id":"https:\/\/b2b.calibereurope.com\/fr\/produit\/mivue-j60-wifi-gps-fr_fr\/","url":"https:\/\/b2b.calibereurope.com\/fr\/produit\/mivue-j60-wifi-gps-fr_fr\/","name":"Mio Mivue J60 Dashcam, Full HD1080P, GPS, Capteur G, WiFi, Notification de la cam\u00e9ra Flash - Caliber Europe B.V.","isPartOf":{"@id":"https:\/\/b2b.calibereurope.com\/#website"},"primaryImageOfPage":{"@id":"https:\/\/b2b.calibereurope.com\/fr\/produit\/mivue-j60-wifi-gps-fr_fr\/#primaryimage"},"image":{"@id":"https:\/\/b2b.calibereurope.com\/fr\/produit\/mivue-j60-wifi-gps-fr_fr\/#primaryimage"},"thumbnailUrl":"https:\/\/b2b.calibereurope.com\/wp-content\/uploads\/2024\/08\/b2a235be722e0e3bf6429fdc83fed6a02a4a57ae_MiVueJ60_wifi.jpg","datePublished":"2024-08-22T00:00:00+00:00","dateModified":"2024-11-27T15:17:21+00:00","breadcrumb":{"@id":"https:\/\/b2b.calibereurope.com\/fr\/produit\/mivue-j60-wifi-gps-fr_fr\/#breadcrumb"},"inLanguage":"fr-FR","potentialAction":[{"@type":"ReadAction","target":["https:\/\/b2b.calibereurope.com\/fr\/produit\/mivue-j60-wifi-gps-fr_fr\/"]}]},{"@type":"ImageObject","inLanguage":"fr-FR","@id":"https:\/\/b2b.calibereurope.com\/fr\/produit\/mivue-j60-wifi-gps-fr_fr\/#primaryimage","url":"https:\/\/b2b.calibereurope.com\/wp-content\/uploads\/2024\/08\/b2a235be722e0e3bf6429fdc83fed6a02a4a57ae_MiVueJ60_wifi.jpg","contentUrl":"https:\/\/b2b.calibereurope.com\/wp-content\/uploads\/2024\/08\/b2a235be722e0e3bf6429fdc83fed6a02a4a57ae_MiVueJ60_wifi.jpg","width":1153,"height":768},{"@type":"BreadcrumbList","@id":"https:\/\/b2b.calibereurope.com\/fr\/produit\/mivue-j60-wifi-gps-fr_fr\/#breadcrumb","itemListElement":[{"@type":"ListItem","position":1,"name":"Home","item":"https:\/\/b2b.calibereurope.com\/fr\/home\/"},{"@type":"ListItem","position":2,"name":"Boutique","item":"https:\/\/b2b.calibereurope.com\/fr\/boutique\/"},{"@type":"ListItem","position":3,"name":"MIVUE J60 WIFI GPS DASHCAM (MIVUE-J60-WIFI-GPS)"}]},{"@type":"WebSite","@id":"https:\/\/b2b.calibereurope.com\/#website","url":"https:\/\/b2b.calibereurope.com\/","name":"Caliber Europe B.V.","description":"B2B Webshop","publisher":{"@id":"https:\/\/b2b.calibereurope.com\/#organization"},"potentialAction":[{"@type":"SearchAction","target":{"@type":"EntryPoint","urlTemplate":"https:\/\/b2b.calibereurope.com\/?s={search_term_string}"},"query-input":{"@type":"PropertyValueSpecification","valueRequired":true,"valueName":"search_term_string"}}],"inLanguage":"fr-FR"},{"@type":"Organization","@id":"https:\/\/b2b.calibereurope.com\/#organization","name":"Caliber Europe B.V.","url":"https:\/\/b2b.calibereurope.com\/","logo":{"@type":"ImageObject","inLanguage":"fr-FR","@id":"https:\/\/b2b.calibereurope.com\/#\/schema\/logo\/image\/","url":"https:\/\/b2b.calibereurope.com\/wp-content\/uploads\/2020\/12\/Caliber_Logo-Black.png","contentUrl":"https:\/\/b2b.calibereurope.com\/wp-content\/uploads\/2020\/12\/Caliber_Logo-Black.png","width":3157,"height":356,"caption":"Caliber Europe B.V."},"image":{"@id":"https:\/\/b2b.calibereurope.com\/#\/schema\/logo\/image\/"}}]}},"_links":{"self":[{"href":"https:\/\/b2b.calibereurope.com\/fr\/wp-json\/wp\/v2\/product\/515720","targetHints":{"allow":["GET"]}}],"collection":[{"href":"https:\/\/b2b.calibereurope.com\/fr\/wp-json\/wp\/v2\/product"}],"about":[{"href":"https:\/\/b2b.calibereurope.com\/fr\/wp-json\/wp\/v2\/types\/product"}],"version-history":[{"count":0,"href":"https:\/\/b2b.calibereurope.com\/fr\/wp-json\/wp\/v2\/product\/515720\/revisions"}],"wp:featuredmedia":[{"embeddable":true,"href":"https:\/\/b2b.calibereurope.com\/fr\/wp-json\/wp\/v2\/media\/851732"}],"wp:attachment":[{"href":"https:\/\/b2b.calibereurope.com\/fr\/wp-json\/wp\/v2\/media?parent=515720"}],"wp:term":[{"taxonomy":"product_brand","embeddable":true,"href":"https:\/\/b2b.calibereurope.com\/fr\/wp-json\/wp\/v2\/product_brand?post=515720"},{"taxonomy":"product_cat","embeddable":true,"href":"https:\/\/b2b.calibereurope.com\/fr\/wp-json\/wp\/v2\/product_cat?post=515720"},{"taxonomy":"product_tag","embeddable":true,"href":"https:\/\/b2b.calibereurope.com\/fr\/wp-json\/wp\/v2\/product_tag?post=515720"}],"curies":[{"name":"wp","href":"https:\/\/api.w.org\/{rel}","templated":true}]}}