{"id":517852,"date":"2025-12-04T01:00:00","date_gmt":"2025-12-04T00:00:00","guid":{"rendered":"0"},"modified":"2025-12-04T15:03:54","modified_gmt":"2025-12-04T14:03:54","slug":"ANT742-DAB-fr_FR","status":"publish","type":"product","link":"https:\/\/b2b.calibereurope.com\/fr\/produit\/ANT742-DAB-fr_FR\/","title":{"rendered":"Antenne pour l&rsquo;autoradio &#8211; SMA Male Plug &#8211; C\u00e2ble 3M &#8211; DAB actif + Antenne &#8211; Montage de fen\u00eatre (ANT742 -DAB)"},"content":{"rendered":"<p> Les options d&#39;\u00e9coute \u00e0 la radio avec cette antenne DAB + Caliber Ant742-Dab +. Connectez l&#39;antenne \u00e0 votre autoradio et vous pouvez recevoir tous les canaux DAB +. Vous \u00e9coutez ensuite cela dans <strong> Sound clair <\/strong> gr\u00e2ce \u00e0 la <strong> bonne r\u00e9ception <\/strong> de l&#39;antenne DAB +. Avec <strong> c\u00e2ble de 300 cm <\/strong> et <strong> confirmation auto-adh\u00e9sive <\/strong>, c&#39;est un morceau de g\u00e2teau pour installer l&#39;antenne. Vous n&#39;avez \u00e9galement besoin que d&#39;un <strong> connexion d&#39;alimentation 5V <\/strong> et vous pouvez commencer \u00e0 \u00e9couter. L&#39;antenne re\u00e7oit des fr\u00e9quences radio <strong> 174 ~ 237 MHz \u00e0 470 ~ 958 MHz <\/strong>. <\/p>\n<p> <strong> Propri\u00e9t\u00e9s: <\/strong> <\/p>\n<ul>\n<li> Antenne DAB + active\n<li> fiche m\u00e2le SMA\n<li> Fonctionne sur 5V\n<li> C\u00e2ble de 300 centim\u00e8tres\n<li> auto-adh\u00e9sif (montage sur le verre)\n<li> Fr\u00e9quences 174 ~ 237MHz \/ 470 ~ 958MHz <\/li>\n<\/ul>\n<h3> Convient \u00e0 diverses radios <\/h3>\n<p> L&#39;antenne DAB + pour les radios de voiture est universelle. Vous pouvez donc les connecter \u00e0 diverses radios pour acc\u00e9der aux stations de radio DAB +. Cependant, assurez-vous que cette antenne DAB + a une fiche m\u00e2le SMA. Si votre radio a une porte f\u00e9minine SMB, cette antenne ne correspond pas \u00e0 votre radio. <\/p>\n<h3> Facile \u00e0 installer <\/h3>\n<p> Gr\u00e2ce au c\u00e2ble de pas moins de 3 m\u00e8tres de long, vous avez suffisamment de jeu pour connecter l&#39;antenne DAB + \u00e0 votre autoradio. De plus, l&#39;antenne est auto-adh\u00e9sive lorsque vous l&#39;attachez au verre. De cette fa\u00e7on, vous pouvez trouver l&#39;endroit id\u00e9al pour installer l&#39;antenne, afin que la r\u00e9ception soit bonne et ne g\u00eane pas. <\/p>\n<h3> Une nouvelle exp\u00e9rience d&#39;\u00e9coute <\/h3>\n<p> Avec cette antenne DAB +, vous pouvez recevoir la radio DAB + dans la voiture. L&#39;avantage de DAB + par rapport \u00e0 la radio FM est que la r\u00e9ception est meilleure. De cette fa\u00e7on, vous avez moins de probl\u00e8mes avec le bruit. De plus, un tuner DAB + peut se coordonner sur plus de canaux que ceci est le cas avec les fr\u00e9quences FM. De cette fa\u00e7on, vous appr\u00e9ciez non seulement le son cristallin, mais aussi une large gamme d&#39;options d&#39;\u00e9coute. <\/p>\n","protected":false},"excerpt":{"rendered":"<p>Les options d&#39;\u00e9coute \u00e0 la radio avec cette antenne DAB + Caliber Ant742-Dab +. Connectez l&#39;antenne \u00e0 votre autoradio et vous pouvez recevoir tous les canaux DAB +. Vous \u00e9coutez ensuite cela dans Sound clair gr\u00e2ce \u00e0 la bonne r\u00e9ception de l&#39;antenne DAB +. Avec c\u00e2ble de 300 cm et confirmation auto-adh\u00e9sive , c&#39;est un [&hellip;]<\/p>\n","protected":false},"featured_media":869651,"template":"","meta":{"_acf_changed":false,"site-sidebar-layout":"default","site-content-layout":"","ast-site-content-layout":"default","site-content-style":"default","site-sidebar-style":"default","ast-global-header-display":"","ast-banner-title-visibility":"","ast-main-header-display":"","ast-hfb-above-header-display":"","ast-hfb-below-header-display":"","ast-hfb-mobile-header-display":"","site-post-title":"","ast-breadcrumbs-content":"","ast-featured-img":"","footer-sml-layout":"","theme-transparent-header-meta":"","adv-header-id-meta":"","stick-header-meta":"","header-above-stick-meta":"","header-main-stick-meta":"","header-below-stick-meta":"","astra-migrate-meta-layouts":"default","ast-page-background-enabled":"default","ast-page-background-meta":{"desktop":{"background-color":"","background-image":"","background-repeat":"repeat","background-position":"center center","background-size":"auto","background-attachment":"scroll","background-type":"","background-media":"","overlay-type":"","overlay-color":"","overlay-opacity":"","overlay-gradient":""},"tablet":{"background-color":"","background-image":"","background-repeat":"repeat","background-position":"center center","background-size":"auto","background-attachment":"scroll","background-type":"","background-media":"","overlay-type":"","overlay-color":"","overlay-opacity":"","overlay-gradient":""},"mobile":{"background-color":"","background-image":"","background-repeat":"repeat","background-position":"center center","background-size":"auto","background-attachment":"scroll","background-type":"","background-media":"","overlay-type":"","overlay-color":"","overlay-opacity":"","overlay-gradient":""}},"ast-content-background-meta":{"desktop":{"background-color":"var(--ast-global-color-5)","background-image":"","background-repeat":"repeat","background-position":"center center","background-size":"auto","background-attachment":"scroll","background-type":"","background-media":"","overlay-type":"","overlay-color":"","overlay-opacity":"","overlay-gradient":""},"tablet":{"background-color":"var(--ast-global-color-5)","background-image":"","background-repeat":"repeat","background-position":"center center","background-size":"auto","background-attachment":"scroll","background-type":"","background-media":"","overlay-type":"","overlay-color":"","overlay-opacity":"","overlay-gradient":""},"mobile":{"background-color":"var(--ast-global-color-5)","background-image":"","background-repeat":"repeat","background-position":"center center","background-size":"auto","background-attachment":"scroll","background-type":"","background-media":"","overlay-type":"","overlay-color":"","overlay-opacity":"","overlay-gradient":""}}},"product_brand":[],"product_cat":[22955],"product_tag":[],"class_list":{"0":"post-517852","1":"product","2":"type-product","3":"status-publish","4":"has-post-thumbnail","6":"product_cat-pas-de-categorie","7":"desktop-align-center","8":"tablet-align-center","9":"mobile-align-center","10":"ast-product-gallery-layout-horizontal","11":"ast-product-tabs-layout-horizontal","13":"first","14":"instock","15":"taxable","16":"shipping-taxable","17":"purchasable","18":"product-type-simple"},"acf":[],"yoast_head":"<!-- This site is optimized with the Yoast SEO plugin v26.5 - https:\/\/yoast.com\/wordpress\/plugins\/seo\/ -->\n<title>Antenne pour l&#039;autoradio - SMA Male Plug - C\u00e2ble 3M - DAB actif + Antenne - Montage de fen\u00eatre (ANT742 -DAB) - Caliber Europe B.V.<\/title>\n<meta name=\"robots\" content=\"noindex, follow, max-snippet:-1, max-image-preview:large, max-video-preview:-1\" \/>\n<meta property=\"og:locale\" content=\"fr_FR\" \/>\n<meta property=\"og:type\" content=\"article\" \/>\n<meta property=\"og:title\" content=\"Antenne pour l&#039;autoradio - SMA Male Plug - C\u00e2ble 3M - DAB actif + Antenne - Montage de fen\u00eatre (ANT742 -DAB) - Caliber Europe B.V.\" \/>\n<meta property=\"og:description\" content=\"Les options d&#039;\u00e9coute \u00e0 la radio avec cette antenne DAB + Caliber Ant742-Dab +. Connectez l&#039;antenne \u00e0 votre autoradio et vous pouvez recevoir tous les canaux DAB +. Vous \u00e9coutez ensuite cela dans Sound clair gr\u00e2ce \u00e0 la bonne r\u00e9ception de l&#039;antenne DAB +. Avec c\u00e2ble de 300 cm et confirmation auto-adh\u00e9sive , c&#039;est un [&hellip;]\" \/>\n<meta property=\"og:url\" content=\"https:\/\/b2b.calibereurope.com\/fr\/produit\/ant742-dab-fr_fr\/\" \/>\n<meta property=\"og:site_name\" content=\"Caliber Europe B.V.\" \/>\n<meta property=\"article:modified_time\" content=\"2025-12-04T14:03:54+00:00\" \/>\n<meta property=\"og:image\" content=\"https:\/\/b2b.calibereurope.com\/wp-content\/uploads\/2021\/09\/e63735a531f91502a3c196357d32f15f8391b4d0_ANT742_DAB_web.jpg\" \/>\n\t<meta property=\"og:image:width\" content=\"1024\" \/>\n\t<meta property=\"og:image:height\" content=\"768\" \/>\n\t<meta property=\"og:image:type\" content=\"image\/jpeg\" \/>\n<meta name=\"twitter:card\" content=\"summary_large_image\" \/>\n<meta name=\"twitter:label1\" content=\"Dur\u00e9e de lecture estim\u00e9e\" \/>\n\t<meta name=\"twitter:data1\" content=\"2 minutes\" \/>\n<script type=\"application\/ld+json\" class=\"yoast-schema-graph\">{\"@context\":\"https:\/\/schema.org\",\"@graph\":[{\"@type\":\"WebPage\",\"@id\":\"https:\/\/b2b.calibereurope.com\/fr\/produit\/ant742-dab-fr_fr\/\",\"url\":\"https:\/\/b2b.calibereurope.com\/fr\/produit\/ant742-dab-fr_fr\/\",\"name\":\"Antenne pour l'autoradio - SMA Male Plug - C\u00e2ble 3M - DAB actif + Antenne - Montage de fen\u00eatre (ANT742 -DAB) - Caliber Europe B.V.\",\"isPartOf\":{\"@id\":\"https:\/\/b2b.calibereurope.com\/#website\"},\"primaryImageOfPage\":{\"@id\":\"https:\/\/b2b.calibereurope.com\/fr\/produit\/ant742-dab-fr_fr\/#primaryimage\"},\"image\":{\"@id\":\"https:\/\/b2b.calibereurope.com\/fr\/produit\/ant742-dab-fr_fr\/#primaryimage\"},\"thumbnailUrl\":\"https:\/\/b2b.calibereurope.com\/wp-content\/uploads\/2025\/12\/e63735a531f91502a3c196357d32f15f8391b4d0_ANT742_DAB_web-4.jpg\",\"datePublished\":\"2025-12-04T00:00:00+00:00\",\"dateModified\":\"2025-12-04T14:03:54+00:00\",\"breadcrumb\":{\"@id\":\"https:\/\/b2b.calibereurope.com\/fr\/produit\/ant742-dab-fr_fr\/#breadcrumb\"},\"inLanguage\":\"fr-FR\",\"potentialAction\":[{\"@type\":\"ReadAction\",\"target\":[\"https:\/\/b2b.calibereurope.com\/fr\/produit\/ant742-dab-fr_fr\/\"]}]},{\"@type\":\"ImageObject\",\"inLanguage\":\"fr-FR\",\"@id\":\"https:\/\/b2b.calibereurope.com\/fr\/produit\/ant742-dab-fr_fr\/#primaryimage\",\"url\":\"https:\/\/b2b.calibereurope.com\/wp-content\/uploads\/2025\/12\/e63735a531f91502a3c196357d32f15f8391b4d0_ANT742_DAB_web-4.jpg\",\"contentUrl\":\"https:\/\/b2b.calibereurope.com\/wp-content\/uploads\/2025\/12\/e63735a531f91502a3c196357d32f15f8391b4d0_ANT742_DAB_web-4.jpg\",\"width\":1024,\"height\":768},{\"@type\":\"BreadcrumbList\",\"@id\":\"https:\/\/b2b.calibereurope.com\/fr\/produit\/ant742-dab-fr_fr\/#breadcrumb\",\"itemListElement\":[{\"@type\":\"ListItem\",\"position\":1,\"name\":\"Home\",\"item\":\"https:\/\/b2b.calibereurope.com\/fr\/home\/\"},{\"@type\":\"ListItem\",\"position\":2,\"name\":\"Boutique\",\"item\":\"https:\/\/b2b.calibereurope.com\/fr\/boutique\/\"},{\"@type\":\"ListItem\",\"position\":3,\"name\":\"Antenne &#8211; DAB + actif (ant742-dab)\"}]},{\"@type\":\"WebSite\",\"@id\":\"https:\/\/b2b.calibereurope.com\/#website\",\"url\":\"https:\/\/b2b.calibereurope.com\/\",\"name\":\"Caliber Europe B.V.\",\"description\":\"B2B Webshop\",\"publisher\":{\"@id\":\"https:\/\/b2b.calibereurope.com\/#organization\"},\"potentialAction\":[{\"@type\":\"SearchAction\",\"target\":{\"@type\":\"EntryPoint\",\"urlTemplate\":\"https:\/\/b2b.calibereurope.com\/?s={search_term_string}\"},\"query-input\":{\"@type\":\"PropertyValueSpecification\",\"valueRequired\":true,\"valueName\":\"search_term_string\"}}],\"inLanguage\":\"fr-FR\"},{\"@type\":\"Organization\",\"@id\":\"https:\/\/b2b.calibereurope.com\/#organization\",\"name\":\"Caliber Europe B.V.\",\"url\":\"https:\/\/b2b.calibereurope.com\/\",\"logo\":{\"@type\":\"ImageObject\",\"inLanguage\":\"fr-FR\",\"@id\":\"https:\/\/b2b.calibereurope.com\/#\/schema\/logo\/image\/\",\"url\":\"https:\/\/b2b.calibereurope.com\/wp-content\/uploads\/2020\/12\/Caliber_Logo-Black.png\",\"contentUrl\":\"https:\/\/b2b.calibereurope.com\/wp-content\/uploads\/2020\/12\/Caliber_Logo-Black.png\",\"width\":3157,\"height\":356,\"caption\":\"Caliber Europe B.V.\"},\"image\":{\"@id\":\"https:\/\/b2b.calibereurope.com\/#\/schema\/logo\/image\/\"}}]}<\/script>\n<!-- \/ Yoast SEO plugin. -->","yoast_head_json":{"title":"Antenne pour l'autoradio - SMA Male Plug - C\u00e2ble 3M - DAB actif + Antenne - Montage de fen\u00eatre (ANT742 -DAB) - Caliber Europe B.V.","robots":{"index":"noindex","follow":"follow","max-snippet":"max-snippet:-1","max-image-preview":"max-image-preview:large","max-video-preview":"max-video-preview:-1"},"og_locale":"fr_FR","og_type":"article","og_title":"Antenne pour l'autoradio - SMA Male Plug - C\u00e2ble 3M - DAB actif + Antenne - Montage de fen\u00eatre (ANT742 -DAB) - Caliber Europe B.V.","og_description":"Les options d&#39;\u00e9coute \u00e0 la radio avec cette antenne DAB + Caliber Ant742-Dab +. Connectez l&#39;antenne \u00e0 votre autoradio et vous pouvez recevoir tous les canaux DAB +. Vous \u00e9coutez ensuite cela dans Sound clair gr\u00e2ce \u00e0 la bonne r\u00e9ception de l&#39;antenne DAB +. Avec c\u00e2ble de 300 cm et confirmation auto-adh\u00e9sive , c&#39;est un [&hellip;]","og_url":"https:\/\/b2b.calibereurope.com\/fr\/produit\/ant742-dab-fr_fr\/","og_site_name":"Caliber Europe B.V.","article_modified_time":"2025-12-04T14:03:54+00:00","og_image":[{"width":1024,"height":768,"url":"https:\/\/b2b.calibereurope.com\/wp-content\/uploads\/2021\/09\/e63735a531f91502a3c196357d32f15f8391b4d0_ANT742_DAB_web.jpg","type":"image\/jpeg"}],"twitter_card":"summary_large_image","twitter_misc":{"Dur\u00e9e de lecture estim\u00e9e":"2 minutes"},"schema":{"@context":"https:\/\/schema.org","@graph":[{"@type":"WebPage","@id":"https:\/\/b2b.calibereurope.com\/fr\/produit\/ant742-dab-fr_fr\/","url":"https:\/\/b2b.calibereurope.com\/fr\/produit\/ant742-dab-fr_fr\/","name":"Antenne pour l'autoradio - SMA Male Plug - C\u00e2ble 3M - DAB actif + Antenne - Montage de fen\u00eatre (ANT742 -DAB) - Caliber Europe B.V.","isPartOf":{"@id":"https:\/\/b2b.calibereurope.com\/#website"},"primaryImageOfPage":{"@id":"https:\/\/b2b.calibereurope.com\/fr\/produit\/ant742-dab-fr_fr\/#primaryimage"},"image":{"@id":"https:\/\/b2b.calibereurope.com\/fr\/produit\/ant742-dab-fr_fr\/#primaryimage"},"thumbnailUrl":"https:\/\/b2b.calibereurope.com\/wp-content\/uploads\/2025\/12\/e63735a531f91502a3c196357d32f15f8391b4d0_ANT742_DAB_web-4.jpg","datePublished":"2025-12-04T00:00:00+00:00","dateModified":"2025-12-04T14:03:54+00:00","breadcrumb":{"@id":"https:\/\/b2b.calibereurope.com\/fr\/produit\/ant742-dab-fr_fr\/#breadcrumb"},"inLanguage":"fr-FR","potentialAction":[{"@type":"ReadAction","target":["https:\/\/b2b.calibereurope.com\/fr\/produit\/ant742-dab-fr_fr\/"]}]},{"@type":"ImageObject","inLanguage":"fr-FR","@id":"https:\/\/b2b.calibereurope.com\/fr\/produit\/ant742-dab-fr_fr\/#primaryimage","url":"https:\/\/b2b.calibereurope.com\/wp-content\/uploads\/2025\/12\/e63735a531f91502a3c196357d32f15f8391b4d0_ANT742_DAB_web-4.jpg","contentUrl":"https:\/\/b2b.calibereurope.com\/wp-content\/uploads\/2025\/12\/e63735a531f91502a3c196357d32f15f8391b4d0_ANT742_DAB_web-4.jpg","width":1024,"height":768},{"@type":"BreadcrumbList","@id":"https:\/\/b2b.calibereurope.com\/fr\/produit\/ant742-dab-fr_fr\/#breadcrumb","itemListElement":[{"@type":"ListItem","position":1,"name":"Home","item":"https:\/\/b2b.calibereurope.com\/fr\/home\/"},{"@type":"ListItem","position":2,"name":"Boutique","item":"https:\/\/b2b.calibereurope.com\/fr\/boutique\/"},{"@type":"ListItem","position":3,"name":"Antenne &#8211; DAB + actif (ant742-dab)"}]},{"@type":"WebSite","@id":"https:\/\/b2b.calibereurope.com\/#website","url":"https:\/\/b2b.calibereurope.com\/","name":"Caliber Europe B.V.","description":"B2B Webshop","publisher":{"@id":"https:\/\/b2b.calibereurope.com\/#organization"},"potentialAction":[{"@type":"SearchAction","target":{"@type":"EntryPoint","urlTemplate":"https:\/\/b2b.calibereurope.com\/?s={search_term_string}"},"query-input":{"@type":"PropertyValueSpecification","valueRequired":true,"valueName":"search_term_string"}}],"inLanguage":"fr-FR"},{"@type":"Organization","@id":"https:\/\/b2b.calibereurope.com\/#organization","name":"Caliber Europe B.V.","url":"https:\/\/b2b.calibereurope.com\/","logo":{"@type":"ImageObject","inLanguage":"fr-FR","@id":"https:\/\/b2b.calibereurope.com\/#\/schema\/logo\/image\/","url":"https:\/\/b2b.calibereurope.com\/wp-content\/uploads\/2020\/12\/Caliber_Logo-Black.png","contentUrl":"https:\/\/b2b.calibereurope.com\/wp-content\/uploads\/2020\/12\/Caliber_Logo-Black.png","width":3157,"height":356,"caption":"Caliber Europe B.V."},"image":{"@id":"https:\/\/b2b.calibereurope.com\/#\/schema\/logo\/image\/"}}]}},"_links":{"self":[{"href":"https:\/\/b2b.calibereurope.com\/fr\/wp-json\/wp\/v2\/product\/517852","targetHints":{"allow":["GET"]}}],"collection":[{"href":"https:\/\/b2b.calibereurope.com\/fr\/wp-json\/wp\/v2\/product"}],"about":[{"href":"https:\/\/b2b.calibereurope.com\/fr\/wp-json\/wp\/v2\/types\/product"}],"version-history":[{"count":0,"href":"https:\/\/b2b.calibereurope.com\/fr\/wp-json\/wp\/v2\/product\/517852\/revisions"}],"wp:featuredmedia":[{"embeddable":true,"href":"https:\/\/b2b.calibereurope.com\/fr\/wp-json\/wp\/v2\/media\/869651"}],"wp:attachment":[{"href":"https:\/\/b2b.calibereurope.com\/fr\/wp-json\/wp\/v2\/media?parent=517852"}],"wp:term":[{"taxonomy":"product_brand","embeddable":true,"href":"https:\/\/b2b.calibereurope.com\/fr\/wp-json\/wp\/v2\/product_brand?post=517852"},{"taxonomy":"product_cat","embeddable":true,"href":"https:\/\/b2b.calibereurope.com\/fr\/wp-json\/wp\/v2\/product_cat?post=517852"},{"taxonomy":"product_tag","embeddable":true,"href":"https:\/\/b2b.calibereurope.com\/fr\/wp-json\/wp\/v2\/product_tag?post=517852"}],"curies":[{"name":"wp","href":"https:\/\/api.w.org\/{rel}","templated":true}]}}