{"id":518056,"date":"2025-12-04T01:00:00","date_gmt":"2025-12-04T00:00:00","guid":{"rendered":"0"},"modified":"2025-12-04T15:04:19","modified_gmt":"2025-12-04T14:04:19","slug":"HCG021-fr_FR","status":"publish","type":"product","link":"https:\/\/b2b.calibereurope.com\/fr\/produit\/HCG021-fr_FR\/","title":{"rendered":"R\u00e9veil num\u00e9rique \u00ab Slim-line \u00bb &#8211; R\u00e9veil double &#8211; Grand \u00e9cran bleu &#8211; Port USB (HCG021)"},"content":{"rendered":"<p>R\u00e9veillez-vous \u00e0 l&#39;heure tous les matins avec le r\u00e9veil num\u00e9rique fin HCG021 de Caliber. Gr\u00e2ce au <strong> grand \u00e9cran bleu <\/strong> de ce r\u00e9veil num\u00e9rique, vous ne serez pas g\u00ean\u00e9 par la lumi\u00e8re la nuit, mais les chiffres seront toujours faciles \u00e0 lire. La luminosit\u00e9 du r\u00e9veil est \u00e9galement <strong> r\u00e9glable <\/strong>. En outre, ce r\u00e9veil num\u00e9rique dispose de <strong> 2 heures d&#39;alarme <\/strong> et d&#39;une <strong> fonction de r\u00e9p\u00e9tition de r\u00e9veil <\/strong>. Gr\u00e2ce \u00e0 son <strong> design extra-fin<\/strong> ce r\u00e9veil peut \u00eatre utilis\u00e9 <strong> debout <\/strong>ou bien <strong> fix\u00e9 au mur <\/strong>. En outre, il dispose d&#39;une <strong> batterie de secours <\/strong> et d\u2019une<strong> sortie USB pour la recharge <\/strong>. <\/p>\n<p> <strong>Caract\u00e9ristiques :<\/strong> <\/p>\n<ul>\n<li> Grand \u00e9cran bleu<\/li>\n<li>Design extra-plat<\/li>\n<li>Luminosit\u00e9 r\u00e9glable<\/li>\n<li>2 heures d\u2019alarmes<\/li>\n<li>fonction Snooze<\/li>\n<li>Batterie de secours<\/li>\n<li>Peut \u00eatre utilis\u00e9 aussi bien sur pied que fix\u00e9 au mur<\/li>\n<li>Sortie USB (1A) pour la recharge<\/li>\n<li>Pas de fonction FM<\/li>\n<\/ul>\n<h3> Une alarme de r\u00e9veil avec un design multifonctionnel <\/h3>\n<p> Le r\u00e9veil Caliber slim-line a un design moderne et extra-plat avec un \u00e9cran de couleur bleue, qui fournit une lumi\u00e8re subtile avec des chiffres clairement lisibles. Outre l&#39;heure, l&#39;\u00e9cran peut \u00e9galement afficher la date et la temp\u00e9rature lorsque vous le r\u00e9glez. Gr\u00e2ce \u00e0 la base incluse, vous pouvez placer ce r\u00e9veil num\u00e9rique sur votre table de chevet. Vous pr\u00e9f\u00e9rez l&#39;accrocher au mur ? Cela est \u00e9galement possible gr\u00e2ce \u00e0 son design extra-plat. Enfin, vous pouvez facilement recharger votre t\u00e9l\u00e9phone avec ce r\u00e9veil, gr\u00e2ce \u00e0 la sortie USB 1A. <\/p>\n<h3> R\u00e9glez comme vous le souhaitez <\/h3>\n<p> La lumi\u00e8re du r\u00e9veil num\u00e9rique est r\u00e9glable sur 3 niveaux diff\u00e9rents, de sorte que la luminosit\u00e9 s&#39;adapte \u00e0 la lumi\u00e8re ambiante. Vous pouvez ainsi lire facilement l&#39;heure, de jour comme de nuit. Vous pouvez \u00e9galement r\u00e9gler deux heures d&#39;alarme simultan\u00e9ment, de sorte que vous et votre partenaire pouvez r\u00e9gler votre propre r\u00e9veil sur le m\u00eame appareil. Comme c&#39;est le cas pour de nombreux r\u00e9veils num\u00e9riques, ce r\u00e9veil est dot\u00e9 d&#39;une fonction \u00ab\u00a0snooze\u00a0\u00bb tr\u00e8s pratique pour les personnes qui ne sont pas du matin. L&#39;alarme de ce r\u00e9veil num\u00e9rique est un avertisseur sonore. Il n&#39;y a pas de radio FM disponible.   <\/p>\n<h3>Toujours une sauve garde pour le reveil<\/h3>\n<p> Gr\u00e2ce \u00e0 la batterie de secours incluse, vous \u00eates toujours assur\u00e9 d&#39;avoir un r\u00e9veil qui se d\u00e9clenche. Le r\u00e9veil num\u00e9rique m\u00e9morise l&#39;alarme programm\u00e9e en cas de coupure de courant la nuit ou si quelque chose d&#39;autre provoque une perturbation de l&#39;alimentation \u00e9lectrique. Ainsi, avec ce r\u00e9veil num\u00e9rique dans votre chambre, vous pouvez \u00eatre s\u00fbr de vous r\u00e9veiller \u00e0 l&#39;heure ! <\/p>\n","protected":false},"excerpt":{"rendered":"<ul>\n<li>Grand \u00e9cran bleu<\/li>\n<li>Design extra-plat<\/li>\n<li>Luminosit\u00e9 r\u00e9glable<\/li>\n<li>2 heures d\u2019alarmes<\/li>\n<li>fonction Snooze<\/li>\n<li>Batterie de secours<\/li>\n<li>Peut \u00eatre utilis\u00e9 aussi bien sur pied que fix\u00e9 au mur<\/li>\n<li>Sortie USB (1A) pour la recharge<\/li>\n<li>Pas de fonction FM<\/li>\n<\/ul>\n","protected":false},"featured_media":869734,"template":"","meta":{"_acf_changed":false,"site-sidebar-layout":"default","site-content-layout":"","ast-site-content-layout":"default","site-content-style":"default","site-sidebar-style":"default","ast-global-header-display":"","ast-banner-title-visibility":"","ast-main-header-display":"","ast-hfb-above-header-display":"","ast-hfb-below-header-display":"","ast-hfb-mobile-header-display":"","site-post-title":"","ast-breadcrumbs-content":"","ast-featured-img":"","footer-sml-layout":"","theme-transparent-header-meta":"","adv-header-id-meta":"","stick-header-meta":"","header-above-stick-meta":"","header-main-stick-meta":"","header-below-stick-meta":"","astra-migrate-meta-layouts":"default","ast-page-background-enabled":"default","ast-page-background-meta":{"desktop":{"background-color":"","background-image":"","background-repeat":"repeat","background-position":"center center","background-size":"auto","background-attachment":"scroll","background-type":"","background-media":"","overlay-type":"","overlay-color":"","overlay-opacity":"","overlay-gradient":""},"tablet":{"background-color":"","background-image":"","background-repeat":"repeat","background-position":"center center","background-size":"auto","background-attachment":"scroll","background-type":"","background-media":"","overlay-type":"","overlay-color":"","overlay-opacity":"","overlay-gradient":""},"mobile":{"background-color":"","background-image":"","background-repeat":"repeat","background-position":"center center","background-size":"auto","background-attachment":"scroll","background-type":"","background-media":"","overlay-type":"","overlay-color":"","overlay-opacity":"","overlay-gradient":""}},"ast-content-background-meta":{"desktop":{"background-color":"var(--ast-global-color-5)","background-image":"","background-repeat":"repeat","background-position":"center center","background-size":"auto","background-attachment":"scroll","background-type":"","background-media":"","overlay-type":"","overlay-color":"","overlay-opacity":"","overlay-gradient":""},"tablet":{"background-color":"var(--ast-global-color-5)","background-image":"","background-repeat":"repeat","background-position":"center center","background-size":"auto","background-attachment":"scroll","background-type":"","background-media":"","overlay-type":"","overlay-color":"","overlay-opacity":"","overlay-gradient":""},"mobile":{"background-color":"var(--ast-global-color-5)","background-image":"","background-repeat":"repeat","background-position":"center center","background-size":"auto","background-attachment":"scroll","background-type":"","background-media":"","overlay-type":"","overlay-color":"","overlay-opacity":"","overlay-gradient":""}}},"product_brand":[],"product_cat":[22955],"product_tag":[],"class_list":{"0":"post-518056","1":"product","2":"type-product","3":"status-publish","4":"has-post-thumbnail","6":"product_cat-pas-de-categorie","7":"desktop-align-center","8":"tablet-align-center","9":"mobile-align-center","10":"ast-product-gallery-layout-horizontal","11":"ast-product-tabs-layout-horizontal","13":"first","14":"instock","15":"taxable","16":"shipping-taxable","17":"purchasable","18":"product-type-simple"},"acf":[],"yoast_head":"<!-- This site is optimized with the Yoast SEO plugin v26.5 - https:\/\/yoast.com\/wordpress\/plugins\/seo\/ -->\n<title>R\u00e9veil num\u00e9rique \u00ab Slim-line \u00bb - R\u00e9veil double - Grand \u00e9cran bleu - Port USB (HCG021) - Caliber Europe B.V.<\/title>\n<meta name=\"robots\" content=\"noindex, follow, max-snippet:-1, max-image-preview:large, max-video-preview:-1\" \/>\n<meta property=\"og:locale\" content=\"fr_FR\" \/>\n<meta property=\"og:type\" content=\"article\" \/>\n<meta property=\"og:title\" content=\"R\u00e9veil num\u00e9rique \u00ab Slim-line \u00bb - R\u00e9veil double - Grand \u00e9cran bleu - Port USB (HCG021) - Caliber Europe B.V.\" \/>\n<meta property=\"og:description\" content=\"Grand \u00e9cran bleuDesign extra-platLuminosit\u00e9 r\u00e9glable2 heures d\u2019alarmesfonction SnoozeBatterie de secoursPeut \u00eatre utilis\u00e9 aussi bien sur pied que fix\u00e9 au murSortie USB (1A) pour la rechargePas de fonction FM\" \/>\n<meta property=\"og:url\" content=\"https:\/\/b2b.calibereurope.com\/fr\/produit\/hcg021-fr_fr\/\" \/>\n<meta property=\"og:site_name\" content=\"Caliber Europe B.V.\" \/>\n<meta property=\"article:modified_time\" content=\"2025-12-04T14:04:19+00:00\" \/>\n<meta property=\"og:image\" content=\"https:\/\/b2b.calibereurope.com\/wp-content\/uploads\/2021\/09\/c3e791c9c42124bb5aac79b76753104768f856a9_HCG021.jpg\" \/>\n\t<meta property=\"og:image:width\" content=\"1024\" \/>\n\t<meta property=\"og:image:height\" content=\"768\" \/>\n\t<meta property=\"og:image:type\" content=\"image\/jpeg\" \/>\n<meta name=\"twitter:card\" content=\"summary_large_image\" \/>\n<meta name=\"twitter:label1\" content=\"Dur\u00e9e de lecture estim\u00e9e\" \/>\n\t<meta name=\"twitter:data1\" content=\"2 minutes\" \/>\n<script type=\"application\/ld+json\" class=\"yoast-schema-graph\">{\"@context\":\"https:\/\/schema.org\",\"@graph\":[{\"@type\":\"WebPage\",\"@id\":\"https:\/\/b2b.calibereurope.com\/fr\/produit\/hcg021-fr_fr\/\",\"url\":\"https:\/\/b2b.calibereurope.com\/fr\/produit\/hcg021-fr_fr\/\",\"name\":\"R\u00e9veil num\u00e9rique \u00ab Slim-line \u00bb - R\u00e9veil double - Grand \u00e9cran bleu - Port USB (HCG021) - Caliber Europe B.V.\",\"isPartOf\":{\"@id\":\"https:\/\/b2b.calibereurope.com\/#website\"},\"primaryImageOfPage\":{\"@id\":\"https:\/\/b2b.calibereurope.com\/fr\/produit\/hcg021-fr_fr\/#primaryimage\"},\"image\":{\"@id\":\"https:\/\/b2b.calibereurope.com\/fr\/produit\/hcg021-fr_fr\/#primaryimage\"},\"thumbnailUrl\":\"https:\/\/b2b.calibereurope.com\/wp-content\/uploads\/2025\/12\/c3e791c9c42124bb5aac79b76753104768f856a9_HCG021-4.jpg\",\"datePublished\":\"2025-12-04T00:00:00+00:00\",\"dateModified\":\"2025-12-04T14:04:19+00:00\",\"breadcrumb\":{\"@id\":\"https:\/\/b2b.calibereurope.com\/fr\/produit\/hcg021-fr_fr\/#breadcrumb\"},\"inLanguage\":\"fr-FR\",\"potentialAction\":[{\"@type\":\"ReadAction\",\"target\":[\"https:\/\/b2b.calibereurope.com\/fr\/produit\/hcg021-fr_fr\/\"]}]},{\"@type\":\"ImageObject\",\"inLanguage\":\"fr-FR\",\"@id\":\"https:\/\/b2b.calibereurope.com\/fr\/produit\/hcg021-fr_fr\/#primaryimage\",\"url\":\"https:\/\/b2b.calibereurope.com\/wp-content\/uploads\/2025\/12\/c3e791c9c42124bb5aac79b76753104768f856a9_HCG021-4.jpg\",\"contentUrl\":\"https:\/\/b2b.calibereurope.com\/wp-content\/uploads\/2025\/12\/c3e791c9c42124bb5aac79b76753104768f856a9_HCG021-4.jpg\",\"width\":1024,\"height\":768},{\"@type\":\"BreadcrumbList\",\"@id\":\"https:\/\/b2b.calibereurope.com\/fr\/produit\/hcg021-fr_fr\/#breadcrumb\",\"itemListElement\":[{\"@type\":\"ListItem\",\"position\":1,\"name\":\"Home\",\"item\":\"https:\/\/b2b.calibereurope.com\/fr\/home\/\"},{\"@type\":\"ListItem\",\"position\":2,\"name\":\"Boutique\",\"item\":\"https:\/\/b2b.calibereurope.com\/fr\/boutique\/\"},{\"@type\":\"ListItem\",\"position\":3,\"name\":\"R\u00e9veil \u00e0 faible encombrement &#8211; Affichage bleu (HCG021)\"}]},{\"@type\":\"WebSite\",\"@id\":\"https:\/\/b2b.calibereurope.com\/#website\",\"url\":\"https:\/\/b2b.calibereurope.com\/\",\"name\":\"Caliber Europe B.V.\",\"description\":\"B2B Webshop\",\"publisher\":{\"@id\":\"https:\/\/b2b.calibereurope.com\/#organization\"},\"potentialAction\":[{\"@type\":\"SearchAction\",\"target\":{\"@type\":\"EntryPoint\",\"urlTemplate\":\"https:\/\/b2b.calibereurope.com\/?s={search_term_string}\"},\"query-input\":{\"@type\":\"PropertyValueSpecification\",\"valueRequired\":true,\"valueName\":\"search_term_string\"}}],\"inLanguage\":\"fr-FR\"},{\"@type\":\"Organization\",\"@id\":\"https:\/\/b2b.calibereurope.com\/#organization\",\"name\":\"Caliber Europe B.V.\",\"url\":\"https:\/\/b2b.calibereurope.com\/\",\"logo\":{\"@type\":\"ImageObject\",\"inLanguage\":\"fr-FR\",\"@id\":\"https:\/\/b2b.calibereurope.com\/#\/schema\/logo\/image\/\",\"url\":\"https:\/\/b2b.calibereurope.com\/wp-content\/uploads\/2020\/12\/Caliber_Logo-Black.png\",\"contentUrl\":\"https:\/\/b2b.calibereurope.com\/wp-content\/uploads\/2020\/12\/Caliber_Logo-Black.png\",\"width\":3157,\"height\":356,\"caption\":\"Caliber Europe B.V.\"},\"image\":{\"@id\":\"https:\/\/b2b.calibereurope.com\/#\/schema\/logo\/image\/\"}}]}<\/script>\n<!-- \/ Yoast SEO plugin. -->","yoast_head_json":{"title":"R\u00e9veil num\u00e9rique \u00ab Slim-line \u00bb - R\u00e9veil double - Grand \u00e9cran bleu - Port USB (HCG021) - Caliber Europe B.V.","robots":{"index":"noindex","follow":"follow","max-snippet":"max-snippet:-1","max-image-preview":"max-image-preview:large","max-video-preview":"max-video-preview:-1"},"og_locale":"fr_FR","og_type":"article","og_title":"R\u00e9veil num\u00e9rique \u00ab Slim-line \u00bb - R\u00e9veil double - Grand \u00e9cran bleu - Port USB (HCG021) - Caliber Europe B.V.","og_description":"Grand \u00e9cran bleuDesign extra-platLuminosit\u00e9 r\u00e9glable2 heures d\u2019alarmesfonction SnoozeBatterie de secoursPeut \u00eatre utilis\u00e9 aussi bien sur pied que fix\u00e9 au murSortie USB (1A) pour la rechargePas de fonction FM","og_url":"https:\/\/b2b.calibereurope.com\/fr\/produit\/hcg021-fr_fr\/","og_site_name":"Caliber Europe B.V.","article_modified_time":"2025-12-04T14:04:19+00:00","og_image":[{"width":1024,"height":768,"url":"https:\/\/b2b.calibereurope.com\/wp-content\/uploads\/2021\/09\/c3e791c9c42124bb5aac79b76753104768f856a9_HCG021.jpg","type":"image\/jpeg"}],"twitter_card":"summary_large_image","twitter_misc":{"Dur\u00e9e de lecture estim\u00e9e":"2 minutes"},"schema":{"@context":"https:\/\/schema.org","@graph":[{"@type":"WebPage","@id":"https:\/\/b2b.calibereurope.com\/fr\/produit\/hcg021-fr_fr\/","url":"https:\/\/b2b.calibereurope.com\/fr\/produit\/hcg021-fr_fr\/","name":"R\u00e9veil num\u00e9rique \u00ab Slim-line \u00bb - R\u00e9veil double - Grand \u00e9cran bleu - Port USB (HCG021) - Caliber Europe B.V.","isPartOf":{"@id":"https:\/\/b2b.calibereurope.com\/#website"},"primaryImageOfPage":{"@id":"https:\/\/b2b.calibereurope.com\/fr\/produit\/hcg021-fr_fr\/#primaryimage"},"image":{"@id":"https:\/\/b2b.calibereurope.com\/fr\/produit\/hcg021-fr_fr\/#primaryimage"},"thumbnailUrl":"https:\/\/b2b.calibereurope.com\/wp-content\/uploads\/2025\/12\/c3e791c9c42124bb5aac79b76753104768f856a9_HCG021-4.jpg","datePublished":"2025-12-04T00:00:00+00:00","dateModified":"2025-12-04T14:04:19+00:00","breadcrumb":{"@id":"https:\/\/b2b.calibereurope.com\/fr\/produit\/hcg021-fr_fr\/#breadcrumb"},"inLanguage":"fr-FR","potentialAction":[{"@type":"ReadAction","target":["https:\/\/b2b.calibereurope.com\/fr\/produit\/hcg021-fr_fr\/"]}]},{"@type":"ImageObject","inLanguage":"fr-FR","@id":"https:\/\/b2b.calibereurope.com\/fr\/produit\/hcg021-fr_fr\/#primaryimage","url":"https:\/\/b2b.calibereurope.com\/wp-content\/uploads\/2025\/12\/c3e791c9c42124bb5aac79b76753104768f856a9_HCG021-4.jpg","contentUrl":"https:\/\/b2b.calibereurope.com\/wp-content\/uploads\/2025\/12\/c3e791c9c42124bb5aac79b76753104768f856a9_HCG021-4.jpg","width":1024,"height":768},{"@type":"BreadcrumbList","@id":"https:\/\/b2b.calibereurope.com\/fr\/produit\/hcg021-fr_fr\/#breadcrumb","itemListElement":[{"@type":"ListItem","position":1,"name":"Home","item":"https:\/\/b2b.calibereurope.com\/fr\/home\/"},{"@type":"ListItem","position":2,"name":"Boutique","item":"https:\/\/b2b.calibereurope.com\/fr\/boutique\/"},{"@type":"ListItem","position":3,"name":"R\u00e9veil \u00e0 faible encombrement &#8211; Affichage bleu (HCG021)"}]},{"@type":"WebSite","@id":"https:\/\/b2b.calibereurope.com\/#website","url":"https:\/\/b2b.calibereurope.com\/","name":"Caliber Europe B.V.","description":"B2B Webshop","publisher":{"@id":"https:\/\/b2b.calibereurope.com\/#organization"},"potentialAction":[{"@type":"SearchAction","target":{"@type":"EntryPoint","urlTemplate":"https:\/\/b2b.calibereurope.com\/?s={search_term_string}"},"query-input":{"@type":"PropertyValueSpecification","valueRequired":true,"valueName":"search_term_string"}}],"inLanguage":"fr-FR"},{"@type":"Organization","@id":"https:\/\/b2b.calibereurope.com\/#organization","name":"Caliber Europe B.V.","url":"https:\/\/b2b.calibereurope.com\/","logo":{"@type":"ImageObject","inLanguage":"fr-FR","@id":"https:\/\/b2b.calibereurope.com\/#\/schema\/logo\/image\/","url":"https:\/\/b2b.calibereurope.com\/wp-content\/uploads\/2020\/12\/Caliber_Logo-Black.png","contentUrl":"https:\/\/b2b.calibereurope.com\/wp-content\/uploads\/2020\/12\/Caliber_Logo-Black.png","width":3157,"height":356,"caption":"Caliber Europe B.V."},"image":{"@id":"https:\/\/b2b.calibereurope.com\/#\/schema\/logo\/image\/"}}]}},"_links":{"self":[{"href":"https:\/\/b2b.calibereurope.com\/fr\/wp-json\/wp\/v2\/product\/518056","targetHints":{"allow":["GET"]}}],"collection":[{"href":"https:\/\/b2b.calibereurope.com\/fr\/wp-json\/wp\/v2\/product"}],"about":[{"href":"https:\/\/b2b.calibereurope.com\/fr\/wp-json\/wp\/v2\/types\/product"}],"version-history":[{"count":0,"href":"https:\/\/b2b.calibereurope.com\/fr\/wp-json\/wp\/v2\/product\/518056\/revisions"}],"wp:featuredmedia":[{"embeddable":true,"href":"https:\/\/b2b.calibereurope.com\/fr\/wp-json\/wp\/v2\/media\/869734"}],"wp:attachment":[{"href":"https:\/\/b2b.calibereurope.com\/fr\/wp-json\/wp\/v2\/media?parent=518056"}],"wp:term":[{"taxonomy":"product_brand","embeddable":true,"href":"https:\/\/b2b.calibereurope.com\/fr\/wp-json\/wp\/v2\/product_brand?post=518056"},{"taxonomy":"product_cat","embeddable":true,"href":"https:\/\/b2b.calibereurope.com\/fr\/wp-json\/wp\/v2\/product_cat?post=518056"},{"taxonomy":"product_tag","embeddable":true,"href":"https:\/\/b2b.calibereurope.com\/fr\/wp-json\/wp\/v2\/product_tag?post=518056"}],"curies":[{"name":"wp","href":"https:\/\/api.w.org\/{rel}","templated":true}]}}