{"id":518144,"date":"2025-12-04T01:00:00","date_gmt":"2025-12-04T00:00:00","guid":{"rendered":"0"},"modified":"2025-12-04T15:04:42","modified_gmt":"2025-12-04T14:04:42","slug":"PMT061BT-fr_FR","status":"publish","type":"product","link":"https:\/\/b2b.calibereurope.com\/fr\/produit\/PMT061BT-fr_FR\/","title":{"rendered":"R\u00e9cepteur Bluetooth pour Autoradio &#8211; Appels Mains Libres &#8211; AUX \u2013 Kit pour Voiture &#8211; A2DP, AVRCP (PMT061BT)"},"content":{"rendered":"<p> Connectez votre t\u00e9l\u00e9phone et passez des appels mains libres sur la route avec ce r\u00e9cepteur Bluetooth Caliber PMT061BT. Avec le c\u00e2ble divis\u00e9, vous connectez l&#39;\u00e9metteur Bluetooth \u00e0 l&#39;<strong>autoradio<\/strong> via <strong> AUX et USB <\/strong>. Gr\u00e2ce au <strong> micro int\u00e9gr\u00e9 <\/strong> du r\u00e9cepteur Bluetooth, vous pouvez <strong> passer des appels mains libres <\/strong> sur la route. Les appels t\u00e9l\u00e9phoniques peuvent \u00eatre facilement enregistr\u00e9s et raccroch\u00e9s sur simple pression d&#39;un bouton. En outre, vous pouvez facilement contr\u00f4ler le r\u00e9cepteur Bluetooth par la voix <strong> via Siri et Google <\/strong> , et vous pouvez utiliser le bouton <strong> d&#39;amplification des basses <\/strong> pour faire ressortir encore plus les basses de la musique. <\/p>\n<p> <strong> Caract\u00e9ristiques : <\/strong> <\/p>\n<ul>\n<li> Technologie Bluetooth 5.1 <\/li>\n<li> Microphone int\u00e9gr\u00e9 pour les appels mains libres <\/li>\n<li> Connexion \u00e0 l&#39;autoradio via AUX (3,5 mm) <\/li>\n<li> Alimentation USB 5V <\/li>\n<li> Activation rapide de Siri\/Google <\/li>\n<li> Bouton Amplification des Basses Boost <\/li>\n<li> Prise d&#39;appel et raccrochage faciles <\/li>\n<li> Connexion Bluetooth automatique <\/li>\n<li> Prend en charge A2DP, AVRCP et HFP <\/li>\n<\/ul>\n<h3> Connectez votre t\u00e9l\u00e9phone au r\u00e9cepteur Bluetooth<\/h3>\n<p> Votre autoradio n&#39;est pas \u00e9quip\u00e9 d&#39;un \u00e9metteur Bluetooth, mais vous souhaitez \u00e9couter votre musique pr\u00e9f\u00e9r\u00e9e en voiture ? C\u2019est possible avec ce r\u00e9cepteur Bluetooth pour voiture. Connectez le c\u00e2ble divis\u00e9 via AUX et USB \u00e0 votre radio et le r\u00e9cepteur Bluetooth dispose d&#39;une connexion sonore et est aliment\u00e9. D\u00e8s que vous montez dans la voiture, le r\u00e9cepteur se connecte automatiquement \u00e0 votre t\u00e9l\u00e9phone, ce qui vous permet de d\u00e9marrer imm\u00e9diatement. <\/p>\n<h3> Ce kit mains libres Bluetooth vous permet de passer des appels pendant vos d\u00e9placements <\/h3>\n<p> Ce r\u00e9cepteur Bluetooth transforme tout autoradio dot\u00e9 d&#39;une connexion AUX en un kit de voiture qui vous permet de passer des appels mains libres. Le micro int\u00e9gr\u00e9 vous permet de passer des appels clairs et le bouton de t\u00e9l\u00e9phone de l&#39;appareil facilite la prise et la fin des appels. Laissez votre smartphone appeler un coll\u00e8gue, un ami ou un membre de votre famille en utilisant Siri ou Google Assistant. Ainsi, vous \u00eates en s\u00e9curit\u00e9 et avez les mains libres sur la route tout en ayant la possibilit\u00e9 d\u2019utiliser votre t\u00e9l\u00e9phone! <\/p>\n<h3> L\u2019\u00e9metteur Bluetooth est facile \u00e0 installer dans la voiture <\/h3>\n<p> L&#39;\u00e9metteur Bluetooth pour voiture est de petite taille et compact, ce qui vous permet de l&#39;installer \u00e0 diff\u00e9rents endroits. Gr\u00e2ce \u00e0 la double bande Velcro incluse, c&#39;est fait en un rien de temps. Vous devez simplement vous assurer que le r\u00e9cepteur est aliment\u00e9 et connect\u00e9 \u00e0 l&#39;autoradio via AUX pour transmettre le son. <\/p>\n<p> <strong><br \/> Inclus :<\/strong> <\/p>\n<ul>\n<li> R\u00e9cepteur Bluetooth Caliber PMT061BT <\/li>\n<li> Double Velcro pour le montage<\/li>\n<\/ul>\n","protected":false},"excerpt":{"rendered":"<ul>\n<li>Technologie Bluetooth 5.1<\/li>\n<li>Microphone int\u00e9gr\u00e9 pour les appels mains libres<\/li>\n<li>Connexion \u00e0 l&rsquo;autoradio via AUX (3,5 mm)<\/li>\n<li>Alimentation USB 5V<\/li>\n<li>Activation rapide de Siri\/Google<\/li>\n<li>Bouton Amplification des Basses Boost<\/li>\n<li>Prise d&rsquo;appel et raccrochage faciles<\/li>\n<li>Connexion Bluetooth automatique<\/li>\n<li>Prend en charge A2DP, AVRCP et HFP<\/li>\n<\/ul>\n","protected":false},"featured_media":869862,"template":"","meta":{"_acf_changed":false,"site-sidebar-layout":"default","site-content-layout":"","ast-site-content-layout":"default","site-content-style":"default","site-sidebar-style":"default","ast-global-header-display":"","ast-banner-title-visibility":"","ast-main-header-display":"","ast-hfb-above-header-display":"","ast-hfb-below-header-display":"","ast-hfb-mobile-header-display":"","site-post-title":"","ast-breadcrumbs-content":"","ast-featured-img":"","footer-sml-layout":"","theme-transparent-header-meta":"","adv-header-id-meta":"","stick-header-meta":"","header-above-stick-meta":"","header-main-stick-meta":"","header-below-stick-meta":"","astra-migrate-meta-layouts":"default","ast-page-background-enabled":"default","ast-page-background-meta":{"desktop":{"background-color":"","background-image":"","background-repeat":"repeat","background-position":"center center","background-size":"auto","background-attachment":"scroll","background-type":"","background-media":"","overlay-type":"","overlay-color":"","overlay-opacity":"","overlay-gradient":""},"tablet":{"background-color":"","background-image":"","background-repeat":"repeat","background-position":"center center","background-size":"auto","background-attachment":"scroll","background-type":"","background-media":"","overlay-type":"","overlay-color":"","overlay-opacity":"","overlay-gradient":""},"mobile":{"background-color":"","background-image":"","background-repeat":"repeat","background-position":"center center","background-size":"auto","background-attachment":"scroll","background-type":"","background-media":"","overlay-type":"","overlay-color":"","overlay-opacity":"","overlay-gradient":""}},"ast-content-background-meta":{"desktop":{"background-color":"var(--ast-global-color-5)","background-image":"","background-repeat":"repeat","background-position":"center center","background-size":"auto","background-attachment":"scroll","background-type":"","background-media":"","overlay-type":"","overlay-color":"","overlay-opacity":"","overlay-gradient":""},"tablet":{"background-color":"var(--ast-global-color-5)","background-image":"","background-repeat":"repeat","background-position":"center center","background-size":"auto","background-attachment":"scroll","background-type":"","background-media":"","overlay-type":"","overlay-color":"","overlay-opacity":"","overlay-gradient":""},"mobile":{"background-color":"var(--ast-global-color-5)","background-image":"","background-repeat":"repeat","background-position":"center center","background-size":"auto","background-attachment":"scroll","background-type":"","background-media":"","overlay-type":"","overlay-color":"","overlay-opacity":"","overlay-gradient":""}}},"product_brand":[],"product_cat":[22955],"product_tag":[],"class_list":{"0":"post-518144","1":"product","2":"type-product","3":"status-publish","4":"has-post-thumbnail","6":"product_cat-pas-de-categorie","7":"desktop-align-center","8":"tablet-align-center","9":"mobile-align-center","10":"ast-product-gallery-layout-horizontal","11":"ast-product-tabs-layout-horizontal","13":"first","14":"instock","15":"taxable","16":"shipping-taxable","17":"purchasable","18":"product-type-simple"},"acf":[],"yoast_head":"<!-- This site is optimized with the Yoast SEO plugin v26.5 - https:\/\/yoast.com\/wordpress\/plugins\/seo\/ -->\n<title>R\u00e9cepteur Bluetooth pour Autoradio - Appels Mains Libres - AUX \u2013 Kit pour Voiture - A2DP, AVRCP (PMT061BT) - Caliber Europe B.V.<\/title>\n<meta name=\"robots\" content=\"noindex, follow, max-snippet:-1, max-image-preview:large, max-video-preview:-1\" \/>\n<meta property=\"og:locale\" content=\"fr_FR\" \/>\n<meta property=\"og:type\" content=\"article\" \/>\n<meta property=\"og:title\" content=\"R\u00e9cepteur Bluetooth pour Autoradio - Appels Mains Libres - AUX \u2013 Kit pour Voiture - A2DP, AVRCP (PMT061BT) - Caliber Europe B.V.\" \/>\n<meta property=\"og:description\" content=\"Technologie Bluetooth 5.1Microphone int\u00e9gr\u00e9 pour les appels mains libresConnexion \u00e0 l&#039;autoradio via AUX (3,5 mm)Alimentation USB 5VActivation rapide de Siri\/GoogleBouton Amplification des Basses BoostPrise d&#039;appel et raccrochage facilesConnexion Bluetooth automatiquePrend en charge A2DP, AVRCP et HFP\" \/>\n<meta property=\"og:url\" content=\"https:\/\/b2b.calibereurope.com\/fr\/produit\/pmt061bt-fr_fr\/\" \/>\n<meta property=\"og:site_name\" content=\"Caliber Europe B.V.\" \/>\n<meta property=\"article:modified_time\" content=\"2025-12-04T14:04:42+00:00\" \/>\n<meta property=\"og:image\" content=\"https:\/\/b2b.calibereurope.com\/wp-content\/uploads\/2021\/09\/35fee6e16ddb5797aac0ba10094973a60e069d47_PMT061BT.jpg\" \/>\n\t<meta property=\"og:image:width\" content=\"1024\" \/>\n\t<meta property=\"og:image:height\" content=\"768\" \/>\n\t<meta property=\"og:image:type\" content=\"image\/jpeg\" \/>\n<meta name=\"twitter:card\" content=\"summary_large_image\" \/>\n<meta name=\"twitter:label1\" content=\"Dur\u00e9e de lecture estim\u00e9e\" \/>\n\t<meta name=\"twitter:data1\" content=\"2 minutes\" \/>\n<script type=\"application\/ld+json\" class=\"yoast-schema-graph\">{\"@context\":\"https:\/\/schema.org\",\"@graph\":[{\"@type\":\"WebPage\",\"@id\":\"https:\/\/b2b.calibereurope.com\/fr\/produit\/pmt061bt-fr_fr\/\",\"url\":\"https:\/\/b2b.calibereurope.com\/fr\/produit\/pmt061bt-fr_fr\/\",\"name\":\"R\u00e9cepteur Bluetooth pour Autoradio - Appels Mains Libres - AUX \u2013 Kit pour Voiture - A2DP, AVRCP (PMT061BT) - Caliber Europe B.V.\",\"isPartOf\":{\"@id\":\"https:\/\/b2b.calibereurope.com\/#website\"},\"primaryImageOfPage\":{\"@id\":\"https:\/\/b2b.calibereurope.com\/fr\/produit\/pmt061bt-fr_fr\/#primaryimage\"},\"image\":{\"@id\":\"https:\/\/b2b.calibereurope.com\/fr\/produit\/pmt061bt-fr_fr\/#primaryimage\"},\"thumbnailUrl\":\"https:\/\/b2b.calibereurope.com\/wp-content\/uploads\/2025\/12\/35fee6e16ddb5797aac0ba10094973a60e069d47_PMT061BT-4.jpg\",\"datePublished\":\"2025-12-04T00:00:00+00:00\",\"dateModified\":\"2025-12-04T14:04:42+00:00\",\"breadcrumb\":{\"@id\":\"https:\/\/b2b.calibereurope.com\/fr\/produit\/pmt061bt-fr_fr\/#breadcrumb\"},\"inLanguage\":\"fr-FR\",\"potentialAction\":[{\"@type\":\"ReadAction\",\"target\":[\"https:\/\/b2b.calibereurope.com\/fr\/produit\/pmt061bt-fr_fr\/\"]}]},{\"@type\":\"ImageObject\",\"inLanguage\":\"fr-FR\",\"@id\":\"https:\/\/b2b.calibereurope.com\/fr\/produit\/pmt061bt-fr_fr\/#primaryimage\",\"url\":\"https:\/\/b2b.calibereurope.com\/wp-content\/uploads\/2025\/12\/35fee6e16ddb5797aac0ba10094973a60e069d47_PMT061BT-4.jpg\",\"contentUrl\":\"https:\/\/b2b.calibereurope.com\/wp-content\/uploads\/2025\/12\/35fee6e16ddb5797aac0ba10094973a60e069d47_PMT061BT-4.jpg\",\"width\":1024,\"height\":768},{\"@type\":\"BreadcrumbList\",\"@id\":\"https:\/\/b2b.calibereurope.com\/fr\/produit\/pmt061bt-fr_fr\/#breadcrumb\",\"itemListElement\":[{\"@type\":\"ListItem\",\"position\":1,\"name\":\"Home\",\"item\":\"https:\/\/b2b.calibereurope.com\/fr\/home\/\"},{\"@type\":\"ListItem\",\"position\":2,\"name\":\"Boutique\",\"item\":\"https:\/\/b2b.calibereurope.com\/fr\/boutique\/\"},{\"@type\":\"ListItem\",\"position\":3,\"name\":\"Mini \u00e9metteur FM Bluetooth &#8211; Noir (PMT061BT)\"}]},{\"@type\":\"WebSite\",\"@id\":\"https:\/\/b2b.calibereurope.com\/#website\",\"url\":\"https:\/\/b2b.calibereurope.com\/\",\"name\":\"Caliber Europe B.V.\",\"description\":\"B2B Webshop\",\"publisher\":{\"@id\":\"https:\/\/b2b.calibereurope.com\/#organization\"},\"potentialAction\":[{\"@type\":\"SearchAction\",\"target\":{\"@type\":\"EntryPoint\",\"urlTemplate\":\"https:\/\/b2b.calibereurope.com\/?s={search_term_string}\"},\"query-input\":{\"@type\":\"PropertyValueSpecification\",\"valueRequired\":true,\"valueName\":\"search_term_string\"}}],\"inLanguage\":\"fr-FR\"},{\"@type\":\"Organization\",\"@id\":\"https:\/\/b2b.calibereurope.com\/#organization\",\"name\":\"Caliber Europe B.V.\",\"url\":\"https:\/\/b2b.calibereurope.com\/\",\"logo\":{\"@type\":\"ImageObject\",\"inLanguage\":\"fr-FR\",\"@id\":\"https:\/\/b2b.calibereurope.com\/#\/schema\/logo\/image\/\",\"url\":\"https:\/\/b2b.calibereurope.com\/wp-content\/uploads\/2020\/12\/Caliber_Logo-Black.png\",\"contentUrl\":\"https:\/\/b2b.calibereurope.com\/wp-content\/uploads\/2020\/12\/Caliber_Logo-Black.png\",\"width\":3157,\"height\":356,\"caption\":\"Caliber Europe B.V.\"},\"image\":{\"@id\":\"https:\/\/b2b.calibereurope.com\/#\/schema\/logo\/image\/\"}}]}<\/script>\n<!-- \/ Yoast SEO plugin. -->","yoast_head_json":{"title":"R\u00e9cepteur Bluetooth pour Autoradio - Appels Mains Libres - AUX \u2013 Kit pour Voiture - A2DP, AVRCP (PMT061BT) - Caliber Europe B.V.","robots":{"index":"noindex","follow":"follow","max-snippet":"max-snippet:-1","max-image-preview":"max-image-preview:large","max-video-preview":"max-video-preview:-1"},"og_locale":"fr_FR","og_type":"article","og_title":"R\u00e9cepteur Bluetooth pour Autoradio - Appels Mains Libres - AUX \u2013 Kit pour Voiture - A2DP, AVRCP (PMT061BT) - Caliber Europe B.V.","og_description":"Technologie Bluetooth 5.1Microphone int\u00e9gr\u00e9 pour les appels mains libresConnexion \u00e0 l'autoradio via AUX (3,5 mm)Alimentation USB 5VActivation rapide de Siri\/GoogleBouton Amplification des Basses BoostPrise d'appel et raccrochage facilesConnexion Bluetooth automatiquePrend en charge A2DP, AVRCP et HFP","og_url":"https:\/\/b2b.calibereurope.com\/fr\/produit\/pmt061bt-fr_fr\/","og_site_name":"Caliber Europe B.V.","article_modified_time":"2025-12-04T14:04:42+00:00","og_image":[{"width":1024,"height":768,"url":"https:\/\/b2b.calibereurope.com\/wp-content\/uploads\/2021\/09\/35fee6e16ddb5797aac0ba10094973a60e069d47_PMT061BT.jpg","type":"image\/jpeg"}],"twitter_card":"summary_large_image","twitter_misc":{"Dur\u00e9e de lecture estim\u00e9e":"2 minutes"},"schema":{"@context":"https:\/\/schema.org","@graph":[{"@type":"WebPage","@id":"https:\/\/b2b.calibereurope.com\/fr\/produit\/pmt061bt-fr_fr\/","url":"https:\/\/b2b.calibereurope.com\/fr\/produit\/pmt061bt-fr_fr\/","name":"R\u00e9cepteur Bluetooth pour Autoradio - Appels Mains Libres - AUX \u2013 Kit pour Voiture - A2DP, AVRCP (PMT061BT) - Caliber Europe B.V.","isPartOf":{"@id":"https:\/\/b2b.calibereurope.com\/#website"},"primaryImageOfPage":{"@id":"https:\/\/b2b.calibereurope.com\/fr\/produit\/pmt061bt-fr_fr\/#primaryimage"},"image":{"@id":"https:\/\/b2b.calibereurope.com\/fr\/produit\/pmt061bt-fr_fr\/#primaryimage"},"thumbnailUrl":"https:\/\/b2b.calibereurope.com\/wp-content\/uploads\/2025\/12\/35fee6e16ddb5797aac0ba10094973a60e069d47_PMT061BT-4.jpg","datePublished":"2025-12-04T00:00:00+00:00","dateModified":"2025-12-04T14:04:42+00:00","breadcrumb":{"@id":"https:\/\/b2b.calibereurope.com\/fr\/produit\/pmt061bt-fr_fr\/#breadcrumb"},"inLanguage":"fr-FR","potentialAction":[{"@type":"ReadAction","target":["https:\/\/b2b.calibereurope.com\/fr\/produit\/pmt061bt-fr_fr\/"]}]},{"@type":"ImageObject","inLanguage":"fr-FR","@id":"https:\/\/b2b.calibereurope.com\/fr\/produit\/pmt061bt-fr_fr\/#primaryimage","url":"https:\/\/b2b.calibereurope.com\/wp-content\/uploads\/2025\/12\/35fee6e16ddb5797aac0ba10094973a60e069d47_PMT061BT-4.jpg","contentUrl":"https:\/\/b2b.calibereurope.com\/wp-content\/uploads\/2025\/12\/35fee6e16ddb5797aac0ba10094973a60e069d47_PMT061BT-4.jpg","width":1024,"height":768},{"@type":"BreadcrumbList","@id":"https:\/\/b2b.calibereurope.com\/fr\/produit\/pmt061bt-fr_fr\/#breadcrumb","itemListElement":[{"@type":"ListItem","position":1,"name":"Home","item":"https:\/\/b2b.calibereurope.com\/fr\/home\/"},{"@type":"ListItem","position":2,"name":"Boutique","item":"https:\/\/b2b.calibereurope.com\/fr\/boutique\/"},{"@type":"ListItem","position":3,"name":"Mini \u00e9metteur FM Bluetooth &#8211; Noir (PMT061BT)"}]},{"@type":"WebSite","@id":"https:\/\/b2b.calibereurope.com\/#website","url":"https:\/\/b2b.calibereurope.com\/","name":"Caliber Europe B.V.","description":"B2B Webshop","publisher":{"@id":"https:\/\/b2b.calibereurope.com\/#organization"},"potentialAction":[{"@type":"SearchAction","target":{"@type":"EntryPoint","urlTemplate":"https:\/\/b2b.calibereurope.com\/?s={search_term_string}"},"query-input":{"@type":"PropertyValueSpecification","valueRequired":true,"valueName":"search_term_string"}}],"inLanguage":"fr-FR"},{"@type":"Organization","@id":"https:\/\/b2b.calibereurope.com\/#organization","name":"Caliber Europe B.V.","url":"https:\/\/b2b.calibereurope.com\/","logo":{"@type":"ImageObject","inLanguage":"fr-FR","@id":"https:\/\/b2b.calibereurope.com\/#\/schema\/logo\/image\/","url":"https:\/\/b2b.calibereurope.com\/wp-content\/uploads\/2020\/12\/Caliber_Logo-Black.png","contentUrl":"https:\/\/b2b.calibereurope.com\/wp-content\/uploads\/2020\/12\/Caliber_Logo-Black.png","width":3157,"height":356,"caption":"Caliber Europe B.V."},"image":{"@id":"https:\/\/b2b.calibereurope.com\/#\/schema\/logo\/image\/"}}]}},"_links":{"self":[{"href":"https:\/\/b2b.calibereurope.com\/fr\/wp-json\/wp\/v2\/product\/518144","targetHints":{"allow":["GET"]}}],"collection":[{"href":"https:\/\/b2b.calibereurope.com\/fr\/wp-json\/wp\/v2\/product"}],"about":[{"href":"https:\/\/b2b.calibereurope.com\/fr\/wp-json\/wp\/v2\/types\/product"}],"version-history":[{"count":0,"href":"https:\/\/b2b.calibereurope.com\/fr\/wp-json\/wp\/v2\/product\/518144\/revisions"}],"wp:featuredmedia":[{"embeddable":true,"href":"https:\/\/b2b.calibereurope.com\/fr\/wp-json\/wp\/v2\/media\/869862"}],"wp:attachment":[{"href":"https:\/\/b2b.calibereurope.com\/fr\/wp-json\/wp\/v2\/media?parent=518144"}],"wp:term":[{"taxonomy":"product_brand","embeddable":true,"href":"https:\/\/b2b.calibereurope.com\/fr\/wp-json\/wp\/v2\/product_brand?post=518144"},{"taxonomy":"product_cat","embeddable":true,"href":"https:\/\/b2b.calibereurope.com\/fr\/wp-json\/wp\/v2\/product_cat?post=518144"},{"taxonomy":"product_tag","embeddable":true,"href":"https:\/\/b2b.calibereurope.com\/fr\/wp-json\/wp\/v2\/product_tag?post=518144"}],"curies":[{"name":"wp","href":"https:\/\/api.w.org\/{rel}","templated":true}]}}