{"id":518680,"date":"2024-06-19T02:00:00","date_gmt":"2024-06-19T00:00:00","guid":{"rendered":""},"modified":"2026-04-08T11:00:26","modified_gmt":"2026-04-08T09:00:26","slug":"RMD034DAB-BT-fr_FR","status":"publish","type":"product","link":"https:\/\/b2b.calibereurope.com\/fr\/produit\/RMD034DAB-BT-fr_FR\/","title":{"rendered":"Autoradio avec Bluetooth, USB, DAB+ et radio FM &#8211; 1 DIN &#8211; Puissance de 4 x 55 Watt &#8211; Micro int\u00e9gr\u00e9 (RMD034DAB-BT)"},"content":{"rendered":"<p> Profitez d&#39;une exp\u00e9rience musicale optimale avec l&#39;autoradio Caliber RMD034DAB-BT avec bluetooth. Il s&#39;agit d&#39;un <strong>autoradio<\/strong> avec <strong> USB et Bluetooth <\/strong>, qui vous permet d&#39;\u00e9couter de la musique de diff\u00e9rentes mani\u00e8res. L&#39;autoradio DAB+ <strong> <\/strong> offre une <strong> meilleure qualit\u00e9 sonore <\/strong> avec plus de d\u00e9finition <strong> et moins de bruit.<\/strong> Vous pouvez m\u00e9moriser jusqu&#39;\u00e0 <strong> 18 18 stations DAB+ et FM <\/strong> pr\u00e9r\u00e9gl\u00e9es. Il y a \u00e9galement des entr\u00e9es pour USB, AUX et une carte SD pour lire votre propre musique. Cet autoradio 1 DIN est livr\u00e9 avec une <strong> cl\u00e9 USB et sa propre t\u00e9l\u00e9commande.<\/p>\n<p><\/strong> <\/p>\n<p> <strong>Caract\u00e9ristiques :<\/strong> <\/p>\n<ul>\n<li>Format 1 DIN<\/li>\n<li>Tuner DAB+ et FM<\/li>\n<li>Bluetooth ,AUX, USB et SD<\/li>\n<li>Appels mains libres via le micro fourni<\/li>\n<li>T\u00e9l\u00e9commande incluse<\/li>\n<li>Bandes multiples pour les pr\u00e9s\u00e9lections<\/li>\n<li>Profondeur int\u00e9gr\u00e9e 35 mm<\/li>\n<li>4 x 55 watts puissance maximale<\/li>\n<li>Lecture MP3<\/li>\n<li>18 pr\u00e9s\u00e9lections DAB+ et FM<\/li>\n<\/ul>\n<h3> Meilleure qualit\u00e9 sonore avec un autoradio Bluetooth DAB+ <\/h3>\n<p> Un autoradio avec DAB+ offre une meilleure qualit\u00e9 sonore que les anciens autoradios FM. Les autoradios DAB+ ont un meilleur signal de r\u00e9ception. Cela signifie moins de bruit et un excellent son. Vous pouvez donc profiter encore plus de votre musique pr\u00e9f\u00e9r\u00e9e \u00e0 chaque fois que vous conduisez !  <\/p>\n<h3> \u00c9coutez de la musique comme vous le souhaitez <\/h3>\n<p> Outre la DAB+, cette radio dispose de plusieurs options de lecture. Vous pouvez connecter votre t\u00e9l\u00e9phone sans fil via Bluetooth ou par c\u00e2blage direct avec un c\u00e2ble AUX. Vous pouvez \u00e9galement utiliser une cl\u00e9 USB ou une carte SD. Cela vous permet de lire facilement votre propre liste de lecture pr\u00e9f\u00e9r\u00e9e. L&#39;autoradio est livr\u00e9 avec une t\u00e9l\u00e9commande et, gr\u00e2ce au micro et aux enceintes internes de votre voiture, vous pouvez m\u00eame passer des appels en mains libres.   <\/p>\n<h3> Autres caract\u00e9ristiques du autoradio Bluetooth usb <\/h3>\n<p> L&#39;\u00e9cran LED de cet autoradio 1 DIN vous indique exactement quelle chanson est en cours de lecture et par quel artiste. L&#39;autoradio a une puissance maximale de 4 x 55 watts, ce qui garantit un son puissant. L&#39;autoradio avec Bluetooth a une profondeur d&#39;installation tr\u00e8s r\u00e9duite de 35 millim\u00e8tres, ce qui facilite son installation dans la plupart des voitures. <\/p>\n<p> <strong>Inclus :<\/strong> <\/p>\n<ul>\n<li>Autoradio Caliber RMD034DAB-BT<\/li>\n<li>Cl\u00e9 USB<\/li>\n<li>T\u00e9l\u00e9commande<\/li>\n<\/ul>\n","protected":false},"excerpt":{"rendered":"<p><strong>Caract\u00e9ristiques :<\/strong><\/p>\n<ul>\n<li>Format 1 DIN<\/li>\n<li>Tuner DAB+ et FM<\/li>\n<li>Bluetooth ,AUX, USB et SD<\/li>\n<li>Appels mains libres via le micro fourni<\/li>\n<li>T\u00e9l\u00e9commande incluse<\/li>\n<li>Bandes multiples pour les pr\u00e9s\u00e9lections<\/li>\n<li>Profondeur int\u00e9gr\u00e9e 35 mm<\/li>\n<li>4 x 55 watts puissance maximale<\/li>\n<li>Lecture MP3<\/li>\n<li>18 pr\u00e9s\u00e9lections DAB+ et FM<\/li>\n<\/ul>\n","protected":false},"featured_media":845754,"template":"","meta":{"_acf_changed":false,"site-sidebar-layout":"default","site-content-layout":"","ast-site-content-layout":"default","site-content-style":"default","site-sidebar-style":"default","ast-global-header-display":"","ast-banner-title-visibility":"","ast-main-header-display":"","ast-hfb-above-header-display":"","ast-hfb-below-header-display":"","ast-hfb-mobile-header-display":"","site-post-title":"","ast-breadcrumbs-content":"","ast-featured-img":"","footer-sml-layout":"","theme-transparent-header-meta":"","adv-header-id-meta":"","stick-header-meta":"","header-above-stick-meta":"","header-main-stick-meta":"","header-below-stick-meta":"","astra-migrate-meta-layouts":"default","ast-page-background-enabled":"default","ast-page-background-meta":{"desktop":{"background-color":"","background-image":"","background-repeat":"repeat","background-position":"center center","background-size":"auto","background-attachment":"scroll","background-type":"","background-media":"","overlay-type":"","overlay-color":"","overlay-opacity":"","overlay-gradient":""},"tablet":{"background-color":"","background-image":"","background-repeat":"repeat","background-position":"center center","background-size":"auto","background-attachment":"scroll","background-type":"","background-media":"","overlay-type":"","overlay-color":"","overlay-opacity":"","overlay-gradient":""},"mobile":{"background-color":"","background-image":"","background-repeat":"repeat","background-position":"center center","background-size":"auto","background-attachment":"scroll","background-type":"","background-media":"","overlay-type":"","overlay-color":"","overlay-opacity":"","overlay-gradient":""}},"ast-content-background-meta":{"desktop":{"background-color":"var(--ast-global-color-5)","background-image":"","background-repeat":"repeat","background-position":"center center","background-size":"auto","background-attachment":"scroll","background-type":"","background-media":"","overlay-type":"","overlay-color":"","overlay-opacity":"","overlay-gradient":""},"tablet":{"background-color":"var(--ast-global-color-5)","background-image":"","background-repeat":"repeat","background-position":"center center","background-size":"auto","background-attachment":"scroll","background-type":"","background-media":"","overlay-type":"","overlay-color":"","overlay-opacity":"","overlay-gradient":""},"mobile":{"background-color":"var(--ast-global-color-5)","background-image":"","background-repeat":"repeat","background-position":"center center","background-size":"auto","background-attachment":"scroll","background-type":"","background-media":"","overlay-type":"","overlay-color":"","overlay-opacity":"","overlay-gradient":""}}},"product_brand":[],"product_cat":[22955],"product_tag":[],"class_list":{"0":"post-518680","1":"product","2":"type-product","3":"status-publish","4":"has-post-thumbnail","6":"product_cat-pas-de-categorie","7":"desktop-align-center","8":"tablet-align-center","9":"mobile-align-center","10":"ast-product-gallery-layout-horizontal","11":"ast-product-tabs-layout-horizontal","13":"first","14":"instock","15":"taxable","16":"shipping-taxable","17":"purchasable","18":"product-type-simple"},"acf":[],"yoast_head":"<!-- This site is optimized with the Yoast SEO plugin v26.5 - https:\/\/yoast.com\/wordpress\/plugins\/seo\/ -->\n<title>Autoradio avec Bluetooth, USB, DAB+ et radio FM - 1 DIN - Puissance de 4 x 55 Watt - Micro int\u00e9gr\u00e9 (RMD034DAB-BT) - Caliber Europe B.V.<\/title>\n<meta name=\"robots\" content=\"noindex, follow, max-snippet:-1, max-image-preview:large, max-video-preview:-1\" \/>\n<meta property=\"og:locale\" content=\"fr_FR\" \/>\n<meta property=\"og:type\" content=\"article\" \/>\n<meta property=\"og:title\" content=\"Autoradio avec Bluetooth, USB, DAB+ et radio FM - 1 DIN - Puissance de 4 x 55 Watt - Micro int\u00e9gr\u00e9 (RMD034DAB-BT) - Caliber Europe B.V.\" \/>\n<meta property=\"og:description\" content=\"Caract\u00e9ristiques :Format 1 DINTuner DAB+ et FMBluetooth ,AUX, USB et SDAppels mains libres via le micro fourniT\u00e9l\u00e9commande incluseBandes multiples pour les pr\u00e9s\u00e9lectionsProfondeur int\u00e9gr\u00e9e 35 mm4 x 55 watts puissance maximaleLecture MP318 pr\u00e9s\u00e9lections DAB+ et FM\" \/>\n<meta property=\"og:url\" content=\"https:\/\/b2b.calibereurope.com\/fr\/produit\/rmd034dab-bt-fr_fr\/\" \/>\n<meta property=\"og:site_name\" content=\"Caliber Europe B.V.\" \/>\n<meta property=\"article:modified_time\" content=\"2026-04-08T09:00:26+00:00\" \/>\n<meta property=\"og:image\" content=\"http:\/\/b2b.calibereurope.com\/wp-content\/uploads\/2023\/02\/5e7615df04743d1d8273621f48d747774c65ca70_RMD034DAB_BT_web.jpg\" \/>\n\t<meta property=\"og:image:width\" content=\"1024\" \/>\n\t<meta property=\"og:image:height\" content=\"768\" \/>\n\t<meta property=\"og:image:type\" content=\"image\/jpeg\" \/>\n<meta name=\"twitter:card\" content=\"summary_large_image\" \/>\n<meta name=\"twitter:label1\" content=\"Dur\u00e9e de lecture estim\u00e9e\" \/>\n\t<meta name=\"twitter:data1\" content=\"2 minutes\" \/>\n<script type=\"application\/ld+json\" class=\"yoast-schema-graph\">{\"@context\":\"https:\/\/schema.org\",\"@graph\":[{\"@type\":\"WebPage\",\"@id\":\"https:\/\/b2b.calibereurope.com\/fr\/produit\/rmd034dab-bt-fr_fr\/\",\"url\":\"https:\/\/b2b.calibereurope.com\/fr\/produit\/rmd034dab-bt-fr_fr\/\",\"name\":\"Autoradio avec Bluetooth, USB, DAB+ et radio FM - 1 DIN - Puissance de 4 x 55 Watt - Micro int\u00e9gr\u00e9 (RMD034DAB-BT) - Caliber Europe B.V.\",\"isPartOf\":{\"@id\":\"https:\/\/b2b.calibereurope.com\/#website\"},\"primaryImageOfPage\":{\"@id\":\"https:\/\/b2b.calibereurope.com\/fr\/produit\/rmd034dab-bt-fr_fr\/#primaryimage\"},\"image\":{\"@id\":\"https:\/\/b2b.calibereurope.com\/fr\/produit\/rmd034dab-bt-fr_fr\/#primaryimage\"},\"thumbnailUrl\":\"https:\/\/b2b.calibereurope.com\/wp-content\/uploads\/2024\/06\/5e7615df04743d1d8273621f48d747774c65ca70_RMD034DAB_BT_web.jpg\",\"datePublished\":\"2024-06-19T00:00:00+00:00\",\"dateModified\":\"2026-04-08T09:00:26+00:00\",\"breadcrumb\":{\"@id\":\"https:\/\/b2b.calibereurope.com\/fr\/produit\/rmd034dab-bt-fr_fr\/#breadcrumb\"},\"inLanguage\":\"fr-FR\",\"potentialAction\":[{\"@type\":\"ReadAction\",\"target\":[\"https:\/\/b2b.calibereurope.com\/fr\/produit\/rmd034dab-bt-fr_fr\/\"]}]},{\"@type\":\"ImageObject\",\"inLanguage\":\"fr-FR\",\"@id\":\"https:\/\/b2b.calibereurope.com\/fr\/produit\/rmd034dab-bt-fr_fr\/#primaryimage\",\"url\":\"https:\/\/b2b.calibereurope.com\/wp-content\/uploads\/2024\/06\/5e7615df04743d1d8273621f48d747774c65ca70_RMD034DAB_BT_web.jpg\",\"contentUrl\":\"https:\/\/b2b.calibereurope.com\/wp-content\/uploads\/2024\/06\/5e7615df04743d1d8273621f48d747774c65ca70_RMD034DAB_BT_web.jpg\",\"width\":1024,\"height\":768},{\"@type\":\"BreadcrumbList\",\"@id\":\"https:\/\/b2b.calibereurope.com\/fr\/produit\/rmd034dab-bt-fr_fr\/#breadcrumb\",\"itemListElement\":[{\"@type\":\"ListItem\",\"position\":1,\"name\":\"Home\",\"item\":\"https:\/\/b2b.calibereurope.com\/fr\/home\/\"},{\"@type\":\"ListItem\",\"position\":2,\"name\":\"Boutique\",\"item\":\"https:\/\/b2b.calibereurope.com\/fr\/boutique\/\"},{\"@type\":\"ListItem\",\"position\":3,\"name\":\"Autoradio avec Bluetooth, USB, DAB+ et radio FM &#8211; 1 DIN &#8211; Puissance de 4 x 55 Watt &#8211; Micro int\u00e9gr\u00e9 (RMD034DAB-BT)\"}]},{\"@type\":\"WebSite\",\"@id\":\"https:\/\/b2b.calibereurope.com\/#website\",\"url\":\"https:\/\/b2b.calibereurope.com\/\",\"name\":\"Caliber Europe B.V.\",\"description\":\"B2B Webshop\",\"publisher\":{\"@id\":\"https:\/\/b2b.calibereurope.com\/#organization\"},\"potentialAction\":[{\"@type\":\"SearchAction\",\"target\":{\"@type\":\"EntryPoint\",\"urlTemplate\":\"https:\/\/b2b.calibereurope.com\/?s={search_term_string}\"},\"query-input\":{\"@type\":\"PropertyValueSpecification\",\"valueRequired\":true,\"valueName\":\"search_term_string\"}}],\"inLanguage\":\"fr-FR\"},{\"@type\":\"Organization\",\"@id\":\"https:\/\/b2b.calibereurope.com\/#organization\",\"name\":\"Caliber Europe B.V.\",\"url\":\"https:\/\/b2b.calibereurope.com\/\",\"logo\":{\"@type\":\"ImageObject\",\"inLanguage\":\"fr-FR\",\"@id\":\"https:\/\/b2b.calibereurope.com\/#\/schema\/logo\/image\/\",\"url\":\"https:\/\/b2b.calibereurope.com\/wp-content\/uploads\/2020\/12\/Caliber_Logo-Black.png\",\"contentUrl\":\"https:\/\/b2b.calibereurope.com\/wp-content\/uploads\/2020\/12\/Caliber_Logo-Black.png\",\"width\":3157,\"height\":356,\"caption\":\"Caliber Europe B.V.\"},\"image\":{\"@id\":\"https:\/\/b2b.calibereurope.com\/#\/schema\/logo\/image\/\"}}]}<\/script>\n<!-- \/ Yoast SEO plugin. -->","yoast_head_json":{"title":"Autoradio avec Bluetooth, USB, DAB+ et radio FM - 1 DIN - Puissance de 4 x 55 Watt - Micro int\u00e9gr\u00e9 (RMD034DAB-BT) - Caliber Europe B.V.","robots":{"index":"noindex","follow":"follow","max-snippet":"max-snippet:-1","max-image-preview":"max-image-preview:large","max-video-preview":"max-video-preview:-1"},"og_locale":"fr_FR","og_type":"article","og_title":"Autoradio avec Bluetooth, USB, DAB+ et radio FM - 1 DIN - Puissance de 4 x 55 Watt - Micro int\u00e9gr\u00e9 (RMD034DAB-BT) - Caliber Europe B.V.","og_description":"Caract\u00e9ristiques :Format 1 DINTuner DAB+ et FMBluetooth ,AUX, USB et SDAppels mains libres via le micro fourniT\u00e9l\u00e9commande incluseBandes multiples pour les pr\u00e9s\u00e9lectionsProfondeur int\u00e9gr\u00e9e 35 mm4 x 55 watts puissance maximaleLecture MP318 pr\u00e9s\u00e9lections DAB+ et FM","og_url":"https:\/\/b2b.calibereurope.com\/fr\/produit\/rmd034dab-bt-fr_fr\/","og_site_name":"Caliber Europe B.V.","article_modified_time":"2026-04-08T09:00:26+00:00","og_image":[{"width":1024,"height":768,"url":"http:\/\/b2b.calibereurope.com\/wp-content\/uploads\/2023\/02\/5e7615df04743d1d8273621f48d747774c65ca70_RMD034DAB_BT_web.jpg","type":"image\/jpeg"}],"twitter_card":"summary_large_image","twitter_misc":{"Dur\u00e9e de lecture estim\u00e9e":"2 minutes"},"schema":{"@context":"https:\/\/schema.org","@graph":[{"@type":"WebPage","@id":"https:\/\/b2b.calibereurope.com\/fr\/produit\/rmd034dab-bt-fr_fr\/","url":"https:\/\/b2b.calibereurope.com\/fr\/produit\/rmd034dab-bt-fr_fr\/","name":"Autoradio avec Bluetooth, USB, DAB+ et radio FM - 1 DIN - Puissance de 4 x 55 Watt - Micro int\u00e9gr\u00e9 (RMD034DAB-BT) - Caliber Europe B.V.","isPartOf":{"@id":"https:\/\/b2b.calibereurope.com\/#website"},"primaryImageOfPage":{"@id":"https:\/\/b2b.calibereurope.com\/fr\/produit\/rmd034dab-bt-fr_fr\/#primaryimage"},"image":{"@id":"https:\/\/b2b.calibereurope.com\/fr\/produit\/rmd034dab-bt-fr_fr\/#primaryimage"},"thumbnailUrl":"https:\/\/b2b.calibereurope.com\/wp-content\/uploads\/2024\/06\/5e7615df04743d1d8273621f48d747774c65ca70_RMD034DAB_BT_web.jpg","datePublished":"2024-06-19T00:00:00+00:00","dateModified":"2026-04-08T09:00:26+00:00","breadcrumb":{"@id":"https:\/\/b2b.calibereurope.com\/fr\/produit\/rmd034dab-bt-fr_fr\/#breadcrumb"},"inLanguage":"fr-FR","potentialAction":[{"@type":"ReadAction","target":["https:\/\/b2b.calibereurope.com\/fr\/produit\/rmd034dab-bt-fr_fr\/"]}]},{"@type":"ImageObject","inLanguage":"fr-FR","@id":"https:\/\/b2b.calibereurope.com\/fr\/produit\/rmd034dab-bt-fr_fr\/#primaryimage","url":"https:\/\/b2b.calibereurope.com\/wp-content\/uploads\/2024\/06\/5e7615df04743d1d8273621f48d747774c65ca70_RMD034DAB_BT_web.jpg","contentUrl":"https:\/\/b2b.calibereurope.com\/wp-content\/uploads\/2024\/06\/5e7615df04743d1d8273621f48d747774c65ca70_RMD034DAB_BT_web.jpg","width":1024,"height":768},{"@type":"BreadcrumbList","@id":"https:\/\/b2b.calibereurope.com\/fr\/produit\/rmd034dab-bt-fr_fr\/#breadcrumb","itemListElement":[{"@type":"ListItem","position":1,"name":"Home","item":"https:\/\/b2b.calibereurope.com\/fr\/home\/"},{"@type":"ListItem","position":2,"name":"Boutique","item":"https:\/\/b2b.calibereurope.com\/fr\/boutique\/"},{"@type":"ListItem","position":3,"name":"Autoradio avec Bluetooth, USB, DAB+ et radio FM &#8211; 1 DIN &#8211; Puissance de 4 x 55 Watt &#8211; Micro int\u00e9gr\u00e9 (RMD034DAB-BT)"}]},{"@type":"WebSite","@id":"https:\/\/b2b.calibereurope.com\/#website","url":"https:\/\/b2b.calibereurope.com\/","name":"Caliber Europe B.V.","description":"B2B Webshop","publisher":{"@id":"https:\/\/b2b.calibereurope.com\/#organization"},"potentialAction":[{"@type":"SearchAction","target":{"@type":"EntryPoint","urlTemplate":"https:\/\/b2b.calibereurope.com\/?s={search_term_string}"},"query-input":{"@type":"PropertyValueSpecification","valueRequired":true,"valueName":"search_term_string"}}],"inLanguage":"fr-FR"},{"@type":"Organization","@id":"https:\/\/b2b.calibereurope.com\/#organization","name":"Caliber Europe B.V.","url":"https:\/\/b2b.calibereurope.com\/","logo":{"@type":"ImageObject","inLanguage":"fr-FR","@id":"https:\/\/b2b.calibereurope.com\/#\/schema\/logo\/image\/","url":"https:\/\/b2b.calibereurope.com\/wp-content\/uploads\/2020\/12\/Caliber_Logo-Black.png","contentUrl":"https:\/\/b2b.calibereurope.com\/wp-content\/uploads\/2020\/12\/Caliber_Logo-Black.png","width":3157,"height":356,"caption":"Caliber Europe B.V."},"image":{"@id":"https:\/\/b2b.calibereurope.com\/#\/schema\/logo\/image\/"}}]}},"_links":{"self":[{"href":"https:\/\/b2b.calibereurope.com\/fr\/wp-json\/wp\/v2\/product\/518680","targetHints":{"allow":["GET"]}}],"collection":[{"href":"https:\/\/b2b.calibereurope.com\/fr\/wp-json\/wp\/v2\/product"}],"about":[{"href":"https:\/\/b2b.calibereurope.com\/fr\/wp-json\/wp\/v2\/types\/product"}],"version-history":[{"count":1,"href":"https:\/\/b2b.calibereurope.com\/fr\/wp-json\/wp\/v2\/product\/518680\/revisions"}],"predecessor-version":[{"id":845520,"href":"https:\/\/b2b.calibereurope.com\/fr\/wp-json\/wp\/v2\/product\/518680\/revisions\/845520"}],"wp:featuredmedia":[{"embeddable":true,"href":"https:\/\/b2b.calibereurope.com\/fr\/wp-json\/wp\/v2\/media\/845754"}],"wp:attachment":[{"href":"https:\/\/b2b.calibereurope.com\/fr\/wp-json\/wp\/v2\/media?parent=518680"}],"wp:term":[{"taxonomy":"product_brand","embeddable":true,"href":"https:\/\/b2b.calibereurope.com\/fr\/wp-json\/wp\/v2\/product_brand?post=518680"},{"taxonomy":"product_cat","embeddable":true,"href":"https:\/\/b2b.calibereurope.com\/fr\/wp-json\/wp\/v2\/product_cat?post=518680"},{"taxonomy":"product_tag","embeddable":true,"href":"https:\/\/b2b.calibereurope.com\/fr\/wp-json\/wp\/v2\/product_tag?post=518680"}],"curies":[{"name":"wp","href":"https:\/\/api.w.org\/{rel}","templated":true}]}}