{"id":519180,"date":"2026-04-07T02:00:00","date_gmt":"2026-04-07T00:00:00","guid":{"rendered":"0"},"modified":"2026-04-07T07:26:16","modified_gmt":"2026-04-07T05:26:16","slug":"CNC17-fr_FR","status":"publish","type":"product","link":"https:\/\/b2b.calibereurope.com\/fr\/produit\/CNC17-fr_FR\/","title":{"rendered":"Comprim\u00e9 et support de t\u00e9l\u00e9phone pour 7 \u00e0 12,9 pouces &#8211; Appui-t\u00eate automatique &#8211; Rotation (CNC17)"},"content":{"rendered":"<p> Regardez votre s\u00e9rie ou film pr\u00e9f\u00e9r\u00e9 pendant des heures et jouez \u00e0 des jeux lorsque vous \u00eates dans la voiture avec ce porte-tablette CNC17 de Caliber. Vous pouvez facilement monter le titulaire du t\u00e9l\u00e9phone et de la tablette sur le support automobile de la chaise devant vous. Gr\u00e2ce au d\u00e9tenteur <strong> r\u00e9glable <\/strong>, il convient aux t\u00e9l\u00e9phones et aux tablettes avec un \u00e9cran <strong> de 7 \u00ab\u00a0\u00e0 12,9\u00a0\u00bb <\/strong>. Par exemple, il s&#39;agit d&#39;un titulaire d&#39;iPad appropri\u00e9 pour la voiture, mais de nombreux smartphones s&#39;ins\u00e8rent \u00e9galement. Le support universel peut \u00eatre ajust\u00e9 de <strong> 155 \u00e0 217 mm de large <\/strong>, afin que vous puissiez l&#39;adapter \u00e0 l&#39;appui dans votre voiture. <\/p>\n<p> <strong> Propri\u00e9t\u00e9s: <\/strong> <\/p>\n<ul>\n<li> Tablette et porte-t\u00e9l\u00e9phone\n<li> pour le support de voiture\n<li> Dimensions de la tablette Min-Max : 155 &#8211; 217 mm\n<li> Convient pour les \u00e9crans entre 7 \u201det 12,9\u201d\n<li> Hauteur et angle de visualisation r\u00e9glable\n<li> Conception minimaliste\n<li> Porte-trait <\/li>\n<\/ul>\n<h3> Toujours vos mains libres libres libres libres <\/h3>\n<p> Que vous ayez un iPad Pro ou Mini, vous l&#39;accrochez avec ce porte-tablette sur un appui-t\u00eate. Le titulaire convient \u00e9galement \u00e0 divers smartphones, tels que le Samsung Galaxy S3 et plus et l&#39;iPhone 6 et plus. Voulez-vous savoir si votre appareil s&#39;inscrit dans le titulaire universel? S&#39;il a un \u00e9cran entre 7 \u00ab\u00a0et 12,9\u00a0\u00bb, alors vous \u00eates au bon endroit! De cette fa\u00e7on, vous n&#39;avez pas \u00e0 tenir votre appareil en cours de route et vous avez les mains libres pour d&#39;autres choses. <\/p>\n<h3> Heures de vision du plaisir dans la voiture <\/h3>\n<p> Aimez-vous regarder des films et des s\u00e9ries sur la route? Ensuite, il n&#39;est pas agr\u00e9able de tenir constamment votre tablette ou votre t\u00e9l\u00e9phone. Avec ce support de tablette, vous pouvez accrocher votre appareil sur une hauteur fine sur l&#39;appuie-t\u00eate de la voiture devant vous. La hauteur et l&#39;angle de vision sont r\u00e9glables et vous pouvez faire pivoter l&#39;\u00e9cran \u00e0 la fois horizontalement et verticalement. C&#39;est beaucoup mieux pour votre cou, vous pouvez vous asseoir plus confortablement et vous avez vos mains libres. <\/p>\n<h3> Fine \u00e0 utiliser <\/h3>\n<p> Vous pouvez facilement monter le porte-tablette sur un appui-t\u00eate en le fixant aux supports de l&#39;appui-t\u00eate. Vous pouvez ajuster le support de 155 \u00e0 217 mm de large, afin qu&#39;il soit fermement coinc\u00e9. Le support de l&#39;appuie-t\u00eate de la voiture est \u00e9galement doubl\u00e9, ce qui emp\u00eache les rayures sur votre \u00e9cran. Gr\u00e2ce au design minimaliste, ce titulaire est non seulement un ajout pratique, mais aussi un bel ajout \u00e0 la voiture. <\/p>\n","protected":false},"excerpt":{"rendered":"<p>Regardez votre s\u00e9rie ou film pr\u00e9f\u00e9r\u00e9 pendant des heures et jouez \u00e0 des jeux lorsque vous \u00eates dans la voiture avec ce porte-tablette CNC17 de Caliber. Vous pouvez facilement monter le titulaire du t\u00e9l\u00e9phone et de la tablette sur le support automobile de la chaise devant vous. Gr\u00e2ce au d\u00e9tenteur r\u00e9glable , il convient aux [&hellip;]<\/p>\n","protected":false},"featured_media":873004,"template":"","meta":{"_acf_changed":false,"site-sidebar-layout":"default","site-content-layout":"","ast-site-content-layout":"default","site-content-style":"default","site-sidebar-style":"default","ast-global-header-display":"","ast-banner-title-visibility":"","ast-main-header-display":"","ast-hfb-above-header-display":"","ast-hfb-below-header-display":"","ast-hfb-mobile-header-display":"","site-post-title":"","ast-breadcrumbs-content":"","ast-featured-img":"","footer-sml-layout":"","theme-transparent-header-meta":"","adv-header-id-meta":"","stick-header-meta":"","header-above-stick-meta":"","header-main-stick-meta":"","header-below-stick-meta":"","astra-migrate-meta-layouts":"default","ast-page-background-enabled":"default","ast-page-background-meta":{"desktop":{"background-color":"","background-image":"","background-repeat":"repeat","background-position":"center center","background-size":"auto","background-attachment":"scroll","background-type":"","background-media":"","overlay-type":"","overlay-color":"","overlay-opacity":"","overlay-gradient":""},"tablet":{"background-color":"","background-image":"","background-repeat":"repeat","background-position":"center center","background-size":"auto","background-attachment":"scroll","background-type":"","background-media":"","overlay-type":"","overlay-color":"","overlay-opacity":"","overlay-gradient":""},"mobile":{"background-color":"","background-image":"","background-repeat":"repeat","background-position":"center center","background-size":"auto","background-attachment":"scroll","background-type":"","background-media":"","overlay-type":"","overlay-color":"","overlay-opacity":"","overlay-gradient":""}},"ast-content-background-meta":{"desktop":{"background-color":"var(--ast-global-color-5)","background-image":"","background-repeat":"repeat","background-position":"center center","background-size":"auto","background-attachment":"scroll","background-type":"","background-media":"","overlay-type":"","overlay-color":"","overlay-opacity":"","overlay-gradient":""},"tablet":{"background-color":"var(--ast-global-color-5)","background-image":"","background-repeat":"repeat","background-position":"center center","background-size":"auto","background-attachment":"scroll","background-type":"","background-media":"","overlay-type":"","overlay-color":"","overlay-opacity":"","overlay-gradient":""},"mobile":{"background-color":"var(--ast-global-color-5)","background-image":"","background-repeat":"repeat","background-position":"center center","background-size":"auto","background-attachment":"scroll","background-type":"","background-media":"","overlay-type":"","overlay-color":"","overlay-opacity":"","overlay-gradient":""}}},"product_brand":[],"product_cat":[12150,12138],"product_tag":[],"class_list":{"0":"post-519180","1":"product","2":"type-product","3":"status-publish","4":"has-post-thumbnail","6":"product_cat-overige_accessoires_fr_fr","7":"product_cat-auto_fr_fr","8":"desktop-align-center","9":"tablet-align-center","10":"mobile-align-center","11":"ast-product-gallery-layout-horizontal","12":"ast-product-tabs-layout-horizontal","14":"first","15":"instock","16":"taxable","17":"shipping-taxable","18":"purchasable","19":"product-type-simple"},"acf":[],"yoast_head":"<!-- This site is optimized with the Yoast SEO plugin v26.5 - https:\/\/yoast.com\/wordpress\/plugins\/seo\/ -->\n<title>Comprim\u00e9 et support de t\u00e9l\u00e9phone pour 7 \u00e0 12,9 pouces - Appui-t\u00eate automatique - Rotation (CNC17) - Caliber Europe B.V.<\/title>\n<meta name=\"robots\" content=\"noindex, follow, max-snippet:-1, max-image-preview:large, max-video-preview:-1\" \/>\n<meta property=\"og:locale\" content=\"fr_FR\" \/>\n<meta property=\"og:type\" content=\"article\" \/>\n<meta property=\"og:title\" content=\"Comprim\u00e9 et support de t\u00e9l\u00e9phone pour 7 \u00e0 12,9 pouces - Appui-t\u00eate automatique - Rotation (CNC17) - Caliber Europe B.V.\" \/>\n<meta property=\"og:description\" content=\"Regardez votre s\u00e9rie ou film pr\u00e9f\u00e9r\u00e9 pendant des heures et jouez \u00e0 des jeux lorsque vous \u00eates dans la voiture avec ce porte-tablette CNC17 de Caliber. Vous pouvez facilement monter le titulaire du t\u00e9l\u00e9phone et de la tablette sur le support automobile de la chaise devant vous. Gr\u00e2ce au d\u00e9tenteur r\u00e9glable , il convient aux [&hellip;]\" \/>\n<meta property=\"og:url\" content=\"https:\/\/b2b.calibereurope.com\/fr\/produit\/cnc17-fr_fr\/\" \/>\n<meta property=\"og:site_name\" content=\"Caliber Europe B.V.\" \/>\n<meta property=\"article:modified_time\" content=\"2026-04-07T05:26:16+00:00\" \/>\n<meta property=\"og:image\" content=\"https:\/\/b2b.calibereurope.com\/wp-content\/uploads\/2021\/09\/d19bb6a60a145a1f0bc0c83f29cd99e37c77107f_CNC17_inCarwithnocar.jpg\" \/>\n\t<meta property=\"og:image:width\" content=\"1024\" \/>\n\t<meta property=\"og:image:height\" content=\"768\" \/>\n\t<meta property=\"og:image:type\" content=\"image\/jpeg\" \/>\n<meta name=\"twitter:card\" content=\"summary_large_image\" \/>\n<meta name=\"twitter:label1\" content=\"Dur\u00e9e de lecture estim\u00e9e\" \/>\n\t<meta name=\"twitter:data1\" content=\"2 minutes\" \/>\n<script type=\"application\/ld+json\" class=\"yoast-schema-graph\">{\"@context\":\"https:\/\/schema.org\",\"@graph\":[{\"@type\":\"WebPage\",\"@id\":\"https:\/\/b2b.calibereurope.com\/fr\/produit\/cnc17-fr_fr\/\",\"url\":\"https:\/\/b2b.calibereurope.com\/fr\/produit\/cnc17-fr_fr\/\",\"name\":\"Comprim\u00e9 et support de t\u00e9l\u00e9phone pour 7 \u00e0 12,9 pouces - Appui-t\u00eate automatique - Rotation (CNC17) - Caliber Europe B.V.\",\"isPartOf\":{\"@id\":\"https:\/\/b2b.calibereurope.com\/#website\"},\"primaryImageOfPage\":{\"@id\":\"https:\/\/b2b.calibereurope.com\/fr\/produit\/cnc17-fr_fr\/#primaryimage\"},\"image\":{\"@id\":\"https:\/\/b2b.calibereurope.com\/fr\/produit\/cnc17-fr_fr\/#primaryimage\"},\"thumbnailUrl\":\"https:\/\/b2b.calibereurope.com\/wp-content\/uploads\/2026\/04\/d19bb6a60a145a1f0bc0c83f29cd99e37c77107f_CNC17_inCarwithnocar.jpg\",\"datePublished\":\"2026-04-07T00:00:00+00:00\",\"dateModified\":\"2026-04-07T05:26:16+00:00\",\"breadcrumb\":{\"@id\":\"https:\/\/b2b.calibereurope.com\/fr\/produit\/cnc17-fr_fr\/#breadcrumb\"},\"inLanguage\":\"fr-FR\",\"potentialAction\":[{\"@type\":\"ReadAction\",\"target\":[\"https:\/\/b2b.calibereurope.com\/fr\/produit\/cnc17-fr_fr\/\"]}]},{\"@type\":\"ImageObject\",\"inLanguage\":\"fr-FR\",\"@id\":\"https:\/\/b2b.calibereurope.com\/fr\/produit\/cnc17-fr_fr\/#primaryimage\",\"url\":\"https:\/\/b2b.calibereurope.com\/wp-content\/uploads\/2026\/04\/d19bb6a60a145a1f0bc0c83f29cd99e37c77107f_CNC17_inCarwithnocar.jpg\",\"contentUrl\":\"https:\/\/b2b.calibereurope.com\/wp-content\/uploads\/2026\/04\/d19bb6a60a145a1f0bc0c83f29cd99e37c77107f_CNC17_inCarwithnocar.jpg\",\"width\":1024,\"height\":768},{\"@type\":\"BreadcrumbList\",\"@id\":\"https:\/\/b2b.calibereurope.com\/fr\/produit\/cnc17-fr_fr\/#breadcrumb\",\"itemListElement\":[{\"@type\":\"ListItem\",\"position\":1,\"name\":\"Home\",\"item\":\"https:\/\/b2b.calibereurope.com\/fr\/home\/\"},{\"@type\":\"ListItem\",\"position\":2,\"name\":\"Boutique\",\"item\":\"https:\/\/b2b.calibereurope.com\/fr\/boutique\/\"},{\"@type\":\"ListItem\",\"position\":3,\"name\":\"Support de tablette universel pour la voiture et maison &#8211; Noir (CNC17)\"}]},{\"@type\":\"WebSite\",\"@id\":\"https:\/\/b2b.calibereurope.com\/#website\",\"url\":\"https:\/\/b2b.calibereurope.com\/\",\"name\":\"Caliber Europe B.V.\",\"description\":\"B2B Webshop\",\"publisher\":{\"@id\":\"https:\/\/b2b.calibereurope.com\/#organization\"},\"potentialAction\":[{\"@type\":\"SearchAction\",\"target\":{\"@type\":\"EntryPoint\",\"urlTemplate\":\"https:\/\/b2b.calibereurope.com\/?s={search_term_string}\"},\"query-input\":{\"@type\":\"PropertyValueSpecification\",\"valueRequired\":true,\"valueName\":\"search_term_string\"}}],\"inLanguage\":\"fr-FR\"},{\"@type\":\"Organization\",\"@id\":\"https:\/\/b2b.calibereurope.com\/#organization\",\"name\":\"Caliber Europe B.V.\",\"url\":\"https:\/\/b2b.calibereurope.com\/\",\"logo\":{\"@type\":\"ImageObject\",\"inLanguage\":\"fr-FR\",\"@id\":\"https:\/\/b2b.calibereurope.com\/#\/schema\/logo\/image\/\",\"url\":\"https:\/\/b2b.calibereurope.com\/wp-content\/uploads\/2020\/12\/Caliber_Logo-Black.png\",\"contentUrl\":\"https:\/\/b2b.calibereurope.com\/wp-content\/uploads\/2020\/12\/Caliber_Logo-Black.png\",\"width\":3157,\"height\":356,\"caption\":\"Caliber Europe B.V.\"},\"image\":{\"@id\":\"https:\/\/b2b.calibereurope.com\/#\/schema\/logo\/image\/\"}}]}<\/script>\n<!-- \/ Yoast SEO plugin. -->","yoast_head_json":{"title":"Comprim\u00e9 et support de t\u00e9l\u00e9phone pour 7 \u00e0 12,9 pouces - Appui-t\u00eate automatique - Rotation (CNC17) - Caliber Europe B.V.","robots":{"index":"noindex","follow":"follow","max-snippet":"max-snippet:-1","max-image-preview":"max-image-preview:large","max-video-preview":"max-video-preview:-1"},"og_locale":"fr_FR","og_type":"article","og_title":"Comprim\u00e9 et support de t\u00e9l\u00e9phone pour 7 \u00e0 12,9 pouces - Appui-t\u00eate automatique - Rotation (CNC17) - Caliber Europe B.V.","og_description":"Regardez votre s\u00e9rie ou film pr\u00e9f\u00e9r\u00e9 pendant des heures et jouez \u00e0 des jeux lorsque vous \u00eates dans la voiture avec ce porte-tablette CNC17 de Caliber. Vous pouvez facilement monter le titulaire du t\u00e9l\u00e9phone et de la tablette sur le support automobile de la chaise devant vous. Gr\u00e2ce au d\u00e9tenteur r\u00e9glable , il convient aux [&hellip;]","og_url":"https:\/\/b2b.calibereurope.com\/fr\/produit\/cnc17-fr_fr\/","og_site_name":"Caliber Europe B.V.","article_modified_time":"2026-04-07T05:26:16+00:00","og_image":[{"width":1024,"height":768,"url":"https:\/\/b2b.calibereurope.com\/wp-content\/uploads\/2021\/09\/d19bb6a60a145a1f0bc0c83f29cd99e37c77107f_CNC17_inCarwithnocar.jpg","type":"image\/jpeg"}],"twitter_card":"summary_large_image","twitter_misc":{"Dur\u00e9e de lecture estim\u00e9e":"2 minutes"},"schema":{"@context":"https:\/\/schema.org","@graph":[{"@type":"WebPage","@id":"https:\/\/b2b.calibereurope.com\/fr\/produit\/cnc17-fr_fr\/","url":"https:\/\/b2b.calibereurope.com\/fr\/produit\/cnc17-fr_fr\/","name":"Comprim\u00e9 et support de t\u00e9l\u00e9phone pour 7 \u00e0 12,9 pouces - Appui-t\u00eate automatique - Rotation (CNC17) - Caliber Europe B.V.","isPartOf":{"@id":"https:\/\/b2b.calibereurope.com\/#website"},"primaryImageOfPage":{"@id":"https:\/\/b2b.calibereurope.com\/fr\/produit\/cnc17-fr_fr\/#primaryimage"},"image":{"@id":"https:\/\/b2b.calibereurope.com\/fr\/produit\/cnc17-fr_fr\/#primaryimage"},"thumbnailUrl":"https:\/\/b2b.calibereurope.com\/wp-content\/uploads\/2026\/04\/d19bb6a60a145a1f0bc0c83f29cd99e37c77107f_CNC17_inCarwithnocar.jpg","datePublished":"2026-04-07T00:00:00+00:00","dateModified":"2026-04-07T05:26:16+00:00","breadcrumb":{"@id":"https:\/\/b2b.calibereurope.com\/fr\/produit\/cnc17-fr_fr\/#breadcrumb"},"inLanguage":"fr-FR","potentialAction":[{"@type":"ReadAction","target":["https:\/\/b2b.calibereurope.com\/fr\/produit\/cnc17-fr_fr\/"]}]},{"@type":"ImageObject","inLanguage":"fr-FR","@id":"https:\/\/b2b.calibereurope.com\/fr\/produit\/cnc17-fr_fr\/#primaryimage","url":"https:\/\/b2b.calibereurope.com\/wp-content\/uploads\/2026\/04\/d19bb6a60a145a1f0bc0c83f29cd99e37c77107f_CNC17_inCarwithnocar.jpg","contentUrl":"https:\/\/b2b.calibereurope.com\/wp-content\/uploads\/2026\/04\/d19bb6a60a145a1f0bc0c83f29cd99e37c77107f_CNC17_inCarwithnocar.jpg","width":1024,"height":768},{"@type":"BreadcrumbList","@id":"https:\/\/b2b.calibereurope.com\/fr\/produit\/cnc17-fr_fr\/#breadcrumb","itemListElement":[{"@type":"ListItem","position":1,"name":"Home","item":"https:\/\/b2b.calibereurope.com\/fr\/home\/"},{"@type":"ListItem","position":2,"name":"Boutique","item":"https:\/\/b2b.calibereurope.com\/fr\/boutique\/"},{"@type":"ListItem","position":3,"name":"Support de tablette universel pour la voiture et maison &#8211; Noir (CNC17)"}]},{"@type":"WebSite","@id":"https:\/\/b2b.calibereurope.com\/#website","url":"https:\/\/b2b.calibereurope.com\/","name":"Caliber Europe B.V.","description":"B2B Webshop","publisher":{"@id":"https:\/\/b2b.calibereurope.com\/#organization"},"potentialAction":[{"@type":"SearchAction","target":{"@type":"EntryPoint","urlTemplate":"https:\/\/b2b.calibereurope.com\/?s={search_term_string}"},"query-input":{"@type":"PropertyValueSpecification","valueRequired":true,"valueName":"search_term_string"}}],"inLanguage":"fr-FR"},{"@type":"Organization","@id":"https:\/\/b2b.calibereurope.com\/#organization","name":"Caliber Europe B.V.","url":"https:\/\/b2b.calibereurope.com\/","logo":{"@type":"ImageObject","inLanguage":"fr-FR","@id":"https:\/\/b2b.calibereurope.com\/#\/schema\/logo\/image\/","url":"https:\/\/b2b.calibereurope.com\/wp-content\/uploads\/2020\/12\/Caliber_Logo-Black.png","contentUrl":"https:\/\/b2b.calibereurope.com\/wp-content\/uploads\/2020\/12\/Caliber_Logo-Black.png","width":3157,"height":356,"caption":"Caliber Europe B.V."},"image":{"@id":"https:\/\/b2b.calibereurope.com\/#\/schema\/logo\/image\/"}}]}},"_links":{"self":[{"href":"https:\/\/b2b.calibereurope.com\/fr\/wp-json\/wp\/v2\/product\/519180","targetHints":{"allow":["GET"]}}],"collection":[{"href":"https:\/\/b2b.calibereurope.com\/fr\/wp-json\/wp\/v2\/product"}],"about":[{"href":"https:\/\/b2b.calibereurope.com\/fr\/wp-json\/wp\/v2\/types\/product"}],"version-history":[{"count":0,"href":"https:\/\/b2b.calibereurope.com\/fr\/wp-json\/wp\/v2\/product\/519180\/revisions"}],"wp:featuredmedia":[{"embeddable":true,"href":"https:\/\/b2b.calibereurope.com\/fr\/wp-json\/wp\/v2\/media\/873004"}],"wp:attachment":[{"href":"https:\/\/b2b.calibereurope.com\/fr\/wp-json\/wp\/v2\/media?parent=519180"}],"wp:term":[{"taxonomy":"product_brand","embeddable":true,"href":"https:\/\/b2b.calibereurope.com\/fr\/wp-json\/wp\/v2\/product_brand?post=519180"},{"taxonomy":"product_cat","embeddable":true,"href":"https:\/\/b2b.calibereurope.com\/fr\/wp-json\/wp\/v2\/product_cat?post=519180"},{"taxonomy":"product_tag","embeddable":true,"href":"https:\/\/b2b.calibereurope.com\/fr\/wp-json\/wp\/v2\/product_tag?post=519180"}],"curies":[{"name":"wp","href":"https:\/\/api.w.org\/{rel}","templated":true}]}}