{"id":519832,"date":"2025-01-15T01:00:00","date_gmt":"2025-01-15T00:00:00","guid":{"rendered":""},"modified":"2025-01-15T08:58:04","modified_gmt":"2025-01-15T07:58:04","slug":"HBT-BR30-fr_FR","status":"publish","type":"product","link":"https:\/\/b2b.calibereurope.com\/fr\/produit\/HBT-BR30-fr_FR\/","title":{"rendered":"Ampoule Connect\u00e9e E27 \u00e0 Graduation avec LED RGB &#8211; Ampoule LED Connect\u00e9e E27 &#8211; 850 Lumen &#8211; 8 Watts &#8211; Contr\u00f4le via App (HBT-BR30)"},"content":{"rendered":"<p> Avec l\u2019ampoule connect\u00e9e Caliber HBT-BR30, vous pouvez <strong> cr\u00e9er l&#39;atmosph\u00e8re que vous souhaitez <\/strong>. L&#39;ampoule LED E27 illumine votre pi\u00e8ce avec une lumi\u00e8re blanche brillante, mais vous pouvez \u00e9galement utiliser <strong> l&#39;ampoule RGB <\/strong>ook pour cr\u00e9er une atmosph\u00e8re chaleureuse dans votre maison en r\u00e9glant une lumi\u00e8re blanche chaude ou <strong> la couleur de votre choix <\/strong>. Cette ampoule connect\u00e9e de <strong> 8 watts<\/strong> a une luminosit\u00e9 de <strong>850 lumen <\/strong> et dispose d&#39;une <strong> fonction de graduation <\/strong>. Gr\u00e2ce \u00e0 la <strong> passerelle Caliber disponible s\u00e9par\u00e9ment et \u00e0 l&#39;application Smart Home gratuite <\/strong> , l\u2019ampoule est facile \u00e0 contr\u00f4ler. De plus, vous pouvez ainsi facilement r\u00e9gler le moment o\u00f9 l\u2019ampoule LED s&#39;allume et s&#39;\u00e9teint automatiquement. <\/p>\n<p> <strong> Caract\u00e9ristiques : <\/strong> <\/p>\n<ul>\n<li>1x ampoule LED E27\n<li> Ampoule RGB\n<li> Temp\u00e9rature de la lumi\u00e8re r\u00e9glable (2700 &#8211; 6500K)\n<li>8 watt\n<li>850 lumen\n<li> Contr\u00f4lable via l&#39;application Caliber Smart Home\n<li> Fonctionnalit\u00e9s WiFi et Bluetooth <\/li>\n<\/ul>\n<p> <strong> Remarque : <\/strong> Remarque : le contr\u00f4le se fait via la passerelle Caliber HBT-Gateway disponible s\u00e9par\u00e9ment <\/p>\n<h3> Exprimez votre humeur au moyen de l\u2019ampoule connect\u00e9e <\/h3>\n<p> Avec cette ampoule connect\u00e9e, vous pouvez toujours r\u00e9gler l&#39;\u00e9clairage d&#39;ambiance de votre maison comme vous le souhaitez. La lumi\u00e8re connect\u00e9e fournit une lumi\u00e8re blanche avec une temp\u00e9rature de couleur de 2700K (lumi\u00e8re blanche chaude) \u00e0 6500K (lumi\u00e8re blanche froide). En outre, cette ampoule contient un \u00e9clairage LED RGB, ce qui vous permet de r\u00e9gler la couleur que vous voulez ! De cette fa\u00e7on, vous cr\u00e9ez toujours la lumi\u00e8re qui convient \u00e0 la situation. <\/p>\n<h3> Ampoule connect\u00e9e pratique \u00e0 utiliser <\/h3>\n<p> L\u2019ampoule connect\u00e9e est facile \u00e0 utiliser via l&#39;application gratuite Caliber Smart Home. Gr\u00e2ce aux diff\u00e9rentes fonctions, vous pouvez r\u00e9gler l&#39;\u00e9clairage exactement comme vous le souhaitez depuis le canap\u00e9. En outre, vous pouvez acheter une passerelle Caliber pour vous connecter au Bluetooth et au WiFi. Vous pouvez utiliser la fonction de graduation pour cr\u00e9er rapidement une atmosph\u00e8re agr\u00e9able, et la fonction automatique vous permet m\u00eame de pr\u00e9r\u00e9gler le moment o\u00f9 l&#39;ampoule LED E27 s&#39;allume ou s&#39;\u00e9teint. <\/p>\n<h3> Mettez de l&#39;ambiance dans votre maison avec l\u2019ampoule connect\u00e9e<\/h3>\n<p> L&#39;\u00e9clairage connect\u00e9 peut \u00e9galement \u00eatre contr\u00f4l\u00e9 par votre voix, gr\u00e2ce \u00e0 la fonction de commande vocale. Tout le monde dans le m\u00e9nage peut facilement r\u00e9gler l&#39;\u00e9clairage de cette fa\u00e7on. Avez-vous des visiteurs ou organisez-vous une f\u00eate \u00e0 la maison ? Les ampoules connect\u00e9es dot\u00e9es d&#39;un culot E27 peuvent se colorer automatiquement au rythme de la musique pour cr\u00e9er un v\u00e9ritable effet disco. <\/p>\n<p> <strong>Inclus :<\/strong> <\/p>\n<p> 1x Ampoule Caliber HBT-BR30 LED <\/p>\n","protected":false},"excerpt":{"rendered":"<p>Avec l\u2019ampoule connect\u00e9e Caliber HBT-BR30, vous pouvez cr\u00e9er l&#39;atmosph\u00e8re que vous souhaitez . L&#39;ampoule LED E27 illumine votre pi\u00e8ce avec une lumi\u00e8re blanche brillante, mais vous pouvez \u00e9galement utiliser l&#39;ampoule RGB ook pour cr\u00e9er une atmosph\u00e8re chaleureuse dans votre maison en r\u00e9glant une lumi\u00e8re blanche chaude ou la couleur de votre choix . Cette ampoule [&hellip;]<\/p>\n","protected":false},"featured_media":855597,"template":"","meta":{"_acf_changed":false,"site-sidebar-layout":"default","site-content-layout":"","ast-site-content-layout":"default","site-content-style":"default","site-sidebar-style":"default","ast-global-header-display":"","ast-banner-title-visibility":"","ast-main-header-display":"","ast-hfb-above-header-display":"","ast-hfb-below-header-display":"","ast-hfb-mobile-header-display":"","site-post-title":"","ast-breadcrumbs-content":"","ast-featured-img":"","footer-sml-layout":"","theme-transparent-header-meta":"","adv-header-id-meta":"","stick-header-meta":"","header-above-stick-meta":"","header-main-stick-meta":"","header-below-stick-meta":"","astra-migrate-meta-layouts":"default","ast-page-background-enabled":"default","ast-page-background-meta":{"desktop":{"background-color":"","background-image":"","background-repeat":"repeat","background-position":"center center","background-size":"auto","background-attachment":"scroll","background-type":"","background-media":"","overlay-type":"","overlay-color":"","overlay-opacity":"","overlay-gradient":""},"tablet":{"background-color":"","background-image":"","background-repeat":"repeat","background-position":"center center","background-size":"auto","background-attachment":"scroll","background-type":"","background-media":"","overlay-type":"","overlay-color":"","overlay-opacity":"","overlay-gradient":""},"mobile":{"background-color":"","background-image":"","background-repeat":"repeat","background-position":"center center","background-size":"auto","background-attachment":"scroll","background-type":"","background-media":"","overlay-type":"","overlay-color":"","overlay-opacity":"","overlay-gradient":""}},"ast-content-background-meta":{"desktop":{"background-color":"var(--ast-global-color-5)","background-image":"","background-repeat":"repeat","background-position":"center center","background-size":"auto","background-attachment":"scroll","background-type":"","background-media":"","overlay-type":"","overlay-color":"","overlay-opacity":"","overlay-gradient":""},"tablet":{"background-color":"var(--ast-global-color-5)","background-image":"","background-repeat":"repeat","background-position":"center center","background-size":"auto","background-attachment":"scroll","background-type":"","background-media":"","overlay-type":"","overlay-color":"","overlay-opacity":"","overlay-gradient":""},"mobile":{"background-color":"var(--ast-global-color-5)","background-image":"","background-repeat":"repeat","background-position":"center center","background-size":"auto","background-attachment":"scroll","background-type":"","background-media":"","overlay-type":"","overlay-color":"","overlay-opacity":"","overlay-gradient":""}}},"product_brand":[],"product_cat":[22955],"product_tag":[],"class_list":{"0":"post-519832","1":"product","2":"type-product","3":"status-publish","4":"has-post-thumbnail","6":"product_cat-pas-de-categorie","7":"desktop-align-center","8":"tablet-align-center","9":"mobile-align-center","10":"ast-product-gallery-layout-horizontal","11":"ast-product-tabs-layout-horizontal","13":"first","14":"instock","15":"taxable","16":"shipping-taxable","17":"purchasable","18":"product-type-simple"},"acf":[],"yoast_head":"<!-- This site is optimized with the Yoast SEO plugin v26.5 - https:\/\/yoast.com\/wordpress\/plugins\/seo\/ -->\n<title>Ampoule Connect\u00e9e E27 \u00e0 Graduation avec LED RGB - Ampoule LED Connect\u00e9e E27 - 850 Lumen - 8 Watts - Contr\u00f4le via App (HBT-BR30) - Caliber Europe B.V.<\/title>\n<meta name=\"robots\" content=\"noindex, follow, max-snippet:-1, max-image-preview:large, max-video-preview:-1\" \/>\n<meta property=\"og:locale\" content=\"fr_FR\" \/>\n<meta property=\"og:type\" content=\"article\" \/>\n<meta property=\"og:title\" content=\"Ampoule Connect\u00e9e E27 \u00e0 Graduation avec LED RGB - Ampoule LED Connect\u00e9e E27 - 850 Lumen - 8 Watts - Contr\u00f4le via App (HBT-BR30) - Caliber Europe B.V.\" \/>\n<meta property=\"og:description\" content=\"Avec l\u2019ampoule connect\u00e9e Caliber HBT-BR30, vous pouvez cr\u00e9er l&#039;atmosph\u00e8re que vous souhaitez . L&#039;ampoule LED E27 illumine votre pi\u00e8ce avec une lumi\u00e8re blanche brillante, mais vous pouvez \u00e9galement utiliser l&#039;ampoule RGB ook pour cr\u00e9er une atmosph\u00e8re chaleureuse dans votre maison en r\u00e9glant une lumi\u00e8re blanche chaude ou la couleur de votre choix . Cette ampoule [&hellip;]\" \/>\n<meta property=\"og:url\" content=\"https:\/\/b2b.calibereurope.com\/fr\/produit\/hbt-br30-fr_fr\/\" \/>\n<meta property=\"og:site_name\" content=\"Caliber Europe B.V.\" \/>\n<meta property=\"article:modified_time\" content=\"2025-01-15T07:58:04+00:00\" \/>\n<meta property=\"og:image\" content=\"https:\/\/b2b.calibereurope.com\/wp-content\/uploads\/2021\/11\/bf1a20bcc5340d4de60a0c4963ef28938878ee6c_HBT_BR30_verpakking.jpg\" \/>\n\t<meta property=\"og:image:width\" content=\"1024\" \/>\n\t<meta property=\"og:image:height\" content=\"768\" \/>\n\t<meta property=\"og:image:type\" content=\"image\/jpeg\" \/>\n<meta name=\"twitter:card\" content=\"summary_large_image\" \/>\n<meta name=\"twitter:label1\" content=\"Dur\u00e9e de lecture estim\u00e9e\" \/>\n\t<meta name=\"twitter:data1\" content=\"2 minutes\" \/>\n<script type=\"application\/ld+json\" class=\"yoast-schema-graph\">{\"@context\":\"https:\/\/schema.org\",\"@graph\":[{\"@type\":\"WebPage\",\"@id\":\"https:\/\/b2b.calibereurope.com\/fr\/produit\/hbt-br30-fr_fr\/\",\"url\":\"https:\/\/b2b.calibereurope.com\/fr\/produit\/hbt-br30-fr_fr\/\",\"name\":\"Ampoule Connect\u00e9e E27 \u00e0 Graduation avec LED RGB - Ampoule LED Connect\u00e9e E27 - 850 Lumen - 8 Watts - Contr\u00f4le via App (HBT-BR30) - Caliber Europe B.V.\",\"isPartOf\":{\"@id\":\"https:\/\/b2b.calibereurope.com\/#website\"},\"primaryImageOfPage\":{\"@id\":\"https:\/\/b2b.calibereurope.com\/fr\/produit\/hbt-br30-fr_fr\/#primaryimage\"},\"image\":{\"@id\":\"https:\/\/b2b.calibereurope.com\/fr\/produit\/hbt-br30-fr_fr\/#primaryimage\"},\"thumbnailUrl\":\"https:\/\/b2b.calibereurope.com\/wp-content\/uploads\/2025\/01\/bf1a20bcc5340d4de60a0c4963ef28938878ee6c_HBT_BR30_verpakking.jpg\",\"datePublished\":\"2025-01-15T00:00:00+00:00\",\"dateModified\":\"2025-01-15T07:58:04+00:00\",\"breadcrumb\":{\"@id\":\"https:\/\/b2b.calibereurope.com\/fr\/produit\/hbt-br30-fr_fr\/#breadcrumb\"},\"inLanguage\":\"fr-FR\",\"potentialAction\":[{\"@type\":\"ReadAction\",\"target\":[\"https:\/\/b2b.calibereurope.com\/fr\/produit\/hbt-br30-fr_fr\/\"]}]},{\"@type\":\"ImageObject\",\"inLanguage\":\"fr-FR\",\"@id\":\"https:\/\/b2b.calibereurope.com\/fr\/produit\/hbt-br30-fr_fr\/#primaryimage\",\"url\":\"https:\/\/b2b.calibereurope.com\/wp-content\/uploads\/2025\/01\/bf1a20bcc5340d4de60a0c4963ef28938878ee6c_HBT_BR30_verpakking.jpg\",\"contentUrl\":\"https:\/\/b2b.calibereurope.com\/wp-content\/uploads\/2025\/01\/bf1a20bcc5340d4de60a0c4963ef28938878ee6c_HBT_BR30_verpakking.jpg\",\"width\":1024,\"height\":768},{\"@type\":\"BreadcrumbList\",\"@id\":\"https:\/\/b2b.calibereurope.com\/fr\/produit\/hbt-br30-fr_fr\/#breadcrumb\",\"itemListElement\":[{\"@type\":\"ListItem\",\"position\":1,\"name\":\"Home\",\"item\":\"https:\/\/b2b.calibereurope.com\/fr\/home\/\"},{\"@type\":\"ListItem\",\"position\":2,\"name\":\"Boutique\",\"item\":\"https:\/\/b2b.calibereurope.com\/fr\/boutique\/\"},{\"@type\":\"ListItem\",\"position\":3,\"name\":\"Lampe intelligente &#8211; couleurs RGB et blanc Bluetooth Mesh (HBT-BR30)\"}]},{\"@type\":\"WebSite\",\"@id\":\"https:\/\/b2b.calibereurope.com\/#website\",\"url\":\"https:\/\/b2b.calibereurope.com\/\",\"name\":\"Caliber Europe B.V.\",\"description\":\"B2B Webshop\",\"publisher\":{\"@id\":\"https:\/\/b2b.calibereurope.com\/#organization\"},\"potentialAction\":[{\"@type\":\"SearchAction\",\"target\":{\"@type\":\"EntryPoint\",\"urlTemplate\":\"https:\/\/b2b.calibereurope.com\/?s={search_term_string}\"},\"query-input\":{\"@type\":\"PropertyValueSpecification\",\"valueRequired\":true,\"valueName\":\"search_term_string\"}}],\"inLanguage\":\"fr-FR\"},{\"@type\":\"Organization\",\"@id\":\"https:\/\/b2b.calibereurope.com\/#organization\",\"name\":\"Caliber Europe B.V.\",\"url\":\"https:\/\/b2b.calibereurope.com\/\",\"logo\":{\"@type\":\"ImageObject\",\"inLanguage\":\"fr-FR\",\"@id\":\"https:\/\/b2b.calibereurope.com\/#\/schema\/logo\/image\/\",\"url\":\"https:\/\/b2b.calibereurope.com\/wp-content\/uploads\/2020\/12\/Caliber_Logo-Black.png\",\"contentUrl\":\"https:\/\/b2b.calibereurope.com\/wp-content\/uploads\/2020\/12\/Caliber_Logo-Black.png\",\"width\":3157,\"height\":356,\"caption\":\"Caliber Europe B.V.\"},\"image\":{\"@id\":\"https:\/\/b2b.calibereurope.com\/#\/schema\/logo\/image\/\"}}]}<\/script>\n<!-- \/ Yoast SEO plugin. -->","yoast_head_json":{"title":"Ampoule Connect\u00e9e E27 \u00e0 Graduation avec LED RGB - Ampoule LED Connect\u00e9e E27 - 850 Lumen - 8 Watts - Contr\u00f4le via App (HBT-BR30) - Caliber Europe B.V.","robots":{"index":"noindex","follow":"follow","max-snippet":"max-snippet:-1","max-image-preview":"max-image-preview:large","max-video-preview":"max-video-preview:-1"},"og_locale":"fr_FR","og_type":"article","og_title":"Ampoule Connect\u00e9e E27 \u00e0 Graduation avec LED RGB - Ampoule LED Connect\u00e9e E27 - 850 Lumen - 8 Watts - Contr\u00f4le via App (HBT-BR30) - Caliber Europe B.V.","og_description":"Avec l\u2019ampoule connect\u00e9e Caliber HBT-BR30, vous pouvez cr\u00e9er l&#39;atmosph\u00e8re que vous souhaitez . L&#39;ampoule LED E27 illumine votre pi\u00e8ce avec une lumi\u00e8re blanche brillante, mais vous pouvez \u00e9galement utiliser l&#39;ampoule RGB ook pour cr\u00e9er une atmosph\u00e8re chaleureuse dans votre maison en r\u00e9glant une lumi\u00e8re blanche chaude ou la couleur de votre choix . Cette ampoule [&hellip;]","og_url":"https:\/\/b2b.calibereurope.com\/fr\/produit\/hbt-br30-fr_fr\/","og_site_name":"Caliber Europe B.V.","article_modified_time":"2025-01-15T07:58:04+00:00","og_image":[{"width":1024,"height":768,"url":"https:\/\/b2b.calibereurope.com\/wp-content\/uploads\/2021\/11\/bf1a20bcc5340d4de60a0c4963ef28938878ee6c_HBT_BR30_verpakking.jpg","type":"image\/jpeg"}],"twitter_card":"summary_large_image","twitter_misc":{"Dur\u00e9e de lecture estim\u00e9e":"2 minutes"},"schema":{"@context":"https:\/\/schema.org","@graph":[{"@type":"WebPage","@id":"https:\/\/b2b.calibereurope.com\/fr\/produit\/hbt-br30-fr_fr\/","url":"https:\/\/b2b.calibereurope.com\/fr\/produit\/hbt-br30-fr_fr\/","name":"Ampoule Connect\u00e9e E27 \u00e0 Graduation avec LED RGB - Ampoule LED Connect\u00e9e E27 - 850 Lumen - 8 Watts - Contr\u00f4le via App (HBT-BR30) - Caliber Europe B.V.","isPartOf":{"@id":"https:\/\/b2b.calibereurope.com\/#website"},"primaryImageOfPage":{"@id":"https:\/\/b2b.calibereurope.com\/fr\/produit\/hbt-br30-fr_fr\/#primaryimage"},"image":{"@id":"https:\/\/b2b.calibereurope.com\/fr\/produit\/hbt-br30-fr_fr\/#primaryimage"},"thumbnailUrl":"https:\/\/b2b.calibereurope.com\/wp-content\/uploads\/2025\/01\/bf1a20bcc5340d4de60a0c4963ef28938878ee6c_HBT_BR30_verpakking.jpg","datePublished":"2025-01-15T00:00:00+00:00","dateModified":"2025-01-15T07:58:04+00:00","breadcrumb":{"@id":"https:\/\/b2b.calibereurope.com\/fr\/produit\/hbt-br30-fr_fr\/#breadcrumb"},"inLanguage":"fr-FR","potentialAction":[{"@type":"ReadAction","target":["https:\/\/b2b.calibereurope.com\/fr\/produit\/hbt-br30-fr_fr\/"]}]},{"@type":"ImageObject","inLanguage":"fr-FR","@id":"https:\/\/b2b.calibereurope.com\/fr\/produit\/hbt-br30-fr_fr\/#primaryimage","url":"https:\/\/b2b.calibereurope.com\/wp-content\/uploads\/2025\/01\/bf1a20bcc5340d4de60a0c4963ef28938878ee6c_HBT_BR30_verpakking.jpg","contentUrl":"https:\/\/b2b.calibereurope.com\/wp-content\/uploads\/2025\/01\/bf1a20bcc5340d4de60a0c4963ef28938878ee6c_HBT_BR30_verpakking.jpg","width":1024,"height":768},{"@type":"BreadcrumbList","@id":"https:\/\/b2b.calibereurope.com\/fr\/produit\/hbt-br30-fr_fr\/#breadcrumb","itemListElement":[{"@type":"ListItem","position":1,"name":"Home","item":"https:\/\/b2b.calibereurope.com\/fr\/home\/"},{"@type":"ListItem","position":2,"name":"Boutique","item":"https:\/\/b2b.calibereurope.com\/fr\/boutique\/"},{"@type":"ListItem","position":3,"name":"Lampe intelligente &#8211; couleurs RGB et blanc Bluetooth Mesh (HBT-BR30)"}]},{"@type":"WebSite","@id":"https:\/\/b2b.calibereurope.com\/#website","url":"https:\/\/b2b.calibereurope.com\/","name":"Caliber Europe B.V.","description":"B2B Webshop","publisher":{"@id":"https:\/\/b2b.calibereurope.com\/#organization"},"potentialAction":[{"@type":"SearchAction","target":{"@type":"EntryPoint","urlTemplate":"https:\/\/b2b.calibereurope.com\/?s={search_term_string}"},"query-input":{"@type":"PropertyValueSpecification","valueRequired":true,"valueName":"search_term_string"}}],"inLanguage":"fr-FR"},{"@type":"Organization","@id":"https:\/\/b2b.calibereurope.com\/#organization","name":"Caliber Europe B.V.","url":"https:\/\/b2b.calibereurope.com\/","logo":{"@type":"ImageObject","inLanguage":"fr-FR","@id":"https:\/\/b2b.calibereurope.com\/#\/schema\/logo\/image\/","url":"https:\/\/b2b.calibereurope.com\/wp-content\/uploads\/2020\/12\/Caliber_Logo-Black.png","contentUrl":"https:\/\/b2b.calibereurope.com\/wp-content\/uploads\/2020\/12\/Caliber_Logo-Black.png","width":3157,"height":356,"caption":"Caliber Europe B.V."},"image":{"@id":"https:\/\/b2b.calibereurope.com\/#\/schema\/logo\/image\/"}}]}},"_links":{"self":[{"href":"https:\/\/b2b.calibereurope.com\/fr\/wp-json\/wp\/v2\/product\/519832","targetHints":{"allow":["GET"]}}],"collection":[{"href":"https:\/\/b2b.calibereurope.com\/fr\/wp-json\/wp\/v2\/product"}],"about":[{"href":"https:\/\/b2b.calibereurope.com\/fr\/wp-json\/wp\/v2\/types\/product"}],"version-history":[{"count":0,"href":"https:\/\/b2b.calibereurope.com\/fr\/wp-json\/wp\/v2\/product\/519832\/revisions"}],"wp:featuredmedia":[{"embeddable":true,"href":"https:\/\/b2b.calibereurope.com\/fr\/wp-json\/wp\/v2\/media\/855597"}],"wp:attachment":[{"href":"https:\/\/b2b.calibereurope.com\/fr\/wp-json\/wp\/v2\/media?parent=519832"}],"wp:term":[{"taxonomy":"product_brand","embeddable":true,"href":"https:\/\/b2b.calibereurope.com\/fr\/wp-json\/wp\/v2\/product_brand?post=519832"},{"taxonomy":"product_cat","embeddable":true,"href":"https:\/\/b2b.calibereurope.com\/fr\/wp-json\/wp\/v2\/product_cat?post=519832"},{"taxonomy":"product_tag","embeddable":true,"href":"https:\/\/b2b.calibereurope.com\/fr\/wp-json\/wp\/v2\/product_tag?post=519832"}],"curies":[{"name":"wp","href":"https:\/\/api.w.org\/{rel}","templated":true}]}}