{"id":519996,"date":"2025-12-04T01:00:00","date_gmt":"2025-12-04T00:00:00","guid":{"rendered":"0"},"modified":"2026-03-12T11:23:00","modified_gmt":"2026-03-12T10:23:00","slug":"PMR206BT-fr_FR","status":"publish","type":"product","link":"https:\/\/b2b.calibereurope.com\/fr\/produit\/PMR206BT-fr_FR\/","title":{"rendered":"R\u00e9cepteur Bluetooth &#8211; \u00c9metteur et R\u00e9cepteur &#8211; Autonomie de 8 Heures &#8211; Port\u00e9e de 10 M\u00e8tres &#8211; \u00c9metteur 2 en 1 (PMR206BT)"},"content":{"rendered":"<p> Utilisez le r\u00e9cepteur Bluetooth Caliber PMR206BT pour <strong> recevoir ou envoyer du son sans fil <\/strong>. L\u2019\u00e9metteur Bluetooth a une <strong> port\u00e9e de 10 m\u00e8tres <\/strong>. Vous pouvez d\u00e8s lors continuer \u00e0 profiter d&#39;un bon son m\u00eame \u00e0 distance. L\u2019\u00e9metteur Bluetooth est pratique, par exemple, lorsque vous voulez connecter vos propres \u00e9couteurs (sans fil) \u00e0 l&#39;autre appareil dans un avion ou ailleurs. Pour ce faire, vous devez connecter les c\u00e2bles \u00e0 la connexion <strong> jack 3,5 millim\u00e8tres <\/strong>. L&#39;\u00e9metteur et le r\u00e9cepteur Bluetooth <strong> communiquent avec presque tous les types d&#39;appareils et de marques.<\/strong><\/p>\n<p><strong><br \/><\/strong> <\/p>\n<p> <strong> Caract\u00e9ristiques : <\/strong> <\/p>\n<ul>\n<li> \u00c9metteur et r\u00e9cepteur Bluetooth <\/li>\n<li> Communique avec presque toutes les marques <\/li>\n<li> Port\u00e9e Bluetooth de 10 m\u00e8tres <\/li>\n<li>Autonomie de la batterie : 8 heures<\/li>\n<li> Bluetooth 2.1 <\/li>\n<li> Prise jack 3,5 millim\u00e8tres <\/li>\n<\/ul>\n<h3> Le r\u00e9cepteur Bluetooth se connecte \u00e0 n&#39;importe quel appareil <\/h3>\n<p> En utilisant le r\u00e9cepteur Bluetooth, vous transformez n&#39;importe quel appareil en dispositif de streaming Bluetooth. Le r\u00e9cepteur se connecte \u00e0 tout type de technologie, y compris, par exemple, les Airpods d&#39;Apple ou les Earbuds de Samsung. En connectant l&#39;\u00e9metteur Bluetooth avec, par exemple, le c\u00e2ble mini-jack \u00e0 mini-jack fourni \u00e0 un appareil de votre choix, vous assurez une connexion stable. Apr\u00e8s cela, il vous suffit de connecter votre casque ou vos \u00e9couteurs sans fil \u00e0 l&#39;\u00e9metteur Bluetooth et vous pouvez profiter de votre musique pr\u00e9f\u00e9r\u00e9e !   <\/p>\n<h3> \u00c9metteur et r\u00e9cepteur Bluetooth <\/h3>\n<p> Le boitier Bluetooth est \u00e0 la fois un \u00e9metteur et un r\u00e9cepteur. Cela signifie que vous pouvez utiliser le boitier Bluetooth de deux fa\u00e7ons. Vous pouvez connecter l&#39;\u00e9metteur \u00e0 votre t\u00e9l\u00e9phone pour diffuser votre musique comme vous le pr\u00e9f\u00e9rez sur, par exemple, une vieille enceinte. Dans ce cas, vous connectez les c\u00e2bles correspondants \u00e0 l\u2019enceinte. Vous pouvez \u00e9galement choisir de connecter le r\u00e9cepteur \u00e0 vos \u00e9couteurs sans fil. <\/p>\n<h3> Le r\u00e9cepteur Bluetooth est livr\u00e9 avec tous les \u00e9l\u00e9ments n\u00e9cessaires <\/h3>\n<p> L&#39;\u00e9metteur Bluetooth est fourni avec tous les c\u00e2bles n\u00e9cessaires. Cela signifie que vous pouvez utiliser l&#39;\u00e9metteur avec tous les types d&#39;appareils, m\u00eame sur des appareils plus anciens comme un tourne-disque ou un vieux t\u00e9l\u00e9viseur. L&#39;\u00e9metteur dispose d&#39;une batterie d&#39;une autonomie de 8 heures. La technologie Bluetooth a une port\u00e9e de 10 m\u00e8tres.<\/p>\n<p><\/p>\n<\/p>\n<p> <strong> Inclus :<\/strong> <\/p>\n<ul>\n<li> R\u00e9cepteur Bluetooth Caliber PMR206BT <\/li>\n<li> C\u00e2ble de charge USB <\/li>\n<li> Convertisseur RCA vers mini jack <\/li>\n<li> C\u00e2ble mini jack vers mini jack <\/li>\n<li> Manuel d&#39;utilisation <\/li>\n<\/ul>\n","protected":false},"excerpt":{"rendered":"<ul>\n<li>\u00c9metteur et r\u00e9cepteur Bluetooth<\/li>\n<li>Communique avec presque toutes les marques<\/li>\n<li>Port\u00e9e Bluetooth de 10 m\u00e8tres<\/li>\n<li>Autonomie de la batterie : 8 heures<\/li>\n<li>Bluetooth 2.1<\/li>\n<li>Prise jack 3,5 millim\u00e8tres<\/li>\n<\/ul>\n","protected":false},"featured_media":870230,"template":"","meta":{"_acf_changed":false,"site-sidebar-layout":"default","site-content-layout":"","ast-site-content-layout":"default","site-content-style":"default","site-sidebar-style":"default","ast-global-header-display":"","ast-banner-title-visibility":"","ast-main-header-display":"","ast-hfb-above-header-display":"","ast-hfb-below-header-display":"","ast-hfb-mobile-header-display":"","site-post-title":"","ast-breadcrumbs-content":"","ast-featured-img":"","footer-sml-layout":"","theme-transparent-header-meta":"","adv-header-id-meta":"","stick-header-meta":"","header-above-stick-meta":"","header-main-stick-meta":"","header-below-stick-meta":"","astra-migrate-meta-layouts":"default","ast-page-background-enabled":"default","ast-page-background-meta":{"desktop":{"background-color":"","background-image":"","background-repeat":"repeat","background-position":"center center","background-size":"auto","background-attachment":"scroll","background-type":"","background-media":"","overlay-type":"","overlay-color":"","overlay-opacity":"","overlay-gradient":""},"tablet":{"background-color":"","background-image":"","background-repeat":"repeat","background-position":"center center","background-size":"auto","background-attachment":"scroll","background-type":"","background-media":"","overlay-type":"","overlay-color":"","overlay-opacity":"","overlay-gradient":""},"mobile":{"background-color":"","background-image":"","background-repeat":"repeat","background-position":"center center","background-size":"auto","background-attachment":"scroll","background-type":"","background-media":"","overlay-type":"","overlay-color":"","overlay-opacity":"","overlay-gradient":""}},"ast-content-background-meta":{"desktop":{"background-color":"var(--ast-global-color-5)","background-image":"","background-repeat":"repeat","background-position":"center center","background-size":"auto","background-attachment":"scroll","background-type":"","background-media":"","overlay-type":"","overlay-color":"","overlay-opacity":"","overlay-gradient":""},"tablet":{"background-color":"var(--ast-global-color-5)","background-image":"","background-repeat":"repeat","background-position":"center center","background-size":"auto","background-attachment":"scroll","background-type":"","background-media":"","overlay-type":"","overlay-color":"","overlay-opacity":"","overlay-gradient":""},"mobile":{"background-color":"var(--ast-global-color-5)","background-image":"","background-repeat":"repeat","background-position":"center center","background-size":"auto","background-attachment":"scroll","background-type":"","background-media":"","overlay-type":"","overlay-color":"","overlay-opacity":"","overlay-gradient":""}}},"product_brand":[],"product_cat":[22955],"product_tag":[],"class_list":{"0":"post-519996","1":"product","2":"type-product","3":"status-publish","4":"has-post-thumbnail","6":"product_cat-pas-de-categorie","7":"desktop-align-center","8":"tablet-align-center","9":"mobile-align-center","10":"ast-product-gallery-layout-horizontal","11":"ast-product-tabs-layout-horizontal","13":"first","14":"instock","15":"taxable","16":"shipping-taxable","17":"purchasable","18":"product-type-simple"},"acf":[],"yoast_head":"<!-- This site is optimized with the Yoast SEO plugin v26.5 - https:\/\/yoast.com\/wordpress\/plugins\/seo\/ -->\n<title>R\u00e9cepteur Bluetooth - \u00c9metteur et R\u00e9cepteur - Autonomie de 8 Heures - Port\u00e9e de 10 M\u00e8tres - \u00c9metteur 2 en 1 (PMR206BT) - Caliber Europe B.V.<\/title>\n<meta name=\"robots\" content=\"noindex, follow, max-snippet:-1, max-image-preview:large, max-video-preview:-1\" \/>\n<meta property=\"og:locale\" content=\"fr_FR\" \/>\n<meta property=\"og:type\" content=\"article\" \/>\n<meta property=\"og:title\" content=\"R\u00e9cepteur Bluetooth - \u00c9metteur et R\u00e9cepteur - Autonomie de 8 Heures - Port\u00e9e de 10 M\u00e8tres - \u00c9metteur 2 en 1 (PMR206BT) - Caliber Europe B.V.\" \/>\n<meta property=\"og:description\" content=\"\u00c9metteur et r\u00e9cepteur BluetoothCommunique avec presque toutes les marquesPort\u00e9e Bluetooth de 10 m\u00e8tresAutonomie de la batterie : 8 heuresBluetooth 2.1Prise jack 3,5 millim\u00e8tres\" \/>\n<meta property=\"og:url\" content=\"https:\/\/b2b.calibereurope.com\/fr\/produit\/pmr206bt-fr_fr\/\" \/>\n<meta property=\"og:site_name\" content=\"Caliber Europe B.V.\" \/>\n<meta property=\"article:modified_time\" content=\"2026-03-12T10:23:00+00:00\" \/>\n<meta property=\"og:image\" content=\"https:\/\/b2b.calibereurope.com\/wp-content\/uploads\/2021\/09\/eb317a05b1c394276be5860b4b6cbc1f51de8b4c_PMR206BT_view2_web.jpg\" \/>\n\t<meta property=\"og:image:width\" content=\"1024\" \/>\n\t<meta property=\"og:image:height\" content=\"768\" \/>\n\t<meta property=\"og:image:type\" content=\"image\/jpeg\" \/>\n<meta name=\"twitter:card\" content=\"summary_large_image\" \/>\n<meta name=\"twitter:label1\" content=\"Dur\u00e9e de lecture estim\u00e9e\" \/>\n\t<meta name=\"twitter:data1\" content=\"2 minutes\" \/>\n<script type=\"application\/ld+json\" class=\"yoast-schema-graph\">{\"@context\":\"https:\/\/schema.org\",\"@graph\":[{\"@type\":\"WebPage\",\"@id\":\"https:\/\/b2b.calibereurope.com\/fr\/produit\/pmr206bt-fr_fr\/\",\"url\":\"https:\/\/b2b.calibereurope.com\/fr\/produit\/pmr206bt-fr_fr\/\",\"name\":\"R\u00e9cepteur Bluetooth - \u00c9metteur et R\u00e9cepteur - Autonomie de 8 Heures - Port\u00e9e de 10 M\u00e8tres - \u00c9metteur 2 en 1 (PMR206BT) - Caliber Europe B.V.\",\"isPartOf\":{\"@id\":\"https:\/\/b2b.calibereurope.com\/#website\"},\"primaryImageOfPage\":{\"@id\":\"https:\/\/b2b.calibereurope.com\/fr\/produit\/pmr206bt-fr_fr\/#primaryimage\"},\"image\":{\"@id\":\"https:\/\/b2b.calibereurope.com\/fr\/produit\/pmr206bt-fr_fr\/#primaryimage\"},\"thumbnailUrl\":\"https:\/\/b2b.calibereurope.com\/wp-content\/uploads\/2025\/12\/a9b8871c85e653d6283de8483daaf506f343ed8f_PMR206BT_topview-4.jpg\",\"datePublished\":\"2025-12-04T00:00:00+00:00\",\"dateModified\":\"2026-03-12T10:23:00+00:00\",\"breadcrumb\":{\"@id\":\"https:\/\/b2b.calibereurope.com\/fr\/produit\/pmr206bt-fr_fr\/#breadcrumb\"},\"inLanguage\":\"fr-FR\",\"potentialAction\":[{\"@type\":\"ReadAction\",\"target\":[\"https:\/\/b2b.calibereurope.com\/fr\/produit\/pmr206bt-fr_fr\/\"]}]},{\"@type\":\"ImageObject\",\"inLanguage\":\"fr-FR\",\"@id\":\"https:\/\/b2b.calibereurope.com\/fr\/produit\/pmr206bt-fr_fr\/#primaryimage\",\"url\":\"https:\/\/b2b.calibereurope.com\/wp-content\/uploads\/2025\/12\/a9b8871c85e653d6283de8483daaf506f343ed8f_PMR206BT_topview-4.jpg\",\"contentUrl\":\"https:\/\/b2b.calibereurope.com\/wp-content\/uploads\/2025\/12\/a9b8871c85e653d6283de8483daaf506f343ed8f_PMR206BT_topview-4.jpg\",\"width\":1024,\"height\":768},{\"@type\":\"BreadcrumbList\",\"@id\":\"https:\/\/b2b.calibereurope.com\/fr\/produit\/pmr206bt-fr_fr\/#breadcrumb\",\"itemListElement\":[{\"@type\":\"ListItem\",\"position\":1,\"name\":\"Home\",\"item\":\"https:\/\/b2b.calibereurope.com\/fr\/home\/\"},{\"@type\":\"ListItem\",\"position\":2,\"name\":\"Boutique\",\"item\":\"https:\/\/b2b.calibereurope.com\/fr\/boutique\/\"},{\"@type\":\"ListItem\",\"position\":3,\"name\":\"R\u00e9cepteur et \u00e9metteur Bluetooth (PMR206BT)\"}]},{\"@type\":\"WebSite\",\"@id\":\"https:\/\/b2b.calibereurope.com\/#website\",\"url\":\"https:\/\/b2b.calibereurope.com\/\",\"name\":\"Caliber Europe B.V.\",\"description\":\"B2B Webshop\",\"publisher\":{\"@id\":\"https:\/\/b2b.calibereurope.com\/#organization\"},\"potentialAction\":[{\"@type\":\"SearchAction\",\"target\":{\"@type\":\"EntryPoint\",\"urlTemplate\":\"https:\/\/b2b.calibereurope.com\/?s={search_term_string}\"},\"query-input\":{\"@type\":\"PropertyValueSpecification\",\"valueRequired\":true,\"valueName\":\"search_term_string\"}}],\"inLanguage\":\"fr-FR\"},{\"@type\":\"Organization\",\"@id\":\"https:\/\/b2b.calibereurope.com\/#organization\",\"name\":\"Caliber Europe B.V.\",\"url\":\"https:\/\/b2b.calibereurope.com\/\",\"logo\":{\"@type\":\"ImageObject\",\"inLanguage\":\"fr-FR\",\"@id\":\"https:\/\/b2b.calibereurope.com\/#\/schema\/logo\/image\/\",\"url\":\"https:\/\/b2b.calibereurope.com\/wp-content\/uploads\/2020\/12\/Caliber_Logo-Black.png\",\"contentUrl\":\"https:\/\/b2b.calibereurope.com\/wp-content\/uploads\/2020\/12\/Caliber_Logo-Black.png\",\"width\":3157,\"height\":356,\"caption\":\"Caliber Europe B.V.\"},\"image\":{\"@id\":\"https:\/\/b2b.calibereurope.com\/#\/schema\/logo\/image\/\"}}]}<\/script>\n<!-- \/ Yoast SEO plugin. -->","yoast_head_json":{"title":"R\u00e9cepteur Bluetooth - \u00c9metteur et R\u00e9cepteur - Autonomie de 8 Heures - Port\u00e9e de 10 M\u00e8tres - \u00c9metteur 2 en 1 (PMR206BT) - Caliber Europe B.V.","robots":{"index":"noindex","follow":"follow","max-snippet":"max-snippet:-1","max-image-preview":"max-image-preview:large","max-video-preview":"max-video-preview:-1"},"og_locale":"fr_FR","og_type":"article","og_title":"R\u00e9cepteur Bluetooth - \u00c9metteur et R\u00e9cepteur - Autonomie de 8 Heures - Port\u00e9e de 10 M\u00e8tres - \u00c9metteur 2 en 1 (PMR206BT) - Caliber Europe B.V.","og_description":"\u00c9metteur et r\u00e9cepteur BluetoothCommunique avec presque toutes les marquesPort\u00e9e Bluetooth de 10 m\u00e8tresAutonomie de la batterie : 8 heuresBluetooth 2.1Prise jack 3,5 millim\u00e8tres","og_url":"https:\/\/b2b.calibereurope.com\/fr\/produit\/pmr206bt-fr_fr\/","og_site_name":"Caliber Europe B.V.","article_modified_time":"2026-03-12T10:23:00+00:00","og_image":[{"width":1024,"height":768,"url":"https:\/\/b2b.calibereurope.com\/wp-content\/uploads\/2021\/09\/eb317a05b1c394276be5860b4b6cbc1f51de8b4c_PMR206BT_view2_web.jpg","type":"image\/jpeg"}],"twitter_card":"summary_large_image","twitter_misc":{"Dur\u00e9e de lecture estim\u00e9e":"2 minutes"},"schema":{"@context":"https:\/\/schema.org","@graph":[{"@type":"WebPage","@id":"https:\/\/b2b.calibereurope.com\/fr\/produit\/pmr206bt-fr_fr\/","url":"https:\/\/b2b.calibereurope.com\/fr\/produit\/pmr206bt-fr_fr\/","name":"R\u00e9cepteur Bluetooth - \u00c9metteur et R\u00e9cepteur - Autonomie de 8 Heures - Port\u00e9e de 10 M\u00e8tres - \u00c9metteur 2 en 1 (PMR206BT) - Caliber Europe B.V.","isPartOf":{"@id":"https:\/\/b2b.calibereurope.com\/#website"},"primaryImageOfPage":{"@id":"https:\/\/b2b.calibereurope.com\/fr\/produit\/pmr206bt-fr_fr\/#primaryimage"},"image":{"@id":"https:\/\/b2b.calibereurope.com\/fr\/produit\/pmr206bt-fr_fr\/#primaryimage"},"thumbnailUrl":"https:\/\/b2b.calibereurope.com\/wp-content\/uploads\/2025\/12\/a9b8871c85e653d6283de8483daaf506f343ed8f_PMR206BT_topview-4.jpg","datePublished":"2025-12-04T00:00:00+00:00","dateModified":"2026-03-12T10:23:00+00:00","breadcrumb":{"@id":"https:\/\/b2b.calibereurope.com\/fr\/produit\/pmr206bt-fr_fr\/#breadcrumb"},"inLanguage":"fr-FR","potentialAction":[{"@type":"ReadAction","target":["https:\/\/b2b.calibereurope.com\/fr\/produit\/pmr206bt-fr_fr\/"]}]},{"@type":"ImageObject","inLanguage":"fr-FR","@id":"https:\/\/b2b.calibereurope.com\/fr\/produit\/pmr206bt-fr_fr\/#primaryimage","url":"https:\/\/b2b.calibereurope.com\/wp-content\/uploads\/2025\/12\/a9b8871c85e653d6283de8483daaf506f343ed8f_PMR206BT_topview-4.jpg","contentUrl":"https:\/\/b2b.calibereurope.com\/wp-content\/uploads\/2025\/12\/a9b8871c85e653d6283de8483daaf506f343ed8f_PMR206BT_topview-4.jpg","width":1024,"height":768},{"@type":"BreadcrumbList","@id":"https:\/\/b2b.calibereurope.com\/fr\/produit\/pmr206bt-fr_fr\/#breadcrumb","itemListElement":[{"@type":"ListItem","position":1,"name":"Home","item":"https:\/\/b2b.calibereurope.com\/fr\/home\/"},{"@type":"ListItem","position":2,"name":"Boutique","item":"https:\/\/b2b.calibereurope.com\/fr\/boutique\/"},{"@type":"ListItem","position":3,"name":"R\u00e9cepteur et \u00e9metteur Bluetooth (PMR206BT)"}]},{"@type":"WebSite","@id":"https:\/\/b2b.calibereurope.com\/#website","url":"https:\/\/b2b.calibereurope.com\/","name":"Caliber Europe B.V.","description":"B2B Webshop","publisher":{"@id":"https:\/\/b2b.calibereurope.com\/#organization"},"potentialAction":[{"@type":"SearchAction","target":{"@type":"EntryPoint","urlTemplate":"https:\/\/b2b.calibereurope.com\/?s={search_term_string}"},"query-input":{"@type":"PropertyValueSpecification","valueRequired":true,"valueName":"search_term_string"}}],"inLanguage":"fr-FR"},{"@type":"Organization","@id":"https:\/\/b2b.calibereurope.com\/#organization","name":"Caliber Europe B.V.","url":"https:\/\/b2b.calibereurope.com\/","logo":{"@type":"ImageObject","inLanguage":"fr-FR","@id":"https:\/\/b2b.calibereurope.com\/#\/schema\/logo\/image\/","url":"https:\/\/b2b.calibereurope.com\/wp-content\/uploads\/2020\/12\/Caliber_Logo-Black.png","contentUrl":"https:\/\/b2b.calibereurope.com\/wp-content\/uploads\/2020\/12\/Caliber_Logo-Black.png","width":3157,"height":356,"caption":"Caliber Europe B.V."},"image":{"@id":"https:\/\/b2b.calibereurope.com\/#\/schema\/logo\/image\/"}}]}},"_links":{"self":[{"href":"https:\/\/b2b.calibereurope.com\/fr\/wp-json\/wp\/v2\/product\/519996","targetHints":{"allow":["GET"]}}],"collection":[{"href":"https:\/\/b2b.calibereurope.com\/fr\/wp-json\/wp\/v2\/product"}],"about":[{"href":"https:\/\/b2b.calibereurope.com\/fr\/wp-json\/wp\/v2\/types\/product"}],"version-history":[{"count":0,"href":"https:\/\/b2b.calibereurope.com\/fr\/wp-json\/wp\/v2\/product\/519996\/revisions"}],"wp:featuredmedia":[{"embeddable":true,"href":"https:\/\/b2b.calibereurope.com\/fr\/wp-json\/wp\/v2\/media\/870230"}],"wp:attachment":[{"href":"https:\/\/b2b.calibereurope.com\/fr\/wp-json\/wp\/v2\/media?parent=519996"}],"wp:term":[{"taxonomy":"product_brand","embeddable":true,"href":"https:\/\/b2b.calibereurope.com\/fr\/wp-json\/wp\/v2\/product_brand?post=519996"},{"taxonomy":"product_cat","embeddable":true,"href":"https:\/\/b2b.calibereurope.com\/fr\/wp-json\/wp\/v2\/product_cat?post=519996"},{"taxonomy":"product_tag","embeddable":true,"href":"https:\/\/b2b.calibereurope.com\/fr\/wp-json\/wp\/v2\/product_tag?post=519996"}],"curies":[{"name":"wp","href":"https:\/\/api.w.org\/{rel}","templated":true}]}}