{"id":520080,"date":"2025-01-15T01:00:00","date_gmt":"2025-01-15T00:00:00","guid":{"rendered":""},"modified":"2025-01-15T08:58:15","modified_gmt":"2025-01-15T07:58:15","slug":"hbt-gu10-fr_fr","status":"publish","type":"product","link":"https:\/\/b2b.calibereurope.com\/fr\/produit\/hbt-gu10-fr_fr\/","title":{"rendered":"Spot Connect\u00e9 GU10 \u00e0 Graduation avec LED RGB \u2013 Spot LED Connect\u00e9 &#8211; 300 Lumen &#8211; 5 Watt &#8211; Contr\u00f4l\u00e9e par une Application (HBT-GU10)"},"content":{"rendered":"<p> Le spot Caliber HBT GU10 LED est un spot connect\u00e9 avec un<strong> culot GU10<\/strong>. . Avec ce spot RGB, vous pouvez \u00e9clairer une pi\u00e8ce d&#39;un blanc \u00e9clatant, choisir une ambiance cosy avec une lumi\u00e8re blanche chaude ou organiser une f\u00eate avec une lumi\u00e8re de la <strong> couleur de votre choix <\/strong>. Le spot connect\u00e9 fournit une.  <strong> lumi\u00e8re blanche avec une temp\u00e9rature de couleur de 2700K (blanc chaud) \u00e0 6500K (blanc froid)<\/strong>. Le spot LED GU10 de <strong>5 watt<\/strong> a une luminosit\u00e9 de <strong>300 lumen<\/strong>.<strong> <\/strong> Vous contr\u00f4lez le spot via la passerelle Caliber HBT-Gateway disponible s\u00e9par\u00e9ment et l&#39;application gratuite <strong> Caliber Smart Home<\/strong>, qui assure la connectivit\u00e9 du spot connect\u00e9 via <strong> le WiFi et le Bluetooth <\/strong>. <\/p>\n<p> <strong> Caract\u00e9ristiques :<\/strong> <\/p>\n<ul>\n<li> Spot LED RGB\n<li> Culot GU10\n<li> Temp\u00e9rature de la lumi\u00e8re r\u00e9glable (2700K &#8211; 6500K)\n<li>5 watts et 300 lumens\n<li> Graduable\n<li> Contr\u00f4lable via l&#39;application Caliber Smart Home\n<li> Fonctionnalit\u00e9s WiFi et Bluetooth <\/li>\n<\/ul>\n<p> <strong> Remarque : <\/strong> le contr\u00f4le s&#39;effectue via la passerelle Caliber HBT-Gateway disponible s\u00e9par\u00e9ment <\/p>\n<h3> Colorez votre maison avec le spot connect\u00e9<\/h3>\n<p> Avec le spot LED GU10, vous pouvez obtenir l&#39;atmosph\u00e8re que vous souhaitez dans votre maison. Vous pouvez r\u00e9gler vous-m\u00eame la couleur et la temp\u00e9rature de la lumi\u00e8re du spot RVB, de sorte que la pi\u00e8ce soit \u00e9clair\u00e9e par une lumi\u00e8re blanche vive, une lumi\u00e8re blanche chaude ou la couleur de votre choix. Le spot connect\u00e9 est r\u00e9glable en intensit\u00e9 pour profiter d&#39;un \u00e9clairage d&#39;ambiance la nuit \u00e9galement. <\/p>\n<h3> Le spot connect\u00e9 dispose de plusieurs fonctions pratiques <\/h3>\n<p> Avec une passerelle Caliber, vous pouvez facilement contr\u00f4ler la lumi\u00e8re connect\u00e9e via l&#39;application gratuite Caliber Smart Home. Dans l&#39;application, vous trouverez de nombreuses fonctions pratiques, vous permettant par exemple d&#39;allumer et d&#39;\u00e9teindre le spot connect\u00e9 \u00e0 distance. Gr\u00e2ce \u00e0 la fonction de commande vocale, vous n&#39;avez plus besoin de vous lever du canap\u00e9 lorsque vous souhaitez modifier l&#39;\u00e9clairage. Avec votre voix, vous allumez ou \u00e9teignez facilement les lumi\u00e8res. En outre, vous pouvez m\u00eame r\u00e9gler les couleurs pour qu&#39;elles changent au rythme de la musique diffus\u00e9e. <\/p>\n<h3> Combinez les spots connect\u00e9s \u00e0 l&#39;infini <\/h3>\n<p> Vous avez d\u00e9j\u00e0 plusieurs spots connect\u00e9s Caliber dans votre maison ? Vous pouvez alors coupler ce spot avec les autres lumi\u00e8res de la maison connect\u00e9e et tout contr\u00f4ler de mani\u00e8re centralis\u00e9e via l&#39;application. Le spot LED GU10 peut \u00e9galement \u00eatre utilis\u00e9 s\u00e9par\u00e9ment avec une passerelle Caliber, ce qui vous permet de toujours contr\u00f4ler le spot o\u00f9 que vous soyez. <\/p>\n<p> <strong>Inclus :<\/strong> <\/p>\n<p> 1 x HBT-GU10 <\/p>\n","protected":false},"excerpt":{"rendered":"<p>Le spot Caliber HBT GU10 LED est un spot connect\u00e9 avec un culot GU10. . Avec ce spot RGB, vous pouvez \u00e9clairer une pi\u00e8ce d&#39;un blanc \u00e9clatant, choisir une ambiance cosy avec une lumi\u00e8re blanche chaude ou organiser une f\u00eate avec une lumi\u00e8re de la couleur de votre choix . Le spot connect\u00e9 fournit une. [&hellip;]<\/p>\n","protected":false},"featured_media":855637,"template":"","meta":{"_acf_changed":false,"site-sidebar-layout":"default","site-content-layout":"","ast-site-content-layout":"default","site-content-style":"default","site-sidebar-style":"default","ast-global-header-display":"","ast-banner-title-visibility":"","ast-main-header-display":"","ast-hfb-above-header-display":"","ast-hfb-below-header-display":"","ast-hfb-mobile-header-display":"","site-post-title":"","ast-breadcrumbs-content":"","ast-featured-img":"","footer-sml-layout":"","theme-transparent-header-meta":"","adv-header-id-meta":"","stick-header-meta":"","header-above-stick-meta":"","header-main-stick-meta":"","header-below-stick-meta":"","astra-migrate-meta-layouts":"default","ast-page-background-enabled":"default","ast-page-background-meta":{"desktop":{"background-color":"","background-image":"","background-repeat":"repeat","background-position":"center center","background-size":"auto","background-attachment":"scroll","background-type":"","background-media":"","overlay-type":"","overlay-color":"","overlay-opacity":"","overlay-gradient":""},"tablet":{"background-color":"","background-image":"","background-repeat":"repeat","background-position":"center center","background-size":"auto","background-attachment":"scroll","background-type":"","background-media":"","overlay-type":"","overlay-color":"","overlay-opacity":"","overlay-gradient":""},"mobile":{"background-color":"","background-image":"","background-repeat":"repeat","background-position":"center center","background-size":"auto","background-attachment":"scroll","background-type":"","background-media":"","overlay-type":"","overlay-color":"","overlay-opacity":"","overlay-gradient":""}},"ast-content-background-meta":{"desktop":{"background-color":"var(--ast-global-color-5)","background-image":"","background-repeat":"repeat","background-position":"center center","background-size":"auto","background-attachment":"scroll","background-type":"","background-media":"","overlay-type":"","overlay-color":"","overlay-opacity":"","overlay-gradient":""},"tablet":{"background-color":"var(--ast-global-color-5)","background-image":"","background-repeat":"repeat","background-position":"center center","background-size":"auto","background-attachment":"scroll","background-type":"","background-media":"","overlay-type":"","overlay-color":"","overlay-opacity":"","overlay-gradient":""},"mobile":{"background-color":"var(--ast-global-color-5)","background-image":"","background-repeat":"repeat","background-position":"center center","background-size":"auto","background-attachment":"scroll","background-type":"","background-media":"","overlay-type":"","overlay-color":"","overlay-opacity":"","overlay-gradient":""}}},"product_brand":[],"product_cat":[22955],"product_tag":[],"class_list":{"0":"post-520080","1":"product","2":"type-product","3":"status-publish","4":"has-post-thumbnail","6":"product_cat-pas-de-categorie","7":"desktop-align-center","8":"tablet-align-center","9":"mobile-align-center","10":"ast-product-gallery-layout-horizontal","11":"ast-product-tabs-layout-horizontal","13":"first","14":"instock","15":"taxable","16":"shipping-taxable","17":"purchasable","18":"product-type-simple"},"acf":[],"yoast_head":"<!-- This site is optimized with the Yoast SEO plugin v26.5 - https:\/\/yoast.com\/wordpress\/plugins\/seo\/ -->\n<title>Spot Connect\u00e9 GU10 \u00e0 Graduation avec LED RGB \u2013 Spot LED Connect\u00e9 - 300 Lumen - 5 Watt - Contr\u00f4l\u00e9e par une Application (HBT-GU10) - Caliber Europe B.V.<\/title>\n<meta name=\"robots\" content=\"noindex, follow, max-snippet:-1, max-image-preview:large, max-video-preview:-1\" \/>\n<meta property=\"og:locale\" content=\"fr_FR\" \/>\n<meta property=\"og:type\" content=\"article\" \/>\n<meta property=\"og:title\" content=\"Spot Connect\u00e9 GU10 \u00e0 Graduation avec LED RGB \u2013 Spot LED Connect\u00e9 - 300 Lumen - 5 Watt - Contr\u00f4l\u00e9e par une Application (HBT-GU10) - Caliber Europe B.V.\" \/>\n<meta property=\"og:description\" content=\"Le spot Caliber HBT GU10 LED est un spot connect\u00e9 avec un culot GU10. . Avec ce spot RGB, vous pouvez \u00e9clairer une pi\u00e8ce d&#039;un blanc \u00e9clatant, choisir une ambiance cosy avec une lumi\u00e8re blanche chaude ou organiser une f\u00eate avec une lumi\u00e8re de la couleur de votre choix . Le spot connect\u00e9 fournit une. [&hellip;]\" \/>\n<meta property=\"og:url\" content=\"https:\/\/b2b.calibereurope.com\/fr\/produit\/hbt-gu10-fr_fr\/\" \/>\n<meta property=\"og:site_name\" content=\"Caliber Europe B.V.\" \/>\n<meta property=\"article:modified_time\" content=\"2025-01-15T07:58:15+00:00\" \/>\n<meta property=\"og:image\" content=\"https:\/\/b2b.calibereurope.com\/wp-content\/uploads\/2021\/09\/3acb131f350d7432de34263a917d9b96c6fa9484_HBT_GU10_verpakking.jpg\" \/>\n\t<meta property=\"og:image:width\" content=\"1024\" \/>\n\t<meta property=\"og:image:height\" content=\"768\" \/>\n\t<meta property=\"og:image:type\" content=\"image\/jpeg\" \/>\n<meta name=\"twitter:card\" content=\"summary_large_image\" \/>\n<meta name=\"twitter:label1\" content=\"Dur\u00e9e de lecture estim\u00e9e\" \/>\n\t<meta name=\"twitter:data1\" content=\"2 minutes\" \/>\n<script type=\"application\/ld+json\" class=\"yoast-schema-graph\">{\"@context\":\"https:\/\/schema.org\",\"@graph\":[{\"@type\":\"WebPage\",\"@id\":\"https:\/\/b2b.calibereurope.com\/fr\/produit\/hbt-gu10-fr_fr\/\",\"url\":\"https:\/\/b2b.calibereurope.com\/fr\/produit\/hbt-gu10-fr_fr\/\",\"name\":\"Spot Connect\u00e9 GU10 \u00e0 Graduation avec LED RGB \u2013 Spot LED Connect\u00e9 - 300 Lumen - 5 Watt - Contr\u00f4l\u00e9e par une Application (HBT-GU10) - Caliber Europe B.V.\",\"isPartOf\":{\"@id\":\"https:\/\/b2b.calibereurope.com\/#website\"},\"primaryImageOfPage\":{\"@id\":\"https:\/\/b2b.calibereurope.com\/fr\/produit\/hbt-gu10-fr_fr\/#primaryimage\"},\"image\":{\"@id\":\"https:\/\/b2b.calibereurope.com\/fr\/produit\/hbt-gu10-fr_fr\/#primaryimage\"},\"thumbnailUrl\":\"https:\/\/b2b.calibereurope.com\/wp-content\/uploads\/2025\/01\/3acb131f350d7432de34263a917d9b96c6fa9484_HBT_GU10_verpakking.jpg\",\"datePublished\":\"2025-01-15T00:00:00+00:00\",\"dateModified\":\"2025-01-15T07:58:15+00:00\",\"breadcrumb\":{\"@id\":\"https:\/\/b2b.calibereurope.com\/fr\/produit\/hbt-gu10-fr_fr\/#breadcrumb\"},\"inLanguage\":\"fr-FR\",\"potentialAction\":[{\"@type\":\"ReadAction\",\"target\":[\"https:\/\/b2b.calibereurope.com\/fr\/produit\/hbt-gu10-fr_fr\/\"]}]},{\"@type\":\"ImageObject\",\"inLanguage\":\"fr-FR\",\"@id\":\"https:\/\/b2b.calibereurope.com\/fr\/produit\/hbt-gu10-fr_fr\/#primaryimage\",\"url\":\"https:\/\/b2b.calibereurope.com\/wp-content\/uploads\/2025\/01\/3acb131f350d7432de34263a917d9b96c6fa9484_HBT_GU10_verpakking.jpg\",\"contentUrl\":\"https:\/\/b2b.calibereurope.com\/wp-content\/uploads\/2025\/01\/3acb131f350d7432de34263a917d9b96c6fa9484_HBT_GU10_verpakking.jpg\",\"width\":1024,\"height\":768},{\"@type\":\"BreadcrumbList\",\"@id\":\"https:\/\/b2b.calibereurope.com\/fr\/produit\/hbt-gu10-fr_fr\/#breadcrumb\",\"itemListElement\":[{\"@type\":\"ListItem\",\"position\":1,\"name\":\"Home\",\"item\":\"https:\/\/b2b.calibereurope.com\/fr\/home\/\"},{\"@type\":\"ListItem\",\"position\":2,\"name\":\"Boutique\",\"item\":\"https:\/\/b2b.calibereurope.com\/fr\/boutique\/\"},{\"@type\":\"ListItem\",\"position\":3,\"name\":\"Lampe intelligente GU10 &#8211; couleurs RGB et blanc Bluetooth Mesh (HBT-GU10)\"}]},{\"@type\":\"WebSite\",\"@id\":\"https:\/\/b2b.calibereurope.com\/#website\",\"url\":\"https:\/\/b2b.calibereurope.com\/\",\"name\":\"Caliber Europe B.V.\",\"description\":\"B2B Webshop\",\"publisher\":{\"@id\":\"https:\/\/b2b.calibereurope.com\/#organization\"},\"potentialAction\":[{\"@type\":\"SearchAction\",\"target\":{\"@type\":\"EntryPoint\",\"urlTemplate\":\"https:\/\/b2b.calibereurope.com\/?s={search_term_string}\"},\"query-input\":{\"@type\":\"PropertyValueSpecification\",\"valueRequired\":true,\"valueName\":\"search_term_string\"}}],\"inLanguage\":\"fr-FR\"},{\"@type\":\"Organization\",\"@id\":\"https:\/\/b2b.calibereurope.com\/#organization\",\"name\":\"Caliber Europe B.V.\",\"url\":\"https:\/\/b2b.calibereurope.com\/\",\"logo\":{\"@type\":\"ImageObject\",\"inLanguage\":\"fr-FR\",\"@id\":\"https:\/\/b2b.calibereurope.com\/#\/schema\/logo\/image\/\",\"url\":\"https:\/\/b2b.calibereurope.com\/wp-content\/uploads\/2020\/12\/Caliber_Logo-Black.png\",\"contentUrl\":\"https:\/\/b2b.calibereurope.com\/wp-content\/uploads\/2020\/12\/Caliber_Logo-Black.png\",\"width\":3157,\"height\":356,\"caption\":\"Caliber Europe B.V.\"},\"image\":{\"@id\":\"https:\/\/b2b.calibereurope.com\/#\/schema\/logo\/image\/\"}}]}<\/script>\n<!-- \/ Yoast SEO plugin. -->","yoast_head_json":{"title":"Spot Connect\u00e9 GU10 \u00e0 Graduation avec LED RGB \u2013 Spot LED Connect\u00e9 - 300 Lumen - 5 Watt - Contr\u00f4l\u00e9e par une Application (HBT-GU10) - Caliber Europe B.V.","robots":{"index":"noindex","follow":"follow","max-snippet":"max-snippet:-1","max-image-preview":"max-image-preview:large","max-video-preview":"max-video-preview:-1"},"og_locale":"fr_FR","og_type":"article","og_title":"Spot Connect\u00e9 GU10 \u00e0 Graduation avec LED RGB \u2013 Spot LED Connect\u00e9 - 300 Lumen - 5 Watt - Contr\u00f4l\u00e9e par une Application (HBT-GU10) - Caliber Europe B.V.","og_description":"Le spot Caliber HBT GU10 LED est un spot connect\u00e9 avec un culot GU10. . Avec ce spot RGB, vous pouvez \u00e9clairer une pi\u00e8ce d&#39;un blanc \u00e9clatant, choisir une ambiance cosy avec une lumi\u00e8re blanche chaude ou organiser une f\u00eate avec une lumi\u00e8re de la couleur de votre choix . Le spot connect\u00e9 fournit une. [&hellip;]","og_url":"https:\/\/b2b.calibereurope.com\/fr\/produit\/hbt-gu10-fr_fr\/","og_site_name":"Caliber Europe B.V.","article_modified_time":"2025-01-15T07:58:15+00:00","og_image":[{"width":1024,"height":768,"url":"https:\/\/b2b.calibereurope.com\/wp-content\/uploads\/2021\/09\/3acb131f350d7432de34263a917d9b96c6fa9484_HBT_GU10_verpakking.jpg","type":"image\/jpeg"}],"twitter_card":"summary_large_image","twitter_misc":{"Dur\u00e9e de lecture estim\u00e9e":"2 minutes"},"schema":{"@context":"https:\/\/schema.org","@graph":[{"@type":"WebPage","@id":"https:\/\/b2b.calibereurope.com\/fr\/produit\/hbt-gu10-fr_fr\/","url":"https:\/\/b2b.calibereurope.com\/fr\/produit\/hbt-gu10-fr_fr\/","name":"Spot Connect\u00e9 GU10 \u00e0 Graduation avec LED RGB \u2013 Spot LED Connect\u00e9 - 300 Lumen - 5 Watt - Contr\u00f4l\u00e9e par une Application (HBT-GU10) - Caliber Europe B.V.","isPartOf":{"@id":"https:\/\/b2b.calibereurope.com\/#website"},"primaryImageOfPage":{"@id":"https:\/\/b2b.calibereurope.com\/fr\/produit\/hbt-gu10-fr_fr\/#primaryimage"},"image":{"@id":"https:\/\/b2b.calibereurope.com\/fr\/produit\/hbt-gu10-fr_fr\/#primaryimage"},"thumbnailUrl":"https:\/\/b2b.calibereurope.com\/wp-content\/uploads\/2025\/01\/3acb131f350d7432de34263a917d9b96c6fa9484_HBT_GU10_verpakking.jpg","datePublished":"2025-01-15T00:00:00+00:00","dateModified":"2025-01-15T07:58:15+00:00","breadcrumb":{"@id":"https:\/\/b2b.calibereurope.com\/fr\/produit\/hbt-gu10-fr_fr\/#breadcrumb"},"inLanguage":"fr-FR","potentialAction":[{"@type":"ReadAction","target":["https:\/\/b2b.calibereurope.com\/fr\/produit\/hbt-gu10-fr_fr\/"]}]},{"@type":"ImageObject","inLanguage":"fr-FR","@id":"https:\/\/b2b.calibereurope.com\/fr\/produit\/hbt-gu10-fr_fr\/#primaryimage","url":"https:\/\/b2b.calibereurope.com\/wp-content\/uploads\/2025\/01\/3acb131f350d7432de34263a917d9b96c6fa9484_HBT_GU10_verpakking.jpg","contentUrl":"https:\/\/b2b.calibereurope.com\/wp-content\/uploads\/2025\/01\/3acb131f350d7432de34263a917d9b96c6fa9484_HBT_GU10_verpakking.jpg","width":1024,"height":768},{"@type":"BreadcrumbList","@id":"https:\/\/b2b.calibereurope.com\/fr\/produit\/hbt-gu10-fr_fr\/#breadcrumb","itemListElement":[{"@type":"ListItem","position":1,"name":"Home","item":"https:\/\/b2b.calibereurope.com\/fr\/home\/"},{"@type":"ListItem","position":2,"name":"Boutique","item":"https:\/\/b2b.calibereurope.com\/fr\/boutique\/"},{"@type":"ListItem","position":3,"name":"Lampe intelligente GU10 &#8211; couleurs RGB et blanc Bluetooth Mesh (HBT-GU10)"}]},{"@type":"WebSite","@id":"https:\/\/b2b.calibereurope.com\/#website","url":"https:\/\/b2b.calibereurope.com\/","name":"Caliber Europe B.V.","description":"B2B Webshop","publisher":{"@id":"https:\/\/b2b.calibereurope.com\/#organization"},"potentialAction":[{"@type":"SearchAction","target":{"@type":"EntryPoint","urlTemplate":"https:\/\/b2b.calibereurope.com\/?s={search_term_string}"},"query-input":{"@type":"PropertyValueSpecification","valueRequired":true,"valueName":"search_term_string"}}],"inLanguage":"fr-FR"},{"@type":"Organization","@id":"https:\/\/b2b.calibereurope.com\/#organization","name":"Caliber Europe B.V.","url":"https:\/\/b2b.calibereurope.com\/","logo":{"@type":"ImageObject","inLanguage":"fr-FR","@id":"https:\/\/b2b.calibereurope.com\/#\/schema\/logo\/image\/","url":"https:\/\/b2b.calibereurope.com\/wp-content\/uploads\/2020\/12\/Caliber_Logo-Black.png","contentUrl":"https:\/\/b2b.calibereurope.com\/wp-content\/uploads\/2020\/12\/Caliber_Logo-Black.png","width":3157,"height":356,"caption":"Caliber Europe B.V."},"image":{"@id":"https:\/\/b2b.calibereurope.com\/#\/schema\/logo\/image\/"}}]}},"_links":{"self":[{"href":"https:\/\/b2b.calibereurope.com\/fr\/wp-json\/wp\/v2\/product\/520080","targetHints":{"allow":["GET"]}}],"collection":[{"href":"https:\/\/b2b.calibereurope.com\/fr\/wp-json\/wp\/v2\/product"}],"about":[{"href":"https:\/\/b2b.calibereurope.com\/fr\/wp-json\/wp\/v2\/types\/product"}],"version-history":[{"count":0,"href":"https:\/\/b2b.calibereurope.com\/fr\/wp-json\/wp\/v2\/product\/520080\/revisions"}],"wp:featuredmedia":[{"embeddable":true,"href":"https:\/\/b2b.calibereurope.com\/fr\/wp-json\/wp\/v2\/media\/855637"}],"wp:attachment":[{"href":"https:\/\/b2b.calibereurope.com\/fr\/wp-json\/wp\/v2\/media?parent=520080"}],"wp:term":[{"taxonomy":"product_brand","embeddable":true,"href":"https:\/\/b2b.calibereurope.com\/fr\/wp-json\/wp\/v2\/product_brand?post=520080"},{"taxonomy":"product_cat","embeddable":true,"href":"https:\/\/b2b.calibereurope.com\/fr\/wp-json\/wp\/v2\/product_cat?post=520080"},{"taxonomy":"product_tag","embeddable":true,"href":"https:\/\/b2b.calibereurope.com\/fr\/wp-json\/wp\/v2\/product_tag?post=520080"}],"curies":[{"name":"wp","href":"https:\/\/api.w.org\/{rel}","templated":true}]}}