{"id":520212,"date":"2023-07-31T02:00:00","date_gmt":"2023-07-31T00:00:00","guid":{"rendered":""},"modified":"2024-12-26T19:02:17","modified_gmt":"2024-12-26T18:02:17","slug":"hbt-dimmer-fr_fr","status":"publish","type":"product","link":"https:\/\/b2b.calibereurope.com\/fr\/produit\/hbt-dimmer-fr_fr\/","title":{"rendered":"Variateur d\u2019ampoule connect\u00e9e Sans Fil &#8211; Interrupteur Bluetooth pour Ampoule Connect\u00e9e &#8211; Fixation Sans Per\u00e7age (HBT-DIMMER)"},"content":{"rendered":"<p> Cr\u00e9ez une atmosph\u00e8re agr\u00e9able dans votre maison avec le <strong> variateur sans fil <\/strong> Caliber HBT pour les ampoules connect\u00e9es Caliber HBT ! Le variateur se connecte via le, <strong> r\u00e9seau <\/strong> <strong>\u2018Bluetooth Low Energy Mesh\u2019<\/strong> ce qui ne <strong> n\u00e9cessite pas de signal WiFi <\/strong>. Vous n&#39;avez donc pas besoin de chercher l&#39;application pour r\u00e9gler <strong> la luminosit\u00e9 et la couleur de vos ampoules connect\u00e9es HBT <\/strong>. L&#39;application peut \u00eatre utilis\u00e9e <strong> <\/strong> s\u00e9par\u00e9ment <strong> comme t\u00e9l\u00e9commande <\/strong>, mais peut aussi \u00eatre fix\u00e9e au mur <strong sans per\u00e7age <\/strong> \u00e0 l&#39;aide du ruban adh\u00e9sif double face inclus. <\/p>\n<p> <strong> Caract\u00e9ristiques :<\/strong> <\/p>\n<ul>\n<li> Compatible avec les ampoules connect\u00e9es Caliber HBT\n<li> Se connecte via Bluetooth\n<li> Aucune connexion WiFi requise\n<li> Les ampoules connect\u00e9es fonctionnent sans application\n<li> Convient pour r\u00e9gler la luminosit\u00e9 et la couleur\n<li> Facile \u00e0 placer sur des surfaces\n<li> s\u2019utilise comme une t\u00e9l\u00e9commande s\u00e9par\u00e9e\n<li>18 mois de veille via la batterie int\u00e9gr\u00e9e\n<li> On peut connecter jusqu&#39;\u00e0 127 ampoules\n<li> Ruban double face inclus <\/li>\n<\/ul>\n<h3> Le variateur facilite l\u2019utilisation des ampoules connect\u00e9es<\/h3>\n<p> Les ampoules connect\u00e9es Caliber HBT sont faciles \u00e0 contr\u00f4ler avec le variateur sans smartphone ou tablette. C&#39;est id\u00e9al lorsque vous n&#39;\u00eates pas chez vous, mais qu&#39;il y a d&#39;autres personnes dans votre maison ! En appuyant bri\u00e8vement sur le bouton, vous allumez et \u00e9teignez les ampoules. Lorsque vous souhaitez que les ampoules soient plus ou moins brillantes, vous pouvez facilement tourner le bouton vers la gauche ou la droite. Pour changer les couleurs, maintenez le bouton plus longtemps et tournez-le vers la gauche ou la droite. <\/p>\n<h3> Le variateur se connecte via Bluetooth <\/h3>\n<p> Pour connecter le variateur de lumi\u00e8re, vous n&#39;avez pas besoin de WiFi. Cela se fait enti\u00e8rement par Bluetooth. Une fois le variateur fix\u00e9 \u00e0 votre mur, il ne vous reste plus qu&#39;\u00e0 le coupler via Bluetooth. Le variateur se connecte ensuite \u00e0 vos autres appareils Caliber HBT via le r\u00e9seau &#39;Bluetooth Low Energy Mesh&#39;. <\/p>\n<h3> L\u2019utilisation du variateur est s\u00fbre et de longue dur\u00e9e <\/h3>\n<p> Le variateur Bluetooth utilise une batterie int\u00e9gr\u00e9e (CR2032) qui peut durer jusqu&#39;\u00e0 18 mois en veille. Le variateur est \u00e0 l&#39;\u00e9preuve du piratage selon la norme ISO27017:2015. Ainsi, seule la personne qui poss\u00e8de le variateur ou l&#39;application Caliber Smart Home peut contr\u00f4ler l&#39;\u00e9clairage. Au mur ou pas ? Le gradateur HBT est livr\u00e9 avec du ruban adh\u00e9sif double face, ce qui vous \u00e9vite de devoir percer des trous dans le mur, si vous choisissez d&#39;utiliser le graduateur dans un endroit fixe. <\/p>\n<p> <strong>Inclus :<\/strong> <\/p>\n<p> 1x Variateur Caliber HBT <\/p>\n","protected":false},"excerpt":{"rendered":"<p>Cr\u00e9ez une atmosph\u00e8re agr\u00e9able dans votre maison avec le variateur sans fil Caliber HBT pour les ampoules connect\u00e9es Caliber HBT ! Le variateur se connecte via le, r\u00e9seau \u2018Bluetooth Low Energy Mesh\u2019 ce qui ne n\u00e9cessite pas de signal WiFi . Vous n&#39;avez donc pas besoin de chercher l&#39;application pour r\u00e9gler la luminosit\u00e9 et la [&hellip;]<\/p>\n","protected":false},"featured_media":832803,"template":"","meta":{"_acf_changed":false,"site-sidebar-layout":"default","site-content-layout":"","ast-site-content-layout":"default","site-content-style":"default","site-sidebar-style":"default","ast-global-header-display":"","ast-banner-title-visibility":"","ast-main-header-display":"","ast-hfb-above-header-display":"","ast-hfb-below-header-display":"","ast-hfb-mobile-header-display":"","site-post-title":"","ast-breadcrumbs-content":"","ast-featured-img":"","footer-sml-layout":"","theme-transparent-header-meta":"","adv-header-id-meta":"","stick-header-meta":"","header-above-stick-meta":"","header-main-stick-meta":"","header-below-stick-meta":"","astra-migrate-meta-layouts":"default","ast-page-background-enabled":"default","ast-page-background-meta":{"desktop":{"background-color":"","background-image":"","background-repeat":"repeat","background-position":"center center","background-size":"auto","background-attachment":"scroll","background-type":"","background-media":"","overlay-type":"","overlay-color":"","overlay-opacity":"","overlay-gradient":""},"tablet":{"background-color":"","background-image":"","background-repeat":"repeat","background-position":"center center","background-size":"auto","background-attachment":"scroll","background-type":"","background-media":"","overlay-type":"","overlay-color":"","overlay-opacity":"","overlay-gradient":""},"mobile":{"background-color":"","background-image":"","background-repeat":"repeat","background-position":"center center","background-size":"auto","background-attachment":"scroll","background-type":"","background-media":"","overlay-type":"","overlay-color":"","overlay-opacity":"","overlay-gradient":""}},"ast-content-background-meta":{"desktop":{"background-color":"var(--ast-global-color-5)","background-image":"","background-repeat":"repeat","background-position":"center center","background-size":"auto","background-attachment":"scroll","background-type":"","background-media":"","overlay-type":"","overlay-color":"","overlay-opacity":"","overlay-gradient":""},"tablet":{"background-color":"var(--ast-global-color-5)","background-image":"","background-repeat":"repeat","background-position":"center center","background-size":"auto","background-attachment":"scroll","background-type":"","background-media":"","overlay-type":"","overlay-color":"","overlay-opacity":"","overlay-gradient":""},"mobile":{"background-color":"var(--ast-global-color-5)","background-image":"","background-repeat":"repeat","background-position":"center center","background-size":"auto","background-attachment":"scroll","background-type":"","background-media":"","overlay-type":"","overlay-color":"","overlay-opacity":"","overlay-gradient":""}}},"product_brand":[],"product_cat":[22955],"product_tag":[],"class_list":{"0":"post-520212","1":"product","2":"type-product","3":"status-publish","4":"has-post-thumbnail","6":"product_cat-pas-de-categorie","7":"desktop-align-center","8":"tablet-align-center","9":"mobile-align-center","10":"ast-product-gallery-layout-horizontal","11":"ast-product-tabs-layout-horizontal","13":"first","14":"instock","15":"taxable","16":"shipping-taxable","17":"purchasable","18":"product-type-simple"},"acf":[],"yoast_head":"<!-- This site is optimized with the Yoast SEO plugin v26.5 - https:\/\/yoast.com\/wordpress\/plugins\/seo\/ -->\n<title>Variateur d\u2019ampoule connect\u00e9e Sans Fil - Interrupteur Bluetooth pour Ampoule Connect\u00e9e - Fixation Sans Per\u00e7age (HBT-DIMMER) - Caliber Europe B.V.<\/title>\n<meta name=\"robots\" content=\"noindex, follow, max-snippet:-1, max-image-preview:large, max-video-preview:-1\" \/>\n<meta property=\"og:locale\" content=\"fr_FR\" \/>\n<meta property=\"og:type\" content=\"article\" \/>\n<meta property=\"og:title\" content=\"Variateur d\u2019ampoule connect\u00e9e Sans Fil - Interrupteur Bluetooth pour Ampoule Connect\u00e9e - Fixation Sans Per\u00e7age (HBT-DIMMER) - Caliber Europe B.V.\" \/>\n<meta property=\"og:description\" content=\"Cr\u00e9ez une atmosph\u00e8re agr\u00e9able dans votre maison avec le variateur sans fil Caliber HBT pour les ampoules connect\u00e9es Caliber HBT ! Le variateur se connecte via le, r\u00e9seau \u2018Bluetooth Low Energy Mesh\u2019 ce qui ne n\u00e9cessite pas de signal WiFi . Vous n&#039;avez donc pas besoin de chercher l&#039;application pour r\u00e9gler la luminosit\u00e9 et la [&hellip;]\" \/>\n<meta property=\"og:url\" content=\"https:\/\/b2b.calibereurope.com\/fr\/produit\/hbt-dimmer-fr_fr\/\" \/>\n<meta property=\"og:site_name\" content=\"Caliber Europe B.V.\" \/>\n<meta property=\"article:modified_time\" content=\"2024-12-26T18:02:17+00:00\" \/>\n<meta property=\"og:image\" content=\"https:\/\/b2b.calibereurope.com\/wp-content\/uploads\/2021\/11\/444a903f1352405c4b6053f71068e15b1edfb463_HBT_Dimmer_verpakking2.jpg\" \/>\n\t<meta property=\"og:image:width\" content=\"1024\" \/>\n\t<meta property=\"og:image:height\" content=\"768\" \/>\n\t<meta property=\"og:image:type\" content=\"image\/jpeg\" \/>\n<meta name=\"twitter:card\" content=\"summary_large_image\" \/>\n<script type=\"application\/ld+json\" class=\"yoast-schema-graph\">{\"@context\":\"https:\/\/schema.org\",\"@graph\":[{\"@type\":\"WebPage\",\"@id\":\"https:\/\/b2b.calibereurope.com\/fr\/produit\/hbt-dimmer-fr_fr\/\",\"url\":\"https:\/\/b2b.calibereurope.com\/fr\/produit\/hbt-dimmer-fr_fr\/\",\"name\":\"Variateur d\u2019ampoule connect\u00e9e Sans Fil - Interrupteur Bluetooth pour Ampoule Connect\u00e9e - Fixation Sans Per\u00e7age (HBT-DIMMER) - Caliber Europe B.V.\",\"isPartOf\":{\"@id\":\"https:\/\/b2b.calibereurope.com\/#website\"},\"primaryImageOfPage\":{\"@id\":\"https:\/\/b2b.calibereurope.com\/fr\/produit\/hbt-dimmer-fr_fr\/#primaryimage\"},\"image\":{\"@id\":\"https:\/\/b2b.calibereurope.com\/fr\/produit\/hbt-dimmer-fr_fr\/#primaryimage\"},\"thumbnailUrl\":\"https:\/\/b2b.calibereurope.com\/wp-content\/uploads\/2023\/07\/444a903f1352405c4b6053f71068e15b1edfb463_HBT_Dimmer_verpakking2.jpg\",\"datePublished\":\"2023-07-31T00:00:00+00:00\",\"dateModified\":\"2024-12-26T18:02:17+00:00\",\"breadcrumb\":{\"@id\":\"https:\/\/b2b.calibereurope.com\/fr\/produit\/hbt-dimmer-fr_fr\/#breadcrumb\"},\"inLanguage\":\"fr-FR\",\"potentialAction\":[{\"@type\":\"ReadAction\",\"target\":[\"https:\/\/b2b.calibereurope.com\/fr\/produit\/hbt-dimmer-fr_fr\/\"]}]},{\"@type\":\"ImageObject\",\"inLanguage\":\"fr-FR\",\"@id\":\"https:\/\/b2b.calibereurope.com\/fr\/produit\/hbt-dimmer-fr_fr\/#primaryimage\",\"url\":\"https:\/\/b2b.calibereurope.com\/wp-content\/uploads\/2023\/07\/444a903f1352405c4b6053f71068e15b1edfb463_HBT_Dimmer_verpakking2.jpg\",\"contentUrl\":\"https:\/\/b2b.calibereurope.com\/wp-content\/uploads\/2023\/07\/444a903f1352405c4b6053f71068e15b1edfb463_HBT_Dimmer_verpakking2.jpg\",\"width\":1024,\"height\":768},{\"@type\":\"BreadcrumbList\",\"@id\":\"https:\/\/b2b.calibereurope.com\/fr\/produit\/hbt-dimmer-fr_fr\/#breadcrumb\",\"itemListElement\":[{\"@type\":\"ListItem\",\"position\":1,\"name\":\"Home\",\"item\":\"https:\/\/b2b.calibereurope.com\/fr\/home\/\"},{\"@type\":\"ListItem\",\"position\":2,\"name\":\"Boutique\",\"item\":\"https:\/\/b2b.calibereurope.com\/fr\/boutique\/\"},{\"@type\":\"ListItem\",\"position\":3,\"name\":\"Variateur pour lampes intelligentes &#8211; Bluetooth Mesh (HBT-DIMMER)\"}]},{\"@type\":\"WebSite\",\"@id\":\"https:\/\/b2b.calibereurope.com\/#website\",\"url\":\"https:\/\/b2b.calibereurope.com\/\",\"name\":\"Caliber Europe B.V.\",\"description\":\"B2B Webshop\",\"publisher\":{\"@id\":\"https:\/\/b2b.calibereurope.com\/#organization\"},\"potentialAction\":[{\"@type\":\"SearchAction\",\"target\":{\"@type\":\"EntryPoint\",\"urlTemplate\":\"https:\/\/b2b.calibereurope.com\/?s={search_term_string}\"},\"query-input\":{\"@type\":\"PropertyValueSpecification\",\"valueRequired\":true,\"valueName\":\"search_term_string\"}}],\"inLanguage\":\"fr-FR\"},{\"@type\":\"Organization\",\"@id\":\"https:\/\/b2b.calibereurope.com\/#organization\",\"name\":\"Caliber Europe B.V.\",\"url\":\"https:\/\/b2b.calibereurope.com\/\",\"logo\":{\"@type\":\"ImageObject\",\"inLanguage\":\"fr-FR\",\"@id\":\"https:\/\/b2b.calibereurope.com\/#\/schema\/logo\/image\/\",\"url\":\"https:\/\/b2b.calibereurope.com\/wp-content\/uploads\/2020\/12\/Caliber_Logo-Black.png\",\"contentUrl\":\"https:\/\/b2b.calibereurope.com\/wp-content\/uploads\/2020\/12\/Caliber_Logo-Black.png\",\"width\":3157,\"height\":356,\"caption\":\"Caliber Europe B.V.\"},\"image\":{\"@id\":\"https:\/\/b2b.calibereurope.com\/#\/schema\/logo\/image\/\"}}]}<\/script>\n<!-- \/ Yoast SEO plugin. -->","yoast_head_json":{"title":"Variateur d\u2019ampoule connect\u00e9e Sans Fil - Interrupteur Bluetooth pour Ampoule Connect\u00e9e - Fixation Sans Per\u00e7age (HBT-DIMMER) - Caliber Europe B.V.","robots":{"index":"noindex","follow":"follow","max-snippet":"max-snippet:-1","max-image-preview":"max-image-preview:large","max-video-preview":"max-video-preview:-1"},"og_locale":"fr_FR","og_type":"article","og_title":"Variateur d\u2019ampoule connect\u00e9e Sans Fil - Interrupteur Bluetooth pour Ampoule Connect\u00e9e - Fixation Sans Per\u00e7age (HBT-DIMMER) - Caliber Europe B.V.","og_description":"Cr\u00e9ez une atmosph\u00e8re agr\u00e9able dans votre maison avec le variateur sans fil Caliber HBT pour les ampoules connect\u00e9es Caliber HBT ! Le variateur se connecte via le, r\u00e9seau \u2018Bluetooth Low Energy Mesh\u2019 ce qui ne n\u00e9cessite pas de signal WiFi . Vous n&#39;avez donc pas besoin de chercher l&#39;application pour r\u00e9gler la luminosit\u00e9 et la [&hellip;]","og_url":"https:\/\/b2b.calibereurope.com\/fr\/produit\/hbt-dimmer-fr_fr\/","og_site_name":"Caliber Europe B.V.","article_modified_time":"2024-12-26T18:02:17+00:00","og_image":[{"width":1024,"height":768,"url":"https:\/\/b2b.calibereurope.com\/wp-content\/uploads\/2021\/11\/444a903f1352405c4b6053f71068e15b1edfb463_HBT_Dimmer_verpakking2.jpg","type":"image\/jpeg"}],"twitter_card":"summary_large_image","schema":{"@context":"https:\/\/schema.org","@graph":[{"@type":"WebPage","@id":"https:\/\/b2b.calibereurope.com\/fr\/produit\/hbt-dimmer-fr_fr\/","url":"https:\/\/b2b.calibereurope.com\/fr\/produit\/hbt-dimmer-fr_fr\/","name":"Variateur d\u2019ampoule connect\u00e9e Sans Fil - Interrupteur Bluetooth pour Ampoule Connect\u00e9e - Fixation Sans Per\u00e7age (HBT-DIMMER) - Caliber Europe B.V.","isPartOf":{"@id":"https:\/\/b2b.calibereurope.com\/#website"},"primaryImageOfPage":{"@id":"https:\/\/b2b.calibereurope.com\/fr\/produit\/hbt-dimmer-fr_fr\/#primaryimage"},"image":{"@id":"https:\/\/b2b.calibereurope.com\/fr\/produit\/hbt-dimmer-fr_fr\/#primaryimage"},"thumbnailUrl":"https:\/\/b2b.calibereurope.com\/wp-content\/uploads\/2023\/07\/444a903f1352405c4b6053f71068e15b1edfb463_HBT_Dimmer_verpakking2.jpg","datePublished":"2023-07-31T00:00:00+00:00","dateModified":"2024-12-26T18:02:17+00:00","breadcrumb":{"@id":"https:\/\/b2b.calibereurope.com\/fr\/produit\/hbt-dimmer-fr_fr\/#breadcrumb"},"inLanguage":"fr-FR","potentialAction":[{"@type":"ReadAction","target":["https:\/\/b2b.calibereurope.com\/fr\/produit\/hbt-dimmer-fr_fr\/"]}]},{"@type":"ImageObject","inLanguage":"fr-FR","@id":"https:\/\/b2b.calibereurope.com\/fr\/produit\/hbt-dimmer-fr_fr\/#primaryimage","url":"https:\/\/b2b.calibereurope.com\/wp-content\/uploads\/2023\/07\/444a903f1352405c4b6053f71068e15b1edfb463_HBT_Dimmer_verpakking2.jpg","contentUrl":"https:\/\/b2b.calibereurope.com\/wp-content\/uploads\/2023\/07\/444a903f1352405c4b6053f71068e15b1edfb463_HBT_Dimmer_verpakking2.jpg","width":1024,"height":768},{"@type":"BreadcrumbList","@id":"https:\/\/b2b.calibereurope.com\/fr\/produit\/hbt-dimmer-fr_fr\/#breadcrumb","itemListElement":[{"@type":"ListItem","position":1,"name":"Home","item":"https:\/\/b2b.calibereurope.com\/fr\/home\/"},{"@type":"ListItem","position":2,"name":"Boutique","item":"https:\/\/b2b.calibereurope.com\/fr\/boutique\/"},{"@type":"ListItem","position":3,"name":"Variateur pour lampes intelligentes &#8211; Bluetooth Mesh (HBT-DIMMER)"}]},{"@type":"WebSite","@id":"https:\/\/b2b.calibereurope.com\/#website","url":"https:\/\/b2b.calibereurope.com\/","name":"Caliber Europe B.V.","description":"B2B Webshop","publisher":{"@id":"https:\/\/b2b.calibereurope.com\/#organization"},"potentialAction":[{"@type":"SearchAction","target":{"@type":"EntryPoint","urlTemplate":"https:\/\/b2b.calibereurope.com\/?s={search_term_string}"},"query-input":{"@type":"PropertyValueSpecification","valueRequired":true,"valueName":"search_term_string"}}],"inLanguage":"fr-FR"},{"@type":"Organization","@id":"https:\/\/b2b.calibereurope.com\/#organization","name":"Caliber Europe B.V.","url":"https:\/\/b2b.calibereurope.com\/","logo":{"@type":"ImageObject","inLanguage":"fr-FR","@id":"https:\/\/b2b.calibereurope.com\/#\/schema\/logo\/image\/","url":"https:\/\/b2b.calibereurope.com\/wp-content\/uploads\/2020\/12\/Caliber_Logo-Black.png","contentUrl":"https:\/\/b2b.calibereurope.com\/wp-content\/uploads\/2020\/12\/Caliber_Logo-Black.png","width":3157,"height":356,"caption":"Caliber Europe B.V."},"image":{"@id":"https:\/\/b2b.calibereurope.com\/#\/schema\/logo\/image\/"}}]}},"_links":{"self":[{"href":"https:\/\/b2b.calibereurope.com\/fr\/wp-json\/wp\/v2\/product\/520212","targetHints":{"allow":["GET"]}}],"collection":[{"href":"https:\/\/b2b.calibereurope.com\/fr\/wp-json\/wp\/v2\/product"}],"about":[{"href":"https:\/\/b2b.calibereurope.com\/fr\/wp-json\/wp\/v2\/types\/product"}],"version-history":[{"count":0,"href":"https:\/\/b2b.calibereurope.com\/fr\/wp-json\/wp\/v2\/product\/520212\/revisions"}],"wp:featuredmedia":[{"embeddable":true,"href":"https:\/\/b2b.calibereurope.com\/fr\/wp-json\/wp\/v2\/media\/832803"}],"wp:attachment":[{"href":"https:\/\/b2b.calibereurope.com\/fr\/wp-json\/wp\/v2\/media?parent=520212"}],"wp:term":[{"taxonomy":"product_brand","embeddable":true,"href":"https:\/\/b2b.calibereurope.com\/fr\/wp-json\/wp\/v2\/product_brand?post=520212"},{"taxonomy":"product_cat","embeddable":true,"href":"https:\/\/b2b.calibereurope.com\/fr\/wp-json\/wp\/v2\/product_cat?post=520212"},{"taxonomy":"product_tag","embeddable":true,"href":"https:\/\/b2b.calibereurope.com\/fr\/wp-json\/wp\/v2\/product_tag?post=520212"}],"curies":[{"name":"wp","href":"https:\/\/api.w.org\/{rel}","templated":true}]}}