{"id":520444,"date":"2026-04-07T02:00:00","date_gmt":"2026-04-07T00:00:00","guid":{"rendered":"0"},"modified":"2026-04-07T07:26:32","modified_gmt":"2026-04-07T05:26:32","slug":"HCG019QI-SG-fr_FR","status":"publish","type":"product","link":"https:\/\/b2b.calibereurope.com\/fr\/produit\/HCG019QI-SG-fr_FR\/","title":{"rendered":"R\u00e9veil Num\u00e9rique &#8211; Chargeur Sans Fil Pour T\u00e9l\u00e9phone &#8211; Lumi\u00e8re de R\u00e9veil &#8211; Space Grey (HCG019QI-SG)"},"content":{"rendered":"<p>Le r\u00e9veil num\u00e9rique Caliber HCG019QI-SG est un <strong>r\u00e9veil, une veilleuse et un chargeur tout en un<\/strong>. D\u00e9finissez <strong>2 heures d&#39;alarme<\/strong> pour les jours de semaine et les week-ends. Gr\u00e2ce \u00e0 la <strong>batterie de secours<\/strong>, vous pouvez \u00eatre s\u00fbr que votre alarme se d\u00e9clenchera m\u00eame en cas de coupure de courant. La <strong>fonction \u00ab\u00a0snooze\u00a0\u00bb<\/strong> vous permet de rester au lit plus longtemps sans vous rendormir trop longtemps. Ce r\u00e9veil et chargeur sans fil pour votre t\u00e9l\u00e9phone a <strong>la couleur de l&#39;iPhone Space Grey<\/strong>. Gr\u00e2ce \u00e0 <strong>la lumi\u00e8re de r\u00e9veil r\u00e9glable<\/strong>, vous vous r\u00e9veillerez en vous sentant calme et d\u00e9tendu. <\/p>\n<p><strong>Caract\u00e9ristiques :<\/strong><\/p>\n<ul>\n<li>R\u00e9veil num\u00e9rique avec chargeur <\/li>\n<li>Chargement rapide sans fil gr\u00e2ce \u00e0 la technologie Qi <\/li>\n<li>Chargement \u00e9galement possible via le port USB <\/li>\n<li>M\u00eame couleur que l&#39;iPhone Space Grey <\/li>\n<li>Avec lumi\u00e8re de r\u00e9veil r\u00e9glable <\/li>\n<li>Lumi\u00e8re r\u00e9glable en plusieurs couleurs <\/li>\n<li>Fonction Snooze <\/li>\n<li>Double alarme <\/li>\n<li>Pas de fonction FM <\/li>\n<li>\u00c9cran blanc <\/li>\n<\/ul>\n<h3>Se r\u00e9veiller recharg\u00e9 <\/h3>\n<p>Outre un r\u00e9veil num\u00e9rique, ce r\u00e9veil Caliber est \u00e9galement un chargeur sans fil pour votre t\u00e9l\u00e9phone. Vous pouvez facilement et rapidement charger votre t\u00e9l\u00e9phone sans fil gr\u00e2ce \u00e0 la technologie Qi, en pla\u00e7ant votre t\u00e9l\u00e9phone au sommet de la forme en arc. Votre t\u00e9l\u00e9phone ne prend pas en charge cette technologie de charge sans fil ? Vous pouvez alors \u00e9galement utiliser un chargeur via le port USB. <\/p>\n<h3>R\u00e9veil avec lumi\u00e8re de r\u00e9veil <\/h3>\n<p>Ce chargeur de r\u00e9veil pour t\u00e9l\u00e9phone dispose \u00e9galement d&#39;une lumi\u00e8re de r\u00e9veil. En raison de la forme en arc du r\u00e9veil Caliber, il y a de la place pour une lampe \u00e0 intensit\u00e9 variable. Vous pouvez utiliser cette lampe comme veilleuse et la r\u00e9gler sur diff\u00e9rentes couleurs. Par exemple, choisissez la couleur standard du blanc chaud, optez pour le violet ou essayez une couleur verte !<\/p>\n<h3>Ce r\u00e9veil vous permet d\u2019\u00eatre toujours \u00e0 l&#39;heure <\/h3>\n<p>Avec ce r\u00e9veil num\u00e9rique de Caliber, vous pouvez vous coucher sans craindre de vous dormir trop longtemps. Vous avez une journ\u00e9e importante au travail ou une belle sortie de pr\u00e9vue ? R\u00e9glez deux heures d&#39;alarme et vous pouvez \u00eatre s\u00fbr de ne pas trop dormir. Vous pouvez \u00e9galement utiliser la fonction snooze pratique, afin d&#39;\u00eatre r\u00e9veill\u00e9 par la sonnerie apr\u00e8s un certain temps. Ce r\u00e9veil intelligent ajuste la luminosit\u00e9 des chiffres sur l&#39;\u00e9cran blanc en fonction de l&#39;heure. Si vous vous r\u00e9veillez la nuit et que vous voulez voir l&#39;heure clairement, vous pouvez la rendre plus lumineuse en un clin d&#39;\u0153il.<\/p>\n","protected":false},"excerpt":{"rendered":"<ul>\n<li>R\u00e9veil num\u00e9rique avec chargeur<\/li>\n<li>Chargement rapide sans fil gr\u00e2ce \u00e0 la technologie Qi<\/li>\n<li>Chargement \u00e9galement possible via le port USB<\/li>\n<li>M\u00eame couleur que l&rsquo;iPhone Space Grey<\/li>\n<li>Avec lumi\u00e8re de r\u00e9veil r\u00e9glable<\/li>\n<li>Lumi\u00e8re r\u00e9glable en plusieurs couleurs<\/li>\n<li>Fonction Snooze<\/li>\n<li>Double alarme<\/li>\n<li>Pas de fonction FM<\/li>\n<li>\u00c9cran blanc<\/li>\n<\/ul>\n","protected":false},"featured_media":873100,"template":"","meta":{"_acf_changed":false,"site-sidebar-layout":"default","site-content-layout":"","ast-site-content-layout":"default","site-content-style":"default","site-sidebar-style":"default","ast-global-header-display":"","ast-banner-title-visibility":"","ast-main-header-display":"","ast-hfb-above-header-display":"","ast-hfb-below-header-display":"","ast-hfb-mobile-header-display":"","site-post-title":"","ast-breadcrumbs-content":"","ast-featured-img":"","footer-sml-layout":"","theme-transparent-header-meta":"","adv-header-id-meta":"","stick-header-meta":"","header-above-stick-meta":"","header-main-stick-meta":"","header-below-stick-meta":"","astra-migrate-meta-layouts":"default","ast-page-background-enabled":"default","ast-page-background-meta":{"desktop":{"background-color":"","background-image":"","background-repeat":"repeat","background-position":"center center","background-size":"auto","background-attachment":"scroll","background-type":"","background-media":"","overlay-type":"","overlay-color":"","overlay-opacity":"","overlay-gradient":""},"tablet":{"background-color":"","background-image":"","background-repeat":"repeat","background-position":"center center","background-size":"auto","background-attachment":"scroll","background-type":"","background-media":"","overlay-type":"","overlay-color":"","overlay-opacity":"","overlay-gradient":""},"mobile":{"background-color":"","background-image":"","background-repeat":"repeat","background-position":"center center","background-size":"auto","background-attachment":"scroll","background-type":"","background-media":"","overlay-type":"","overlay-color":"","overlay-opacity":"","overlay-gradient":""}},"ast-content-background-meta":{"desktop":{"background-color":"var(--ast-global-color-5)","background-image":"","background-repeat":"repeat","background-position":"center center","background-size":"auto","background-attachment":"scroll","background-type":"","background-media":"","overlay-type":"","overlay-color":"","overlay-opacity":"","overlay-gradient":""},"tablet":{"background-color":"var(--ast-global-color-5)","background-image":"","background-repeat":"repeat","background-position":"center center","background-size":"auto","background-attachment":"scroll","background-type":"","background-media":"","overlay-type":"","overlay-color":"","overlay-opacity":"","overlay-gradient":""},"mobile":{"background-color":"var(--ast-global-color-5)","background-image":"","background-repeat":"repeat","background-position":"center center","background-size":"auto","background-attachment":"scroll","background-type":"","background-media":"","overlay-type":"","overlay-color":"","overlay-opacity":"","overlay-gradient":""}}},"product_brand":[],"product_cat":[22955],"product_tag":[],"class_list":{"0":"post-520444","1":"product","2":"type-product","3":"status-publish","4":"has-post-thumbnail","6":"product_cat-pas-de-categorie","7":"desktop-align-center","8":"tablet-align-center","9":"mobile-align-center","10":"ast-product-gallery-layout-horizontal","11":"ast-product-tabs-layout-horizontal","13":"first","14":"instock","15":"taxable","16":"shipping-taxable","17":"purchasable","18":"product-type-simple"},"acf":[],"yoast_head":"<!-- This site is optimized with the Yoast SEO plugin v26.5 - https:\/\/yoast.com\/wordpress\/plugins\/seo\/ -->\n<title>R\u00e9veil Num\u00e9rique - Chargeur Sans Fil Pour T\u00e9l\u00e9phone - Lumi\u00e8re de R\u00e9veil - Space Grey (HCG019QI-SG) - Caliber Europe B.V.<\/title>\n<meta name=\"robots\" content=\"noindex, follow, max-snippet:-1, max-image-preview:large, max-video-preview:-1\" \/>\n<meta property=\"og:locale\" content=\"fr_FR\" \/>\n<meta property=\"og:type\" content=\"article\" \/>\n<meta property=\"og:title\" content=\"R\u00e9veil Num\u00e9rique - Chargeur Sans Fil Pour T\u00e9l\u00e9phone - Lumi\u00e8re de R\u00e9veil - Space Grey (HCG019QI-SG) - Caliber Europe B.V.\" \/>\n<meta property=\"og:description\" content=\"R\u00e9veil num\u00e9rique avec chargeurChargement rapide sans fil gr\u00e2ce \u00e0 la technologie QiChargement \u00e9galement possible via le port USBM\u00eame couleur que l&#039;iPhone Space GreyAvec lumi\u00e8re de r\u00e9veil r\u00e9glableLumi\u00e8re r\u00e9glable en plusieurs couleursFonction SnoozeDouble alarmePas de fonction FM\u00c9cran blanc\" \/>\n<meta property=\"og:url\" content=\"https:\/\/b2b.calibereurope.com\/fr\/produit\/hcg019qi-sg-fr_fr\/\" \/>\n<meta property=\"og:site_name\" content=\"Caliber Europe B.V.\" \/>\n<meta property=\"article:modified_time\" content=\"2026-04-07T05:26:32+00:00\" \/>\n<meta property=\"og:image\" content=\"https:\/\/b2b.calibereurope.com\/wp-content\/uploads\/2021\/09\/e12eb7eb9ed6545def2283b51a23522b959f5d67_HCG019Qi_SG_iPhone.jpg\" \/>\n\t<meta property=\"og:image:width\" content=\"1024\" \/>\n\t<meta property=\"og:image:height\" content=\"768\" \/>\n\t<meta property=\"og:image:type\" content=\"image\/jpeg\" \/>\n<meta name=\"twitter:card\" content=\"summary_large_image\" \/>\n<meta name=\"twitter:label1\" content=\"Dur\u00e9e de lecture estim\u00e9e\" \/>\n\t<meta name=\"twitter:data1\" content=\"2 minutes\" \/>\n<script type=\"application\/ld+json\" class=\"yoast-schema-graph\">{\"@context\":\"https:\/\/schema.org\",\"@graph\":[{\"@type\":\"WebPage\",\"@id\":\"https:\/\/b2b.calibereurope.com\/fr\/produit\/hcg019qi-sg-fr_fr\/\",\"url\":\"https:\/\/b2b.calibereurope.com\/fr\/produit\/hcg019qi-sg-fr_fr\/\",\"name\":\"R\u00e9veil Num\u00e9rique - Chargeur Sans Fil Pour T\u00e9l\u00e9phone - Lumi\u00e8re de R\u00e9veil - Space Grey (HCG019QI-SG) - Caliber Europe B.V.\",\"isPartOf\":{\"@id\":\"https:\/\/b2b.calibereurope.com\/#website\"},\"primaryImageOfPage\":{\"@id\":\"https:\/\/b2b.calibereurope.com\/fr\/produit\/hcg019qi-sg-fr_fr\/#primaryimage\"},\"image\":{\"@id\":\"https:\/\/b2b.calibereurope.com\/fr\/produit\/hcg019qi-sg-fr_fr\/#primaryimage\"},\"thumbnailUrl\":\"https:\/\/b2b.calibereurope.com\/wp-content\/uploads\/2026\/04\/0e56d72a5f714c245729df000acc3f10ce6b0028_HCG019QI_PB_Enhanced_Images_SG_07.jpg\",\"datePublished\":\"2026-04-07T00:00:00+00:00\",\"dateModified\":\"2026-04-07T05:26:32+00:00\",\"breadcrumb\":{\"@id\":\"https:\/\/b2b.calibereurope.com\/fr\/produit\/hcg019qi-sg-fr_fr\/#breadcrumb\"},\"inLanguage\":\"fr-FR\",\"potentialAction\":[{\"@type\":\"ReadAction\",\"target\":[\"https:\/\/b2b.calibereurope.com\/fr\/produit\/hcg019qi-sg-fr_fr\/\"]}]},{\"@type\":\"ImageObject\",\"inLanguage\":\"fr-FR\",\"@id\":\"https:\/\/b2b.calibereurope.com\/fr\/produit\/hcg019qi-sg-fr_fr\/#primaryimage\",\"url\":\"https:\/\/b2b.calibereurope.com\/wp-content\/uploads\/2026\/04\/0e56d72a5f714c245729df000acc3f10ce6b0028_HCG019QI_PB_Enhanced_Images_SG_07.jpg\",\"contentUrl\":\"https:\/\/b2b.calibereurope.com\/wp-content\/uploads\/2026\/04\/0e56d72a5f714c245729df000acc3f10ce6b0028_HCG019QI_PB_Enhanced_Images_SG_07.jpg\",\"width\":2500,\"height\":2500},{\"@type\":\"BreadcrumbList\",\"@id\":\"https:\/\/b2b.calibereurope.com\/fr\/produit\/hcg019qi-sg-fr_fr\/#breadcrumb\",\"itemListElement\":[{\"@type\":\"ListItem\",\"position\":1,\"name\":\"Home\",\"item\":\"https:\/\/b2b.calibereurope.com\/fr\/home\/\"},{\"@type\":\"ListItem\",\"position\":2,\"name\":\"Boutique\",\"item\":\"https:\/\/b2b.calibereurope.com\/fr\/boutique\/\"},{\"@type\":\"ListItem\",\"position\":3,\"name\":\"R\u00e9veil avec recharge sans fil &#8211; Space Grey (HCG019QI-SG)\"}]},{\"@type\":\"WebSite\",\"@id\":\"https:\/\/b2b.calibereurope.com\/#website\",\"url\":\"https:\/\/b2b.calibereurope.com\/\",\"name\":\"Caliber Europe B.V.\",\"description\":\"B2B Webshop\",\"publisher\":{\"@id\":\"https:\/\/b2b.calibereurope.com\/#organization\"},\"potentialAction\":[{\"@type\":\"SearchAction\",\"target\":{\"@type\":\"EntryPoint\",\"urlTemplate\":\"https:\/\/b2b.calibereurope.com\/?s={search_term_string}\"},\"query-input\":{\"@type\":\"PropertyValueSpecification\",\"valueRequired\":true,\"valueName\":\"search_term_string\"}}],\"inLanguage\":\"fr-FR\"},{\"@type\":\"Organization\",\"@id\":\"https:\/\/b2b.calibereurope.com\/#organization\",\"name\":\"Caliber Europe B.V.\",\"url\":\"https:\/\/b2b.calibereurope.com\/\",\"logo\":{\"@type\":\"ImageObject\",\"inLanguage\":\"fr-FR\",\"@id\":\"https:\/\/b2b.calibereurope.com\/#\/schema\/logo\/image\/\",\"url\":\"https:\/\/b2b.calibereurope.com\/wp-content\/uploads\/2020\/12\/Caliber_Logo-Black.png\",\"contentUrl\":\"https:\/\/b2b.calibereurope.com\/wp-content\/uploads\/2020\/12\/Caliber_Logo-Black.png\",\"width\":3157,\"height\":356,\"caption\":\"Caliber Europe B.V.\"},\"image\":{\"@id\":\"https:\/\/b2b.calibereurope.com\/#\/schema\/logo\/image\/\"}}]}<\/script>\n<!-- \/ Yoast SEO plugin. -->","yoast_head_json":{"title":"R\u00e9veil Num\u00e9rique - Chargeur Sans Fil Pour T\u00e9l\u00e9phone - Lumi\u00e8re de R\u00e9veil - Space Grey (HCG019QI-SG) - Caliber Europe B.V.","robots":{"index":"noindex","follow":"follow","max-snippet":"max-snippet:-1","max-image-preview":"max-image-preview:large","max-video-preview":"max-video-preview:-1"},"og_locale":"fr_FR","og_type":"article","og_title":"R\u00e9veil Num\u00e9rique - Chargeur Sans Fil Pour T\u00e9l\u00e9phone - Lumi\u00e8re de R\u00e9veil - Space Grey (HCG019QI-SG) - Caliber Europe B.V.","og_description":"R\u00e9veil num\u00e9rique avec chargeurChargement rapide sans fil gr\u00e2ce \u00e0 la technologie QiChargement \u00e9galement possible via le port USBM\u00eame couleur que l'iPhone Space GreyAvec lumi\u00e8re de r\u00e9veil r\u00e9glableLumi\u00e8re r\u00e9glable en plusieurs couleursFonction SnoozeDouble alarmePas de fonction FM\u00c9cran blanc","og_url":"https:\/\/b2b.calibereurope.com\/fr\/produit\/hcg019qi-sg-fr_fr\/","og_site_name":"Caliber Europe B.V.","article_modified_time":"2026-04-07T05:26:32+00:00","og_image":[{"width":1024,"height":768,"url":"https:\/\/b2b.calibereurope.com\/wp-content\/uploads\/2021\/09\/e12eb7eb9ed6545def2283b51a23522b959f5d67_HCG019Qi_SG_iPhone.jpg","type":"image\/jpeg"}],"twitter_card":"summary_large_image","twitter_misc":{"Dur\u00e9e de lecture estim\u00e9e":"2 minutes"},"schema":{"@context":"https:\/\/schema.org","@graph":[{"@type":"WebPage","@id":"https:\/\/b2b.calibereurope.com\/fr\/produit\/hcg019qi-sg-fr_fr\/","url":"https:\/\/b2b.calibereurope.com\/fr\/produit\/hcg019qi-sg-fr_fr\/","name":"R\u00e9veil Num\u00e9rique - Chargeur Sans Fil Pour T\u00e9l\u00e9phone - Lumi\u00e8re de R\u00e9veil - Space Grey (HCG019QI-SG) - Caliber Europe B.V.","isPartOf":{"@id":"https:\/\/b2b.calibereurope.com\/#website"},"primaryImageOfPage":{"@id":"https:\/\/b2b.calibereurope.com\/fr\/produit\/hcg019qi-sg-fr_fr\/#primaryimage"},"image":{"@id":"https:\/\/b2b.calibereurope.com\/fr\/produit\/hcg019qi-sg-fr_fr\/#primaryimage"},"thumbnailUrl":"https:\/\/b2b.calibereurope.com\/wp-content\/uploads\/2026\/04\/0e56d72a5f714c245729df000acc3f10ce6b0028_HCG019QI_PB_Enhanced_Images_SG_07.jpg","datePublished":"2026-04-07T00:00:00+00:00","dateModified":"2026-04-07T05:26:32+00:00","breadcrumb":{"@id":"https:\/\/b2b.calibereurope.com\/fr\/produit\/hcg019qi-sg-fr_fr\/#breadcrumb"},"inLanguage":"fr-FR","potentialAction":[{"@type":"ReadAction","target":["https:\/\/b2b.calibereurope.com\/fr\/produit\/hcg019qi-sg-fr_fr\/"]}]},{"@type":"ImageObject","inLanguage":"fr-FR","@id":"https:\/\/b2b.calibereurope.com\/fr\/produit\/hcg019qi-sg-fr_fr\/#primaryimage","url":"https:\/\/b2b.calibereurope.com\/wp-content\/uploads\/2026\/04\/0e56d72a5f714c245729df000acc3f10ce6b0028_HCG019QI_PB_Enhanced_Images_SG_07.jpg","contentUrl":"https:\/\/b2b.calibereurope.com\/wp-content\/uploads\/2026\/04\/0e56d72a5f714c245729df000acc3f10ce6b0028_HCG019QI_PB_Enhanced_Images_SG_07.jpg","width":2500,"height":2500},{"@type":"BreadcrumbList","@id":"https:\/\/b2b.calibereurope.com\/fr\/produit\/hcg019qi-sg-fr_fr\/#breadcrumb","itemListElement":[{"@type":"ListItem","position":1,"name":"Home","item":"https:\/\/b2b.calibereurope.com\/fr\/home\/"},{"@type":"ListItem","position":2,"name":"Boutique","item":"https:\/\/b2b.calibereurope.com\/fr\/boutique\/"},{"@type":"ListItem","position":3,"name":"R\u00e9veil avec recharge sans fil &#8211; Space Grey (HCG019QI-SG)"}]},{"@type":"WebSite","@id":"https:\/\/b2b.calibereurope.com\/#website","url":"https:\/\/b2b.calibereurope.com\/","name":"Caliber Europe B.V.","description":"B2B Webshop","publisher":{"@id":"https:\/\/b2b.calibereurope.com\/#organization"},"potentialAction":[{"@type":"SearchAction","target":{"@type":"EntryPoint","urlTemplate":"https:\/\/b2b.calibereurope.com\/?s={search_term_string}"},"query-input":{"@type":"PropertyValueSpecification","valueRequired":true,"valueName":"search_term_string"}}],"inLanguage":"fr-FR"},{"@type":"Organization","@id":"https:\/\/b2b.calibereurope.com\/#organization","name":"Caliber Europe B.V.","url":"https:\/\/b2b.calibereurope.com\/","logo":{"@type":"ImageObject","inLanguage":"fr-FR","@id":"https:\/\/b2b.calibereurope.com\/#\/schema\/logo\/image\/","url":"https:\/\/b2b.calibereurope.com\/wp-content\/uploads\/2020\/12\/Caliber_Logo-Black.png","contentUrl":"https:\/\/b2b.calibereurope.com\/wp-content\/uploads\/2020\/12\/Caliber_Logo-Black.png","width":3157,"height":356,"caption":"Caliber Europe B.V."},"image":{"@id":"https:\/\/b2b.calibereurope.com\/#\/schema\/logo\/image\/"}}]}},"_links":{"self":[{"href":"https:\/\/b2b.calibereurope.com\/fr\/wp-json\/wp\/v2\/product\/520444","targetHints":{"allow":["GET"]}}],"collection":[{"href":"https:\/\/b2b.calibereurope.com\/fr\/wp-json\/wp\/v2\/product"}],"about":[{"href":"https:\/\/b2b.calibereurope.com\/fr\/wp-json\/wp\/v2\/types\/product"}],"version-history":[{"count":0,"href":"https:\/\/b2b.calibereurope.com\/fr\/wp-json\/wp\/v2\/product\/520444\/revisions"}],"wp:featuredmedia":[{"embeddable":true,"href":"https:\/\/b2b.calibereurope.com\/fr\/wp-json\/wp\/v2\/media\/873100"}],"wp:attachment":[{"href":"https:\/\/b2b.calibereurope.com\/fr\/wp-json\/wp\/v2\/media?parent=520444"}],"wp:term":[{"taxonomy":"product_brand","embeddable":true,"href":"https:\/\/b2b.calibereurope.com\/fr\/wp-json\/wp\/v2\/product_brand?post=520444"},{"taxonomy":"product_cat","embeddable":true,"href":"https:\/\/b2b.calibereurope.com\/fr\/wp-json\/wp\/v2\/product_cat?post=520444"},{"taxonomy":"product_tag","embeddable":true,"href":"https:\/\/b2b.calibereurope.com\/fr\/wp-json\/wp\/v2\/product_tag?post=520444"}],"curies":[{"name":"wp","href":"https:\/\/api.w.org\/{rel}","templated":true}]}}