{"id":520608,"date":"2026-04-07T00:00:00","date_gmt":"2026-04-07T00:00:00","guid":{"rendered":"0"},"modified":"2026-04-07T07:27:01","modified_gmt":"2026-04-07T05:27:01","slug":"HCG019QI-MG-fr_FR","status":"publish","type":"product","link":"https:\/\/b2b.calibereurope.com\/fr\/produit\/HCG019QI-MG-fr_FR\/","title":{"rendered":"R\u00e9veil Num\u00e9rique avec Chargeur Sans Fil &#8211; Double R\u00e9veil avec Lumi\u00e8re de R\u00e9veil \u2013 Midnight Green (HCG019QI-MG)"},"content":{"rendered":"<p>R\u00e9veillez-vous \u00e0 l&#39;heure chaque matin avec un t\u00e9l\u00e9phone charg\u00e9 gr\u00e2ce au r\u00e9veil num\u00e9rique Caliber HCG019QI-MG avec chargeur sans fil. Le <strong>chargeur sans fil<\/strong> fonctionne gr\u00e2ce \u00e0 la <strong>technologie Qi de charge rapide<\/strong>, et recharge votre t\u00e9l\u00e9phone en un rien de temps. Le r\u00e9veil est \u00e9quip\u00e9 d&#39;une diff\u00e9rentes couleurs <strong>veilleuse<\/strong> qui peut \u00eatre r\u00e9gl\u00e9e en <strong>diff\u00e9rentes couleurs<\/strong>. Le matin, r\u00e9veillez-vous d\u00e9tendu gr\u00e2ce \u00e0 la <strong>lumi\u00e8re de r\u00e9veil<\/strong>. Vous pr\u00e9f\u00e9rez rester au lit un peu plus longtemps ? Utilisez alors la <strong>fonction \u00ab\u00a0snooze\u00a0\u00bb<\/strong>. Vous pouvez d\u00e9finir <strong>deux heures d&#39;alarme<\/strong>, afin que vous et votre partenaire puissiez utiliser le m\u00eame r\u00e9veil. <\/p>\n<p><strong>Caract\u00e9ristiques :<\/strong><\/p>\n<ul>\n<li>Avec chargeur de t\u00e9l\u00e9phone sans fil <\/li>\n<li>Grand \u00e9cran blanc <\/li>\n<li>2 heures d&#39;alarme r\u00e9glables <\/li>\n<li>\u00c9cran \u00e0 intensit\u00e9 variable <\/li>\n<li>Fonction Snooze <\/li>\n<li>Veilleuse en diff\u00e9rentes couleurs <\/li>\n<li>Lumi\u00e8re de r\u00e9veil <\/li>\n<li>Batterie de secours <\/li>\n<li>Couleur : Midnight Green iPhone <\/li>\n<li>Pas de fonction FM <\/li>\n<\/ul>\n<h3>Toujours un t\u00e9l\u00e9phone charg\u00e9 gr\u00e2ce \u00e0 ce r\u00e9veil<\/h3>\n<p>Les probl\u00e8mes de cordons sur votre table de nuit ou de t\u00e9l\u00e9phones vides au r\u00e9veil font partie du pass\u00e9 avec ce r\u00e9veil Caliber tr\u00e8s pratique. Le r\u00e9veil num\u00e9rique est \u00e9quip\u00e9 de la technologie Qi, permettant une recharge sans fil. Il vous suffit de placer votre t\u00e9l\u00e9phone sur le r\u00e9veil pour qu&#39;il commence \u00e0 se charger ! Veuillez noter que tous les t\u00e9l\u00e9phones ne prennent pas en charge la technologie Qi. V\u00e9rifiez donc d&#39;abord si votre t\u00e9l\u00e9phone le prend en charge. Sinon, vous pouvez le charger \u00e0 l&#39;aide d&#39;un c\u00e2ble de charge et du port USB situ\u00e9 \u00e0 l&#39;arri\u00e8re du r\u00e9veil num\u00e9rique. <\/p>\n<h3>Ce r\u00e9veil vous permet de vous r\u00e9veiller frais et dispos<\/h3>\n<p>R\u00e9veillez-vous en vous sentant repos\u00e9 chaque matin, en vous r\u00e9veillant lentement avec la lumi\u00e8re de r\u00e9veil. La lumi\u00e8re douce donne \u00e0 votre corps le temps de se r\u00e9veiller et vos yeux peuvent s&#39;habituer \u00e0 la lumi\u00e8re du jour. Si vous aimez prendre votre temps pour vous lever le matin, vous pouvez \u00e9galement utiliser la fonction \u00ab\u00a0snooze\u00a0\u00bb. Ainsi, vous pourrez vous retourner une derni\u00e8re fois sans arriver en retard au travail. <\/p>\n<h3>R\u00e9veil avec lumi\u00e8re d\u2019ambiance<\/h3>\n<p>Cr\u00e9ez un environnement apaisant chaque nuit avec la veilleuse en choisissant simplement la couleur qui convient \u00e0 votre humeur. Optez pour un rouge romantique, par exemple, ou cr\u00e9ez une atmosph\u00e8re stimulante avec une lumi\u00e8re violette. Gr\u00e2ce \u00e0 ses nombreuses options, le r\u00e9veil num\u00e9rique est un \u00e9l\u00e9ment indispensable dans chaque chambre \u00e0 coucher. <\/p>\n","protected":false},"excerpt":{"rendered":"<ul>\n<li>Avec chargeur de t\u00e9l\u00e9phone sans fil<\/li>\n<li>Grand \u00e9cran blanc<\/li>\n<li>2 heures d&rsquo;alarme r\u00e9glables<\/li>\n<li>\u00c9cran \u00e0 intensit\u00e9 variable<\/li>\n<li>Fonction Snooze<\/li>\n<li>Veilleuse en diff\u00e9rentes couleurs<\/li>\n<li>Lumi\u00e8re de r\u00e9veil<\/li>\n<li>Batterie de secours<\/li>\n<li>Couleur : Midnight Green iPhone<\/li>\n<li>Pas de fonction FM<\/li>\n<\/ul>\n","protected":false},"featured_media":873250,"template":"","meta":{"_acf_changed":false,"site-sidebar-layout":"default","site-content-layout":"","ast-site-content-layout":"default","site-content-style":"default","site-sidebar-style":"default","ast-global-header-display":"","ast-banner-title-visibility":"","ast-main-header-display":"","ast-hfb-above-header-display":"","ast-hfb-below-header-display":"","ast-hfb-mobile-header-display":"","site-post-title":"","ast-breadcrumbs-content":"","ast-featured-img":"","footer-sml-layout":"","theme-transparent-header-meta":"","adv-header-id-meta":"","stick-header-meta":"","header-above-stick-meta":"","header-main-stick-meta":"","header-below-stick-meta":"","astra-migrate-meta-layouts":"default","ast-page-background-enabled":"default","ast-page-background-meta":{"desktop":{"background-color":"","background-image":"","background-repeat":"repeat","background-position":"center center","background-size":"auto","background-attachment":"scroll","background-type":"","background-media":"","overlay-type":"","overlay-color":"","overlay-opacity":"","overlay-gradient":""},"tablet":{"background-color":"","background-image":"","background-repeat":"repeat","background-position":"center center","background-size":"auto","background-attachment":"scroll","background-type":"","background-media":"","overlay-type":"","overlay-color":"","overlay-opacity":"","overlay-gradient":""},"mobile":{"background-color":"","background-image":"","background-repeat":"repeat","background-position":"center center","background-size":"auto","background-attachment":"scroll","background-type":"","background-media":"","overlay-type":"","overlay-color":"","overlay-opacity":"","overlay-gradient":""}},"ast-content-background-meta":{"desktop":{"background-color":"var(--ast-global-color-5)","background-image":"","background-repeat":"repeat","background-position":"center center","background-size":"auto","background-attachment":"scroll","background-type":"","background-media":"","overlay-type":"","overlay-color":"","overlay-opacity":"","overlay-gradient":""},"tablet":{"background-color":"var(--ast-global-color-5)","background-image":"","background-repeat":"repeat","background-position":"center center","background-size":"auto","background-attachment":"scroll","background-type":"","background-media":"","overlay-type":"","overlay-color":"","overlay-opacity":"","overlay-gradient":""},"mobile":{"background-color":"var(--ast-global-color-5)","background-image":"","background-repeat":"repeat","background-position":"center center","background-size":"auto","background-attachment":"scroll","background-type":"","background-media":"","overlay-type":"","overlay-color":"","overlay-opacity":"","overlay-gradient":""}}},"product_brand":[],"product_cat":[12274,12262],"product_tag":[],"class_list":{"0":"post-520608","1":"product","2":"type-product","3":"status-publish","4":"has-post-thumbnail","6":"product_cat-wekker_radios_fr_fr","7":"product_cat-wonen_fr_fr","8":"desktop-align-center","9":"tablet-align-center","10":"mobile-align-center","11":"ast-product-gallery-layout-horizontal","12":"ast-product-gallery-with-no-image","13":"ast-product-tabs-layout-horizontal","15":"first","16":"instock","17":"taxable","18":"shipping-taxable","19":"purchasable","20":"product-type-simple"},"acf":[],"yoast_head":"<!-- This site is optimized with the Yoast SEO plugin v26.5 - https:\/\/yoast.com\/wordpress\/plugins\/seo\/ -->\n<title>R\u00e9veil Num\u00e9rique avec Chargeur Sans Fil - Double R\u00e9veil avec Lumi\u00e8re de R\u00e9veil \u2013 Midnight Green (HCG019QI-MG) - Caliber Europe B.V.<\/title>\n<meta name=\"robots\" content=\"noindex, follow, max-snippet:-1, max-image-preview:large, max-video-preview:-1\" \/>\n<meta property=\"og:locale\" content=\"fr_FR\" \/>\n<meta property=\"og:type\" content=\"article\" \/>\n<meta property=\"og:title\" content=\"R\u00e9veil Num\u00e9rique avec Chargeur Sans Fil - Double R\u00e9veil avec Lumi\u00e8re de R\u00e9veil \u2013 Midnight Green (HCG019QI-MG) - Caliber Europe B.V.\" \/>\n<meta property=\"og:description\" content=\"Avec chargeur de t\u00e9l\u00e9phone sans filGrand \u00e9cran blanc2 heures d&#039;alarme r\u00e9glables\u00c9cran \u00e0 intensit\u00e9 variableFonction SnoozeVeilleuse en diff\u00e9rentes couleursLumi\u00e8re de r\u00e9veilBatterie de secoursCouleur : Midnight Green iPhonePas de fonction FM\" \/>\n<meta property=\"og:url\" content=\"https:\/\/b2b.calibereurope.com\/fr\/produit\/hcg019qi-mg-fr_fr\/\" \/>\n<meta property=\"og:site_name\" content=\"Caliber Europe B.V.\" \/>\n<meta property=\"article:modified_time\" content=\"2026-04-07T05:27:01+00:00\" \/>\n<meta property=\"og:image\" content=\"https:\/\/b2b.calibereurope.com\/wp-content\/uploads\/2021\/09\/d51bd503c2ac7a21fb5a295b2ff6e1842218c91d_HCG019Qi_MG_iPhone.jpg\" \/>\n\t<meta property=\"og:image:width\" content=\"1024\" \/>\n\t<meta property=\"og:image:height\" content=\"768\" \/>\n\t<meta property=\"og:image:type\" content=\"image\/jpeg\" \/>\n<meta name=\"twitter:card\" content=\"summary_large_image\" \/>\n<meta name=\"twitter:label1\" content=\"Dur\u00e9e de lecture estim\u00e9e\" \/>\n\t<meta name=\"twitter:data1\" content=\"2 minutes\" \/>\n<script type=\"application\/ld+json\" class=\"yoast-schema-graph\">{\"@context\":\"https:\/\/schema.org\",\"@graph\":[{\"@type\":\"WebPage\",\"@id\":\"https:\/\/b2b.calibereurope.com\/fr\/produit\/hcg019qi-mg-fr_fr\/\",\"url\":\"https:\/\/b2b.calibereurope.com\/fr\/produit\/hcg019qi-mg-fr_fr\/\",\"name\":\"R\u00e9veil Num\u00e9rique avec Chargeur Sans Fil - Double R\u00e9veil avec Lumi\u00e8re de R\u00e9veil \u2013 Midnight Green (HCG019QI-MG) - Caliber Europe B.V.\",\"isPartOf\":{\"@id\":\"https:\/\/b2b.calibereurope.com\/#website\"},\"primaryImageOfPage\":{\"@id\":\"https:\/\/b2b.calibereurope.com\/fr\/produit\/hcg019qi-mg-fr_fr\/#primaryimage\"},\"image\":{\"@id\":\"https:\/\/b2b.calibereurope.com\/fr\/produit\/hcg019qi-mg-fr_fr\/#primaryimage\"},\"thumbnailUrl\":\"https:\/\/b2b.calibereurope.com\/wp-content\/uploads\/2026\/04\/62d85fcf17edcfdd12eede3c0b38ba0d926f7a6f_HCG019QI_PB_Enhanced_Images_MG_07-2.jpg\",\"datePublished\":\"2026-04-07T00:00:00+00:00\",\"dateModified\":\"2026-04-07T05:27:01+00:00\",\"breadcrumb\":{\"@id\":\"https:\/\/b2b.calibereurope.com\/fr\/produit\/hcg019qi-mg-fr_fr\/#breadcrumb\"},\"inLanguage\":\"fr-FR\",\"potentialAction\":[{\"@type\":\"ReadAction\",\"target\":[\"https:\/\/b2b.calibereurope.com\/fr\/produit\/hcg019qi-mg-fr_fr\/\"]}]},{\"@type\":\"ImageObject\",\"inLanguage\":\"fr-FR\",\"@id\":\"https:\/\/b2b.calibereurope.com\/fr\/produit\/hcg019qi-mg-fr_fr\/#primaryimage\",\"url\":\"https:\/\/b2b.calibereurope.com\/wp-content\/uploads\/2026\/04\/62d85fcf17edcfdd12eede3c0b38ba0d926f7a6f_HCG019QI_PB_Enhanced_Images_MG_07-2.jpg\",\"contentUrl\":\"https:\/\/b2b.calibereurope.com\/wp-content\/uploads\/2026\/04\/62d85fcf17edcfdd12eede3c0b38ba0d926f7a6f_HCG019QI_PB_Enhanced_Images_MG_07-2.jpg\",\"width\":2500,\"height\":2500},{\"@type\":\"BreadcrumbList\",\"@id\":\"https:\/\/b2b.calibereurope.com\/fr\/produit\/hcg019qi-mg-fr_fr\/#breadcrumb\",\"itemListElement\":[{\"@type\":\"ListItem\",\"position\":1,\"name\":\"Home\",\"item\":\"https:\/\/b2b.calibereurope.com\/fr\/home\/\"},{\"@type\":\"ListItem\",\"position\":2,\"name\":\"Boutique\",\"item\":\"https:\/\/b2b.calibereurope.com\/fr\/boutique\/\"},{\"@type\":\"ListItem\",\"position\":3,\"name\":\"R\u00e9veil avec recharge sans fil &#8211; Midnight Green (HCG019QI-MG)\"}]},{\"@type\":\"WebSite\",\"@id\":\"https:\/\/b2b.calibereurope.com\/#website\",\"url\":\"https:\/\/b2b.calibereurope.com\/\",\"name\":\"Caliber Europe B.V.\",\"description\":\"B2B Webshop\",\"publisher\":{\"@id\":\"https:\/\/b2b.calibereurope.com\/#organization\"},\"potentialAction\":[{\"@type\":\"SearchAction\",\"target\":{\"@type\":\"EntryPoint\",\"urlTemplate\":\"https:\/\/b2b.calibereurope.com\/?s={search_term_string}\"},\"query-input\":{\"@type\":\"PropertyValueSpecification\",\"valueRequired\":true,\"valueName\":\"search_term_string\"}}],\"inLanguage\":\"fr-FR\"},{\"@type\":\"Organization\",\"@id\":\"https:\/\/b2b.calibereurope.com\/#organization\",\"name\":\"Caliber Europe B.V.\",\"url\":\"https:\/\/b2b.calibereurope.com\/\",\"logo\":{\"@type\":\"ImageObject\",\"inLanguage\":\"fr-FR\",\"@id\":\"https:\/\/b2b.calibereurope.com\/#\/schema\/logo\/image\/\",\"url\":\"https:\/\/b2b.calibereurope.com\/wp-content\/uploads\/2020\/12\/Caliber_Logo-Black.png\",\"contentUrl\":\"https:\/\/b2b.calibereurope.com\/wp-content\/uploads\/2020\/12\/Caliber_Logo-Black.png\",\"width\":3157,\"height\":356,\"caption\":\"Caliber Europe B.V.\"},\"image\":{\"@id\":\"https:\/\/b2b.calibereurope.com\/#\/schema\/logo\/image\/\"}}]}<\/script>\n<!-- \/ Yoast SEO plugin. -->","yoast_head_json":{"title":"R\u00e9veil Num\u00e9rique avec Chargeur Sans Fil - Double R\u00e9veil avec Lumi\u00e8re de R\u00e9veil \u2013 Midnight Green (HCG019QI-MG) - Caliber Europe B.V.","robots":{"index":"noindex","follow":"follow","max-snippet":"max-snippet:-1","max-image-preview":"max-image-preview:large","max-video-preview":"max-video-preview:-1"},"og_locale":"fr_FR","og_type":"article","og_title":"R\u00e9veil Num\u00e9rique avec Chargeur Sans Fil - Double R\u00e9veil avec Lumi\u00e8re de R\u00e9veil \u2013 Midnight Green (HCG019QI-MG) - Caliber Europe B.V.","og_description":"Avec chargeur de t\u00e9l\u00e9phone sans filGrand \u00e9cran blanc2 heures d'alarme r\u00e9glables\u00c9cran \u00e0 intensit\u00e9 variableFonction SnoozeVeilleuse en diff\u00e9rentes couleursLumi\u00e8re de r\u00e9veilBatterie de secoursCouleur : Midnight Green iPhonePas de fonction FM","og_url":"https:\/\/b2b.calibereurope.com\/fr\/produit\/hcg019qi-mg-fr_fr\/","og_site_name":"Caliber Europe B.V.","article_modified_time":"2026-04-07T05:27:01+00:00","og_image":[{"width":1024,"height":768,"url":"https:\/\/b2b.calibereurope.com\/wp-content\/uploads\/2021\/09\/d51bd503c2ac7a21fb5a295b2ff6e1842218c91d_HCG019Qi_MG_iPhone.jpg","type":"image\/jpeg"}],"twitter_card":"summary_large_image","twitter_misc":{"Dur\u00e9e de lecture estim\u00e9e":"2 minutes"},"schema":{"@context":"https:\/\/schema.org","@graph":[{"@type":"WebPage","@id":"https:\/\/b2b.calibereurope.com\/fr\/produit\/hcg019qi-mg-fr_fr\/","url":"https:\/\/b2b.calibereurope.com\/fr\/produit\/hcg019qi-mg-fr_fr\/","name":"R\u00e9veil Num\u00e9rique avec Chargeur Sans Fil - Double R\u00e9veil avec Lumi\u00e8re de R\u00e9veil \u2013 Midnight Green (HCG019QI-MG) - Caliber Europe B.V.","isPartOf":{"@id":"https:\/\/b2b.calibereurope.com\/#website"},"primaryImageOfPage":{"@id":"https:\/\/b2b.calibereurope.com\/fr\/produit\/hcg019qi-mg-fr_fr\/#primaryimage"},"image":{"@id":"https:\/\/b2b.calibereurope.com\/fr\/produit\/hcg019qi-mg-fr_fr\/#primaryimage"},"thumbnailUrl":"https:\/\/b2b.calibereurope.com\/wp-content\/uploads\/2026\/04\/62d85fcf17edcfdd12eede3c0b38ba0d926f7a6f_HCG019QI_PB_Enhanced_Images_MG_07-2.jpg","datePublished":"2026-04-07T00:00:00+00:00","dateModified":"2026-04-07T05:27:01+00:00","breadcrumb":{"@id":"https:\/\/b2b.calibereurope.com\/fr\/produit\/hcg019qi-mg-fr_fr\/#breadcrumb"},"inLanguage":"fr-FR","potentialAction":[{"@type":"ReadAction","target":["https:\/\/b2b.calibereurope.com\/fr\/produit\/hcg019qi-mg-fr_fr\/"]}]},{"@type":"ImageObject","inLanguage":"fr-FR","@id":"https:\/\/b2b.calibereurope.com\/fr\/produit\/hcg019qi-mg-fr_fr\/#primaryimage","url":"https:\/\/b2b.calibereurope.com\/wp-content\/uploads\/2026\/04\/62d85fcf17edcfdd12eede3c0b38ba0d926f7a6f_HCG019QI_PB_Enhanced_Images_MG_07-2.jpg","contentUrl":"https:\/\/b2b.calibereurope.com\/wp-content\/uploads\/2026\/04\/62d85fcf17edcfdd12eede3c0b38ba0d926f7a6f_HCG019QI_PB_Enhanced_Images_MG_07-2.jpg","width":2500,"height":2500},{"@type":"BreadcrumbList","@id":"https:\/\/b2b.calibereurope.com\/fr\/produit\/hcg019qi-mg-fr_fr\/#breadcrumb","itemListElement":[{"@type":"ListItem","position":1,"name":"Home","item":"https:\/\/b2b.calibereurope.com\/fr\/home\/"},{"@type":"ListItem","position":2,"name":"Boutique","item":"https:\/\/b2b.calibereurope.com\/fr\/boutique\/"},{"@type":"ListItem","position":3,"name":"R\u00e9veil avec recharge sans fil &#8211; Midnight Green (HCG019QI-MG)"}]},{"@type":"WebSite","@id":"https:\/\/b2b.calibereurope.com\/#website","url":"https:\/\/b2b.calibereurope.com\/","name":"Caliber Europe B.V.","description":"B2B Webshop","publisher":{"@id":"https:\/\/b2b.calibereurope.com\/#organization"},"potentialAction":[{"@type":"SearchAction","target":{"@type":"EntryPoint","urlTemplate":"https:\/\/b2b.calibereurope.com\/?s={search_term_string}"},"query-input":{"@type":"PropertyValueSpecification","valueRequired":true,"valueName":"search_term_string"}}],"inLanguage":"fr-FR"},{"@type":"Organization","@id":"https:\/\/b2b.calibereurope.com\/#organization","name":"Caliber Europe B.V.","url":"https:\/\/b2b.calibereurope.com\/","logo":{"@type":"ImageObject","inLanguage":"fr-FR","@id":"https:\/\/b2b.calibereurope.com\/#\/schema\/logo\/image\/","url":"https:\/\/b2b.calibereurope.com\/wp-content\/uploads\/2020\/12\/Caliber_Logo-Black.png","contentUrl":"https:\/\/b2b.calibereurope.com\/wp-content\/uploads\/2020\/12\/Caliber_Logo-Black.png","width":3157,"height":356,"caption":"Caliber Europe B.V."},"image":{"@id":"https:\/\/b2b.calibereurope.com\/#\/schema\/logo\/image\/"}}]}},"_links":{"self":[{"href":"https:\/\/b2b.calibereurope.com\/fr\/wp-json\/wp\/v2\/product\/520608","targetHints":{"allow":["GET"]}}],"collection":[{"href":"https:\/\/b2b.calibereurope.com\/fr\/wp-json\/wp\/v2\/product"}],"about":[{"href":"https:\/\/b2b.calibereurope.com\/fr\/wp-json\/wp\/v2\/types\/product"}],"version-history":[{"count":0,"href":"https:\/\/b2b.calibereurope.com\/fr\/wp-json\/wp\/v2\/product\/520608\/revisions"}],"wp:featuredmedia":[{"embeddable":true,"href":"https:\/\/b2b.calibereurope.com\/fr\/wp-json\/wp\/v2\/media\/873250"}],"wp:attachment":[{"href":"https:\/\/b2b.calibereurope.com\/fr\/wp-json\/wp\/v2\/media?parent=520608"}],"wp:term":[{"taxonomy":"product_brand","embeddable":true,"href":"https:\/\/b2b.calibereurope.com\/fr\/wp-json\/wp\/v2\/product_brand?post=520608"},{"taxonomy":"product_cat","embeddable":true,"href":"https:\/\/b2b.calibereurope.com\/fr\/wp-json\/wp\/v2\/product_cat?post=520608"},{"taxonomy":"product_tag","embeddable":true,"href":"https:\/\/b2b.calibereurope.com\/fr\/wp-json\/wp\/v2\/product_tag?post=520608"}],"curies":[{"name":"wp","href":"https:\/\/api.w.org\/{rel}","templated":true}]}}