{"id":520776,"date":"2026-04-07T02:00:00","date_gmt":"2026-04-07T00:00:00","guid":{"rendered":"0"},"modified":"2026-04-07T07:27:31","modified_gmt":"2026-04-07T05:27:31","slug":"HCG019QI-WA-fr_FR","status":"publish","type":"product","link":"https:\/\/b2b.calibereurope.com\/fr\/produit\/HCG019QI-WA-fr_FR\/","title":{"rendered":"R\u00e9veil Num\u00e9rique avec chargeur sans fil &#8211; Lumi\u00e8re de R\u00e9veil &#8211; Veilleuse &#8211; Chargeur Qi &#8211; Blanc (HCG019QI-WA)"},"content":{"rendered":"<p> Commencez chaque journ\u00e9e avec une batterie de t\u00e9l\u00e9phone pleine gr\u00e2ce au r\u00e9veil num\u00e9rique Caliber HCG019QI-WA avec <strong> chargeur sans fil<\/strong>. Il suffit de placer votre t\u00e9l\u00e9phone sur le r\u00e9veil pour que la charge commence ! Gr\u00e2ce \u00e0 la technologie <strong> Qi intelligente <\/strong> vous disposerez \u00e0 nouveau d&#39;une batterie pleine en un rien de temps. Vous devez toujours r\u00e9veiller votre partenaire ? Cela aussi fait partie du pass\u00e9 gr\u00e2ce \u00e0 la possibilit\u00e9 de r\u00e9gler<strong> deux heures d&#39;alarme <\/strong>. La <strong> lumi\u00e8re de r\u00e9veil <\/strong> vous permet de vous r\u00e9veiller le matin avec une lumi\u00e8re douce. Utilisez la <strong>fonction\u00a0\u00bbsnooze\u00a0\u00bb <\/strong> si vous avez besoin de vous retourner un peu plus dans votre lit. <\/p>\n<p> <strong>Caract\u00e9ristiques :<\/strong> <\/p>\n<ul>\n<li>R\u00e9veil avec chargeur sans fil<\/li>\n<li>Grand \u00e9cran<\/li>\n<li>R\u00e9glable<\/li>\n<li>2 heures d&#39;alarme<\/li>\n<li>Fonction \u00ab\u00a0snooze\u00a0\u00bb<\/li>\n<li>Veilleuse en plusieurs couleurs<\/li>\n<li>Lumi\u00e8re de r\u00e9veil<\/li>\n<li>Batterie de secours<\/li>\n<li>Couleur : iPhone Blanc\n<\/li>\n<\/ul>\n<p> <strong>Attention :<\/strong> Pas de fonction FM <\/p>\n<h3> Un r\u00e9veil avec une batterie toujours pleine <\/h3>\n<p> Votre t\u00e9l\u00e9phone prend en charge la technologie Qi intelligente ? Alors, vous pouvez facilement charger votre t\u00e9l\u00e9phone sans fil avec le chargeur de r\u00e9veil. Il suffit de placer votre t\u00e9l\u00e9phone sur le dessus du r\u00e9veil pour que la charge commence imm\u00e9diatement ! Ainsi, vous ne vous r\u00e9veillerez plus jamais le matin avec un t\u00e9l\u00e9phone vide, mais toujours pr\u00eat pour une nouvelle journ\u00e9e.  <\/p>\n<h3> Ce r\u00e9veil est id\u00e9al pour les couples <\/h3>\n<p> Si vous et votre partenaire vous levez \u00e0 des heures diff\u00e9rentes, ce r\u00e9veil offre une solution pratique. Parce que vous pouvez r\u00e9gler deux heures d&#39;alarme sur le r\u00e9veil num\u00e9rique. Ainsi, vous n&#39;avez besoin que d&#39;un seul r\u00e9veil, ce qui laisse de la place sur la table de nuit pour vos livres pr\u00e9f\u00e9r\u00e9s ou d&#39;autres objets essentiels. Le grand \u00e9cran blanc du r\u00e9veil permet de lire facilement l&#39;heure en mode num\u00e9rique. Dans le cas peu probable d&#39;une panne de courant, la batterie de secours garantit que l&#39;alarme fonctionnera toujours et que les alarmes programm\u00e9es se d\u00e9clencheront. Vous pouvez donc toujours vous endormir en toute s\u00e9r\u00e9nit\u00e9. <\/p>\n<h3> Ambiance suppl\u00e9mentaire dans la chambre \u00e0 coucher <\/h3>\n<p> Ce r\u00e9veil avec chargeur sans fil n&#39;est pas seulement un objet fonctionnel, il ajoute aussi une ambiance suppl\u00e9mentaire \u00e0 votre chambre \u00e0 coucher. La veilleuse peut \u00eatre r\u00e9gl\u00e9e en diff\u00e9rentes couleurs, ce qui vous permet de toujours cr\u00e9er la bonne ambiance. Le matin, vous pouvez vous r\u00e9veiller en toute tranquillit\u00e9 gr\u00e2ce \u00e0 la fonction de r\u00e9veil lumineux. Cela permet d&#39;\u00e9clairer progressivement la lumi\u00e8re avant l&#39;heure du r\u00e9veil, imitant ainsi le lever du soleil. Gr\u00e2ce \u00e0 la lumi\u00e8re douce, vous vous r\u00e9veillez naturellement. <\/p>\n","protected":false},"excerpt":{"rendered":"<ul>\n<li>R\u00e9veil avec chargeur sans fil<\/li>\n<li>Grand \u00e9cran<\/li>\n<li>R\u00e9glable<\/li>\n<li>2 heures d&rsquo;alarme<\/li>\n<li>Fonction \u00ab\u00a0snooze\u00a0\u00bb<\/li>\n<li>Veilleuse en plusieurs couleurs<\/li>\n<li>Lumi\u00e8re de r\u00e9veil<\/li>\n<li>Batterie de secours<\/li>\n<li>Couleur : iPhone Blanc<\/li>\n<\/ul>\n","protected":false},"featured_media":873276,"template":"","meta":{"_acf_changed":false,"site-sidebar-layout":"default","site-content-layout":"","ast-site-content-layout":"default","site-content-style":"default","site-sidebar-style":"default","ast-global-header-display":"","ast-banner-title-visibility":"","ast-main-header-display":"","ast-hfb-above-header-display":"","ast-hfb-below-header-display":"","ast-hfb-mobile-header-display":"","site-post-title":"","ast-breadcrumbs-content":"","ast-featured-img":"","footer-sml-layout":"","theme-transparent-header-meta":"","adv-header-id-meta":"","stick-header-meta":"","header-above-stick-meta":"","header-main-stick-meta":"","header-below-stick-meta":"","astra-migrate-meta-layouts":"default","ast-page-background-enabled":"default","ast-page-background-meta":{"desktop":{"background-color":"","background-image":"","background-repeat":"repeat","background-position":"center center","background-size":"auto","background-attachment":"scroll","background-type":"","background-media":"","overlay-type":"","overlay-color":"","overlay-opacity":"","overlay-gradient":""},"tablet":{"background-color":"","background-image":"","background-repeat":"repeat","background-position":"center center","background-size":"auto","background-attachment":"scroll","background-type":"","background-media":"","overlay-type":"","overlay-color":"","overlay-opacity":"","overlay-gradient":""},"mobile":{"background-color":"","background-image":"","background-repeat":"repeat","background-position":"center center","background-size":"auto","background-attachment":"scroll","background-type":"","background-media":"","overlay-type":"","overlay-color":"","overlay-opacity":"","overlay-gradient":""}},"ast-content-background-meta":{"desktop":{"background-color":"var(--ast-global-color-5)","background-image":"","background-repeat":"repeat","background-position":"center center","background-size":"auto","background-attachment":"scroll","background-type":"","background-media":"","overlay-type":"","overlay-color":"","overlay-opacity":"","overlay-gradient":""},"tablet":{"background-color":"var(--ast-global-color-5)","background-image":"","background-repeat":"repeat","background-position":"center center","background-size":"auto","background-attachment":"scroll","background-type":"","background-media":"","overlay-type":"","overlay-color":"","overlay-opacity":"","overlay-gradient":""},"mobile":{"background-color":"var(--ast-global-color-5)","background-image":"","background-repeat":"repeat","background-position":"center center","background-size":"auto","background-attachment":"scroll","background-type":"","background-media":"","overlay-type":"","overlay-color":"","overlay-opacity":"","overlay-gradient":""}}},"product_brand":[],"product_cat":[12274,12262],"product_tag":[],"class_list":{"0":"post-520776","1":"product","2":"type-product","3":"status-publish","4":"has-post-thumbnail","6":"product_cat-wekker_radios_fr_fr","7":"product_cat-wonen_fr_fr","8":"desktop-align-center","9":"tablet-align-center","10":"mobile-align-center","11":"ast-product-gallery-layout-horizontal","12":"ast-product-gallery-with-no-image","13":"ast-product-tabs-layout-horizontal","15":"first","16":"instock","17":"taxable","18":"shipping-taxable","19":"purchasable","20":"product-type-simple"},"acf":[],"yoast_head":"<!-- This site is optimized with the Yoast SEO plugin v26.5 - https:\/\/yoast.com\/wordpress\/plugins\/seo\/ -->\n<title>R\u00e9veil Num\u00e9rique avec chargeur sans fil - Lumi\u00e8re de R\u00e9veil - Veilleuse - Chargeur Qi - Blanc (HCG019QI-WA) - Caliber Europe B.V.<\/title>\n<meta name=\"robots\" content=\"noindex, follow, max-snippet:-1, max-image-preview:large, max-video-preview:-1\" \/>\n<meta property=\"og:locale\" content=\"fr_FR\" \/>\n<meta property=\"og:type\" content=\"article\" \/>\n<meta property=\"og:title\" content=\"R\u00e9veil Num\u00e9rique avec chargeur sans fil - Lumi\u00e8re de R\u00e9veil - Veilleuse - Chargeur Qi - Blanc (HCG019QI-WA) - Caliber Europe B.V.\" \/>\n<meta property=\"og:description\" content=\"R\u00e9veil avec chargeur sans filGrand \u00e9cranR\u00e9glable2 heures d&#039;alarmeFonction &quot;snooze&quot;Veilleuse en plusieurs couleursLumi\u00e8re de r\u00e9veilBatterie de secoursCouleur : iPhone Blanc\" \/>\n<meta property=\"og:url\" content=\"https:\/\/b2b.calibereurope.com\/fr\/produit\/hcg019qi-wa-fr_fr\/\" \/>\n<meta property=\"og:site_name\" content=\"Caliber Europe B.V.\" \/>\n<meta property=\"article:modified_time\" content=\"2026-04-07T05:27:31+00:00\" \/>\n<meta property=\"og:image\" content=\"https:\/\/b2b.calibereurope.com\/wp-content\/uploads\/2021\/09\/a28e9a4200fefd736123067f6ee56bad95638a38_HCG019Qi_WA_iPhone.jpg\" \/>\n\t<meta property=\"og:image:width\" content=\"1024\" \/>\n\t<meta property=\"og:image:height\" content=\"768\" \/>\n\t<meta property=\"og:image:type\" content=\"image\/jpeg\" \/>\n<meta name=\"twitter:card\" content=\"summary_large_image\" \/>\n<meta name=\"twitter:label1\" content=\"Dur\u00e9e de lecture estim\u00e9e\" \/>\n\t<meta name=\"twitter:data1\" content=\"2 minutes\" \/>\n<script type=\"application\/ld+json\" class=\"yoast-schema-graph\">{\"@context\":\"https:\/\/schema.org\",\"@graph\":[{\"@type\":\"WebPage\",\"@id\":\"https:\/\/b2b.calibereurope.com\/fr\/produit\/hcg019qi-wa-fr_fr\/\",\"url\":\"https:\/\/b2b.calibereurope.com\/fr\/produit\/hcg019qi-wa-fr_fr\/\",\"name\":\"R\u00e9veil Num\u00e9rique avec chargeur sans fil - Lumi\u00e8re de R\u00e9veil - Veilleuse - Chargeur Qi - Blanc (HCG019QI-WA) - Caliber Europe B.V.\",\"isPartOf\":{\"@id\":\"https:\/\/b2b.calibereurope.com\/#website\"},\"primaryImageOfPage\":{\"@id\":\"https:\/\/b2b.calibereurope.com\/fr\/produit\/hcg019qi-wa-fr_fr\/#primaryimage\"},\"image\":{\"@id\":\"https:\/\/b2b.calibereurope.com\/fr\/produit\/hcg019qi-wa-fr_fr\/#primaryimage\"},\"thumbnailUrl\":\"https:\/\/b2b.calibereurope.com\/wp-content\/uploads\/2026\/04\/fd0fd503a2868076f735b229f0ef278f28e9cd23_HCG019QI_PB_Enhanced_Images_WA_07.jpg\",\"datePublished\":\"2026-04-07T00:00:00+00:00\",\"dateModified\":\"2026-04-07T05:27:31+00:00\",\"breadcrumb\":{\"@id\":\"https:\/\/b2b.calibereurope.com\/fr\/produit\/hcg019qi-wa-fr_fr\/#breadcrumb\"},\"inLanguage\":\"fr-FR\",\"potentialAction\":[{\"@type\":\"ReadAction\",\"target\":[\"https:\/\/b2b.calibereurope.com\/fr\/produit\/hcg019qi-wa-fr_fr\/\"]}]},{\"@type\":\"ImageObject\",\"inLanguage\":\"fr-FR\",\"@id\":\"https:\/\/b2b.calibereurope.com\/fr\/produit\/hcg019qi-wa-fr_fr\/#primaryimage\",\"url\":\"https:\/\/b2b.calibereurope.com\/wp-content\/uploads\/2026\/04\/fd0fd503a2868076f735b229f0ef278f28e9cd23_HCG019QI_PB_Enhanced_Images_WA_07.jpg\",\"contentUrl\":\"https:\/\/b2b.calibereurope.com\/wp-content\/uploads\/2026\/04\/fd0fd503a2868076f735b229f0ef278f28e9cd23_HCG019QI_PB_Enhanced_Images_WA_07.jpg\",\"width\":2500,\"height\":2500},{\"@type\":\"BreadcrumbList\",\"@id\":\"https:\/\/b2b.calibereurope.com\/fr\/produit\/hcg019qi-wa-fr_fr\/#breadcrumb\",\"itemListElement\":[{\"@type\":\"ListItem\",\"position\":1,\"name\":\"Home\",\"item\":\"https:\/\/b2b.calibereurope.com\/fr\/home\/\"},{\"@type\":\"ListItem\",\"position\":2,\"name\":\"Boutique\",\"item\":\"https:\/\/b2b.calibereurope.com\/fr\/boutique\/\"},{\"@type\":\"ListItem\",\"position\":3,\"name\":\"R\u00e9veil avec recharge sans fil &#8211; Blanc (HCG019QI-WA)\"}]},{\"@type\":\"WebSite\",\"@id\":\"https:\/\/b2b.calibereurope.com\/#website\",\"url\":\"https:\/\/b2b.calibereurope.com\/\",\"name\":\"Caliber Europe B.V.\",\"description\":\"B2B Webshop\",\"publisher\":{\"@id\":\"https:\/\/b2b.calibereurope.com\/#organization\"},\"potentialAction\":[{\"@type\":\"SearchAction\",\"target\":{\"@type\":\"EntryPoint\",\"urlTemplate\":\"https:\/\/b2b.calibereurope.com\/?s={search_term_string}\"},\"query-input\":{\"@type\":\"PropertyValueSpecification\",\"valueRequired\":true,\"valueName\":\"search_term_string\"}}],\"inLanguage\":\"fr-FR\"},{\"@type\":\"Organization\",\"@id\":\"https:\/\/b2b.calibereurope.com\/#organization\",\"name\":\"Caliber Europe B.V.\",\"url\":\"https:\/\/b2b.calibereurope.com\/\",\"logo\":{\"@type\":\"ImageObject\",\"inLanguage\":\"fr-FR\",\"@id\":\"https:\/\/b2b.calibereurope.com\/#\/schema\/logo\/image\/\",\"url\":\"https:\/\/b2b.calibereurope.com\/wp-content\/uploads\/2020\/12\/Caliber_Logo-Black.png\",\"contentUrl\":\"https:\/\/b2b.calibereurope.com\/wp-content\/uploads\/2020\/12\/Caliber_Logo-Black.png\",\"width\":3157,\"height\":356,\"caption\":\"Caliber Europe B.V.\"},\"image\":{\"@id\":\"https:\/\/b2b.calibereurope.com\/#\/schema\/logo\/image\/\"}}]}<\/script>\n<!-- \/ Yoast SEO plugin. -->","yoast_head_json":{"title":"R\u00e9veil Num\u00e9rique avec chargeur sans fil - Lumi\u00e8re de R\u00e9veil - Veilleuse - Chargeur Qi - Blanc (HCG019QI-WA) - Caliber Europe B.V.","robots":{"index":"noindex","follow":"follow","max-snippet":"max-snippet:-1","max-image-preview":"max-image-preview:large","max-video-preview":"max-video-preview:-1"},"og_locale":"fr_FR","og_type":"article","og_title":"R\u00e9veil Num\u00e9rique avec chargeur sans fil - Lumi\u00e8re de R\u00e9veil - Veilleuse - Chargeur Qi - Blanc (HCG019QI-WA) - Caliber Europe B.V.","og_description":"R\u00e9veil avec chargeur sans filGrand \u00e9cranR\u00e9glable2 heures d'alarmeFonction \"snooze\"Veilleuse en plusieurs couleursLumi\u00e8re de r\u00e9veilBatterie de secoursCouleur : iPhone Blanc","og_url":"https:\/\/b2b.calibereurope.com\/fr\/produit\/hcg019qi-wa-fr_fr\/","og_site_name":"Caliber Europe B.V.","article_modified_time":"2026-04-07T05:27:31+00:00","og_image":[{"width":1024,"height":768,"url":"https:\/\/b2b.calibereurope.com\/wp-content\/uploads\/2021\/09\/a28e9a4200fefd736123067f6ee56bad95638a38_HCG019Qi_WA_iPhone.jpg","type":"image\/jpeg"}],"twitter_card":"summary_large_image","twitter_misc":{"Dur\u00e9e de lecture estim\u00e9e":"2 minutes"},"schema":{"@context":"https:\/\/schema.org","@graph":[{"@type":"WebPage","@id":"https:\/\/b2b.calibereurope.com\/fr\/produit\/hcg019qi-wa-fr_fr\/","url":"https:\/\/b2b.calibereurope.com\/fr\/produit\/hcg019qi-wa-fr_fr\/","name":"R\u00e9veil Num\u00e9rique avec chargeur sans fil - Lumi\u00e8re de R\u00e9veil - Veilleuse - Chargeur Qi - Blanc (HCG019QI-WA) - Caliber Europe B.V.","isPartOf":{"@id":"https:\/\/b2b.calibereurope.com\/#website"},"primaryImageOfPage":{"@id":"https:\/\/b2b.calibereurope.com\/fr\/produit\/hcg019qi-wa-fr_fr\/#primaryimage"},"image":{"@id":"https:\/\/b2b.calibereurope.com\/fr\/produit\/hcg019qi-wa-fr_fr\/#primaryimage"},"thumbnailUrl":"https:\/\/b2b.calibereurope.com\/wp-content\/uploads\/2026\/04\/fd0fd503a2868076f735b229f0ef278f28e9cd23_HCG019QI_PB_Enhanced_Images_WA_07.jpg","datePublished":"2026-04-07T00:00:00+00:00","dateModified":"2026-04-07T05:27:31+00:00","breadcrumb":{"@id":"https:\/\/b2b.calibereurope.com\/fr\/produit\/hcg019qi-wa-fr_fr\/#breadcrumb"},"inLanguage":"fr-FR","potentialAction":[{"@type":"ReadAction","target":["https:\/\/b2b.calibereurope.com\/fr\/produit\/hcg019qi-wa-fr_fr\/"]}]},{"@type":"ImageObject","inLanguage":"fr-FR","@id":"https:\/\/b2b.calibereurope.com\/fr\/produit\/hcg019qi-wa-fr_fr\/#primaryimage","url":"https:\/\/b2b.calibereurope.com\/wp-content\/uploads\/2026\/04\/fd0fd503a2868076f735b229f0ef278f28e9cd23_HCG019QI_PB_Enhanced_Images_WA_07.jpg","contentUrl":"https:\/\/b2b.calibereurope.com\/wp-content\/uploads\/2026\/04\/fd0fd503a2868076f735b229f0ef278f28e9cd23_HCG019QI_PB_Enhanced_Images_WA_07.jpg","width":2500,"height":2500},{"@type":"BreadcrumbList","@id":"https:\/\/b2b.calibereurope.com\/fr\/produit\/hcg019qi-wa-fr_fr\/#breadcrumb","itemListElement":[{"@type":"ListItem","position":1,"name":"Home","item":"https:\/\/b2b.calibereurope.com\/fr\/home\/"},{"@type":"ListItem","position":2,"name":"Boutique","item":"https:\/\/b2b.calibereurope.com\/fr\/boutique\/"},{"@type":"ListItem","position":3,"name":"R\u00e9veil avec recharge sans fil &#8211; Blanc (HCG019QI-WA)"}]},{"@type":"WebSite","@id":"https:\/\/b2b.calibereurope.com\/#website","url":"https:\/\/b2b.calibereurope.com\/","name":"Caliber Europe B.V.","description":"B2B Webshop","publisher":{"@id":"https:\/\/b2b.calibereurope.com\/#organization"},"potentialAction":[{"@type":"SearchAction","target":{"@type":"EntryPoint","urlTemplate":"https:\/\/b2b.calibereurope.com\/?s={search_term_string}"},"query-input":{"@type":"PropertyValueSpecification","valueRequired":true,"valueName":"search_term_string"}}],"inLanguage":"fr-FR"},{"@type":"Organization","@id":"https:\/\/b2b.calibereurope.com\/#organization","name":"Caliber Europe B.V.","url":"https:\/\/b2b.calibereurope.com\/","logo":{"@type":"ImageObject","inLanguage":"fr-FR","@id":"https:\/\/b2b.calibereurope.com\/#\/schema\/logo\/image\/","url":"https:\/\/b2b.calibereurope.com\/wp-content\/uploads\/2020\/12\/Caliber_Logo-Black.png","contentUrl":"https:\/\/b2b.calibereurope.com\/wp-content\/uploads\/2020\/12\/Caliber_Logo-Black.png","width":3157,"height":356,"caption":"Caliber Europe B.V."},"image":{"@id":"https:\/\/b2b.calibereurope.com\/#\/schema\/logo\/image\/"}}]}},"_links":{"self":[{"href":"https:\/\/b2b.calibereurope.com\/fr\/wp-json\/wp\/v2\/product\/520776","targetHints":{"allow":["GET"]}}],"collection":[{"href":"https:\/\/b2b.calibereurope.com\/fr\/wp-json\/wp\/v2\/product"}],"about":[{"href":"https:\/\/b2b.calibereurope.com\/fr\/wp-json\/wp\/v2\/types\/product"}],"version-history":[{"count":0,"href":"https:\/\/b2b.calibereurope.com\/fr\/wp-json\/wp\/v2\/product\/520776\/revisions"}],"wp:featuredmedia":[{"embeddable":true,"href":"https:\/\/b2b.calibereurope.com\/fr\/wp-json\/wp\/v2\/media\/873276"}],"wp:attachment":[{"href":"https:\/\/b2b.calibereurope.com\/fr\/wp-json\/wp\/v2\/media?parent=520776"}],"wp:term":[{"taxonomy":"product_brand","embeddable":true,"href":"https:\/\/b2b.calibereurope.com\/fr\/wp-json\/wp\/v2\/product_brand?post=520776"},{"taxonomy":"product_cat","embeddable":true,"href":"https:\/\/b2b.calibereurope.com\/fr\/wp-json\/wp\/v2\/product_cat?post=520776"},{"taxonomy":"product_tag","embeddable":true,"href":"https:\/\/b2b.calibereurope.com\/fr\/wp-json\/wp\/v2\/product_tag?post=520776"}],"curies":[{"name":"wp","href":"https:\/\/api.w.org\/{rel}","templated":true}]}}