{"id":521208,"date":"2023-06-29T02:00:00","date_gmt":"2023-06-29T00:00:00","guid":{"rendered":""},"modified":"2023-06-29T13:07:18","modified_gmt":"2023-06-29T11:07:18","slug":"HCG023-fr_FR","status":"publish","type":"product","link":"https:\/\/b2b.calibereurope.com\/fr\/produit\/HCG023-fr_FR\/","title":{"rendered":"Radio-R\u00e9veil Num\u00e9rique avec Radio FM &#8211; Temp\u00e9rature et Humidit\u00e9 &#8211; Double Alarme &#8211; Grand \u00e9cran (HCG023)"},"content":{"rendered":"<p>Ce radio-r\u00e9veil num\u00e9rique Caliber HCG023 est un <strong>r\u00e9veil<\/strong>, un <strong>indicateur de temp\u00e9rature et d&#39;humidit\u00e9<\/strong> tout en un. Vous pouvez r\u00e9gler jusqu&#39;\u00e0 <strong>deux heures d&#39;alarme en m\u00eame temps <\/strong>, de sorte que vous et votre partenaire vous r\u00e9veillez tous deux \u00e0 l\u2019heure qui vous convient. Utilisez la <strong>fonction \u00ab\u00a0snooze\u00a0\u00bb<\/strong> pour vous retourner encore une fois en toute tranquillit\u00e9. Le de luminosit\u00e9 <strong>grand \u00e9cran blanc<\/strong> est clairement lisible et peut \u00e9galement <strong>\u00eatre r\u00e9gl\u00e9 sur 3 niveaux<\/strong>, ce qui vous permet de toujours cr\u00e9er la luminosit\u00e9 que vous souhaitez. Pr\u00e9s\u00e9lectionnez jusqu&#39;\u00e0 <strong>10 stations de radio<\/strong> pour toujours vous r\u00e9veiller au son de votre musique pr\u00e9f\u00e9r\u00e9e. <\/p>\n<p><strong>Caract\u00e9ristiques :<\/strong><\/p>\n<ul>\n<li>Radio-r\u00e9veil num\u00e9rique\n<li>Radio FM avec 10 pr\u00e9r\u00e9glages\n<li>Indicateur de temp\u00e9rature et d&#39;humidit\u00e9\n<li>Double alarme\n<li>Grand \u00e9cran blanc\n<li>Fonction \u00ab\u00a0snooze\u00a0\u00bb\n<li>Fonction \u00ab\u00a0snooze\u00a0\u00bb\n<li>R\u00e9glable\n<li>Design extra-plat\n<li>Pile de secours <\/li>\n<\/ul>\n<p><strong>Attention : <\/strong>la pile n&#39;est pas incluse en standard <\/p>\n<h3>Ce radio-r\u00e9veil vous permet de vous r\u00e9veiller comme vous le souhaitez <\/h3>\n<p>Que vous pr\u00e9f\u00e9riez \u00eatre r\u00e9veill\u00e9 par des tubes francophones, votre \u00e9mission d&#39;interview pr\u00e9f\u00e9r\u00e9e ou de la musique classique : c&#39;est vous qui d\u00e9cidez ! Gr\u00e2ce \u00e0 la fonction radio FM de ce r\u00e9veil num\u00e9rique, vous pouvez pr\u00e9r\u00e9gler 10 stations, de sorte que vous pouvez toujours choisir ce que vous voulez entendre. Si le r\u00e9veil est un peu plus difficile, vous pouvez utiliser la fonction \u00ab\u00a0snooze\u00a0\u00bb. Cette dur\u00e9e peut \u00eatre r\u00e9gl\u00e9e de 5 \u00e0 60 minutes. Gr\u00e2ce \u00e0 la fonction de double alarme, vous pouvez r\u00e9gler deux heures d&#39;alarme en m\u00eame temps. <\/p>\n<h3>R\u00e9veil enti\u00e8rement \u00e9quip\u00e9 <\/h3>\n<p>Une pi\u00e8ce trop chaude ou un air tr\u00e8s sec ? \u00c7a ne contribue pas \u00e0 une bonne nuit de sommeil. L\u2019indicateur de temp\u00e9rature et d&#39;humidit\u00e9 int\u00e9gr\u00e9 au radio-r\u00e9veil Caliber offre une solution ! Avec ce r\u00e9veil num\u00e9rique dans votre chambre, vous \u00eates toujours au courant de ces informations et vous pouvez vous assurer une bonne nuit de sommeil <\/p>\n<h3>Radio-r\u00e9veil au design plat<\/h3>\n<p>Le grand \u00e9cran blanc du radio-r\u00e9veil num\u00e9rique permet de lire facilement l&#39;heure ainsi que la temp\u00e9rature et l&#39;humidit\u00e9. Gr\u00e2ce \u00e0 son design extra-plat, le r\u00e9veil prend peu de place. L&#39;affichage est \u00e9galement r\u00e9glable en trois modes, de sorte que les chiffres sont faciles \u00e0 lire \u00e0 la lumi\u00e8re du jour, mais que l&#39;\u00e9cran n&#39;est pas trop lumineux lorsque le reste de la chambre est sombre. Le r\u00e9veil num\u00e9rique comprend une batterie de secours, de sorte que vous pouvez compter sur vos alarmes en cas de coupure de courant inattendue. <\/p>\n","protected":false},"excerpt":{"rendered":"<p>Ce radio-r\u00e9veil num\u00e9rique Caliber HCG023 est un r\u00e9veil, un indicateur de temp\u00e9rature et d&#39;humidit\u00e9 tout en un. Vous pouvez r\u00e9gler jusqu&#39;\u00e0 deux heures d&#39;alarme en m\u00eame temps , de sorte que vous et votre partenaire vous r\u00e9veillez tous deux \u00e0 l\u2019heure qui vous convient. Utilisez la fonction \u00ab\u00a0snooze\u00a0\u00bb pour vous retourner encore une fois en [&hellip;]<\/p>\n","protected":false},"featured_media":827920,"template":"","meta":{"_acf_changed":false,"site-sidebar-layout":"default","site-content-layout":"","ast-site-content-layout":"default","site-content-style":"default","site-sidebar-style":"default","ast-global-header-display":"","ast-banner-title-visibility":"","ast-main-header-display":"","ast-hfb-above-header-display":"","ast-hfb-below-header-display":"","ast-hfb-mobile-header-display":"","site-post-title":"","ast-breadcrumbs-content":"","ast-featured-img":"","footer-sml-layout":"","theme-transparent-header-meta":"","adv-header-id-meta":"","stick-header-meta":"","header-above-stick-meta":"","header-main-stick-meta":"","header-below-stick-meta":"","astra-migrate-meta-layouts":"default","ast-page-background-enabled":"default","ast-page-background-meta":{"desktop":{"background-color":"","background-image":"","background-repeat":"repeat","background-position":"center center","background-size":"auto","background-attachment":"scroll","background-type":"","background-media":"","overlay-type":"","overlay-color":"","overlay-opacity":"","overlay-gradient":""},"tablet":{"background-color":"","background-image":"","background-repeat":"repeat","background-position":"center center","background-size":"auto","background-attachment":"scroll","background-type":"","background-media":"","overlay-type":"","overlay-color":"","overlay-opacity":"","overlay-gradient":""},"mobile":{"background-color":"","background-image":"","background-repeat":"repeat","background-position":"center center","background-size":"auto","background-attachment":"scroll","background-type":"","background-media":"","overlay-type":"","overlay-color":"","overlay-opacity":"","overlay-gradient":""}},"ast-content-background-meta":{"desktop":{"background-color":"var(--ast-global-color-5)","background-image":"","background-repeat":"repeat","background-position":"center center","background-size":"auto","background-attachment":"scroll","background-type":"","background-media":"","overlay-type":"","overlay-color":"","overlay-opacity":"","overlay-gradient":""},"tablet":{"background-color":"var(--ast-global-color-5)","background-image":"","background-repeat":"repeat","background-position":"center center","background-size":"auto","background-attachment":"scroll","background-type":"","background-media":"","overlay-type":"","overlay-color":"","overlay-opacity":"","overlay-gradient":""},"mobile":{"background-color":"var(--ast-global-color-5)","background-image":"","background-repeat":"repeat","background-position":"center center","background-size":"auto","background-attachment":"scroll","background-type":"","background-media":"","overlay-type":"","overlay-color":"","overlay-opacity":"","overlay-gradient":""}}},"product_brand":[],"product_cat":[22955],"product_tag":[],"class_list":{"0":"post-521208","1":"product","2":"type-product","3":"status-publish","4":"has-post-thumbnail","6":"product_cat-pas-de-categorie","7":"desktop-align-center","8":"tablet-align-center","9":"mobile-align-center","10":"ast-product-gallery-layout-horizontal","11":"ast-product-tabs-layout-horizontal","13":"first","14":"outofstock","15":"taxable","16":"shipping-taxable","17":"purchasable","18":"product-type-simple"},"acf":[],"yoast_head":"<!-- This site is optimized with the Yoast SEO plugin v26.5 - https:\/\/yoast.com\/wordpress\/plugins\/seo\/ -->\n<title>Radio-R\u00e9veil Num\u00e9rique avec Radio FM - Temp\u00e9rature et Humidit\u00e9 - Double Alarme - Grand \u00e9cran (HCG023) - Caliber Europe B.V.<\/title>\n<meta name=\"robots\" content=\"noindex, follow, max-snippet:-1, max-image-preview:large, max-video-preview:-1\" \/>\n<meta property=\"og:locale\" content=\"fr_FR\" \/>\n<meta property=\"og:type\" content=\"article\" \/>\n<meta property=\"og:title\" content=\"Radio-R\u00e9veil Num\u00e9rique avec Radio FM - Temp\u00e9rature et Humidit\u00e9 - Double Alarme - Grand \u00e9cran (HCG023) - Caliber Europe B.V.\" \/>\n<meta property=\"og:description\" content=\"Ce radio-r\u00e9veil num\u00e9rique Caliber HCG023 est un r\u00e9veil, un indicateur de temp\u00e9rature et d&#039;humidit\u00e9 tout en un. Vous pouvez r\u00e9gler jusqu&#039;\u00e0 deux heures d&#039;alarme en m\u00eame temps , de sorte que vous et votre partenaire vous r\u00e9veillez tous deux \u00e0 l\u2019heure qui vous convient. Utilisez la fonction \u00ab\u00a0snooze\u00a0\u00bb pour vous retourner encore une fois en [&hellip;]\" \/>\n<meta property=\"og:url\" content=\"https:\/\/b2b.calibereurope.com\/fr\/produit\/hcg023-fr_fr\/\" \/>\n<meta property=\"og:site_name\" content=\"Caliber Europe B.V.\" \/>\n<meta property=\"article:modified_time\" content=\"2023-06-29T11:07:18+00:00\" \/>\n<meta property=\"og:image\" content=\"https:\/\/b2b.calibereurope.com\/wp-content\/uploads\/2021\/11\/c6209e66e7986a3c64b64e1c95e4579b0ccf0ba8_HCG023.jpg\" \/>\n\t<meta property=\"og:image:width\" content=\"1024\" \/>\n\t<meta property=\"og:image:height\" content=\"768\" \/>\n\t<meta property=\"og:image:type\" content=\"image\/jpeg\" \/>\n<meta name=\"twitter:card\" content=\"summary_large_image\" \/>\n<meta name=\"twitter:label1\" content=\"Dur\u00e9e de lecture estim\u00e9e\" \/>\n\t<meta name=\"twitter:data1\" content=\"2 minutes\" \/>\n<script type=\"application\/ld+json\" class=\"yoast-schema-graph\">{\"@context\":\"https:\/\/schema.org\",\"@graph\":[{\"@type\":\"WebPage\",\"@id\":\"https:\/\/b2b.calibereurope.com\/fr\/produit\/hcg023-fr_fr\/\",\"url\":\"https:\/\/b2b.calibereurope.com\/fr\/produit\/hcg023-fr_fr\/\",\"name\":\"Radio-R\u00e9veil Num\u00e9rique avec Radio FM - Temp\u00e9rature et Humidit\u00e9 - Double Alarme - Grand \u00e9cran (HCG023) - Caliber Europe B.V.\",\"isPartOf\":{\"@id\":\"https:\/\/b2b.calibereurope.com\/#website\"},\"primaryImageOfPage\":{\"@id\":\"https:\/\/b2b.calibereurope.com\/fr\/produit\/hcg023-fr_fr\/#primaryimage\"},\"image\":{\"@id\":\"https:\/\/b2b.calibereurope.com\/fr\/produit\/hcg023-fr_fr\/#primaryimage\"},\"thumbnailUrl\":\"https:\/\/b2b.calibereurope.com\/wp-content\/uploads\/2023\/06\/c6209e66e7986a3c64b64e1c95e4579b0ccf0ba8_HCG023.jpg\",\"datePublished\":\"2023-06-29T00:00:00+00:00\",\"dateModified\":\"2023-06-29T11:07:18+00:00\",\"breadcrumb\":{\"@id\":\"https:\/\/b2b.calibereurope.com\/fr\/produit\/hcg023-fr_fr\/#breadcrumb\"},\"inLanguage\":\"fr-FR\",\"potentialAction\":[{\"@type\":\"ReadAction\",\"target\":[\"https:\/\/b2b.calibereurope.com\/fr\/produit\/hcg023-fr_fr\/\"]}]},{\"@type\":\"ImageObject\",\"inLanguage\":\"fr-FR\",\"@id\":\"https:\/\/b2b.calibereurope.com\/fr\/produit\/hcg023-fr_fr\/#primaryimage\",\"url\":\"https:\/\/b2b.calibereurope.com\/wp-content\/uploads\/2023\/06\/c6209e66e7986a3c64b64e1c95e4579b0ccf0ba8_HCG023.jpg\",\"contentUrl\":\"https:\/\/b2b.calibereurope.com\/wp-content\/uploads\/2023\/06\/c6209e66e7986a3c64b64e1c95e4579b0ccf0ba8_HCG023.jpg\",\"width\":1024,\"height\":768},{\"@type\":\"BreadcrumbList\",\"@id\":\"https:\/\/b2b.calibereurope.com\/fr\/produit\/hcg023-fr_fr\/#breadcrumb\",\"itemListElement\":[{\"@type\":\"ListItem\",\"position\":1,\"name\":\"Home\",\"item\":\"https:\/\/b2b.calibereurope.com\/fr\/home\/\"},{\"@type\":\"ListItem\",\"position\":2,\"name\":\"Boutique\",\"item\":\"https:\/\/b2b.calibereurope.com\/fr\/boutique\/\"},{\"@type\":\"ListItem\",\"position\":3,\"name\":\"R\u00e9veil avec radio FM, compteur de temp\u00e9rature et d&rsquo;humidit\u00e9 (HCG023)\"}]},{\"@type\":\"WebSite\",\"@id\":\"https:\/\/b2b.calibereurope.com\/#website\",\"url\":\"https:\/\/b2b.calibereurope.com\/\",\"name\":\"Caliber Europe B.V.\",\"description\":\"B2B Webshop\",\"publisher\":{\"@id\":\"https:\/\/b2b.calibereurope.com\/#organization\"},\"potentialAction\":[{\"@type\":\"SearchAction\",\"target\":{\"@type\":\"EntryPoint\",\"urlTemplate\":\"https:\/\/b2b.calibereurope.com\/?s={search_term_string}\"},\"query-input\":{\"@type\":\"PropertyValueSpecification\",\"valueRequired\":true,\"valueName\":\"search_term_string\"}}],\"inLanguage\":\"fr-FR\"},{\"@type\":\"Organization\",\"@id\":\"https:\/\/b2b.calibereurope.com\/#organization\",\"name\":\"Caliber Europe B.V.\",\"url\":\"https:\/\/b2b.calibereurope.com\/\",\"logo\":{\"@type\":\"ImageObject\",\"inLanguage\":\"fr-FR\",\"@id\":\"https:\/\/b2b.calibereurope.com\/#\/schema\/logo\/image\/\",\"url\":\"https:\/\/b2b.calibereurope.com\/wp-content\/uploads\/2020\/12\/Caliber_Logo-Black.png\",\"contentUrl\":\"https:\/\/b2b.calibereurope.com\/wp-content\/uploads\/2020\/12\/Caliber_Logo-Black.png\",\"width\":3157,\"height\":356,\"caption\":\"Caliber Europe B.V.\"},\"image\":{\"@id\":\"https:\/\/b2b.calibereurope.com\/#\/schema\/logo\/image\/\"}}]}<\/script>\n<!-- \/ Yoast SEO plugin. -->","yoast_head_json":{"title":"Radio-R\u00e9veil Num\u00e9rique avec Radio FM - Temp\u00e9rature et Humidit\u00e9 - Double Alarme - Grand \u00e9cran (HCG023) - Caliber Europe B.V.","robots":{"index":"noindex","follow":"follow","max-snippet":"max-snippet:-1","max-image-preview":"max-image-preview:large","max-video-preview":"max-video-preview:-1"},"og_locale":"fr_FR","og_type":"article","og_title":"Radio-R\u00e9veil Num\u00e9rique avec Radio FM - Temp\u00e9rature et Humidit\u00e9 - Double Alarme - Grand \u00e9cran (HCG023) - Caliber Europe B.V.","og_description":"Ce radio-r\u00e9veil num\u00e9rique Caliber HCG023 est un r\u00e9veil, un indicateur de temp\u00e9rature et d&#39;humidit\u00e9 tout en un. Vous pouvez r\u00e9gler jusqu&#39;\u00e0 deux heures d&#39;alarme en m\u00eame temps , de sorte que vous et votre partenaire vous r\u00e9veillez tous deux \u00e0 l\u2019heure qui vous convient. Utilisez la fonction \u00ab\u00a0snooze\u00a0\u00bb pour vous retourner encore une fois en [&hellip;]","og_url":"https:\/\/b2b.calibereurope.com\/fr\/produit\/hcg023-fr_fr\/","og_site_name":"Caliber Europe B.V.","article_modified_time":"2023-06-29T11:07:18+00:00","og_image":[{"width":1024,"height":768,"url":"https:\/\/b2b.calibereurope.com\/wp-content\/uploads\/2021\/11\/c6209e66e7986a3c64b64e1c95e4579b0ccf0ba8_HCG023.jpg","type":"image\/jpeg"}],"twitter_card":"summary_large_image","twitter_misc":{"Dur\u00e9e de lecture estim\u00e9e":"2 minutes"},"schema":{"@context":"https:\/\/schema.org","@graph":[{"@type":"WebPage","@id":"https:\/\/b2b.calibereurope.com\/fr\/produit\/hcg023-fr_fr\/","url":"https:\/\/b2b.calibereurope.com\/fr\/produit\/hcg023-fr_fr\/","name":"Radio-R\u00e9veil Num\u00e9rique avec Radio FM - Temp\u00e9rature et Humidit\u00e9 - Double Alarme - Grand \u00e9cran (HCG023) - Caliber Europe B.V.","isPartOf":{"@id":"https:\/\/b2b.calibereurope.com\/#website"},"primaryImageOfPage":{"@id":"https:\/\/b2b.calibereurope.com\/fr\/produit\/hcg023-fr_fr\/#primaryimage"},"image":{"@id":"https:\/\/b2b.calibereurope.com\/fr\/produit\/hcg023-fr_fr\/#primaryimage"},"thumbnailUrl":"https:\/\/b2b.calibereurope.com\/wp-content\/uploads\/2023\/06\/c6209e66e7986a3c64b64e1c95e4579b0ccf0ba8_HCG023.jpg","datePublished":"2023-06-29T00:00:00+00:00","dateModified":"2023-06-29T11:07:18+00:00","breadcrumb":{"@id":"https:\/\/b2b.calibereurope.com\/fr\/produit\/hcg023-fr_fr\/#breadcrumb"},"inLanguage":"fr-FR","potentialAction":[{"@type":"ReadAction","target":["https:\/\/b2b.calibereurope.com\/fr\/produit\/hcg023-fr_fr\/"]}]},{"@type":"ImageObject","inLanguage":"fr-FR","@id":"https:\/\/b2b.calibereurope.com\/fr\/produit\/hcg023-fr_fr\/#primaryimage","url":"https:\/\/b2b.calibereurope.com\/wp-content\/uploads\/2023\/06\/c6209e66e7986a3c64b64e1c95e4579b0ccf0ba8_HCG023.jpg","contentUrl":"https:\/\/b2b.calibereurope.com\/wp-content\/uploads\/2023\/06\/c6209e66e7986a3c64b64e1c95e4579b0ccf0ba8_HCG023.jpg","width":1024,"height":768},{"@type":"BreadcrumbList","@id":"https:\/\/b2b.calibereurope.com\/fr\/produit\/hcg023-fr_fr\/#breadcrumb","itemListElement":[{"@type":"ListItem","position":1,"name":"Home","item":"https:\/\/b2b.calibereurope.com\/fr\/home\/"},{"@type":"ListItem","position":2,"name":"Boutique","item":"https:\/\/b2b.calibereurope.com\/fr\/boutique\/"},{"@type":"ListItem","position":3,"name":"R\u00e9veil avec radio FM, compteur de temp\u00e9rature et d&rsquo;humidit\u00e9 (HCG023)"}]},{"@type":"WebSite","@id":"https:\/\/b2b.calibereurope.com\/#website","url":"https:\/\/b2b.calibereurope.com\/","name":"Caliber Europe B.V.","description":"B2B Webshop","publisher":{"@id":"https:\/\/b2b.calibereurope.com\/#organization"},"potentialAction":[{"@type":"SearchAction","target":{"@type":"EntryPoint","urlTemplate":"https:\/\/b2b.calibereurope.com\/?s={search_term_string}"},"query-input":{"@type":"PropertyValueSpecification","valueRequired":true,"valueName":"search_term_string"}}],"inLanguage":"fr-FR"},{"@type":"Organization","@id":"https:\/\/b2b.calibereurope.com\/#organization","name":"Caliber Europe B.V.","url":"https:\/\/b2b.calibereurope.com\/","logo":{"@type":"ImageObject","inLanguage":"fr-FR","@id":"https:\/\/b2b.calibereurope.com\/#\/schema\/logo\/image\/","url":"https:\/\/b2b.calibereurope.com\/wp-content\/uploads\/2020\/12\/Caliber_Logo-Black.png","contentUrl":"https:\/\/b2b.calibereurope.com\/wp-content\/uploads\/2020\/12\/Caliber_Logo-Black.png","width":3157,"height":356,"caption":"Caliber Europe B.V."},"image":{"@id":"https:\/\/b2b.calibereurope.com\/#\/schema\/logo\/image\/"}}]}},"_links":{"self":[{"href":"https:\/\/b2b.calibereurope.com\/fr\/wp-json\/wp\/v2\/product\/521208","targetHints":{"allow":["GET"]}}],"collection":[{"href":"https:\/\/b2b.calibereurope.com\/fr\/wp-json\/wp\/v2\/product"}],"about":[{"href":"https:\/\/b2b.calibereurope.com\/fr\/wp-json\/wp\/v2\/types\/product"}],"version-history":[{"count":0,"href":"https:\/\/b2b.calibereurope.com\/fr\/wp-json\/wp\/v2\/product\/521208\/revisions"}],"wp:featuredmedia":[{"embeddable":true,"href":"https:\/\/b2b.calibereurope.com\/fr\/wp-json\/wp\/v2\/media\/827920"}],"wp:attachment":[{"href":"https:\/\/b2b.calibereurope.com\/fr\/wp-json\/wp\/v2\/media?parent=521208"}],"wp:term":[{"taxonomy":"product_brand","embeddable":true,"href":"https:\/\/b2b.calibereurope.com\/fr\/wp-json\/wp\/v2\/product_brand?post=521208"},{"taxonomy":"product_cat","embeddable":true,"href":"https:\/\/b2b.calibereurope.com\/fr\/wp-json\/wp\/v2\/product_cat?post=521208"},{"taxonomy":"product_tag","embeddable":true,"href":"https:\/\/b2b.calibereurope.com\/fr\/wp-json\/wp\/v2\/product_tag?post=521208"}],"curies":[{"name":"wp","href":"https:\/\/api.w.org\/{rel}","templated":true}]}}