{"id":521308,"date":"2025-02-10T01:00:00","date_gmt":"2025-02-10T00:00:00","guid":{"rendered":""},"modified":"2025-05-15T15:29:17","modified_gmt":"2025-05-15T13:29:17","slug":"RMD031BT-MP-fr_FR","status":"publish","type":"product","link":"https:\/\/b2b.calibereurope.com\/fr\/produit\/RMD031BT-MP-fr_FR\/","title":{"rendered":"R\u00e9cepteur Bluetooth embarqu\u00e9 &#8211; USB, SD et AUX &#8211; Kit mains libres &#8211; Puissance 4 x 55 Watt (RMD031BT-MP)"},"content":{"rendered":"<p> Remplacez votre autoradio par le r\u00e9cepteur Bluetooth Caliber RMD0313BT-MP pour toujours \u00e9couter votre propre musique. Le kit mains libres Bluetooth est tr\u00e8s <strong>facile \u00e0 installer<\/strong>. Il vous suffit de remplacer votre ancien autoradio par ce lecteur multim\u00e9dia au format <strong>1 DIN<\/strong>. Avec le Bluetooth, vous pouvez connecter votre smartphone. De cette fa\u00e7on, vous \u00e9coutez toujours votre propre musique et vous pouvez <strong>t\u00e9l\u00e9phoner<\/strong> en <strong>mains libres<\/strong>. Il est \u00e9galement possible d&#39;utiliser une connexion <strong>USB, SD ou AUX<\/strong>. L&#39;appareil a une <strong>puissance de 4 x 55 watts<\/strong>. Cela vous permet de profiter de la musique de la plus haute qualit\u00e9.<\/p>\n<p><\/p>\n<\/p>\n<p> <strong>Caract\u00e9ristiques :<\/strong> <\/p>\n<ul>\n<li>Lecteur multim\u00e9dia mains libres <\/li>\n<li>Connexion USB <\/li>\n<li>Lecteur de carte SD <\/li>\n<li>Sortie RCA <\/li>\n<li> Entr\u00e9e AUX <\/li>\n<li>Connexion Bluetooth <\/li>\n<li>Format 1 DIN <\/li>\n<li>Puissance 4 x 55 watts <\/li>\n<\/ul>\n<p> <strong>Remarque : <\/strong>Ce lecteur multim\u00e9dia de voiture ne contient pas de FM \/ Radio DAB <!-- p--> <\/p>\n<h3>Bonne qualit\u00e9 musicale <\/h3>\n<p> Le lecteur multim\u00e9dia Bluetooth pour voiture vous permet d&#39;\u00e9couter votre musique pr\u00e9f\u00e9r\u00e9e pendant tous vos trajets. Avec une puissance de 4 x 55 watts, le volume de votre musique est toujours bon. Gr\u00e2ce \u00e0 la sortie RCA, il est \u00e9galement possible de connecter un amplificateur s\u00e9par\u00e9. Cela garantit que vous pouvez jouer toutes vos chansons de choix avec des basses encore meilleures et un volume plus \u00e9lev\u00e9. <\/p>\n<h3>Plusieurs connexions possibles<\/h3>\n<p> Il existe plusieurs mani\u00e8res d&#39;\u00e9couter votre propre musique sur le lecteur multim\u00e9dia. Par exemple, vous pouvez choisir de connecter votre smartphone via Bluetooth. Avec la fonction Bluetooth, il est \u00e9galement possible de passer des appels mains libres, id\u00e9al pour les d\u00e9placements ! Vous pouvez \u00e9galement connecter votre smartphone avec un c\u00e2ble USB. Le r\u00e9cepteur Bluetooth dispose \u00e9galement d&#39;un lecteur de carte SD capable de lire une carte SD avec une m\u00e9moire de 32 Go. De plus, il est possible d&#39;utiliser l&#39;entr\u00e9e AUX avec une connexion mini-jack. <\/p>\n<h3>Facile \u00e0 installer<\/h3>\n<p> Parce que le lecteur multim\u00e9dia Bluetooth a un format standard 1 DIN, il est tr\u00e8s facile \u00e0 installer. Vous aimez \u00e9couter votre propre musique ? Remplacez rapidement votre ancien autoradio par ce lecteur multim\u00e9dia moderne. <\/p>\n","protected":false},"excerpt":{"rendered":"<ul>\n<li>Lecteur multim\u00e9dia mains libres<\/li>\n<li>Connexion USB<\/li>\n<li>Lecteur de carte SD<\/li>\n<li>Sortie RCA<\/li>\n<li>Entr\u00e9e AUX<\/li>\n<li>Connexion Bluetooth<\/li>\n<li>Format 1 DIN<\/li>\n<li>Puissance 4 x 55 watts<\/li>\n<\/ul>\n","protected":false},"featured_media":856071,"template":"","meta":{"_acf_changed":false,"site-sidebar-layout":"default","site-content-layout":"","ast-site-content-layout":"default","site-content-style":"default","site-sidebar-style":"default","ast-global-header-display":"","ast-banner-title-visibility":"","ast-main-header-display":"","ast-hfb-above-header-display":"","ast-hfb-below-header-display":"","ast-hfb-mobile-header-display":"","site-post-title":"","ast-breadcrumbs-content":"","ast-featured-img":"","footer-sml-layout":"","theme-transparent-header-meta":"","adv-header-id-meta":"","stick-header-meta":"","header-above-stick-meta":"","header-main-stick-meta":"","header-below-stick-meta":"","astra-migrate-meta-layouts":"default","ast-page-background-enabled":"default","ast-page-background-meta":{"desktop":{"background-color":"","background-image":"","background-repeat":"repeat","background-position":"center center","background-size":"auto","background-attachment":"scroll","background-type":"","background-media":"","overlay-type":"","overlay-color":"","overlay-opacity":"","overlay-gradient":""},"tablet":{"background-color":"","background-image":"","background-repeat":"repeat","background-position":"center center","background-size":"auto","background-attachment":"scroll","background-type":"","background-media":"","overlay-type":"","overlay-color":"","overlay-opacity":"","overlay-gradient":""},"mobile":{"background-color":"","background-image":"","background-repeat":"repeat","background-position":"center center","background-size":"auto","background-attachment":"scroll","background-type":"","background-media":"","overlay-type":"","overlay-color":"","overlay-opacity":"","overlay-gradient":""}},"ast-content-background-meta":{"desktop":{"background-color":"var(--ast-global-color-5)","background-image":"","background-repeat":"repeat","background-position":"center center","background-size":"auto","background-attachment":"scroll","background-type":"","background-media":"","overlay-type":"","overlay-color":"","overlay-opacity":"","overlay-gradient":""},"tablet":{"background-color":"var(--ast-global-color-5)","background-image":"","background-repeat":"repeat","background-position":"center center","background-size":"auto","background-attachment":"scroll","background-type":"","background-media":"","overlay-type":"","overlay-color":"","overlay-opacity":"","overlay-gradient":""},"mobile":{"background-color":"var(--ast-global-color-5)","background-image":"","background-repeat":"repeat","background-position":"center center","background-size":"auto","background-attachment":"scroll","background-type":"","background-media":"","overlay-type":"","overlay-color":"","overlay-opacity":"","overlay-gradient":""}}},"product_brand":[],"product_cat":[22955],"product_tag":[],"class_list":{"0":"post-521308","1":"product","2":"type-product","3":"status-publish","4":"has-post-thumbnail","6":"product_cat-pas-de-categorie","7":"desktop-align-center","8":"tablet-align-center","9":"mobile-align-center","10":"ast-product-gallery-layout-horizontal","11":"ast-product-tabs-layout-horizontal","13":"first","14":"outofstock","15":"taxable","16":"shipping-taxable","17":"purchasable","18":"product-type-simple"},"acf":[],"yoast_head":"<!-- This site is optimized with the Yoast SEO plugin v26.5 - https:\/\/yoast.com\/wordpress\/plugins\/seo\/ -->\n<title>R\u00e9cepteur Bluetooth embarqu\u00e9 - USB, SD et AUX - Kit mains libres - Puissance 4 x 55 Watt (RMD031BT-MP) - Caliber Europe B.V.<\/title>\n<meta name=\"robots\" content=\"noindex, follow, max-snippet:-1, max-image-preview:large, max-video-preview:-1\" \/>\n<meta property=\"og:locale\" content=\"fr_FR\" \/>\n<meta property=\"og:type\" content=\"article\" \/>\n<meta property=\"og:title\" content=\"R\u00e9cepteur Bluetooth embarqu\u00e9 - USB, SD et AUX - Kit mains libres - Puissance 4 x 55 Watt (RMD031BT-MP) - Caliber Europe B.V.\" \/>\n<meta property=\"og:description\" content=\"Lecteur multim\u00e9dia mains libresConnexion USBLecteur de carte SDSortie RCAEntr\u00e9e AUXConnexion BluetoothFormat 1 DINPuissance 4 x 55 watts\" \/>\n<meta property=\"og:url\" content=\"https:\/\/b2b.calibereurope.com\/fr\/produit\/rmd031bt-mp-fr_fr\/\" \/>\n<meta property=\"og:site_name\" content=\"Caliber Europe B.V.\" \/>\n<meta property=\"article:modified_time\" content=\"2025-05-15T13:29:17+00:00\" \/>\n<meta property=\"og:image\" content=\"http:\/\/b2b.calibereurope.com\/wp-content\/uploads\/2022\/07\/d610e454270097246613a1107275703587f5ac76_RMD031BT_MP.jpg\" \/>\n\t<meta property=\"og:image:width\" content=\"1024\" \/>\n\t<meta property=\"og:image:height\" content=\"768\" \/>\n\t<meta property=\"og:image:type\" content=\"image\/jpeg\" \/>\n<meta name=\"twitter:card\" content=\"summary_large_image\" \/>\n<meta name=\"twitter:label1\" content=\"Dur\u00e9e de lecture estim\u00e9e\" \/>\n\t<meta name=\"twitter:data1\" content=\"1 minute\" \/>\n<script type=\"application\/ld+json\" class=\"yoast-schema-graph\">{\"@context\":\"https:\/\/schema.org\",\"@graph\":[{\"@type\":\"WebPage\",\"@id\":\"https:\/\/b2b.calibereurope.com\/fr\/produit\/rmd031bt-mp-fr_fr\/\",\"url\":\"https:\/\/b2b.calibereurope.com\/fr\/produit\/rmd031bt-mp-fr_fr\/\",\"name\":\"R\u00e9cepteur Bluetooth embarqu\u00e9 - USB, SD et AUX - Kit mains libres - Puissance 4 x 55 Watt (RMD031BT-MP) - Caliber Europe B.V.\",\"isPartOf\":{\"@id\":\"https:\/\/b2b.calibereurope.com\/#website\"},\"primaryImageOfPage\":{\"@id\":\"https:\/\/b2b.calibereurope.com\/fr\/produit\/rmd031bt-mp-fr_fr\/#primaryimage\"},\"image\":{\"@id\":\"https:\/\/b2b.calibereurope.com\/fr\/produit\/rmd031bt-mp-fr_fr\/#primaryimage\"},\"thumbnailUrl\":\"https:\/\/b2b.calibereurope.com\/wp-content\/uploads\/2025\/02\/d610e454270097246613a1107275703587f5ac76_RMD031BT_MP.jpg\",\"datePublished\":\"2025-02-10T00:00:00+00:00\",\"dateModified\":\"2025-05-15T13:29:17+00:00\",\"breadcrumb\":{\"@id\":\"https:\/\/b2b.calibereurope.com\/fr\/produit\/rmd031bt-mp-fr_fr\/#breadcrumb\"},\"inLanguage\":\"fr-FR\",\"potentialAction\":[{\"@type\":\"ReadAction\",\"target\":[\"https:\/\/b2b.calibereurope.com\/fr\/produit\/rmd031bt-mp-fr_fr\/\"]}]},{\"@type\":\"ImageObject\",\"inLanguage\":\"fr-FR\",\"@id\":\"https:\/\/b2b.calibereurope.com\/fr\/produit\/rmd031bt-mp-fr_fr\/#primaryimage\",\"url\":\"https:\/\/b2b.calibereurope.com\/wp-content\/uploads\/2025\/02\/d610e454270097246613a1107275703587f5ac76_RMD031BT_MP.jpg\",\"contentUrl\":\"https:\/\/b2b.calibereurope.com\/wp-content\/uploads\/2025\/02\/d610e454270097246613a1107275703587f5ac76_RMD031BT_MP.jpg\",\"width\":1024,\"height\":768},{\"@type\":\"BreadcrumbList\",\"@id\":\"https:\/\/b2b.calibereurope.com\/fr\/produit\/rmd031bt-mp-fr_fr\/#breadcrumb\",\"itemListElement\":[{\"@type\":\"ListItem\",\"position\":1,\"name\":\"Home\",\"item\":\"https:\/\/b2b.calibereurope.com\/fr\/home\/\"},{\"@type\":\"ListItem\",\"position\":2,\"name\":\"Boutique\",\"item\":\"https:\/\/b2b.calibereurope.com\/fr\/boutique\/\"},{\"@type\":\"ListItem\",\"position\":3,\"name\":\"Autoradio st\u00e9r\u00e9o &#8211; Bluetooth USB SD Noir (RMD031BT-MP)\"}]},{\"@type\":\"WebSite\",\"@id\":\"https:\/\/b2b.calibereurope.com\/#website\",\"url\":\"https:\/\/b2b.calibereurope.com\/\",\"name\":\"Caliber Europe B.V.\",\"description\":\"B2B Webshop\",\"publisher\":{\"@id\":\"https:\/\/b2b.calibereurope.com\/#organization\"},\"potentialAction\":[{\"@type\":\"SearchAction\",\"target\":{\"@type\":\"EntryPoint\",\"urlTemplate\":\"https:\/\/b2b.calibereurope.com\/?s={search_term_string}\"},\"query-input\":{\"@type\":\"PropertyValueSpecification\",\"valueRequired\":true,\"valueName\":\"search_term_string\"}}],\"inLanguage\":\"fr-FR\"},{\"@type\":\"Organization\",\"@id\":\"https:\/\/b2b.calibereurope.com\/#organization\",\"name\":\"Caliber Europe B.V.\",\"url\":\"https:\/\/b2b.calibereurope.com\/\",\"logo\":{\"@type\":\"ImageObject\",\"inLanguage\":\"fr-FR\",\"@id\":\"https:\/\/b2b.calibereurope.com\/#\/schema\/logo\/image\/\",\"url\":\"https:\/\/b2b.calibereurope.com\/wp-content\/uploads\/2020\/12\/Caliber_Logo-Black.png\",\"contentUrl\":\"https:\/\/b2b.calibereurope.com\/wp-content\/uploads\/2020\/12\/Caliber_Logo-Black.png\",\"width\":3157,\"height\":356,\"caption\":\"Caliber Europe B.V.\"},\"image\":{\"@id\":\"https:\/\/b2b.calibereurope.com\/#\/schema\/logo\/image\/\"}}]}<\/script>\n<!-- \/ Yoast SEO plugin. -->","yoast_head_json":{"title":"R\u00e9cepteur Bluetooth embarqu\u00e9 - USB, SD et AUX - Kit mains libres - Puissance 4 x 55 Watt (RMD031BT-MP) - Caliber Europe B.V.","robots":{"index":"noindex","follow":"follow","max-snippet":"max-snippet:-1","max-image-preview":"max-image-preview:large","max-video-preview":"max-video-preview:-1"},"og_locale":"fr_FR","og_type":"article","og_title":"R\u00e9cepteur Bluetooth embarqu\u00e9 - USB, SD et AUX - Kit mains libres - Puissance 4 x 55 Watt (RMD031BT-MP) - Caliber Europe B.V.","og_description":"Lecteur multim\u00e9dia mains libresConnexion USBLecteur de carte SDSortie RCAEntr\u00e9e AUXConnexion BluetoothFormat 1 DINPuissance 4 x 55 watts","og_url":"https:\/\/b2b.calibereurope.com\/fr\/produit\/rmd031bt-mp-fr_fr\/","og_site_name":"Caliber Europe B.V.","article_modified_time":"2025-05-15T13:29:17+00:00","og_image":[{"width":1024,"height":768,"url":"http:\/\/b2b.calibereurope.com\/wp-content\/uploads\/2022\/07\/d610e454270097246613a1107275703587f5ac76_RMD031BT_MP.jpg","type":"image\/jpeg"}],"twitter_card":"summary_large_image","twitter_misc":{"Dur\u00e9e de lecture estim\u00e9e":"1 minute"},"schema":{"@context":"https:\/\/schema.org","@graph":[{"@type":"WebPage","@id":"https:\/\/b2b.calibereurope.com\/fr\/produit\/rmd031bt-mp-fr_fr\/","url":"https:\/\/b2b.calibereurope.com\/fr\/produit\/rmd031bt-mp-fr_fr\/","name":"R\u00e9cepteur Bluetooth embarqu\u00e9 - USB, SD et AUX - Kit mains libres - Puissance 4 x 55 Watt (RMD031BT-MP) - Caliber Europe B.V.","isPartOf":{"@id":"https:\/\/b2b.calibereurope.com\/#website"},"primaryImageOfPage":{"@id":"https:\/\/b2b.calibereurope.com\/fr\/produit\/rmd031bt-mp-fr_fr\/#primaryimage"},"image":{"@id":"https:\/\/b2b.calibereurope.com\/fr\/produit\/rmd031bt-mp-fr_fr\/#primaryimage"},"thumbnailUrl":"https:\/\/b2b.calibereurope.com\/wp-content\/uploads\/2025\/02\/d610e454270097246613a1107275703587f5ac76_RMD031BT_MP.jpg","datePublished":"2025-02-10T00:00:00+00:00","dateModified":"2025-05-15T13:29:17+00:00","breadcrumb":{"@id":"https:\/\/b2b.calibereurope.com\/fr\/produit\/rmd031bt-mp-fr_fr\/#breadcrumb"},"inLanguage":"fr-FR","potentialAction":[{"@type":"ReadAction","target":["https:\/\/b2b.calibereurope.com\/fr\/produit\/rmd031bt-mp-fr_fr\/"]}]},{"@type":"ImageObject","inLanguage":"fr-FR","@id":"https:\/\/b2b.calibereurope.com\/fr\/produit\/rmd031bt-mp-fr_fr\/#primaryimage","url":"https:\/\/b2b.calibereurope.com\/wp-content\/uploads\/2025\/02\/d610e454270097246613a1107275703587f5ac76_RMD031BT_MP.jpg","contentUrl":"https:\/\/b2b.calibereurope.com\/wp-content\/uploads\/2025\/02\/d610e454270097246613a1107275703587f5ac76_RMD031BT_MP.jpg","width":1024,"height":768},{"@type":"BreadcrumbList","@id":"https:\/\/b2b.calibereurope.com\/fr\/produit\/rmd031bt-mp-fr_fr\/#breadcrumb","itemListElement":[{"@type":"ListItem","position":1,"name":"Home","item":"https:\/\/b2b.calibereurope.com\/fr\/home\/"},{"@type":"ListItem","position":2,"name":"Boutique","item":"https:\/\/b2b.calibereurope.com\/fr\/boutique\/"},{"@type":"ListItem","position":3,"name":"Autoradio st\u00e9r\u00e9o &#8211; Bluetooth USB SD Noir (RMD031BT-MP)"}]},{"@type":"WebSite","@id":"https:\/\/b2b.calibereurope.com\/#website","url":"https:\/\/b2b.calibereurope.com\/","name":"Caliber Europe B.V.","description":"B2B Webshop","publisher":{"@id":"https:\/\/b2b.calibereurope.com\/#organization"},"potentialAction":[{"@type":"SearchAction","target":{"@type":"EntryPoint","urlTemplate":"https:\/\/b2b.calibereurope.com\/?s={search_term_string}"},"query-input":{"@type":"PropertyValueSpecification","valueRequired":true,"valueName":"search_term_string"}}],"inLanguage":"fr-FR"},{"@type":"Organization","@id":"https:\/\/b2b.calibereurope.com\/#organization","name":"Caliber Europe B.V.","url":"https:\/\/b2b.calibereurope.com\/","logo":{"@type":"ImageObject","inLanguage":"fr-FR","@id":"https:\/\/b2b.calibereurope.com\/#\/schema\/logo\/image\/","url":"https:\/\/b2b.calibereurope.com\/wp-content\/uploads\/2020\/12\/Caliber_Logo-Black.png","contentUrl":"https:\/\/b2b.calibereurope.com\/wp-content\/uploads\/2020\/12\/Caliber_Logo-Black.png","width":3157,"height":356,"caption":"Caliber Europe B.V."},"image":{"@id":"https:\/\/b2b.calibereurope.com\/#\/schema\/logo\/image\/"}}]}},"_links":{"self":[{"href":"https:\/\/b2b.calibereurope.com\/fr\/wp-json\/wp\/v2\/product\/521308","targetHints":{"allow":["GET"]}}],"collection":[{"href":"https:\/\/b2b.calibereurope.com\/fr\/wp-json\/wp\/v2\/product"}],"about":[{"href":"https:\/\/b2b.calibereurope.com\/fr\/wp-json\/wp\/v2\/types\/product"}],"version-history":[{"count":2,"href":"https:\/\/b2b.calibereurope.com\/fr\/wp-json\/wp\/v2\/product\/521308\/revisions"}],"predecessor-version":[{"id":700266,"href":"https:\/\/b2b.calibereurope.com\/fr\/wp-json\/wp\/v2\/product\/521308\/revisions\/700266"}],"wp:featuredmedia":[{"embeddable":true,"href":"https:\/\/b2b.calibereurope.com\/fr\/wp-json\/wp\/v2\/media\/856071"}],"wp:attachment":[{"href":"https:\/\/b2b.calibereurope.com\/fr\/wp-json\/wp\/v2\/media?parent=521308"}],"wp:term":[{"taxonomy":"product_brand","embeddable":true,"href":"https:\/\/b2b.calibereurope.com\/fr\/wp-json\/wp\/v2\/product_brand?post=521308"},{"taxonomy":"product_cat","embeddable":true,"href":"https:\/\/b2b.calibereurope.com\/fr\/wp-json\/wp\/v2\/product_cat?post=521308"},{"taxonomy":"product_tag","embeddable":true,"href":"https:\/\/b2b.calibereurope.com\/fr\/wp-json\/wp\/v2\/product_tag?post=521308"}],"curies":[{"name":"wp","href":"https:\/\/api.w.org\/{rel}","templated":true}]}}